{"id":35782,"date":"2019-08-24T13:21:52","date_gmt":"2019-08-24T12:21:52","guid":{"rendered":"https:\/\/www.exchange-data.com\/auszeichnungen-und-erfolge\/"},"modified":"2026-03-03T19:12:05","modified_gmt":"2026-03-03T18:12:05","slug":"auszeichnungen-und-erfolge","status":"publish","type":"page","link":"https:\/\/www.exchange-data.com\/de\/auszeichnungen-und-erfolge\/","title":{"rendered":"Auszeichnungen &amp; Erfolge"},"content":{"rendered":"<div id=\"cs-content\" class=\"cs-content\"><\/div>\n","protected":false},"excerpt":{"rendered":"<p>Auszeichnungen &amp; Erfolge ZertifizierungenAuszeichnungen Get Started Kontakt Produkt brosch\u00fcre anfordern Testversion anfordern Ja, ich m\u00f6chte Marketingmitteilungen von EDI per E-Mail erhalten.Nein, ich m\u00f6chte keine Marketingmitteilungen von EDI per E-Mail erhalten. Bitte kreuzen<\/p>\n<a href=\"https:\/\/www.exchange-data.com\/de\/auszeichnungen-und-erfolge\/\" class=\"more-link\">Learn More<\/a>.","protected":false},"author":23,"featured_media":0,"parent":0,"menu_order":0,"comment_status":"closed","ping_status":"closed","template":"template-blank-4.php","meta":{"_acf_changed":false,"inline_featured_image":false,"footnotes":""},"class_list":["post-35782","page","type-page","status-publish","hentry","no-post-thumbnail"],"acf":[],"yoast_head":"<!-- This site is optimized with the Yoast SEO Premium plugin v26.0 (Yoast SEO v26.0) - https:\/\/yoast.com\/wordpress\/plugins\/seo\/ -->\n<title>Auszeichnungen &amp; Erfolge | Exchange Data International<\/title>\n<meta name=\"description\" content=\"Erfahren Sie mehr \u00fcber die Auszeichnungen, Erfolge und internationalen Zertifizierungen, die EDI als vertrauensw\u00fcrdigen Anbieter von Finanzmarktdaten auszeichnen.\" \/>\n<meta name=\"robots\" content=\"index, follow, max-snippet:-1, max-image-preview:large, max-video-preview:-1\" \/>\n<link rel=\"canonical\" href=\"https:\/\/www.exchange-data.com\/de\/auszeichnungen-und-erfolge\/\" \/>\n<meta property=\"og:locale\" content=\"de_DE\" \/>\n<meta property=\"og:type\" content=\"article\" \/>\n<meta property=\"og:title\" content=\"Auszeichnungen und Erfolge - EDI\" \/>\n<meta property=\"og:description\" content=\"Exchange Data International (EDI), der mehrfach preisgekr\u00f6nte Anbieter von Finanzdaten, unterst\u00fctzt die globale Finanzwelt seit 1994 mit hochwertigen Wertpapierreferenzdaten, Corporate Actions und End-of-Day-Pricing-Services bei der Entscheidungsfindung. Das Gesch\u00e4ftsmodell von EDI, anpassbare Datens\u00e4tze mit liberalen Weiterverteilungsrechten zu verkaufen, anstatt starre Datens\u00e4tze zu vermieten, unterscheidet das Unternehmen von anderen Anbietern und bietet den Kunden einen besseren Wert.\" \/>\n<meta property=\"og:url\" content=\"https:\/\/www.exchange-data.com\/de\/auszeichnungen-und-erfolge\/\" \/>\n<meta property=\"og:site_name\" content=\"Exchange Data International\" \/>\n<meta property=\"article:modified_time\" content=\"2026-03-03T18:12:05+00:00\" \/>\n<meta property=\"og:image\" content=\"https:\/\/www.exchange-data.com\/wp-content\/uploads\/2015\/09\/EDI-Post-Featured-Image-700x400-1.png\" \/>\n<meta name=\"twitter:card\" content=\"summary_large_image\" \/>\n<meta name=\"twitter:title\" content=\"Auszeichnungen und Erfolge - EDI\" \/>\n<meta name=\"twitter:description\" content=\"Exchange Data International (EDI), der mehrfach preisgekr\u00f6nte Anbieter von Finanzdaten, unterst\u00fctzt die globale Finanzwelt seit 1994 mit hochwertigen Wertpapierreferenzdaten, Corporate Actions und End-of-Day-Pricing-Services bei der Entscheidungsfindung. Das Gesch\u00e4ftsmodell von EDI, anpassbare Datens\u00e4tze mit liberalen Weiterverteilungsrechten zu verkaufen, anstatt starre Datens\u00e4tze zu vermieten, unterscheidet das Unternehmen von anderen Anbietern und bietet den Kunden einen besseren Wert.\" \/>\n<meta name=\"twitter:image\" content=\"https:\/\/www.exchange-data.com\/wp-content\/uploads\/2015\/09\/EDI-Post-Featured-Image-700x400-1.png\" \/>\n<meta name=\"twitter:site\" content=\"@ExchangeData\" \/>\n<meta name=\"twitter:label1\" content=\"Gesch\u00e4tzte Lesezeit\" \/>\n\t<meta name=\"twitter:data1\" content=\"1\u00a0Minute\" \/>\n<script type=\"application\/ld+json\" class=\"yoast-schema-graph\">{\"@context\":\"https:\/\/schema.org\",\"@graph\":[{\"@type\":\"WebPage\",\"@id\":\"https:\/\/www.exchange-data.com\/de\/auszeichnungen-und-erfolge\/\",\"url\":\"https:\/\/www.exchange-data.com\/de\/auszeichnungen-und-erfolge\/\",\"name\":\"Auszeichnungen &amp; Erfolge | Exchange Data International\",\"isPartOf\":{\"@id\":\"https:\/\/www.exchange-data.com\/de\/#website\"},\"datePublished\":\"2019-08-24T12:21:52+00:00\",\"dateModified\":\"2026-03-03T18:12:05+00:00\",\"description\":\"Erfahren Sie mehr \u00fcber die Auszeichnungen, Erfolge und internationalen Zertifizierungen, die EDI als vertrauensw\u00fcrdigen Anbieter von Finanzmarktdaten auszeichnen.\",\"breadcrumb\":{\"@id\":\"https:\/\/www.exchange-data.com\/de\/auszeichnungen-und-erfolge\/#breadcrumb\"},\"inLanguage\":\"de\",\"potentialAction\":[{\"@type\":\"ReadAction\",\"target\":[\"https:\/\/www.exchange-data.com\/de\/auszeichnungen-und-erfolge\/\"]}]},{\"@type\":\"BreadcrumbList\",\"@id\":\"https:\/\/www.exchange-data.com\/de\/auszeichnungen-und-erfolge\/#breadcrumb\",\"itemListElement\":[{\"@type\":\"ListItem\",\"position\":1,\"name\":\"Home\",\"item\":\"https:\/\/www.exchange-data.com\/de\/startseite\/\"},{\"@type\":\"ListItem\",\"position\":2,\"name\":\"Auszeichnungen &amp; Erfolge\"}]},{\"@type\":\"WebSite\",\"@id\":\"https:\/\/www.exchange-data.com\/de\/#website\",\"url\":\"https:\/\/www.exchange-data.com\/de\/\",\"name\":\"Exchange Data International\",\"description\":\"Doing data differently\",\"publisher\":{\"@id\":\"https:\/\/www.exchange-data.com\/de\/#organization\"},\"potentialAction\":[{\"@type\":\"SearchAction\",\"target\":{\"@type\":\"EntryPoint\",\"urlTemplate\":\"https:\/\/www.exchange-data.com\/de\/?s={search_term_string}\"},\"query-input\":{\"@type\":\"PropertyValueSpecification\",\"valueRequired\":true,\"valueName\":\"search_term_string\"}}],\"inLanguage\":\"de\"},{\"@type\":\"Organization\",\"@id\":\"https:\/\/www.exchange-data.com\/de\/#organization\",\"name\":\"Exchange Data International\",\"url\":\"https:\/\/www.exchange-data.com\/de\/\",\"logo\":{\"@type\":\"ImageObject\",\"inLanguage\":\"de\",\"@id\":\"https:\/\/www.exchange-data.com\/de\/#\/schema\/logo\/image\/\",\"url\":\"https:\/\/www.exchange-data.com\/wp-content\/uploads\/2019\/03\/logo3.png\",\"contentUrl\":\"https:\/\/www.exchange-data.com\/wp-content\/uploads\/2019\/03\/logo3.png\",\"width\":200,\"height\":80,\"caption\":\"Exchange Data International\"},\"image\":{\"@id\":\"https:\/\/www.exchange-data.com\/de\/#\/schema\/logo\/image\/\"},\"sameAs\":[\"https:\/\/x.com\/ExchangeData\",\"https:\/\/www.linkedin.com\/company\/exchange-data-international\/?viewAsMember=true\",\"https:\/\/www.youtube.com\/channel\/UC5D1OpUb22YZANRLD_Ktcgg?view_as=subscriber\"]}]}<\/script>\n<!-- \/ Yoast SEO Premium plugin. -->","yoast_head_json":{"title":"Auszeichnungen &amp; Erfolge | Exchange Data International","description":"Erfahren Sie mehr \u00fcber die Auszeichnungen, Erfolge und internationalen Zertifizierungen, die EDI als vertrauensw\u00fcrdigen Anbieter von Finanzmarktdaten auszeichnen.","robots":{"index":"index","follow":"follow","max-snippet":"max-snippet:-1","max-image-preview":"max-image-preview:large","max-video-preview":"max-video-preview:-1"},"canonical":"https:\/\/www.exchange-data.com\/de\/auszeichnungen-und-erfolge\/","og_locale":"de_DE","og_type":"article","og_title":"Auszeichnungen und Erfolge - EDI","og_description":"Exchange Data International (EDI), der mehrfach preisgekr\u00f6nte Anbieter von Finanzdaten, unterst\u00fctzt die globale Finanzwelt seit 1994 mit hochwertigen Wertpapierreferenzdaten, Corporate Actions und End-of-Day-Pricing-Services bei der Entscheidungsfindung. Das Gesch\u00e4ftsmodell von EDI, anpassbare Datens\u00e4tze mit liberalen Weiterverteilungsrechten zu verkaufen, anstatt starre Datens\u00e4tze zu vermieten, unterscheidet das Unternehmen von anderen Anbietern und bietet den Kunden einen besseren Wert.","og_url":"https:\/\/www.exchange-data.com\/de\/auszeichnungen-und-erfolge\/","og_site_name":"Exchange Data International","article_modified_time":"2026-03-03T18:12:05+00:00","og_image":[{"url":"https:\/\/www.exchange-data.com\/wp-content\/uploads\/2015\/09\/EDI-Post-Featured-Image-700x400-1.png","type":"","width":"","height":""}],"twitter_card":"summary_large_image","twitter_title":"Auszeichnungen und Erfolge - EDI","twitter_description":"Exchange Data International (EDI), der mehrfach preisgekr\u00f6nte Anbieter von Finanzdaten, unterst\u00fctzt die globale Finanzwelt seit 1994 mit hochwertigen Wertpapierreferenzdaten, Corporate Actions und End-of-Day-Pricing-Services bei der Entscheidungsfindung. Das Gesch\u00e4ftsmodell von EDI, anpassbare Datens\u00e4tze mit liberalen Weiterverteilungsrechten zu verkaufen, anstatt starre Datens\u00e4tze zu vermieten, unterscheidet das Unternehmen von anderen Anbietern und bietet den Kunden einen besseren Wert.","twitter_image":"https:\/\/www.exchange-data.com\/wp-content\/uploads\/2015\/09\/EDI-Post-Featured-Image-700x400-1.png","twitter_site":"@ExchangeData","twitter_misc":{"Gesch\u00e4tzte Lesezeit":"1\u00a0Minute"},"schema":{"@context":"https:\/\/schema.org","@graph":[{"@type":"WebPage","@id":"https:\/\/www.exchange-data.com\/de\/auszeichnungen-und-erfolge\/","url":"https:\/\/www.exchange-data.com\/de\/auszeichnungen-und-erfolge\/","name":"Auszeichnungen &amp; Erfolge | Exchange Data International","isPartOf":{"@id":"https:\/\/www.exchange-data.com\/de\/#website"},"datePublished":"2019-08-24T12:21:52+00:00","dateModified":"2026-03-03T18:12:05+00:00","description":"Erfahren Sie mehr \u00fcber die Auszeichnungen, Erfolge und internationalen Zertifizierungen, die EDI als vertrauensw\u00fcrdigen Anbieter von Finanzmarktdaten auszeichnen.","breadcrumb":{"@id":"https:\/\/www.exchange-data.com\/de\/auszeichnungen-und-erfolge\/#breadcrumb"},"inLanguage":"de","potentialAction":[{"@type":"ReadAction","target":["https:\/\/www.exchange-data.com\/de\/auszeichnungen-und-erfolge\/"]}]},{"@type":"BreadcrumbList","@id":"https:\/\/www.exchange-data.com\/de\/auszeichnungen-und-erfolge\/#breadcrumb","itemListElement":[{"@type":"ListItem","position":1,"name":"Home","item":"https:\/\/www.exchange-data.com\/de\/startseite\/"},{"@type":"ListItem","position":2,"name":"Auszeichnungen &amp; Erfolge"}]},{"@type":"WebSite","@id":"https:\/\/www.exchange-data.com\/de\/#website","url":"https:\/\/www.exchange-data.com\/de\/","name":"Exchange Data International","description":"Doing data differently","publisher":{"@id":"https:\/\/www.exchange-data.com\/de\/#organization"},"potentialAction":[{"@type":"SearchAction","target":{"@type":"EntryPoint","urlTemplate":"https:\/\/www.exchange-data.com\/de\/?s={search_term_string}"},"query-input":{"@type":"PropertyValueSpecification","valueRequired":true,"valueName":"search_term_string"}}],"inLanguage":"de"},{"@type":"Organization","@id":"https:\/\/www.exchange-data.com\/de\/#organization","name":"Exchange Data International","url":"https:\/\/www.exchange-data.com\/de\/","logo":{"@type":"ImageObject","inLanguage":"de","@id":"https:\/\/www.exchange-data.com\/de\/#\/schema\/logo\/image\/","url":"https:\/\/www.exchange-data.com\/wp-content\/uploads\/2019\/03\/logo3.png","contentUrl":"https:\/\/www.exchange-data.com\/wp-content\/uploads\/2019\/03\/logo3.png","width":200,"height":80,"caption":"Exchange Data International"},"image":{"@id":"https:\/\/www.exchange-data.com\/de\/#\/schema\/logo\/image\/"},"sameAs":["https:\/\/x.com\/ExchangeData","https:\/\/www.linkedin.com\/company\/exchange-data-international\/?viewAsMember=true","https:\/\/www.youtube.com\/channel\/UC5D1OpUb22YZANRLD_Ktcgg?view_as=subscriber"]}]}},"_links":{"self":[{"href":"https:\/\/www.exchange-data.com\/de\/wp-json\/wp\/v2\/pages\/35782","targetHints":{"allow":["GET"]}}],"collection":[{"href":"https:\/\/www.exchange-data.com\/de\/wp-json\/wp\/v2\/pages"}],"about":[{"href":"https:\/\/www.exchange-data.com\/de\/wp-json\/wp\/v2\/types\/page"}],"author":[{"embeddable":true,"href":"https:\/\/www.exchange-data.com\/de\/wp-json\/wp\/v2\/users\/23"}],"replies":[{"embeddable":true,"href":"https:\/\/www.exchange-data.com\/de\/wp-json\/wp\/v2\/comments?post=35782"}],"version-history":[{"count":0,"href":"https:\/\/www.exchange-data.com\/de\/wp-json\/wp\/v2\/pages\/35782\/revisions"}],"wp:attachment":[{"href":"https:\/\/www.exchange-data.com\/de\/wp-json\/wp\/v2\/media?parent=35782"}],"curies":[{"name":"wp","href":"https:\/\/api.w.org\/{rel}","templated":true}]}}