{"id":35783,"date":"2019-03-09T08:21:16","date_gmt":"2019-03-09T07:21:16","guid":{"rendered":"https:\/\/www.exchange-data.com\/karriere\/"},"modified":"2025-08-13T06:11:11","modified_gmt":"2025-08-13T05:11:11","slug":"karriere","status":"publish","type":"page","link":"https:\/\/www.exchange-data.com\/de\/karriere\/","title":{"rendered":"Karriere"},"content":{"rendered":"<div id=\"cs-content\" class=\"cs-content\"><\/div>\n","protected":false},"excerpt":{"rendered":"<p>Karriere Wir sind immer auf der Suche nach erfahrenen und talentierten Teammitgliedern. Wenn Sie an einer Karriere bei EDI interessiert sind, senden Sie uns bitte Ihren Lebenslauf. &#x25b8;\u00dcbersetzer:inTranslatorStellenbeschreibung Position: \u00dcbersetzer:in Anstellungsart: Festanstellung<\/p>\n<a href=\"https:\/\/www.exchange-data.com\/de\/karriere\/\" class=\"more-link\">Learn More<\/a>.","protected":false},"author":23,"featured_media":34153,"parent":0,"menu_order":0,"comment_status":"closed","ping_status":"closed","template":"template-blank-4.php","meta":{"_acf_changed":false,"inline_featured_image":false,"footnotes":""},"class_list":["post-35783","page","type-page","status-publish","has-post-thumbnail","hentry"],"acf":[],"yoast_head":"<!-- This site is optimized with the Yoast SEO Premium plugin v26.0 (Yoast SEO v26.0) - https:\/\/yoast.com\/wordpress\/plugins\/seo\/ -->\n<title>Karriere | Exchange Data International<\/title>\n<meta name=\"description\" content=\"Werden Sie Teil von EDI: Spannende Jobs im Bereich \u00dcbersetzung &amp; Datenmanagement \u2013 inklusive F\u00fchrungspositionen. Jetzt informieren und bewerben!\" \/>\n<meta name=\"robots\" content=\"index, follow, max-snippet:-1, max-image-preview:large, max-video-preview:-1\" \/>\n<link rel=\"canonical\" href=\"https:\/\/www.exchange-data.com\/de\/karriere\/\" \/>\n<meta property=\"og:locale\" content=\"de_DE\" \/>\n<meta property=\"og:type\" content=\"article\" \/>\n<meta property=\"og:title\" content=\"Karriere - EDI\" \/>\n<meta property=\"og:description\" content=\"Seit 1994 unterst\u00fctzt Exchange Data International (EDI) die globale Finanzwelt mit hochwertigen Wertpapierreferenzdaten, Corporate Actions und End-of-Day-Pricing-Services bei der Entscheidungsfindung. Das Gesch\u00e4ftsmodell von EDI, anpassbare Datens\u00e4tze zu verkaufen, die alle wichtigen M\u00e4rkte abdecken, anstatt feste Datens\u00e4tze zu vermieten, unterscheidet das Unternehmen von anderen Anbietern und bietet seinen Kunden einen besseren Wert.\" \/>\n<meta property=\"og:url\" content=\"https:\/\/www.exchange-data.com\/de\/karriere\/\" \/>\n<meta property=\"og:site_name\" content=\"Exchange Data International\" \/>\n<meta property=\"article:modified_time\" content=\"2025-08-13T05:11:11+00:00\" \/>\n<meta property=\"og:image\" content=\"https:\/\/www.exchange-data.com\/wp-content\/uploads\/2015\/09\/EDI-Post-Featured-Image-700x400-1.png\" \/>\n<meta name=\"twitter:card\" content=\"summary_large_image\" \/>\n<meta name=\"twitter:title\" content=\"Karriere - EDI\" \/>\n<meta name=\"twitter:description\" content=\"Seit 1994 unterst\u00fctzt Exchange Data International (EDI) die globale Finanzwelt mit hochwertigen Wertpapierreferenzdaten, Corporate Actions und End-of-Day-Pricing-Services bei der Entscheidungsfindung. Das Gesch\u00e4ftsmodell von EDI, anpassbare Datens\u00e4tze zu verkaufen, die alle wichtigen M\u00e4rkte abdecken, anstatt feste Datens\u00e4tze zu vermieten, unterscheidet das Unternehmen von anderen Anbietern und bietet seinen Kunden einen besseren Wert.\" \/>\n<meta name=\"twitter:image\" content=\"https:\/\/www.exchange-data.com\/wp-content\/uploads\/2015\/09\/EDI-Post-Featured-Image-700x400-1.png\" \/>\n<meta name=\"twitter:site\" content=\"@ExchangeData\" \/>\n<meta name=\"twitter:label1\" content=\"Gesch\u00e4tzte Lesezeit\" \/>\n\t<meta name=\"twitter:data1\" content=\"1\u00a0Minute\" \/>\n<script type=\"application\/ld+json\" class=\"yoast-schema-graph\">{\"@context\":\"https:\/\/schema.org\",\"@graph\":[{\"@type\":\"WebPage\",\"@id\":\"https:\/\/www.exchange-data.com\/de\/karriere\/\",\"url\":\"https:\/\/www.exchange-data.com\/de\/karriere\/\",\"name\":\"Karriere | Exchange Data International\",\"isPartOf\":{\"@id\":\"https:\/\/www.exchange-data.com\/de\/#website\"},\"primaryImageOfPage\":{\"@id\":\"https:\/\/www.exchange-data.com\/de\/karriere\/#primaryimage\"},\"image\":{\"@id\":\"https:\/\/www.exchange-data.com\/de\/karriere\/#primaryimage\"},\"thumbnailUrl\":\"https:\/\/www.exchange-data.com\/wp-content\/uploads\/2015\/09\/EDI-Post-Featured-Image-700x400-1.png\",\"datePublished\":\"2019-03-09T07:21:16+00:00\",\"dateModified\":\"2025-08-13T05:11:11+00:00\",\"description\":\"Werden Sie Teil von EDI: Spannende Jobs im Bereich \u00dcbersetzung & Datenmanagement \u2013 inklusive F\u00fchrungspositionen. Jetzt informieren und bewerben!\",\"breadcrumb\":{\"@id\":\"https:\/\/www.exchange-data.com\/de\/karriere\/#breadcrumb\"},\"inLanguage\":\"de\",\"potentialAction\":[{\"@type\":\"ReadAction\",\"target\":[\"https:\/\/www.exchange-data.com\/de\/karriere\/\"]}]},{\"@type\":\"ImageObject\",\"inLanguage\":\"de\",\"@id\":\"https:\/\/www.exchange-data.com\/de\/karriere\/#primaryimage\",\"url\":\"https:\/\/www.exchange-data.com\/wp-content\/uploads\/2015\/09\/EDI-Post-Featured-Image-700x400-1.png\",\"contentUrl\":\"https:\/\/www.exchange-data.com\/wp-content\/uploads\/2015\/09\/EDI-Post-Featured-Image-700x400-1.png\",\"width\":700,\"height\":400,\"caption\":\"Exchange Data International\"},{\"@type\":\"BreadcrumbList\",\"@id\":\"https:\/\/www.exchange-data.com\/de\/karriere\/#breadcrumb\",\"itemListElement\":[{\"@type\":\"ListItem\",\"position\":1,\"name\":\"Home\",\"item\":\"https:\/\/www.exchange-data.com\/de\/startseite\/\"},{\"@type\":\"ListItem\",\"position\":2,\"name\":\"Karriere\"}]},{\"@type\":\"WebSite\",\"@id\":\"https:\/\/www.exchange-data.com\/de\/#website\",\"url\":\"https:\/\/www.exchange-data.com\/de\/\",\"name\":\"Exchange Data International\",\"description\":\"Doing data differently\",\"publisher\":{\"@id\":\"https:\/\/www.exchange-data.com\/de\/#organization\"},\"potentialAction\":[{\"@type\":\"SearchAction\",\"target\":{\"@type\":\"EntryPoint\",\"urlTemplate\":\"https:\/\/www.exchange-data.com\/de\/?s={search_term_string}\"},\"query-input\":{\"@type\":\"PropertyValueSpecification\",\"valueRequired\":true,\"valueName\":\"search_term_string\"}}],\"inLanguage\":\"de\"},{\"@type\":\"Organization\",\"@id\":\"https:\/\/www.exchange-data.com\/de\/#organization\",\"name\":\"Exchange Data International\",\"url\":\"https:\/\/www.exchange-data.com\/de\/\",\"logo\":{\"@type\":\"ImageObject\",\"inLanguage\":\"de\",\"@id\":\"https:\/\/www.exchange-data.com\/de\/#\/schema\/logo\/image\/\",\"url\":\"https:\/\/www.exchange-data.com\/wp-content\/uploads\/2019\/03\/logo3.png\",\"contentUrl\":\"https:\/\/www.exchange-data.com\/wp-content\/uploads\/2019\/03\/logo3.png\",\"width\":200,\"height\":80,\"caption\":\"Exchange Data International\"},\"image\":{\"@id\":\"https:\/\/www.exchange-data.com\/de\/#\/schema\/logo\/image\/\"},\"sameAs\":[\"https:\/\/x.com\/ExchangeData\",\"https:\/\/www.linkedin.com\/company\/exchange-data-international\/?viewAsMember=true\",\"https:\/\/www.youtube.com\/channel\/UC5D1OpUb22YZANRLD_Ktcgg?view_as=subscriber\"]}]}<\/script>\n<!-- \/ Yoast SEO Premium plugin. -->","yoast_head_json":{"title":"Karriere | Exchange Data International","description":"Werden Sie Teil von EDI: Spannende Jobs im Bereich \u00dcbersetzung & Datenmanagement \u2013 inklusive F\u00fchrungspositionen. Jetzt informieren und bewerben!","robots":{"index":"index","follow":"follow","max-snippet":"max-snippet:-1","max-image-preview":"max-image-preview:large","max-video-preview":"max-video-preview:-1"},"canonical":"https:\/\/www.exchange-data.com\/de\/karriere\/","og_locale":"de_DE","og_type":"article","og_title":"Karriere - EDI","og_description":"Seit 1994 unterst\u00fctzt Exchange Data International (EDI) die globale Finanzwelt mit hochwertigen Wertpapierreferenzdaten, Corporate Actions und End-of-Day-Pricing-Services bei der Entscheidungsfindung. Das Gesch\u00e4ftsmodell von EDI, anpassbare Datens\u00e4tze zu verkaufen, die alle wichtigen M\u00e4rkte abdecken, anstatt feste Datens\u00e4tze zu vermieten, unterscheidet das Unternehmen von anderen Anbietern und bietet seinen Kunden einen besseren Wert.","og_url":"https:\/\/www.exchange-data.com\/de\/karriere\/","og_site_name":"Exchange Data International","article_modified_time":"2025-08-13T05:11:11+00:00","og_image":[{"url":"https:\/\/www.exchange-data.com\/wp-content\/uploads\/2015\/09\/EDI-Post-Featured-Image-700x400-1.png","type":"","width":"","height":""}],"twitter_card":"summary_large_image","twitter_title":"Karriere - EDI","twitter_description":"Seit 1994 unterst\u00fctzt Exchange Data International (EDI) die globale Finanzwelt mit hochwertigen Wertpapierreferenzdaten, Corporate Actions und End-of-Day-Pricing-Services bei der Entscheidungsfindung. Das Gesch\u00e4ftsmodell von EDI, anpassbare Datens\u00e4tze zu verkaufen, die alle wichtigen M\u00e4rkte abdecken, anstatt feste Datens\u00e4tze zu vermieten, unterscheidet das Unternehmen von anderen Anbietern und bietet seinen Kunden einen besseren Wert.","twitter_image":"https:\/\/www.exchange-data.com\/wp-content\/uploads\/2015\/09\/EDI-Post-Featured-Image-700x400-1.png","twitter_site":"@ExchangeData","twitter_misc":{"Gesch\u00e4tzte Lesezeit":"1\u00a0Minute"},"schema":{"@context":"https:\/\/schema.org","@graph":[{"@type":"WebPage","@id":"https:\/\/www.exchange-data.com\/de\/karriere\/","url":"https:\/\/www.exchange-data.com\/de\/karriere\/","name":"Karriere | Exchange Data International","isPartOf":{"@id":"https:\/\/www.exchange-data.com\/de\/#website"},"primaryImageOfPage":{"@id":"https:\/\/www.exchange-data.com\/de\/karriere\/#primaryimage"},"image":{"@id":"https:\/\/www.exchange-data.com\/de\/karriere\/#primaryimage"},"thumbnailUrl":"https:\/\/www.exchange-data.com\/wp-content\/uploads\/2015\/09\/EDI-Post-Featured-Image-700x400-1.png","datePublished":"2019-03-09T07:21:16+00:00","dateModified":"2025-08-13T05:11:11+00:00","description":"Werden Sie Teil von EDI: Spannende Jobs im Bereich \u00dcbersetzung & Datenmanagement \u2013 inklusive F\u00fchrungspositionen. Jetzt informieren und bewerben!","breadcrumb":{"@id":"https:\/\/www.exchange-data.com\/de\/karriere\/#breadcrumb"},"inLanguage":"de","potentialAction":[{"@type":"ReadAction","target":["https:\/\/www.exchange-data.com\/de\/karriere\/"]}]},{"@type":"ImageObject","inLanguage":"de","@id":"https:\/\/www.exchange-data.com\/de\/karriere\/#primaryimage","url":"https:\/\/www.exchange-data.com\/wp-content\/uploads\/2015\/09\/EDI-Post-Featured-Image-700x400-1.png","contentUrl":"https:\/\/www.exchange-data.com\/wp-content\/uploads\/2015\/09\/EDI-Post-Featured-Image-700x400-1.png","width":700,"height":400,"caption":"Exchange Data International"},{"@type":"BreadcrumbList","@id":"https:\/\/www.exchange-data.com\/de\/karriere\/#breadcrumb","itemListElement":[{"@type":"ListItem","position":1,"name":"Home","item":"https:\/\/www.exchange-data.com\/de\/startseite\/"},{"@type":"ListItem","position":2,"name":"Karriere"}]},{"@type":"WebSite","@id":"https:\/\/www.exchange-data.com\/de\/#website","url":"https:\/\/www.exchange-data.com\/de\/","name":"Exchange Data International","description":"Doing data differently","publisher":{"@id":"https:\/\/www.exchange-data.com\/de\/#organization"},"potentialAction":[{"@type":"SearchAction","target":{"@type":"EntryPoint","urlTemplate":"https:\/\/www.exchange-data.com\/de\/?s={search_term_string}"},"query-input":{"@type":"PropertyValueSpecification","valueRequired":true,"valueName":"search_term_string"}}],"inLanguage":"de"},{"@type":"Organization","@id":"https:\/\/www.exchange-data.com\/de\/#organization","name":"Exchange Data International","url":"https:\/\/www.exchange-data.com\/de\/","logo":{"@type":"ImageObject","inLanguage":"de","@id":"https:\/\/www.exchange-data.com\/de\/#\/schema\/logo\/image\/","url":"https:\/\/www.exchange-data.com\/wp-content\/uploads\/2019\/03\/logo3.png","contentUrl":"https:\/\/www.exchange-data.com\/wp-content\/uploads\/2019\/03\/logo3.png","width":200,"height":80,"caption":"Exchange Data International"},"image":{"@id":"https:\/\/www.exchange-data.com\/de\/#\/schema\/logo\/image\/"},"sameAs":["https:\/\/x.com\/ExchangeData","https:\/\/www.linkedin.com\/company\/exchange-data-international\/?viewAsMember=true","https:\/\/www.youtube.com\/channel\/UC5D1OpUb22YZANRLD_Ktcgg?view_as=subscriber"]}]}},"_links":{"self":[{"href":"https:\/\/www.exchange-data.com\/de\/wp-json\/wp\/v2\/pages\/35783","targetHints":{"allow":["GET"]}}],"collection":[{"href":"https:\/\/www.exchange-data.com\/de\/wp-json\/wp\/v2\/pages"}],"about":[{"href":"https:\/\/www.exchange-data.com\/de\/wp-json\/wp\/v2\/types\/page"}],"author":[{"embeddable":true,"href":"https:\/\/www.exchange-data.com\/de\/wp-json\/wp\/v2\/users\/23"}],"replies":[{"embeddable":true,"href":"https:\/\/www.exchange-data.com\/de\/wp-json\/wp\/v2\/comments?post=35783"}],"version-history":[{"count":0,"href":"https:\/\/www.exchange-data.com\/de\/wp-json\/wp\/v2\/pages\/35783\/revisions"}],"wp:featuredmedia":[{"embeddable":true,"href":"https:\/\/www.exchange-data.com\/de\/wp-json\/wp\/v2\/media\/34153"}],"wp:attachment":[{"href":"https:\/\/www.exchange-data.com\/de\/wp-json\/wp\/v2\/media?parent=35783"}],"curies":[{"name":"wp","href":"https:\/\/api.w.org\/{rel}","templated":true}]}}