{"id":35785,"date":"2023-05-23T19:36:33","date_gmt":"2023-05-23T18:36:33","guid":{"rendered":"https:\/\/www.exchange-data.com\/konkurrenzfaehige-preisgestaltung\/"},"modified":"2025-05-05T13:43:34","modified_gmt":"2025-05-05T12:43:34","slug":"konkurrenzfaehige-preisgestaltung","status":"publish","type":"page","link":"https:\/\/www.exchange-data.com\/de\/konkurrenzfaehige-preisgestaltung\/","title":{"rendered":"Konkurrenzf\u00e4hige Preisgestaltung"},"content":{"rendered":"<div id=\"cs-content\" class=\"cs-content\"><\/div>\n","protected":false},"excerpt":{"rendered":"<p>Konkurrenzf\u00e4hige Preisgestaltung Mit EDI zahlen Sie nur f\u00fcr die Marktdaten, die Sie ben\u00f6tigen.EDI konzentriert sich auf die Bereitstellung qualitativ hochwertiger Daten durch flexible Lizenzierung und wettbewerbsf\u00e4hige Preise. Unabh\u00e4ngig davon, wie lange Sie<\/p>\n<a href=\"https:\/\/www.exchange-data.com\/de\/konkurrenzfaehige-preisgestaltung\/\" class=\"more-link\">Learn More<\/a>.","protected":false},"author":6,"featured_media":0,"parent":0,"menu_order":0,"comment_status":"closed","ping_status":"closed","template":"template-blank-4.php","meta":{"_acf_changed":false,"inline_featured_image":false,"footnotes":""},"class_list":["post-35785","page","type-page","status-publish","hentry","no-post-thumbnail"],"acf":[],"yoast_head":"<!-- This site is optimized with the Yoast SEO Premium plugin v26.0 (Yoast SEO v26.0) - https:\/\/yoast.com\/wordpress\/plugins\/seo\/ -->\n<title>Konkurrenzf\u00e4hige Finanzdaten Preisgestaltung | Exchange Data International<\/title>\n<meta name=\"description\" content=\"EDI - wettbewerbsf\u00e4hige Preisgestaltung | EDI konzentriert sich auf die Bereitstellung qualitativ hochwertiger Daten durch flexible Lizenzierung und wettbewerbsf\u00e4hige Preise. | Kontaktieren Sie uns\" \/>\n<meta name=\"robots\" content=\"index, follow, max-snippet:-1, max-image-preview:large, max-video-preview:-1\" \/>\n<link rel=\"canonical\" href=\"https:\/\/www.exchange-data.com\/de\/konkurrenzfaehige-preisgestaltung\/\" \/>\n<meta property=\"og:locale\" content=\"de_DE\" \/>\n<meta property=\"og:type\" content=\"article\" \/>\n<meta property=\"og:title\" content=\"Konkurrenzf\u00e4hige Preisgestaltung | Exchange Data International\" \/>\n<meta property=\"og:description\" content=\"EDI - wettbewerbsf\u00e4hige Preisgestaltung | EDI konzentriert sich auf die Bereitstellung qualitativ hochwertiger Daten durch flexible Lizenzierung und wettbewerbsf\u00e4hige Preise. | Kontaktieren Sie uns\" \/>\n<meta property=\"og:url\" content=\"https:\/\/www.exchange-data.com\/de\/konkurrenzfaehige-preisgestaltung\/\" \/>\n<meta property=\"og:site_name\" content=\"Exchange Data International\" \/>\n<meta property=\"article:modified_time\" content=\"2025-05-05T12:43:34+00:00\" \/>\n<meta name=\"twitter:card\" content=\"summary_large_image\" \/>\n<meta name=\"twitter:site\" content=\"@ExchangeData\" \/>\n<meta name=\"twitter:label1\" content=\"Gesch\u00e4tzte Lesezeit\" \/>\n\t<meta name=\"twitter:data1\" content=\"3\u00a0Minuten\" \/>\n<script type=\"application\/ld+json\" class=\"yoast-schema-graph\">{\"@context\":\"https:\/\/schema.org\",\"@graph\":[{\"@type\":\"WebPage\",\"@id\":\"https:\/\/www.exchange-data.com\/de\/konkurrenzfaehige-preisgestaltung\/\",\"url\":\"https:\/\/www.exchange-data.com\/de\/konkurrenzfaehige-preisgestaltung\/\",\"name\":\"Konkurrenzf\u00e4hige Finanzdaten Preisgestaltung | Exchange Data International\",\"isPartOf\":{\"@id\":\"https:\/\/www.exchange-data.com\/de\/#website\"},\"datePublished\":\"2023-05-23T18:36:33+00:00\",\"dateModified\":\"2025-05-05T12:43:34+00:00\",\"description\":\"EDI - wettbewerbsf\u00e4hige Preisgestaltung | EDI konzentriert sich auf die Bereitstellung qualitativ hochwertiger Daten durch flexible Lizenzierung und wettbewerbsf\u00e4hige Preise. | Kontaktieren Sie uns\",\"breadcrumb\":{\"@id\":\"https:\/\/www.exchange-data.com\/de\/konkurrenzfaehige-preisgestaltung\/#breadcrumb\"},\"inLanguage\":\"de\",\"potentialAction\":[{\"@type\":\"ReadAction\",\"target\":[\"https:\/\/www.exchange-data.com\/de\/konkurrenzfaehige-preisgestaltung\/\"]}]},{\"@type\":\"BreadcrumbList\",\"@id\":\"https:\/\/www.exchange-data.com\/de\/konkurrenzfaehige-preisgestaltung\/#breadcrumb\",\"itemListElement\":[{\"@type\":\"ListItem\",\"position\":1,\"name\":\"Home\",\"item\":\"https:\/\/www.exchange-data.com\/de\/startseite\/\"},{\"@type\":\"ListItem\",\"position\":2,\"name\":\"Konkurrenzf\u00e4hige Preisgestaltung\"}]},{\"@type\":\"WebSite\",\"@id\":\"https:\/\/www.exchange-data.com\/de\/#website\",\"url\":\"https:\/\/www.exchange-data.com\/de\/\",\"name\":\"Exchange Data International\",\"description\":\"Doing data differently\",\"publisher\":{\"@id\":\"https:\/\/www.exchange-data.com\/de\/#organization\"},\"potentialAction\":[{\"@type\":\"SearchAction\",\"target\":{\"@type\":\"EntryPoint\",\"urlTemplate\":\"https:\/\/www.exchange-data.com\/de\/?s={search_term_string}\"},\"query-input\":{\"@type\":\"PropertyValueSpecification\",\"valueRequired\":true,\"valueName\":\"search_term_string\"}}],\"inLanguage\":\"de\"},{\"@type\":\"Organization\",\"@id\":\"https:\/\/www.exchange-data.com\/de\/#organization\",\"name\":\"Exchange Data International\",\"url\":\"https:\/\/www.exchange-data.com\/de\/\",\"logo\":{\"@type\":\"ImageObject\",\"inLanguage\":\"de\",\"@id\":\"https:\/\/www.exchange-data.com\/de\/#\/schema\/logo\/image\/\",\"url\":\"https:\/\/www.exchange-data.com\/wp-content\/uploads\/2019\/03\/logo3.png\",\"contentUrl\":\"https:\/\/www.exchange-data.com\/wp-content\/uploads\/2019\/03\/logo3.png\",\"width\":200,\"height\":80,\"caption\":\"Exchange Data International\"},\"image\":{\"@id\":\"https:\/\/www.exchange-data.com\/de\/#\/schema\/logo\/image\/\"},\"sameAs\":[\"https:\/\/x.com\/ExchangeData\",\"https:\/\/www.linkedin.com\/company\/exchange-data-international\/?viewAsMember=true\",\"https:\/\/www.youtube.com\/channel\/UC5D1OpUb22YZANRLD_Ktcgg?view_as=subscriber\"]}]}<\/script>\n<!-- \/ Yoast SEO Premium plugin. -->","yoast_head_json":{"title":"Konkurrenzf\u00e4hige Finanzdaten Preisgestaltung | Exchange Data International","description":"EDI - wettbewerbsf\u00e4hige Preisgestaltung | EDI konzentriert sich auf die Bereitstellung qualitativ hochwertiger Daten durch flexible Lizenzierung und wettbewerbsf\u00e4hige Preise. | Kontaktieren Sie uns","robots":{"index":"index","follow":"follow","max-snippet":"max-snippet:-1","max-image-preview":"max-image-preview:large","max-video-preview":"max-video-preview:-1"},"canonical":"https:\/\/www.exchange-data.com\/de\/konkurrenzfaehige-preisgestaltung\/","og_locale":"de_DE","og_type":"article","og_title":"Konkurrenzf\u00e4hige Preisgestaltung | Exchange Data International","og_description":"EDI - wettbewerbsf\u00e4hige Preisgestaltung | EDI konzentriert sich auf die Bereitstellung qualitativ hochwertiger Daten durch flexible Lizenzierung und wettbewerbsf\u00e4hige Preise. | Kontaktieren Sie uns","og_url":"https:\/\/www.exchange-data.com\/de\/konkurrenzfaehige-preisgestaltung\/","og_site_name":"Exchange Data International","article_modified_time":"2025-05-05T12:43:34+00:00","twitter_card":"summary_large_image","twitter_site":"@ExchangeData","twitter_misc":{"Gesch\u00e4tzte Lesezeit":"3\u00a0Minuten"},"schema":{"@context":"https:\/\/schema.org","@graph":[{"@type":"WebPage","@id":"https:\/\/www.exchange-data.com\/de\/konkurrenzfaehige-preisgestaltung\/","url":"https:\/\/www.exchange-data.com\/de\/konkurrenzfaehige-preisgestaltung\/","name":"Konkurrenzf\u00e4hige Finanzdaten Preisgestaltung | Exchange Data International","isPartOf":{"@id":"https:\/\/www.exchange-data.com\/de\/#website"},"datePublished":"2023-05-23T18:36:33+00:00","dateModified":"2025-05-05T12:43:34+00:00","description":"EDI - wettbewerbsf\u00e4hige Preisgestaltung | EDI konzentriert sich auf die Bereitstellung qualitativ hochwertiger Daten durch flexible Lizenzierung und wettbewerbsf\u00e4hige Preise. | Kontaktieren Sie uns","breadcrumb":{"@id":"https:\/\/www.exchange-data.com\/de\/konkurrenzfaehige-preisgestaltung\/#breadcrumb"},"inLanguage":"de","potentialAction":[{"@type":"ReadAction","target":["https:\/\/www.exchange-data.com\/de\/konkurrenzfaehige-preisgestaltung\/"]}]},{"@type":"BreadcrumbList","@id":"https:\/\/www.exchange-data.com\/de\/konkurrenzfaehige-preisgestaltung\/#breadcrumb","itemListElement":[{"@type":"ListItem","position":1,"name":"Home","item":"https:\/\/www.exchange-data.com\/de\/startseite\/"},{"@type":"ListItem","position":2,"name":"Konkurrenzf\u00e4hige Preisgestaltung"}]},{"@type":"WebSite","@id":"https:\/\/www.exchange-data.com\/de\/#website","url":"https:\/\/www.exchange-data.com\/de\/","name":"Exchange Data International","description":"Doing data differently","publisher":{"@id":"https:\/\/www.exchange-data.com\/de\/#organization"},"potentialAction":[{"@type":"SearchAction","target":{"@type":"EntryPoint","urlTemplate":"https:\/\/www.exchange-data.com\/de\/?s={search_term_string}"},"query-input":{"@type":"PropertyValueSpecification","valueRequired":true,"valueName":"search_term_string"}}],"inLanguage":"de"},{"@type":"Organization","@id":"https:\/\/www.exchange-data.com\/de\/#organization","name":"Exchange Data International","url":"https:\/\/www.exchange-data.com\/de\/","logo":{"@type":"ImageObject","inLanguage":"de","@id":"https:\/\/www.exchange-data.com\/de\/#\/schema\/logo\/image\/","url":"https:\/\/www.exchange-data.com\/wp-content\/uploads\/2019\/03\/logo3.png","contentUrl":"https:\/\/www.exchange-data.com\/wp-content\/uploads\/2019\/03\/logo3.png","width":200,"height":80,"caption":"Exchange Data International"},"image":{"@id":"https:\/\/www.exchange-data.com\/de\/#\/schema\/logo\/image\/"},"sameAs":["https:\/\/x.com\/ExchangeData","https:\/\/www.linkedin.com\/company\/exchange-data-international\/?viewAsMember=true","https:\/\/www.youtube.com\/channel\/UC5D1OpUb22YZANRLD_Ktcgg?view_as=subscriber"]}]}},"_links":{"self":[{"href":"https:\/\/www.exchange-data.com\/de\/wp-json\/wp\/v2\/pages\/35785","targetHints":{"allow":["GET"]}}],"collection":[{"href":"https:\/\/www.exchange-data.com\/de\/wp-json\/wp\/v2\/pages"}],"about":[{"href":"https:\/\/www.exchange-data.com\/de\/wp-json\/wp\/v2\/types\/page"}],"author":[{"embeddable":true,"href":"https:\/\/www.exchange-data.com\/de\/wp-json\/wp\/v2\/users\/6"}],"replies":[{"embeddable":true,"href":"https:\/\/www.exchange-data.com\/de\/wp-json\/wp\/v2\/comments?post=35785"}],"version-history":[{"count":0,"href":"https:\/\/www.exchange-data.com\/de\/wp-json\/wp\/v2\/pages\/35785\/revisions"}],"wp:attachment":[{"href":"https:\/\/www.exchange-data.com\/de\/wp-json\/wp\/v2\/media?parent=35785"}],"curies":[{"name":"wp","href":"https:\/\/api.w.org\/{rel}","templated":true}]}}