{"id":35818,"date":"2023-05-23T20:00:43","date_gmt":"2023-05-23T19:00:43","guid":{"rendered":"https:\/\/www.exchange-data.com\/qualitaetsdaten\/"},"modified":"2025-08-14T10:08:54","modified_gmt":"2025-08-14T09:08:54","slug":"qualitaetsdaten","status":"publish","type":"page","link":"https:\/\/www.exchange-data.com\/de\/qualitaetsdaten\/","title":{"rendered":"Qualit\u00e4tsdaten"},"content":{"rendered":"<div id=\"cs-content\" class=\"cs-content\"><\/div>\n","protected":false},"excerpt":{"rendered":"<p>Qualit\u00e4tsdaten EDI ist f\u00fcr Qualit\u00e4t zertifiziert und f\u00fcr herausragende Leistungen ausgezeichnet.Marktdaten, auf die Sie sich verlassen k\u00f6nnen. Die Berichterstattung \u00fcber Wertpapiere aus aller Welt bedeutet ein enormes Datenvolumen \u2013 und die Verantwortung,<\/p>\n<a href=\"https:\/\/www.exchange-data.com\/de\/qualitaetsdaten\/\" class=\"more-link\">Learn More<\/a>.","protected":false},"author":6,"featured_media":0,"parent":0,"menu_order":0,"comment_status":"closed","ping_status":"closed","template":"template-blank-4.php","meta":{"_acf_changed":false,"inline_featured_image":false,"footnotes":""},"class_list":["post-35818","page","type-page","status-publish","hentry","no-post-thumbnail"],"acf":[],"yoast_head":"<!-- This site is optimized with the Yoast SEO Premium plugin v26.0 (Yoast SEO v26.0) - https:\/\/yoast.com\/wordpress\/plugins\/seo\/ -->\n<title>Certified Quality Market Data You Can Trust \u2013 EDI<\/title>\n<meta name=\"description\" content=\"Entdecken Sie EDI\u2019s preisgekr\u00f6nte Datenqualit\u00e4t, ISO-zertifizierte Service- und Sicherheitsstandards, ma\u00dfgeschneiderte Vereinbarungen und strenge t\u00e4gliche Validierungen.\" \/>\n<meta name=\"robots\" content=\"index, follow, max-snippet:-1, max-image-preview:large, max-video-preview:-1\" \/>\n<link rel=\"canonical\" href=\"https:\/\/www.exchange-data.com\/de\/qualitaetsdaten\/\" \/>\n<meta property=\"og:locale\" content=\"de_DE\" \/>\n<meta property=\"og:type\" content=\"article\" \/>\n<meta property=\"og:title\" content=\"Qualit\u00e4tsdaten | Exchange Data International\" \/>\n<meta property=\"og:description\" content=\"Entdecken Sie EDI\u2019s preisgekr\u00f6nte Datenqualit\u00e4t, ISO-zertifizierte Service- und Sicherheitsstandards, ma\u00dfgeschneiderte Vereinbarungen und strenge t\u00e4gliche Validierungen.\" \/>\n<meta property=\"og:url\" content=\"https:\/\/www.exchange-data.com\/de\/qualitaetsdaten\/\" \/>\n<meta property=\"og:site_name\" content=\"Exchange Data International\" \/>\n<meta property=\"article:modified_time\" content=\"2025-08-14T09:08:54+00:00\" \/>\n<meta name=\"twitter:card\" content=\"summary_large_image\" \/>\n<meta name=\"twitter:site\" content=\"@ExchangeData\" \/>\n<meta name=\"twitter:label1\" content=\"Gesch\u00e4tzte Lesezeit\" \/>\n\t<meta name=\"twitter:data1\" content=\"4\u00a0Minuten\" \/>\n<script type=\"application\/ld+json\" class=\"yoast-schema-graph\">{\"@context\":\"https:\/\/schema.org\",\"@graph\":[{\"@type\":\"WebPage\",\"@id\":\"https:\/\/www.exchange-data.com\/de\/qualitaetsdaten\/\",\"url\":\"https:\/\/www.exchange-data.com\/de\/qualitaetsdaten\/\",\"name\":\"Certified Quality Market Data You Can Trust \u2013 EDI\",\"isPartOf\":{\"@id\":\"https:\/\/www.exchange-data.com\/de\/#website\"},\"datePublished\":\"2023-05-23T19:00:43+00:00\",\"dateModified\":\"2025-08-14T09:08:54+00:00\",\"description\":\"Entdecken Sie EDI\u2019s preisgekr\u00f6nte Datenqualit\u00e4t, ISO-zertifizierte Service- und Sicherheitsstandards, ma\u00dfgeschneiderte Vereinbarungen und strenge t\u00e4gliche Validierungen.\",\"breadcrumb\":{\"@id\":\"https:\/\/www.exchange-data.com\/de\/qualitaetsdaten\/#breadcrumb\"},\"inLanguage\":\"de\",\"potentialAction\":[{\"@type\":\"ReadAction\",\"target\":[\"https:\/\/www.exchange-data.com\/de\/qualitaetsdaten\/\"]}]},{\"@type\":\"BreadcrumbList\",\"@id\":\"https:\/\/www.exchange-data.com\/de\/qualitaetsdaten\/#breadcrumb\",\"itemListElement\":[{\"@type\":\"ListItem\",\"position\":1,\"name\":\"Home\",\"item\":\"https:\/\/www.exchange-data.com\/de\/startseite\/\"},{\"@type\":\"ListItem\",\"position\":2,\"name\":\"Qualit\u00e4tsdaten\"}]},{\"@type\":\"WebSite\",\"@id\":\"https:\/\/www.exchange-data.com\/de\/#website\",\"url\":\"https:\/\/www.exchange-data.com\/de\/\",\"name\":\"Exchange Data International\",\"description\":\"Doing data differently\",\"publisher\":{\"@id\":\"https:\/\/www.exchange-data.com\/de\/#organization\"},\"potentialAction\":[{\"@type\":\"SearchAction\",\"target\":{\"@type\":\"EntryPoint\",\"urlTemplate\":\"https:\/\/www.exchange-data.com\/de\/?s={search_term_string}\"},\"query-input\":{\"@type\":\"PropertyValueSpecification\",\"valueRequired\":true,\"valueName\":\"search_term_string\"}}],\"inLanguage\":\"de\"},{\"@type\":\"Organization\",\"@id\":\"https:\/\/www.exchange-data.com\/de\/#organization\",\"name\":\"Exchange Data International\",\"url\":\"https:\/\/www.exchange-data.com\/de\/\",\"logo\":{\"@type\":\"ImageObject\",\"inLanguage\":\"de\",\"@id\":\"https:\/\/www.exchange-data.com\/de\/#\/schema\/logo\/image\/\",\"url\":\"https:\/\/www.exchange-data.com\/wp-content\/uploads\/2019\/03\/logo3.png\",\"contentUrl\":\"https:\/\/www.exchange-data.com\/wp-content\/uploads\/2019\/03\/logo3.png\",\"width\":200,\"height\":80,\"caption\":\"Exchange Data International\"},\"image\":{\"@id\":\"https:\/\/www.exchange-data.com\/de\/#\/schema\/logo\/image\/\"},\"sameAs\":[\"https:\/\/x.com\/ExchangeData\",\"https:\/\/www.linkedin.com\/company\/exchange-data-international\/?viewAsMember=true\",\"https:\/\/www.youtube.com\/channel\/UC5D1OpUb22YZANRLD_Ktcgg?view_as=subscriber\"]}]}<\/script>\n<!-- \/ Yoast SEO Premium plugin. -->","yoast_head_json":{"title":"Certified Quality Market Data You Can Trust \u2013 EDI","description":"Entdecken Sie EDI\u2019s preisgekr\u00f6nte Datenqualit\u00e4t, ISO-zertifizierte Service- und Sicherheitsstandards, ma\u00dfgeschneiderte Vereinbarungen und strenge t\u00e4gliche Validierungen.","robots":{"index":"index","follow":"follow","max-snippet":"max-snippet:-1","max-image-preview":"max-image-preview:large","max-video-preview":"max-video-preview:-1"},"canonical":"https:\/\/www.exchange-data.com\/de\/qualitaetsdaten\/","og_locale":"de_DE","og_type":"article","og_title":"Qualit\u00e4tsdaten | Exchange Data International","og_description":"Entdecken Sie EDI\u2019s preisgekr\u00f6nte Datenqualit\u00e4t, ISO-zertifizierte Service- und Sicherheitsstandards, ma\u00dfgeschneiderte Vereinbarungen und strenge t\u00e4gliche Validierungen.","og_url":"https:\/\/www.exchange-data.com\/de\/qualitaetsdaten\/","og_site_name":"Exchange Data International","article_modified_time":"2025-08-14T09:08:54+00:00","twitter_card":"summary_large_image","twitter_site":"@ExchangeData","twitter_misc":{"Gesch\u00e4tzte Lesezeit":"4\u00a0Minuten"},"schema":{"@context":"https:\/\/schema.org","@graph":[{"@type":"WebPage","@id":"https:\/\/www.exchange-data.com\/de\/qualitaetsdaten\/","url":"https:\/\/www.exchange-data.com\/de\/qualitaetsdaten\/","name":"Certified Quality Market Data You Can Trust \u2013 EDI","isPartOf":{"@id":"https:\/\/www.exchange-data.com\/de\/#website"},"datePublished":"2023-05-23T19:00:43+00:00","dateModified":"2025-08-14T09:08:54+00:00","description":"Entdecken Sie EDI\u2019s preisgekr\u00f6nte Datenqualit\u00e4t, ISO-zertifizierte Service- und Sicherheitsstandards, ma\u00dfgeschneiderte Vereinbarungen und strenge t\u00e4gliche Validierungen.","breadcrumb":{"@id":"https:\/\/www.exchange-data.com\/de\/qualitaetsdaten\/#breadcrumb"},"inLanguage":"de","potentialAction":[{"@type":"ReadAction","target":["https:\/\/www.exchange-data.com\/de\/qualitaetsdaten\/"]}]},{"@type":"BreadcrumbList","@id":"https:\/\/www.exchange-data.com\/de\/qualitaetsdaten\/#breadcrumb","itemListElement":[{"@type":"ListItem","position":1,"name":"Home","item":"https:\/\/www.exchange-data.com\/de\/startseite\/"},{"@type":"ListItem","position":2,"name":"Qualit\u00e4tsdaten"}]},{"@type":"WebSite","@id":"https:\/\/www.exchange-data.com\/de\/#website","url":"https:\/\/www.exchange-data.com\/de\/","name":"Exchange Data International","description":"Doing data differently","publisher":{"@id":"https:\/\/www.exchange-data.com\/de\/#organization"},"potentialAction":[{"@type":"SearchAction","target":{"@type":"EntryPoint","urlTemplate":"https:\/\/www.exchange-data.com\/de\/?s={search_term_string}"},"query-input":{"@type":"PropertyValueSpecification","valueRequired":true,"valueName":"search_term_string"}}],"inLanguage":"de"},{"@type":"Organization","@id":"https:\/\/www.exchange-data.com\/de\/#organization","name":"Exchange Data International","url":"https:\/\/www.exchange-data.com\/de\/","logo":{"@type":"ImageObject","inLanguage":"de","@id":"https:\/\/www.exchange-data.com\/de\/#\/schema\/logo\/image\/","url":"https:\/\/www.exchange-data.com\/wp-content\/uploads\/2019\/03\/logo3.png","contentUrl":"https:\/\/www.exchange-data.com\/wp-content\/uploads\/2019\/03\/logo3.png","width":200,"height":80,"caption":"Exchange Data International"},"image":{"@id":"https:\/\/www.exchange-data.com\/de\/#\/schema\/logo\/image\/"},"sameAs":["https:\/\/x.com\/ExchangeData","https:\/\/www.linkedin.com\/company\/exchange-data-international\/?viewAsMember=true","https:\/\/www.youtube.com\/channel\/UC5D1OpUb22YZANRLD_Ktcgg?view_as=subscriber"]}]}},"_links":{"self":[{"href":"https:\/\/www.exchange-data.com\/de\/wp-json\/wp\/v2\/pages\/35818","targetHints":{"allow":["GET"]}}],"collection":[{"href":"https:\/\/www.exchange-data.com\/de\/wp-json\/wp\/v2\/pages"}],"about":[{"href":"https:\/\/www.exchange-data.com\/de\/wp-json\/wp\/v2\/types\/page"}],"author":[{"embeddable":true,"href":"https:\/\/www.exchange-data.com\/de\/wp-json\/wp\/v2\/users\/6"}],"replies":[{"embeddable":true,"href":"https:\/\/www.exchange-data.com\/de\/wp-json\/wp\/v2\/comments?post=35818"}],"version-history":[{"count":0,"href":"https:\/\/www.exchange-data.com\/de\/wp-json\/wp\/v2\/pages\/35818\/revisions"}],"wp:attachment":[{"href":"https:\/\/www.exchange-data.com\/de\/wp-json\/wp\/v2\/media?parent=35818"}],"curies":[{"name":"wp","href":"https:\/\/api.w.org\/{rel}","templated":true}]}}