{"id":35823,"date":"2023-12-11T09:55:36","date_gmt":"2023-12-11T08:55:36","guid":{"rendered":"https:\/\/www.exchange-data.com\/anmeldung-fuer-den-erhalt-von-e-mails\/"},"modified":"2025-04-16T10:50:16","modified_gmt":"2025-04-16T09:50:16","slug":"anmeldung-fuer-den-erhalt-von-e-mails","status":"publish","type":"page","link":"https:\/\/www.exchange-data.com\/de\/anmeldung-fuer-den-erhalt-von-e-mails\/","title":{"rendered":"Anmeldung f\u00fcr den Erhalt von E-Mails"},"content":{"rendered":"<div id=\"cs-content\" class=\"cs-content\"><\/div>\n","protected":false},"excerpt":{"rendered":"<p>Abonnieren Sie unseren Newsletter &nbsp;Sie haben Fragen zu EDI-Daten oder ben\u00f6tigen Unterst\u00fctzung? F\u00fcllen Sie das Formular aus, und eines unserer Teammitglieder wird sich in K\u00fcrze mit Ihnen in Verbindung setzen. Vorname *<\/p>\n<a href=\"https:\/\/www.exchange-data.com\/de\/anmeldung-fuer-den-erhalt-von-e-mails\/\" class=\"more-link\">Learn More<\/a>.","protected":false},"author":11,"featured_media":0,"parent":0,"menu_order":0,"comment_status":"closed","ping_status":"closed","template":"template-blank-4.php","meta":{"_acf_changed":false,"inline_featured_image":false,"footnotes":""},"class_list":["post-35823","page","type-page","status-publish","hentry","no-post-thumbnail"],"acf":[],"yoast_head":"<!-- This site is optimized with the Yoast SEO Premium plugin v26.0 (Yoast SEO v26.0) - https:\/\/yoast.com\/wordpress\/plugins\/seo\/ -->\n<title>Anmeldung f\u00fcr den Erhalt von E-Mails | Exchange Data International<\/title>\n<meta name=\"description\" content=\"EDI unterst\u00fctzt die globale Finanz- und Investmentgemeinschaft mit schnellen, pr\u00e4zisen, zeitnahen und erschwinglichen Datenreferenzdiensten bei der Entscheidungsfindung.\" \/>\n<meta name=\"robots\" content=\"index, follow, max-snippet:-1, max-image-preview:large, max-video-preview:-1\" \/>\n<link rel=\"canonical\" href=\"https:\/\/www.exchange-data.com\/de\/anmeldung-fuer-den-erhalt-von-e-mails\/\" \/>\n<meta property=\"og:locale\" content=\"de_DE\" \/>\n<meta property=\"og:type\" content=\"article\" \/>\n<meta property=\"og:title\" content=\"Anmeldung f\u00fcr den Erhalt von E-Mails | Exchange Data International\" \/>\n<meta property=\"og:description\" content=\"EDI unterst\u00fctzt die globale Finanz- und Investmentgemeinschaft mit schnellen, pr\u00e4zisen, zeitnahen und erschwinglichen Datenreferenzdiensten bei der Entscheidungsfindung.\" \/>\n<meta property=\"og:url\" content=\"https:\/\/www.exchange-data.com\/de\/anmeldung-fuer-den-erhalt-von-e-mails\/\" \/>\n<meta property=\"og:site_name\" content=\"Exchange Data International\" \/>\n<meta property=\"article:modified_time\" content=\"2025-04-16T09:50:16+00:00\" \/>\n<meta name=\"twitter:card\" content=\"summary_large_image\" \/>\n<meta name=\"twitter:site\" content=\"@ExchangeData\" \/>\n<script type=\"application\/ld+json\" class=\"yoast-schema-graph\">{\"@context\":\"https:\/\/schema.org\",\"@graph\":[{\"@type\":\"WebPage\",\"@id\":\"https:\/\/www.exchange-data.com\/de\/anmeldung-fuer-den-erhalt-von-e-mails\/\",\"url\":\"https:\/\/www.exchange-data.com\/de\/anmeldung-fuer-den-erhalt-von-e-mails\/\",\"name\":\"Anmeldung f\u00fcr den Erhalt von E-Mails | Exchange Data International\",\"isPartOf\":{\"@id\":\"https:\/\/www.exchange-data.com\/de\/#website\"},\"datePublished\":\"2023-12-11T08:55:36+00:00\",\"dateModified\":\"2025-04-16T09:50:16+00:00\",\"description\":\"EDI unterst\u00fctzt die globale Finanz- und Investmentgemeinschaft mit schnellen, pr\u00e4zisen, zeitnahen und erschwinglichen Datenreferenzdiensten bei der Entscheidungsfindung.\",\"breadcrumb\":{\"@id\":\"https:\/\/www.exchange-data.com\/de\/anmeldung-fuer-den-erhalt-von-e-mails\/#breadcrumb\"},\"inLanguage\":\"de\",\"potentialAction\":[{\"@type\":\"ReadAction\",\"target\":[\"https:\/\/www.exchange-data.com\/de\/anmeldung-fuer-den-erhalt-von-e-mails\/\"]}]},{\"@type\":\"BreadcrumbList\",\"@id\":\"https:\/\/www.exchange-data.com\/de\/anmeldung-fuer-den-erhalt-von-e-mails\/#breadcrumb\",\"itemListElement\":[{\"@type\":\"ListItem\",\"position\":1,\"name\":\"Home\",\"item\":\"https:\/\/www.exchange-data.com\/de\/startseite\/\"},{\"@type\":\"ListItem\",\"position\":2,\"name\":\"Anmeldung f\u00fcr den Erhalt von E-Mails\"}]},{\"@type\":\"WebSite\",\"@id\":\"https:\/\/www.exchange-data.com\/de\/#website\",\"url\":\"https:\/\/www.exchange-data.com\/de\/\",\"name\":\"Exchange Data International\",\"description\":\"Doing data differently\",\"publisher\":{\"@id\":\"https:\/\/www.exchange-data.com\/de\/#organization\"},\"potentialAction\":[{\"@type\":\"SearchAction\",\"target\":{\"@type\":\"EntryPoint\",\"urlTemplate\":\"https:\/\/www.exchange-data.com\/de\/?s={search_term_string}\"},\"query-input\":{\"@type\":\"PropertyValueSpecification\",\"valueRequired\":true,\"valueName\":\"search_term_string\"}}],\"inLanguage\":\"de\"},{\"@type\":\"Organization\",\"@id\":\"https:\/\/www.exchange-data.com\/de\/#organization\",\"name\":\"Exchange Data International\",\"url\":\"https:\/\/www.exchange-data.com\/de\/\",\"logo\":{\"@type\":\"ImageObject\",\"inLanguage\":\"de\",\"@id\":\"https:\/\/www.exchange-data.com\/de\/#\/schema\/logo\/image\/\",\"url\":\"https:\/\/www.exchange-data.com\/wp-content\/uploads\/2019\/03\/logo3.png\",\"contentUrl\":\"https:\/\/www.exchange-data.com\/wp-content\/uploads\/2019\/03\/logo3.png\",\"width\":200,\"height\":80,\"caption\":\"Exchange Data International\"},\"image\":{\"@id\":\"https:\/\/www.exchange-data.com\/de\/#\/schema\/logo\/image\/\"},\"sameAs\":[\"https:\/\/x.com\/ExchangeData\",\"https:\/\/www.linkedin.com\/company\/exchange-data-international\/?viewAsMember=true\",\"https:\/\/www.youtube.com\/channel\/UC5D1OpUb22YZANRLD_Ktcgg?view_as=subscriber\"]}]}<\/script>\n<!-- \/ Yoast SEO Premium plugin. -->","yoast_head_json":{"title":"Anmeldung f\u00fcr den Erhalt von E-Mails | Exchange Data International","description":"EDI unterst\u00fctzt die globale Finanz- und Investmentgemeinschaft mit schnellen, pr\u00e4zisen, zeitnahen und erschwinglichen Datenreferenzdiensten bei der Entscheidungsfindung.","robots":{"index":"index","follow":"follow","max-snippet":"max-snippet:-1","max-image-preview":"max-image-preview:large","max-video-preview":"max-video-preview:-1"},"canonical":"https:\/\/www.exchange-data.com\/de\/anmeldung-fuer-den-erhalt-von-e-mails\/","og_locale":"de_DE","og_type":"article","og_title":"Anmeldung f\u00fcr den Erhalt von E-Mails | Exchange Data International","og_description":"EDI unterst\u00fctzt die globale Finanz- und Investmentgemeinschaft mit schnellen, pr\u00e4zisen, zeitnahen und erschwinglichen Datenreferenzdiensten bei der Entscheidungsfindung.","og_url":"https:\/\/www.exchange-data.com\/de\/anmeldung-fuer-den-erhalt-von-e-mails\/","og_site_name":"Exchange Data International","article_modified_time":"2025-04-16T09:50:16+00:00","twitter_card":"summary_large_image","twitter_site":"@ExchangeData","schema":{"@context":"https:\/\/schema.org","@graph":[{"@type":"WebPage","@id":"https:\/\/www.exchange-data.com\/de\/anmeldung-fuer-den-erhalt-von-e-mails\/","url":"https:\/\/www.exchange-data.com\/de\/anmeldung-fuer-den-erhalt-von-e-mails\/","name":"Anmeldung f\u00fcr den Erhalt von E-Mails | Exchange Data International","isPartOf":{"@id":"https:\/\/www.exchange-data.com\/de\/#website"},"datePublished":"2023-12-11T08:55:36+00:00","dateModified":"2025-04-16T09:50:16+00:00","description":"EDI unterst\u00fctzt die globale Finanz- und Investmentgemeinschaft mit schnellen, pr\u00e4zisen, zeitnahen und erschwinglichen Datenreferenzdiensten bei der Entscheidungsfindung.","breadcrumb":{"@id":"https:\/\/www.exchange-data.com\/de\/anmeldung-fuer-den-erhalt-von-e-mails\/#breadcrumb"},"inLanguage":"de","potentialAction":[{"@type":"ReadAction","target":["https:\/\/www.exchange-data.com\/de\/anmeldung-fuer-den-erhalt-von-e-mails\/"]}]},{"@type":"BreadcrumbList","@id":"https:\/\/www.exchange-data.com\/de\/anmeldung-fuer-den-erhalt-von-e-mails\/#breadcrumb","itemListElement":[{"@type":"ListItem","position":1,"name":"Home","item":"https:\/\/www.exchange-data.com\/de\/startseite\/"},{"@type":"ListItem","position":2,"name":"Anmeldung f\u00fcr den Erhalt von E-Mails"}]},{"@type":"WebSite","@id":"https:\/\/www.exchange-data.com\/de\/#website","url":"https:\/\/www.exchange-data.com\/de\/","name":"Exchange Data International","description":"Doing data differently","publisher":{"@id":"https:\/\/www.exchange-data.com\/de\/#organization"},"potentialAction":[{"@type":"SearchAction","target":{"@type":"EntryPoint","urlTemplate":"https:\/\/www.exchange-data.com\/de\/?s={search_term_string}"},"query-input":{"@type":"PropertyValueSpecification","valueRequired":true,"valueName":"search_term_string"}}],"inLanguage":"de"},{"@type":"Organization","@id":"https:\/\/www.exchange-data.com\/de\/#organization","name":"Exchange Data International","url":"https:\/\/www.exchange-data.com\/de\/","logo":{"@type":"ImageObject","inLanguage":"de","@id":"https:\/\/www.exchange-data.com\/de\/#\/schema\/logo\/image\/","url":"https:\/\/www.exchange-data.com\/wp-content\/uploads\/2019\/03\/logo3.png","contentUrl":"https:\/\/www.exchange-data.com\/wp-content\/uploads\/2019\/03\/logo3.png","width":200,"height":80,"caption":"Exchange Data International"},"image":{"@id":"https:\/\/www.exchange-data.com\/de\/#\/schema\/logo\/image\/"},"sameAs":["https:\/\/x.com\/ExchangeData","https:\/\/www.linkedin.com\/company\/exchange-data-international\/?viewAsMember=true","https:\/\/www.youtube.com\/channel\/UC5D1OpUb22YZANRLD_Ktcgg?view_as=subscriber"]}]}},"_links":{"self":[{"href":"https:\/\/www.exchange-data.com\/de\/wp-json\/wp\/v2\/pages\/35823","targetHints":{"allow":["GET"]}}],"collection":[{"href":"https:\/\/www.exchange-data.com\/de\/wp-json\/wp\/v2\/pages"}],"about":[{"href":"https:\/\/www.exchange-data.com\/de\/wp-json\/wp\/v2\/types\/page"}],"author":[{"embeddable":true,"href":"https:\/\/www.exchange-data.com\/de\/wp-json\/wp\/v2\/users\/11"}],"replies":[{"embeddable":true,"href":"https:\/\/www.exchange-data.com\/de\/wp-json\/wp\/v2\/comments?post=35823"}],"version-history":[{"count":0,"href":"https:\/\/www.exchange-data.com\/de\/wp-json\/wp\/v2\/pages\/35823\/revisions"}],"wp:attachment":[{"href":"https:\/\/www.exchange-data.com\/de\/wp-json\/wp\/v2\/media?parent=35823"}],"curies":[{"name":"wp","href":"https:\/\/api.w.org\/{rel}","templated":true}]}}