{"id":35825,"date":"2019-03-09T08:23:52","date_gmt":"2019-03-09T07:23:52","guid":{"rendered":"https:\/\/www.exchange-data.com\/soziale-verantwortung\/"},"modified":"2025-09-10T05:48:49","modified_gmt":"2025-09-10T04:48:49","slug":"soziale-verantwortung","status":"publish","type":"page","link":"https:\/\/www.exchange-data.com\/de\/soziale-verantwortung\/","title":{"rendered":"Soziale Verantwortung"},"content":{"rendered":"<div id=\"cs-content\" class=\"cs-content\"><\/div>\n","protected":false},"excerpt":{"rendered":"<p>Soziale Verantwortung Unternehmensverhalten EDI verpflichtet sich zu folgenden Grunds\u00e4tzen unternehmerischen Handelns: Bereitstellung sicherer und zuverl\u00e4ssiger Produkte und Services, die zweckdienlich und kundenorientiert sind Kontinuierliche Weiterentwicklung und Verbesserung unseres Angebots Schnelle Reaktion auf<\/p>\n<a href=\"https:\/\/www.exchange-data.com\/de\/soziale-verantwortung\/\" class=\"more-link\">Learn More<\/a>.","protected":false},"author":23,"featured_media":34153,"parent":0,"menu_order":0,"comment_status":"closed","ping_status":"closed","template":"template-blank-4.php","meta":{"_acf_changed":false,"inline_featured_image":false,"footnotes":""},"class_list":["post-35825","page","type-page","status-publish","has-post-thumbnail","hentry"],"acf":[],"yoast_head":"<!-- This site is optimized with the Yoast SEO Premium plugin v26.0 (Yoast SEO v26.0) - https:\/\/yoast.com\/wordpress\/plugins\/seo\/ -->\n<title>Soziale Verantwortung | Exchange Data International<\/title>\n<meta name=\"description\" content=\"EDI steht f\u00fcr verantwortungsvolles Handeln: Menschenrechte, Anti-Korruption, Nachhaltigkeit und faire Gesch\u00e4ftspraktiken \u2013 weltweit, transparent und verbindlich.\" \/>\n<meta name=\"robots\" content=\"noindex, follow\" \/>\n<meta property=\"og:locale\" content=\"de_DE\" \/>\n<meta property=\"og:type\" content=\"article\" \/>\n<meta property=\"og:title\" content=\"Soziale Verantwortung - EDI\" \/>\n<meta property=\"og:description\" content=\"EDI hat sich den folgenden Gesch\u00e4ftsprinzipien verschrieben: Lieferung sicherer und zuverl\u00e4ssiger Produkte und Dienstleistungen, die nicht nur zweckdienlich sind, sondern auch den Bed\u00fcrfnissen und Anforderungen der Kunden entsprechen. Wir entwickeln und verbessern unsere Produkte und Dienstleistungen kontinuierlich. Unverz\u00fcgliche Beantwortung von Anfragen und Informationsw\u00fcnschen der Kunden. Ordnungsgem\u00e4\u00dfe Erfassung, Nutzung und Verwaltung von Kundeninformationen und gegebenenfalls aller personenbezogenen Daten. Wir halten alle geltenden Gesetze und Vorschriften ein und nehmen geb\u00fchrend R\u00fccksicht auf die Umwelt. Wir bem\u00fchen uns, die Beziehungen zu unseren Lieferanten als Partnerschaften zu f\u00fchren, die auf gegenseitigem Verst\u00e4ndnis und Vertrauen basieren. Die Einhaltung aller Gesetze und Vorschriften, die zur Aufrechterhaltung eines freien und fairen Wettbewerbs erlassen wurden.\" \/>\n<meta property=\"og:url\" content=\"https:\/\/www.exchange-data.com\/de\/soziale-verantwortung\/\" \/>\n<meta property=\"og:site_name\" content=\"Exchange Data International\" \/>\n<meta property=\"article:modified_time\" content=\"2025-09-10T04:48:49+00:00\" \/>\n<meta property=\"og:image\" content=\"https:\/\/www.exchange-data.com\/wp-content\/uploads\/2015\/09\/EDI-Post-Featured-Image-700x400-1.png\" \/>\n<meta name=\"twitter:card\" content=\"summary_large_image\" \/>\n<meta name=\"twitter:title\" content=\"Soziale Verantwortung - EDI\" \/>\n<meta name=\"twitter:description\" content=\"EDI hat sich den folgenden Gesch\u00e4ftsprinzipien verschrieben: Lieferung sicherer und zuverl\u00e4ssiger Produkte und Dienstleistungen, die nicht nur zweckdienlich sind, sondern auch den Bed\u00fcrfnissen und Anforderungen der Kunden entsprechen. Wir entwickeln und verbessern unsere Produkte und Dienstleistungen kontinuierlich. Unverz\u00fcgliche Beantwortung von Anfragen und Informationsw\u00fcnschen der Kunden. Ordnungsgem\u00e4\u00dfe Erfassung, Nutzung und Verwaltung von Kundeninformationen und gegebenenfalls aller personenbezogenen Daten. Wir halten alle geltenden Gesetze und Vorschriften ein und nehmen geb\u00fchrend R\u00fccksicht auf die Umwelt. Wir bem\u00fchen uns, die Beziehungen zu unseren Lieferanten als Partnerschaften zu f\u00fchren, die auf gegenseitigem Verst\u00e4ndnis und Vertrauen basieren. Die Einhaltung aller Gesetze und Vorschriften, die zur Aufrechterhaltung eines freien und fairen Wettbewerbs erlassen wurden.\" \/>\n<meta name=\"twitter:image\" content=\"https:\/\/www.exchange-data.com\/wp-content\/uploads\/2015\/09\/EDI-Post-Featured-Image-700x400-1.png\" \/>\n<meta name=\"twitter:site\" content=\"@ExchangeData\" \/>\n<meta name=\"twitter:label1\" content=\"Gesch\u00e4tzte Lesezeit\" \/>\n\t<meta name=\"twitter:data1\" content=\"3\u00a0Minuten\" \/>\n<script type=\"application\/ld+json\" class=\"yoast-schema-graph\">{\"@context\":\"https:\/\/schema.org\",\"@graph\":[{\"@type\":\"WebPage\",\"@id\":\"https:\/\/www.exchange-data.com\/de\/soziale-verantwortung\/\",\"url\":\"https:\/\/www.exchange-data.com\/de\/soziale-verantwortung\/\",\"name\":\"Soziale Verantwortung | Exchange Data International\",\"isPartOf\":{\"@id\":\"https:\/\/www.exchange-data.com\/de\/#website\"},\"primaryImageOfPage\":{\"@id\":\"https:\/\/www.exchange-data.com\/de\/soziale-verantwortung\/#primaryimage\"},\"image\":{\"@id\":\"https:\/\/www.exchange-data.com\/de\/soziale-verantwortung\/#primaryimage\"},\"thumbnailUrl\":\"https:\/\/www.exchange-data.com\/wp-content\/uploads\/2015\/09\/EDI-Post-Featured-Image-700x400-1.png\",\"datePublished\":\"2019-03-09T07:23:52+00:00\",\"dateModified\":\"2025-09-10T04:48:49+00:00\",\"description\":\"EDI steht f\u00fcr verantwortungsvolles Handeln: Menschenrechte, Anti-Korruption, Nachhaltigkeit und faire Gesch\u00e4ftspraktiken \u2013 weltweit, transparent und verbindlich.\",\"breadcrumb\":{\"@id\":\"https:\/\/www.exchange-data.com\/de\/soziale-verantwortung\/#breadcrumb\"},\"inLanguage\":\"de\",\"potentialAction\":[{\"@type\":\"ReadAction\",\"target\":[\"https:\/\/www.exchange-data.com\/de\/soziale-verantwortung\/\"]}]},{\"@type\":\"ImageObject\",\"inLanguage\":\"de\",\"@id\":\"https:\/\/www.exchange-data.com\/de\/soziale-verantwortung\/#primaryimage\",\"url\":\"https:\/\/www.exchange-data.com\/wp-content\/uploads\/2015\/09\/EDI-Post-Featured-Image-700x400-1.png\",\"contentUrl\":\"https:\/\/www.exchange-data.com\/wp-content\/uploads\/2015\/09\/EDI-Post-Featured-Image-700x400-1.png\",\"width\":700,\"height\":400,\"caption\":\"Exchange Data International\"},{\"@type\":\"BreadcrumbList\",\"@id\":\"https:\/\/www.exchange-data.com\/de\/soziale-verantwortung\/#breadcrumb\",\"itemListElement\":[{\"@type\":\"ListItem\",\"position\":1,\"name\":\"Home\",\"item\":\"https:\/\/www.exchange-data.com\/de\/startseite\/\"},{\"@type\":\"ListItem\",\"position\":2,\"name\":\"Soziale Verantwortung\"}]},{\"@type\":\"WebSite\",\"@id\":\"https:\/\/www.exchange-data.com\/de\/#website\",\"url\":\"https:\/\/www.exchange-data.com\/de\/\",\"name\":\"Exchange Data International\",\"description\":\"Doing data differently\",\"publisher\":{\"@id\":\"https:\/\/www.exchange-data.com\/de\/#organization\"},\"potentialAction\":[{\"@type\":\"SearchAction\",\"target\":{\"@type\":\"EntryPoint\",\"urlTemplate\":\"https:\/\/www.exchange-data.com\/de\/?s={search_term_string}\"},\"query-input\":{\"@type\":\"PropertyValueSpecification\",\"valueRequired\":true,\"valueName\":\"search_term_string\"}}],\"inLanguage\":\"de\"},{\"@type\":\"Organization\",\"@id\":\"https:\/\/www.exchange-data.com\/de\/#organization\",\"name\":\"Exchange Data International\",\"url\":\"https:\/\/www.exchange-data.com\/de\/\",\"logo\":{\"@type\":\"ImageObject\",\"inLanguage\":\"de\",\"@id\":\"https:\/\/www.exchange-data.com\/de\/#\/schema\/logo\/image\/\",\"url\":\"https:\/\/www.exchange-data.com\/wp-content\/uploads\/2019\/03\/logo3.png\",\"contentUrl\":\"https:\/\/www.exchange-data.com\/wp-content\/uploads\/2019\/03\/logo3.png\",\"width\":200,\"height\":80,\"caption\":\"Exchange Data International\"},\"image\":{\"@id\":\"https:\/\/www.exchange-data.com\/de\/#\/schema\/logo\/image\/\"},\"sameAs\":[\"https:\/\/x.com\/ExchangeData\",\"https:\/\/www.linkedin.com\/company\/exchange-data-international\/?viewAsMember=true\",\"https:\/\/www.youtube.com\/channel\/UC5D1OpUb22YZANRLD_Ktcgg?view_as=subscriber\"]}]}<\/script>\n<!-- \/ Yoast SEO Premium plugin. -->","yoast_head_json":{"title":"Soziale Verantwortung | Exchange Data International","description":"EDI steht f\u00fcr verantwortungsvolles Handeln: Menschenrechte, Anti-Korruption, Nachhaltigkeit und faire Gesch\u00e4ftspraktiken \u2013 weltweit, transparent und verbindlich.","robots":{"index":"noindex","follow":"follow"},"og_locale":"de_DE","og_type":"article","og_title":"Soziale Verantwortung - EDI","og_description":"EDI hat sich den folgenden Gesch\u00e4ftsprinzipien verschrieben: Lieferung sicherer und zuverl\u00e4ssiger Produkte und Dienstleistungen, die nicht nur zweckdienlich sind, sondern auch den Bed\u00fcrfnissen und Anforderungen der Kunden entsprechen. Wir entwickeln und verbessern unsere Produkte und Dienstleistungen kontinuierlich. Unverz\u00fcgliche Beantwortung von Anfragen und Informationsw\u00fcnschen der Kunden. Ordnungsgem\u00e4\u00dfe Erfassung, Nutzung und Verwaltung von Kundeninformationen und gegebenenfalls aller personenbezogenen Daten. Wir halten alle geltenden Gesetze und Vorschriften ein und nehmen geb\u00fchrend R\u00fccksicht auf die Umwelt. Wir bem\u00fchen uns, die Beziehungen zu unseren Lieferanten als Partnerschaften zu f\u00fchren, die auf gegenseitigem Verst\u00e4ndnis und Vertrauen basieren. Die Einhaltung aller Gesetze und Vorschriften, die zur Aufrechterhaltung eines freien und fairen Wettbewerbs erlassen wurden.","og_url":"https:\/\/www.exchange-data.com\/de\/soziale-verantwortung\/","og_site_name":"Exchange Data International","article_modified_time":"2025-09-10T04:48:49+00:00","og_image":[{"url":"https:\/\/www.exchange-data.com\/wp-content\/uploads\/2015\/09\/EDI-Post-Featured-Image-700x400-1.png","type":"","width":"","height":""}],"twitter_card":"summary_large_image","twitter_title":"Soziale Verantwortung - EDI","twitter_description":"EDI hat sich den folgenden Gesch\u00e4ftsprinzipien verschrieben: Lieferung sicherer und zuverl\u00e4ssiger Produkte und Dienstleistungen, die nicht nur zweckdienlich sind, sondern auch den Bed\u00fcrfnissen und Anforderungen der Kunden entsprechen. Wir entwickeln und verbessern unsere Produkte und Dienstleistungen kontinuierlich. Unverz\u00fcgliche Beantwortung von Anfragen und Informationsw\u00fcnschen der Kunden. Ordnungsgem\u00e4\u00dfe Erfassung, Nutzung und Verwaltung von Kundeninformationen und gegebenenfalls aller personenbezogenen Daten. Wir halten alle geltenden Gesetze und Vorschriften ein und nehmen geb\u00fchrend R\u00fccksicht auf die Umwelt. Wir bem\u00fchen uns, die Beziehungen zu unseren Lieferanten als Partnerschaften zu f\u00fchren, die auf gegenseitigem Verst\u00e4ndnis und Vertrauen basieren. Die Einhaltung aller Gesetze und Vorschriften, die zur Aufrechterhaltung eines freien und fairen Wettbewerbs erlassen wurden.","twitter_image":"https:\/\/www.exchange-data.com\/wp-content\/uploads\/2015\/09\/EDI-Post-Featured-Image-700x400-1.png","twitter_site":"@ExchangeData","twitter_misc":{"Gesch\u00e4tzte Lesezeit":"3\u00a0Minuten"},"schema":{"@context":"https:\/\/schema.org","@graph":[{"@type":"WebPage","@id":"https:\/\/www.exchange-data.com\/de\/soziale-verantwortung\/","url":"https:\/\/www.exchange-data.com\/de\/soziale-verantwortung\/","name":"Soziale Verantwortung | Exchange Data International","isPartOf":{"@id":"https:\/\/www.exchange-data.com\/de\/#website"},"primaryImageOfPage":{"@id":"https:\/\/www.exchange-data.com\/de\/soziale-verantwortung\/#primaryimage"},"image":{"@id":"https:\/\/www.exchange-data.com\/de\/soziale-verantwortung\/#primaryimage"},"thumbnailUrl":"https:\/\/www.exchange-data.com\/wp-content\/uploads\/2015\/09\/EDI-Post-Featured-Image-700x400-1.png","datePublished":"2019-03-09T07:23:52+00:00","dateModified":"2025-09-10T04:48:49+00:00","description":"EDI steht f\u00fcr verantwortungsvolles Handeln: Menschenrechte, Anti-Korruption, Nachhaltigkeit und faire Gesch\u00e4ftspraktiken \u2013 weltweit, transparent und verbindlich.","breadcrumb":{"@id":"https:\/\/www.exchange-data.com\/de\/soziale-verantwortung\/#breadcrumb"},"inLanguage":"de","potentialAction":[{"@type":"ReadAction","target":["https:\/\/www.exchange-data.com\/de\/soziale-verantwortung\/"]}]},{"@type":"ImageObject","inLanguage":"de","@id":"https:\/\/www.exchange-data.com\/de\/soziale-verantwortung\/#primaryimage","url":"https:\/\/www.exchange-data.com\/wp-content\/uploads\/2015\/09\/EDI-Post-Featured-Image-700x400-1.png","contentUrl":"https:\/\/www.exchange-data.com\/wp-content\/uploads\/2015\/09\/EDI-Post-Featured-Image-700x400-1.png","width":700,"height":400,"caption":"Exchange Data International"},{"@type":"BreadcrumbList","@id":"https:\/\/www.exchange-data.com\/de\/soziale-verantwortung\/#breadcrumb","itemListElement":[{"@type":"ListItem","position":1,"name":"Home","item":"https:\/\/www.exchange-data.com\/de\/startseite\/"},{"@type":"ListItem","position":2,"name":"Soziale Verantwortung"}]},{"@type":"WebSite","@id":"https:\/\/www.exchange-data.com\/de\/#website","url":"https:\/\/www.exchange-data.com\/de\/","name":"Exchange Data International","description":"Doing data differently","publisher":{"@id":"https:\/\/www.exchange-data.com\/de\/#organization"},"potentialAction":[{"@type":"SearchAction","target":{"@type":"EntryPoint","urlTemplate":"https:\/\/www.exchange-data.com\/de\/?s={search_term_string}"},"query-input":{"@type":"PropertyValueSpecification","valueRequired":true,"valueName":"search_term_string"}}],"inLanguage":"de"},{"@type":"Organization","@id":"https:\/\/www.exchange-data.com\/de\/#organization","name":"Exchange Data International","url":"https:\/\/www.exchange-data.com\/de\/","logo":{"@type":"ImageObject","inLanguage":"de","@id":"https:\/\/www.exchange-data.com\/de\/#\/schema\/logo\/image\/","url":"https:\/\/www.exchange-data.com\/wp-content\/uploads\/2019\/03\/logo3.png","contentUrl":"https:\/\/www.exchange-data.com\/wp-content\/uploads\/2019\/03\/logo3.png","width":200,"height":80,"caption":"Exchange Data International"},"image":{"@id":"https:\/\/www.exchange-data.com\/de\/#\/schema\/logo\/image\/"},"sameAs":["https:\/\/x.com\/ExchangeData","https:\/\/www.linkedin.com\/company\/exchange-data-international\/?viewAsMember=true","https:\/\/www.youtube.com\/channel\/UC5D1OpUb22YZANRLD_Ktcgg?view_as=subscriber"]}]}},"_links":{"self":[{"href":"https:\/\/www.exchange-data.com\/de\/wp-json\/wp\/v2\/pages\/35825","targetHints":{"allow":["GET"]}}],"collection":[{"href":"https:\/\/www.exchange-data.com\/de\/wp-json\/wp\/v2\/pages"}],"about":[{"href":"https:\/\/www.exchange-data.com\/de\/wp-json\/wp\/v2\/types\/page"}],"author":[{"embeddable":true,"href":"https:\/\/www.exchange-data.com\/de\/wp-json\/wp\/v2\/users\/23"}],"replies":[{"embeddable":true,"href":"https:\/\/www.exchange-data.com\/de\/wp-json\/wp\/v2\/comments?post=35825"}],"version-history":[{"count":0,"href":"https:\/\/www.exchange-data.com\/de\/wp-json\/wp\/v2\/pages\/35825\/revisions"}],"wp:featuredmedia":[{"embeddable":true,"href":"https:\/\/www.exchange-data.com\/de\/wp-json\/wp\/v2\/media\/34153"}],"wp:attachment":[{"href":"https:\/\/www.exchange-data.com\/de\/wp-json\/wp\/v2\/media?parent=35825"}],"curies":[{"name":"wp","href":"https:\/\/api.w.org\/{rel}","templated":true}]}}