{"id":35826,"date":"2023-06-07T17:39:37","date_gmt":"2023-06-07T16:39:37","guid":{"rendered":"https:\/\/www.exchange-data.com\/nachhaltige-politik\/"},"modified":"2023-06-07T17:39:37","modified_gmt":"2023-06-07T16:39:37","slug":"nachhaltige-politik","status":"publish","type":"page","link":"https:\/\/www.exchange-data.com\/de\/nachhaltige-politik\/","title":{"rendered":"Nachhaltige Politik"},"content":{"rendered":"<p>&nbsp;<\/p>\n<h2>Anleitung f\u00fcr die Arbeit bei EDI<\/h2>\n<p>&nbsp;<\/p>\n<p><span style=\"font-weight: 400;\">Wir bei EDI\/ IPL haben die Verantwortung, die Nachhaltigkeit in den Mittelpunkt unserer Gesch\u00e4ftsstrategie zu stellen, und zwar durch unsere f\u00fchrende Rolle auf dem Markt, unsere T\u00e4tigkeiten und die von uns angebotenen Dienstleistungen.<\/span><br \/>\n<span style=\"font-weight: 400;\">Wir sind uns jedoch dar\u00fcber im Klaren, dass unsere globalen Aktivit\u00e4ten durch die Schaffung eines nachhaltigeren Umfelds auf der ganzen Welt verbessert werden k\u00f6nnen.  <\/span><\/p>\n<p><span style=\"font-weight: 400;\">Es liegt also in unserer kollektiven Verantwortung, unsere eigene Nachhaltigkeitsleistung zu verbessern, indem wir einen systematischen Ansatz verfolgen und unsere F\u00fchrungsverantwortung bei der F\u00fchrung unserer Gesch\u00e4fte wahrnehmen, um unsere Welt zu beeinflussen und andere um uns herum zu beeinflussen.<\/span><\/p>\n<p><span style=\"font-weight: 400;\">Wir wollen dieses Ziel erreichen, indem wir unsere strategische Beratung, den Betrieb von Anlagen \u00fcber den gesamten Lebenszyklus und unsere Dienstleistungen in bestehenden Gesch\u00e4ftsbereichen und Dienstleistungen weltweit aufeinander abstimmen und uns f\u00fcr eine nachhaltigere Umwelt einsetzen.<\/span><\/p>\n<p>&nbsp;<\/p>\n<h3>Unsere Grunds\u00e4tze der Nachhaltigkeit:<\/h3>\n<p>&nbsp;<\/p>\n<p><span style=\"font-weight: 400;\">Eine Zukunft f\u00fcr unsere Gesellschaft &#8211; die n\u00e4chste Generation inspirieren, in Gemeinden investieren, Wissen und F\u00e4higkeiten im Bereich Nachhaltigkeit entwickeln und einen gesunden, sicheren Arbeitsplatz schaffen.<\/span><br \/>\n<span style=\"font-weight: 400;\">Engagement f\u00fcr die Umwelt &#8211; Unterst\u00fctzung einer kohlenstoffarmen Wirtschaft, Respekt f\u00fcr die Umwelt durch Ressourceneffizienz und Vermeidung von Umweltverschmutzung sowie Schutz und Verbesserung der \u00d6kosysteme.<\/span><br \/>\n<span style=\"font-weight: 400;\">Ein verantwortungsbewusstes Unternehmen zu sein und unsere Zukunft zu sch\u00fctzen &#8211; Einflussnahme auf und Unterst\u00fctzung von nachhaltigem Wirtschaftswachstum mit starker Unternehmensf\u00fchrung, Integrit\u00e4t und Rechenschaftspflicht; Teil eines globalen Unternehmens zu sein und gleichzeitig die Verantwortung und die Bedeutung der Bereitstellung lokaler Dienstleistungen anzuerkennen, ohne die Gesch\u00e4ftsbed\u00fcrfnisse zuk\u00fcnftiger Generationen zu gef\u00e4hrden.<\/span><\/p>\n<h4>Wir tun dies durch:<\/h4>\n<p><span style=\"font-weight: 400;\">Verst\u00e4ndnis f\u00fcr die Erwartungen und Anforderungen unserer Stakeholder in Bezug auf die Umwelt.<\/span><br \/>\n<span style=\"font-weight: 400;\">Durchf\u00fchrung von Gesch\u00e4fts- und Projektkontrollen, um die Einhaltung der einschl\u00e4gigen Rechtsvorschriften, Vertrags- und Kundenanforderungen zu gew\u00e4hrleisten, einschlie\u00dflich Vorkehrungen f\u00fcr Krisenmanagement und Zwischenf\u00e4lle.<\/span><br \/>\n<span style=\"font-weight: 400;\">Verbesserung der Ressourceneffizienz, einschlie\u00dflich der Nutzung von Wasser, Energie (einschlie\u00dflich des transportbedingten Energieverbrauchs) und Rohstoffen.<\/span><br \/>\n<span style=\"font-weight: 400;\">Wertsch\u00e4tzung der unterschiedlichen F\u00e4higkeiten und Beitr\u00e4ge durch Verbesserung von Vielfalt und Gleichstellung.<\/span><br \/>\n<span style=\"font-weight: 400;\">F\u00f6rderung der Entwicklung von Strategien, die der Gesundheit und dem Wohlbefinden der Menschen zugute kommen.<\/span><br \/>\n<span style=\"font-weight: 400;\">Verbesserung und Bewertung unserer Umweltleistung durch Investitionen in Schulungen, Sensibilisierung, Systeme, Instrumente und ein Sicherheitsprogramm.<\/span><br \/>\n<span style=\"font-weight: 400;\">\u00dcberwachung unserer Nachhaltigkeitsleistung und des Fortschritts in Bezug auf unsere Ziele und Vorgaben.<\/span><br \/>\n<span style=\"font-weight: 400;\">Einhaltung der EDI-Governance-Dokumente in den Bereichen Gesundheit, Sicherheit und Umwelt, Qualit\u00e4t und Risikomanagement.<\/span><br \/>\n<span style=\"font-weight: 400;\">Einhaltung der EDI-Sicherheitsrichtlinien und aller damit zusammenh\u00e4ngenden Sicherheits- und Cybersicherheitsdokumente.<\/span><br \/>\n<span style=\"font-weight: 400;\">Einhaltung der Grundwerte von EDI, einschlie\u00dflich Integrit\u00e4t, Menschenrechte, moderne Sklaverei und aller damit verbundenen Governance-Dokumente.<\/span><br \/>\n<span style=\"font-weight: 400;\">Einhaltung der EDI-Governance-Dokumente zu Gleichstellung, Diversit\u00e4t und Integration.<\/span><br \/>\n<span style=\"font-weight: 400;\">W\u00e4hrend der Chief Executive Officer von EDI und sein F\u00fchrungsteam f\u00fcr die Umsetzung und \u00dcberwachung dieser Politik verantwortlich sind, m\u00fcssen alle Mitarbeiter und Personen, die in unserem Namen arbeiten, diese Verpflichtungen teilen.<\/span><\/p>\n<h5>Dar\u00fcber hinaus ist es unsere Politik,:<\/h5>\n<p><span style=\"font-weight: 400;\">Recyceln Sie so viel Abfallmaterial wie m\u00f6glich.<\/span><br \/>\n<span style=\"font-weight: 400;\">Vermeiden Sie, wo immer m\u00f6glich, die Verwendung von Papier. Senden Sie zum Beispiel Rechnungen und Angebote per E-Mail als PDF-Dateien. <\/span><br \/>\n<span style=\"font-weight: 400;\">Recycling von Ger\u00e4ten, die f\u00fcr das Unternehmen nicht mehr von Nutzen sind. Wir verschenken zum Beispiel Computer und Drucker, die wir nicht mehr benutzen. <\/span><br \/>\n<span style=\"font-weight: 400;\">Halten Sie den Stromverbrauch niedrig. Verwenden Sie zum Beispiel \u00fcberall Energiesparlampen und sorgen Sie daf\u00fcr, dass die Computer nach der Arbeit heruntergefahren werden. <\/span><br \/>\n<span style=\"font-weight: 400;\">Verwenden Sie das Altpapier (aus dem Drucker) nach M\u00f6glichkeit wieder und nutzen Sie die leere Seite f\u00fcr Notizen usw.<\/span><br \/>\n<span style=\"font-weight: 400;\">Kaufen Sie Produkte aus recyceltem Papier. Zum Beispiel Papierhandt\u00fccher, Druckerpapier. <\/span><br \/>\n<span style=\"font-weight: 400;\">Kaufen Sie Produkte, die die Umwelt weniger belasten. Zum Beispiel umweltvertr\u00e4gliche Seifen und Waschmittel. <\/span><br \/>\n<span style=\"font-weight: 400;\">Nutzung umweltfreundlicher Verkehrsmittel f\u00fcr den Weg zur Arbeit und zur\u00fcck sowie f\u00fcr Gesch\u00e4ftsreisen. Wir nutzen zum Beispiel \u00f6ffentliche Verkehrsmittel, um an Meetings teilzunehmen, ermutigen unsere Mitarbeiter, mit dem Fahrrad zur Arbeit zu fahren oder Fahrgemeinschaften zu bilden. <\/span><br \/>\n<span style=\"font-weight: 400;\">Vermeiden Sie unn\u00f6tige Reisen durch den Einsatz von Instant Messaging, Video- und Audiokonferenzen, Telefon und E-Mail.<\/span><\/p>\n<p><span style=\"font-weight: 400;\">Jeder ist aufgefordert, Verantwortung zu \u00fcbernehmen und zu handeln, um sicherzustellen, dass unsere Zusagen und unser Engagement f\u00fcr eine nachhaltigere Umwelt eingehalten und regelm\u00e4\u00dfig \u00fcberpr\u00fcft werden.<\/span><\/p>\n<p>Jonathan Bloch<br \/>\nGesch\u00e4ftsf\u00fchrender Direktor<\/p>\n","protected":false},"excerpt":{"rendered":"<p>&nbsp; Anleitung f\u00fcr die Arbeit bei EDI &nbsp; Wir bei EDI\/ IPL haben die Verantwortung, die Nachhaltigkeit in den Mittelpunkt unserer Gesch\u00e4ftsstrategie zu stellen, und zwar durch unsere f\u00fchrende Rolle auf dem<\/p>\n<a href=\"https:\/\/www.exchange-data.com\/de\/nachhaltige-politik\/\" class=\"more-link\">Learn More<\/a>.","protected":false},"author":6,"featured_media":0,"parent":0,"menu_order":0,"comment_status":"closed","ping_status":"closed","template":"","meta":{"_acf_changed":false,"inline_featured_image":false,"footnotes":""},"class_list":["post-35826","page","type-page","status-publish","hentry","no-post-thumbnail"],"acf":[],"yoast_head":"<!-- This site is optimized with the Yoast SEO Premium plugin v26.0 (Yoast SEO v26.0) - https:\/\/yoast.com\/wordpress\/plugins\/seo\/ -->\n<title>Nachhaltige Politik | Exchange Data International<\/title>\n<meta name=\"description\" content=\"EDI-Nachhaltigkeitspolitik | Wir bei EDI haben die Verantwortung, die Nachhaltigkeit in den Mittelpunkt unserer Gesch\u00e4ftsstrategie zu stellen | Kontaktieren Sie uns f\u00fcr weitere Informationen\" \/>\n<meta name=\"robots\" content=\"noindex, follow\" \/>\n<meta property=\"og:locale\" content=\"de_DE\" \/>\n<meta property=\"og:type\" content=\"article\" \/>\n<meta property=\"og:title\" content=\"Nachhaltige Politik | Exchange Data International\" \/>\n<meta property=\"og:description\" content=\"EDI-Nachhaltigkeitspolitik | Wir bei EDI haben die Verantwortung, die Nachhaltigkeit in den Mittelpunkt unserer Gesch\u00e4ftsstrategie zu stellen | Kontaktieren Sie uns f\u00fcr weitere Informationen\" \/>\n<meta property=\"og:url\" content=\"https:\/\/www.exchange-data.com\/de\/nachhaltige-politik\/\" \/>\n<meta property=\"og:site_name\" content=\"Exchange Data International\" \/>\n<meta name=\"twitter:card\" content=\"summary_large_image\" \/>\n<meta name=\"twitter:site\" content=\"@ExchangeData\" \/>\n<meta name=\"twitter:label1\" content=\"Gesch\u00e4tzte Lesezeit\" \/>\n\t<meta name=\"twitter:data1\" content=\"4\u00a0Minuten\" \/>\n<script type=\"application\/ld+json\" class=\"yoast-schema-graph\">{\"@context\":\"https:\/\/schema.org\",\"@graph\":[{\"@type\":\"WebPage\",\"@id\":\"https:\/\/www.exchange-data.com\/de\/nachhaltige-politik\/\",\"url\":\"https:\/\/www.exchange-data.com\/de\/nachhaltige-politik\/\",\"name\":\"Nachhaltige Politik | Exchange Data International\",\"isPartOf\":{\"@id\":\"https:\/\/www.exchange-data.com\/de\/#website\"},\"datePublished\":\"2023-06-07T16:39:37+00:00\",\"description\":\"EDI-Nachhaltigkeitspolitik | Wir bei EDI haben die Verantwortung, die Nachhaltigkeit in den Mittelpunkt unserer Gesch\u00e4ftsstrategie zu stellen | Kontaktieren Sie uns f\u00fcr weitere Informationen\",\"breadcrumb\":{\"@id\":\"https:\/\/www.exchange-data.com\/de\/nachhaltige-politik\/#breadcrumb\"},\"inLanguage\":\"de\",\"potentialAction\":[{\"@type\":\"ReadAction\",\"target\":[\"https:\/\/www.exchange-data.com\/de\/nachhaltige-politik\/\"]}]},{\"@type\":\"BreadcrumbList\",\"@id\":\"https:\/\/www.exchange-data.com\/de\/nachhaltige-politik\/#breadcrumb\",\"itemListElement\":[{\"@type\":\"ListItem\",\"position\":1,\"name\":\"Home\",\"item\":\"https:\/\/www.exchange-data.com\/de\/startseite\/\"},{\"@type\":\"ListItem\",\"position\":2,\"name\":\"Nachhaltige Politik\"}]},{\"@type\":\"WebSite\",\"@id\":\"https:\/\/www.exchange-data.com\/de\/#website\",\"url\":\"https:\/\/www.exchange-data.com\/de\/\",\"name\":\"Exchange Data International\",\"description\":\"Doing data differently\",\"publisher\":{\"@id\":\"https:\/\/www.exchange-data.com\/de\/#organization\"},\"potentialAction\":[{\"@type\":\"SearchAction\",\"target\":{\"@type\":\"EntryPoint\",\"urlTemplate\":\"https:\/\/www.exchange-data.com\/de\/?s={search_term_string}\"},\"query-input\":{\"@type\":\"PropertyValueSpecification\",\"valueRequired\":true,\"valueName\":\"search_term_string\"}}],\"inLanguage\":\"de\"},{\"@type\":\"Organization\",\"@id\":\"https:\/\/www.exchange-data.com\/de\/#organization\",\"name\":\"Exchange Data International\",\"url\":\"https:\/\/www.exchange-data.com\/de\/\",\"logo\":{\"@type\":\"ImageObject\",\"inLanguage\":\"de\",\"@id\":\"https:\/\/www.exchange-data.com\/de\/#\/schema\/logo\/image\/\",\"url\":\"https:\/\/www.exchange-data.com\/wp-content\/uploads\/2019\/03\/logo3.png\",\"contentUrl\":\"https:\/\/www.exchange-data.com\/wp-content\/uploads\/2019\/03\/logo3.png\",\"width\":200,\"height\":80,\"caption\":\"Exchange Data International\"},\"image\":{\"@id\":\"https:\/\/www.exchange-data.com\/de\/#\/schema\/logo\/image\/\"},\"sameAs\":[\"https:\/\/x.com\/ExchangeData\",\"https:\/\/www.linkedin.com\/company\/exchange-data-international\/?viewAsMember=true\",\"https:\/\/www.youtube.com\/channel\/UC5D1OpUb22YZANRLD_Ktcgg?view_as=subscriber\"]}]}<\/script>\n<!-- \/ Yoast SEO Premium plugin. -->","yoast_head_json":{"title":"Nachhaltige Politik | Exchange Data International","description":"EDI-Nachhaltigkeitspolitik | Wir bei EDI haben die Verantwortung, die Nachhaltigkeit in den Mittelpunkt unserer Gesch\u00e4ftsstrategie zu stellen | Kontaktieren Sie uns f\u00fcr weitere Informationen","robots":{"index":"noindex","follow":"follow"},"og_locale":"de_DE","og_type":"article","og_title":"Nachhaltige Politik | Exchange Data International","og_description":"EDI-Nachhaltigkeitspolitik | Wir bei EDI haben die Verantwortung, die Nachhaltigkeit in den Mittelpunkt unserer Gesch\u00e4ftsstrategie zu stellen | Kontaktieren Sie uns f\u00fcr weitere Informationen","og_url":"https:\/\/www.exchange-data.com\/de\/nachhaltige-politik\/","og_site_name":"Exchange Data International","twitter_card":"summary_large_image","twitter_site":"@ExchangeData","twitter_misc":{"Gesch\u00e4tzte Lesezeit":"4\u00a0Minuten"},"schema":{"@context":"https:\/\/schema.org","@graph":[{"@type":"WebPage","@id":"https:\/\/www.exchange-data.com\/de\/nachhaltige-politik\/","url":"https:\/\/www.exchange-data.com\/de\/nachhaltige-politik\/","name":"Nachhaltige Politik | Exchange Data International","isPartOf":{"@id":"https:\/\/www.exchange-data.com\/de\/#website"},"datePublished":"2023-06-07T16:39:37+00:00","description":"EDI-Nachhaltigkeitspolitik | Wir bei EDI haben die Verantwortung, die Nachhaltigkeit in den Mittelpunkt unserer Gesch\u00e4ftsstrategie zu stellen | Kontaktieren Sie uns f\u00fcr weitere Informationen","breadcrumb":{"@id":"https:\/\/www.exchange-data.com\/de\/nachhaltige-politik\/#breadcrumb"},"inLanguage":"de","potentialAction":[{"@type":"ReadAction","target":["https:\/\/www.exchange-data.com\/de\/nachhaltige-politik\/"]}]},{"@type":"BreadcrumbList","@id":"https:\/\/www.exchange-data.com\/de\/nachhaltige-politik\/#breadcrumb","itemListElement":[{"@type":"ListItem","position":1,"name":"Home","item":"https:\/\/www.exchange-data.com\/de\/startseite\/"},{"@type":"ListItem","position":2,"name":"Nachhaltige Politik"}]},{"@type":"WebSite","@id":"https:\/\/www.exchange-data.com\/de\/#website","url":"https:\/\/www.exchange-data.com\/de\/","name":"Exchange Data International","description":"Doing data differently","publisher":{"@id":"https:\/\/www.exchange-data.com\/de\/#organization"},"potentialAction":[{"@type":"SearchAction","target":{"@type":"EntryPoint","urlTemplate":"https:\/\/www.exchange-data.com\/de\/?s={search_term_string}"},"query-input":{"@type":"PropertyValueSpecification","valueRequired":true,"valueName":"search_term_string"}}],"inLanguage":"de"},{"@type":"Organization","@id":"https:\/\/www.exchange-data.com\/de\/#organization","name":"Exchange Data International","url":"https:\/\/www.exchange-data.com\/de\/","logo":{"@type":"ImageObject","inLanguage":"de","@id":"https:\/\/www.exchange-data.com\/de\/#\/schema\/logo\/image\/","url":"https:\/\/www.exchange-data.com\/wp-content\/uploads\/2019\/03\/logo3.png","contentUrl":"https:\/\/www.exchange-data.com\/wp-content\/uploads\/2019\/03\/logo3.png","width":200,"height":80,"caption":"Exchange Data International"},"image":{"@id":"https:\/\/www.exchange-data.com\/de\/#\/schema\/logo\/image\/"},"sameAs":["https:\/\/x.com\/ExchangeData","https:\/\/www.linkedin.com\/company\/exchange-data-international\/?viewAsMember=true","https:\/\/www.youtube.com\/channel\/UC5D1OpUb22YZANRLD_Ktcgg?view_as=subscriber"]}]}},"_links":{"self":[{"href":"https:\/\/www.exchange-data.com\/de\/wp-json\/wp\/v2\/pages\/35826","targetHints":{"allow":["GET"]}}],"collection":[{"href":"https:\/\/www.exchange-data.com\/de\/wp-json\/wp\/v2\/pages"}],"about":[{"href":"https:\/\/www.exchange-data.com\/de\/wp-json\/wp\/v2\/types\/page"}],"author":[{"embeddable":true,"href":"https:\/\/www.exchange-data.com\/de\/wp-json\/wp\/v2\/users\/6"}],"replies":[{"embeddable":true,"href":"https:\/\/www.exchange-data.com\/de\/wp-json\/wp\/v2\/comments?post=35826"}],"version-history":[{"count":0,"href":"https:\/\/www.exchange-data.com\/de\/wp-json\/wp\/v2\/pages\/35826\/revisions"}],"wp:attachment":[{"href":"https:\/\/www.exchange-data.com\/de\/wp-json\/wp\/v2\/media?parent=35826"}],"curies":[{"name":"wp","href":"https:\/\/api.w.org\/{rel}","templated":true}]}}