{"id":35833,"date":"2023-08-08T18:28:16","date_gmt":"2023-08-08T17:28:16","guid":{"rendered":"https:\/\/www.exchange-data.com\/video-4-woher-weiss-ich-dass-die-daten-von-hoher-qualitaet-sind\/"},"modified":"2025-04-16T13:14:38","modified_gmt":"2025-04-16T12:14:38","slug":"video-4-woher-weiss-ich-dass-die-daten-von-hoher-qualitaet-sind","status":"publish","type":"page","link":"https:\/\/www.exchange-data.com\/de\/video-4-woher-weiss-ich-dass-die-daten-von-hoher-qualitaet-sind\/","title":{"rendered":"Video 4: Woher wei\u00df ich, dass die Daten von hoher Qualit\u00e4t sind?"},"content":{"rendered":"<div id=\"cs-content\" class=\"cs-content\"><\/div>\n","protected":false},"excerpt":{"rendered":"<p>Woher wei\u00df ich, dass die Daten von hoher Qualit\u00e4t sind? Wenn sie nicht genau sind, sind sie wertlos. So validiert EDI die Marktdaten. Letztes VideoN\u00e4chstes VideoWenn Sie Marktdaten kaufen, verlassen Sie sich<\/p>\n<a href=\"https:\/\/www.exchange-data.com\/de\/video-4-woher-weiss-ich-dass-die-daten-von-hoher-qualitaet-sind\/\" class=\"more-link\">Learn More<\/a>.","protected":false},"author":6,"featured_media":0,"parent":0,"menu_order":0,"comment_status":"closed","ping_status":"closed","template":"template-blank-4.php","meta":{"_acf_changed":false,"inline_featured_image":false,"footnotes":""},"class_list":["post-35833","page","type-page","status-publish","hentry","no-post-thumbnail"],"acf":[],"yoast_head":"<!-- This site is optimized with the Yoast SEO Premium plugin v27.4 (Yoast SEO v27.4) - https:\/\/yoast.com\/product\/yoast-seo-premium-wordpress\/ -->\n<title>Woher wei\u00df ich, dass die Daten von hoher Qualit\u00e4t sind? | Exchange Data International<\/title>\n<meta name=\"description\" content=\"EDI Video 4 Archive Video 4: Woher wei\u00df ich, dass die Daten von hoher Qualit\u00e4t sind? Sehen Sie sich das Video von EDI an: Woher wei\u00df ich, dass die Daten von hoher Qualit\u00e4t sind? | Kontaktieren Sie uns f\u00fcr weitere Videos\" \/>\n<meta name=\"robots\" content=\"index, follow, max-snippet:-1, max-image-preview:large, max-video-preview:-1\" \/>\n<link rel=\"canonical\" href=\"https:\/\/www.exchange-data.com\/de\/video-4-woher-weiss-ich-dass-die-daten-von-hoher-qualitaet-sind\/\" \/>\n<meta property=\"og:locale\" content=\"de_DE\" \/>\n<meta property=\"og:type\" content=\"article\" \/>\n<meta property=\"og:title\" content=\"Video 4: Woher wei\u00df ich, dass die Daten von hoher Qualit\u00e4t sind? | Exchange Data International\" \/>\n<meta property=\"og:description\" content=\"EDI Video 4 Archive Video 4: Woher wei\u00df ich, dass die Daten von hoher Qualit\u00e4t sind? Sehen Sie sich das Video von EDI an: Woher wei\u00df ich, dass die Daten von hoher Qualit\u00e4t sind? | Kontaktieren Sie uns f\u00fcr weitere Videos\" \/>\n<meta property=\"og:url\" content=\"https:\/\/www.exchange-data.com\/de\/video-4-woher-weiss-ich-dass-die-daten-von-hoher-qualitaet-sind\/\" \/>\n<meta property=\"og:site_name\" content=\"Exchange Data International\" \/>\n<meta property=\"article:modified_time\" content=\"2025-04-16T12:14:38+00:00\" \/>\n<meta name=\"twitter:card\" content=\"summary_large_image\" \/>\n<meta name=\"twitter:site\" content=\"@ExchangeData\" \/>\n<meta name=\"twitter:label1\" content=\"Gesch\u00e4tzte Lesezeit\" \/>\n\t<meta name=\"twitter:data1\" content=\"3\u00a0Minuten\" \/>\n<script type=\"application\/ld+json\" class=\"yoast-schema-graph\">{\"@context\":\"https:\\\/\\\/schema.org\",\"@graph\":[{\"@type\":\"WebPage\",\"@id\":\"https:\\\/\\\/www.exchange-data.com\\\/de\\\/video-4-woher-weiss-ich-dass-die-daten-von-hoher-qualitaet-sind\\\/\",\"url\":\"https:\\\/\\\/www.exchange-data.com\\\/de\\\/video-4-woher-weiss-ich-dass-die-daten-von-hoher-qualitaet-sind\\\/\",\"name\":\"Woher wei\u00df ich, dass die Daten von hoher Qualit\u00e4t sind? | Exchange Data International\",\"isPartOf\":{\"@id\":\"https:\\\/\\\/www.exchange-data.com\\\/de\\\/#website\"},\"datePublished\":\"2023-08-08T17:28:16+00:00\",\"dateModified\":\"2025-04-16T12:14:38+00:00\",\"description\":\"EDI Video 4 Archive Video 4: Woher wei\u00df ich, dass die Daten von hoher Qualit\u00e4t sind? Sehen Sie sich das Video von EDI an: Woher wei\u00df ich, dass die Daten von hoher Qualit\u00e4t sind? | Kontaktieren Sie uns f\u00fcr weitere Videos\",\"breadcrumb\":{\"@id\":\"https:\\\/\\\/www.exchange-data.com\\\/de\\\/video-4-woher-weiss-ich-dass-die-daten-von-hoher-qualitaet-sind\\\/#breadcrumb\"},\"inLanguage\":\"de\",\"potentialAction\":[{\"@type\":\"ReadAction\",\"target\":[\"https:\\\/\\\/www.exchange-data.com\\\/de\\\/video-4-woher-weiss-ich-dass-die-daten-von-hoher-qualitaet-sind\\\/\"]}]},{\"@type\":\"BreadcrumbList\",\"@id\":\"https:\\\/\\\/www.exchange-data.com\\\/de\\\/video-4-woher-weiss-ich-dass-die-daten-von-hoher-qualitaet-sind\\\/#breadcrumb\",\"itemListElement\":[{\"@type\":\"ListItem\",\"position\":1,\"name\":\"Home\",\"item\":\"https:\\\/\\\/www.exchange-data.com\\\/de\\\/startseite\\\/\"},{\"@type\":\"ListItem\",\"position\":2,\"name\":\"Video 4: Woher wei\u00df ich, dass die Daten von hoher Qualit\u00e4t sind?\"}]},{\"@type\":\"WebSite\",\"@id\":\"https:\\\/\\\/www.exchange-data.com\\\/de\\\/#website\",\"url\":\"https:\\\/\\\/www.exchange-data.com\\\/de\\\/\",\"name\":\"Exchange Data International\",\"description\":\"Doing data differently\",\"publisher\":{\"@id\":\"https:\\\/\\\/www.exchange-data.com\\\/de\\\/#organization\"},\"potentialAction\":[{\"@type\":\"SearchAction\",\"target\":{\"@type\":\"EntryPoint\",\"urlTemplate\":\"https:\\\/\\\/www.exchange-data.com\\\/de\\\/?s={search_term_string}\"},\"query-input\":{\"@type\":\"PropertyValueSpecification\",\"valueRequired\":true,\"valueName\":\"search_term_string\"}}],\"inLanguage\":\"de\"},{\"@type\":\"Organization\",\"@id\":\"https:\\\/\\\/www.exchange-data.com\\\/de\\\/#organization\",\"name\":\"Exchange Data International\",\"url\":\"https:\\\/\\\/www.exchange-data.com\\\/de\\\/\",\"logo\":{\"@type\":\"ImageObject\",\"inLanguage\":\"de\",\"@id\":\"https:\\\/\\\/www.exchange-data.com\\\/de\\\/#\\\/schema\\\/logo\\\/image\\\/\",\"url\":\"https:\\\/\\\/www.exchange-data.com\\\/wp-content\\\/uploads\\\/2019\\\/03\\\/logo3.png\",\"contentUrl\":\"https:\\\/\\\/www.exchange-data.com\\\/wp-content\\\/uploads\\\/2019\\\/03\\\/logo3.png\",\"width\":200,\"height\":80,\"caption\":\"Exchange Data International\"},\"image\":{\"@id\":\"https:\\\/\\\/www.exchange-data.com\\\/de\\\/#\\\/schema\\\/logo\\\/image\\\/\"},\"sameAs\":[\"https:\\\/\\\/x.com\\\/ExchangeData\",\"https:\\\/\\\/www.linkedin.com\\\/company\\\/exchange-data-international\\\/?viewAsMember=true\",\"https:\\\/\\\/www.youtube.com\\\/channel\\\/UC5D1OpUb22YZANRLD_Ktcgg?view_as=subscriber\"]}]}<\/script>\n<!-- \/ Yoast SEO Premium plugin. -->","yoast_head_json":{"title":"Woher wei\u00df ich, dass die Daten von hoher Qualit\u00e4t sind? | Exchange Data International","description":"EDI Video 4 Archive Video 4: Woher wei\u00df ich, dass die Daten von hoher Qualit\u00e4t sind? Sehen Sie sich das Video von EDI an: Woher wei\u00df ich, dass die Daten von hoher Qualit\u00e4t sind? | Kontaktieren Sie uns f\u00fcr weitere Videos","robots":{"index":"index","follow":"follow","max-snippet":"max-snippet:-1","max-image-preview":"max-image-preview:large","max-video-preview":"max-video-preview:-1"},"canonical":"https:\/\/www.exchange-data.com\/de\/video-4-woher-weiss-ich-dass-die-daten-von-hoher-qualitaet-sind\/","og_locale":"de_DE","og_type":"article","og_title":"Video 4: Woher wei\u00df ich, dass die Daten von hoher Qualit\u00e4t sind? | Exchange Data International","og_description":"EDI Video 4 Archive Video 4: Woher wei\u00df ich, dass die Daten von hoher Qualit\u00e4t sind? Sehen Sie sich das Video von EDI an: Woher wei\u00df ich, dass die Daten von hoher Qualit\u00e4t sind? | Kontaktieren Sie uns f\u00fcr weitere Videos","og_url":"https:\/\/www.exchange-data.com\/de\/video-4-woher-weiss-ich-dass-die-daten-von-hoher-qualitaet-sind\/","og_site_name":"Exchange Data International","article_modified_time":"2025-04-16T12:14:38+00:00","twitter_card":"summary_large_image","twitter_site":"@ExchangeData","twitter_misc":{"Gesch\u00e4tzte Lesezeit":"3\u00a0Minuten"},"schema":{"@context":"https:\/\/schema.org","@graph":[{"@type":"WebPage","@id":"https:\/\/www.exchange-data.com\/de\/video-4-woher-weiss-ich-dass-die-daten-von-hoher-qualitaet-sind\/","url":"https:\/\/www.exchange-data.com\/de\/video-4-woher-weiss-ich-dass-die-daten-von-hoher-qualitaet-sind\/","name":"Woher wei\u00df ich, dass die Daten von hoher Qualit\u00e4t sind? | Exchange Data International","isPartOf":{"@id":"https:\/\/www.exchange-data.com\/de\/#website"},"datePublished":"2023-08-08T17:28:16+00:00","dateModified":"2025-04-16T12:14:38+00:00","description":"EDI Video 4 Archive Video 4: Woher wei\u00df ich, dass die Daten von hoher Qualit\u00e4t sind? Sehen Sie sich das Video von EDI an: Woher wei\u00df ich, dass die Daten von hoher Qualit\u00e4t sind? | Kontaktieren Sie uns f\u00fcr weitere Videos","breadcrumb":{"@id":"https:\/\/www.exchange-data.com\/de\/video-4-woher-weiss-ich-dass-die-daten-von-hoher-qualitaet-sind\/#breadcrumb"},"inLanguage":"de","potentialAction":[{"@type":"ReadAction","target":["https:\/\/www.exchange-data.com\/de\/video-4-woher-weiss-ich-dass-die-daten-von-hoher-qualitaet-sind\/"]}]},{"@type":"BreadcrumbList","@id":"https:\/\/www.exchange-data.com\/de\/video-4-woher-weiss-ich-dass-die-daten-von-hoher-qualitaet-sind\/#breadcrumb","itemListElement":[{"@type":"ListItem","position":1,"name":"Home","item":"https:\/\/www.exchange-data.com\/de\/startseite\/"},{"@type":"ListItem","position":2,"name":"Video 4: Woher wei\u00df ich, dass die Daten von hoher Qualit\u00e4t sind?"}]},{"@type":"WebSite","@id":"https:\/\/www.exchange-data.com\/de\/#website","url":"https:\/\/www.exchange-data.com\/de\/","name":"Exchange Data International","description":"Doing data differently","publisher":{"@id":"https:\/\/www.exchange-data.com\/de\/#organization"},"potentialAction":[{"@type":"SearchAction","target":{"@type":"EntryPoint","urlTemplate":"https:\/\/www.exchange-data.com\/de\/?s={search_term_string}"},"query-input":{"@type":"PropertyValueSpecification","valueRequired":true,"valueName":"search_term_string"}}],"inLanguage":"de"},{"@type":"Organization","@id":"https:\/\/www.exchange-data.com\/de\/#organization","name":"Exchange Data International","url":"https:\/\/www.exchange-data.com\/de\/","logo":{"@type":"ImageObject","inLanguage":"de","@id":"https:\/\/www.exchange-data.com\/de\/#\/schema\/logo\/image\/","url":"https:\/\/www.exchange-data.com\/wp-content\/uploads\/2019\/03\/logo3.png","contentUrl":"https:\/\/www.exchange-data.com\/wp-content\/uploads\/2019\/03\/logo3.png","width":200,"height":80,"caption":"Exchange Data International"},"image":{"@id":"https:\/\/www.exchange-data.com\/de\/#\/schema\/logo\/image\/"},"sameAs":["https:\/\/x.com\/ExchangeData","https:\/\/www.linkedin.com\/company\/exchange-data-international\/?viewAsMember=true","https:\/\/www.youtube.com\/channel\/UC5D1OpUb22YZANRLD_Ktcgg?view_as=subscriber"]}]}},"_links":{"self":[{"href":"https:\/\/www.exchange-data.com\/de\/wp-json\/wp\/v2\/pages\/35833","targetHints":{"allow":["GET"]}}],"collection":[{"href":"https:\/\/www.exchange-data.com\/de\/wp-json\/wp\/v2\/pages"}],"about":[{"href":"https:\/\/www.exchange-data.com\/de\/wp-json\/wp\/v2\/types\/page"}],"author":[{"embeddable":true,"href":"https:\/\/www.exchange-data.com\/de\/wp-json\/wp\/v2\/users\/6"}],"replies":[{"embeddable":true,"href":"https:\/\/www.exchange-data.com\/de\/wp-json\/wp\/v2\/comments?post=35833"}],"version-history":[{"count":0,"href":"https:\/\/www.exchange-data.com\/de\/wp-json\/wp\/v2\/pages\/35833\/revisions"}],"wp:attachment":[{"href":"https:\/\/www.exchange-data.com\/de\/wp-json\/wp\/v2\/media?parent=35833"}],"curies":[{"name":"wp","href":"https:\/\/api.w.org\/{rel}","templated":true}]}}