{"id":35958,"date":"2019-03-25T11:09:53","date_gmt":"2019-03-25T10:09:53","guid":{"rendered":"https:\/\/www.exchange-data.com\/kontakt-aufnehmen-pop-up-anfrage-testversion\/"},"modified":"2025-08-28T12:56:20","modified_gmt":"2025-08-28T11:56:20","slug":"kontakt-aufnehmen-pop-up-anfrage-testversion","status":"publish","type":"page","link":"https:\/\/www.exchange-data.com\/de\/kontakt-aufnehmen-pop-up-anfrage-testversion\/","title":{"rendered":"Kontakt aufnehmen Pop Up Anfrage Testversion"},"content":{"rendered":"<div id=\"cs-content\" class=\"cs-content\"><\/div>\n","protected":false},"excerpt":{"rendered":"<p>Get Started Kontaktieren Sie uns Produkt brosch\u00fcre anfordern Testzugang anfragen Kommentare Ja, ich m\u00f6chte Marketingmitteilungen von EDI per E-Mail erhalten.Nein, ich m\u00f6chte keine Marketingmitteilungen von EDI per E-Mail erhalten. Bitte best\u00e4tigen Sie,<\/p>\n<a href=\"https:\/\/www.exchange-data.com\/de\/kontakt-aufnehmen-pop-up-anfrage-testversion\/\" class=\"more-link\">Learn More<\/a>.","protected":false},"author":23,"featured_media":0,"parent":0,"menu_order":0,"comment_status":"closed","ping_status":"closed","template":"template-blank-6.php","meta":{"_acf_changed":false,"inline_featured_image":false,"footnotes":""},"class_list":["post-35958","page","type-page","status-publish","hentry","no-post-thumbnail"],"acf":[],"yoast_head":"<!-- This site is optimized with the Yoast SEO Premium plugin v27.5 (Yoast SEO v27.5) - https:\/\/yoast.com\/product\/yoast-seo-premium-wordpress\/ -->\n<title>Kontakt aufnehmen Pop Up Anfrage Testversion | Exchange Data International<\/title>\n<meta name=\"description\" content=\"M\u00f6chten Sie einen Produkttest anfordern? Nehmen Sie Kontakt auf! EDI ist seit 1994 ein f\u00fchrender Finanzdienstleister| Datendienste | alle wichtigen M\u00e4rkte\" \/>\n<meta name=\"robots\" content=\"noindex, follow\" \/>\n<meta property=\"og:locale\" content=\"de_DE\" \/>\n<meta property=\"og:type\" content=\"article\" \/>\n<meta property=\"og:title\" content=\"Kontakt aufnehmen Pop Up Anfrage Testversion | Exchange Data International\" \/>\n<meta property=\"og:description\" content=\"M\u00f6chten Sie einen Produkttest anfordern? Nehmen Sie Kontakt auf! EDI ist seit 1994 ein f\u00fchrender Finanzdienstleister| Datendienste | alle wichtigen M\u00e4rkte\" \/>\n<meta property=\"og:url\" content=\"https:\/\/www.exchange-data.com\/de\/kontakt-aufnehmen-pop-up-anfrage-testversion\/\" \/>\n<meta property=\"og:site_name\" content=\"Exchange Data International\" \/>\n<meta property=\"article:modified_time\" content=\"2025-08-28T11:56:20+00:00\" \/>\n<meta name=\"twitter:card\" content=\"summary_large_image\" \/>\n<meta name=\"twitter:site\" content=\"@ExchangeData\" \/>\n<script type=\"application\/ld+json\" class=\"yoast-schema-graph\">{\"@context\":\"https:\\\/\\\/schema.org\",\"@graph\":[{\"@type\":\"WebPage\",\"@id\":\"https:\\\/\\\/www.exchange-data.com\\\/de\\\/kontakt-aufnehmen-pop-up-anfrage-testversion\\\/\",\"url\":\"https:\\\/\\\/www.exchange-data.com\\\/de\\\/kontakt-aufnehmen-pop-up-anfrage-testversion\\\/\",\"name\":\"Kontakt aufnehmen Pop Up Anfrage Testversion | Exchange Data International\",\"isPartOf\":{\"@id\":\"https:\\\/\\\/www.exchange-data.com\\\/de\\\/#website\"},\"datePublished\":\"2019-03-25T10:09:53+00:00\",\"dateModified\":\"2025-08-28T11:56:20+00:00\",\"description\":\"M\u00f6chten Sie einen Produkttest anfordern? Nehmen Sie Kontakt auf! EDI ist seit 1994 ein f\u00fchrender Finanzdienstleister| Datendienste | alle wichtigen M\u00e4rkte\",\"breadcrumb\":{\"@id\":\"https:\\\/\\\/www.exchange-data.com\\\/de\\\/kontakt-aufnehmen-pop-up-anfrage-testversion\\\/#breadcrumb\"},\"inLanguage\":\"de\",\"potentialAction\":[{\"@type\":\"ReadAction\",\"target\":[\"https:\\\/\\\/www.exchange-data.com\\\/de\\\/kontakt-aufnehmen-pop-up-anfrage-testversion\\\/\"]}]},{\"@type\":\"BreadcrumbList\",\"@id\":\"https:\\\/\\\/www.exchange-data.com\\\/de\\\/kontakt-aufnehmen-pop-up-anfrage-testversion\\\/#breadcrumb\",\"itemListElement\":[{\"@type\":\"ListItem\",\"position\":1,\"name\":\"Home\",\"item\":\"https:\\\/\\\/www.exchange-data.com\\\/de\\\/startseite\\\/\"},{\"@type\":\"ListItem\",\"position\":2,\"name\":\"Kontakt aufnehmen Pop Up Anfrage Testversion\"}]},{\"@type\":\"WebSite\",\"@id\":\"https:\\\/\\\/www.exchange-data.com\\\/de\\\/#website\",\"url\":\"https:\\\/\\\/www.exchange-data.com\\\/de\\\/\",\"name\":\"Exchange Data International\",\"description\":\"Doing data differently\",\"publisher\":{\"@id\":\"https:\\\/\\\/www.exchange-data.com\\\/de\\\/#organization\"},\"potentialAction\":[{\"@type\":\"SearchAction\",\"target\":{\"@type\":\"EntryPoint\",\"urlTemplate\":\"https:\\\/\\\/www.exchange-data.com\\\/de\\\/?s={search_term_string}\"},\"query-input\":{\"@type\":\"PropertyValueSpecification\",\"valueRequired\":true,\"valueName\":\"search_term_string\"}}],\"inLanguage\":\"de\"},{\"@type\":\"Organization\",\"@id\":\"https:\\\/\\\/www.exchange-data.com\\\/de\\\/#organization\",\"name\":\"Exchange Data International\",\"url\":\"https:\\\/\\\/www.exchange-data.com\\\/de\\\/\",\"logo\":{\"@type\":\"ImageObject\",\"inLanguage\":\"de\",\"@id\":\"https:\\\/\\\/www.exchange-data.com\\\/de\\\/#\\\/schema\\\/logo\\\/image\\\/\",\"url\":\"https:\\\/\\\/www.exchange-data.com\\\/wp-content\\\/uploads\\\/2019\\\/03\\\/logo3.png\",\"contentUrl\":\"https:\\\/\\\/www.exchange-data.com\\\/wp-content\\\/uploads\\\/2019\\\/03\\\/logo3.png\",\"width\":200,\"height\":80,\"caption\":\"Exchange Data International\"},\"image\":{\"@id\":\"https:\\\/\\\/www.exchange-data.com\\\/de\\\/#\\\/schema\\\/logo\\\/image\\\/\"},\"sameAs\":[\"https:\\\/\\\/x.com\\\/ExchangeData\",\"https:\\\/\\\/www.linkedin.com\\\/company\\\/exchange-data-international\\\/?viewAsMember=true\",\"https:\\\/\\\/www.youtube.com\\\/channel\\\/UC5D1OpUb22YZANRLD_Ktcgg?view_as=subscriber\"]}]}<\/script>\n<!-- \/ Yoast SEO Premium plugin. -->","yoast_head_json":{"title":"Kontakt aufnehmen Pop Up Anfrage Testversion | Exchange Data International","description":"M\u00f6chten Sie einen Produkttest anfordern? Nehmen Sie Kontakt auf! EDI ist seit 1994 ein f\u00fchrender Finanzdienstleister| Datendienste | alle wichtigen M\u00e4rkte","robots":{"index":"noindex","follow":"follow"},"og_locale":"de_DE","og_type":"article","og_title":"Kontakt aufnehmen Pop Up Anfrage Testversion | Exchange Data International","og_description":"M\u00f6chten Sie einen Produkttest anfordern? Nehmen Sie Kontakt auf! EDI ist seit 1994 ein f\u00fchrender Finanzdienstleister| Datendienste | alle wichtigen M\u00e4rkte","og_url":"https:\/\/www.exchange-data.com\/de\/kontakt-aufnehmen-pop-up-anfrage-testversion\/","og_site_name":"Exchange Data International","article_modified_time":"2025-08-28T11:56:20+00:00","twitter_card":"summary_large_image","twitter_site":"@ExchangeData","schema":{"@context":"https:\/\/schema.org","@graph":[{"@type":"WebPage","@id":"https:\/\/www.exchange-data.com\/de\/kontakt-aufnehmen-pop-up-anfrage-testversion\/","url":"https:\/\/www.exchange-data.com\/de\/kontakt-aufnehmen-pop-up-anfrage-testversion\/","name":"Kontakt aufnehmen Pop Up Anfrage Testversion | Exchange Data International","isPartOf":{"@id":"https:\/\/www.exchange-data.com\/de\/#website"},"datePublished":"2019-03-25T10:09:53+00:00","dateModified":"2025-08-28T11:56:20+00:00","description":"M\u00f6chten Sie einen Produkttest anfordern? Nehmen Sie Kontakt auf! EDI ist seit 1994 ein f\u00fchrender Finanzdienstleister| Datendienste | alle wichtigen M\u00e4rkte","breadcrumb":{"@id":"https:\/\/www.exchange-data.com\/de\/kontakt-aufnehmen-pop-up-anfrage-testversion\/#breadcrumb"},"inLanguage":"de","potentialAction":[{"@type":"ReadAction","target":["https:\/\/www.exchange-data.com\/de\/kontakt-aufnehmen-pop-up-anfrage-testversion\/"]}]},{"@type":"BreadcrumbList","@id":"https:\/\/www.exchange-data.com\/de\/kontakt-aufnehmen-pop-up-anfrage-testversion\/#breadcrumb","itemListElement":[{"@type":"ListItem","position":1,"name":"Home","item":"https:\/\/www.exchange-data.com\/de\/startseite\/"},{"@type":"ListItem","position":2,"name":"Kontakt aufnehmen Pop Up Anfrage Testversion"}]},{"@type":"WebSite","@id":"https:\/\/www.exchange-data.com\/de\/#website","url":"https:\/\/www.exchange-data.com\/de\/","name":"Exchange Data International","description":"Doing data differently","publisher":{"@id":"https:\/\/www.exchange-data.com\/de\/#organization"},"potentialAction":[{"@type":"SearchAction","target":{"@type":"EntryPoint","urlTemplate":"https:\/\/www.exchange-data.com\/de\/?s={search_term_string}"},"query-input":{"@type":"PropertyValueSpecification","valueRequired":true,"valueName":"search_term_string"}}],"inLanguage":"de"},{"@type":"Organization","@id":"https:\/\/www.exchange-data.com\/de\/#organization","name":"Exchange Data International","url":"https:\/\/www.exchange-data.com\/de\/","logo":{"@type":"ImageObject","inLanguage":"de","@id":"https:\/\/www.exchange-data.com\/de\/#\/schema\/logo\/image\/","url":"https:\/\/www.exchange-data.com\/wp-content\/uploads\/2019\/03\/logo3.png","contentUrl":"https:\/\/www.exchange-data.com\/wp-content\/uploads\/2019\/03\/logo3.png","width":200,"height":80,"caption":"Exchange Data International"},"image":{"@id":"https:\/\/www.exchange-data.com\/de\/#\/schema\/logo\/image\/"},"sameAs":["https:\/\/x.com\/ExchangeData","https:\/\/www.linkedin.com\/company\/exchange-data-international\/?viewAsMember=true","https:\/\/www.youtube.com\/channel\/UC5D1OpUb22YZANRLD_Ktcgg?view_as=subscriber"]}]}},"_links":{"self":[{"href":"https:\/\/www.exchange-data.com\/de\/wp-json\/wp\/v2\/pages\/35958","targetHints":{"allow":["GET"]}}],"collection":[{"href":"https:\/\/www.exchange-data.com\/de\/wp-json\/wp\/v2\/pages"}],"about":[{"href":"https:\/\/www.exchange-data.com\/de\/wp-json\/wp\/v2\/types\/page"}],"author":[{"embeddable":true,"href":"https:\/\/www.exchange-data.com\/de\/wp-json\/wp\/v2\/users\/23"}],"replies":[{"embeddable":true,"href":"https:\/\/www.exchange-data.com\/de\/wp-json\/wp\/v2\/comments?post=35958"}],"version-history":[{"count":0,"href":"https:\/\/www.exchange-data.com\/de\/wp-json\/wp\/v2\/pages\/35958\/revisions"}],"wp:attachment":[{"href":"https:\/\/www.exchange-data.com\/de\/wp-json\/wp\/v2\/media?parent=35958"}],"curies":[{"name":"wp","href":"https:\/\/api.w.org\/{rel}","templated":true}]}}