{"id":36187,"date":"2025-04-30T07:01:38","date_gmt":"2025-04-30T06:01:38","guid":{"rendered":"https:\/\/www.exchange-data.com\/faqs-end-day-prices\/"},"modified":"2025-08-28T12:02:18","modified_gmt":"2025-08-28T11:02:18","slug":"faqs-end-of-day-preis","status":"publish","type":"page","link":"https:\/\/www.exchange-data.com\/de\/faqs-end-of-day-preis\/","title":{"rendered":"FAQs zu End-of-Day-Preisen"},"content":{"rendered":"<div id=\"cs-content\" class=\"cs-content\"><\/div>\n","protected":false},"excerpt":{"rendered":"<p>&#x25b8; Wie werden die Dateien bereitgestellt?Die Dateien werden \u00fcber FTP f\u00fcr Abonnenten zur Verf\u00fcgung gestellt. FTP-Serverdetails: Prim\u00e4r: ftp.exchange-data.net Backup: ftp.exchange-data.com Kunden k\u00f6nnen w\u00e4hlen, ob sie Preisdateien erhalten m\u00f6chten, die nach ISO-L\u00e4ndercodes in<\/p>\n<a href=\"https:\/\/www.exchange-data.com\/de\/faqs-end-of-day-preis\/\" class=\"more-link\">Learn More<\/a>.","protected":false},"author":23,"featured_media":0,"parent":0,"menu_order":0,"comment_status":"closed","ping_status":"closed","template":"","meta":{"_acf_changed":false,"inline_featured_image":false,"footnotes":""},"class_list":["post-36187","page","type-page","status-publish","hentry","no-post-thumbnail"],"acf":[],"yoast_head":"<!-- This site is optimized with the Yoast SEO Premium plugin v26.0 (Yoast SEO v26.0) - https:\/\/yoast.com\/wordpress\/plugins\/seo\/ -->\n<title>FAQs zu End-of-Day-Preisen | Exchange Data International<\/title>\n<meta name=\"description\" content=\"Entdecken Sie EDI&#039;s globale End-of-Day-Preisdienste, darunter FX-Feeds, Preisvalidierung, ETF-Abdeckung, B\u00f6rsenfeiertage, Datenanpassungen und verschiedene Bereitstellungsformate.\" \/>\n<meta name=\"robots\" content=\"index, follow, max-snippet:-1, max-image-preview:large, max-video-preview:-1\" \/>\n<link rel=\"canonical\" href=\"https:\/\/www.exchange-data.com\/de\/faqs-end-of-day-preis\/\" \/>\n<meta property=\"og:locale\" content=\"de_DE\" \/>\n<meta property=\"og:type\" content=\"article\" \/>\n<meta property=\"og:title\" content=\"FAQs zu End-of-Day-Preisen | Exchange Data International\" \/>\n<meta property=\"og:description\" content=\"Entdecken Sie EDI&#039;s globale End-of-Day-Preisdienste, darunter FX-Feeds, Preisvalidierung, ETF-Abdeckung, B\u00f6rsenfeiertage, Datenanpassungen und verschiedene Bereitstellungsformate.\" \/>\n<meta property=\"og:url\" content=\"https:\/\/www.exchange-data.com\/de\/faqs-end-of-day-preis\/\" \/>\n<meta property=\"og:site_name\" content=\"Exchange Data International\" \/>\n<meta property=\"article:modified_time\" content=\"2025-08-28T11:02:18+00:00\" \/>\n<meta name=\"twitter:card\" content=\"summary_large_image\" \/>\n<meta name=\"twitter:site\" content=\"@ExchangeData\" \/>\n<meta name=\"twitter:label1\" content=\"Gesch\u00e4tzte Lesezeit\" \/>\n\t<meta name=\"twitter:data1\" content=\"13\u00a0Minuten\" \/>\n<script type=\"application\/ld+json\" class=\"yoast-schema-graph\">{\"@context\":\"https:\/\/schema.org\",\"@graph\":[{\"@type\":\"WebPage\",\"@id\":\"https:\/\/www.exchange-data.com\/de\/faqs-end-of-day-preis\/\",\"url\":\"https:\/\/www.exchange-data.com\/de\/faqs-end-of-day-preis\/\",\"name\":\"FAQs zu End-of-Day-Preisen | Exchange Data International\",\"isPartOf\":{\"@id\":\"https:\/\/www.exchange-data.com\/de\/#website\"},\"datePublished\":\"2025-04-30T06:01:38+00:00\",\"dateModified\":\"2025-08-28T11:02:18+00:00\",\"description\":\"Entdecken Sie EDI's globale End-of-Day-Preisdienste, darunter FX-Feeds, Preisvalidierung, ETF-Abdeckung, B\u00f6rsenfeiertage, Datenanpassungen und verschiedene Bereitstellungsformate.\",\"breadcrumb\":{\"@id\":\"https:\/\/www.exchange-data.com\/de\/faqs-end-of-day-preis\/#breadcrumb\"},\"inLanguage\":\"de\",\"potentialAction\":[{\"@type\":\"ReadAction\",\"target\":[\"https:\/\/www.exchange-data.com\/de\/faqs-end-of-day-preis\/\"]}]},{\"@type\":\"BreadcrumbList\",\"@id\":\"https:\/\/www.exchange-data.com\/de\/faqs-end-of-day-preis\/#breadcrumb\",\"itemListElement\":[{\"@type\":\"ListItem\",\"position\":1,\"name\":\"Home\",\"item\":\"https:\/\/www.exchange-data.com\/de\/startseite\/\"},{\"@type\":\"ListItem\",\"position\":2,\"name\":\"FAQs zu End-of-Day-Preisen\"}]},{\"@type\":\"WebSite\",\"@id\":\"https:\/\/www.exchange-data.com\/de\/#website\",\"url\":\"https:\/\/www.exchange-data.com\/de\/\",\"name\":\"Exchange Data International\",\"description\":\"Doing data differently\",\"publisher\":{\"@id\":\"https:\/\/www.exchange-data.com\/de\/#organization\"},\"potentialAction\":[{\"@type\":\"SearchAction\",\"target\":{\"@type\":\"EntryPoint\",\"urlTemplate\":\"https:\/\/www.exchange-data.com\/de\/?s={search_term_string}\"},\"query-input\":{\"@type\":\"PropertyValueSpecification\",\"valueRequired\":true,\"valueName\":\"search_term_string\"}}],\"inLanguage\":\"de\"},{\"@type\":\"Organization\",\"@id\":\"https:\/\/www.exchange-data.com\/de\/#organization\",\"name\":\"Exchange Data International\",\"url\":\"https:\/\/www.exchange-data.com\/de\/\",\"logo\":{\"@type\":\"ImageObject\",\"inLanguage\":\"de\",\"@id\":\"https:\/\/www.exchange-data.com\/de\/#\/schema\/logo\/image\/\",\"url\":\"https:\/\/www.exchange-data.com\/wp-content\/uploads\/2019\/03\/logo3.png\",\"contentUrl\":\"https:\/\/www.exchange-data.com\/wp-content\/uploads\/2019\/03\/logo3.png\",\"width\":200,\"height\":80,\"caption\":\"Exchange Data International\"},\"image\":{\"@id\":\"https:\/\/www.exchange-data.com\/de\/#\/schema\/logo\/image\/\"},\"sameAs\":[\"https:\/\/x.com\/ExchangeData\",\"https:\/\/www.linkedin.com\/company\/exchange-data-international\/?viewAsMember=true\",\"https:\/\/www.youtube.com\/channel\/UC5D1OpUb22YZANRLD_Ktcgg?view_as=subscriber\"]}]}<\/script>\n<!-- \/ Yoast SEO Premium plugin. -->","yoast_head_json":{"title":"FAQs zu End-of-Day-Preisen | Exchange Data International","description":"Entdecken Sie EDI's globale End-of-Day-Preisdienste, darunter FX-Feeds, Preisvalidierung, ETF-Abdeckung, B\u00f6rsenfeiertage, Datenanpassungen und verschiedene Bereitstellungsformate.","robots":{"index":"index","follow":"follow","max-snippet":"max-snippet:-1","max-image-preview":"max-image-preview:large","max-video-preview":"max-video-preview:-1"},"canonical":"https:\/\/www.exchange-data.com\/de\/faqs-end-of-day-preis\/","og_locale":"de_DE","og_type":"article","og_title":"FAQs zu End-of-Day-Preisen | Exchange Data International","og_description":"Entdecken Sie EDI's globale End-of-Day-Preisdienste, darunter FX-Feeds, Preisvalidierung, ETF-Abdeckung, B\u00f6rsenfeiertage, Datenanpassungen und verschiedene Bereitstellungsformate.","og_url":"https:\/\/www.exchange-data.com\/de\/faqs-end-of-day-preis\/","og_site_name":"Exchange Data International","article_modified_time":"2025-08-28T11:02:18+00:00","twitter_card":"summary_large_image","twitter_site":"@ExchangeData","twitter_misc":{"Gesch\u00e4tzte Lesezeit":"13\u00a0Minuten"},"schema":{"@context":"https:\/\/schema.org","@graph":[{"@type":"WebPage","@id":"https:\/\/www.exchange-data.com\/de\/faqs-end-of-day-preis\/","url":"https:\/\/www.exchange-data.com\/de\/faqs-end-of-day-preis\/","name":"FAQs zu End-of-Day-Preisen | Exchange Data International","isPartOf":{"@id":"https:\/\/www.exchange-data.com\/de\/#website"},"datePublished":"2025-04-30T06:01:38+00:00","dateModified":"2025-08-28T11:02:18+00:00","description":"Entdecken Sie EDI's globale End-of-Day-Preisdienste, darunter FX-Feeds, Preisvalidierung, ETF-Abdeckung, B\u00f6rsenfeiertage, Datenanpassungen und verschiedene Bereitstellungsformate.","breadcrumb":{"@id":"https:\/\/www.exchange-data.com\/de\/faqs-end-of-day-preis\/#breadcrumb"},"inLanguage":"de","potentialAction":[{"@type":"ReadAction","target":["https:\/\/www.exchange-data.com\/de\/faqs-end-of-day-preis\/"]}]},{"@type":"BreadcrumbList","@id":"https:\/\/www.exchange-data.com\/de\/faqs-end-of-day-preis\/#breadcrumb","itemListElement":[{"@type":"ListItem","position":1,"name":"Home","item":"https:\/\/www.exchange-data.com\/de\/startseite\/"},{"@type":"ListItem","position":2,"name":"FAQs zu End-of-Day-Preisen"}]},{"@type":"WebSite","@id":"https:\/\/www.exchange-data.com\/de\/#website","url":"https:\/\/www.exchange-data.com\/de\/","name":"Exchange Data International","description":"Doing data differently","publisher":{"@id":"https:\/\/www.exchange-data.com\/de\/#organization"},"potentialAction":[{"@type":"SearchAction","target":{"@type":"EntryPoint","urlTemplate":"https:\/\/www.exchange-data.com\/de\/?s={search_term_string}"},"query-input":{"@type":"PropertyValueSpecification","valueRequired":true,"valueName":"search_term_string"}}],"inLanguage":"de"},{"@type":"Organization","@id":"https:\/\/www.exchange-data.com\/de\/#organization","name":"Exchange Data International","url":"https:\/\/www.exchange-data.com\/de\/","logo":{"@type":"ImageObject","inLanguage":"de","@id":"https:\/\/www.exchange-data.com\/de\/#\/schema\/logo\/image\/","url":"https:\/\/www.exchange-data.com\/wp-content\/uploads\/2019\/03\/logo3.png","contentUrl":"https:\/\/www.exchange-data.com\/wp-content\/uploads\/2019\/03\/logo3.png","width":200,"height":80,"caption":"Exchange Data International"},"image":{"@id":"https:\/\/www.exchange-data.com\/de\/#\/schema\/logo\/image\/"},"sameAs":["https:\/\/x.com\/ExchangeData","https:\/\/www.linkedin.com\/company\/exchange-data-international\/?viewAsMember=true","https:\/\/www.youtube.com\/channel\/UC5D1OpUb22YZANRLD_Ktcgg?view_as=subscriber"]}]}},"_links":{"self":[{"href":"https:\/\/www.exchange-data.com\/de\/wp-json\/wp\/v2\/pages\/36187","targetHints":{"allow":["GET"]}}],"collection":[{"href":"https:\/\/www.exchange-data.com\/de\/wp-json\/wp\/v2\/pages"}],"about":[{"href":"https:\/\/www.exchange-data.com\/de\/wp-json\/wp\/v2\/types\/page"}],"author":[{"embeddable":true,"href":"https:\/\/www.exchange-data.com\/de\/wp-json\/wp\/v2\/users\/23"}],"replies":[{"embeddable":true,"href":"https:\/\/www.exchange-data.com\/de\/wp-json\/wp\/v2\/comments?post=36187"}],"version-history":[{"count":0,"href":"https:\/\/www.exchange-data.com\/de\/wp-json\/wp\/v2\/pages\/36187\/revisions"}],"wp:attachment":[{"href":"https:\/\/www.exchange-data.com\/de\/wp-json\/wp\/v2\/media?parent=36187"}],"curies":[{"name":"wp","href":"https:\/\/api.w.org\/{rel}","templated":true}]}}