{"id":36244,"date":"2025-05-08T14:10:07","date_gmt":"2025-05-08T13:10:07","guid":{"rendered":"https:\/\/www.exchange-data.com\/faqs-end-of-day-preise-5\/"},"modified":"2025-08-14T06:10:00","modified_gmt":"2025-08-14T05:10:00","slug":"faqs-end-of-day-preise-5","status":"publish","type":"page","link":"https:\/\/www.exchange-data.com\/de\/faqs-end-of-day-preise-5\/","title":{"rendered":"FAQs End-of-Day-Preise 5"},"content":{"rendered":"<div id=\"cs-content\" class=\"cs-content\"><\/div>\n","protected":false},"excerpt":{"rendered":"<p>&#x25b8;Wie werden die Dateien bereitgestellt? Die Dateien werden \u00fcber FTP f\u00fcr Abonnenten zur Verf\u00fcgung gestellt. FTP-Serverdetails: Prim\u00e4r: ftp.exchange-data.net Backup: ftp.exchange-data.com Kunden k\u00f6nnen w\u00e4hlen, ob sie Preisdateien erhalten m\u00f6chten, die nach ISO-L\u00e4ndercodes in<\/p>\n<a href=\"https:\/\/www.exchange-data.com\/de\/faqs-end-of-day-preise-5\/\" class=\"more-link\">Learn More<\/a>.","protected":false},"author":23,"featured_media":0,"parent":0,"menu_order":0,"comment_status":"closed","ping_status":"closed","template":"","meta":{"_acf_changed":false,"inline_featured_image":false,"footnotes":""},"class_list":["post-36244","page","type-page","status-publish","hentry","no-post-thumbnail"],"acf":[],"yoast_head":"<!-- This site is optimized with the Yoast SEO Premium plugin v26.0 (Yoast SEO v26.0) - https:\/\/yoast.com\/wordpress\/plugins\/seo\/ -->\n<title>FAQs End-of-Day-Preise 5 | Exchange Data International<\/title>\n<meta name=\"robots\" content=\"index, follow, max-snippet:-1, max-image-preview:large, max-video-preview:-1\" \/>\n<link rel=\"canonical\" href=\"https:\/\/www.exchange-data.com\/de\/faqs-end-of-day-preise-5\/\" \/>\n<meta property=\"og:locale\" content=\"de_DE\" \/>\n<meta property=\"og:type\" content=\"article\" \/>\n<meta property=\"og:title\" content=\"FAQs End-of-Day-Preise 5 | Exchange Data International\" \/>\n<meta property=\"og:description\" content=\"&#x25b8;Wie werden die Dateien bereitgestellt? Die Dateien werden \u00fcber FTP f\u00fcr Abonnenten zur Verf\u00fcgung gestellt. FTP-Serverdetails: Prim\u00e4r: ftp.exchange-data.net Backup: ftp.exchange-data.com Kunden k\u00f6nnen w\u00e4hlen, ob sie Preisdateien erhalten m\u00f6chten, die nach ISO-L\u00e4ndercodes in\" \/>\n<meta property=\"og:url\" content=\"https:\/\/www.exchange-data.com\/de\/faqs-end-of-day-preise-5\/\" \/>\n<meta property=\"og:site_name\" content=\"Exchange Data International\" \/>\n<meta property=\"article:modified_time\" content=\"2025-08-14T05:10:00+00:00\" \/>\n<meta name=\"twitter:card\" content=\"summary_large_image\" \/>\n<meta name=\"twitter:site\" content=\"@ExchangeData\" \/>\n<script type=\"application\/ld+json\" class=\"yoast-schema-graph\">{\"@context\":\"https:\/\/schema.org\",\"@graph\":[{\"@type\":\"WebPage\",\"@id\":\"https:\/\/www.exchange-data.com\/de\/faqs-end-of-day-preise-5\/\",\"url\":\"https:\/\/www.exchange-data.com\/de\/faqs-end-of-day-preise-5\/\",\"name\":\"FAQs End-of-Day-Preise 5 | Exchange Data International\",\"isPartOf\":{\"@id\":\"https:\/\/www.exchange-data.com\/de\/#website\"},\"datePublished\":\"2025-05-08T13:10:07+00:00\",\"dateModified\":\"2025-08-14T05:10:00+00:00\",\"breadcrumb\":{\"@id\":\"https:\/\/www.exchange-data.com\/de\/faqs-end-of-day-preise-5\/#breadcrumb\"},\"inLanguage\":\"de\",\"potentialAction\":[{\"@type\":\"ReadAction\",\"target\":[\"https:\/\/www.exchange-data.com\/de\/faqs-end-of-day-preise-5\/\"]}]},{\"@type\":\"BreadcrumbList\",\"@id\":\"https:\/\/www.exchange-data.com\/de\/faqs-end-of-day-preise-5\/#breadcrumb\",\"itemListElement\":[{\"@type\":\"ListItem\",\"position\":1,\"name\":\"Home\",\"item\":\"https:\/\/www.exchange-data.com\/de\/startseite\/\"},{\"@type\":\"ListItem\",\"position\":2,\"name\":\"FAQs End-of-Day-Preise 5\"}]},{\"@type\":\"WebSite\",\"@id\":\"https:\/\/www.exchange-data.com\/de\/#website\",\"url\":\"https:\/\/www.exchange-data.com\/de\/\",\"name\":\"Exchange Data International\",\"description\":\"Doing data differently\",\"publisher\":{\"@id\":\"https:\/\/www.exchange-data.com\/de\/#organization\"},\"potentialAction\":[{\"@type\":\"SearchAction\",\"target\":{\"@type\":\"EntryPoint\",\"urlTemplate\":\"https:\/\/www.exchange-data.com\/de\/?s={search_term_string}\"},\"query-input\":{\"@type\":\"PropertyValueSpecification\",\"valueRequired\":true,\"valueName\":\"search_term_string\"}}],\"inLanguage\":\"de\"},{\"@type\":\"Organization\",\"@id\":\"https:\/\/www.exchange-data.com\/de\/#organization\",\"name\":\"Exchange Data International\",\"url\":\"https:\/\/www.exchange-data.com\/de\/\",\"logo\":{\"@type\":\"ImageObject\",\"inLanguage\":\"de\",\"@id\":\"https:\/\/www.exchange-data.com\/de\/#\/schema\/logo\/image\/\",\"url\":\"https:\/\/www.exchange-data.com\/wp-content\/uploads\/2019\/03\/logo3.png\",\"contentUrl\":\"https:\/\/www.exchange-data.com\/wp-content\/uploads\/2019\/03\/logo3.png\",\"width\":200,\"height\":80,\"caption\":\"Exchange Data International\"},\"image\":{\"@id\":\"https:\/\/www.exchange-data.com\/de\/#\/schema\/logo\/image\/\"},\"sameAs\":[\"https:\/\/x.com\/ExchangeData\",\"https:\/\/www.linkedin.com\/company\/exchange-data-international\/?viewAsMember=true\",\"https:\/\/www.youtube.com\/channel\/UC5D1OpUb22YZANRLD_Ktcgg?view_as=subscriber\"]}]}<\/script>\n<!-- \/ Yoast SEO Premium plugin. -->","yoast_head_json":{"title":"FAQs End-of-Day-Preise 5 | Exchange Data International","robots":{"index":"index","follow":"follow","max-snippet":"max-snippet:-1","max-image-preview":"max-image-preview:large","max-video-preview":"max-video-preview:-1"},"canonical":"https:\/\/www.exchange-data.com\/de\/faqs-end-of-day-preise-5\/","og_locale":"de_DE","og_type":"article","og_title":"FAQs End-of-Day-Preise 5 | Exchange Data International","og_description":"&#x25b8;Wie werden die Dateien bereitgestellt? Die Dateien werden \u00fcber FTP f\u00fcr Abonnenten zur Verf\u00fcgung gestellt. FTP-Serverdetails: Prim\u00e4r: ftp.exchange-data.net Backup: ftp.exchange-data.com Kunden k\u00f6nnen w\u00e4hlen, ob sie Preisdateien erhalten m\u00f6chten, die nach ISO-L\u00e4ndercodes in","og_url":"https:\/\/www.exchange-data.com\/de\/faqs-end-of-day-preise-5\/","og_site_name":"Exchange Data International","article_modified_time":"2025-08-14T05:10:00+00:00","twitter_card":"summary_large_image","twitter_site":"@ExchangeData","schema":{"@context":"https:\/\/schema.org","@graph":[{"@type":"WebPage","@id":"https:\/\/www.exchange-data.com\/de\/faqs-end-of-day-preise-5\/","url":"https:\/\/www.exchange-data.com\/de\/faqs-end-of-day-preise-5\/","name":"FAQs End-of-Day-Preise 5 | Exchange Data International","isPartOf":{"@id":"https:\/\/www.exchange-data.com\/de\/#website"},"datePublished":"2025-05-08T13:10:07+00:00","dateModified":"2025-08-14T05:10:00+00:00","breadcrumb":{"@id":"https:\/\/www.exchange-data.com\/de\/faqs-end-of-day-preise-5\/#breadcrumb"},"inLanguage":"de","potentialAction":[{"@type":"ReadAction","target":["https:\/\/www.exchange-data.com\/de\/faqs-end-of-day-preise-5\/"]}]},{"@type":"BreadcrumbList","@id":"https:\/\/www.exchange-data.com\/de\/faqs-end-of-day-preise-5\/#breadcrumb","itemListElement":[{"@type":"ListItem","position":1,"name":"Home","item":"https:\/\/www.exchange-data.com\/de\/startseite\/"},{"@type":"ListItem","position":2,"name":"FAQs End-of-Day-Preise 5"}]},{"@type":"WebSite","@id":"https:\/\/www.exchange-data.com\/de\/#website","url":"https:\/\/www.exchange-data.com\/de\/","name":"Exchange Data International","description":"Doing data differently","publisher":{"@id":"https:\/\/www.exchange-data.com\/de\/#organization"},"potentialAction":[{"@type":"SearchAction","target":{"@type":"EntryPoint","urlTemplate":"https:\/\/www.exchange-data.com\/de\/?s={search_term_string}"},"query-input":{"@type":"PropertyValueSpecification","valueRequired":true,"valueName":"search_term_string"}}],"inLanguage":"de"},{"@type":"Organization","@id":"https:\/\/www.exchange-data.com\/de\/#organization","name":"Exchange Data International","url":"https:\/\/www.exchange-data.com\/de\/","logo":{"@type":"ImageObject","inLanguage":"de","@id":"https:\/\/www.exchange-data.com\/de\/#\/schema\/logo\/image\/","url":"https:\/\/www.exchange-data.com\/wp-content\/uploads\/2019\/03\/logo3.png","contentUrl":"https:\/\/www.exchange-data.com\/wp-content\/uploads\/2019\/03\/logo3.png","width":200,"height":80,"caption":"Exchange Data International"},"image":{"@id":"https:\/\/www.exchange-data.com\/de\/#\/schema\/logo\/image\/"},"sameAs":["https:\/\/x.com\/ExchangeData","https:\/\/www.linkedin.com\/company\/exchange-data-international\/?viewAsMember=true","https:\/\/www.youtube.com\/channel\/UC5D1OpUb22YZANRLD_Ktcgg?view_as=subscriber"]}]}},"_links":{"self":[{"href":"https:\/\/www.exchange-data.com\/de\/wp-json\/wp\/v2\/pages\/36244","targetHints":{"allow":["GET"]}}],"collection":[{"href":"https:\/\/www.exchange-data.com\/de\/wp-json\/wp\/v2\/pages"}],"about":[{"href":"https:\/\/www.exchange-data.com\/de\/wp-json\/wp\/v2\/types\/page"}],"author":[{"embeddable":true,"href":"https:\/\/www.exchange-data.com\/de\/wp-json\/wp\/v2\/users\/23"}],"replies":[{"embeddable":true,"href":"https:\/\/www.exchange-data.com\/de\/wp-json\/wp\/v2\/comments?post=36244"}],"version-history":[{"count":0,"href":"https:\/\/www.exchange-data.com\/de\/wp-json\/wp\/v2\/pages\/36244\/revisions"}],"wp:attachment":[{"href":"https:\/\/www.exchange-data.com\/de\/wp-json\/wp\/v2\/media?parent=36244"}],"curies":[{"name":"wp","href":"https:\/\/api.w.org\/{rel}","templated":true}]}}