{"id":36433,"date":"2025-08-14T06:51:17","date_gmt":"2025-08-14T05:51:17","guid":{"rendered":"https:\/\/www.exchange-data.com\/faqs-option-analytic-2\/"},"modified":"2025-08-14T09:57:22","modified_gmt":"2025-08-14T08:57:22","slug":"faqs-optionsanalyse","status":"publish","type":"page","link":"https:\/\/www.exchange-data.com\/de\/faqs-optionsanalyse\/","title":{"rendered":"FAQs Optionsanalyse"},"content":{"rendered":"<div id=\"cs-content\" class=\"cs-content\"><\/div>\n","protected":false},"excerpt":{"rendered":"<p>&#x25b8; Was ist eine Option?Eine Option ist ein Vertrag, der das Recht gew\u00e4hrt, ein bestimmtes Finanzinstrument \u2013 das sogenannte Basiswert oder Underlying \u2013 zu einem festgelegten Preis zu kaufen oder zu verkaufen.<\/p>\n<a href=\"https:\/\/www.exchange-data.com\/de\/faqs-optionsanalyse\/\" class=\"more-link\">Learn More<\/a>.","protected":false},"author":23,"featured_media":0,"parent":0,"menu_order":0,"comment_status":"closed","ping_status":"closed","template":"","meta":{"_acf_changed":false,"inline_featured_image":false,"footnotes":""},"class_list":["post-36433","page","type-page","status-publish","hentry","no-post-thumbnail"],"acf":[],"yoast_head":"<!-- This site is optimized with the Yoast SEO Premium plugin v26.0 (Yoast SEO v26.0) - https:\/\/yoast.com\/wordpress\/plugins\/seo\/ -->\n<title>FAQs Optionsanalyse | Exchange Data International<\/title>\n<meta name=\"description\" content=\"Erfahren Sie, wie Clearingstellen arbeiten, Optionsmargen festlegen, Unternehmensereignisse verwalten und die Preisberichterstattung \u00fcber OPRA im globalen Markt f\u00fcr Aktienoptionen unterst\u00fctzen.\" \/>\n<meta name=\"robots\" content=\"index, follow, max-snippet:-1, max-image-preview:large, max-video-preview:-1\" \/>\n<link rel=\"canonical\" href=\"https:\/\/www.exchange-data.com\/de\/faqs-optionsanalyse\/\" \/>\n<meta property=\"og:locale\" content=\"de_DE\" \/>\n<meta property=\"og:type\" content=\"article\" \/>\n<meta property=\"og:title\" content=\"FAQs Optionsanalyse | Exchange Data International\" \/>\n<meta property=\"og:description\" content=\"Erfahren Sie, wie Clearingstellen arbeiten, Optionsmargen festlegen, Unternehmensereignisse verwalten und die Preisberichterstattung \u00fcber OPRA im globalen Markt f\u00fcr Aktienoptionen unterst\u00fctzen.\" \/>\n<meta property=\"og:url\" content=\"https:\/\/www.exchange-data.com\/de\/faqs-optionsanalyse\/\" \/>\n<meta property=\"og:site_name\" content=\"Exchange Data International\" \/>\n<meta property=\"article:modified_time\" content=\"2025-08-14T08:57:22+00:00\" \/>\n<meta name=\"twitter:card\" content=\"summary_large_image\" \/>\n<meta name=\"twitter:site\" content=\"@ExchangeData\" \/>\n<script type=\"application\/ld+json\" class=\"yoast-schema-graph\">{\"@context\":\"https:\/\/schema.org\",\"@graph\":[{\"@type\":\"WebPage\",\"@id\":\"https:\/\/www.exchange-data.com\/de\/faqs-optionsanalyse\/\",\"url\":\"https:\/\/www.exchange-data.com\/de\/faqs-optionsanalyse\/\",\"name\":\"FAQs Optionsanalyse | Exchange Data International\",\"isPartOf\":{\"@id\":\"https:\/\/www.exchange-data.com\/de\/#website\"},\"datePublished\":\"2025-08-14T05:51:17+00:00\",\"dateModified\":\"2025-08-14T08:57:22+00:00\",\"description\":\"Erfahren Sie, wie Clearingstellen arbeiten, Optionsmargen festlegen, Unternehmensereignisse verwalten und die Preisberichterstattung \u00fcber OPRA im globalen Markt f\u00fcr Aktienoptionen unterst\u00fctzen.\",\"breadcrumb\":{\"@id\":\"https:\/\/www.exchange-data.com\/de\/faqs-optionsanalyse\/#breadcrumb\"},\"inLanguage\":\"de\",\"potentialAction\":[{\"@type\":\"ReadAction\",\"target\":[\"https:\/\/www.exchange-data.com\/de\/faqs-optionsanalyse\/\"]}]},{\"@type\":\"BreadcrumbList\",\"@id\":\"https:\/\/www.exchange-data.com\/de\/faqs-optionsanalyse\/#breadcrumb\",\"itemListElement\":[{\"@type\":\"ListItem\",\"position\":1,\"name\":\"Home\",\"item\":\"https:\/\/www.exchange-data.com\/de\/startseite\/\"},{\"@type\":\"ListItem\",\"position\":2,\"name\":\"FAQs Optionsanalyse\"}]},{\"@type\":\"WebSite\",\"@id\":\"https:\/\/www.exchange-data.com\/de\/#website\",\"url\":\"https:\/\/www.exchange-data.com\/de\/\",\"name\":\"Exchange Data International\",\"description\":\"Doing data differently\",\"publisher\":{\"@id\":\"https:\/\/www.exchange-data.com\/de\/#organization\"},\"potentialAction\":[{\"@type\":\"SearchAction\",\"target\":{\"@type\":\"EntryPoint\",\"urlTemplate\":\"https:\/\/www.exchange-data.com\/de\/?s={search_term_string}\"},\"query-input\":{\"@type\":\"PropertyValueSpecification\",\"valueRequired\":true,\"valueName\":\"search_term_string\"}}],\"inLanguage\":\"de\"},{\"@type\":\"Organization\",\"@id\":\"https:\/\/www.exchange-data.com\/de\/#organization\",\"name\":\"Exchange Data International\",\"url\":\"https:\/\/www.exchange-data.com\/de\/\",\"logo\":{\"@type\":\"ImageObject\",\"inLanguage\":\"de\",\"@id\":\"https:\/\/www.exchange-data.com\/de\/#\/schema\/logo\/image\/\",\"url\":\"https:\/\/www.exchange-data.com\/wp-content\/uploads\/2019\/03\/logo3.png\",\"contentUrl\":\"https:\/\/www.exchange-data.com\/wp-content\/uploads\/2019\/03\/logo3.png\",\"width\":200,\"height\":80,\"caption\":\"Exchange Data International\"},\"image\":{\"@id\":\"https:\/\/www.exchange-data.com\/de\/#\/schema\/logo\/image\/\"},\"sameAs\":[\"https:\/\/x.com\/ExchangeData\",\"https:\/\/www.linkedin.com\/company\/exchange-data-international\/?viewAsMember=true\",\"https:\/\/www.youtube.com\/channel\/UC5D1OpUb22YZANRLD_Ktcgg?view_as=subscriber\"]}]}<\/script>\n<!-- \/ Yoast SEO Premium plugin. -->","yoast_head_json":{"title":"FAQs Optionsanalyse | Exchange Data International","description":"Erfahren Sie, wie Clearingstellen arbeiten, Optionsmargen festlegen, Unternehmensereignisse verwalten und die Preisberichterstattung \u00fcber OPRA im globalen Markt f\u00fcr Aktienoptionen unterst\u00fctzen.","robots":{"index":"index","follow":"follow","max-snippet":"max-snippet:-1","max-image-preview":"max-image-preview:large","max-video-preview":"max-video-preview:-1"},"canonical":"https:\/\/www.exchange-data.com\/de\/faqs-optionsanalyse\/","og_locale":"de_DE","og_type":"article","og_title":"FAQs Optionsanalyse | Exchange Data International","og_description":"Erfahren Sie, wie Clearingstellen arbeiten, Optionsmargen festlegen, Unternehmensereignisse verwalten und die Preisberichterstattung \u00fcber OPRA im globalen Markt f\u00fcr Aktienoptionen unterst\u00fctzen.","og_url":"https:\/\/www.exchange-data.com\/de\/faqs-optionsanalyse\/","og_site_name":"Exchange Data International","article_modified_time":"2025-08-14T08:57:22+00:00","twitter_card":"summary_large_image","twitter_site":"@ExchangeData","schema":{"@context":"https:\/\/schema.org","@graph":[{"@type":"WebPage","@id":"https:\/\/www.exchange-data.com\/de\/faqs-optionsanalyse\/","url":"https:\/\/www.exchange-data.com\/de\/faqs-optionsanalyse\/","name":"FAQs Optionsanalyse | Exchange Data International","isPartOf":{"@id":"https:\/\/www.exchange-data.com\/de\/#website"},"datePublished":"2025-08-14T05:51:17+00:00","dateModified":"2025-08-14T08:57:22+00:00","description":"Erfahren Sie, wie Clearingstellen arbeiten, Optionsmargen festlegen, Unternehmensereignisse verwalten und die Preisberichterstattung \u00fcber OPRA im globalen Markt f\u00fcr Aktienoptionen unterst\u00fctzen.","breadcrumb":{"@id":"https:\/\/www.exchange-data.com\/de\/faqs-optionsanalyse\/#breadcrumb"},"inLanguage":"de","potentialAction":[{"@type":"ReadAction","target":["https:\/\/www.exchange-data.com\/de\/faqs-optionsanalyse\/"]}]},{"@type":"BreadcrumbList","@id":"https:\/\/www.exchange-data.com\/de\/faqs-optionsanalyse\/#breadcrumb","itemListElement":[{"@type":"ListItem","position":1,"name":"Home","item":"https:\/\/www.exchange-data.com\/de\/startseite\/"},{"@type":"ListItem","position":2,"name":"FAQs Optionsanalyse"}]},{"@type":"WebSite","@id":"https:\/\/www.exchange-data.com\/de\/#website","url":"https:\/\/www.exchange-data.com\/de\/","name":"Exchange Data International","description":"Doing data differently","publisher":{"@id":"https:\/\/www.exchange-data.com\/de\/#organization"},"potentialAction":[{"@type":"SearchAction","target":{"@type":"EntryPoint","urlTemplate":"https:\/\/www.exchange-data.com\/de\/?s={search_term_string}"},"query-input":{"@type":"PropertyValueSpecification","valueRequired":true,"valueName":"search_term_string"}}],"inLanguage":"de"},{"@type":"Organization","@id":"https:\/\/www.exchange-data.com\/de\/#organization","name":"Exchange Data International","url":"https:\/\/www.exchange-data.com\/de\/","logo":{"@type":"ImageObject","inLanguage":"de","@id":"https:\/\/www.exchange-data.com\/de\/#\/schema\/logo\/image\/","url":"https:\/\/www.exchange-data.com\/wp-content\/uploads\/2019\/03\/logo3.png","contentUrl":"https:\/\/www.exchange-data.com\/wp-content\/uploads\/2019\/03\/logo3.png","width":200,"height":80,"caption":"Exchange Data International"},"image":{"@id":"https:\/\/www.exchange-data.com\/de\/#\/schema\/logo\/image\/"},"sameAs":["https:\/\/x.com\/ExchangeData","https:\/\/www.linkedin.com\/company\/exchange-data-international\/?viewAsMember=true","https:\/\/www.youtube.com\/channel\/UC5D1OpUb22YZANRLD_Ktcgg?view_as=subscriber"]}]}},"_links":{"self":[{"href":"https:\/\/www.exchange-data.com\/de\/wp-json\/wp\/v2\/pages\/36433","targetHints":{"allow":["GET"]}}],"collection":[{"href":"https:\/\/www.exchange-data.com\/de\/wp-json\/wp\/v2\/pages"}],"about":[{"href":"https:\/\/www.exchange-data.com\/de\/wp-json\/wp\/v2\/types\/page"}],"author":[{"embeddable":true,"href":"https:\/\/www.exchange-data.com\/de\/wp-json\/wp\/v2\/users\/23"}],"replies":[{"embeddable":true,"href":"https:\/\/www.exchange-data.com\/de\/wp-json\/wp\/v2\/comments?post=36433"}],"version-history":[{"count":0,"href":"https:\/\/www.exchange-data.com\/de\/wp-json\/wp\/v2\/pages\/36433\/revisions"}],"wp:attachment":[{"href":"https:\/\/www.exchange-data.com\/de\/wp-json\/wp\/v2\/media?parent=36433"}],"curies":[{"name":"wp","href":"https:\/\/api.w.org\/{rel}","templated":true}]}}