{"id":35641,"date":"2019-03-30T20:38:38","date_gmt":"2019-03-30T19:38:38","guid":{"rendered":"https:\/\/www.exchange-data.com\/product\/anpassungsfaktoren-daten\/"},"modified":"2025-08-12T13:39:20","modified_gmt":"2025-08-12T12:39:20","slug":"anpassungsfaktoren-daten","status":"publish","type":"product","link":"https:\/\/www.exchange-data.com\/de\/produkt\/anpassungsfaktoren-daten\/","title":{"rendered":"Anpassungsfaktoren-Daten"},"content":{"rendered":"<p align=\"justify\"><span style=\"font-weight: 400;\">Der Datenfeed zu Faktoren f\u00fcr historische Preisanpassungen dient in erster Linie dazu, End-of-Day-Kursreihen (EOD) r\u00fcckwirkend anzupassen, sodass die Kursverl\u00e4ufe unter Ber\u00fccksichtigung von Ereignissen wie Bonusaktien, Bezugsrechten oder Aktiensplits korrekt dargestellt werden k\u00f6nnen.<\/span><\/p>\n<p>&nbsp;<\/p>\n<p align=\"justify\"><span style=\"font-weight: 400;\">Alle Pro-Aktie-Kennzahlen \u2013 darunter Kurse, Ergebnis je Aktie, Dividende je Aktie, Verm\u00f6gen je Aktie oder Cashflow je Aktie \u2013 m\u00fcssen bereinigt werden, bevor fundierte Aussagen \u00fcber Wachstumsraten, Trends und Entwicklungen getroffen werden k\u00f6nnen.<\/span><\/p>\n<p align=\"justify\"><span style=\"font-weight: 400;\">Der Feed enth\u00e4lt alle relevanten Felder zur Identifikation von Land, Wertpapier, Ereignis und Anpassungsfaktor. Er wurde so konzipiert, dass die Daten sowohl direkt in Preisreihen integriert als auch in Datenbanken gespeichert werden k\u00f6nnen. Dabei unterst\u00fctzt der Feed auch Kapitalma\u00dfnahmen in mehreren W\u00e4hrungen f\u00fcr dasselbe Ereignis.  <\/span><\/p>\n<p>&nbsp;<\/p>\n<p align=\"justify\"><span style=\"font-weight: 400;\">Hauptvorteil gegen\u00fcber anderen Anbietern: <br \/>Der Feed kann vollst\u00e4ndig automatisiert verarbeitet werden \u2013 auch komplexe Stornierungen und \u00c4nderungen bei Kapitalma\u00dfnahmen werden im Hintergrund nahtlos verarbeitet.<\/span><\/p>\n<p>&nbsp;<\/p>\n<h4>Neue Version 2.0 und aktuelle Erweiterungen<\/h4>\n<p>EDI hat k\u00fcrzlich Version 2 des weltweiten Adjustment-Factor-Services ver\u00f6ffentlicht. Die drei wichtigsten Neuerungen: <\/p>\n<ul>\n<li>FIGI-Codes sind nun enthalten, was den Abgleich mit anderen Datens\u00e4tzen erleichtert. <\/li>\n<li>Felder, die zuvor Teil des \u201eDetail\u201c-Feldes waren (z.\u202fB. DivType als \u201eDIVPERIOD=\u201c), sind nun separat \u2013 f\u00fcr eine einfachere Integration. <\/li>\n<li>Neue Reason Codes mit drei Stellen erm\u00f6glichen eine genauere Gruppierung der Ereignisse. Beispielsweise beginnen Dividenden-Codes mit \u201e01\u201c, wobei die dritte Stelle auf die Art (bar, scrip, beides) verweist.  <\/li>\n<\/ul>\n<h4>Nutzen Sie genau die passenden Faktoren f\u00fcr Ihre Analyse<\/h4>\n<p><span style=\"font-weight: 400;\">Dank der umfassenden Datenstruktur k\u00f6nnen Sie gezielt die Faktoren f\u00fcr historische Preisanpassungen ausw\u00e4hlen, die am besten zu Ihrem Analysezweck passen.<\/span><\/p>\n","protected":false},"featured_media":34153,"template":"","country":[1985,2108,2081,1936,2035,2013,1933,2106,2031,2087,2112,2113,2021,2022,1971,1897,2016,2017,1997,1991,1992,2027,1882,2039,1951,1952,1919,2025,2026,1896,1927,1928,2103,2086,2003,1964,1862,2036,1981,1982,1983,2057,1999,2085,1916,1917,2046,1961,2023,1923,1980,1957,1958,1868,1885,2079,1883,1884,2074,1908,1912,1978,1972,1977,2052,1942,2044,2045,1904,1905,2114,2020,2028,1956,2005,2070,1949,2072,2069,2018,1858,1879,1880,2012,1975,1944,1945,2065,2094,1860,1968,1993,1994,1861,2010,2002,2096,2097,2100,1925,1926,1955,2062,2056,1855,1854,1988,2090,2091,1909,2007,1935,1973,1974,1863,1875,2064,1876,1959,1960,1937,1938,2078,2077,2058,1996,2049,2000,1866,1970,1954,2092,2093,1965,1966,1891,1889,1890,1920,1921,1871,1872,1940,1870,1878,1877,1852,1853,2084,1930,2076,2009,2098,1864,2014,2015,2059,2115,2001,2109,1979,2073,2011,1987,1913,1886,1906,1934,2107,2040,2041,2019,1932,1856,2037,2038,2024,1900,2066,1888,1939,1857,2008,1901,1922,2050,2051,2053,2054,1892,1893,2048,2071,1915,1914,2060,2004,2075,1894,1895,1943,1989,1963,1929,2110,2111,1962,1873,1874,1881,2029,2030,1931,1924,2104,2105,1995,2102,1865,2006,1950,1869,1948,1867,2088,1941,2068,2089,1986,1918,1907,1903,1902,2095,1911,2101,2063,2067,2047,1910,1984,2043,2042,1990,2083,2082,2055,2033,2034,1898,1899,1976,1969,1887,1998,2032,1967,2061,1859,2099,2080,1953,1946,1947],"product_category":[3173,3167],"class_list":["post-35641","product","type-product","status-publish","has-post-thumbnail","hentry","product_category-daten-zur-preisgestaltung-de","product_category-produkte-und-services"],"acf":[],"yoast_head":"<!-- This site is optimized with the Yoast SEO Premium plugin v27.4 (Yoast SEO v27.4) - https:\/\/yoast.com\/product\/yoast-seo-premium-wordpress\/ -->\n<title>Daten zu Anpassungsfaktoren (ADJF) | Exchange Data International<\/title>\n<meta name=\"description\" content=\"EDI liefert automatisierte Faktoren f\u00fcr historische Preisanpassungen zur pr\u00e4zisen Analyse von Kursreihen \u2013 mit FIGI-Unterst\u00fctzung, Abdeckung mehrerer W\u00e4hrungen &amp; granularen Ereigniscodes.\" \/>\n<meta name=\"robots\" content=\"index, follow, max-snippet:-1, max-image-preview:large, max-video-preview:-1\" \/>\n<link rel=\"canonical\" href=\"https:\/\/www.exchange-data.com\/de\/produkt\/anpassungsfaktoren-daten\/\" \/>\n<meta property=\"og:locale\" content=\"de_DE\" \/>\n<meta property=\"og:type\" content=\"article\" \/>\n<meta property=\"og:title\" content=\"Anpassungsfaktoren Daten\" \/>\n<meta property=\"og:description\" content=\"Der Adjustment Factors Data Feed dient in erster Linie dazu, EOD-Kursdaten (Tagesendkurse) r\u00fcckwirkend zu korrigieren, so dass die Kursreihen unter Ber\u00fccksichtigung der Auswirkungen von Ereignissen (Boni, Bezugsrechte, Konsolidierung usw.) auf die fr\u00fcheren Kurse grafisch dargestellt werden k\u00f6nnen. Alle Reihen pro Aktie, einschlie\u00dflich Kurse, Gewinne pro Aktie, Dividenden pro Aktie, Verm\u00f6genswerte pro Aktie, Cashflow pro Aktie usw. m\u00fcssen bereinigt werden, bevor aussagekr\u00e4ftige Schlussfolgerungen \u00fcber Wachstumsraten, Trends usw. gezogen werden k\u00f6nnen.\" \/>\n<meta property=\"og:url\" content=\"https:\/\/www.exchange-data.com\/de\/produkt\/anpassungsfaktoren-daten\/\" \/>\n<meta property=\"og:site_name\" content=\"Exchange Data International\" \/>\n<meta property=\"article:modified_time\" content=\"2025-08-12T12:39:20+00:00\" \/>\n<meta property=\"og:image\" content=\"https:\/\/www.exchange-data.com\/wp-content\/uploads\/2015\/09\/EDI-Post-Featured-Image-700x400-1.png\" \/>\n<meta name=\"twitter:card\" content=\"summary_large_image\" \/>\n<meta name=\"twitter:title\" content=\"Anpassungsfaktoren Daten\" \/>\n<meta name=\"twitter:description\" content=\"Der Adjustment Factors Data Feed dient in erster Linie dazu, EOD-Kursdaten (Tagesendkurse) r\u00fcckwirkend zu korrigieren, so dass die Kursreihen unter Ber\u00fccksichtigung der Auswirkungen von Ereignissen (Boni, Bezugsrechte, Konsolidierung usw.) auf die fr\u00fcheren Kurse grafisch dargestellt werden k\u00f6nnen. Alle Reihen pro Aktie, einschlie\u00dflich Kurse, Gewinne pro Aktie, Dividenden pro Aktie, Verm\u00f6genswerte pro Aktie, Cashflow pro Aktie usw. m\u00fcssen bereinigt werden, bevor aussagekr\u00e4ftige Schlussfolgerungen \u00fcber Wachstumsraten, Trends usw. gezogen werden k\u00f6nnen.\" \/>\n<meta name=\"twitter:image\" content=\"https:\/\/www.exchange-data.com\/wp-content\/uploads\/2015\/09\/EDI-Post-Featured-Image-700x400-1.png\" \/>\n<meta name=\"twitter:site\" content=\"@ExchangeData\" \/>\n<meta name=\"twitter:label1\" content=\"Gesch\u00e4tzte Lesezeit\" \/>\n\t<meta name=\"twitter:data1\" content=\"1\u00a0Minute\" \/>\n<script type=\"application\/ld+json\" class=\"yoast-schema-graph\">{\"@context\":\"https:\\\/\\\/schema.org\",\"@graph\":[{\"@type\":\"WebPage\",\"@id\":\"https:\\\/\\\/www.exchange-data.com\\\/de\\\/produkt\\\/anpassungsfaktoren-daten\\\/\",\"url\":\"https:\\\/\\\/www.exchange-data.com\\\/de\\\/produkt\\\/anpassungsfaktoren-daten\\\/\",\"name\":\"Daten zu Anpassungsfaktoren (ADJF) | Exchange Data International\",\"isPartOf\":{\"@id\":\"https:\\\/\\\/www.exchange-data.com\\\/de\\\/#website\"},\"primaryImageOfPage\":{\"@id\":\"https:\\\/\\\/www.exchange-data.com\\\/de\\\/produkt\\\/anpassungsfaktoren-daten\\\/#primaryimage\"},\"image\":{\"@id\":\"https:\\\/\\\/www.exchange-data.com\\\/de\\\/produkt\\\/anpassungsfaktoren-daten\\\/#primaryimage\"},\"thumbnailUrl\":\"https:\\\/\\\/www.exchange-data.com\\\/wp-content\\\/uploads\\\/2015\\\/09\\\/EDI-Post-Featured-Image-700x400-1.png\",\"datePublished\":\"2019-03-30T19:38:38+00:00\",\"dateModified\":\"2025-08-12T12:39:20+00:00\",\"description\":\"EDI liefert automatisierte Faktoren f\u00fcr historische Preisanpassungen zur pr\u00e4zisen Analyse von Kursreihen \u2013 mit FIGI-Unterst\u00fctzung, Abdeckung mehrerer W\u00e4hrungen & granularen Ereigniscodes.\",\"breadcrumb\":{\"@id\":\"https:\\\/\\\/www.exchange-data.com\\\/de\\\/produkt\\\/anpassungsfaktoren-daten\\\/#breadcrumb\"},\"inLanguage\":\"de\",\"potentialAction\":[{\"@type\":\"ReadAction\",\"target\":[\"https:\\\/\\\/www.exchange-data.com\\\/de\\\/produkt\\\/anpassungsfaktoren-daten\\\/\"]}]},{\"@type\":\"ImageObject\",\"inLanguage\":\"de\",\"@id\":\"https:\\\/\\\/www.exchange-data.com\\\/de\\\/produkt\\\/anpassungsfaktoren-daten\\\/#primaryimage\",\"url\":\"https:\\\/\\\/www.exchange-data.com\\\/wp-content\\\/uploads\\\/2015\\\/09\\\/EDI-Post-Featured-Image-700x400-1.png\",\"contentUrl\":\"https:\\\/\\\/www.exchange-data.com\\\/wp-content\\\/uploads\\\/2015\\\/09\\\/EDI-Post-Featured-Image-700x400-1.png\",\"width\":700,\"height\":400,\"caption\":\"Exchange Data International\"},{\"@type\":\"BreadcrumbList\",\"@id\":\"https:\\\/\\\/www.exchange-data.com\\\/de\\\/produkt\\\/anpassungsfaktoren-daten\\\/#breadcrumb\",\"itemListElement\":[{\"@type\":\"ListItem\",\"position\":1,\"name\":\"Home\",\"item\":\"https:\\\/\\\/www.exchange-data.com\\\/de\\\/startseite\\\/\"},{\"@type\":\"ListItem\",\"position\":2,\"name\":\"Anpassungsfaktoren-Daten\"}]},{\"@type\":\"WebSite\",\"@id\":\"https:\\\/\\\/www.exchange-data.com\\\/de\\\/#website\",\"url\":\"https:\\\/\\\/www.exchange-data.com\\\/de\\\/\",\"name\":\"Exchange Data International\",\"description\":\"Doing data differently\",\"publisher\":{\"@id\":\"https:\\\/\\\/www.exchange-data.com\\\/de\\\/#organization\"},\"potentialAction\":[{\"@type\":\"SearchAction\",\"target\":{\"@type\":\"EntryPoint\",\"urlTemplate\":\"https:\\\/\\\/www.exchange-data.com\\\/de\\\/?s={search_term_string}\"},\"query-input\":{\"@type\":\"PropertyValueSpecification\",\"valueRequired\":true,\"valueName\":\"search_term_string\"}}],\"inLanguage\":\"de\"},{\"@type\":\"Organization\",\"@id\":\"https:\\\/\\\/www.exchange-data.com\\\/de\\\/#organization\",\"name\":\"Exchange Data International\",\"url\":\"https:\\\/\\\/www.exchange-data.com\\\/de\\\/\",\"logo\":{\"@type\":\"ImageObject\",\"inLanguage\":\"de\",\"@id\":\"https:\\\/\\\/www.exchange-data.com\\\/de\\\/#\\\/schema\\\/logo\\\/image\\\/\",\"url\":\"https:\\\/\\\/www.exchange-data.com\\\/wp-content\\\/uploads\\\/2019\\\/03\\\/logo3.png\",\"contentUrl\":\"https:\\\/\\\/www.exchange-data.com\\\/wp-content\\\/uploads\\\/2019\\\/03\\\/logo3.png\",\"width\":200,\"height\":80,\"caption\":\"Exchange Data International\"},\"image\":{\"@id\":\"https:\\\/\\\/www.exchange-data.com\\\/de\\\/#\\\/schema\\\/logo\\\/image\\\/\"},\"sameAs\":[\"https:\\\/\\\/x.com\\\/ExchangeData\",\"https:\\\/\\\/www.linkedin.com\\\/company\\\/exchange-data-international\\\/?viewAsMember=true\",\"https:\\\/\\\/www.youtube.com\\\/channel\\\/UC5D1OpUb22YZANRLD_Ktcgg?view_as=subscriber\"]}]}<\/script>\n<!-- \/ Yoast SEO Premium plugin. -->","yoast_head_json":{"title":"Daten zu Anpassungsfaktoren (ADJF) | Exchange Data International","description":"EDI liefert automatisierte Faktoren f\u00fcr historische Preisanpassungen zur pr\u00e4zisen Analyse von Kursreihen \u2013 mit FIGI-Unterst\u00fctzung, Abdeckung mehrerer W\u00e4hrungen & granularen Ereigniscodes.","robots":{"index":"index","follow":"follow","max-snippet":"max-snippet:-1","max-image-preview":"max-image-preview:large","max-video-preview":"max-video-preview:-1"},"canonical":"https:\/\/www.exchange-data.com\/de\/produkt\/anpassungsfaktoren-daten\/","og_locale":"de_DE","og_type":"article","og_title":"Anpassungsfaktoren Daten","og_description":"Der Adjustment Factors Data Feed dient in erster Linie dazu, EOD-Kursdaten (Tagesendkurse) r\u00fcckwirkend zu korrigieren, so dass die Kursreihen unter Ber\u00fccksichtigung der Auswirkungen von Ereignissen (Boni, Bezugsrechte, Konsolidierung usw.) auf die fr\u00fcheren Kurse grafisch dargestellt werden k\u00f6nnen. Alle Reihen pro Aktie, einschlie\u00dflich Kurse, Gewinne pro Aktie, Dividenden pro Aktie, Verm\u00f6genswerte pro Aktie, Cashflow pro Aktie usw. m\u00fcssen bereinigt werden, bevor aussagekr\u00e4ftige Schlussfolgerungen \u00fcber Wachstumsraten, Trends usw. gezogen werden k\u00f6nnen.","og_url":"https:\/\/www.exchange-data.com\/de\/produkt\/anpassungsfaktoren-daten\/","og_site_name":"Exchange Data International","article_modified_time":"2025-08-12T12:39:20+00:00","og_image":[{"url":"https:\/\/www.exchange-data.com\/wp-content\/uploads\/2015\/09\/EDI-Post-Featured-Image-700x400-1.png","type":"","width":"","height":""}],"twitter_card":"summary_large_image","twitter_title":"Anpassungsfaktoren Daten","twitter_description":"Der Adjustment Factors Data Feed dient in erster Linie dazu, EOD-Kursdaten (Tagesendkurse) r\u00fcckwirkend zu korrigieren, so dass die Kursreihen unter Ber\u00fccksichtigung der Auswirkungen von Ereignissen (Boni, Bezugsrechte, Konsolidierung usw.) auf die fr\u00fcheren Kurse grafisch dargestellt werden k\u00f6nnen. Alle Reihen pro Aktie, einschlie\u00dflich Kurse, Gewinne pro Aktie, Dividenden pro Aktie, Verm\u00f6genswerte pro Aktie, Cashflow pro Aktie usw. m\u00fcssen bereinigt werden, bevor aussagekr\u00e4ftige Schlussfolgerungen \u00fcber Wachstumsraten, Trends usw. gezogen werden k\u00f6nnen.","twitter_image":"https:\/\/www.exchange-data.com\/wp-content\/uploads\/2015\/09\/EDI-Post-Featured-Image-700x400-1.png","twitter_site":"@ExchangeData","twitter_misc":{"Gesch\u00e4tzte Lesezeit":"1\u00a0Minute"},"schema":{"@context":"https:\/\/schema.org","@graph":[{"@type":"WebPage","@id":"https:\/\/www.exchange-data.com\/de\/produkt\/anpassungsfaktoren-daten\/","url":"https:\/\/www.exchange-data.com\/de\/produkt\/anpassungsfaktoren-daten\/","name":"Daten zu Anpassungsfaktoren (ADJF) | Exchange Data International","isPartOf":{"@id":"https:\/\/www.exchange-data.com\/de\/#website"},"primaryImageOfPage":{"@id":"https:\/\/www.exchange-data.com\/de\/produkt\/anpassungsfaktoren-daten\/#primaryimage"},"image":{"@id":"https:\/\/www.exchange-data.com\/de\/produkt\/anpassungsfaktoren-daten\/#primaryimage"},"thumbnailUrl":"https:\/\/www.exchange-data.com\/wp-content\/uploads\/2015\/09\/EDI-Post-Featured-Image-700x400-1.png","datePublished":"2019-03-30T19:38:38+00:00","dateModified":"2025-08-12T12:39:20+00:00","description":"EDI liefert automatisierte Faktoren f\u00fcr historische Preisanpassungen zur pr\u00e4zisen Analyse von Kursreihen \u2013 mit FIGI-Unterst\u00fctzung, Abdeckung mehrerer W\u00e4hrungen & granularen Ereigniscodes.","breadcrumb":{"@id":"https:\/\/www.exchange-data.com\/de\/produkt\/anpassungsfaktoren-daten\/#breadcrumb"},"inLanguage":"de","potentialAction":[{"@type":"ReadAction","target":["https:\/\/www.exchange-data.com\/de\/produkt\/anpassungsfaktoren-daten\/"]}]},{"@type":"ImageObject","inLanguage":"de","@id":"https:\/\/www.exchange-data.com\/de\/produkt\/anpassungsfaktoren-daten\/#primaryimage","url":"https:\/\/www.exchange-data.com\/wp-content\/uploads\/2015\/09\/EDI-Post-Featured-Image-700x400-1.png","contentUrl":"https:\/\/www.exchange-data.com\/wp-content\/uploads\/2015\/09\/EDI-Post-Featured-Image-700x400-1.png","width":700,"height":400,"caption":"Exchange Data International"},{"@type":"BreadcrumbList","@id":"https:\/\/www.exchange-data.com\/de\/produkt\/anpassungsfaktoren-daten\/#breadcrumb","itemListElement":[{"@type":"ListItem","position":1,"name":"Home","item":"https:\/\/www.exchange-data.com\/de\/startseite\/"},{"@type":"ListItem","position":2,"name":"Anpassungsfaktoren-Daten"}]},{"@type":"WebSite","@id":"https:\/\/www.exchange-data.com\/de\/#website","url":"https:\/\/www.exchange-data.com\/de\/","name":"Exchange Data International","description":"Doing data differently","publisher":{"@id":"https:\/\/www.exchange-data.com\/de\/#organization"},"potentialAction":[{"@type":"SearchAction","target":{"@type":"EntryPoint","urlTemplate":"https:\/\/www.exchange-data.com\/de\/?s={search_term_string}"},"query-input":{"@type":"PropertyValueSpecification","valueRequired":true,"valueName":"search_term_string"}}],"inLanguage":"de"},{"@type":"Organization","@id":"https:\/\/www.exchange-data.com\/de\/#organization","name":"Exchange Data International","url":"https:\/\/www.exchange-data.com\/de\/","logo":{"@type":"ImageObject","inLanguage":"de","@id":"https:\/\/www.exchange-data.com\/de\/#\/schema\/logo\/image\/","url":"https:\/\/www.exchange-data.com\/wp-content\/uploads\/2019\/03\/logo3.png","contentUrl":"https:\/\/www.exchange-data.com\/wp-content\/uploads\/2019\/03\/logo3.png","width":200,"height":80,"caption":"Exchange Data International"},"image":{"@id":"https:\/\/www.exchange-data.com\/de\/#\/schema\/logo\/image\/"},"sameAs":["https:\/\/x.com\/ExchangeData","https:\/\/www.linkedin.com\/company\/exchange-data-international\/?viewAsMember=true","https:\/\/www.youtube.com\/channel\/UC5D1OpUb22YZANRLD_Ktcgg?view_as=subscriber"]}]}},"_links":{"self":[{"href":"https:\/\/www.exchange-data.com\/de\/wp-json\/wp\/v2\/product\/35641","targetHints":{"allow":["GET"]}}],"collection":[{"href":"https:\/\/www.exchange-data.com\/de\/wp-json\/wp\/v2\/product"}],"about":[{"href":"https:\/\/www.exchange-data.com\/de\/wp-json\/wp\/v2\/types\/product"}],"wp:featuredmedia":[{"embeddable":true,"href":"https:\/\/www.exchange-data.com\/de\/wp-json\/wp\/v2\/media\/34153"}],"wp:attachment":[{"href":"https:\/\/www.exchange-data.com\/de\/wp-json\/wp\/v2\/media?parent=35641"}],"wp:term":[{"taxonomy":"country","embeddable":true,"href":"https:\/\/www.exchange-data.com\/de\/wp-json\/wp\/v2\/country?post=35641"},{"taxonomy":"product_category","embeddable":true,"href":"https:\/\/www.exchange-data.com\/de\/wp-json\/wp\/v2\/product_category?post=35641"}],"curies":[{"name":"wp","href":"https:\/\/api.w.org\/{rel}","templated":true}]}}