{"id":35649,"date":"2024-12-05T15:38:25","date_gmt":"2024-12-05T14:38:25","guid":{"rendered":"https:\/\/www.exchange-data.com\/product\/nordamerikanische-boerse-boersengaenge\/"},"modified":"2025-08-29T12:51:16","modified_gmt":"2025-08-29T11:51:16","slug":"nordamerikanische-boerse-boersengaenge","status":"publish","type":"product","link":"https:\/\/www.exchange-data.com\/de\/produkt\/nordamerikanische-boerse-boersengaenge\/","title":{"rendered":"Nordamerikanische B\u00f6rseng\u00e4nge"},"content":{"rendered":"<p><span style=\"font-weight: 400;\">Der von Financial Information Incorporated (FII) entwickelte und durch Exchange Data International (EDI) vertriebene IPO-Service liefert der Finanz- und Investmentbranche entscheidungsrelevante Daten und Einblicke \u2013 f\u00fcr fundierte Analysen und strategische Planung.<\/span><\/p>\n<p>&nbsp;<\/p>\n<h2>Umfassende Produktabdeckung<\/h2>\n<p><span style=\"font-weight: 400;\">IPO, Direct Listings, SPACs \u2013 unser Service geht \u00fcber klassische B\u00f6rseng\u00e4nge hinaus und bietet einen ganzheitlichen Blick auf verschiedene Strategien des Markteintritts.<\/span><\/p>\n<p><strong>Transparente Darstellung des gesamten IPO-Zeitplans<\/strong><br \/>\n<span style=\"font-weight: 400;\">Erhalten Sie eine klare \u00dcbersicht \u00fcber alle Phasen eines B\u00f6rsengangs \u2013 von der Vorbereitung bis zu Aktivit\u00e4ten nach dem Listing. Diese strukturierte Darstellung sorgt daf\u00fcr, dass Sie jederzeit bestens informiert sind.<\/span><\/p>\n<p><strong>Proaktiver Kalender und Benachrichtigungssystem<\/strong><br \/>\n<span style=\"font-weight: 400;\">Behalten Sie wichtige Fristen im Blick mit unserem vorausschauenden Kalender- und Alert-System. Sie werden fr\u00fchzeitig \u00fcber zentrale Ereignisse wie Stabilisierung, Lockup- und Quiet Periods informiert. Unser proaktiver Ansatz stellt sicher, dass Sie keinen wichtigen Termin verpassen.<\/span><\/p>\n<p><strong>Gezielte SPAC-Aktivit\u00e4ts\u00fcberwachung<\/strong><br \/>\n<span style=\"font-weight: 400;\">Mit unserem spezialisierten Monitoring behalten Sie alle Entwicklungen im SPAC-Bereich im Auge Vom Start bis zur m\u00f6glichen Aufl\u00f6sung. So gewinnen Sie wertvolle Einblicke f\u00fcr Ihre Investmententscheidungen.<\/span><\/p>\n<p><strong>Analyse von Handelsdynamiken<\/strong><br \/>\n<span style=\"font-weight: 400;\">Verstehen Sie die Marktstimmung und das Verhalten von Investoren durch die gezielte Beobachtung von Handelsmustern rund um Schl\u00fcsseldaten \u2013 wie dem Ende von Lockup-Perioden.<\/span><\/p>\n<h3>Strukturiertes Datenmodell<\/h3>\n<p><span style=\"font-weight: 400;\">Unsere Datenarchitektur sorgt f\u00fcr Klarheit und einfachen Zugang \u2013 alle relevanten Informationen zu jedem IPO-Wertpapier sind logisch gegliedert. So navigieren Sie effizient und finden schnell, was Sie suchen.<\/span><\/p>\n<ul>\n<li><strong>Verf\u00fcgbare Datenpunkte:<\/strong>\n<ul>\n<li><strong>Angebotsart<\/strong><\/li>\n<li><strong>Ereignis-ID<\/strong><\/li>\n<li><strong>IPO-Phase<\/strong><\/li>\n<li><strong>Bearbeitungsdaten<\/strong><\/li>\n<\/ul>\n<\/li>\n<li><strong>Emittentendetails<\/strong>\n<ul>\n<li><strong>Organisation<\/strong><\/li>\n<li><strong>Gesch\u00e4ftsbereich<\/strong><\/li>\n<li><strong>Branche<\/strong><\/li>\n<\/ul>\n<\/li>\n<li><strong>Angebotsdetails<\/strong>\n<ul>\n<li><strong>Preisgestaltung<\/strong><\/li>\n<li><strong>St\u00fcckzahl<\/strong><\/li>\n<\/ul>\n<\/li>\n<li><strong>Finanzkennzahlen des Emittenten<\/strong>\n<ul>\n<li><strong>Mittelverwendung<\/strong><\/li>\n<li><strong>Gesch\u00e4ftsjahresende<\/strong><\/li>\n<\/ul>\n<\/li>\n<li><strong>Risikofaktoren<\/strong>\n<ul>\n<li><strong>wie vom Emittenten bereitgestellt<\/strong><\/li>\n<\/ul>\n<\/li>\n<li><strong>Verw\u00e4sserung<\/strong>\n<ul>\n<li><strong>Preise basierend auf ausgegebenen und ausstehenden IPO-Wertpapieren<\/strong><\/li>\n<\/ul>\n<\/li>\n<\/ul>\n","protected":false},"featured_media":0,"template":"","country":[],"product_category":[3191,3167],"class_list":["post-35649","product","type-product","status-publish","hentry","product_category-equity-corporate-actions","product_category-produkte-und-services","no-post-thumbnail"],"acf":[],"yoast_head":"<!-- This site is optimized with the Yoast SEO Premium plugin v26.0 (Yoast SEO v26.0) - https:\/\/yoast.com\/wordpress\/plugins\/seo\/ -->\n<title>Nordamerikanische B\u00f6rseng\u00e4nge | Exchange Data International<\/title>\n<meta name=\"description\" content=\"Der IPO-Service von EDI bietet strukturierte Daten und Einblicke zu nordamerikanischen B\u00f6rseng\u00e4ngen \u2013 inkl. Direct Listings, SPACs und Handelsanalysen.\" \/>\n<meta name=\"robots\" content=\"index, follow, max-snippet:-1, max-image-preview:large, max-video-preview:-1\" \/>\n<link rel=\"canonical\" href=\"https:\/\/www.exchange-data.com\/de\/produkt\/nordamerikanische-boerse-boersengaenge\/\" \/>\n<meta property=\"og:locale\" content=\"de_DE\" \/>\n<meta property=\"og:type\" content=\"article\" \/>\n<meta property=\"og:title\" content=\"Nordamerikanische B\u00f6rseng\u00e4nge | Exchange Data International\" \/>\n<meta property=\"og:description\" content=\"Der IPO-Service von EDI bietet strukturierte Daten und Einblicke zu nordamerikanischen B\u00f6rseng\u00e4ngen \u2013 inkl. Direct Listings, SPACs und Handelsanalysen.\" \/>\n<meta property=\"og:url\" content=\"https:\/\/www.exchange-data.com\/de\/produkt\/nordamerikanische-boerse-boersengaenge\/\" \/>\n<meta property=\"og:site_name\" content=\"Exchange Data International\" \/>\n<meta property=\"article:modified_time\" content=\"2025-08-29T11:51:16+00:00\" \/>\n<meta name=\"twitter:card\" content=\"summary_large_image\" \/>\n<meta name=\"twitter:site\" content=\"@ExchangeData\" \/>\n<meta name=\"twitter:label1\" content=\"Gesch\u00e4tzte Lesezeit\" \/>\n\t<meta name=\"twitter:data1\" content=\"2\u00a0Minuten\" \/>\n<script type=\"application\/ld+json\" class=\"yoast-schema-graph\">{\"@context\":\"https:\/\/schema.org\",\"@graph\":[{\"@type\":\"WebPage\",\"@id\":\"https:\/\/www.exchange-data.com\/de\/produkt\/nordamerikanische-boerse-boersengaenge\/\",\"url\":\"https:\/\/www.exchange-data.com\/de\/produkt\/nordamerikanische-boerse-boersengaenge\/\",\"name\":\"Nordamerikanische B\u00f6rseng\u00e4nge | Exchange Data International\",\"isPartOf\":{\"@id\":\"https:\/\/www.exchange-data.com\/de\/#website\"},\"datePublished\":\"2024-12-05T14:38:25+00:00\",\"dateModified\":\"2025-08-29T11:51:16+00:00\",\"description\":\"Der IPO-Service von EDI bietet strukturierte Daten und Einblicke zu nordamerikanischen B\u00f6rseng\u00e4ngen \u2013 inkl. Direct Listings, SPACs und Handelsanalysen.\",\"breadcrumb\":{\"@id\":\"https:\/\/www.exchange-data.com\/de\/produkt\/nordamerikanische-boerse-boersengaenge\/#breadcrumb\"},\"inLanguage\":\"de\",\"potentialAction\":[{\"@type\":\"ReadAction\",\"target\":[\"https:\/\/www.exchange-data.com\/de\/produkt\/nordamerikanische-boerse-boersengaenge\/\"]}]},{\"@type\":\"BreadcrumbList\",\"@id\":\"https:\/\/www.exchange-data.com\/de\/produkt\/nordamerikanische-boerse-boersengaenge\/#breadcrumb\",\"itemListElement\":[{\"@type\":\"ListItem\",\"position\":1,\"name\":\"Home\",\"item\":\"https:\/\/www.exchange-data.com\/de\/startseite\/\"},{\"@type\":\"ListItem\",\"position\":2,\"name\":\"Nordamerikanische B\u00f6rseng\u00e4nge\"}]},{\"@type\":\"WebSite\",\"@id\":\"https:\/\/www.exchange-data.com\/de\/#website\",\"url\":\"https:\/\/www.exchange-data.com\/de\/\",\"name\":\"Exchange Data International\",\"description\":\"Doing data differently\",\"publisher\":{\"@id\":\"https:\/\/www.exchange-data.com\/de\/#organization\"},\"potentialAction\":[{\"@type\":\"SearchAction\",\"target\":{\"@type\":\"EntryPoint\",\"urlTemplate\":\"https:\/\/www.exchange-data.com\/de\/?s={search_term_string}\"},\"query-input\":{\"@type\":\"PropertyValueSpecification\",\"valueRequired\":true,\"valueName\":\"search_term_string\"}}],\"inLanguage\":\"de\"},{\"@type\":\"Organization\",\"@id\":\"https:\/\/www.exchange-data.com\/de\/#organization\",\"name\":\"Exchange Data International\",\"url\":\"https:\/\/www.exchange-data.com\/de\/\",\"logo\":{\"@type\":\"ImageObject\",\"inLanguage\":\"de\",\"@id\":\"https:\/\/www.exchange-data.com\/de\/#\/schema\/logo\/image\/\",\"url\":\"https:\/\/www.exchange-data.com\/wp-content\/uploads\/2019\/03\/logo3.png\",\"contentUrl\":\"https:\/\/www.exchange-data.com\/wp-content\/uploads\/2019\/03\/logo3.png\",\"width\":200,\"height\":80,\"caption\":\"Exchange Data International\"},\"image\":{\"@id\":\"https:\/\/www.exchange-data.com\/de\/#\/schema\/logo\/image\/\"},\"sameAs\":[\"https:\/\/x.com\/ExchangeData\",\"https:\/\/www.linkedin.com\/company\/exchange-data-international\/?viewAsMember=true\",\"https:\/\/www.youtube.com\/channel\/UC5D1OpUb22YZANRLD_Ktcgg?view_as=subscriber\"]}]}<\/script>\n<!-- \/ Yoast SEO Premium plugin. -->","yoast_head_json":{"title":"Nordamerikanische B\u00f6rseng\u00e4nge | Exchange Data International","description":"Der IPO-Service von EDI bietet strukturierte Daten und Einblicke zu nordamerikanischen B\u00f6rseng\u00e4ngen \u2013 inkl. Direct Listings, SPACs und Handelsanalysen.","robots":{"index":"index","follow":"follow","max-snippet":"max-snippet:-1","max-image-preview":"max-image-preview:large","max-video-preview":"max-video-preview:-1"},"canonical":"https:\/\/www.exchange-data.com\/de\/produkt\/nordamerikanische-boerse-boersengaenge\/","og_locale":"de_DE","og_type":"article","og_title":"Nordamerikanische B\u00f6rseng\u00e4nge | Exchange Data International","og_description":"Der IPO-Service von EDI bietet strukturierte Daten und Einblicke zu nordamerikanischen B\u00f6rseng\u00e4ngen \u2013 inkl. Direct Listings, SPACs und Handelsanalysen.","og_url":"https:\/\/www.exchange-data.com\/de\/produkt\/nordamerikanische-boerse-boersengaenge\/","og_site_name":"Exchange Data International","article_modified_time":"2025-08-29T11:51:16+00:00","twitter_card":"summary_large_image","twitter_site":"@ExchangeData","twitter_misc":{"Gesch\u00e4tzte Lesezeit":"2\u00a0Minuten"},"schema":{"@context":"https:\/\/schema.org","@graph":[{"@type":"WebPage","@id":"https:\/\/www.exchange-data.com\/de\/produkt\/nordamerikanische-boerse-boersengaenge\/","url":"https:\/\/www.exchange-data.com\/de\/produkt\/nordamerikanische-boerse-boersengaenge\/","name":"Nordamerikanische B\u00f6rseng\u00e4nge | Exchange Data International","isPartOf":{"@id":"https:\/\/www.exchange-data.com\/de\/#website"},"datePublished":"2024-12-05T14:38:25+00:00","dateModified":"2025-08-29T11:51:16+00:00","description":"Der IPO-Service von EDI bietet strukturierte Daten und Einblicke zu nordamerikanischen B\u00f6rseng\u00e4ngen \u2013 inkl. Direct Listings, SPACs und Handelsanalysen.","breadcrumb":{"@id":"https:\/\/www.exchange-data.com\/de\/produkt\/nordamerikanische-boerse-boersengaenge\/#breadcrumb"},"inLanguage":"de","potentialAction":[{"@type":"ReadAction","target":["https:\/\/www.exchange-data.com\/de\/produkt\/nordamerikanische-boerse-boersengaenge\/"]}]},{"@type":"BreadcrumbList","@id":"https:\/\/www.exchange-data.com\/de\/produkt\/nordamerikanische-boerse-boersengaenge\/#breadcrumb","itemListElement":[{"@type":"ListItem","position":1,"name":"Home","item":"https:\/\/www.exchange-data.com\/de\/startseite\/"},{"@type":"ListItem","position":2,"name":"Nordamerikanische B\u00f6rseng\u00e4nge"}]},{"@type":"WebSite","@id":"https:\/\/www.exchange-data.com\/de\/#website","url":"https:\/\/www.exchange-data.com\/de\/","name":"Exchange Data International","description":"Doing data differently","publisher":{"@id":"https:\/\/www.exchange-data.com\/de\/#organization"},"potentialAction":[{"@type":"SearchAction","target":{"@type":"EntryPoint","urlTemplate":"https:\/\/www.exchange-data.com\/de\/?s={search_term_string}"},"query-input":{"@type":"PropertyValueSpecification","valueRequired":true,"valueName":"search_term_string"}}],"inLanguage":"de"},{"@type":"Organization","@id":"https:\/\/www.exchange-data.com\/de\/#organization","name":"Exchange Data International","url":"https:\/\/www.exchange-data.com\/de\/","logo":{"@type":"ImageObject","inLanguage":"de","@id":"https:\/\/www.exchange-data.com\/de\/#\/schema\/logo\/image\/","url":"https:\/\/www.exchange-data.com\/wp-content\/uploads\/2019\/03\/logo3.png","contentUrl":"https:\/\/www.exchange-data.com\/wp-content\/uploads\/2019\/03\/logo3.png","width":200,"height":80,"caption":"Exchange Data International"},"image":{"@id":"https:\/\/www.exchange-data.com\/de\/#\/schema\/logo\/image\/"},"sameAs":["https:\/\/x.com\/ExchangeData","https:\/\/www.linkedin.com\/company\/exchange-data-international\/?viewAsMember=true","https:\/\/www.youtube.com\/channel\/UC5D1OpUb22YZANRLD_Ktcgg?view_as=subscriber"]}]}},"_links":{"self":[{"href":"https:\/\/www.exchange-data.com\/de\/wp-json\/wp\/v2\/product\/35649","targetHints":{"allow":["GET"]}}],"collection":[{"href":"https:\/\/www.exchange-data.com\/de\/wp-json\/wp\/v2\/product"}],"about":[{"href":"https:\/\/www.exchange-data.com\/de\/wp-json\/wp\/v2\/types\/product"}],"wp:attachment":[{"href":"https:\/\/www.exchange-data.com\/de\/wp-json\/wp\/v2\/media?parent=35649"}],"wp:term":[{"taxonomy":"country","embeddable":true,"href":"https:\/\/www.exchange-data.com\/de\/wp-json\/wp\/v2\/country?post=35649"},{"taxonomy":"product_category","embeddable":true,"href":"https:\/\/www.exchange-data.com\/de\/wp-json\/wp\/v2\/product_category?post=35649"}],"curies":[{"name":"wp","href":"https:\/\/api.w.org\/{rel}","templated":true}]}}