{"id":35652,"date":"2024-10-17T15:56:38","date_gmt":"2024-10-17T14:56:38","guid":{"rendered":"https:\/\/www.exchange-data.com\/product\/offizielle-devisenkurse\/"},"modified":"2026-03-23T13:58:27","modified_gmt":"2026-03-23T12:58:27","slug":"offizielle-devisenkurse","status":"publish","type":"product","link":"https:\/\/www.exchange-data.com\/de\/produkt\/offizielle-devisenkurse\/","title":{"rendered":"Offizielle Devisenkurse"},"content":{"rendered":"<p><span style=\"font-weight: 400;\">Offizielle Devisenkurse sind entscheidend f\u00fcr Unternehmen und Privatpersonen, die in internationalen M\u00e4rkten agieren oder steuerliche Verpflichtungen korrekt berechnen m\u00fcssen.<\/span><\/p>\n<p><span style=\"font-weight: 400;\">Der Service zu offiziellen Wechselkursen von EDI liefert t\u00e4gliche Updates \u00fcber die von Zentralbanken und offiziellen Institutionen ver\u00f6ffentlichten FX-Kurse \u2013 f\u00fcr aktuelle, pr\u00e4zise und nachvollziehbare Informationen. Dabei wird der Wert der Heimatw\u00e4hrung im Verh\u00e4ltnis zu anderen W\u00e4hrungen gemessen und ihre relative Kaufkraft verdeutlicht. <\/span><\/p>\n<p><span style=\"font-weight: 400;\">EDI bietet mit seinem OFER-Datenservice eine effiziente und bedarfsgerechte L\u00f6sung \u2013 mit \u00fcber 3.200 offiziellen Kursen, einschlie\u00dflich Schluss-, Geld-, Brief- und Mittelkursen, erg\u00e4nzt um umfangreiche historische Daten. <\/span><\/p>\n<h4>Warum sind offizielle Devisenkurse wichtig?<\/h4>\n<p><span style=\"font-weight: 400;\">Offizielle Wechselkursdaten sind aus mehreren Gr\u00fcnden wichtig:<\/span><\/p>\n<p><span style=\"font-weight: 400;\"><strong>Wirtschaftliche Stabilit\u00e4t:<\/strong> Dienen als Referenzwert f\u00fcr W\u00e4hrungen und unterst\u00fctzen Handel und Investitionen.<\/span><\/p>\n<p><span style=\"font-weight: 400;\"><strong>Unternehmensplanung<\/strong>: Erlauben pr\u00e4zises Risikomanagement, Preisgestaltung und Liquidit\u00e4tssteuerung.<\/span><\/p>\n<p><span style=\"font-weight: 400;\"><strong>Staatliche Steuerung: <\/strong>Zentralbanken nutzen Wechselkurse zur Inflationskontrolle und geldpolitischen Ausrichtung.<\/span><\/p>\n<p><span style=\"font-weight: 400;\"><strong>Steuern &amp; Compliance:<\/strong> Notwendig f\u00fcr die korrekte Berechnung von Abgaben, Steuern und Z\u00f6llen.<\/span><\/p>\n<p><span style=\"font-weight: 400;\"><strong>Investitionen: <\/strong>Relevante Entscheidungsgrundlage f\u00fcr Auslandsinvestitionen und Portfoliomanagement.<\/span><\/p>\n<p><span style=\"font-weight: 400;\"><strong>Privatnutzer:<\/strong> Wichtige Grundlage f\u00fcr Reisen, Auslands\u00fcberweisungen und W\u00e4hrungsumrechnungen.<\/span><\/p>\n<h4>Warum EDI f\u00fcr offizielle Wechselkurse nutzen?<\/h4>\n<p><span style=\"font-weight: 400;\">EDI stellt offizielle, pr\u00e4zise und t\u00e4glich aktualisierte Wechselkurse f\u00fcr \u00fcber 1.900 W\u00e4hrungspaare bereit \u2013 auf Basis von \u00fcber 90 W\u00e4hrungen und 90 L\u00e4ndern. Die Kombination aus aktuellen Tagesdaten und historischen Kursen sorgt f\u00fcr fundierte Entscheidungen bei Handel, Investitionen und Finanzanalysen.  <\/span><\/p>\n<h4>F\u00fcr wen ist der Service geeignet?<\/h4>\n<p><span style=\"font-weight: 400;\">Treasury-Abteilungen ,Investmentbanken , Portfoliomanager ,Ausl\u00e4ndische institutionelle Investoren , Broker, H\u00e4ndler, Fintechs , Datenanbieter &amp; Hedgefonds <\/span><\/p>\n<h4>Wie k\u00f6nnen die offiziellen Devisenkurse von EDI Ihnen helfen?<\/h4>\n<p><span style=\"font-weight: 400;\">Die kosteng\u00fcnstigen und pr\u00e4zisen offiziellen Devisenkursdaten von EDI, die \u00fcber 90 W\u00e4hrungen, 1900 W\u00e4hrungspaare und 3200 Kurse abdecken. Unsere tagesaktuellen Kursdaten bieten einen unmittelbaren Mehrwert f\u00fcr Ihr Unternehmen, unabh\u00e4ngig davon, ob Sie mit Gesch\u00e4ftsplanung, W\u00e4hrungsrisikomanagement, ausl\u00e4ndischen Investitionsentscheidungen, Finanztransaktionen, Devisenmarktanalysen oder der Entwicklung von Finanzmarktdatentechnologie befasst sind. Verbessern Sie Ihren Anwendungsfall und erzielen Sie bessere Ergebnisse mit EDI-Daten.  <\/span><\/p>\n<h4>Wie ist der EDI-Datensatz Offizielle Devisenkurse aufgebaut?<\/h4>\n<p><span style=\"font-weight: 400;\">EDI bietet einen kosteneffizienten Zugang zu \u00fcber 3.200 offiziellen Wechselkursen, strukturiert nach BID, ASK, MID und Schlusskurs. Der Datensatz deckt 15 Felder pro Kurs ab und ist f\u00fcr eine Vielzahl von Anwendungsf\u00e4llen optimiert \u2013 von der Finanztechnologie \u00fcber regulatorische Anforderungen bis hin zur Investitionsplanung. <\/span><\/p>\n<p><span style=\"font-weight: 400;\"><strong>Abdeckung:<\/strong> 90 L\u00e4nder, 15 Datenfelder, 3.200 Wechselkurse.<\/span><\/p>\n","protected":false},"featured_media":0,"template":"","country":[],"product_category":[3173,3167],"class_list":["post-35652","product","type-product","status-publish","hentry","product_category-daten-zur-preisgestaltung-de","product_category-produkte-und-services","no-post-thumbnail"],"acf":[],"yoast_head":"<!-- This site is optimized with the Yoast SEO Premium plugin v26.0 (Yoast SEO v26.0) - https:\/\/yoast.com\/wordpress\/plugins\/seo\/ -->\n<title>Offizielle Devisenkurse<\/title>\n<meta name=\"description\" content=\"T\u00e4glich aktualisierte offizielle Wechselkurse von \u00fcber 90 Zentralbanken \u2013 pr\u00e4zise FX-Daten f\u00fcr \u00fcber 3.200 Kurse und 1.900 W\u00e4hrungspaare, inklusive historischer Werte.\" \/>\n<meta name=\"robots\" content=\"index, follow, max-snippet:-1, max-image-preview:large, max-video-preview:-1\" \/>\n<link rel=\"canonical\" href=\"https:\/\/www.exchange-data.com\/de\/produkt\/offizielle-devisenkurse\/\" \/>\n<meta property=\"og:locale\" content=\"de_DE\" \/>\n<meta property=\"og:type\" content=\"article\" \/>\n<meta property=\"og:title\" content=\"Offizielle Devisenkurse | Exchange Data International\" \/>\n<meta property=\"og:description\" content=\"T\u00e4glich aktualisierte offizielle Wechselkurse von \u00fcber 90 Zentralbanken \u2013 pr\u00e4zise FX-Daten f\u00fcr \u00fcber 3.200 Kurse und 1.900 W\u00e4hrungspaare, inklusive historischer Werte.\" \/>\n<meta property=\"og:url\" content=\"https:\/\/www.exchange-data.com\/de\/produkt\/offizielle-devisenkurse\/\" \/>\n<meta property=\"og:site_name\" content=\"Exchange Data International\" \/>\n<meta property=\"article:modified_time\" content=\"2026-03-23T12:58:27+00:00\" \/>\n<meta name=\"twitter:card\" content=\"summary_large_image\" \/>\n<meta name=\"twitter:image\" content=\"https:\/\/www.exchange-data.com\/wp-content\/uploads\/2024\/02\/Linkedin-size-1024x535.png\" \/>\n<meta name=\"twitter:site\" content=\"@ExchangeData\" \/>\n<meta name=\"twitter:label1\" content=\"Gesch\u00e4tzte Lesezeit\" \/>\n\t<meta name=\"twitter:data1\" content=\"2\u00a0Minuten\" \/>\n<script type=\"application\/ld+json\" class=\"yoast-schema-graph\">{\"@context\":\"https:\/\/schema.org\",\"@graph\":[{\"@type\":\"WebPage\",\"@id\":\"https:\/\/www.exchange-data.com\/de\/produkt\/offizielle-devisenkurse\/\",\"url\":\"https:\/\/www.exchange-data.com\/de\/produkt\/offizielle-devisenkurse\/\",\"name\":\"Offizielle Devisenkurse\",\"isPartOf\":{\"@id\":\"https:\/\/www.exchange-data.com\/de\/#website\"},\"datePublished\":\"2024-10-17T14:56:38+00:00\",\"dateModified\":\"2026-03-23T12:58:27+00:00\",\"description\":\"T\u00e4glich aktualisierte offizielle Wechselkurse von \u00fcber 90 Zentralbanken \u2013 pr\u00e4zise FX-Daten f\u00fcr \u00fcber 3.200 Kurse und 1.900 W\u00e4hrungspaare, inklusive historischer Werte.\",\"breadcrumb\":{\"@id\":\"https:\/\/www.exchange-data.com\/de\/produkt\/offizielle-devisenkurse\/#breadcrumb\"},\"inLanguage\":\"de\",\"potentialAction\":[{\"@type\":\"ReadAction\",\"target\":[\"https:\/\/www.exchange-data.com\/de\/produkt\/offizielle-devisenkurse\/\"]}]},{\"@type\":\"BreadcrumbList\",\"@id\":\"https:\/\/www.exchange-data.com\/de\/produkt\/offizielle-devisenkurse\/#breadcrumb\",\"itemListElement\":[{\"@type\":\"ListItem\",\"position\":1,\"name\":\"Home\",\"item\":\"https:\/\/www.exchange-data.com\/de\/startseite\/\"},{\"@type\":\"ListItem\",\"position\":2,\"name\":\"Offizielle Devisenkurse\"}]},{\"@type\":\"WebSite\",\"@id\":\"https:\/\/www.exchange-data.com\/de\/#website\",\"url\":\"https:\/\/www.exchange-data.com\/de\/\",\"name\":\"Exchange Data International\",\"description\":\"Doing data differently\",\"publisher\":{\"@id\":\"https:\/\/www.exchange-data.com\/de\/#organization\"},\"potentialAction\":[{\"@type\":\"SearchAction\",\"target\":{\"@type\":\"EntryPoint\",\"urlTemplate\":\"https:\/\/www.exchange-data.com\/de\/?s={search_term_string}\"},\"query-input\":{\"@type\":\"PropertyValueSpecification\",\"valueRequired\":true,\"valueName\":\"search_term_string\"}}],\"inLanguage\":\"de\"},{\"@type\":\"Organization\",\"@id\":\"https:\/\/www.exchange-data.com\/de\/#organization\",\"name\":\"Exchange Data International\",\"url\":\"https:\/\/www.exchange-data.com\/de\/\",\"logo\":{\"@type\":\"ImageObject\",\"inLanguage\":\"de\",\"@id\":\"https:\/\/www.exchange-data.com\/de\/#\/schema\/logo\/image\/\",\"url\":\"https:\/\/www.exchange-data.com\/wp-content\/uploads\/2019\/03\/logo3.png\",\"contentUrl\":\"https:\/\/www.exchange-data.com\/wp-content\/uploads\/2019\/03\/logo3.png\",\"width\":200,\"height\":80,\"caption\":\"Exchange Data International\"},\"image\":{\"@id\":\"https:\/\/www.exchange-data.com\/de\/#\/schema\/logo\/image\/\"},\"sameAs\":[\"https:\/\/x.com\/ExchangeData\",\"https:\/\/www.linkedin.com\/company\/exchange-data-international\/?viewAsMember=true\",\"https:\/\/www.youtube.com\/channel\/UC5D1OpUb22YZANRLD_Ktcgg?view_as=subscriber\"]}]}<\/script>\n<!-- \/ Yoast SEO Premium plugin. -->","yoast_head_json":{"title":"Offizielle Devisenkurse","description":"T\u00e4glich aktualisierte offizielle Wechselkurse von \u00fcber 90 Zentralbanken \u2013 pr\u00e4zise FX-Daten f\u00fcr \u00fcber 3.200 Kurse und 1.900 W\u00e4hrungspaare, inklusive historischer Werte.","robots":{"index":"index","follow":"follow","max-snippet":"max-snippet:-1","max-image-preview":"max-image-preview:large","max-video-preview":"max-video-preview:-1"},"canonical":"https:\/\/www.exchange-data.com\/de\/produkt\/offizielle-devisenkurse\/","og_locale":"de_DE","og_type":"article","og_title":"Offizielle Devisenkurse | Exchange Data International","og_description":"T\u00e4glich aktualisierte offizielle Wechselkurse von \u00fcber 90 Zentralbanken \u2013 pr\u00e4zise FX-Daten f\u00fcr \u00fcber 3.200 Kurse und 1.900 W\u00e4hrungspaare, inklusive historischer Werte.","og_url":"https:\/\/www.exchange-data.com\/de\/produkt\/offizielle-devisenkurse\/","og_site_name":"Exchange Data International","article_modified_time":"2026-03-23T12:58:27+00:00","twitter_card":"summary_large_image","twitter_image":"https:\/\/www.exchange-data.com\/wp-content\/uploads\/2024\/02\/Linkedin-size-1024x535.png","twitter_site":"@ExchangeData","twitter_misc":{"Gesch\u00e4tzte Lesezeit":"2\u00a0Minuten"},"schema":{"@context":"https:\/\/schema.org","@graph":[{"@type":"WebPage","@id":"https:\/\/www.exchange-data.com\/de\/produkt\/offizielle-devisenkurse\/","url":"https:\/\/www.exchange-data.com\/de\/produkt\/offizielle-devisenkurse\/","name":"Offizielle Devisenkurse","isPartOf":{"@id":"https:\/\/www.exchange-data.com\/de\/#website"},"datePublished":"2024-10-17T14:56:38+00:00","dateModified":"2026-03-23T12:58:27+00:00","description":"T\u00e4glich aktualisierte offizielle Wechselkurse von \u00fcber 90 Zentralbanken \u2013 pr\u00e4zise FX-Daten f\u00fcr \u00fcber 3.200 Kurse und 1.900 W\u00e4hrungspaare, inklusive historischer Werte.","breadcrumb":{"@id":"https:\/\/www.exchange-data.com\/de\/produkt\/offizielle-devisenkurse\/#breadcrumb"},"inLanguage":"de","potentialAction":[{"@type":"ReadAction","target":["https:\/\/www.exchange-data.com\/de\/produkt\/offizielle-devisenkurse\/"]}]},{"@type":"BreadcrumbList","@id":"https:\/\/www.exchange-data.com\/de\/produkt\/offizielle-devisenkurse\/#breadcrumb","itemListElement":[{"@type":"ListItem","position":1,"name":"Home","item":"https:\/\/www.exchange-data.com\/de\/startseite\/"},{"@type":"ListItem","position":2,"name":"Offizielle Devisenkurse"}]},{"@type":"WebSite","@id":"https:\/\/www.exchange-data.com\/de\/#website","url":"https:\/\/www.exchange-data.com\/de\/","name":"Exchange Data International","description":"Doing data differently","publisher":{"@id":"https:\/\/www.exchange-data.com\/de\/#organization"},"potentialAction":[{"@type":"SearchAction","target":{"@type":"EntryPoint","urlTemplate":"https:\/\/www.exchange-data.com\/de\/?s={search_term_string}"},"query-input":{"@type":"PropertyValueSpecification","valueRequired":true,"valueName":"search_term_string"}}],"inLanguage":"de"},{"@type":"Organization","@id":"https:\/\/www.exchange-data.com\/de\/#organization","name":"Exchange Data International","url":"https:\/\/www.exchange-data.com\/de\/","logo":{"@type":"ImageObject","inLanguage":"de","@id":"https:\/\/www.exchange-data.com\/de\/#\/schema\/logo\/image\/","url":"https:\/\/www.exchange-data.com\/wp-content\/uploads\/2019\/03\/logo3.png","contentUrl":"https:\/\/www.exchange-data.com\/wp-content\/uploads\/2019\/03\/logo3.png","width":200,"height":80,"caption":"Exchange Data International"},"image":{"@id":"https:\/\/www.exchange-data.com\/de\/#\/schema\/logo\/image\/"},"sameAs":["https:\/\/x.com\/ExchangeData","https:\/\/www.linkedin.com\/company\/exchange-data-international\/?viewAsMember=true","https:\/\/www.youtube.com\/channel\/UC5D1OpUb22YZANRLD_Ktcgg?view_as=subscriber"]}]}},"_links":{"self":[{"href":"https:\/\/www.exchange-data.com\/de\/wp-json\/wp\/v2\/product\/35652","targetHints":{"allow":["GET"]}}],"collection":[{"href":"https:\/\/www.exchange-data.com\/de\/wp-json\/wp\/v2\/product"}],"about":[{"href":"https:\/\/www.exchange-data.com\/de\/wp-json\/wp\/v2\/types\/product"}],"wp:attachment":[{"href":"https:\/\/www.exchange-data.com\/de\/wp-json\/wp\/v2\/media?parent=35652"}],"wp:term":[{"taxonomy":"country","embeddable":true,"href":"https:\/\/www.exchange-data.com\/de\/wp-json\/wp\/v2\/country?post=35652"},{"taxonomy":"product_category","embeddable":true,"href":"https:\/\/www.exchange-data.com\/de\/wp-json\/wp\/v2\/product_category?post=35652"}],"curies":[{"name":"wp","href":"https:\/\/api.w.org\/{rel}","templated":true}]}}