{"id":35653,"date":"2024-09-24T17:51:15","date_gmt":"2024-09-24T16:51:15","guid":{"rendered":"https:\/\/www.exchange-data.com\/product\/china-futures-leitfaden\/"},"modified":"2025-08-07T11:53:11","modified_gmt":"2025-08-07T10:53:11","slug":"china-futures-leitfaden","status":"publish","type":"product","link":"https:\/\/www.exchange-data.com\/de\/produkt\/china-futures-leitfaden\/","title":{"rendered":"China-Futures-Leitfaden"},"content":{"rendered":"<p>&nbsp;<\/p>\n<h2>Hochwertige Intraday-Tickdaten zu Futures von ChinaTickData<\/h2>\n<p>&nbsp;<\/p>\n<p><span style=\"font-weight: 400;\">ChinaTickData bietet umfassende Datens\u00e4tze mit hochwertigen Intraday-Transaktionsdaten f\u00fcr alle an den chinesischen Terminb\u00f6rsen gelisteten Wertpapiere. Die Tickdaten sind speziell auf quantitative Handelsstrategien, Backtesting, Machine Learning und weitere fortgeschrittene Anwendungen zugeschnitten. <\/span><\/p>\n<p><span style=\"font-weight: 400;\">Hinweis: F\u00fcr chinesische Futures werden die Tickdaten als zwei Snapshots pro Sekunde erfasst.<\/span><\/p>\n<h4>Snapshot-Preise<\/h4>\n<p><span style=\"font-weight: 400;\">Alle zwischen zwei Snapshots get\u00e4tigten Trades flie\u00dfen in die Volumenver\u00e4nderungen ein \u2013 dargestellt sowohl in RMB als auch in gehandelten Kontrakten. Selbst wenn es keine \u00c4nderungen gegen\u00fcber dem letzten Snapshot gibt, wird ein neuer Snapshot mit aktualisiertem Zeitstempel gespeichert. <\/span><\/p>\n<h4>Zeitstempel f\u00fcr China Futures<\/h4>\n<p><span style=\"font-weight: 400;\">Alle Zeitstempel werden in China Standard Time (CST) angegeben.<\/span><\/p>\n<p><span style=\"font-weight: 400;\">Wichtig: Excel versucht automatisch, Millisekunden-Zeitstempel in sein eigenes Zeitformat zu konvertieren, was zu Fehlern f\u00fchren kann. Bitte stellen Sie sicher, dass Sie Millisekunden-Zeitstempel beim Import als Text formatieren. <\/span><\/p>\n","protected":false},"featured_media":0,"template":"","country":[],"product_category":[3170,3167],"class_list":["post-35653","product","type-product","status-publish","hentry","product_category-derivative-data-short-interest-data-de","product_category-produkte-und-services","no-post-thumbnail"],"acf":[],"yoast_head":"<!-- This site is optimized with the Yoast SEO Premium plugin v26.0 (Yoast SEO v26.0) - https:\/\/yoast.com\/wordpress\/plugins\/seo\/ -->\n<title>Dividendenkalender &amp; China Futures Tickdaten \u2013 Pr\u00e4zise &amp; Echtzeit | Exchange Data International<\/title>\n<meta name=\"description\" content=\"Nutzen Sie hochaufl\u00f6sende China Futures Tickdaten von ChinaTickData \u2013 ideal f\u00fcr Quant-Trading, Backtesting &amp; Machine Learning. Inklusive Snapshot-Preisen &amp; Dividendenkalender.\" \/>\n<meta name=\"robots\" content=\"index, follow, max-snippet:-1, max-image-preview:large, max-video-preview:-1\" \/>\n<link rel=\"canonical\" href=\"https:\/\/www.exchange-data.com\/de\/produkt\/china-futures-leitfaden\/\" \/>\n<meta property=\"og:locale\" content=\"de_DE\" \/>\n<meta property=\"og:type\" content=\"article\" \/>\n<meta property=\"og:title\" content=\"China-Futures-Leitfaden | Exchange Data International\" \/>\n<meta property=\"og:description\" content=\"Nutzen Sie hochaufl\u00f6sende China Futures Tickdaten von ChinaTickData \u2013 ideal f\u00fcr Quant-Trading, Backtesting &amp; Machine Learning. Inklusive Snapshot-Preisen &amp; Dividendenkalender.\" \/>\n<meta property=\"og:url\" content=\"https:\/\/www.exchange-data.com\/de\/produkt\/china-futures-leitfaden\/\" \/>\n<meta property=\"og:site_name\" content=\"Exchange Data International\" \/>\n<meta property=\"article:modified_time\" content=\"2025-08-07T10:53:11+00:00\" \/>\n<meta name=\"twitter:card\" content=\"summary_large_image\" \/>\n<meta name=\"twitter:image\" content=\"https:\/\/www.exchange-data.com\/wp-content\/uploads\/2024\/02\/Linkedin-size-1024x535.png\" \/>\n<meta name=\"twitter:site\" content=\"@ExchangeData\" \/>\n<meta name=\"twitter:label1\" content=\"Gesch\u00e4tzte Lesezeit\" \/>\n\t<meta name=\"twitter:data1\" content=\"1\u00a0Minute\" \/>\n<script type=\"application\/ld+json\" class=\"yoast-schema-graph\">{\"@context\":\"https:\/\/schema.org\",\"@graph\":[{\"@type\":\"WebPage\",\"@id\":\"https:\/\/www.exchange-data.com\/de\/produkt\/china-futures-leitfaden\/\",\"url\":\"https:\/\/www.exchange-data.com\/de\/produkt\/china-futures-leitfaden\/\",\"name\":\"Dividendenkalender & China Futures Tickdaten \u2013 Pr\u00e4zise & Echtzeit | Exchange Data International\",\"isPartOf\":{\"@id\":\"https:\/\/www.exchange-data.com\/de\/#website\"},\"datePublished\":\"2024-09-24T16:51:15+00:00\",\"dateModified\":\"2025-08-07T10:53:11+00:00\",\"description\":\"Nutzen Sie hochaufl\u00f6sende China Futures Tickdaten von ChinaTickData \u2013 ideal f\u00fcr Quant-Trading, Backtesting & Machine Learning. Inklusive Snapshot-Preisen & Dividendenkalender.\",\"breadcrumb\":{\"@id\":\"https:\/\/www.exchange-data.com\/de\/produkt\/china-futures-leitfaden\/#breadcrumb\"},\"inLanguage\":\"de\",\"potentialAction\":[{\"@type\":\"ReadAction\",\"target\":[\"https:\/\/www.exchange-data.com\/de\/produkt\/china-futures-leitfaden\/\"]}]},{\"@type\":\"BreadcrumbList\",\"@id\":\"https:\/\/www.exchange-data.com\/de\/produkt\/china-futures-leitfaden\/#breadcrumb\",\"itemListElement\":[{\"@type\":\"ListItem\",\"position\":1,\"name\":\"Home\",\"item\":\"https:\/\/www.exchange-data.com\/de\/startseite\/\"},{\"@type\":\"ListItem\",\"position\":2,\"name\":\"China-Futures-Leitfaden\"}]},{\"@type\":\"WebSite\",\"@id\":\"https:\/\/www.exchange-data.com\/de\/#website\",\"url\":\"https:\/\/www.exchange-data.com\/de\/\",\"name\":\"Exchange Data International\",\"description\":\"Doing data differently\",\"publisher\":{\"@id\":\"https:\/\/www.exchange-data.com\/de\/#organization\"},\"potentialAction\":[{\"@type\":\"SearchAction\",\"target\":{\"@type\":\"EntryPoint\",\"urlTemplate\":\"https:\/\/www.exchange-data.com\/de\/?s={search_term_string}\"},\"query-input\":{\"@type\":\"PropertyValueSpecification\",\"valueRequired\":true,\"valueName\":\"search_term_string\"}}],\"inLanguage\":\"de\"},{\"@type\":\"Organization\",\"@id\":\"https:\/\/www.exchange-data.com\/de\/#organization\",\"name\":\"Exchange Data International\",\"url\":\"https:\/\/www.exchange-data.com\/de\/\",\"logo\":{\"@type\":\"ImageObject\",\"inLanguage\":\"de\",\"@id\":\"https:\/\/www.exchange-data.com\/de\/#\/schema\/logo\/image\/\",\"url\":\"https:\/\/www.exchange-data.com\/wp-content\/uploads\/2019\/03\/logo3.png\",\"contentUrl\":\"https:\/\/www.exchange-data.com\/wp-content\/uploads\/2019\/03\/logo3.png\",\"width\":200,\"height\":80,\"caption\":\"Exchange Data International\"},\"image\":{\"@id\":\"https:\/\/www.exchange-data.com\/de\/#\/schema\/logo\/image\/\"},\"sameAs\":[\"https:\/\/x.com\/ExchangeData\",\"https:\/\/www.linkedin.com\/company\/exchange-data-international\/?viewAsMember=true\",\"https:\/\/www.youtube.com\/channel\/UC5D1OpUb22YZANRLD_Ktcgg?view_as=subscriber\"]}]}<\/script>\n<!-- \/ Yoast SEO Premium plugin. -->","yoast_head_json":{"title":"Dividendenkalender & China Futures Tickdaten \u2013 Pr\u00e4zise & Echtzeit | Exchange Data International","description":"Nutzen Sie hochaufl\u00f6sende China Futures Tickdaten von ChinaTickData \u2013 ideal f\u00fcr Quant-Trading, Backtesting & Machine Learning. Inklusive Snapshot-Preisen & Dividendenkalender.","robots":{"index":"index","follow":"follow","max-snippet":"max-snippet:-1","max-image-preview":"max-image-preview:large","max-video-preview":"max-video-preview:-1"},"canonical":"https:\/\/www.exchange-data.com\/de\/produkt\/china-futures-leitfaden\/","og_locale":"de_DE","og_type":"article","og_title":"China-Futures-Leitfaden | Exchange Data International","og_description":"Nutzen Sie hochaufl\u00f6sende China Futures Tickdaten von ChinaTickData \u2013 ideal f\u00fcr Quant-Trading, Backtesting & Machine Learning. Inklusive Snapshot-Preisen & Dividendenkalender.","og_url":"https:\/\/www.exchange-data.com\/de\/produkt\/china-futures-leitfaden\/","og_site_name":"Exchange Data International","article_modified_time":"2025-08-07T10:53:11+00:00","twitter_card":"summary_large_image","twitter_image":"https:\/\/www.exchange-data.com\/wp-content\/uploads\/2024\/02\/Linkedin-size-1024x535.png","twitter_site":"@ExchangeData","twitter_misc":{"Gesch\u00e4tzte Lesezeit":"1\u00a0Minute"},"schema":{"@context":"https:\/\/schema.org","@graph":[{"@type":"WebPage","@id":"https:\/\/www.exchange-data.com\/de\/produkt\/china-futures-leitfaden\/","url":"https:\/\/www.exchange-data.com\/de\/produkt\/china-futures-leitfaden\/","name":"Dividendenkalender & China Futures Tickdaten \u2013 Pr\u00e4zise & Echtzeit | Exchange Data International","isPartOf":{"@id":"https:\/\/www.exchange-data.com\/de\/#website"},"datePublished":"2024-09-24T16:51:15+00:00","dateModified":"2025-08-07T10:53:11+00:00","description":"Nutzen Sie hochaufl\u00f6sende China Futures Tickdaten von ChinaTickData \u2013 ideal f\u00fcr Quant-Trading, Backtesting & Machine Learning. Inklusive Snapshot-Preisen & Dividendenkalender.","breadcrumb":{"@id":"https:\/\/www.exchange-data.com\/de\/produkt\/china-futures-leitfaden\/#breadcrumb"},"inLanguage":"de","potentialAction":[{"@type":"ReadAction","target":["https:\/\/www.exchange-data.com\/de\/produkt\/china-futures-leitfaden\/"]}]},{"@type":"BreadcrumbList","@id":"https:\/\/www.exchange-data.com\/de\/produkt\/china-futures-leitfaden\/#breadcrumb","itemListElement":[{"@type":"ListItem","position":1,"name":"Home","item":"https:\/\/www.exchange-data.com\/de\/startseite\/"},{"@type":"ListItem","position":2,"name":"China-Futures-Leitfaden"}]},{"@type":"WebSite","@id":"https:\/\/www.exchange-data.com\/de\/#website","url":"https:\/\/www.exchange-data.com\/de\/","name":"Exchange Data International","description":"Doing data differently","publisher":{"@id":"https:\/\/www.exchange-data.com\/de\/#organization"},"potentialAction":[{"@type":"SearchAction","target":{"@type":"EntryPoint","urlTemplate":"https:\/\/www.exchange-data.com\/de\/?s={search_term_string}"},"query-input":{"@type":"PropertyValueSpecification","valueRequired":true,"valueName":"search_term_string"}}],"inLanguage":"de"},{"@type":"Organization","@id":"https:\/\/www.exchange-data.com\/de\/#organization","name":"Exchange Data International","url":"https:\/\/www.exchange-data.com\/de\/","logo":{"@type":"ImageObject","inLanguage":"de","@id":"https:\/\/www.exchange-data.com\/de\/#\/schema\/logo\/image\/","url":"https:\/\/www.exchange-data.com\/wp-content\/uploads\/2019\/03\/logo3.png","contentUrl":"https:\/\/www.exchange-data.com\/wp-content\/uploads\/2019\/03\/logo3.png","width":200,"height":80,"caption":"Exchange Data International"},"image":{"@id":"https:\/\/www.exchange-data.com\/de\/#\/schema\/logo\/image\/"},"sameAs":["https:\/\/x.com\/ExchangeData","https:\/\/www.linkedin.com\/company\/exchange-data-international\/?viewAsMember=true","https:\/\/www.youtube.com\/channel\/UC5D1OpUb22YZANRLD_Ktcgg?view_as=subscriber"]}]}},"_links":{"self":[{"href":"https:\/\/www.exchange-data.com\/de\/wp-json\/wp\/v2\/product\/35653","targetHints":{"allow":["GET"]}}],"collection":[{"href":"https:\/\/www.exchange-data.com\/de\/wp-json\/wp\/v2\/product"}],"about":[{"href":"https:\/\/www.exchange-data.com\/de\/wp-json\/wp\/v2\/types\/product"}],"wp:attachment":[{"href":"https:\/\/www.exchange-data.com\/de\/wp-json\/wp\/v2\/media?parent=35653"}],"wp:term":[{"taxonomy":"country","embeddable":true,"href":"https:\/\/www.exchange-data.com\/de\/wp-json\/wp\/v2\/country?post=35653"},{"taxonomy":"product_category","embeddable":true,"href":"https:\/\/www.exchange-data.com\/de\/wp-json\/wp\/v2\/product_category?post=35653"}],"curies":[{"name":"wp","href":"https:\/\/api.w.org\/{rel}","templated":true}]}}