{"id":35655,"date":"2024-09-24T17:14:36","date_gmt":"2024-09-24T16:14:36","guid":{"rendered":"https:\/\/www.exchange-data.com\/product\/china-aktien-leitfaden\/"},"modified":"2025-08-08T10:41:38","modified_gmt":"2025-08-08T09:41:38","slug":"china-aktien-leitfaden","status":"publish","type":"product","link":"https:\/\/www.exchange-data.com\/de\/produkt\/china-aktien-leitfaden\/","title":{"rendered":"Leitfaden f\u00fcr chinesische Aktien"},"content":{"rendered":"<p>&nbsp;<\/p>\n<h2>Hochwertige Intraday-Transaktionsdaten von ChinaTickData<\/h2>\n<p>&nbsp;<\/p>\n<p><span style=\"font-weight: 400;\">Entdecken Sie die umfassenden Datens\u00e4tze von ChinaTickData mit pr\u00e4zisen Intraday-Transaktionen f\u00fcr alle an chinesischen B\u00f6rsen gehandelten Wertpapiere. Diese Daten werden sorgf\u00e4ltig aufbereitet, um quantitative Handelsstrategien, Backtesting, maschinelles Lernen und weitere anspruchsvolle Anwendungen optimal zu unterst\u00fctzen. <\/span><\/p>\n<p><span style=\"font-weight: 400;\"><strong>Wichtiger Hinweis: <\/strong>In China werden B\u00f6rsentickdaten alle drei Sekunden als Snapshot erfasst.<\/span><\/p>\n<h4>Snapshot-Preise<\/h4>\n<p><span style=\"font-weight: 400;\">Alle Transaktionen zwischen zwei Snapshots tragen zur Ver\u00e4nderung des Handelsvolumens bei, das in RMB und St\u00fcckzahlen ausgewiesen wird. Selbst wenn sich zwischen den Snapshots keine Werte \u00e4ndern, wird dennoch ein neuer Snapshot mit aktualisiertem Zeitstempel erzeugt. <\/span><\/p>\n<h4>Zeitstempel<\/h4>\n<p><span style=\"font-weight: 400;\">Alle Zeitangaben erfolgen in China Standard Time (CST).<\/span><\/p>\n<p><span style=\"font-weight: 400;\">Wichtig f\u00fcr Excel-Nutzer: Excel versucht, Millisekunden-Zeitstempel automatisch zu konvertieren, was zu Fehlern f\u00fchren kann. Um dies zu vermeiden, sollten Zeitstempel beim Import als Text behandelt werden. <\/span><\/p>\n","protected":false},"featured_media":0,"template":"","country":[],"product_category":[3191,3167],"class_list":["post-35655","product","type-product","status-publish","hentry","product_category-equity-corporate-actions","product_category-produkte-und-services","no-post-thumbnail"],"acf":[],"yoast_head":"<!-- This site is optimized with the Yoast SEO Premium plugin v26.0 (Yoast SEO v26.0) - https:\/\/yoast.com\/wordpress\/plugins\/seo\/ -->\n<title>Wirtschaftsdaten-Dienstleistungen \u2013 ChinaTickData Intraday-Transaktionen | Exchange Data International<\/title>\n<meta name=\"description\" content=\"ChinaTickData bietet hochwertige Intraday-Daten f\u00fcr chinesische B\u00f6rsen \u2013 ideal f\u00fcr quantitative Modelle und moderne Wirtschaftsdaten-Dienstleistungen.\" \/>\n<meta name=\"robots\" content=\"index, follow, max-snippet:-1, max-image-preview:large, max-video-preview:-1\" \/>\n<link rel=\"canonical\" href=\"https:\/\/www.exchange-data.com\/de\/produkt\/china-aktien-leitfaden\/\" \/>\n<meta property=\"og:locale\" content=\"de_DE\" \/>\n<meta property=\"og:type\" content=\"article\" \/>\n<meta property=\"og:title\" content=\"Leitfaden f\u00fcr chinesische Aktien | Exchange Data International\" \/>\n<meta property=\"og:description\" content=\"ChinaTickData bietet hochwertige Intraday-Daten f\u00fcr chinesische B\u00f6rsen \u2013 ideal f\u00fcr quantitative Modelle und moderne Wirtschaftsdaten-Dienstleistungen.\" \/>\n<meta property=\"og:url\" content=\"https:\/\/www.exchange-data.com\/de\/produkt\/china-aktien-leitfaden\/\" \/>\n<meta property=\"og:site_name\" content=\"Exchange Data International\" \/>\n<meta property=\"article:modified_time\" content=\"2025-08-08T09:41:38+00:00\" \/>\n<meta name=\"twitter:card\" content=\"summary_large_image\" \/>\n<meta name=\"twitter:image\" content=\"https:\/\/www.exchange-data.com\/wp-content\/uploads\/2024\/02\/Linkedin-size-1024x535.png\" \/>\n<meta name=\"twitter:site\" content=\"@ExchangeData\" \/>\n<meta name=\"twitter:label1\" content=\"Gesch\u00e4tzte Lesezeit\" \/>\n\t<meta name=\"twitter:data1\" content=\"1\u00a0Minute\" \/>\n<script type=\"application\/ld+json\" class=\"yoast-schema-graph\">{\"@context\":\"https:\/\/schema.org\",\"@graph\":[{\"@type\":\"WebPage\",\"@id\":\"https:\/\/www.exchange-data.com\/de\/produkt\/china-aktien-leitfaden\/\",\"url\":\"https:\/\/www.exchange-data.com\/de\/produkt\/china-aktien-leitfaden\/\",\"name\":\"Wirtschaftsdaten-Dienstleistungen \u2013 ChinaTickData Intraday-Transaktionen | Exchange Data International\",\"isPartOf\":{\"@id\":\"https:\/\/www.exchange-data.com\/de\/#website\"},\"datePublished\":\"2024-09-24T16:14:36+00:00\",\"dateModified\":\"2025-08-08T09:41:38+00:00\",\"description\":\"ChinaTickData bietet hochwertige Intraday-Daten f\u00fcr chinesische B\u00f6rsen \u2013 ideal f\u00fcr quantitative Modelle und moderne Wirtschaftsdaten-Dienstleistungen.\",\"breadcrumb\":{\"@id\":\"https:\/\/www.exchange-data.com\/de\/produkt\/china-aktien-leitfaden\/#breadcrumb\"},\"inLanguage\":\"de\",\"potentialAction\":[{\"@type\":\"ReadAction\",\"target\":[\"https:\/\/www.exchange-data.com\/de\/produkt\/china-aktien-leitfaden\/\"]}]},{\"@type\":\"BreadcrumbList\",\"@id\":\"https:\/\/www.exchange-data.com\/de\/produkt\/china-aktien-leitfaden\/#breadcrumb\",\"itemListElement\":[{\"@type\":\"ListItem\",\"position\":1,\"name\":\"Home\",\"item\":\"https:\/\/www.exchange-data.com\/de\/startseite\/\"},{\"@type\":\"ListItem\",\"position\":2,\"name\":\"Leitfaden f\u00fcr chinesische Aktien\"}]},{\"@type\":\"WebSite\",\"@id\":\"https:\/\/www.exchange-data.com\/de\/#website\",\"url\":\"https:\/\/www.exchange-data.com\/de\/\",\"name\":\"Exchange Data International\",\"description\":\"Doing data differently\",\"publisher\":{\"@id\":\"https:\/\/www.exchange-data.com\/de\/#organization\"},\"potentialAction\":[{\"@type\":\"SearchAction\",\"target\":{\"@type\":\"EntryPoint\",\"urlTemplate\":\"https:\/\/www.exchange-data.com\/de\/?s={search_term_string}\"},\"query-input\":{\"@type\":\"PropertyValueSpecification\",\"valueRequired\":true,\"valueName\":\"search_term_string\"}}],\"inLanguage\":\"de\"},{\"@type\":\"Organization\",\"@id\":\"https:\/\/www.exchange-data.com\/de\/#organization\",\"name\":\"Exchange Data International\",\"url\":\"https:\/\/www.exchange-data.com\/de\/\",\"logo\":{\"@type\":\"ImageObject\",\"inLanguage\":\"de\",\"@id\":\"https:\/\/www.exchange-data.com\/de\/#\/schema\/logo\/image\/\",\"url\":\"https:\/\/www.exchange-data.com\/wp-content\/uploads\/2019\/03\/logo3.png\",\"contentUrl\":\"https:\/\/www.exchange-data.com\/wp-content\/uploads\/2019\/03\/logo3.png\",\"width\":200,\"height\":80,\"caption\":\"Exchange Data International\"},\"image\":{\"@id\":\"https:\/\/www.exchange-data.com\/de\/#\/schema\/logo\/image\/\"},\"sameAs\":[\"https:\/\/x.com\/ExchangeData\",\"https:\/\/www.linkedin.com\/company\/exchange-data-international\/?viewAsMember=true\",\"https:\/\/www.youtube.com\/channel\/UC5D1OpUb22YZANRLD_Ktcgg?view_as=subscriber\"]}]}<\/script>\n<!-- \/ Yoast SEO Premium plugin. -->","yoast_head_json":{"title":"Wirtschaftsdaten-Dienstleistungen \u2013 ChinaTickData Intraday-Transaktionen | Exchange Data International","description":"ChinaTickData bietet hochwertige Intraday-Daten f\u00fcr chinesische B\u00f6rsen \u2013 ideal f\u00fcr quantitative Modelle und moderne Wirtschaftsdaten-Dienstleistungen.","robots":{"index":"index","follow":"follow","max-snippet":"max-snippet:-1","max-image-preview":"max-image-preview:large","max-video-preview":"max-video-preview:-1"},"canonical":"https:\/\/www.exchange-data.com\/de\/produkt\/china-aktien-leitfaden\/","og_locale":"de_DE","og_type":"article","og_title":"Leitfaden f\u00fcr chinesische Aktien | Exchange Data International","og_description":"ChinaTickData bietet hochwertige Intraday-Daten f\u00fcr chinesische B\u00f6rsen \u2013 ideal f\u00fcr quantitative Modelle und moderne Wirtschaftsdaten-Dienstleistungen.","og_url":"https:\/\/www.exchange-data.com\/de\/produkt\/china-aktien-leitfaden\/","og_site_name":"Exchange Data International","article_modified_time":"2025-08-08T09:41:38+00:00","twitter_card":"summary_large_image","twitter_image":"https:\/\/www.exchange-data.com\/wp-content\/uploads\/2024\/02\/Linkedin-size-1024x535.png","twitter_site":"@ExchangeData","twitter_misc":{"Gesch\u00e4tzte Lesezeit":"1\u00a0Minute"},"schema":{"@context":"https:\/\/schema.org","@graph":[{"@type":"WebPage","@id":"https:\/\/www.exchange-data.com\/de\/produkt\/china-aktien-leitfaden\/","url":"https:\/\/www.exchange-data.com\/de\/produkt\/china-aktien-leitfaden\/","name":"Wirtschaftsdaten-Dienstleistungen \u2013 ChinaTickData Intraday-Transaktionen | Exchange Data International","isPartOf":{"@id":"https:\/\/www.exchange-data.com\/de\/#website"},"datePublished":"2024-09-24T16:14:36+00:00","dateModified":"2025-08-08T09:41:38+00:00","description":"ChinaTickData bietet hochwertige Intraday-Daten f\u00fcr chinesische B\u00f6rsen \u2013 ideal f\u00fcr quantitative Modelle und moderne Wirtschaftsdaten-Dienstleistungen.","breadcrumb":{"@id":"https:\/\/www.exchange-data.com\/de\/produkt\/china-aktien-leitfaden\/#breadcrumb"},"inLanguage":"de","potentialAction":[{"@type":"ReadAction","target":["https:\/\/www.exchange-data.com\/de\/produkt\/china-aktien-leitfaden\/"]}]},{"@type":"BreadcrumbList","@id":"https:\/\/www.exchange-data.com\/de\/produkt\/china-aktien-leitfaden\/#breadcrumb","itemListElement":[{"@type":"ListItem","position":1,"name":"Home","item":"https:\/\/www.exchange-data.com\/de\/startseite\/"},{"@type":"ListItem","position":2,"name":"Leitfaden f\u00fcr chinesische Aktien"}]},{"@type":"WebSite","@id":"https:\/\/www.exchange-data.com\/de\/#website","url":"https:\/\/www.exchange-data.com\/de\/","name":"Exchange Data International","description":"Doing data differently","publisher":{"@id":"https:\/\/www.exchange-data.com\/de\/#organization"},"potentialAction":[{"@type":"SearchAction","target":{"@type":"EntryPoint","urlTemplate":"https:\/\/www.exchange-data.com\/de\/?s={search_term_string}"},"query-input":{"@type":"PropertyValueSpecification","valueRequired":true,"valueName":"search_term_string"}}],"inLanguage":"de"},{"@type":"Organization","@id":"https:\/\/www.exchange-data.com\/de\/#organization","name":"Exchange Data International","url":"https:\/\/www.exchange-data.com\/de\/","logo":{"@type":"ImageObject","inLanguage":"de","@id":"https:\/\/www.exchange-data.com\/de\/#\/schema\/logo\/image\/","url":"https:\/\/www.exchange-data.com\/wp-content\/uploads\/2019\/03\/logo3.png","contentUrl":"https:\/\/www.exchange-data.com\/wp-content\/uploads\/2019\/03\/logo3.png","width":200,"height":80,"caption":"Exchange Data International"},"image":{"@id":"https:\/\/www.exchange-data.com\/de\/#\/schema\/logo\/image\/"},"sameAs":["https:\/\/x.com\/ExchangeData","https:\/\/www.linkedin.com\/company\/exchange-data-international\/?viewAsMember=true","https:\/\/www.youtube.com\/channel\/UC5D1OpUb22YZANRLD_Ktcgg?view_as=subscriber"]}]}},"_links":{"self":[{"href":"https:\/\/www.exchange-data.com\/de\/wp-json\/wp\/v2\/product\/35655","targetHints":{"allow":["GET"]}}],"collection":[{"href":"https:\/\/www.exchange-data.com\/de\/wp-json\/wp\/v2\/product"}],"about":[{"href":"https:\/\/www.exchange-data.com\/de\/wp-json\/wp\/v2\/types\/product"}],"wp:attachment":[{"href":"https:\/\/www.exchange-data.com\/de\/wp-json\/wp\/v2\/media?parent=35655"}],"wp:term":[{"taxonomy":"country","embeddable":true,"href":"https:\/\/www.exchange-data.com\/de\/wp-json\/wp\/v2\/country?post=35655"},{"taxonomy":"product_category","embeddable":true,"href":"https:\/\/www.exchange-data.com\/de\/wp-json\/wp\/v2\/product_category?post=35655"}],"curies":[{"name":"wp","href":"https:\/\/api.w.org\/{rel}","templated":true}]}}