{"id":35656,"date":"2024-07-12T16:09:17","date_gmt":"2024-07-12T15:09:17","guid":{"rendered":"https:\/\/www.exchange-data.com\/product\/corporate-actions-announcement-processing-system-caaps\/"},"modified":"2025-08-08T10:49:00","modified_gmt":"2025-08-08T09:49:00","slug":"corporate-actions-announcement-processing-system-caaps","status":"publish","type":"product","link":"https:\/\/www.exchange-data.com\/de\/produkt\/corporate-actions-announcement-processing-system-caaps\/","title":{"rendered":"Corporate Actions Announcement Processing System (CAAPS)"},"content":{"rendered":"<p>&nbsp;<\/p>\n<h2>Sichere, cloudbasierte L\u00f6sung f\u00fcr Workflow-Management und Verarbeitung von Kapitalma\u00dfnahmen<\/h2>\n<p>&nbsp;<\/p>\n<p><span style=\"font-weight: 400;\">CAAPS sammelt, \u00fcberwacht und meldet Informationen zu Kapitalma\u00dfnahmen aus den autorisierten Quellen des Kunden. Die L\u00f6sung ist quellenunabh\u00e4ngig und bietet zahlreiche Funktionen, mit denen Unternehmen Workflows gem\u00e4\u00df ihrer individuellen Gesch\u00e4ftsregeln steuern k\u00f6nnen. <\/span><\/p>\n<h4>Standardisiert:<\/h4>\n<p><span style=\"font-weight: 400;\">CAAPS unterst\u00fctzt nahtlos branchen\u00fcbliche Nachrichtenformate wie ISO 15022 und ISO 20022 sowie anbieterspezifische Ank\u00fcndigungsformate f\u00fcr Kapitalma\u00dfnahmen. Damit erf\u00fcllt die L\u00f6sung weltweite Standards im Finanznachrichtenverkehr. <\/p>\n<p> <\/span><br \/>\n<span style=\"font-weight: 400;\">Dar\u00fcber hinaus verarbeitet CAAPS auch kundenspezifische, propriet\u00e4re Dateiformate und bietet so maximale Flexibilit\u00e4t f\u00fcr individuelle Anforderungen.<\/span><\/p>\n<h4>Flexibel:<\/h4>\n<p><span style=\"font-weight: 400;\">Kunden k\u00f6nnen individuelle Arbeitswarteschlangen erstellen, um Ausnahmen gezielt zu identifizieren und ihre Abl\u00e4ufe effizienter zu gestalten. Ma\u00dfgeschneiderte Risikobewertungen liefern Einsch\u00e4tzungen zu potenziellen Risiken von Ereignissen. Die modulare Softwarearchitektur erm\u00f6glicht die einfache Integration neuer Funktionen zur Unterst\u00fctzung operativer \u00c4nderungen.  <\/span><\/p>\n<p>&nbsp;<\/p>\n<h3>Eigenschaften<\/h3>\n<p>&nbsp;<\/p>\n<ul>\n<li style=\"list-style-type: none;\">\n \t<\/li>\n<li><span style=\"font-weight: 400;\"><strong>Dynamische Arbeitswarteschlangen &amp; Suchen:<\/strong><\/span><\/li>\n<\/ul>\n<p><span style=\"font-weight: 400;\">Benutzerdefinierte Suchabfragen zur Erstellung von Warteschlangen und Berichten f\u00fcr das Operationsteam.<\/span><\/p>\n<ul>\n<li style=\"list-style-type: none;\">\n \t<\/li>\n<li><span style=\"font-weight: 400;\"><strong>Audit-Trail:<\/strong><\/span><\/li>\n<\/ul>\n<p><span style=\"font-weight: 400;\">R\u00fcckverfolgbarkeit durch einfache Einsicht in manuelle \u00c4nderungen an Ereignisdaten.<\/span><\/p>\n<ul>\n<li style=\"list-style-type: none;\">\n \t<\/li>\n<li><span style=\"font-weight: 400;\"><strong>Datenvergleich:<\/strong><\/span><\/li>\n<\/ul>\n<p><span style=\"font-weight: 400;\">Automatischer Abgleich von Daten aus verschiedenen Quellen zur Erstellung eines konsolidierten Ereignisdatensatzes. <\/span><\/p>\n<ul>\n<li style=\"list-style-type: none;\">\n \t<\/li>\n<li><span style=\"font-weight: 400;\"><strong>Ereignis\u00fcbermittlung:<\/strong><\/span><\/li>\n<\/ul>\n<p><span style=\"font-weight: 400;\">Effiziente und sichere \u00dcbertragung im ISO 15022- und ISO 20022-Format. <\/span><\/p>\n<ul>\n<li style=\"list-style-type: none;\">\n \t<\/li>\n<li><span style=\"font-weight: 400;\"><strong>Ereignisvorlagen:<\/strong><\/span><\/li>\n<\/ul>\n<p><span style=\"font-weight: 400;\">Vorlagen zur strukturierten Verwaltung von Ereignisdaten nach ISO-Typen. <\/span><\/p>\n<ul>\n<li style=\"list-style-type: none;\">\n \t<\/li>\n<li><span style=\"font-weight: 400;\"><strong>Risikovorlagen:<\/strong><\/span><\/li>\n<\/ul>\n<p><span style=\"font-weight: 400;\">Definition von Risikobedingungen, die bei Ereigniserstellung und Daten\u00e4nderung angewendet werden.<\/span><\/p>\n<ul>\n<li style=\"list-style-type: none;\">\n \t<\/li>\n<li><span style=\"font-weight: 400;\"><strong>Ausnahmeverarbeitung: <\/strong><\/span><\/li>\n<\/ul>\n<p><span style=\"font-weight: 400;\">Schnelle Identifikation und Meldung von Ausnahmen mit umfassendem Monitoring.<\/span><\/p>\n<ul>\n<li style=\"list-style-type: none;\">\n \t<\/li>\n<li><span style=\"font-weight: 400;\"><strong>Risikomessung:<\/strong><\/span><\/li>\n<\/ul>\n<p><span style=\"font-weight: 400;\">Schl\u00fcsselkriterien zur schnellen Einsch\u00e4tzung besonders risikobehafteter Ereignisse.<\/span><\/p>\n<ul>\n<li style=\"list-style-type: none;\">\n \t<\/li>\n<li><span style=\"font-weight: 400;\"><strong>Sicherheit: <\/strong><\/span><\/li>\n<\/ul>\n<p><span style=\"font-weight: 400;\">Jeder CAAPS-Kunde nutzt eine eigene virtuelle Umgebung mit SSL-verschl\u00fcsseltem Zugriff \u2013 f\u00fcr maximalen Datenschutz.<\/span><\/p>\n<p>&nbsp;<\/p>\n<p>&nbsp;<\/p>\n<h4>CAAPS-Workflow-Diagramm:<\/h4>\n<p>&nbsp;<\/p>\n<p><img loading=\"lazy\" decoding=\"async\" class=\"aligncenter size-full wp-image-33204\" src=\"https:\/\/www.exchange-data.com\/wp-content\/uploads\/2024\/07\/diagram.webp\" alt=\"CAAPS-Diagramm\" width=\"1440\" height=\"1182\" srcset=\"https:\/\/www.exchange-data.com\/wp-content\/uploads\/2024\/07\/diagram.webp 1440w, https:\/\/www.exchange-data.com\/wp-content\/uploads\/2024\/07\/diagram-300x246.webp 300w, https:\/\/www.exchange-data.com\/wp-content\/uploads\/2024\/07\/diagram-1024x841.webp 1024w, https:\/\/www.exchange-data.com\/wp-content\/uploads\/2024\/07\/diagram-768x630.webp 768w, https:\/\/www.exchange-data.com\/wp-content\/uploads\/2024\/07\/diagram-100x82.webp 100w, https:\/\/www.exchange-data.com\/wp-content\/uploads\/2024\/07\/diagram-904x742.webp 904w, https:\/\/www.exchange-data.com\/wp-content\/uploads\/2024\/07\/diagram-1300x1067.webp 1300w\" sizes=\"auto, (max-width: 1440px) 100vw, 1440px\" \/><\/p>\n<h2><strong><a href=\"https:\/\/www.exchange-data.com\/wp-content\/uploads\/2024\/10\/Revolutionizing-Corporate-Actions-Management.mp4\">Demo ansehen<\/a><\/strong><\/h2>\n<p>&nbsp;<\/p>\n<p><span style=\"font-weight: 400;\"> CAAPS ist ein Produkt von <a href=\"https:\/\/www.exchange-data.com\/partners\/fts-software-inc\/\" target=\"_blank\" rel=\"noopener\">FTS Software<\/a>. FTS Software und Exchange Data International sind strategische Partner. <\/span><\/p>\n","protected":false},"featured_media":0,"template":"","country":[],"product_category":[3191,3167],"class_list":["post-35656","product","type-product","status-publish","hentry","product_category-equity-corporate-actions","product_category-produkte-und-services","no-post-thumbnail"],"acf":[],"yoast_head":"<!-- This site is optimized with the Yoast SEO Premium plugin v26.0 (Yoast SEO v26.0) - https:\/\/yoast.com\/wordpress\/plugins\/seo\/ -->\n<title>Corporate Actions Announcement Processing System (CAAPS) | Exchange Data International<\/title>\n<meta name=\"description\" content=\"CAAPS unterst\u00fctzt die effiziente Verarbeitung von Kapitalma\u00dfnahmen mit flexiblen Workflows, ISO-kompatiblen Formaten und hoher Datensicherheit.\" \/>\n<meta name=\"robots\" content=\"index, follow, max-snippet:-1, max-image-preview:large, max-video-preview:-1\" \/>\n<link rel=\"canonical\" href=\"https:\/\/www.exchange-data.com\/de\/produkt\/corporate-actions-announcement-processing-system-caaps\/\" \/>\n<meta property=\"og:locale\" content=\"de_DE\" \/>\n<meta property=\"og:type\" content=\"article\" \/>\n<meta property=\"og:title\" content=\"Corporate Actions Announcement Processing System (CAAPS) | Exchange Data International\" \/>\n<meta property=\"og:description\" content=\"CAAPS unterst\u00fctzt die effiziente Verarbeitung von Kapitalma\u00dfnahmen mit flexiblen Workflows, ISO-kompatiblen Formaten und hoher Datensicherheit.\" \/>\n<meta property=\"og:url\" content=\"https:\/\/www.exchange-data.com\/de\/produkt\/corporate-actions-announcement-processing-system-caaps\/\" \/>\n<meta property=\"og:site_name\" content=\"Exchange Data International\" \/>\n<meta property=\"article:modified_time\" content=\"2025-08-08T09:49:00+00:00\" \/>\n<meta property=\"og:image\" content=\"https:\/\/www.exchange-data.com\/wp-content\/uploads\/2024\/07\/diagram.webp\" \/>\n\t<meta property=\"og:image:width\" content=\"1440\" \/>\n\t<meta property=\"og:image:height\" content=\"1182\" \/>\n\t<meta property=\"og:image:type\" content=\"image\/webp\" \/>\n<meta name=\"twitter:card\" content=\"summary_large_image\" \/>\n<meta name=\"twitter:site\" content=\"@ExchangeData\" \/>\n<meta name=\"twitter:label1\" content=\"Gesch\u00e4tzte Lesezeit\" \/>\n\t<meta name=\"twitter:data1\" content=\"2\u00a0Minuten\" \/>\n<script type=\"application\/ld+json\" class=\"yoast-schema-graph\">{\"@context\":\"https:\/\/schema.org\",\"@graph\":[{\"@type\":\"WebPage\",\"@id\":\"https:\/\/www.exchange-data.com\/de\/produkt\/corporate-actions-announcement-processing-system-caaps\/\",\"url\":\"https:\/\/www.exchange-data.com\/de\/produkt\/corporate-actions-announcement-processing-system-caaps\/\",\"name\":\"Corporate Actions Announcement Processing System (CAAPS) | Exchange Data International\",\"isPartOf\":{\"@id\":\"https:\/\/www.exchange-data.com\/de\/#website\"},\"primaryImageOfPage\":{\"@id\":\"https:\/\/www.exchange-data.com\/de\/produkt\/corporate-actions-announcement-processing-system-caaps\/#primaryimage\"},\"image\":{\"@id\":\"https:\/\/www.exchange-data.com\/de\/produkt\/corporate-actions-announcement-processing-system-caaps\/#primaryimage\"},\"thumbnailUrl\":\"https:\/\/www.exchange-data.com\/wp-content\/uploads\/2024\/07\/diagram.webp\",\"datePublished\":\"2024-07-12T15:09:17+00:00\",\"dateModified\":\"2025-08-08T09:49:00+00:00\",\"description\":\"CAAPS unterst\u00fctzt die effiziente Verarbeitung von Kapitalma\u00dfnahmen mit flexiblen Workflows, ISO-kompatiblen Formaten und hoher Datensicherheit.\",\"breadcrumb\":{\"@id\":\"https:\/\/www.exchange-data.com\/de\/produkt\/corporate-actions-announcement-processing-system-caaps\/#breadcrumb\"},\"inLanguage\":\"de\",\"potentialAction\":[{\"@type\":\"ReadAction\",\"target\":[\"https:\/\/www.exchange-data.com\/de\/produkt\/corporate-actions-announcement-processing-system-caaps\/\"]}]},{\"@type\":\"ImageObject\",\"inLanguage\":\"de\",\"@id\":\"https:\/\/www.exchange-data.com\/de\/produkt\/corporate-actions-announcement-processing-system-caaps\/#primaryimage\",\"url\":\"https:\/\/www.exchange-data.com\/wp-content\/uploads\/2024\/07\/diagram.webp\",\"contentUrl\":\"https:\/\/www.exchange-data.com\/wp-content\/uploads\/2024\/07\/diagram.webp\"},{\"@type\":\"BreadcrumbList\",\"@id\":\"https:\/\/www.exchange-data.com\/de\/produkt\/corporate-actions-announcement-processing-system-caaps\/#breadcrumb\",\"itemListElement\":[{\"@type\":\"ListItem\",\"position\":1,\"name\":\"Home\",\"item\":\"https:\/\/www.exchange-data.com\/de\/startseite\/\"},{\"@type\":\"ListItem\",\"position\":2,\"name\":\"Corporate Actions Announcement Processing System (CAAPS)\"}]},{\"@type\":\"WebSite\",\"@id\":\"https:\/\/www.exchange-data.com\/de\/#website\",\"url\":\"https:\/\/www.exchange-data.com\/de\/\",\"name\":\"Exchange Data International\",\"description\":\"Doing data differently\",\"publisher\":{\"@id\":\"https:\/\/www.exchange-data.com\/de\/#organization\"},\"potentialAction\":[{\"@type\":\"SearchAction\",\"target\":{\"@type\":\"EntryPoint\",\"urlTemplate\":\"https:\/\/www.exchange-data.com\/de\/?s={search_term_string}\"},\"query-input\":{\"@type\":\"PropertyValueSpecification\",\"valueRequired\":true,\"valueName\":\"search_term_string\"}}],\"inLanguage\":\"de\"},{\"@type\":\"Organization\",\"@id\":\"https:\/\/www.exchange-data.com\/de\/#organization\",\"name\":\"Exchange Data International\",\"url\":\"https:\/\/www.exchange-data.com\/de\/\",\"logo\":{\"@type\":\"ImageObject\",\"inLanguage\":\"de\",\"@id\":\"https:\/\/www.exchange-data.com\/de\/#\/schema\/logo\/image\/\",\"url\":\"https:\/\/www.exchange-data.com\/wp-content\/uploads\/2019\/03\/logo3.png\",\"contentUrl\":\"https:\/\/www.exchange-data.com\/wp-content\/uploads\/2019\/03\/logo3.png\",\"width\":200,\"height\":80,\"caption\":\"Exchange Data International\"},\"image\":{\"@id\":\"https:\/\/www.exchange-data.com\/de\/#\/schema\/logo\/image\/\"},\"sameAs\":[\"https:\/\/x.com\/ExchangeData\",\"https:\/\/www.linkedin.com\/company\/exchange-data-international\/?viewAsMember=true\",\"https:\/\/www.youtube.com\/channel\/UC5D1OpUb22YZANRLD_Ktcgg?view_as=subscriber\"]}]}<\/script>\n<!-- \/ Yoast SEO Premium plugin. -->","yoast_head_json":{"title":"Corporate Actions Announcement Processing System (CAAPS) | Exchange Data International","description":"CAAPS unterst\u00fctzt die effiziente Verarbeitung von Kapitalma\u00dfnahmen mit flexiblen Workflows, ISO-kompatiblen Formaten und hoher Datensicherheit.","robots":{"index":"index","follow":"follow","max-snippet":"max-snippet:-1","max-image-preview":"max-image-preview:large","max-video-preview":"max-video-preview:-1"},"canonical":"https:\/\/www.exchange-data.com\/de\/produkt\/corporate-actions-announcement-processing-system-caaps\/","og_locale":"de_DE","og_type":"article","og_title":"Corporate Actions Announcement Processing System (CAAPS) | Exchange Data International","og_description":"CAAPS unterst\u00fctzt die effiziente Verarbeitung von Kapitalma\u00dfnahmen mit flexiblen Workflows, ISO-kompatiblen Formaten und hoher Datensicherheit.","og_url":"https:\/\/www.exchange-data.com\/de\/produkt\/corporate-actions-announcement-processing-system-caaps\/","og_site_name":"Exchange Data International","article_modified_time":"2025-08-08T09:49:00+00:00","og_image":[{"width":1440,"height":1182,"url":"https:\/\/www.exchange-data.com\/wp-content\/uploads\/2024\/07\/diagram.webp","type":"image\/webp"}],"twitter_card":"summary_large_image","twitter_site":"@ExchangeData","twitter_misc":{"Gesch\u00e4tzte Lesezeit":"2\u00a0Minuten"},"schema":{"@context":"https:\/\/schema.org","@graph":[{"@type":"WebPage","@id":"https:\/\/www.exchange-data.com\/de\/produkt\/corporate-actions-announcement-processing-system-caaps\/","url":"https:\/\/www.exchange-data.com\/de\/produkt\/corporate-actions-announcement-processing-system-caaps\/","name":"Corporate Actions Announcement Processing System (CAAPS) | Exchange Data International","isPartOf":{"@id":"https:\/\/www.exchange-data.com\/de\/#website"},"primaryImageOfPage":{"@id":"https:\/\/www.exchange-data.com\/de\/produkt\/corporate-actions-announcement-processing-system-caaps\/#primaryimage"},"image":{"@id":"https:\/\/www.exchange-data.com\/de\/produkt\/corporate-actions-announcement-processing-system-caaps\/#primaryimage"},"thumbnailUrl":"https:\/\/www.exchange-data.com\/wp-content\/uploads\/2024\/07\/diagram.webp","datePublished":"2024-07-12T15:09:17+00:00","dateModified":"2025-08-08T09:49:00+00:00","description":"CAAPS unterst\u00fctzt die effiziente Verarbeitung von Kapitalma\u00dfnahmen mit flexiblen Workflows, ISO-kompatiblen Formaten und hoher Datensicherheit.","breadcrumb":{"@id":"https:\/\/www.exchange-data.com\/de\/produkt\/corporate-actions-announcement-processing-system-caaps\/#breadcrumb"},"inLanguage":"de","potentialAction":[{"@type":"ReadAction","target":["https:\/\/www.exchange-data.com\/de\/produkt\/corporate-actions-announcement-processing-system-caaps\/"]}]},{"@type":"ImageObject","inLanguage":"de","@id":"https:\/\/www.exchange-data.com\/de\/produkt\/corporate-actions-announcement-processing-system-caaps\/#primaryimage","url":"https:\/\/www.exchange-data.com\/wp-content\/uploads\/2024\/07\/diagram.webp","contentUrl":"https:\/\/www.exchange-data.com\/wp-content\/uploads\/2024\/07\/diagram.webp"},{"@type":"BreadcrumbList","@id":"https:\/\/www.exchange-data.com\/de\/produkt\/corporate-actions-announcement-processing-system-caaps\/#breadcrumb","itemListElement":[{"@type":"ListItem","position":1,"name":"Home","item":"https:\/\/www.exchange-data.com\/de\/startseite\/"},{"@type":"ListItem","position":2,"name":"Corporate Actions Announcement Processing System (CAAPS)"}]},{"@type":"WebSite","@id":"https:\/\/www.exchange-data.com\/de\/#website","url":"https:\/\/www.exchange-data.com\/de\/","name":"Exchange Data International","description":"Doing data differently","publisher":{"@id":"https:\/\/www.exchange-data.com\/de\/#organization"},"potentialAction":[{"@type":"SearchAction","target":{"@type":"EntryPoint","urlTemplate":"https:\/\/www.exchange-data.com\/de\/?s={search_term_string}"},"query-input":{"@type":"PropertyValueSpecification","valueRequired":true,"valueName":"search_term_string"}}],"inLanguage":"de"},{"@type":"Organization","@id":"https:\/\/www.exchange-data.com\/de\/#organization","name":"Exchange Data International","url":"https:\/\/www.exchange-data.com\/de\/","logo":{"@type":"ImageObject","inLanguage":"de","@id":"https:\/\/www.exchange-data.com\/de\/#\/schema\/logo\/image\/","url":"https:\/\/www.exchange-data.com\/wp-content\/uploads\/2019\/03\/logo3.png","contentUrl":"https:\/\/www.exchange-data.com\/wp-content\/uploads\/2019\/03\/logo3.png","width":200,"height":80,"caption":"Exchange Data International"},"image":{"@id":"https:\/\/www.exchange-data.com\/de\/#\/schema\/logo\/image\/"},"sameAs":["https:\/\/x.com\/ExchangeData","https:\/\/www.linkedin.com\/company\/exchange-data-international\/?viewAsMember=true","https:\/\/www.youtube.com\/channel\/UC5D1OpUb22YZANRLD_Ktcgg?view_as=subscriber"]}]}},"_links":{"self":[{"href":"https:\/\/www.exchange-data.com\/de\/wp-json\/wp\/v2\/product\/35656","targetHints":{"allow":["GET"]}}],"collection":[{"href":"https:\/\/www.exchange-data.com\/de\/wp-json\/wp\/v2\/product"}],"about":[{"href":"https:\/\/www.exchange-data.com\/de\/wp-json\/wp\/v2\/types\/product"}],"wp:attachment":[{"href":"https:\/\/www.exchange-data.com\/de\/wp-json\/wp\/v2\/media?parent=35656"}],"wp:term":[{"taxonomy":"country","embeddable":true,"href":"https:\/\/www.exchange-data.com\/de\/wp-json\/wp\/v2\/country?post=35656"},{"taxonomy":"product_category","embeddable":true,"href":"https:\/\/www.exchange-data.com\/de\/wp-json\/wp\/v2\/product_category?post=35656"}],"curies":[{"name":"wp","href":"https:\/\/api.w.org\/{rel}","templated":true}]}}