{"id":35657,"date":"2024-05-09T13:46:54","date_gmt":"2024-05-09T12:46:54","guid":{"rendered":"https:\/\/www.exchange-data.com\/product\/flexible-austauschoptionen-flex\/"},"modified":"2025-08-07T11:56:40","modified_gmt":"2025-08-07T10:56:40","slug":"flexible-austauschoptionen-flex","status":"publish","type":"product","link":"https:\/\/www.exchange-data.com\/de\/produkt\/flexible-austauschoptionen-flex\/","title":{"rendered":"Flexible Exchange Options (FLEX)"},"content":{"rendered":"<p><span style=\"font-weight: 400;\">FLEX-Optionen wurden 1993 von der CBOE urspr\u00fcnglich f\u00fcr OTC-Indexoptionen eingef\u00fchrt. Es handelt sich um individuell konfigurierbare Optionspakete, die vorrangig zur Portfolioabsicherung eingesetzt werden. <\/span><\/p>\n<p><span style=\"font-weight: 400;\">Der Basisservice bietet End-of-Day-Daten, die die Zusammensetzung der FLEX-Symbole des vorherigen Handelstags abbilden. Wie beim Series Master Core- und Supplemental-Datensatz besteht das FLEX-Angebot aus mehreren Dateiarten. <\/span><\/p>\n<p><small><\/p>\n<h2>FLEX Ext (neue Version Ext4 seit September 2023)<\/h2>\n<p><\/small><br \/>\n<span style=\"font-weight: 400;\">Die FLEX-Dateien sind End-of-Day-Dateien, die zeigen, welche FLEX-Symbole am jeweiligen Handelstag verf\u00fcgbar waren. Die neueste Version (FlexExt4) enth\u00e4lt zus\u00e4tzliche Informationen wie B\u00f6rsenkennungen, die anzeigen, welche B\u00f6rse die jeweilige FLEX-Option gelistet hat. <\/span><\/p>\n<p><small><\/p>\n<h2>FLEX Intraday (neu seit September 2023)<\/h2>\n<p><\/small><br \/>\n<span style=\"font-weight: 400;\">Die FLEX Intraday-Dateien erg\u00e4nzen die n\u00e4chtlichen FLEX-Serien (FLEXExt) um intraday hinzugef\u00fcgte FLEX-Strikes. Sie werden st\u00fcndlich von 9 bis 16 Uhr (EST) erstellt und zeigen, welche B\u00f6rse jede neue FLEX-Option gelistet hat. <\/span><\/p>\n<p><small><\/p>\n<h2>FLEXCorpAct<\/h2>\n<p><\/small><br \/>\n<span style=\"font-weight: 400;\">Die FLEXCorpAct-Dateien dienen als Hinweis darauf, dass eine Kapitalma\u00dfnahme das zugrunde liegende Optionssymbol betrifft. Dabei greifen wir auf unsere standardisierten Daten zu Kapitalma\u00dfnahmen zur\u00fcck, um m\u00f6gliche Auswirkungen auf zugeh\u00f6rige FLEX-Optionen fr\u00fchzeitig zu erkennen. <\/span><\/p>\n<p><small><\/p>\n<h2>FLEX Open Interest<\/h2>\n<p><\/small><br \/>\n<span style=\"font-weight: 400;\">Diese Dateien werden abends erstellt und zeigen das Open Interest aller FLEX-Optionen.<\/span><\/p>\n","protected":false},"featured_media":0,"template":"","country":[],"product_category":[3170,3167],"class_list":["post-35657","product","type-product","status-publish","hentry","product_category-derivative-data-short-interest-data-de","product_category-produkte-und-services","no-post-thumbnail"],"acf":[],"yoast_head":"<!-- This site is optimized with the Yoast SEO Premium plugin v26.0 (Yoast SEO v26.0) - https:\/\/yoast.com\/wordpress\/plugins\/seo\/ -->\n<title>Flexible Exchange Options (FLEX) | Exchange Data International<\/title>\n<meta name=\"description\" content=\"FLEX-Optionen: Ma\u00dfgeschneiderte Optionsvertr\u00e4ge zur Absicherung mit t\u00e4glichen und intraday Daten, B\u00f6rsenkennungen, Open Interest und Kapitalma\u00dfnahmen.\" \/>\n<meta name=\"robots\" content=\"index, follow, max-snippet:-1, max-image-preview:large, max-video-preview:-1\" \/>\n<link rel=\"canonical\" href=\"https:\/\/www.exchange-data.com\/de\/produkt\/flexible-austauschoptionen-flex\/\" \/>\n<meta property=\"og:locale\" content=\"de_DE\" \/>\n<meta property=\"og:type\" content=\"article\" \/>\n<meta property=\"og:title\" content=\"Flexible Exchange Options (FLEX) | Exchange Data International\" \/>\n<meta property=\"og:description\" content=\"FLEX-Optionen: Ma\u00dfgeschneiderte Optionsvertr\u00e4ge zur Absicherung mit t\u00e4glichen und intraday Daten, B\u00f6rsenkennungen, Open Interest und Kapitalma\u00dfnahmen.\" \/>\n<meta property=\"og:url\" content=\"https:\/\/www.exchange-data.com\/de\/produkt\/flexible-austauschoptionen-flex\/\" \/>\n<meta property=\"og:site_name\" content=\"Exchange Data International\" \/>\n<meta property=\"article:modified_time\" content=\"2025-08-07T10:56:40+00:00\" \/>\n<meta name=\"twitter:card\" content=\"summary_large_image\" \/>\n<meta name=\"twitter:site\" content=\"@ExchangeData\" \/>\n<meta name=\"twitter:label1\" content=\"Gesch\u00e4tzte Lesezeit\" \/>\n\t<meta name=\"twitter:data1\" content=\"1\u00a0Minute\" \/>\n<script type=\"application\/ld+json\" class=\"yoast-schema-graph\">{\"@context\":\"https:\/\/schema.org\",\"@graph\":[{\"@type\":\"WebPage\",\"@id\":\"https:\/\/www.exchange-data.com\/de\/produkt\/flexible-austauschoptionen-flex\/\",\"url\":\"https:\/\/www.exchange-data.com\/de\/produkt\/flexible-austauschoptionen-flex\/\",\"name\":\"Flexible Exchange Options (FLEX) | Exchange Data International\",\"isPartOf\":{\"@id\":\"https:\/\/www.exchange-data.com\/de\/#website\"},\"datePublished\":\"2024-05-09T12:46:54+00:00\",\"dateModified\":\"2025-08-07T10:56:40+00:00\",\"description\":\"FLEX-Optionen: Ma\u00dfgeschneiderte Optionsvertr\u00e4ge zur Absicherung mit t\u00e4glichen und intraday Daten, B\u00f6rsenkennungen, Open Interest und Kapitalma\u00dfnahmen.\",\"breadcrumb\":{\"@id\":\"https:\/\/www.exchange-data.com\/de\/produkt\/flexible-austauschoptionen-flex\/#breadcrumb\"},\"inLanguage\":\"de\",\"potentialAction\":[{\"@type\":\"ReadAction\",\"target\":[\"https:\/\/www.exchange-data.com\/de\/produkt\/flexible-austauschoptionen-flex\/\"]}]},{\"@type\":\"BreadcrumbList\",\"@id\":\"https:\/\/www.exchange-data.com\/de\/produkt\/flexible-austauschoptionen-flex\/#breadcrumb\",\"itemListElement\":[{\"@type\":\"ListItem\",\"position\":1,\"name\":\"Home\",\"item\":\"https:\/\/www.exchange-data.com\/de\/startseite\/\"},{\"@type\":\"ListItem\",\"position\":2,\"name\":\"Flexible Exchange Options (FLEX)\"}]},{\"@type\":\"WebSite\",\"@id\":\"https:\/\/www.exchange-data.com\/de\/#website\",\"url\":\"https:\/\/www.exchange-data.com\/de\/\",\"name\":\"Exchange Data International\",\"description\":\"Doing data differently\",\"publisher\":{\"@id\":\"https:\/\/www.exchange-data.com\/de\/#organization\"},\"potentialAction\":[{\"@type\":\"SearchAction\",\"target\":{\"@type\":\"EntryPoint\",\"urlTemplate\":\"https:\/\/www.exchange-data.com\/de\/?s={search_term_string}\"},\"query-input\":{\"@type\":\"PropertyValueSpecification\",\"valueRequired\":true,\"valueName\":\"search_term_string\"}}],\"inLanguage\":\"de\"},{\"@type\":\"Organization\",\"@id\":\"https:\/\/www.exchange-data.com\/de\/#organization\",\"name\":\"Exchange Data International\",\"url\":\"https:\/\/www.exchange-data.com\/de\/\",\"logo\":{\"@type\":\"ImageObject\",\"inLanguage\":\"de\",\"@id\":\"https:\/\/www.exchange-data.com\/de\/#\/schema\/logo\/image\/\",\"url\":\"https:\/\/www.exchange-data.com\/wp-content\/uploads\/2019\/03\/logo3.png\",\"contentUrl\":\"https:\/\/www.exchange-data.com\/wp-content\/uploads\/2019\/03\/logo3.png\",\"width\":200,\"height\":80,\"caption\":\"Exchange Data International\"},\"image\":{\"@id\":\"https:\/\/www.exchange-data.com\/de\/#\/schema\/logo\/image\/\"},\"sameAs\":[\"https:\/\/x.com\/ExchangeData\",\"https:\/\/www.linkedin.com\/company\/exchange-data-international\/?viewAsMember=true\",\"https:\/\/www.youtube.com\/channel\/UC5D1OpUb22YZANRLD_Ktcgg?view_as=subscriber\"]}]}<\/script>\n<!-- \/ Yoast SEO Premium plugin. -->","yoast_head_json":{"title":"Flexible Exchange Options (FLEX) | Exchange Data International","description":"FLEX-Optionen: Ma\u00dfgeschneiderte Optionsvertr\u00e4ge zur Absicherung mit t\u00e4glichen und intraday Daten, B\u00f6rsenkennungen, Open Interest und Kapitalma\u00dfnahmen.","robots":{"index":"index","follow":"follow","max-snippet":"max-snippet:-1","max-image-preview":"max-image-preview:large","max-video-preview":"max-video-preview:-1"},"canonical":"https:\/\/www.exchange-data.com\/de\/produkt\/flexible-austauschoptionen-flex\/","og_locale":"de_DE","og_type":"article","og_title":"Flexible Exchange Options (FLEX) | Exchange Data International","og_description":"FLEX-Optionen: Ma\u00dfgeschneiderte Optionsvertr\u00e4ge zur Absicherung mit t\u00e4glichen und intraday Daten, B\u00f6rsenkennungen, Open Interest und Kapitalma\u00dfnahmen.","og_url":"https:\/\/www.exchange-data.com\/de\/produkt\/flexible-austauschoptionen-flex\/","og_site_name":"Exchange Data International","article_modified_time":"2025-08-07T10:56:40+00:00","twitter_card":"summary_large_image","twitter_site":"@ExchangeData","twitter_misc":{"Gesch\u00e4tzte Lesezeit":"1\u00a0Minute"},"schema":{"@context":"https:\/\/schema.org","@graph":[{"@type":"WebPage","@id":"https:\/\/www.exchange-data.com\/de\/produkt\/flexible-austauschoptionen-flex\/","url":"https:\/\/www.exchange-data.com\/de\/produkt\/flexible-austauschoptionen-flex\/","name":"Flexible Exchange Options (FLEX) | Exchange Data International","isPartOf":{"@id":"https:\/\/www.exchange-data.com\/de\/#website"},"datePublished":"2024-05-09T12:46:54+00:00","dateModified":"2025-08-07T10:56:40+00:00","description":"FLEX-Optionen: Ma\u00dfgeschneiderte Optionsvertr\u00e4ge zur Absicherung mit t\u00e4glichen und intraday Daten, B\u00f6rsenkennungen, Open Interest und Kapitalma\u00dfnahmen.","breadcrumb":{"@id":"https:\/\/www.exchange-data.com\/de\/produkt\/flexible-austauschoptionen-flex\/#breadcrumb"},"inLanguage":"de","potentialAction":[{"@type":"ReadAction","target":["https:\/\/www.exchange-data.com\/de\/produkt\/flexible-austauschoptionen-flex\/"]}]},{"@type":"BreadcrumbList","@id":"https:\/\/www.exchange-data.com\/de\/produkt\/flexible-austauschoptionen-flex\/#breadcrumb","itemListElement":[{"@type":"ListItem","position":1,"name":"Home","item":"https:\/\/www.exchange-data.com\/de\/startseite\/"},{"@type":"ListItem","position":2,"name":"Flexible Exchange Options (FLEX)"}]},{"@type":"WebSite","@id":"https:\/\/www.exchange-data.com\/de\/#website","url":"https:\/\/www.exchange-data.com\/de\/","name":"Exchange Data International","description":"Doing data differently","publisher":{"@id":"https:\/\/www.exchange-data.com\/de\/#organization"},"potentialAction":[{"@type":"SearchAction","target":{"@type":"EntryPoint","urlTemplate":"https:\/\/www.exchange-data.com\/de\/?s={search_term_string}"},"query-input":{"@type":"PropertyValueSpecification","valueRequired":true,"valueName":"search_term_string"}}],"inLanguage":"de"},{"@type":"Organization","@id":"https:\/\/www.exchange-data.com\/de\/#organization","name":"Exchange Data International","url":"https:\/\/www.exchange-data.com\/de\/","logo":{"@type":"ImageObject","inLanguage":"de","@id":"https:\/\/www.exchange-data.com\/de\/#\/schema\/logo\/image\/","url":"https:\/\/www.exchange-data.com\/wp-content\/uploads\/2019\/03\/logo3.png","contentUrl":"https:\/\/www.exchange-data.com\/wp-content\/uploads\/2019\/03\/logo3.png","width":200,"height":80,"caption":"Exchange Data International"},"image":{"@id":"https:\/\/www.exchange-data.com\/de\/#\/schema\/logo\/image\/"},"sameAs":["https:\/\/x.com\/ExchangeData","https:\/\/www.linkedin.com\/company\/exchange-data-international\/?viewAsMember=true","https:\/\/www.youtube.com\/channel\/UC5D1OpUb22YZANRLD_Ktcgg?view_as=subscriber"]}]}},"_links":{"self":[{"href":"https:\/\/www.exchange-data.com\/de\/wp-json\/wp\/v2\/product\/35657","targetHints":{"allow":["GET"]}}],"collection":[{"href":"https:\/\/www.exchange-data.com\/de\/wp-json\/wp\/v2\/product"}],"about":[{"href":"https:\/\/www.exchange-data.com\/de\/wp-json\/wp\/v2\/types\/product"}],"wp:attachment":[{"href":"https:\/\/www.exchange-data.com\/de\/wp-json\/wp\/v2\/media?parent=35657"}],"wp:term":[{"taxonomy":"country","embeddable":true,"href":"https:\/\/www.exchange-data.com\/de\/wp-json\/wp\/v2\/country?post=35657"},{"taxonomy":"product_category","embeddable":true,"href":"https:\/\/www.exchange-data.com\/de\/wp-json\/wp\/v2\/product_category?post=35657"}],"curies":[{"name":"wp","href":"https:\/\/api.w.org\/{rel}","templated":true}]}}