{"id":35659,"date":"2024-05-09T13:45:55","date_gmt":"2024-05-09T12:45:55","guid":{"rendered":"https:\/\/www.exchange-data.com\/product\/corporate-actions-us-optionen\/"},"modified":"2025-09-09T12:35:55","modified_gmt":"2025-09-09T11:35:55","slug":"corporate-actions-us-optionen","status":"publish","type":"product","link":"https:\/\/www.exchange-data.com\/de\/produkt\/corporate-actions-us-optionen\/","title":{"rendered":"CorpAct \u2013 Corporate Actions Dateien"},"content":{"rendered":"<p>&nbsp;<\/p>\n<h2>CorpAct<\/h2>\n<p>&nbsp;<\/p>\n<p><span style=\"font-weight: 400;\">Die Corporate Actions (CorpAct)-Dateien erfassen alle \u00c4nderungen auf Options- und Aus\u00fcbungspreisebene, die sich durch Unternehmensereignisse auf das Positions- und Risikomanagement auswirken. Dazu geh\u00f6ren insbesondere Anpassungen, die das Optionssymbol oder die Aus\u00fcbungspreise betreffen. Wir bieten sowohl standardisierte als auch individuell zugeschnittene Formate f\u00fcr die Bereitstellung von Corporate Actions-Daten \u2013 \u00fcber alle branchen\u00fcblichen \u00dcbertragungswege. Dabei unterst\u00fctzen wir verschiedene Versionen der CorpAct-Dateien, die sich an den Datenmodellen f\u00fchrender Anbieter im Bereich Marktdaten orientieren \u2013 auch im Zusammenspiel mit Spezifikationen f\u00fcr Futures-Kontrakte.   <\/span><\/p>\n<p>&nbsp;<\/p>\n<h2>Corporate Actions (CorpAct) Pending<\/h2>\n<p>&nbsp;<\/p>\n<p><span style=\"font-weight: 400;\">Die Datei CorpAct Pending enth\u00e4lt alle best\u00e4tigten, aber noch nicht wirksam gewordenen Unternehmensereignisse, die \u00c4nderungen auf Options- und Aus\u00fcbungspreisebene zur Folge haben. Diese Ereignisse wurden entweder direkt durch die B\u00f6rsen oder durch Mitteilungen der Options Clearing Corporation (OCC) best\u00e4tigt. <\/span><\/p>\n<p>&nbsp;<\/p>\n<h2>Symbol ChangeOp<\/h2>\n<p>&nbsp;<\/p>\n<p><span style=\"font-weight: 400;\">Die Datei Symbol ChangeOp dokumentiert \u00c4nderungen von Optionssymbolen \u2013 meist infolge eines Unternehmensereignisses.<\/span><\/p>\n<p>&nbsp;<\/p>\n<h2>Symbol ChangeEq<\/h2>\n<p>&nbsp;<\/p>\n<p><span style=\"font-weight: 400;\">Die Datei Symbol ChangeEq erfasst \u00c4nderungen des zugrunde liegenden Symbols einer Option \u2013 ebenfalls typischerweise ausgel\u00f6st durch eine Corporate Action.<\/span><\/p>\n<p>&nbsp;<\/p>\n<h2>Issue Deliverable<\/h2>\n<p>&nbsp;<\/p>\n<p><span style=\"font-weight: 400;\">Zeigt die aktuellen Lieferwerte f\u00fcr alle Optionssymbole. Auch hier gibt es verschiedene Versionen \u2013 angepasst an den Datenbedarf des Kunden und seine internen Systeme. <\/span><\/p>\n","protected":false},"featured_media":0,"template":"","country":[],"product_category":[3170,3167],"class_list":["post-35659","product","type-product","status-publish","hentry","product_category-derivative-data-short-interest-data-de","product_category-produkte-und-services","no-post-thumbnail"],"acf":[],"yoast_head":"<!-- This site is optimized with the Yoast SEO Premium plugin v26.0 (Yoast SEO v26.0) - https:\/\/yoast.com\/wordpress\/plugins\/seo\/ -->\n<title>CorpAct \u2013 Corporate Actions Dateien | Exchange Data International<\/title>\n<meta name=\"description\" content=\"Erfahren Sie mehr \u00fcber CorpAct-Dateien f\u00fcr Optionen, Strike-\u00c4nderungen und Spezifikationen f\u00fcr Futures-Kontrakte \u2013 standardisiert oder individuell angepasst f\u00fcr Ihre Datenanforderungen.\" \/>\n<meta name=\"robots\" content=\"index, follow, max-snippet:-1, max-image-preview:large, max-video-preview:-1\" \/>\n<link rel=\"canonical\" href=\"https:\/\/www.exchange-data.com\/de\/produkt\/corporate-actions-us-optionen\/\" \/>\n<meta property=\"og:locale\" content=\"de_DE\" \/>\n<meta property=\"og:type\" content=\"article\" \/>\n<meta property=\"og:title\" content=\"CorpAct \u2013 Corporate Actions Dateien | Exchange Data International\" \/>\n<meta property=\"og:description\" content=\"Erfahren Sie mehr \u00fcber CorpAct-Dateien f\u00fcr Optionen, Strike-\u00c4nderungen und Spezifikationen f\u00fcr Futures-Kontrakte \u2013 standardisiert oder individuell angepasst f\u00fcr Ihre Datenanforderungen.\" \/>\n<meta property=\"og:url\" content=\"https:\/\/www.exchange-data.com\/de\/produkt\/corporate-actions-us-optionen\/\" \/>\n<meta property=\"og:site_name\" content=\"Exchange Data International\" \/>\n<meta property=\"article:modified_time\" content=\"2025-09-09T11:35:55+00:00\" \/>\n<meta name=\"twitter:card\" content=\"summary_large_image\" \/>\n<meta name=\"twitter:site\" content=\"@ExchangeData\" \/>\n<meta name=\"twitter:label1\" content=\"Gesch\u00e4tzte Lesezeit\" \/>\n\t<meta name=\"twitter:data1\" content=\"1\u00a0Minute\" \/>\n<script type=\"application\/ld+json\" class=\"yoast-schema-graph\">{\"@context\":\"https:\/\/schema.org\",\"@graph\":[{\"@type\":\"WebPage\",\"@id\":\"https:\/\/www.exchange-data.com\/de\/produkt\/corporate-actions-us-optionen\/\",\"url\":\"https:\/\/www.exchange-data.com\/de\/produkt\/corporate-actions-us-optionen\/\",\"name\":\"CorpAct \u2013 Corporate Actions Dateien | Exchange Data International\",\"isPartOf\":{\"@id\":\"https:\/\/www.exchange-data.com\/de\/#website\"},\"datePublished\":\"2024-05-09T12:45:55+00:00\",\"dateModified\":\"2025-09-09T11:35:55+00:00\",\"description\":\"Erfahren Sie mehr \u00fcber CorpAct-Dateien f\u00fcr Optionen, Strike-\u00c4nderungen und Spezifikationen f\u00fcr Futures-Kontrakte \u2013 standardisiert oder individuell angepasst f\u00fcr Ihre Datenanforderungen.\",\"breadcrumb\":{\"@id\":\"https:\/\/www.exchange-data.com\/de\/produkt\/corporate-actions-us-optionen\/#breadcrumb\"},\"inLanguage\":\"de\",\"potentialAction\":[{\"@type\":\"ReadAction\",\"target\":[\"https:\/\/www.exchange-data.com\/de\/produkt\/corporate-actions-us-optionen\/\"]}]},{\"@type\":\"BreadcrumbList\",\"@id\":\"https:\/\/www.exchange-data.com\/de\/produkt\/corporate-actions-us-optionen\/#breadcrumb\",\"itemListElement\":[{\"@type\":\"ListItem\",\"position\":1,\"name\":\"Home\",\"item\":\"https:\/\/www.exchange-data.com\/de\/startseite\/\"},{\"@type\":\"ListItem\",\"position\":2,\"name\":\"CorpAct \u2013 Corporate Actions Dateien\"}]},{\"@type\":\"WebSite\",\"@id\":\"https:\/\/www.exchange-data.com\/de\/#website\",\"url\":\"https:\/\/www.exchange-data.com\/de\/\",\"name\":\"Exchange Data International\",\"description\":\"Doing data differently\",\"publisher\":{\"@id\":\"https:\/\/www.exchange-data.com\/de\/#organization\"},\"potentialAction\":[{\"@type\":\"SearchAction\",\"target\":{\"@type\":\"EntryPoint\",\"urlTemplate\":\"https:\/\/www.exchange-data.com\/de\/?s={search_term_string}\"},\"query-input\":{\"@type\":\"PropertyValueSpecification\",\"valueRequired\":true,\"valueName\":\"search_term_string\"}}],\"inLanguage\":\"de\"},{\"@type\":\"Organization\",\"@id\":\"https:\/\/www.exchange-data.com\/de\/#organization\",\"name\":\"Exchange Data International\",\"url\":\"https:\/\/www.exchange-data.com\/de\/\",\"logo\":{\"@type\":\"ImageObject\",\"inLanguage\":\"de\",\"@id\":\"https:\/\/www.exchange-data.com\/de\/#\/schema\/logo\/image\/\",\"url\":\"https:\/\/www.exchange-data.com\/wp-content\/uploads\/2019\/03\/logo3.png\",\"contentUrl\":\"https:\/\/www.exchange-data.com\/wp-content\/uploads\/2019\/03\/logo3.png\",\"width\":200,\"height\":80,\"caption\":\"Exchange Data International\"},\"image\":{\"@id\":\"https:\/\/www.exchange-data.com\/de\/#\/schema\/logo\/image\/\"},\"sameAs\":[\"https:\/\/x.com\/ExchangeData\",\"https:\/\/www.linkedin.com\/company\/exchange-data-international\/?viewAsMember=true\",\"https:\/\/www.youtube.com\/channel\/UC5D1OpUb22YZANRLD_Ktcgg?view_as=subscriber\"]}]}<\/script>\n<!-- \/ Yoast SEO Premium plugin. -->","yoast_head_json":{"title":"CorpAct \u2013 Corporate Actions Dateien | Exchange Data International","description":"Erfahren Sie mehr \u00fcber CorpAct-Dateien f\u00fcr Optionen, Strike-\u00c4nderungen und Spezifikationen f\u00fcr Futures-Kontrakte \u2013 standardisiert oder individuell angepasst f\u00fcr Ihre Datenanforderungen.","robots":{"index":"index","follow":"follow","max-snippet":"max-snippet:-1","max-image-preview":"max-image-preview:large","max-video-preview":"max-video-preview:-1"},"canonical":"https:\/\/www.exchange-data.com\/de\/produkt\/corporate-actions-us-optionen\/","og_locale":"de_DE","og_type":"article","og_title":"CorpAct \u2013 Corporate Actions Dateien | Exchange Data International","og_description":"Erfahren Sie mehr \u00fcber CorpAct-Dateien f\u00fcr Optionen, Strike-\u00c4nderungen und Spezifikationen f\u00fcr Futures-Kontrakte \u2013 standardisiert oder individuell angepasst f\u00fcr Ihre Datenanforderungen.","og_url":"https:\/\/www.exchange-data.com\/de\/produkt\/corporate-actions-us-optionen\/","og_site_name":"Exchange Data International","article_modified_time":"2025-09-09T11:35:55+00:00","twitter_card":"summary_large_image","twitter_site":"@ExchangeData","twitter_misc":{"Gesch\u00e4tzte Lesezeit":"1\u00a0Minute"},"schema":{"@context":"https:\/\/schema.org","@graph":[{"@type":"WebPage","@id":"https:\/\/www.exchange-data.com\/de\/produkt\/corporate-actions-us-optionen\/","url":"https:\/\/www.exchange-data.com\/de\/produkt\/corporate-actions-us-optionen\/","name":"CorpAct \u2013 Corporate Actions Dateien | Exchange Data International","isPartOf":{"@id":"https:\/\/www.exchange-data.com\/de\/#website"},"datePublished":"2024-05-09T12:45:55+00:00","dateModified":"2025-09-09T11:35:55+00:00","description":"Erfahren Sie mehr \u00fcber CorpAct-Dateien f\u00fcr Optionen, Strike-\u00c4nderungen und Spezifikationen f\u00fcr Futures-Kontrakte \u2013 standardisiert oder individuell angepasst f\u00fcr Ihre Datenanforderungen.","breadcrumb":{"@id":"https:\/\/www.exchange-data.com\/de\/produkt\/corporate-actions-us-optionen\/#breadcrumb"},"inLanguage":"de","potentialAction":[{"@type":"ReadAction","target":["https:\/\/www.exchange-data.com\/de\/produkt\/corporate-actions-us-optionen\/"]}]},{"@type":"BreadcrumbList","@id":"https:\/\/www.exchange-data.com\/de\/produkt\/corporate-actions-us-optionen\/#breadcrumb","itemListElement":[{"@type":"ListItem","position":1,"name":"Home","item":"https:\/\/www.exchange-data.com\/de\/startseite\/"},{"@type":"ListItem","position":2,"name":"CorpAct \u2013 Corporate Actions Dateien"}]},{"@type":"WebSite","@id":"https:\/\/www.exchange-data.com\/de\/#website","url":"https:\/\/www.exchange-data.com\/de\/","name":"Exchange Data International","description":"Doing data differently","publisher":{"@id":"https:\/\/www.exchange-data.com\/de\/#organization"},"potentialAction":[{"@type":"SearchAction","target":{"@type":"EntryPoint","urlTemplate":"https:\/\/www.exchange-data.com\/de\/?s={search_term_string}"},"query-input":{"@type":"PropertyValueSpecification","valueRequired":true,"valueName":"search_term_string"}}],"inLanguage":"de"},{"@type":"Organization","@id":"https:\/\/www.exchange-data.com\/de\/#organization","name":"Exchange Data International","url":"https:\/\/www.exchange-data.com\/de\/","logo":{"@type":"ImageObject","inLanguage":"de","@id":"https:\/\/www.exchange-data.com\/de\/#\/schema\/logo\/image\/","url":"https:\/\/www.exchange-data.com\/wp-content\/uploads\/2019\/03\/logo3.png","contentUrl":"https:\/\/www.exchange-data.com\/wp-content\/uploads\/2019\/03\/logo3.png","width":200,"height":80,"caption":"Exchange Data International"},"image":{"@id":"https:\/\/www.exchange-data.com\/de\/#\/schema\/logo\/image\/"},"sameAs":["https:\/\/x.com\/ExchangeData","https:\/\/www.linkedin.com\/company\/exchange-data-international\/?viewAsMember=true","https:\/\/www.youtube.com\/channel\/UC5D1OpUb22YZANRLD_Ktcgg?view_as=subscriber"]}]}},"_links":{"self":[{"href":"https:\/\/www.exchange-data.com\/de\/wp-json\/wp\/v2\/product\/35659","targetHints":{"allow":["GET"]}}],"collection":[{"href":"https:\/\/www.exchange-data.com\/de\/wp-json\/wp\/v2\/product"}],"about":[{"href":"https:\/\/www.exchange-data.com\/de\/wp-json\/wp\/v2\/types\/product"}],"wp:attachment":[{"href":"https:\/\/www.exchange-data.com\/de\/wp-json\/wp\/v2\/media?parent=35659"}],"wp:term":[{"taxonomy":"country","embeddable":true,"href":"https:\/\/www.exchange-data.com\/de\/wp-json\/wp\/v2\/country?post=35659"},{"taxonomy":"product_category","embeddable":true,"href":"https:\/\/www.exchange-data.com\/de\/wp-json\/wp\/v2\/product_category?post=35659"}],"curies":[{"name":"wp","href":"https:\/\/api.w.org\/{rel}","templated":true}]}}