{"id":35660,"date":"2023-11-21T20:47:16","date_gmt":"2023-11-21T19:47:16","guid":{"rendered":"https:\/\/www.exchange-data.com\/product\/live-briefs-pro-global-markets\/"},"modified":"2025-08-12T11:43:08","modified_gmt":"2025-08-12T10:43:08","slug":"live-briefs-pro-global-markets","status":"publish","type":"product","link":"https:\/\/www.exchange-data.com\/de\/produkt\/live-briefs-pro-global-markets\/","title":{"rendered":"Live Briefs PRO \u2013 Globale M\u00e4rkte"},"content":{"rendered":"<p><span style=\"font-weight: 400;\">MT Newswires bietet hochwertige Intraday-Kommentare und aktuelle Marktnachrichten zu einer Vielzahl von M\u00e4rkten \u2013 darunter Konjunktur, Aktien, Renten, Energie, Rohstoffe und Devisen. Die Berichterstattung umfasst die USA, Kanada, Europa und Asien \u2013 mit Fokus auf die wichtigsten Wertpapiere und Ereignisse in den entwickelten Volkswirtschaften. <br \/>Die Berichte liefern pr\u00e4zise und kompakte Informationen. Analysten bewerten sowohl die unmittelbaren Auswirkungen auf die M\u00e4rkte als auch die langfristigen Folgen f\u00fcr Konjunktur und Notenbankpolitik. <\/span><\/p>\n<p><span style=\"font-weight: 400;\">Der Live Briefs Global Markets Service richtet sich an ein breites Spektrum von Marktteilnehmern und Verm\u00f6gensverwaltern, um sie in Echtzeit \u00fcber marktbewegende Ereignisse weltweit zu informieren.<\/span><\/p>\n<p><span style=\"font-weight: 400;\">Jede Nachricht ist mit Tickersymbolen und Kategorien versehen, um eine nahtlose Integration in Ihre Plattform zu erm\u00f6glichen.<\/span><\/p>\n<ul>\n<li><span style=\"font-weight: 400;\">Umfangreiche Echtzeitberichterstattung in \u00fcber 170 Kategorien, unter anderem:<\/span><\/li>\n<li><span style=\"font-weight: 400;\">Aktienm\u00e4rkte weltweit \u2013 mit Fokus auf relevante Ereignisse einzelner b\u00f6rsennotierter Unternehmen in Nordamerika, Europa, Asien, Afrika und dem Nahen Osten<\/span><\/li>\n<li><span style=\"font-weight: 400;\">Wirtschaftsnachrichten und Markt\u00fcberblicke weltweit<\/span><\/li>\n<li><span style=\"font-weight: 400;\">Branchenauswertungen (vorb\u00f6rslich, zur Mittagszeit und zum Handelsschluss)<\/span><\/li>\n<li><span style=\"font-weight: 400;\">Devisenkommentare zu den wichtigsten globalen W\u00e4hrungen<\/span><\/li>\n<li><span style=\"font-weight: 400;\">Energie- und Edelmetallnachrichten mit t\u00e4glichen Marktupdates<\/span><\/li>\n<li><span style=\"font-weight: 400;\">Laufende Top-News im Tagesverlauf<\/span><\/li>\n<li><span style=\"font-weight: 400;\">Anpassungen bei Gewinnsch\u00e4tzungen<\/span><\/li>\n<li><span style=\"font-weight: 400;\">\u00c4nderungen von Analystenratings<\/span><\/li>\n<li><span style=\"font-weight: 400;\">Nachrichten und Handelsaktivit\u00e4ten vor und nach B\u00f6rsenschluss<\/span><\/li>\n<li><span style=\"font-weight: 400;\">Marktstimmung &amp; H\u00e4ndlermeinungen \u2013 Echtzeit-Einblicke von Marktteilnehmern weltweit<\/span><\/li>\n<li><span style=\"font-weight: 400;\">ETF Power Play \u2013 t\u00e4gliche Trends im ETF-Handel<\/span><\/li>\n<li><span style=\"font-weight: 400;\">Insider Trends \u2013 bemerkenswerte Insidertransaktionen auf Einzelwert- und Sektorebene<\/span><\/li>\n<li><span style=\"font-weight: 400;\">Zero noise: Ausschlie\u00dflich exklusive, relevante und marktorientierte Inhalte \u2013 keine Pressemitteilungen oder themenfremde Inhalte <\/span><\/li>\n<\/ul>\n","protected":false},"featured_media":0,"template":"","country":[],"product_category":[3167,3175],"class_list":["post-35660","product","type-product","status-publish","hentry","product_category-produkte-und-services","product_category-spezialisierte-angebote-de","no-post-thumbnail"],"acf":[],"yoast_head":"<!-- This site is optimized with the Yoast SEO Premium plugin v26.0 (Yoast SEO v26.0) - https:\/\/yoast.com\/wordpress\/plugins\/seo\/ -->\n<title>Live Briefs PRO \u2013 Globale M\u00e4rkte | Exchange Data International<\/title>\n<meta name=\"description\" content=\"Erhalten Sie aktuelle Marktnachrichten und fundierte Intraday-Kommentare zu Aktien, Rohstoffen, Devisen und mehr \u2013 mit Fokus auf die wichtigsten Ereignisse weltweit.\" \/>\n<meta name=\"robots\" content=\"index, follow, max-snippet:-1, max-image-preview:large, max-video-preview:-1\" \/>\n<link rel=\"canonical\" href=\"https:\/\/www.exchange-data.com\/de\/produkt\/live-briefs-pro-global-markets\/\" \/>\n<meta property=\"og:locale\" content=\"de_DE\" \/>\n<meta property=\"og:type\" content=\"article\" \/>\n<meta property=\"og:title\" content=\"Live Briefs PRO \u2013 Globale M\u00e4rkte | Exchange Data International\" \/>\n<meta property=\"og:description\" content=\"Erhalten Sie aktuelle Marktnachrichten und fundierte Intraday-Kommentare zu Aktien, Rohstoffen, Devisen und mehr \u2013 mit Fokus auf die wichtigsten Ereignisse weltweit.\" \/>\n<meta property=\"og:url\" content=\"https:\/\/www.exchange-data.com\/de\/produkt\/live-briefs-pro-global-markets\/\" \/>\n<meta property=\"og:site_name\" content=\"Exchange Data International\" \/>\n<meta property=\"article:modified_time\" content=\"2025-08-12T10:43:08+00:00\" \/>\n<meta name=\"twitter:card\" content=\"summary_large_image\" \/>\n<meta name=\"twitter:site\" content=\"@ExchangeData\" \/>\n<meta name=\"twitter:label1\" content=\"Gesch\u00e4tzte Lesezeit\" \/>\n\t<meta name=\"twitter:data1\" content=\"1\u00a0Minute\" \/>\n<script type=\"application\/ld+json\" class=\"yoast-schema-graph\">{\"@context\":\"https:\/\/schema.org\",\"@graph\":[{\"@type\":\"WebPage\",\"@id\":\"https:\/\/www.exchange-data.com\/de\/produkt\/live-briefs-pro-global-markets\/\",\"url\":\"https:\/\/www.exchange-data.com\/de\/produkt\/live-briefs-pro-global-markets\/\",\"name\":\"Live Briefs PRO \u2013 Globale M\u00e4rkte | Exchange Data International\",\"isPartOf\":{\"@id\":\"https:\/\/www.exchange-data.com\/de\/#website\"},\"datePublished\":\"2023-11-21T19:47:16+00:00\",\"dateModified\":\"2025-08-12T10:43:08+00:00\",\"description\":\"Erhalten Sie aktuelle Marktnachrichten und fundierte Intraday-Kommentare zu Aktien, Rohstoffen, Devisen und mehr \u2013 mit Fokus auf die wichtigsten Ereignisse weltweit.\",\"breadcrumb\":{\"@id\":\"https:\/\/www.exchange-data.com\/de\/produkt\/live-briefs-pro-global-markets\/#breadcrumb\"},\"inLanguage\":\"de\",\"potentialAction\":[{\"@type\":\"ReadAction\",\"target\":[\"https:\/\/www.exchange-data.com\/de\/produkt\/live-briefs-pro-global-markets\/\"]}]},{\"@type\":\"BreadcrumbList\",\"@id\":\"https:\/\/www.exchange-data.com\/de\/produkt\/live-briefs-pro-global-markets\/#breadcrumb\",\"itemListElement\":[{\"@type\":\"ListItem\",\"position\":1,\"name\":\"Home\",\"item\":\"https:\/\/www.exchange-data.com\/de\/startseite\/\"},{\"@type\":\"ListItem\",\"position\":2,\"name\":\"Live Briefs PRO \u2013 Globale M\u00e4rkte\"}]},{\"@type\":\"WebSite\",\"@id\":\"https:\/\/www.exchange-data.com\/de\/#website\",\"url\":\"https:\/\/www.exchange-data.com\/de\/\",\"name\":\"Exchange Data International\",\"description\":\"Doing data differently\",\"publisher\":{\"@id\":\"https:\/\/www.exchange-data.com\/de\/#organization\"},\"potentialAction\":[{\"@type\":\"SearchAction\",\"target\":{\"@type\":\"EntryPoint\",\"urlTemplate\":\"https:\/\/www.exchange-data.com\/de\/?s={search_term_string}\"},\"query-input\":{\"@type\":\"PropertyValueSpecification\",\"valueRequired\":true,\"valueName\":\"search_term_string\"}}],\"inLanguage\":\"de\"},{\"@type\":\"Organization\",\"@id\":\"https:\/\/www.exchange-data.com\/de\/#organization\",\"name\":\"Exchange Data International\",\"url\":\"https:\/\/www.exchange-data.com\/de\/\",\"logo\":{\"@type\":\"ImageObject\",\"inLanguage\":\"de\",\"@id\":\"https:\/\/www.exchange-data.com\/de\/#\/schema\/logo\/image\/\",\"url\":\"https:\/\/www.exchange-data.com\/wp-content\/uploads\/2019\/03\/logo3.png\",\"contentUrl\":\"https:\/\/www.exchange-data.com\/wp-content\/uploads\/2019\/03\/logo3.png\",\"width\":200,\"height\":80,\"caption\":\"Exchange Data International\"},\"image\":{\"@id\":\"https:\/\/www.exchange-data.com\/de\/#\/schema\/logo\/image\/\"},\"sameAs\":[\"https:\/\/x.com\/ExchangeData\",\"https:\/\/www.linkedin.com\/company\/exchange-data-international\/?viewAsMember=true\",\"https:\/\/www.youtube.com\/channel\/UC5D1OpUb22YZANRLD_Ktcgg?view_as=subscriber\"]}]}<\/script>\n<!-- \/ Yoast SEO Premium plugin. -->","yoast_head_json":{"title":"Live Briefs PRO \u2013 Globale M\u00e4rkte | Exchange Data International","description":"Erhalten Sie aktuelle Marktnachrichten und fundierte Intraday-Kommentare zu Aktien, Rohstoffen, Devisen und mehr \u2013 mit Fokus auf die wichtigsten Ereignisse weltweit.","robots":{"index":"index","follow":"follow","max-snippet":"max-snippet:-1","max-image-preview":"max-image-preview:large","max-video-preview":"max-video-preview:-1"},"canonical":"https:\/\/www.exchange-data.com\/de\/produkt\/live-briefs-pro-global-markets\/","og_locale":"de_DE","og_type":"article","og_title":"Live Briefs PRO \u2013 Globale M\u00e4rkte | Exchange Data International","og_description":"Erhalten Sie aktuelle Marktnachrichten und fundierte Intraday-Kommentare zu Aktien, Rohstoffen, Devisen und mehr \u2013 mit Fokus auf die wichtigsten Ereignisse weltweit.","og_url":"https:\/\/www.exchange-data.com\/de\/produkt\/live-briefs-pro-global-markets\/","og_site_name":"Exchange Data International","article_modified_time":"2025-08-12T10:43:08+00:00","twitter_card":"summary_large_image","twitter_site":"@ExchangeData","twitter_misc":{"Gesch\u00e4tzte Lesezeit":"1\u00a0Minute"},"schema":{"@context":"https:\/\/schema.org","@graph":[{"@type":"WebPage","@id":"https:\/\/www.exchange-data.com\/de\/produkt\/live-briefs-pro-global-markets\/","url":"https:\/\/www.exchange-data.com\/de\/produkt\/live-briefs-pro-global-markets\/","name":"Live Briefs PRO \u2013 Globale M\u00e4rkte | Exchange Data International","isPartOf":{"@id":"https:\/\/www.exchange-data.com\/de\/#website"},"datePublished":"2023-11-21T19:47:16+00:00","dateModified":"2025-08-12T10:43:08+00:00","description":"Erhalten Sie aktuelle Marktnachrichten und fundierte Intraday-Kommentare zu Aktien, Rohstoffen, Devisen und mehr \u2013 mit Fokus auf die wichtigsten Ereignisse weltweit.","breadcrumb":{"@id":"https:\/\/www.exchange-data.com\/de\/produkt\/live-briefs-pro-global-markets\/#breadcrumb"},"inLanguage":"de","potentialAction":[{"@type":"ReadAction","target":["https:\/\/www.exchange-data.com\/de\/produkt\/live-briefs-pro-global-markets\/"]}]},{"@type":"BreadcrumbList","@id":"https:\/\/www.exchange-data.com\/de\/produkt\/live-briefs-pro-global-markets\/#breadcrumb","itemListElement":[{"@type":"ListItem","position":1,"name":"Home","item":"https:\/\/www.exchange-data.com\/de\/startseite\/"},{"@type":"ListItem","position":2,"name":"Live Briefs PRO \u2013 Globale M\u00e4rkte"}]},{"@type":"WebSite","@id":"https:\/\/www.exchange-data.com\/de\/#website","url":"https:\/\/www.exchange-data.com\/de\/","name":"Exchange Data International","description":"Doing data differently","publisher":{"@id":"https:\/\/www.exchange-data.com\/de\/#organization"},"potentialAction":[{"@type":"SearchAction","target":{"@type":"EntryPoint","urlTemplate":"https:\/\/www.exchange-data.com\/de\/?s={search_term_string}"},"query-input":{"@type":"PropertyValueSpecification","valueRequired":true,"valueName":"search_term_string"}}],"inLanguage":"de"},{"@type":"Organization","@id":"https:\/\/www.exchange-data.com\/de\/#organization","name":"Exchange Data International","url":"https:\/\/www.exchange-data.com\/de\/","logo":{"@type":"ImageObject","inLanguage":"de","@id":"https:\/\/www.exchange-data.com\/de\/#\/schema\/logo\/image\/","url":"https:\/\/www.exchange-data.com\/wp-content\/uploads\/2019\/03\/logo3.png","contentUrl":"https:\/\/www.exchange-data.com\/wp-content\/uploads\/2019\/03\/logo3.png","width":200,"height":80,"caption":"Exchange Data International"},"image":{"@id":"https:\/\/www.exchange-data.com\/de\/#\/schema\/logo\/image\/"},"sameAs":["https:\/\/x.com\/ExchangeData","https:\/\/www.linkedin.com\/company\/exchange-data-international\/?viewAsMember=true","https:\/\/www.youtube.com\/channel\/UC5D1OpUb22YZANRLD_Ktcgg?view_as=subscriber"]}]}},"_links":{"self":[{"href":"https:\/\/www.exchange-data.com\/de\/wp-json\/wp\/v2\/product\/35660","targetHints":{"allow":["GET"]}}],"collection":[{"href":"https:\/\/www.exchange-data.com\/de\/wp-json\/wp\/v2\/product"}],"about":[{"href":"https:\/\/www.exchange-data.com\/de\/wp-json\/wp\/v2\/types\/product"}],"wp:attachment":[{"href":"https:\/\/www.exchange-data.com\/de\/wp-json\/wp\/v2\/media?parent=35660"}],"wp:term":[{"taxonomy":"country","embeddable":true,"href":"https:\/\/www.exchange-data.com\/de\/wp-json\/wp\/v2\/country?post=35660"},{"taxonomy":"product_category","embeddable":true,"href":"https:\/\/www.exchange-data.com\/de\/wp-json\/wp\/v2\/product_category?post=35660"}],"curies":[{"name":"wp","href":"https:\/\/api.w.org\/{rel}","templated":true}]}}