{"id":35661,"date":"2023-04-25T21:48:59","date_gmt":"2023-04-25T20:48:59","guid":{"rendered":"https:\/\/www.exchange-data.com\/product\/preisgestaltung-fuer-alternative-anlagen\/"},"modified":"2025-08-12T13:03:27","modified_gmt":"2025-08-12T12:03:27","slug":"preisgestaltung-fuer-alternative-anlagen","status":"publish","type":"product","link":"https:\/\/www.exchange-data.com\/de\/produkt\/preisgestaltung-fuer-alternative-anlagen\/","title":{"rendered":"Preisermittlung f\u00fcr alternative Investments"},"content":{"rendered":"<p>&nbsp;<\/p>\n<h2>Alle Preise f\u00fcr alternative Anlagen in einer Datei<\/h2>\n<p>&nbsp;<\/p>\n<h3><small>Hauptmerkmale<\/small><\/h3>\n<ul>\n<li><span style=\"font-weight: 400;\">Einheitliche Datei mit allen Preisen alternativer Anlagen<\/span><\/li>\n<li><span style=\"font-weight: 400;\">T\u00e4gliche Aktualisierung<\/span><\/li>\n<li><span style=\"font-weight: 400;\">Fr\u00fchzeitiger Zugang reduziert Informationsverz\u00f6gerung<\/span><\/li>\n<li><span style=\"font-weight: 400;\">Vollst\u00e4ndige Abdeckung \u2013 auch f\u00fcr privat emittierte Werte<\/span><\/li>\n<li><span style=\"font-weight: 400;\">L\u00fcckenloser Audit Trail<\/span><\/li>\n<li><span style=\"font-weight: 400;\">\u00dcberwachung der FINRA-2231-Konformit\u00e4t<\/span><\/li>\n<\/ul>\n<p><span style=\"font-weight: 400;\">Einige alternative Anlageklassen werden selten oder gar nicht gehandelt. Die Preiserermittlung alternativer Investments erfordert daher spezielle Bewertungsverfahren. Dies f\u00fchrt h\u00e4ufig zu zeitaufwendiger Recherche: SEC-Filings durchsuchen, Dokumente pr\u00fcfen oder direkte Anfragen an die Manager Ihrer Verm\u00f6genswerte stellen.  <\/span><\/p>\n<p><span style=\"font-weight: 400;\">Mit EDI erhalten Sie Bewertungsdaten f\u00fcr relevante Verm\u00f6genswerte schneller und zu geringeren Kosten, als es durch eine eigene Datenerhebung m\u00f6glich w\u00e4re..<\/span><\/p>\n<ul>\n<li>Bewertungskompetenz: <span style=\"font-weight: 400;\">Preisermittlung ist unser Kerngesch\u00e4ft \u2013 nicht nur ein Zusatzangebot. <\/span><\/li>\n<li>Umfassende Abdeckung: <span style=\"font-weight: 400;\">Einschlie\u00dflich privat platzierter Wertpapiere \u2013 im Gegensatz zu vielen anderen Anbietern. <\/span><\/li>\n<li>T\u00e4gliche Updates: <span style=\"font-weight: 400;\">Preisdaten werden t\u00e4glich aktualisiert, Sie erhalten \u00c4nderungen in Echtzeit. <\/span><\/li>\n<li>Fr\u00fchzeitiger Zugang: <span style=\"font-weight: 400;\">Direkter Erhalt von Preisen von Emittenten \u2013 bis zu drei Monate vor Ver\u00f6ffentlichung bei der SEC.<\/span><\/li>\n<li>Compliance &amp; Audit: <span style=\"font-weight: 400;\">Laufende \u00dcberwachung der FINRA-2231-Konformit\u00e4t, erl\u00e4uternde Hinweise und vollst\u00e4ndige Audit-Trails inklusive. <\/span><\/li>\n<\/ul>\n<h4>Saubere Daten garantiert<\/h4>\n<p><span style=\"font-weight: 600;\">Kommt Ihnen das bekannt vor?<\/span><\/p>\n<ul>\n<li><span style=\"font-weight: 400;\">Doppelte Wertpapiere (z.\u202fB. durch Namens\u00e4nderungen)<\/span><\/li>\n<li><span style=\"font-weight: 400;\">Veraltete Preisangaben<\/span><\/li>\n<li><span style=\"font-weight: 400;\">Stark veraltete Preise<\/span><\/li>\n<li><span style=\"font-weight: 400;\">Fehlerhafte Angaben zur FINRA 2231<\/span><\/li>\n<\/ul>\n<h5>Mit der Datei zur Preiserermittlung Alternativer-Investments stellen Sie sicher, dass Ihre Daten korrekt, aktuell und konsistent sind.<\/h5>\n<p>&nbsp;<\/p>\n<h6>Abgedeckte Anlageklassen:<\/h6>\n<ul>\n<li><span style=\"font-weight: 400;\">Nicht b\u00f6rsennotierte REITs<\/span><\/li>\n<li><span style=\"font-weight: 400;\">Direktplatzierungen (DPPs)<\/span><\/li>\n<li><span style=\"font-weight: 400;\">Limited Partnerships (LPs)<\/span><\/li>\n<li><span style=\"font-weight: 400;\">Private Equity<\/span><\/li>\n<li><span style=\"font-weight: 400;\">Privatplatzierungen<\/span><\/li>\n<li><span style=\"font-weight: 400;\">LLCs<\/span><\/li>\n<li><span style=\"font-weight: 400;\">Vorzugsaktien<\/span><\/li>\n<li><span style=\"font-weight: 400;\">Trusts<\/span><\/li>\n<li><span style=\"font-weight: 400;\">Fonds<\/span><\/li>\n<li><span style=\"font-weight: 400;\">Form D<\/span><\/li>\n<li><span style=\"font-weight: 400;\">Private Schuldtitel<\/span><\/li>\n<li><span style=\"font-weight: 400;\">DSTs<\/span><\/li>\n<li><span style=\"font-weight: 400;\">Liquidationstrusts<\/span><\/li>\n<li><span style=\"font-weight: 400;\">Nicht registrierte Wertpapiere<\/span><\/li>\n<li><span style=\"font-weight: 400;\">Swaps<\/span><\/li>\n<li><span style=\"font-weight: 400;\">Weitere alternative Investments<\/span><\/li>\n<\/ul>\n","protected":false},"featured_media":0,"template":"","country":[],"product_category":[3173,3167],"class_list":["post-35661","product","type-product","status-publish","hentry","product_category-daten-zur-preisgestaltung-de","product_category-produkte-und-services","no-post-thumbnail"],"acf":[],"yoast_head":"<!-- This site is optimized with the Yoast SEO Premium plugin v26.0 (Yoast SEO v26.0) - https:\/\/yoast.com\/wordpress\/plugins\/seo\/ -->\n<title>Preisermittlung f\u00fcr alternative Investments Daten | Exchange Data International<\/title>\n<meta name=\"description\" content=\"Erhalten Sie t\u00e4glich aktualisierte, konforme und vollst\u00e4ndige Preiserermittlung alternativer Investments \u2013 inklusive privat platzierter Werte, Audit Trail und Fr\u00fchzugang zu Emittentenpreisen.\" \/>\n<meta name=\"robots\" content=\"index, follow, max-snippet:-1, max-image-preview:large, max-video-preview:-1\" \/>\n<link rel=\"canonical\" href=\"https:\/\/www.exchange-data.com\/de\/produkt\/preisgestaltung-fuer-alternative-anlagen\/\" \/>\n<meta property=\"og:locale\" content=\"de_DE\" \/>\n<meta property=\"og:type\" content=\"article\" \/>\n<meta property=\"og:title\" content=\"Preisermittlung f\u00fcr alternative Investments | Exchange Data International\" \/>\n<meta property=\"og:description\" content=\"Erhalten Sie t\u00e4glich aktualisierte, konforme und vollst\u00e4ndige Preiserermittlung alternativer Investments \u2013 inklusive privat platzierter Werte, Audit Trail und Fr\u00fchzugang zu Emittentenpreisen.\" \/>\n<meta property=\"og:url\" content=\"https:\/\/www.exchange-data.com\/de\/produkt\/preisgestaltung-fuer-alternative-anlagen\/\" \/>\n<meta property=\"og:site_name\" content=\"Exchange Data International\" \/>\n<meta property=\"article:modified_time\" content=\"2025-08-12T12:03:27+00:00\" \/>\n<meta name=\"twitter:card\" content=\"summary_large_image\" \/>\n<meta name=\"twitter:site\" content=\"@ExchangeData\" \/>\n<meta name=\"twitter:label1\" content=\"Gesch\u00e4tzte Lesezeit\" \/>\n\t<meta name=\"twitter:data1\" content=\"1\u00a0Minute\" \/>\n<script type=\"application\/ld+json\" class=\"yoast-schema-graph\">{\"@context\":\"https:\/\/schema.org\",\"@graph\":[{\"@type\":\"WebPage\",\"@id\":\"https:\/\/www.exchange-data.com\/de\/produkt\/preisgestaltung-fuer-alternative-anlagen\/\",\"url\":\"https:\/\/www.exchange-data.com\/de\/produkt\/preisgestaltung-fuer-alternative-anlagen\/\",\"name\":\"Preisermittlung f\u00fcr alternative Investments Daten | Exchange Data International\",\"isPartOf\":{\"@id\":\"https:\/\/www.exchange-data.com\/de\/#website\"},\"datePublished\":\"2023-04-25T20:48:59+00:00\",\"dateModified\":\"2025-08-12T12:03:27+00:00\",\"description\":\"Erhalten Sie t\u00e4glich aktualisierte, konforme und vollst\u00e4ndige Preiserermittlung alternativer Investments \u2013 inklusive privat platzierter Werte, Audit Trail und Fr\u00fchzugang zu Emittentenpreisen.\",\"breadcrumb\":{\"@id\":\"https:\/\/www.exchange-data.com\/de\/produkt\/preisgestaltung-fuer-alternative-anlagen\/#breadcrumb\"},\"inLanguage\":\"de\",\"potentialAction\":[{\"@type\":\"ReadAction\",\"target\":[\"https:\/\/www.exchange-data.com\/de\/produkt\/preisgestaltung-fuer-alternative-anlagen\/\"]}]},{\"@type\":\"BreadcrumbList\",\"@id\":\"https:\/\/www.exchange-data.com\/de\/produkt\/preisgestaltung-fuer-alternative-anlagen\/#breadcrumb\",\"itemListElement\":[{\"@type\":\"ListItem\",\"position\":1,\"name\":\"Home\",\"item\":\"https:\/\/www.exchange-data.com\/de\/startseite\/\"},{\"@type\":\"ListItem\",\"position\":2,\"name\":\"Preisermittlung f\u00fcr alternative Investments\"}]},{\"@type\":\"WebSite\",\"@id\":\"https:\/\/www.exchange-data.com\/de\/#website\",\"url\":\"https:\/\/www.exchange-data.com\/de\/\",\"name\":\"Exchange Data International\",\"description\":\"Doing data differently\",\"publisher\":{\"@id\":\"https:\/\/www.exchange-data.com\/de\/#organization\"},\"potentialAction\":[{\"@type\":\"SearchAction\",\"target\":{\"@type\":\"EntryPoint\",\"urlTemplate\":\"https:\/\/www.exchange-data.com\/de\/?s={search_term_string}\"},\"query-input\":{\"@type\":\"PropertyValueSpecification\",\"valueRequired\":true,\"valueName\":\"search_term_string\"}}],\"inLanguage\":\"de\"},{\"@type\":\"Organization\",\"@id\":\"https:\/\/www.exchange-data.com\/de\/#organization\",\"name\":\"Exchange Data International\",\"url\":\"https:\/\/www.exchange-data.com\/de\/\",\"logo\":{\"@type\":\"ImageObject\",\"inLanguage\":\"de\",\"@id\":\"https:\/\/www.exchange-data.com\/de\/#\/schema\/logo\/image\/\",\"url\":\"https:\/\/www.exchange-data.com\/wp-content\/uploads\/2019\/03\/logo3.png\",\"contentUrl\":\"https:\/\/www.exchange-data.com\/wp-content\/uploads\/2019\/03\/logo3.png\",\"width\":200,\"height\":80,\"caption\":\"Exchange Data International\"},\"image\":{\"@id\":\"https:\/\/www.exchange-data.com\/de\/#\/schema\/logo\/image\/\"},\"sameAs\":[\"https:\/\/x.com\/ExchangeData\",\"https:\/\/www.linkedin.com\/company\/exchange-data-international\/?viewAsMember=true\",\"https:\/\/www.youtube.com\/channel\/UC5D1OpUb22YZANRLD_Ktcgg?view_as=subscriber\"]}]}<\/script>\n<!-- \/ Yoast SEO Premium plugin. -->","yoast_head_json":{"title":"Preisermittlung f\u00fcr alternative Investments Daten | Exchange Data International","description":"Erhalten Sie t\u00e4glich aktualisierte, konforme und vollst\u00e4ndige Preiserermittlung alternativer Investments \u2013 inklusive privat platzierter Werte, Audit Trail und Fr\u00fchzugang zu Emittentenpreisen.","robots":{"index":"index","follow":"follow","max-snippet":"max-snippet:-1","max-image-preview":"max-image-preview:large","max-video-preview":"max-video-preview:-1"},"canonical":"https:\/\/www.exchange-data.com\/de\/produkt\/preisgestaltung-fuer-alternative-anlagen\/","og_locale":"de_DE","og_type":"article","og_title":"Preisermittlung f\u00fcr alternative Investments | Exchange Data International","og_description":"Erhalten Sie t\u00e4glich aktualisierte, konforme und vollst\u00e4ndige Preiserermittlung alternativer Investments \u2013 inklusive privat platzierter Werte, Audit Trail und Fr\u00fchzugang zu Emittentenpreisen.","og_url":"https:\/\/www.exchange-data.com\/de\/produkt\/preisgestaltung-fuer-alternative-anlagen\/","og_site_name":"Exchange Data International","article_modified_time":"2025-08-12T12:03:27+00:00","twitter_card":"summary_large_image","twitter_site":"@ExchangeData","twitter_misc":{"Gesch\u00e4tzte Lesezeit":"1\u00a0Minute"},"schema":{"@context":"https:\/\/schema.org","@graph":[{"@type":"WebPage","@id":"https:\/\/www.exchange-data.com\/de\/produkt\/preisgestaltung-fuer-alternative-anlagen\/","url":"https:\/\/www.exchange-data.com\/de\/produkt\/preisgestaltung-fuer-alternative-anlagen\/","name":"Preisermittlung f\u00fcr alternative Investments Daten | Exchange Data International","isPartOf":{"@id":"https:\/\/www.exchange-data.com\/de\/#website"},"datePublished":"2023-04-25T20:48:59+00:00","dateModified":"2025-08-12T12:03:27+00:00","description":"Erhalten Sie t\u00e4glich aktualisierte, konforme und vollst\u00e4ndige Preiserermittlung alternativer Investments \u2013 inklusive privat platzierter Werte, Audit Trail und Fr\u00fchzugang zu Emittentenpreisen.","breadcrumb":{"@id":"https:\/\/www.exchange-data.com\/de\/produkt\/preisgestaltung-fuer-alternative-anlagen\/#breadcrumb"},"inLanguage":"de","potentialAction":[{"@type":"ReadAction","target":["https:\/\/www.exchange-data.com\/de\/produkt\/preisgestaltung-fuer-alternative-anlagen\/"]}]},{"@type":"BreadcrumbList","@id":"https:\/\/www.exchange-data.com\/de\/produkt\/preisgestaltung-fuer-alternative-anlagen\/#breadcrumb","itemListElement":[{"@type":"ListItem","position":1,"name":"Home","item":"https:\/\/www.exchange-data.com\/de\/startseite\/"},{"@type":"ListItem","position":2,"name":"Preisermittlung f\u00fcr alternative Investments"}]},{"@type":"WebSite","@id":"https:\/\/www.exchange-data.com\/de\/#website","url":"https:\/\/www.exchange-data.com\/de\/","name":"Exchange Data International","description":"Doing data differently","publisher":{"@id":"https:\/\/www.exchange-data.com\/de\/#organization"},"potentialAction":[{"@type":"SearchAction","target":{"@type":"EntryPoint","urlTemplate":"https:\/\/www.exchange-data.com\/de\/?s={search_term_string}"},"query-input":{"@type":"PropertyValueSpecification","valueRequired":true,"valueName":"search_term_string"}}],"inLanguage":"de"},{"@type":"Organization","@id":"https:\/\/www.exchange-data.com\/de\/#organization","name":"Exchange Data International","url":"https:\/\/www.exchange-data.com\/de\/","logo":{"@type":"ImageObject","inLanguage":"de","@id":"https:\/\/www.exchange-data.com\/de\/#\/schema\/logo\/image\/","url":"https:\/\/www.exchange-data.com\/wp-content\/uploads\/2019\/03\/logo3.png","contentUrl":"https:\/\/www.exchange-data.com\/wp-content\/uploads\/2019\/03\/logo3.png","width":200,"height":80,"caption":"Exchange Data International"},"image":{"@id":"https:\/\/www.exchange-data.com\/de\/#\/schema\/logo\/image\/"},"sameAs":["https:\/\/x.com\/ExchangeData","https:\/\/www.linkedin.com\/company\/exchange-data-international\/?viewAsMember=true","https:\/\/www.youtube.com\/channel\/UC5D1OpUb22YZANRLD_Ktcgg?view_as=subscriber"]}]}},"_links":{"self":[{"href":"https:\/\/www.exchange-data.com\/de\/wp-json\/wp\/v2\/product\/35661","targetHints":{"allow":["GET"]}}],"collection":[{"href":"https:\/\/www.exchange-data.com\/de\/wp-json\/wp\/v2\/product"}],"about":[{"href":"https:\/\/www.exchange-data.com\/de\/wp-json\/wp\/v2\/types\/product"}],"wp:attachment":[{"href":"https:\/\/www.exchange-data.com\/de\/wp-json\/wp\/v2\/media?parent=35661"}],"wp:term":[{"taxonomy":"country","embeddable":true,"href":"https:\/\/www.exchange-data.com\/de\/wp-json\/wp\/v2\/country?post=35661"},{"taxonomy":"product_category","embeddable":true,"href":"https:\/\/www.exchange-data.com\/de\/wp-json\/wp\/v2\/product_category?post=35661"}],"curies":[{"name":"wp","href":"https:\/\/api.w.org\/{rel}","templated":true}]}}