{"id":35662,"date":"2023-03-31T14:42:48","date_gmt":"2023-03-31T13:42:48","guid":{"rendered":"https:\/\/www.exchange-data.com\/product\/finanzielle-indizes\/"},"modified":"2025-09-09T12:20:26","modified_gmt":"2025-09-09T11:20:26","slug":"finanzielle-indizes","status":"publish","type":"product","link":"https:\/\/www.exchange-data.com\/de\/produkt\/finanzielle-indizes\/","title":{"rendered":"Finanzindizes"},"content":{"rendered":"<p>&nbsp;<\/p>\n<p>&nbsp;<\/p>\n<h2>Ma\u00dfgeschneiderte Indizes f\u00fcr moderne Marktanforderungen<\/h2>\n<p>&nbsp;<\/p>\n<p><span style=\"font-weight: 400;\">Das Hauptziel unseres Indexservices ist es, M\u00e4rkte pr\u00e4zise abzubilden und Nutzern durch den gezielten Einsatz einen echten Mehrwert zu bieten. Alle Indizes werden gem\u00e4\u00df den IOSCO-Grunds\u00e4tzen und dem entsprechenden Compliance-Rahmenwerk entwickelt. <\/span><\/p>\n<p><span style=\"font-weight: 400;\">Die Lizenzierung erfolgt individuell \u2013 je nachdem, wie unsere Kunden die Indizes einsetzen. So stellt jeder Nutzer sicher, dass er den gr\u00f6\u00dftm\u00f6glichen Nutzen f\u00fcr seine spezifischen Anforderungen erzielt. Ein sofort nutzbares Angebot an China-spezifischen Aktien- und Rohstoffindizes steht zur Verf\u00fcgung \u2013 ebenso wie individuell entwickelte Indizes (AUR). <\/span><\/p>\n<h3>Verf\u00fcgbare Indizes<\/h3>\n<table>\n<tbody>\n<tr>\n<th>Index Name<\/th>\n<th>Klasse<\/th>\n<th>Markt<\/th>\n<th>Instrument<\/th>\n<th>Dom Preis Herkunft<\/th>\n<th>Partner<\/th>\n<th>Datum des Beginns<\/th>\n<\/tr>\n<tr>\n<td><span style=\"font-weight: 400;\">SAFRAS CTDI Brasilianischer Sojabohnenindex<\/span><\/td>\n<td><span style=\"font-weight: 400;\">Ware<\/span><\/td>\n<td><span style=\"font-weight: 400;\">Getreide<\/span><\/td>\n<td><span style=\"font-weight: 400;\">Sojabohnen<\/span><\/td>\n<td><span style=\"font-weight: 400;\">Brasilien &#8211; S\u00fcdamerika<\/span><\/td>\n<td><span style=\"font-weight: 400;\">Safras &amp; Mercado<\/span><\/td>\n<td><span style=\"font-weight: 400;\">4. Januar 2016<\/span><\/td>\n<\/tr>\n<tr>\n<td><span style=\"font-weight: 400;\">TradeFlow Capital CTDI China Energy Index<\/span><\/td>\n<td><span style=\"font-weight: 400;\">Ware<\/span><\/td>\n<td><span style=\"font-weight: 400;\">Energie<\/span><\/td>\n<td><span style=\"font-weight: 400;\">Roh\u00f6l, Heiz\u00f6l, W\u00e4rmekraftkohle<\/span><\/td>\n<td><span style=\"font-weight: 400;\">China &#8211; Asien<\/span><\/td>\n<td><span style=\"font-weight: 400;\">TradeFlow Kapital<\/span><\/td>\n<td><span style=\"font-weight: 400;\">23. September 2019<\/span><\/td>\n<\/tr>\n<tr>\n<td><span style=\"font-weight: 400;\">TradeFlow Capital CTDI China-Getreide-Index<\/span><\/td>\n<td><span style=\"font-weight: 400;\">Ware<\/span><\/td>\n<td><span style=\"font-weight: 400;\">Getreide<\/span><\/td>\n<td><span style=\"font-weight: 400;\">#1 Import Sojabohnen, #2 Inl\u00e4ndische Sojabohnen, Mais<\/span><\/td>\n<td><span style=\"font-weight: 400;\">China &#8211; Asien<\/span><\/td>\n<td><span style=\"font-weight: 400;\">TradeFlow Kapital<\/span><\/td>\n<td><span style=\"font-weight: 400;\">25. Dezember 2018<\/span><\/td>\n<\/tr>\n<tr>\n<td><span style=\"font-weight: 400;\">CTDI Chinesischer Stahlindex<\/span><\/td>\n<td><span style=\"font-weight: 400;\">Ware<\/span><\/td>\n<td><span style=\"font-weight: 400;\">Metalle<\/span><\/td>\n<td><span style=\"font-weight: 400;\">Eisenerz, Metallkoks, Kokskohle, warmgewalzte Coils, Betonstahl, rostfreier Stahl<\/span><\/td>\n<td><span style=\"font-weight: 400;\">China &#8211; Asien<\/span><\/td>\n<td><\/td>\n<td><span style=\"font-weight: 400;\">3. Januar 2019<\/span><\/td>\n<\/tr>\n<tr>\n<td><span style=\"font-weight: 400;\">CTDI China Tesla Supply Chain Index<\/span><\/td>\n<td><span style=\"font-weight: 400;\">Eigenkapital<\/span><\/td>\n<td><span style=\"font-weight: 400;\">Auto<\/span><\/td>\n<td><span style=\"font-weight: 400;\">40 x Chinesische Teilehersteller<\/span><\/td>\n<td><span style=\"font-weight: 400;\">China &#8211; Asien<\/span><\/td>\n<td><\/td>\n<td><span style=\"font-weight: 400;\">4. Januar 2012<\/span><\/td>\n<\/tr>\n<tr>\n<td><span style=\"font-weight: 400;\">CTDI Index f\u00fcr staatseigene Unternehmen (SOE) in China<\/span><\/td>\n<td><span style=\"font-weight: 400;\">Eigenkapital<\/span><\/td>\n<td><span style=\"font-weight: 400;\">Unternehmen<\/span><\/td>\n<td><span style=\"font-weight: 400;\">32 x Chinesische Unternehmen im Staatsbesitz<\/span><\/td>\n<td><span style=\"font-weight: 400;\">China &#8211; Asien<\/span><\/td>\n<td><\/td>\n<td><span style=\"font-weight: 400;\">4. Januar 2012<\/span><\/td>\n<\/tr>\n<tr>\n<td><span style=\"font-weight: 400;\">CTDI Chinesischer Lithium-Batterie-Index<\/span><\/td>\n<td><span style=\"font-weight: 400;\">Eigenkapital<\/span><\/td>\n<td><span style=\"font-weight: 400;\">Technologie<\/span><\/td>\n<td><span style=\"font-weight: 400;\">74 X Chinesische Anbieter von Lithium-Batterien<\/span><\/td>\n<td><span style=\"font-weight: 400;\">China &#8211; Asien<\/span><\/td>\n<td><\/td>\n<td><span style=\"font-weight: 400;\">4. Januar 2012<\/span><\/td>\n<\/tr>\n<tr>\n<td><span style=\"font-weight: 400;\">CTDI Index der chinesischen Verteidigungsindustrie<\/span><\/td>\n<td><span style=\"font-weight: 400;\">Ware<\/span><\/td>\n<td><span style=\"font-weight: 400;\">Technologie<\/span><\/td>\n<td><span style=\"font-weight: 400;\">158 X Anbieter der chinesischen Verteidigungsindustrie<\/span><\/td>\n<td><span style=\"font-weight: 400;\">China &#8211; Asien<\/span><\/td>\n<td><\/td>\n<td><span style=\"font-weight: 400;\">4. Januar 2012<\/span><\/td>\n<\/tr>\n<tr>\n<td><span style=\"font-weight: 400;\">CTDI Chinesischer Lithium-Bergbau-Index<\/span><\/td>\n<td><span style=\"font-weight: 400;\">Eigenkapital<\/span><\/td>\n<td><span style=\"font-weight: 400;\">Technologie<\/span><\/td>\n<td><span style=\"font-weight: 400;\">14 X 14 Chinesische Hersteller, Ausr\u00fcster, Verarbeiter und Raffinerien von Lithium<\/span><\/td>\n<td><span style=\"font-weight: 400;\">China &#8211; Asien<\/span><\/td>\n<td><\/td>\n<td><span style=\"font-weight: 400;\">4. Januar 2012<\/span><\/td>\n<\/tr>\n<\/tbody>\n<\/table>\n","protected":false},"featured_media":0,"template":"","country":[],"product_category":[3170,3167],"class_list":["post-35662","product","type-product","status-publish","hentry","product_category-derivative-data-short-interest-data-de","product_category-produkte-und-services","no-post-thumbnail"],"acf":[],"yoast_head":"<!-- This site is optimized with the Yoast SEO Premium plugin v26.0 (Yoast SEO v26.0) - https:\/\/yoast.com\/wordpress\/plugins\/seo\/ -->\n<title>Aktienindex-Daten &amp; individuelle Benchmarks | IOSCO-konform &amp; global verf\u00fcgbar %sepsitename%%<\/title>\n<meta name=\"description\" content=\"Profitieren Sie von flexiblen Aktienindex-Daten, entwickelt nach IOSCO-Standards \u2013 ideal zum Benchmarking und zur individuellen Indexnutzung weltweit.\" \/>\n<meta name=\"robots\" content=\"index, follow, max-snippet:-1, max-image-preview:large, max-video-preview:-1\" \/>\n<link rel=\"canonical\" href=\"https:\/\/www.exchange-data.com\/de\/produkt\/finanzielle-indizes\/\" \/>\n<meta property=\"og:locale\" content=\"de_DE\" \/>\n<meta property=\"og:type\" content=\"article\" \/>\n<meta property=\"og:title\" content=\"Finanzindizes | Exchange Data International\" \/>\n<meta property=\"og:description\" content=\"Profitieren Sie von flexiblen Aktienindex-Daten, entwickelt nach IOSCO-Standards \u2013 ideal zum Benchmarking und zur individuellen Indexnutzung weltweit.\" \/>\n<meta property=\"og:url\" content=\"https:\/\/www.exchange-data.com\/de\/produkt\/finanzielle-indizes\/\" \/>\n<meta property=\"og:site_name\" content=\"Exchange Data International\" \/>\n<meta property=\"article:modified_time\" content=\"2025-09-09T11:20:26+00:00\" \/>\n<meta name=\"twitter:card\" content=\"summary_large_image\" \/>\n<meta name=\"twitter:image\" content=\"https:\/\/www.exchange-data.com\/wp-content\/uploads\/2024\/02\/Linkedin-size-1024x535.png\" \/>\n<meta name=\"twitter:site\" content=\"@ExchangeData\" \/>\n<meta name=\"twitter:label1\" content=\"Gesch\u00e4tzte Lesezeit\" \/>\n\t<meta name=\"twitter:data1\" content=\"2\u00a0Minuten\" \/>\n<script type=\"application\/ld+json\" class=\"yoast-schema-graph\">{\"@context\":\"https:\/\/schema.org\",\"@graph\":[{\"@type\":\"WebPage\",\"@id\":\"https:\/\/www.exchange-data.com\/de\/produkt\/finanzielle-indizes\/\",\"url\":\"https:\/\/www.exchange-data.com\/de\/produkt\/finanzielle-indizes\/\",\"name\":\"Aktienindex-Daten & individuelle Benchmarks | IOSCO-konform & global verf\u00fcgbar %sepsitename%%\",\"isPartOf\":{\"@id\":\"https:\/\/www.exchange-data.com\/de\/#website\"},\"datePublished\":\"2023-03-31T13:42:48+00:00\",\"dateModified\":\"2025-09-09T11:20:26+00:00\",\"description\":\"Profitieren Sie von flexiblen Aktienindex-Daten, entwickelt nach IOSCO-Standards \u2013 ideal zum Benchmarking und zur individuellen Indexnutzung weltweit.\",\"breadcrumb\":{\"@id\":\"https:\/\/www.exchange-data.com\/de\/produkt\/finanzielle-indizes\/#breadcrumb\"},\"inLanguage\":\"de\",\"potentialAction\":[{\"@type\":\"ReadAction\",\"target\":[\"https:\/\/www.exchange-data.com\/de\/produkt\/finanzielle-indizes\/\"]}]},{\"@type\":\"BreadcrumbList\",\"@id\":\"https:\/\/www.exchange-data.com\/de\/produkt\/finanzielle-indizes\/#breadcrumb\",\"itemListElement\":[{\"@type\":\"ListItem\",\"position\":1,\"name\":\"Home\",\"item\":\"https:\/\/www.exchange-data.com\/de\/startseite\/\"},{\"@type\":\"ListItem\",\"position\":2,\"name\":\"Finanzindizes\"}]},{\"@type\":\"WebSite\",\"@id\":\"https:\/\/www.exchange-data.com\/de\/#website\",\"url\":\"https:\/\/www.exchange-data.com\/de\/\",\"name\":\"Exchange Data International\",\"description\":\"Doing data differently\",\"publisher\":{\"@id\":\"https:\/\/www.exchange-data.com\/de\/#organization\"},\"potentialAction\":[{\"@type\":\"SearchAction\",\"target\":{\"@type\":\"EntryPoint\",\"urlTemplate\":\"https:\/\/www.exchange-data.com\/de\/?s={search_term_string}\"},\"query-input\":{\"@type\":\"PropertyValueSpecification\",\"valueRequired\":true,\"valueName\":\"search_term_string\"}}],\"inLanguage\":\"de\"},{\"@type\":\"Organization\",\"@id\":\"https:\/\/www.exchange-data.com\/de\/#organization\",\"name\":\"Exchange Data International\",\"url\":\"https:\/\/www.exchange-data.com\/de\/\",\"logo\":{\"@type\":\"ImageObject\",\"inLanguage\":\"de\",\"@id\":\"https:\/\/www.exchange-data.com\/de\/#\/schema\/logo\/image\/\",\"url\":\"https:\/\/www.exchange-data.com\/wp-content\/uploads\/2019\/03\/logo3.png\",\"contentUrl\":\"https:\/\/www.exchange-data.com\/wp-content\/uploads\/2019\/03\/logo3.png\",\"width\":200,\"height\":80,\"caption\":\"Exchange Data International\"},\"image\":{\"@id\":\"https:\/\/www.exchange-data.com\/de\/#\/schema\/logo\/image\/\"},\"sameAs\":[\"https:\/\/x.com\/ExchangeData\",\"https:\/\/www.linkedin.com\/company\/exchange-data-international\/?viewAsMember=true\",\"https:\/\/www.youtube.com\/channel\/UC5D1OpUb22YZANRLD_Ktcgg?view_as=subscriber\"]}]}<\/script>\n<!-- \/ Yoast SEO Premium plugin. -->","yoast_head_json":{"title":"Aktienindex-Daten & individuelle Benchmarks | IOSCO-konform & global verf\u00fcgbar %sepsitename%%","description":"Profitieren Sie von flexiblen Aktienindex-Daten, entwickelt nach IOSCO-Standards \u2013 ideal zum Benchmarking und zur individuellen Indexnutzung weltweit.","robots":{"index":"index","follow":"follow","max-snippet":"max-snippet:-1","max-image-preview":"max-image-preview:large","max-video-preview":"max-video-preview:-1"},"canonical":"https:\/\/www.exchange-data.com\/de\/produkt\/finanzielle-indizes\/","og_locale":"de_DE","og_type":"article","og_title":"Finanzindizes | Exchange Data International","og_description":"Profitieren Sie von flexiblen Aktienindex-Daten, entwickelt nach IOSCO-Standards \u2013 ideal zum Benchmarking und zur individuellen Indexnutzung weltweit.","og_url":"https:\/\/www.exchange-data.com\/de\/produkt\/finanzielle-indizes\/","og_site_name":"Exchange Data International","article_modified_time":"2025-09-09T11:20:26+00:00","twitter_card":"summary_large_image","twitter_image":"https:\/\/www.exchange-data.com\/wp-content\/uploads\/2024\/02\/Linkedin-size-1024x535.png","twitter_site":"@ExchangeData","twitter_misc":{"Gesch\u00e4tzte Lesezeit":"2\u00a0Minuten"},"schema":{"@context":"https:\/\/schema.org","@graph":[{"@type":"WebPage","@id":"https:\/\/www.exchange-data.com\/de\/produkt\/finanzielle-indizes\/","url":"https:\/\/www.exchange-data.com\/de\/produkt\/finanzielle-indizes\/","name":"Aktienindex-Daten & individuelle Benchmarks | IOSCO-konform & global verf\u00fcgbar %sepsitename%%","isPartOf":{"@id":"https:\/\/www.exchange-data.com\/de\/#website"},"datePublished":"2023-03-31T13:42:48+00:00","dateModified":"2025-09-09T11:20:26+00:00","description":"Profitieren Sie von flexiblen Aktienindex-Daten, entwickelt nach IOSCO-Standards \u2013 ideal zum Benchmarking und zur individuellen Indexnutzung weltweit.","breadcrumb":{"@id":"https:\/\/www.exchange-data.com\/de\/produkt\/finanzielle-indizes\/#breadcrumb"},"inLanguage":"de","potentialAction":[{"@type":"ReadAction","target":["https:\/\/www.exchange-data.com\/de\/produkt\/finanzielle-indizes\/"]}]},{"@type":"BreadcrumbList","@id":"https:\/\/www.exchange-data.com\/de\/produkt\/finanzielle-indizes\/#breadcrumb","itemListElement":[{"@type":"ListItem","position":1,"name":"Home","item":"https:\/\/www.exchange-data.com\/de\/startseite\/"},{"@type":"ListItem","position":2,"name":"Finanzindizes"}]},{"@type":"WebSite","@id":"https:\/\/www.exchange-data.com\/de\/#website","url":"https:\/\/www.exchange-data.com\/de\/","name":"Exchange Data International","description":"Doing data differently","publisher":{"@id":"https:\/\/www.exchange-data.com\/de\/#organization"},"potentialAction":[{"@type":"SearchAction","target":{"@type":"EntryPoint","urlTemplate":"https:\/\/www.exchange-data.com\/de\/?s={search_term_string}"},"query-input":{"@type":"PropertyValueSpecification","valueRequired":true,"valueName":"search_term_string"}}],"inLanguage":"de"},{"@type":"Organization","@id":"https:\/\/www.exchange-data.com\/de\/#organization","name":"Exchange Data International","url":"https:\/\/www.exchange-data.com\/de\/","logo":{"@type":"ImageObject","inLanguage":"de","@id":"https:\/\/www.exchange-data.com\/de\/#\/schema\/logo\/image\/","url":"https:\/\/www.exchange-data.com\/wp-content\/uploads\/2019\/03\/logo3.png","contentUrl":"https:\/\/www.exchange-data.com\/wp-content\/uploads\/2019\/03\/logo3.png","width":200,"height":80,"caption":"Exchange Data International"},"image":{"@id":"https:\/\/www.exchange-data.com\/de\/#\/schema\/logo\/image\/"},"sameAs":["https:\/\/x.com\/ExchangeData","https:\/\/www.linkedin.com\/company\/exchange-data-international\/?viewAsMember=true","https:\/\/www.youtube.com\/channel\/UC5D1OpUb22YZANRLD_Ktcgg?view_as=subscriber"]}]}},"_links":{"self":[{"href":"https:\/\/www.exchange-data.com\/de\/wp-json\/wp\/v2\/product\/35662","targetHints":{"allow":["GET"]}}],"collection":[{"href":"https:\/\/www.exchange-data.com\/de\/wp-json\/wp\/v2\/product"}],"about":[{"href":"https:\/\/www.exchange-data.com\/de\/wp-json\/wp\/v2\/types\/product"}],"wp:attachment":[{"href":"https:\/\/www.exchange-data.com\/de\/wp-json\/wp\/v2\/media?parent=35662"}],"wp:term":[{"taxonomy":"country","embeddable":true,"href":"https:\/\/www.exchange-data.com\/de\/wp-json\/wp\/v2\/country?post=35662"},{"taxonomy":"product_category","embeddable":true,"href":"https:\/\/www.exchange-data.com\/de\/wp-json\/wp\/v2\/product_category?post=35662"}],"curies":[{"name":"wp","href":"https:\/\/api.w.org\/{rel}","templated":true}]}}