{"id":35663,"date":"2023-03-22T14:51:37","date_gmt":"2023-03-22T13:51:37","guid":{"rendered":"https:\/\/www.exchange-data.com\/product\/fondscab\/"},"modified":"2025-08-14T11:44:55","modified_gmt":"2025-08-14T10:44:55","slug":"fondscab","status":"publish","type":"product","link":"https:\/\/www.exchange-data.com\/de\/produkt\/fondscab\/","title":{"rendered":"FundsCAB"},"content":{"rendered":"<p>&nbsp;<\/p>\n<h2>Abdeckung<\/h2>\n<p><span style=\"font-weight: 400;\">Der UK FundsCAB-Service umfasst \u00fcber 13.700 Fondsanteilsklassen von 200 Fondsgesellschaften und bietet umfassende Informationen zu Aussch\u00fcttungen und Kapitalma\u00dfnahmen.<\/span><\/p>\n<p>&nbsp;<\/p>\n<h3>Was wir tun<\/h3>\n<p><span style=\"font-weight: 400;\">Das Datenteam von EDI sammelt, analysiert und ver\u00f6ffentlicht Daten von Unit Trusts und offenen Investmentgesellschaften (OEIC) oder deren Vertretern. Dar\u00fcber hinaus durchsucht EDI verschiedene Websites, um alle relevanten Kapitalma\u00dfnahmen f\u00fcr den britischen Fondsmarkt zu erfassen. Kapitalma\u00dfnahmen werden in Echtzeit \u00fcberwacht, sodass Sie die ben\u00f6tigten Informationen schneller erhalten.  <\/span><\/p>\n<h4>Funktionen des UK FundsCAB-Services<\/h4>\n<p><span style=\"font-weight: 400;\">Direkter Zugriff auf Kapitalma\u00dfnahmen, sobald sie in EDI&#8217;s webbasiertes System eingetragen werden<\/span><\/p>\n<ul>\n<li><span style=\"font-weight: 400;\">Einfache Suche nach Kapitalma\u00dfnahmen basierend auf Ereignis, Fonds oder Zeitr\u00e4umen<\/span><\/li>\n<li><span style=\"font-weight: 400;\">Portfolios importieren und Benachrichtigungen bei relevanten Kapitalma\u00dfnahmen erhalten<\/span><\/li>\n<li><span style=\"font-weight: 400;\">T\u00e4gliche Fondsaussch\u00fcttungen werden laufend im UK FundsCAB angezeigt<\/span><\/li>\n<li><span style=\"font-weight: 400;\">Mehrere Datenquellen werden genutzt, um einen umfassenden Service zu bieten<\/span><\/li>\n<\/ul>\n","protected":false},"featured_media":0,"template":"","country":[],"product_category":[3174,3167],"class_list":["post-35663","product","type-product","status-publish","hentry","product_category-investment-funds-edi-de-edi-products-services-de","product_category-produkte-und-services","no-post-thumbnail"],"acf":[],"yoast_head":"<!-- This site is optimized with the Yoast SEO Premium plugin v26.0 (Yoast SEO v26.0) - https:\/\/yoast.com\/wordpress\/plugins\/seo\/ -->\n<title>FundsCAB Dienstleistungen | Exchange Data International<\/title>\n<meta name=\"description\" content=\"FundsCAB ist die f\u00fchrende Datenplattform f\u00fcr Investmentfonds im UK-Markt \u2013 mit Kapitalma\u00dfnahmen, Aussch\u00fcttungen und umfassenden Fondsdaten aus 200 Gesellschaften.\" \/>\n<meta name=\"robots\" content=\"index, follow, max-snippet:-1, max-image-preview:large, max-video-preview:-1\" \/>\n<link rel=\"canonical\" href=\"https:\/\/www.exchange-data.com\/de\/produkt\/fondscab\/\" \/>\n<meta property=\"og:locale\" content=\"de_DE\" \/>\n<meta property=\"og:type\" content=\"article\" \/>\n<meta property=\"og:title\" content=\"FundsCAB | Exchange Data International\" \/>\n<meta property=\"og:description\" content=\"FundsCAB ist die f\u00fchrende Datenplattform f\u00fcr Investmentfonds im UK-Markt \u2013 mit Kapitalma\u00dfnahmen, Aussch\u00fcttungen und umfassenden Fondsdaten aus 200 Gesellschaften.\" \/>\n<meta property=\"og:url\" content=\"https:\/\/www.exchange-data.com\/de\/produkt\/fondscab\/\" \/>\n<meta property=\"og:site_name\" content=\"Exchange Data International\" \/>\n<meta property=\"article:modified_time\" content=\"2025-08-14T10:44:55+00:00\" \/>\n<meta name=\"twitter:card\" content=\"summary_large_image\" \/>\n<meta name=\"twitter:site\" content=\"@ExchangeData\" \/>\n<meta name=\"twitter:label1\" content=\"Gesch\u00e4tzte Lesezeit\" \/>\n\t<meta name=\"twitter:data1\" content=\"1\u00a0Minute\" \/>\n<script type=\"application\/ld+json\" class=\"yoast-schema-graph\">{\"@context\":\"https:\/\/schema.org\",\"@graph\":[{\"@type\":\"WebPage\",\"@id\":\"https:\/\/www.exchange-data.com\/de\/produkt\/fondscab\/\",\"url\":\"https:\/\/www.exchange-data.com\/de\/produkt\/fondscab\/\",\"name\":\"FundsCAB Dienstleistungen | Exchange Data International\",\"isPartOf\":{\"@id\":\"https:\/\/www.exchange-data.com\/de\/#website\"},\"datePublished\":\"2023-03-22T13:51:37+00:00\",\"dateModified\":\"2025-08-14T10:44:55+00:00\",\"description\":\"FundsCAB ist die f\u00fchrende Datenplattform f\u00fcr Investmentfonds im UK-Markt \u2013 mit Kapitalma\u00dfnahmen, Aussch\u00fcttungen und umfassenden Fondsdaten aus 200 Gesellschaften.\",\"breadcrumb\":{\"@id\":\"https:\/\/www.exchange-data.com\/de\/produkt\/fondscab\/#breadcrumb\"},\"inLanguage\":\"de\",\"potentialAction\":[{\"@type\":\"ReadAction\",\"target\":[\"https:\/\/www.exchange-data.com\/de\/produkt\/fondscab\/\"]}]},{\"@type\":\"BreadcrumbList\",\"@id\":\"https:\/\/www.exchange-data.com\/de\/produkt\/fondscab\/#breadcrumb\",\"itemListElement\":[{\"@type\":\"ListItem\",\"position\":1,\"name\":\"Home\",\"item\":\"https:\/\/www.exchange-data.com\/de\/startseite\/\"},{\"@type\":\"ListItem\",\"position\":2,\"name\":\"FundsCAB\"}]},{\"@type\":\"WebSite\",\"@id\":\"https:\/\/www.exchange-data.com\/de\/#website\",\"url\":\"https:\/\/www.exchange-data.com\/de\/\",\"name\":\"Exchange Data International\",\"description\":\"Doing data differently\",\"publisher\":{\"@id\":\"https:\/\/www.exchange-data.com\/de\/#organization\"},\"potentialAction\":[{\"@type\":\"SearchAction\",\"target\":{\"@type\":\"EntryPoint\",\"urlTemplate\":\"https:\/\/www.exchange-data.com\/de\/?s={search_term_string}\"},\"query-input\":{\"@type\":\"PropertyValueSpecification\",\"valueRequired\":true,\"valueName\":\"search_term_string\"}}],\"inLanguage\":\"de\"},{\"@type\":\"Organization\",\"@id\":\"https:\/\/www.exchange-data.com\/de\/#organization\",\"name\":\"Exchange Data International\",\"url\":\"https:\/\/www.exchange-data.com\/de\/\",\"logo\":{\"@type\":\"ImageObject\",\"inLanguage\":\"de\",\"@id\":\"https:\/\/www.exchange-data.com\/de\/#\/schema\/logo\/image\/\",\"url\":\"https:\/\/www.exchange-data.com\/wp-content\/uploads\/2019\/03\/logo3.png\",\"contentUrl\":\"https:\/\/www.exchange-data.com\/wp-content\/uploads\/2019\/03\/logo3.png\",\"width\":200,\"height\":80,\"caption\":\"Exchange Data International\"},\"image\":{\"@id\":\"https:\/\/www.exchange-data.com\/de\/#\/schema\/logo\/image\/\"},\"sameAs\":[\"https:\/\/x.com\/ExchangeData\",\"https:\/\/www.linkedin.com\/company\/exchange-data-international\/?viewAsMember=true\",\"https:\/\/www.youtube.com\/channel\/UC5D1OpUb22YZANRLD_Ktcgg?view_as=subscriber\"]}]}<\/script>\n<!-- \/ Yoast SEO Premium plugin. -->","yoast_head_json":{"title":"FundsCAB Dienstleistungen | Exchange Data International","description":"FundsCAB ist die f\u00fchrende Datenplattform f\u00fcr Investmentfonds im UK-Markt \u2013 mit Kapitalma\u00dfnahmen, Aussch\u00fcttungen und umfassenden Fondsdaten aus 200 Gesellschaften.","robots":{"index":"index","follow":"follow","max-snippet":"max-snippet:-1","max-image-preview":"max-image-preview:large","max-video-preview":"max-video-preview:-1"},"canonical":"https:\/\/www.exchange-data.com\/de\/produkt\/fondscab\/","og_locale":"de_DE","og_type":"article","og_title":"FundsCAB | Exchange Data International","og_description":"FundsCAB ist die f\u00fchrende Datenplattform f\u00fcr Investmentfonds im UK-Markt \u2013 mit Kapitalma\u00dfnahmen, Aussch\u00fcttungen und umfassenden Fondsdaten aus 200 Gesellschaften.","og_url":"https:\/\/www.exchange-data.com\/de\/produkt\/fondscab\/","og_site_name":"Exchange Data International","article_modified_time":"2025-08-14T10:44:55+00:00","twitter_card":"summary_large_image","twitter_site":"@ExchangeData","twitter_misc":{"Gesch\u00e4tzte Lesezeit":"1\u00a0Minute"},"schema":{"@context":"https:\/\/schema.org","@graph":[{"@type":"WebPage","@id":"https:\/\/www.exchange-data.com\/de\/produkt\/fondscab\/","url":"https:\/\/www.exchange-data.com\/de\/produkt\/fondscab\/","name":"FundsCAB Dienstleistungen | Exchange Data International","isPartOf":{"@id":"https:\/\/www.exchange-data.com\/de\/#website"},"datePublished":"2023-03-22T13:51:37+00:00","dateModified":"2025-08-14T10:44:55+00:00","description":"FundsCAB ist die f\u00fchrende Datenplattform f\u00fcr Investmentfonds im UK-Markt \u2013 mit Kapitalma\u00dfnahmen, Aussch\u00fcttungen und umfassenden Fondsdaten aus 200 Gesellschaften.","breadcrumb":{"@id":"https:\/\/www.exchange-data.com\/de\/produkt\/fondscab\/#breadcrumb"},"inLanguage":"de","potentialAction":[{"@type":"ReadAction","target":["https:\/\/www.exchange-data.com\/de\/produkt\/fondscab\/"]}]},{"@type":"BreadcrumbList","@id":"https:\/\/www.exchange-data.com\/de\/produkt\/fondscab\/#breadcrumb","itemListElement":[{"@type":"ListItem","position":1,"name":"Home","item":"https:\/\/www.exchange-data.com\/de\/startseite\/"},{"@type":"ListItem","position":2,"name":"FundsCAB"}]},{"@type":"WebSite","@id":"https:\/\/www.exchange-data.com\/de\/#website","url":"https:\/\/www.exchange-data.com\/de\/","name":"Exchange Data International","description":"Doing data differently","publisher":{"@id":"https:\/\/www.exchange-data.com\/de\/#organization"},"potentialAction":[{"@type":"SearchAction","target":{"@type":"EntryPoint","urlTemplate":"https:\/\/www.exchange-data.com\/de\/?s={search_term_string}"},"query-input":{"@type":"PropertyValueSpecification","valueRequired":true,"valueName":"search_term_string"}}],"inLanguage":"de"},{"@type":"Organization","@id":"https:\/\/www.exchange-data.com\/de\/#organization","name":"Exchange Data International","url":"https:\/\/www.exchange-data.com\/de\/","logo":{"@type":"ImageObject","inLanguage":"de","@id":"https:\/\/www.exchange-data.com\/de\/#\/schema\/logo\/image\/","url":"https:\/\/www.exchange-data.com\/wp-content\/uploads\/2019\/03\/logo3.png","contentUrl":"https:\/\/www.exchange-data.com\/wp-content\/uploads\/2019\/03\/logo3.png","width":200,"height":80,"caption":"Exchange Data International"},"image":{"@id":"https:\/\/www.exchange-data.com\/de\/#\/schema\/logo\/image\/"},"sameAs":["https:\/\/x.com\/ExchangeData","https:\/\/www.linkedin.com\/company\/exchange-data-international\/?viewAsMember=true","https:\/\/www.youtube.com\/channel\/UC5D1OpUb22YZANRLD_Ktcgg?view_as=subscriber"]}]}},"_links":{"self":[{"href":"https:\/\/www.exchange-data.com\/de\/wp-json\/wp\/v2\/product\/35663","targetHints":{"allow":["GET"]}}],"collection":[{"href":"https:\/\/www.exchange-data.com\/de\/wp-json\/wp\/v2\/product"}],"about":[{"href":"https:\/\/www.exchange-data.com\/de\/wp-json\/wp\/v2\/types\/product"}],"wp:attachment":[{"href":"https:\/\/www.exchange-data.com\/de\/wp-json\/wp\/v2\/media?parent=35663"}],"wp:term":[{"taxonomy":"country","embeddable":true,"href":"https:\/\/www.exchange-data.com\/de\/wp-json\/wp\/v2\/country?post=35663"},{"taxonomy":"product_category","embeddable":true,"href":"https:\/\/www.exchange-data.com\/de\/wp-json\/wp\/v2\/product_category?post=35663"}],"curies":[{"name":"wp","href":"https:\/\/api.w.org\/{rel}","templated":true}]}}