{"id":35664,"date":"2023-03-07T15:12:49","date_gmt":"2023-03-07T14:12:49","guid":{"rendered":"https:\/\/www.exchange-data.com\/product\/optionen-implizierte-analytik\/"},"modified":"2025-08-07T12:09:27","modified_gmt":"2025-08-07T11:09:27","slug":"optionen-implizierte-analytik","status":"publish","type":"product","link":"https:\/\/www.exchange-data.com\/de\/produkt\/optionen-implizierte-analytik\/","title":{"rendered":"Options \u2013 Implizite Analysen"},"content":{"rendered":"<p>&nbsp;<\/p>\n<h2>Optionsanalysen gezielt nutzen<\/h2>\n<p>&nbsp;<\/p>\n<p><span style=\"font-weight: 400;\">Implizite Optionsanalysen haben sich sowohl in der Praxis als auch in der akademischen Forschung als effektives Mittel zur Performance-Steigerung f\u00fcr Aktieninvestoren erwiesen \u2013 etwa bei der Strategieentwicklung, Portfoliokonstruktion, Ein- und Ausstiegspunkten sowie dem Risikomanagement.<\/span><\/p>\n<ul>\n<li><span style=\"font-weight: 400;\">\u00dcber 5.000 US-Aktien, ADRs und ETFs<\/span><\/li>\n<li><span style=\"font-weight: 400;\">Mehr als 40 einzigartige Signale \u2013 Tendenz steigend<\/span><\/li>\n<li><span style=\"font-weight: 400;\">Frei von Survivorship Bias<\/span><\/li>\n<li><span style=\"font-weight: 400;\">Korrekte Ber\u00fccksichtigung von Dividenden, Aktiensplits und derivativen Kapitalma\u00dfnahmen<\/span><\/li>\n<li><span style=\"font-weight: 400;\">Flexible identification options for securities available<\/span><\/li>\n<\/ul>\n<h3>Vorteile der Analytics-L\u00f6sung<\/h3>\n<ul>\n<li><span style=\"font-weight: 400;\">Der einzige Anbieter mit vollst\u00e4ndigem Fokus auf implizite Optionsanalysen in einem zentralen Service<\/span><\/li>\n<li><span style=\"font-weight: 400;\">Einzigartige End-of-Day-Analysen \u2013 unabh\u00e4ngig von Handelsdesks erstellt<\/span><\/li>\n<li><span style=\"font-weight: 400;\">Hochwertige Quelldaten sorgen f\u00fcr maximale Genauigkeit und Pr\u00e4zision<\/span><\/li>\n<li><span style=\"font-weight: 400;\">Bereitstellung \u00fcber Cloud oder lokal \u2013 wahlweise als CSV oder Parquet<\/span><\/li>\n<li><span style=\"font-weight: 400;\">Historie bis 2007 \u2013 ideal f\u00fcr anspruchsvolle Modellrechnungen<\/span><\/li>\n<li><span style=\"font-weight: 400;\">Kosteneffizient: Spart Ihnen Aufwendungen f\u00fcr Optionsdaten, Analysekapazit\u00e4ten und Technologieinfrastruktur<\/span><\/li>\n<\/ul>\n","protected":false},"featured_media":0,"template":"","country":[],"product_category":[3170,3167],"class_list":["post-35664","product","type-product","status-publish","hentry","product_category-derivative-data-short-interest-data-de","product_category-produkte-und-services","no-post-thumbnail"],"acf":[],"yoast_head":"<!-- This site is optimized with the Yoast SEO Premium plugin v26.0 (Yoast SEO v26.0) - https:\/\/yoast.com\/wordpress\/plugins\/seo\/ -->\n<title>Options \u2013 Implizite Analysen | Exchange Data International<\/title>\n<meta name=\"description\" content=\"Optimieren Sie Ihre Aktienstrategien mit pr\u00e4zisen impliziten Volatilit\u00e4tsdaten. \u00dcber 5.000 US-Werte, 40+ Signale, historische Daten seit 2007 \u2013 kosteneffizient und analysestark.\" \/>\n<meta name=\"robots\" content=\"index, follow, max-snippet:-1, max-image-preview:large, max-video-preview:-1\" \/>\n<link rel=\"canonical\" href=\"https:\/\/www.exchange-data.com\/de\/produkt\/optionen-implizierte-analytik\/\" \/>\n<meta property=\"og:locale\" content=\"de_DE\" \/>\n<meta property=\"og:type\" content=\"article\" \/>\n<meta property=\"og:title\" content=\"Options \u2013 Implizite Analysen | Exchange Data International\" \/>\n<meta property=\"og:description\" content=\"Optimieren Sie Ihre Aktienstrategien mit pr\u00e4zisen impliziten Volatilit\u00e4tsdaten. \u00dcber 5.000 US-Werte, 40+ Signale, historische Daten seit 2007 \u2013 kosteneffizient und analysestark.\" \/>\n<meta property=\"og:url\" content=\"https:\/\/www.exchange-data.com\/de\/produkt\/optionen-implizierte-analytik\/\" \/>\n<meta property=\"og:site_name\" content=\"Exchange Data International\" \/>\n<meta property=\"article:modified_time\" content=\"2025-08-07T11:09:27+00:00\" \/>\n<meta name=\"twitter:card\" content=\"summary_large_image\" \/>\n<meta name=\"twitter:site\" content=\"@ExchangeData\" \/>\n<meta name=\"twitter:label1\" content=\"Gesch\u00e4tzte Lesezeit\" \/>\n\t<meta name=\"twitter:data1\" content=\"1\u00a0Minute\" \/>\n<script type=\"application\/ld+json\" class=\"yoast-schema-graph\">{\"@context\":\"https:\/\/schema.org\",\"@graph\":[{\"@type\":\"WebPage\",\"@id\":\"https:\/\/www.exchange-data.com\/de\/produkt\/optionen-implizierte-analytik\/\",\"url\":\"https:\/\/www.exchange-data.com\/de\/produkt\/optionen-implizierte-analytik\/\",\"name\":\"Options \u2013 Implizite Analysen | Exchange Data International\",\"isPartOf\":{\"@id\":\"https:\/\/www.exchange-data.com\/de\/#website\"},\"datePublished\":\"2023-03-07T14:12:49+00:00\",\"dateModified\":\"2025-08-07T11:09:27+00:00\",\"description\":\"Optimieren Sie Ihre Aktienstrategien mit pr\u00e4zisen impliziten Volatilit\u00e4tsdaten. \u00dcber 5.000 US-Werte, 40+ Signale, historische Daten seit 2007 \u2013 kosteneffizient und analysestark.\",\"breadcrumb\":{\"@id\":\"https:\/\/www.exchange-data.com\/de\/produkt\/optionen-implizierte-analytik\/#breadcrumb\"},\"inLanguage\":\"de\",\"potentialAction\":[{\"@type\":\"ReadAction\",\"target\":[\"https:\/\/www.exchange-data.com\/de\/produkt\/optionen-implizierte-analytik\/\"]}]},{\"@type\":\"BreadcrumbList\",\"@id\":\"https:\/\/www.exchange-data.com\/de\/produkt\/optionen-implizierte-analytik\/#breadcrumb\",\"itemListElement\":[{\"@type\":\"ListItem\",\"position\":1,\"name\":\"Home\",\"item\":\"https:\/\/www.exchange-data.com\/de\/startseite\/\"},{\"@type\":\"ListItem\",\"position\":2,\"name\":\"Options \u2013 Implizite Analysen\"}]},{\"@type\":\"WebSite\",\"@id\":\"https:\/\/www.exchange-data.com\/de\/#website\",\"url\":\"https:\/\/www.exchange-data.com\/de\/\",\"name\":\"Exchange Data International\",\"description\":\"Doing data differently\",\"publisher\":{\"@id\":\"https:\/\/www.exchange-data.com\/de\/#organization\"},\"potentialAction\":[{\"@type\":\"SearchAction\",\"target\":{\"@type\":\"EntryPoint\",\"urlTemplate\":\"https:\/\/www.exchange-data.com\/de\/?s={search_term_string}\"},\"query-input\":{\"@type\":\"PropertyValueSpecification\",\"valueRequired\":true,\"valueName\":\"search_term_string\"}}],\"inLanguage\":\"de\"},{\"@type\":\"Organization\",\"@id\":\"https:\/\/www.exchange-data.com\/de\/#organization\",\"name\":\"Exchange Data International\",\"url\":\"https:\/\/www.exchange-data.com\/de\/\",\"logo\":{\"@type\":\"ImageObject\",\"inLanguage\":\"de\",\"@id\":\"https:\/\/www.exchange-data.com\/de\/#\/schema\/logo\/image\/\",\"url\":\"https:\/\/www.exchange-data.com\/wp-content\/uploads\/2019\/03\/logo3.png\",\"contentUrl\":\"https:\/\/www.exchange-data.com\/wp-content\/uploads\/2019\/03\/logo3.png\",\"width\":200,\"height\":80,\"caption\":\"Exchange Data International\"},\"image\":{\"@id\":\"https:\/\/www.exchange-data.com\/de\/#\/schema\/logo\/image\/\"},\"sameAs\":[\"https:\/\/x.com\/ExchangeData\",\"https:\/\/www.linkedin.com\/company\/exchange-data-international\/?viewAsMember=true\",\"https:\/\/www.youtube.com\/channel\/UC5D1OpUb22YZANRLD_Ktcgg?view_as=subscriber\"]}]}<\/script>\n<!-- \/ Yoast SEO Premium plugin. -->","yoast_head_json":{"title":"Options \u2013 Implizite Analysen | Exchange Data International","description":"Optimieren Sie Ihre Aktienstrategien mit pr\u00e4zisen impliziten Volatilit\u00e4tsdaten. \u00dcber 5.000 US-Werte, 40+ Signale, historische Daten seit 2007 \u2013 kosteneffizient und analysestark.","robots":{"index":"index","follow":"follow","max-snippet":"max-snippet:-1","max-image-preview":"max-image-preview:large","max-video-preview":"max-video-preview:-1"},"canonical":"https:\/\/www.exchange-data.com\/de\/produkt\/optionen-implizierte-analytik\/","og_locale":"de_DE","og_type":"article","og_title":"Options \u2013 Implizite Analysen | Exchange Data International","og_description":"Optimieren Sie Ihre Aktienstrategien mit pr\u00e4zisen impliziten Volatilit\u00e4tsdaten. \u00dcber 5.000 US-Werte, 40+ Signale, historische Daten seit 2007 \u2013 kosteneffizient und analysestark.","og_url":"https:\/\/www.exchange-data.com\/de\/produkt\/optionen-implizierte-analytik\/","og_site_name":"Exchange Data International","article_modified_time":"2025-08-07T11:09:27+00:00","twitter_card":"summary_large_image","twitter_site":"@ExchangeData","twitter_misc":{"Gesch\u00e4tzte Lesezeit":"1\u00a0Minute"},"schema":{"@context":"https:\/\/schema.org","@graph":[{"@type":"WebPage","@id":"https:\/\/www.exchange-data.com\/de\/produkt\/optionen-implizierte-analytik\/","url":"https:\/\/www.exchange-data.com\/de\/produkt\/optionen-implizierte-analytik\/","name":"Options \u2013 Implizite Analysen | Exchange Data International","isPartOf":{"@id":"https:\/\/www.exchange-data.com\/de\/#website"},"datePublished":"2023-03-07T14:12:49+00:00","dateModified":"2025-08-07T11:09:27+00:00","description":"Optimieren Sie Ihre Aktienstrategien mit pr\u00e4zisen impliziten Volatilit\u00e4tsdaten. \u00dcber 5.000 US-Werte, 40+ Signale, historische Daten seit 2007 \u2013 kosteneffizient und analysestark.","breadcrumb":{"@id":"https:\/\/www.exchange-data.com\/de\/produkt\/optionen-implizierte-analytik\/#breadcrumb"},"inLanguage":"de","potentialAction":[{"@type":"ReadAction","target":["https:\/\/www.exchange-data.com\/de\/produkt\/optionen-implizierte-analytik\/"]}]},{"@type":"BreadcrumbList","@id":"https:\/\/www.exchange-data.com\/de\/produkt\/optionen-implizierte-analytik\/#breadcrumb","itemListElement":[{"@type":"ListItem","position":1,"name":"Home","item":"https:\/\/www.exchange-data.com\/de\/startseite\/"},{"@type":"ListItem","position":2,"name":"Options \u2013 Implizite Analysen"}]},{"@type":"WebSite","@id":"https:\/\/www.exchange-data.com\/de\/#website","url":"https:\/\/www.exchange-data.com\/de\/","name":"Exchange Data International","description":"Doing data differently","publisher":{"@id":"https:\/\/www.exchange-data.com\/de\/#organization"},"potentialAction":[{"@type":"SearchAction","target":{"@type":"EntryPoint","urlTemplate":"https:\/\/www.exchange-data.com\/de\/?s={search_term_string}"},"query-input":{"@type":"PropertyValueSpecification","valueRequired":true,"valueName":"search_term_string"}}],"inLanguage":"de"},{"@type":"Organization","@id":"https:\/\/www.exchange-data.com\/de\/#organization","name":"Exchange Data International","url":"https:\/\/www.exchange-data.com\/de\/","logo":{"@type":"ImageObject","inLanguage":"de","@id":"https:\/\/www.exchange-data.com\/de\/#\/schema\/logo\/image\/","url":"https:\/\/www.exchange-data.com\/wp-content\/uploads\/2019\/03\/logo3.png","contentUrl":"https:\/\/www.exchange-data.com\/wp-content\/uploads\/2019\/03\/logo3.png","width":200,"height":80,"caption":"Exchange Data International"},"image":{"@id":"https:\/\/www.exchange-data.com\/de\/#\/schema\/logo\/image\/"},"sameAs":["https:\/\/x.com\/ExchangeData","https:\/\/www.linkedin.com\/company\/exchange-data-international\/?viewAsMember=true","https:\/\/www.youtube.com\/channel\/UC5D1OpUb22YZANRLD_Ktcgg?view_as=subscriber"]}]}},"_links":{"self":[{"href":"https:\/\/www.exchange-data.com\/de\/wp-json\/wp\/v2\/product\/35664","targetHints":{"allow":["GET"]}}],"collection":[{"href":"https:\/\/www.exchange-data.com\/de\/wp-json\/wp\/v2\/product"}],"about":[{"href":"https:\/\/www.exchange-data.com\/de\/wp-json\/wp\/v2\/types\/product"}],"wp:attachment":[{"href":"https:\/\/www.exchange-data.com\/de\/wp-json\/wp\/v2\/media?parent=35664"}],"wp:term":[{"taxonomy":"country","embeddable":true,"href":"https:\/\/www.exchange-data.com\/de\/wp-json\/wp\/v2\/country?post=35664"},{"taxonomy":"product_category","embeddable":true,"href":"https:\/\/www.exchange-data.com\/de\/wp-json\/wp\/v2\/product_category?post=35664"}],"curies":[{"name":"wp","href":"https:\/\/api.w.org\/{rel}","templated":true}]}}