{"id":35665,"date":"2023-01-17T22:42:48","date_gmt":"2023-01-17T21:42:48","guid":{"rendered":"https:\/\/www.exchange-data.com\/product\/kostenloser-float-service\/"},"modified":"2025-08-14T12:13:42","modified_gmt":"2025-08-14T11:13:42","slug":"kostenloser-float-service","status":"publish","type":"product","link":"https:\/\/www.exchange-data.com\/de\/produkt\/kostenloser-float-service\/","title":{"rendered":"Free-Float-Service"},"content":{"rendered":"<p><span style=\"font-weight: 400;\">Der Free Float eines b\u00f6rsennotierten Unternehmens bezeichnet den prozentualen Anteil der Aktien, die f\u00fcr die breite Anlegerschaft frei verf\u00fcgbar und handelbar sind. Er dient als Ma\u00df f\u00fcr die tats\u00e4chliche Marktliquidit\u00e4t einer Aktie. <\/span><\/p>\n<p><span style=\"font-weight: 400;\">Die meisten Indizes ber\u00fccksichtigen den Streubesitzanteil, sodass Unternehmen nicht nach ihrer gesamten Marktkapitalisierung gewichtet werden, sondern nach dem tats\u00e4chlichen Volumen frei handelbarer Aktien.<\/span><\/p>\n<p><span style=\"font-weight: 400;\">Mit dem Company Free Float Service k\u00f6nnen Kunden einzelne Datens\u00e4tze flexibel erwerben \u2013 sofern verf\u00fcgbar, auch mit historischen Daten im Jahrespaket.<\/span><\/p>\n<h2>Methodik<\/h2>\n<p><span style=\"font-weight: 400;\">Falls eine B\u00f6rse keine eigene Methodik f\u00fcr den Streubesitz ver\u00f6ffentlicht oder nur f\u00fcr ausgew\u00e4hlte Titel Angaben macht, greift EDI auf eine eigene Berechnung zur\u00fcck: Dabei werden Anteile bedeutender, kontrollierender oder ma\u00dfgeblicher Aktion\u00e4re (je nach Markt unterschiedlich definiert) vom Gesamtbestand ausgegebener Aktien abgezogen.<\/span><\/p>\n<p><span style=\"font-weight: 400;\">Erg\u00e4nzend zum <a href=\"https:\/\/www.exchange-data.com\/de\/product\/weltweit-ausstehende-aktien\/\">Share Outstanding Service<\/a> bietet EDI nun Streubesitzdaten f\u00fcr \u00fcber 170 B\u00f6rsen weltweit an. Der Abdeckungsumfang wird regelm\u00e4\u00dfig \u00fcberpr\u00fcft und aktualisiert. <\/span><\/p>\n<p><span style=\"font-weight: 400;\">F\u00fcr jedes Land liefert EDI eine marktspezifische Definition von \u201eFree Floating Shares\u201c.<\/span><\/p>\n<p><span style=\"font-weight: 400;\">Die gelieferten Daten enthalten alle verf\u00fcgbaren Detailinformationen wie ISIN und Emittentenname \u2013 f\u00fcr eine eindeutige Identifikation jedes Wertpapiers.<\/span><\/p>\n","protected":false},"featured_media":0,"template":"","country":[],"product_category":[3167,3175],"class_list":["post-35665","product","type-product","status-publish","hentry","product_category-produkte-und-services","product_category-spezialisierte-angebote-de","no-post-thumbnail"],"acf":[],"yoast_head":"<!-- This site is optimized with the Yoast SEO Premium plugin v26.0 (Yoast SEO v26.0) - https:\/\/yoast.com\/wordpress\/plugins\/seo\/ -->\n<title>Free-Float-Service | Exchange Data International<\/title>\n<meta name=\"description\" content=\"Greifen Sie auf pr\u00e4zise Streubesitzdaten zu \u2013 mit marktgerechter Methodik und detaillierten Angaben f\u00fcr \u00fcber 170 B\u00f6rsen weltweit. Ideal f\u00fcr Indexanbieter &amp; Investoren.\" \/>\n<meta name=\"robots\" content=\"index, follow, max-snippet:-1, max-image-preview:large, max-video-preview:-1\" \/>\n<link rel=\"canonical\" href=\"https:\/\/www.exchange-data.com\/de\/produkt\/kostenloser-float-service\/\" \/>\n<meta property=\"og:locale\" content=\"de_DE\" \/>\n<meta property=\"og:type\" content=\"article\" \/>\n<meta property=\"og:title\" content=\"Free-Float-Service | Exchange Data International\" \/>\n<meta property=\"og:description\" content=\"Greifen Sie auf pr\u00e4zise Streubesitzdaten zu \u2013 mit marktgerechter Methodik und detaillierten Angaben f\u00fcr \u00fcber 170 B\u00f6rsen weltweit. Ideal f\u00fcr Indexanbieter &amp; Investoren.\" \/>\n<meta property=\"og:url\" content=\"https:\/\/www.exchange-data.com\/de\/produkt\/kostenloser-float-service\/\" \/>\n<meta property=\"og:site_name\" content=\"Exchange Data International\" \/>\n<meta property=\"article:modified_time\" content=\"2025-08-14T11:13:42+00:00\" \/>\n<meta name=\"twitter:card\" content=\"summary_large_image\" \/>\n<meta name=\"twitter:site\" content=\"@ExchangeData\" \/>\n<meta name=\"twitter:label1\" content=\"Gesch\u00e4tzte Lesezeit\" \/>\n\t<meta name=\"twitter:data1\" content=\"1\u00a0Minute\" \/>\n<script type=\"application\/ld+json\" class=\"yoast-schema-graph\">{\"@context\":\"https:\/\/schema.org\",\"@graph\":[{\"@type\":\"WebPage\",\"@id\":\"https:\/\/www.exchange-data.com\/de\/produkt\/kostenloser-float-service\/\",\"url\":\"https:\/\/www.exchange-data.com\/de\/produkt\/kostenloser-float-service\/\",\"name\":\"Free-Float-Service | Exchange Data International\",\"isPartOf\":{\"@id\":\"https:\/\/www.exchange-data.com\/de\/#website\"},\"datePublished\":\"2023-01-17T21:42:48+00:00\",\"dateModified\":\"2025-08-14T11:13:42+00:00\",\"description\":\"Greifen Sie auf pr\u00e4zise Streubesitzdaten zu \u2013 mit marktgerechter Methodik und detaillierten Angaben f\u00fcr \u00fcber 170 B\u00f6rsen weltweit. Ideal f\u00fcr Indexanbieter & Investoren.\",\"breadcrumb\":{\"@id\":\"https:\/\/www.exchange-data.com\/de\/produkt\/kostenloser-float-service\/#breadcrumb\"},\"inLanguage\":\"de\",\"potentialAction\":[{\"@type\":\"ReadAction\",\"target\":[\"https:\/\/www.exchange-data.com\/de\/produkt\/kostenloser-float-service\/\"]}]},{\"@type\":\"BreadcrumbList\",\"@id\":\"https:\/\/www.exchange-data.com\/de\/produkt\/kostenloser-float-service\/#breadcrumb\",\"itemListElement\":[{\"@type\":\"ListItem\",\"position\":1,\"name\":\"Home\",\"item\":\"https:\/\/www.exchange-data.com\/de\/startseite\/\"},{\"@type\":\"ListItem\",\"position\":2,\"name\":\"Free-Float-Service\"}]},{\"@type\":\"WebSite\",\"@id\":\"https:\/\/www.exchange-data.com\/de\/#website\",\"url\":\"https:\/\/www.exchange-data.com\/de\/\",\"name\":\"Exchange Data International\",\"description\":\"Doing data differently\",\"publisher\":{\"@id\":\"https:\/\/www.exchange-data.com\/de\/#organization\"},\"potentialAction\":[{\"@type\":\"SearchAction\",\"target\":{\"@type\":\"EntryPoint\",\"urlTemplate\":\"https:\/\/www.exchange-data.com\/de\/?s={search_term_string}\"},\"query-input\":{\"@type\":\"PropertyValueSpecification\",\"valueRequired\":true,\"valueName\":\"search_term_string\"}}],\"inLanguage\":\"de\"},{\"@type\":\"Organization\",\"@id\":\"https:\/\/www.exchange-data.com\/de\/#organization\",\"name\":\"Exchange Data International\",\"url\":\"https:\/\/www.exchange-data.com\/de\/\",\"logo\":{\"@type\":\"ImageObject\",\"inLanguage\":\"de\",\"@id\":\"https:\/\/www.exchange-data.com\/de\/#\/schema\/logo\/image\/\",\"url\":\"https:\/\/www.exchange-data.com\/wp-content\/uploads\/2019\/03\/logo3.png\",\"contentUrl\":\"https:\/\/www.exchange-data.com\/wp-content\/uploads\/2019\/03\/logo3.png\",\"width\":200,\"height\":80,\"caption\":\"Exchange Data International\"},\"image\":{\"@id\":\"https:\/\/www.exchange-data.com\/de\/#\/schema\/logo\/image\/\"},\"sameAs\":[\"https:\/\/x.com\/ExchangeData\",\"https:\/\/www.linkedin.com\/company\/exchange-data-international\/?viewAsMember=true\",\"https:\/\/www.youtube.com\/channel\/UC5D1OpUb22YZANRLD_Ktcgg?view_as=subscriber\"]}]}<\/script>\n<!-- \/ Yoast SEO Premium plugin. -->","yoast_head_json":{"title":"Free-Float-Service | Exchange Data International","description":"Greifen Sie auf pr\u00e4zise Streubesitzdaten zu \u2013 mit marktgerechter Methodik und detaillierten Angaben f\u00fcr \u00fcber 170 B\u00f6rsen weltweit. Ideal f\u00fcr Indexanbieter & Investoren.","robots":{"index":"index","follow":"follow","max-snippet":"max-snippet:-1","max-image-preview":"max-image-preview:large","max-video-preview":"max-video-preview:-1"},"canonical":"https:\/\/www.exchange-data.com\/de\/produkt\/kostenloser-float-service\/","og_locale":"de_DE","og_type":"article","og_title":"Free-Float-Service | Exchange Data International","og_description":"Greifen Sie auf pr\u00e4zise Streubesitzdaten zu \u2013 mit marktgerechter Methodik und detaillierten Angaben f\u00fcr \u00fcber 170 B\u00f6rsen weltweit. Ideal f\u00fcr Indexanbieter & Investoren.","og_url":"https:\/\/www.exchange-data.com\/de\/produkt\/kostenloser-float-service\/","og_site_name":"Exchange Data International","article_modified_time":"2025-08-14T11:13:42+00:00","twitter_card":"summary_large_image","twitter_site":"@ExchangeData","twitter_misc":{"Gesch\u00e4tzte Lesezeit":"1\u00a0Minute"},"schema":{"@context":"https:\/\/schema.org","@graph":[{"@type":"WebPage","@id":"https:\/\/www.exchange-data.com\/de\/produkt\/kostenloser-float-service\/","url":"https:\/\/www.exchange-data.com\/de\/produkt\/kostenloser-float-service\/","name":"Free-Float-Service | Exchange Data International","isPartOf":{"@id":"https:\/\/www.exchange-data.com\/de\/#website"},"datePublished":"2023-01-17T21:42:48+00:00","dateModified":"2025-08-14T11:13:42+00:00","description":"Greifen Sie auf pr\u00e4zise Streubesitzdaten zu \u2013 mit marktgerechter Methodik und detaillierten Angaben f\u00fcr \u00fcber 170 B\u00f6rsen weltweit. Ideal f\u00fcr Indexanbieter & Investoren.","breadcrumb":{"@id":"https:\/\/www.exchange-data.com\/de\/produkt\/kostenloser-float-service\/#breadcrumb"},"inLanguage":"de","potentialAction":[{"@type":"ReadAction","target":["https:\/\/www.exchange-data.com\/de\/produkt\/kostenloser-float-service\/"]}]},{"@type":"BreadcrumbList","@id":"https:\/\/www.exchange-data.com\/de\/produkt\/kostenloser-float-service\/#breadcrumb","itemListElement":[{"@type":"ListItem","position":1,"name":"Home","item":"https:\/\/www.exchange-data.com\/de\/startseite\/"},{"@type":"ListItem","position":2,"name":"Free-Float-Service"}]},{"@type":"WebSite","@id":"https:\/\/www.exchange-data.com\/de\/#website","url":"https:\/\/www.exchange-data.com\/de\/","name":"Exchange Data International","description":"Doing data differently","publisher":{"@id":"https:\/\/www.exchange-data.com\/de\/#organization"},"potentialAction":[{"@type":"SearchAction","target":{"@type":"EntryPoint","urlTemplate":"https:\/\/www.exchange-data.com\/de\/?s={search_term_string}"},"query-input":{"@type":"PropertyValueSpecification","valueRequired":true,"valueName":"search_term_string"}}],"inLanguage":"de"},{"@type":"Organization","@id":"https:\/\/www.exchange-data.com\/de\/#organization","name":"Exchange Data International","url":"https:\/\/www.exchange-data.com\/de\/","logo":{"@type":"ImageObject","inLanguage":"de","@id":"https:\/\/www.exchange-data.com\/de\/#\/schema\/logo\/image\/","url":"https:\/\/www.exchange-data.com\/wp-content\/uploads\/2019\/03\/logo3.png","contentUrl":"https:\/\/www.exchange-data.com\/wp-content\/uploads\/2019\/03\/logo3.png","width":200,"height":80,"caption":"Exchange Data International"},"image":{"@id":"https:\/\/www.exchange-data.com\/de\/#\/schema\/logo\/image\/"},"sameAs":["https:\/\/x.com\/ExchangeData","https:\/\/www.linkedin.com\/company\/exchange-data-international\/?viewAsMember=true","https:\/\/www.youtube.com\/channel\/UC5D1OpUb22YZANRLD_Ktcgg?view_as=subscriber"]}]}},"_links":{"self":[{"href":"https:\/\/www.exchange-data.com\/de\/wp-json\/wp\/v2\/product\/35665","targetHints":{"allow":["GET"]}}],"collection":[{"href":"https:\/\/www.exchange-data.com\/de\/wp-json\/wp\/v2\/product"}],"about":[{"href":"https:\/\/www.exchange-data.com\/de\/wp-json\/wp\/v2\/types\/product"}],"wp:attachment":[{"href":"https:\/\/www.exchange-data.com\/de\/wp-json\/wp\/v2\/media?parent=35665"}],"wp:term":[{"taxonomy":"country","embeddable":true,"href":"https:\/\/www.exchange-data.com\/de\/wp-json\/wp\/v2\/country?post=35665"},{"taxonomy":"product_category","embeddable":true,"href":"https:\/\/www.exchange-data.com\/de\/wp-json\/wp\/v2\/product_category?post=35665"}],"curies":[{"name":"wp","href":"https:\/\/api.w.org\/{rel}","templated":true}]}}