{"id":35666,"date":"2023-01-17T22:10:03","date_gmt":"2023-01-17T21:10:03","guid":{"rendered":"https:\/\/www.exchange-data.com\/product\/handelszeiten-fuer-derivate\/"},"modified":"2025-08-29T11:42:14","modified_gmt":"2025-08-29T10:42:14","slug":"handelszeiten-fuer-derivate","status":"publish","type":"product","link":"https:\/\/www.exchange-data.com\/de\/produkt\/handelszeiten-fuer-derivate\/","title":{"rendered":"Handelszeiten f\u00fcr Derivate"},"content":{"rendered":"<p>&nbsp;<\/p>\n<h2>Zuverl\u00e4ssige und aktuelle Informationen zu Handelszeiten, Nicht-Handelstagen sowie zu Abwicklungsdetails.<\/h2>\n<p>&nbsp;<\/p>\n<p><span style=\"font-weight: 400;\">Der Service \u201eHandelszeiten f\u00fcr Derivate\u201c (Derivatives Trading Hours, DTH) bietet umfassende Informationen zu allen wichtigen Terminen rund um Handel, Lieferung und Abwicklung von Kontrakten \u2013 inklusive Pre-Open-, Er\u00f6ffnungs-, Schluss- und Abwicklungszeiten.<\/span><\/p>\n<h3>Produktabdeckung<\/h3>\n<ul>\n<li><span style=\"font-weight: 400;\">Futures und Optionen<\/span><\/li>\n<\/ul>\n<p>&nbsp;<\/p>\n<h3>Arten von Derivaten<\/h3>\n<ul>\n<li><span style=\"font-weight: 400;\">Rohstoffderivate<\/span><\/li>\n<li><span style=\"font-weight: 400;\">Aktienderivate<\/span><\/li>\n<li><span style=\"font-weight: 400;\">W\u00e4hrungsderivate<\/span><\/li>\n<li><span style=\"font-weight: 400;\">Zinsderivate<\/span><\/li>\n<\/ul>\n<p><span style=\"font-weight: 400;\"><strong>Rohstoffderivate: <\/strong>Vertr\u00e4ge \u00fcber den Kauf oder Verkauf von Rohstoffen zu einem festgelegten Preis mit Lieferung zu einem definierten Termin. Abgedeckte Rohstoffe sind unter anderem Energieprodukte, Agrarprodukte, Soft Commodities und Metalle. <\/span><\/p>\n<p><span style=\"font-weight: 400;\"><strong>Aktienderivate: <\/strong>Finanzprodukte, deren Wert sich zumindest teilweise von einem oder mehreren Aktienwerten ableitet. Dazu z\u00e4hlen Futures und Optionen auf Indizes oder Dividenden. Sie geh\u00f6ren zu den am h\u00e4ufigsten gehandelten Derivaten.  <\/span><\/p>\n<p><span style=\"font-weight: 400;\"><strong>W\u00e4hrungsderivate:<\/strong> Vertr\u00e4ge zwischen zwei Parteien zur Lieferung eines bestimmten W\u00e4hrungsbetrags zu einem festgelegten Termin (Verfallstag). H\u00e4ufig erfolgt die Abwicklung in bar auf Basis eines Indexpreises oder anderer g\u00e4ngiger Preisreferenzen. <\/span><\/p>\n<p><span style=\"font-weight: 400;\"><strong>Zinsderivate: <\/strong>Futures und Optionen, deren Basiswert sich auf Zinss\u00e4tze bezieht \u2013 etwa kurzfristige Zinsindizes, festverzinsliche Instrumente oder Zins-Swaps.<\/span><\/p>\n<h4>Produktbeschreibung<\/h4>\n<ul>\n<li><span style=\"font-weight: 400;\">B\u00f6rsen &amp; Handelspl\u00e4tze \u2013 42 L\u00e4nder, 60 Datenfelder, 123 erfasste B\u00f6rsen und Handelspl\u00e4tze.<\/span><\/li>\n<\/ul>\n","protected":false},"featured_media":0,"template":"","country":[],"product_category":[3170,3167],"class_list":["post-35666","product","type-product","status-publish","hentry","product_category-derivative-data-short-interest-data-de","product_category-produkte-und-services","no-post-thumbnail"],"acf":[],"yoast_head":"<!-- This site is optimized with the Yoast SEO Premium plugin v26.0 (Yoast SEO v26.0) - https:\/\/yoast.com\/wordpress\/plugins\/seo\/ -->\n<title>Handelszeiten f\u00fcr Derivate | Exchange Data International<\/title>\n<meta name=\"description\" content=\"Erhalten Sie genaue Informationen zu Handelszeiten, Abwicklung und Terminen f\u00fcr Kapitalma\u00dfnahmen f\u00fcr Futures und Optionen an 123 B\u00f6rsen weltweit.\" \/>\n<meta name=\"robots\" content=\"index, follow, max-snippet:-1, max-image-preview:large, max-video-preview:-1\" \/>\n<link rel=\"canonical\" href=\"https:\/\/www.exchange-data.com\/de\/produkt\/handelszeiten-fuer-derivate\/\" \/>\n<meta property=\"og:locale\" content=\"de_DE\" \/>\n<meta property=\"og:type\" content=\"article\" \/>\n<meta property=\"og:title\" content=\"Handelszeiten f\u00fcr Derivate | Exchange Data International\" \/>\n<meta property=\"og:description\" content=\"Erhalten Sie genaue Informationen zu Handelszeiten, Abwicklung und Terminen f\u00fcr Kapitalma\u00dfnahmen f\u00fcr Futures und Optionen an 123 B\u00f6rsen weltweit.\" \/>\n<meta property=\"og:url\" content=\"https:\/\/www.exchange-data.com\/de\/produkt\/handelszeiten-fuer-derivate\/\" \/>\n<meta property=\"og:site_name\" content=\"Exchange Data International\" \/>\n<meta property=\"article:modified_time\" content=\"2025-08-29T10:42:14+00:00\" \/>\n<meta name=\"twitter:card\" content=\"summary_large_image\" \/>\n<meta name=\"twitter:site\" content=\"@ExchangeData\" \/>\n<meta name=\"twitter:label1\" content=\"Gesch\u00e4tzte Lesezeit\" \/>\n\t<meta name=\"twitter:data1\" content=\"1\u00a0Minute\" \/>\n<script type=\"application\/ld+json\" class=\"yoast-schema-graph\">{\"@context\":\"https:\/\/schema.org\",\"@graph\":[{\"@type\":\"WebPage\",\"@id\":\"https:\/\/www.exchange-data.com\/de\/produkt\/handelszeiten-fuer-derivate\/\",\"url\":\"https:\/\/www.exchange-data.com\/de\/produkt\/handelszeiten-fuer-derivate\/\",\"name\":\"Handelszeiten f\u00fcr Derivate | Exchange Data International\",\"isPartOf\":{\"@id\":\"https:\/\/www.exchange-data.com\/de\/#website\"},\"datePublished\":\"2023-01-17T21:10:03+00:00\",\"dateModified\":\"2025-08-29T10:42:14+00:00\",\"description\":\"Erhalten Sie genaue Informationen zu Handelszeiten, Abwicklung und Terminen f\u00fcr Kapitalma\u00dfnahmen f\u00fcr Futures und Optionen an 123 B\u00f6rsen weltweit.\",\"breadcrumb\":{\"@id\":\"https:\/\/www.exchange-data.com\/de\/produkt\/handelszeiten-fuer-derivate\/#breadcrumb\"},\"inLanguage\":\"de\",\"potentialAction\":[{\"@type\":\"ReadAction\",\"target\":[\"https:\/\/www.exchange-data.com\/de\/produkt\/handelszeiten-fuer-derivate\/\"]}]},{\"@type\":\"BreadcrumbList\",\"@id\":\"https:\/\/www.exchange-data.com\/de\/produkt\/handelszeiten-fuer-derivate\/#breadcrumb\",\"itemListElement\":[{\"@type\":\"ListItem\",\"position\":1,\"name\":\"Home\",\"item\":\"https:\/\/www.exchange-data.com\/de\/startseite\/\"},{\"@type\":\"ListItem\",\"position\":2,\"name\":\"Handelszeiten f\u00fcr Derivate\"}]},{\"@type\":\"WebSite\",\"@id\":\"https:\/\/www.exchange-data.com\/de\/#website\",\"url\":\"https:\/\/www.exchange-data.com\/de\/\",\"name\":\"Exchange Data International\",\"description\":\"Doing data differently\",\"publisher\":{\"@id\":\"https:\/\/www.exchange-data.com\/de\/#organization\"},\"potentialAction\":[{\"@type\":\"SearchAction\",\"target\":{\"@type\":\"EntryPoint\",\"urlTemplate\":\"https:\/\/www.exchange-data.com\/de\/?s={search_term_string}\"},\"query-input\":{\"@type\":\"PropertyValueSpecification\",\"valueRequired\":true,\"valueName\":\"search_term_string\"}}],\"inLanguage\":\"de\"},{\"@type\":\"Organization\",\"@id\":\"https:\/\/www.exchange-data.com\/de\/#organization\",\"name\":\"Exchange Data International\",\"url\":\"https:\/\/www.exchange-data.com\/de\/\",\"logo\":{\"@type\":\"ImageObject\",\"inLanguage\":\"de\",\"@id\":\"https:\/\/www.exchange-data.com\/de\/#\/schema\/logo\/image\/\",\"url\":\"https:\/\/www.exchange-data.com\/wp-content\/uploads\/2019\/03\/logo3.png\",\"contentUrl\":\"https:\/\/www.exchange-data.com\/wp-content\/uploads\/2019\/03\/logo3.png\",\"width\":200,\"height\":80,\"caption\":\"Exchange Data International\"},\"image\":{\"@id\":\"https:\/\/www.exchange-data.com\/de\/#\/schema\/logo\/image\/\"},\"sameAs\":[\"https:\/\/x.com\/ExchangeData\",\"https:\/\/www.linkedin.com\/company\/exchange-data-international\/?viewAsMember=true\",\"https:\/\/www.youtube.com\/channel\/UC5D1OpUb22YZANRLD_Ktcgg?view_as=subscriber\"]}]}<\/script>\n<!-- \/ Yoast SEO Premium plugin. -->","yoast_head_json":{"title":"Handelszeiten f\u00fcr Derivate | Exchange Data International","description":"Erhalten Sie genaue Informationen zu Handelszeiten, Abwicklung und Terminen f\u00fcr Kapitalma\u00dfnahmen f\u00fcr Futures und Optionen an 123 B\u00f6rsen weltweit.","robots":{"index":"index","follow":"follow","max-snippet":"max-snippet:-1","max-image-preview":"max-image-preview:large","max-video-preview":"max-video-preview:-1"},"canonical":"https:\/\/www.exchange-data.com\/de\/produkt\/handelszeiten-fuer-derivate\/","og_locale":"de_DE","og_type":"article","og_title":"Handelszeiten f\u00fcr Derivate | Exchange Data International","og_description":"Erhalten Sie genaue Informationen zu Handelszeiten, Abwicklung und Terminen f\u00fcr Kapitalma\u00dfnahmen f\u00fcr Futures und Optionen an 123 B\u00f6rsen weltweit.","og_url":"https:\/\/www.exchange-data.com\/de\/produkt\/handelszeiten-fuer-derivate\/","og_site_name":"Exchange Data International","article_modified_time":"2025-08-29T10:42:14+00:00","twitter_card":"summary_large_image","twitter_site":"@ExchangeData","twitter_misc":{"Gesch\u00e4tzte Lesezeit":"1\u00a0Minute"},"schema":{"@context":"https:\/\/schema.org","@graph":[{"@type":"WebPage","@id":"https:\/\/www.exchange-data.com\/de\/produkt\/handelszeiten-fuer-derivate\/","url":"https:\/\/www.exchange-data.com\/de\/produkt\/handelszeiten-fuer-derivate\/","name":"Handelszeiten f\u00fcr Derivate | Exchange Data International","isPartOf":{"@id":"https:\/\/www.exchange-data.com\/de\/#website"},"datePublished":"2023-01-17T21:10:03+00:00","dateModified":"2025-08-29T10:42:14+00:00","description":"Erhalten Sie genaue Informationen zu Handelszeiten, Abwicklung und Terminen f\u00fcr Kapitalma\u00dfnahmen f\u00fcr Futures und Optionen an 123 B\u00f6rsen weltweit.","breadcrumb":{"@id":"https:\/\/www.exchange-data.com\/de\/produkt\/handelszeiten-fuer-derivate\/#breadcrumb"},"inLanguage":"de","potentialAction":[{"@type":"ReadAction","target":["https:\/\/www.exchange-data.com\/de\/produkt\/handelszeiten-fuer-derivate\/"]}]},{"@type":"BreadcrumbList","@id":"https:\/\/www.exchange-data.com\/de\/produkt\/handelszeiten-fuer-derivate\/#breadcrumb","itemListElement":[{"@type":"ListItem","position":1,"name":"Home","item":"https:\/\/www.exchange-data.com\/de\/startseite\/"},{"@type":"ListItem","position":2,"name":"Handelszeiten f\u00fcr Derivate"}]},{"@type":"WebSite","@id":"https:\/\/www.exchange-data.com\/de\/#website","url":"https:\/\/www.exchange-data.com\/de\/","name":"Exchange Data International","description":"Doing data differently","publisher":{"@id":"https:\/\/www.exchange-data.com\/de\/#organization"},"potentialAction":[{"@type":"SearchAction","target":{"@type":"EntryPoint","urlTemplate":"https:\/\/www.exchange-data.com\/de\/?s={search_term_string}"},"query-input":{"@type":"PropertyValueSpecification","valueRequired":true,"valueName":"search_term_string"}}],"inLanguage":"de"},{"@type":"Organization","@id":"https:\/\/www.exchange-data.com\/de\/#organization","name":"Exchange Data International","url":"https:\/\/www.exchange-data.com\/de\/","logo":{"@type":"ImageObject","inLanguage":"de","@id":"https:\/\/www.exchange-data.com\/de\/#\/schema\/logo\/image\/","url":"https:\/\/www.exchange-data.com\/wp-content\/uploads\/2019\/03\/logo3.png","contentUrl":"https:\/\/www.exchange-data.com\/wp-content\/uploads\/2019\/03\/logo3.png","width":200,"height":80,"caption":"Exchange Data International"},"image":{"@id":"https:\/\/www.exchange-data.com\/de\/#\/schema\/logo\/image\/"},"sameAs":["https:\/\/x.com\/ExchangeData","https:\/\/www.linkedin.com\/company\/exchange-data-international\/?viewAsMember=true","https:\/\/www.youtube.com\/channel\/UC5D1OpUb22YZANRLD_Ktcgg?view_as=subscriber"]}]}},"_links":{"self":[{"href":"https:\/\/www.exchange-data.com\/de\/wp-json\/wp\/v2\/product\/35666","targetHints":{"allow":["GET"]}}],"collection":[{"href":"https:\/\/www.exchange-data.com\/de\/wp-json\/wp\/v2\/product"}],"about":[{"href":"https:\/\/www.exchange-data.com\/de\/wp-json\/wp\/v2\/types\/product"}],"wp:attachment":[{"href":"https:\/\/www.exchange-data.com\/de\/wp-json\/wp\/v2\/media?parent=35666"}],"wp:term":[{"taxonomy":"country","embeddable":true,"href":"https:\/\/www.exchange-data.com\/de\/wp-json\/wp\/v2\/country?post=35666"},{"taxonomy":"product_category","embeddable":true,"href":"https:\/\/www.exchange-data.com\/de\/wp-json\/wp\/v2\/product_category?post=35666"}],"curies":[{"name":"wp","href":"https:\/\/api.w.org\/{rel}","templated":true}]}}