{"id":35667,"date":"2023-01-04T15:41:49","date_gmt":"2023-01-04T14:41:49","guid":{"rendered":"https:\/\/www.exchange-data.com\/product\/vorhersage-geopolitischer-risiken\/"},"modified":"2025-08-14T10:56:03","modified_gmt":"2025-08-14T09:56:03","slug":"vorhersage-geopolitischer-risiken","status":"publish","type":"product","link":"https:\/\/www.exchange-data.com\/de\/produkt\/vorhersage-geopolitischer-risiken\/","title":{"rendered":"Geopolitische Risiko-Prognosen"},"content":{"rendered":"<p>&nbsp;<\/p>\n<h2>Der ICRG als bew\u00e4hrtes Fr\u00fchwarnsystem<\/h2>\n<p>&nbsp;<\/p>\n<p><span style=\"font-weight: 400;\">Der International Country Risk Guide (ICRG) ist die weltweit f\u00fchrende, quantenbasierte Daten- und Prognosereihe zur Prognose geopolitischer Risiken. Er deckt \u00fcber 141 entwickelte, aufstrebende und Frontier-M\u00e4rkte sowie Offshore-Finanzzentren ab. <\/span><\/p>\n<p><span style=\"font-weight: 400;\">Die Serie nutzt gewichtete Kennzahlen zur Bewertung, Skalierung und Einstufung von L\u00e4ndern hinsichtlich politischer, wirtschaftlicher und finanzieller Risiken. Die Gesamtscores basieren auf dem Benchmarking von 32 Risikotypen, die ICRG f\u00fcr jedes Land analysiert. <\/span><\/p>\n<p><span style=\"font-weight: 400;\">Die Methodik kombiniert politische und finanzielle Risikofaktoren wie BIP-Wachstum, Inflation, Haushalts\u00fcbersch\u00fcsse\/-defizite, Auslandsverschuldung, Liquidit\u00e4t und Wechselkursstabilit\u00e4t.<\/span><\/p>\n<p>&nbsp;<\/p>\n<h3>Wesentliche Merkmale:<\/h3>\n<p>&nbsp;<\/p>\n<ul>\n<li><span style=\"font-weight: 400;\">Risikodaten von 1984 bis heute<\/span><\/li>\n<li><span style=\"font-weight: 400;\">141 L\u00e4nder abgedeckt<\/span><\/li>\n<li><span style=\"font-weight: 400;\">Monatliche Updates<\/span><\/li>\n<li><span style=\"font-weight: 400;\">Hohe Prognosekraft zuk\u00fcnftiger Risikoereignisse<\/span><\/li>\n<li><span style=\"font-weight: 400;\">Unabh\u00e4ngige Backtests zur Validierung der Genauigkeit<\/span><\/li>\n<li><span style=\"font-weight: 400;\">Statistische Szenarien mit 5-Jahres-Horizont<\/span><\/li>\n<li><span style=\"font-weight: 400;\">\u00dcber 2 Millionen Risikodatenpunkte (j\u00e4hrlich kommen ca. 100.000 hinzu)<\/span><\/li>\n<li><span style=\"font-weight: 400;\">Entscheidungsgrundlage f\u00fcr Handelsstrategien<\/span><\/li>\n<li><span style=\"font-weight: 400;\">Allokation von L\u00e4nderrisiken auf Basis von Aktienmarktrenditen<\/span><\/li>\n<li><span style=\"font-weight: 400;\">Inklusive Korruptionsbewertungen von Transparency International (TI)<\/span><\/li>\n<\/ul>\n<p><span style=\"font-weight: 400;\">Die monatlichen Updates enthalten detaillierte L\u00e4nderanalysen und Risikobewertungen. Die statistischen Tabellen von ICRG weisen den \u00fcber 30 Indikatoren des gesch\u00e4ftsorientierten PRS-Risikomodells konkrete Werte zu \u2013 insbesondere zu Risiken wie W\u00e4hrungsabwertung, politischer F\u00fchrung, milit\u00e4rischen Bedrohungen und Korruption. <\/span><\/p>\n<p>&nbsp;<\/p>\n<h4>Datenbasierte<\/h4>\n<p>&nbsp;<\/p>\n<p><span style=\"font-weight: 400;\">Dieses datenbasierte Tool ist ein unverzichtbarer Bestandteil jeder professionellen Prognose geopolitischer Risiken.<\/span><\/p>\n","protected":false},"featured_media":0,"template":"","country":[],"product_category":[3167,3168],"class_list":["post-35667","product","type-product","status-publish","hentry","product_category-produkte-und-services","product_category-economic-data-edi-de","no-post-thumbnail"],"acf":[],"yoast_head":"<!-- This site is optimized with the Yoast SEO Premium plugin v26.0 (Yoast SEO v26.0) - https:\/\/yoast.com\/wordpress\/plugins\/seo\/ -->\n<title>Geopolitische Risiko-Prognosen | Exchange Data International<\/title>\n<meta name=\"description\" content=\"Nutzen Sie ICRG f\u00fcr die pr\u00e4zise Prognose geopolitischer Risiken in 141 L\u00e4ndern \u2013 mit \u00fcber 2 Mio. Datenpunkten, monatlichen Updates und validierten Risikomodellen.\" \/>\n<meta name=\"robots\" content=\"index, follow, max-snippet:-1, max-image-preview:large, max-video-preview:-1\" \/>\n<link rel=\"canonical\" href=\"https:\/\/www.exchange-data.com\/de\/produkt\/vorhersage-geopolitischer-risiken\/\" \/>\n<meta property=\"og:locale\" content=\"de_DE\" \/>\n<meta property=\"og:type\" content=\"article\" \/>\n<meta property=\"og:title\" content=\"Geopolitische Risiko-Prognosen | Exchange Data International\" \/>\n<meta property=\"og:description\" content=\"Nutzen Sie ICRG f\u00fcr die pr\u00e4zise Prognose geopolitischer Risiken in 141 L\u00e4ndern \u2013 mit \u00fcber 2 Mio. Datenpunkten, monatlichen Updates und validierten Risikomodellen.\" \/>\n<meta property=\"og:url\" content=\"https:\/\/www.exchange-data.com\/de\/produkt\/vorhersage-geopolitischer-risiken\/\" \/>\n<meta property=\"og:site_name\" content=\"Exchange Data International\" \/>\n<meta property=\"article:modified_time\" content=\"2025-08-14T09:56:03+00:00\" \/>\n<meta name=\"twitter:card\" content=\"summary_large_image\" \/>\n<meta name=\"twitter:site\" content=\"@ExchangeData\" \/>\n<meta name=\"twitter:label1\" content=\"Gesch\u00e4tzte Lesezeit\" \/>\n\t<meta name=\"twitter:data1\" content=\"1\u00a0Minute\" \/>\n<script type=\"application\/ld+json\" class=\"yoast-schema-graph\">{\"@context\":\"https:\/\/schema.org\",\"@graph\":[{\"@type\":\"WebPage\",\"@id\":\"https:\/\/www.exchange-data.com\/de\/produkt\/vorhersage-geopolitischer-risiken\/\",\"url\":\"https:\/\/www.exchange-data.com\/de\/produkt\/vorhersage-geopolitischer-risiken\/\",\"name\":\"Geopolitische Risiko-Prognosen | Exchange Data International\",\"isPartOf\":{\"@id\":\"https:\/\/www.exchange-data.com\/de\/#website\"},\"datePublished\":\"2023-01-04T14:41:49+00:00\",\"dateModified\":\"2025-08-14T09:56:03+00:00\",\"description\":\"Nutzen Sie ICRG f\u00fcr die pr\u00e4zise Prognose geopolitischer Risiken in 141 L\u00e4ndern \u2013 mit \u00fcber 2 Mio. Datenpunkten, monatlichen Updates und validierten Risikomodellen.\",\"breadcrumb\":{\"@id\":\"https:\/\/www.exchange-data.com\/de\/produkt\/vorhersage-geopolitischer-risiken\/#breadcrumb\"},\"inLanguage\":\"de\",\"potentialAction\":[{\"@type\":\"ReadAction\",\"target\":[\"https:\/\/www.exchange-data.com\/de\/produkt\/vorhersage-geopolitischer-risiken\/\"]}]},{\"@type\":\"BreadcrumbList\",\"@id\":\"https:\/\/www.exchange-data.com\/de\/produkt\/vorhersage-geopolitischer-risiken\/#breadcrumb\",\"itemListElement\":[{\"@type\":\"ListItem\",\"position\":1,\"name\":\"Home\",\"item\":\"https:\/\/www.exchange-data.com\/de\/startseite\/\"},{\"@type\":\"ListItem\",\"position\":2,\"name\":\"Geopolitische Risiko-Prognosen\"}]},{\"@type\":\"WebSite\",\"@id\":\"https:\/\/www.exchange-data.com\/de\/#website\",\"url\":\"https:\/\/www.exchange-data.com\/de\/\",\"name\":\"Exchange Data International\",\"description\":\"Doing data differently\",\"publisher\":{\"@id\":\"https:\/\/www.exchange-data.com\/de\/#organization\"},\"potentialAction\":[{\"@type\":\"SearchAction\",\"target\":{\"@type\":\"EntryPoint\",\"urlTemplate\":\"https:\/\/www.exchange-data.com\/de\/?s={search_term_string}\"},\"query-input\":{\"@type\":\"PropertyValueSpecification\",\"valueRequired\":true,\"valueName\":\"search_term_string\"}}],\"inLanguage\":\"de\"},{\"@type\":\"Organization\",\"@id\":\"https:\/\/www.exchange-data.com\/de\/#organization\",\"name\":\"Exchange Data International\",\"url\":\"https:\/\/www.exchange-data.com\/de\/\",\"logo\":{\"@type\":\"ImageObject\",\"inLanguage\":\"de\",\"@id\":\"https:\/\/www.exchange-data.com\/de\/#\/schema\/logo\/image\/\",\"url\":\"https:\/\/www.exchange-data.com\/wp-content\/uploads\/2019\/03\/logo3.png\",\"contentUrl\":\"https:\/\/www.exchange-data.com\/wp-content\/uploads\/2019\/03\/logo3.png\",\"width\":200,\"height\":80,\"caption\":\"Exchange Data International\"},\"image\":{\"@id\":\"https:\/\/www.exchange-data.com\/de\/#\/schema\/logo\/image\/\"},\"sameAs\":[\"https:\/\/x.com\/ExchangeData\",\"https:\/\/www.linkedin.com\/company\/exchange-data-international\/?viewAsMember=true\",\"https:\/\/www.youtube.com\/channel\/UC5D1OpUb22YZANRLD_Ktcgg?view_as=subscriber\"]}]}<\/script>\n<!-- \/ Yoast SEO Premium plugin. -->","yoast_head_json":{"title":"Geopolitische Risiko-Prognosen | Exchange Data International","description":"Nutzen Sie ICRG f\u00fcr die pr\u00e4zise Prognose geopolitischer Risiken in 141 L\u00e4ndern \u2013 mit \u00fcber 2 Mio. Datenpunkten, monatlichen Updates und validierten Risikomodellen.","robots":{"index":"index","follow":"follow","max-snippet":"max-snippet:-1","max-image-preview":"max-image-preview:large","max-video-preview":"max-video-preview:-1"},"canonical":"https:\/\/www.exchange-data.com\/de\/produkt\/vorhersage-geopolitischer-risiken\/","og_locale":"de_DE","og_type":"article","og_title":"Geopolitische Risiko-Prognosen | Exchange Data International","og_description":"Nutzen Sie ICRG f\u00fcr die pr\u00e4zise Prognose geopolitischer Risiken in 141 L\u00e4ndern \u2013 mit \u00fcber 2 Mio. Datenpunkten, monatlichen Updates und validierten Risikomodellen.","og_url":"https:\/\/www.exchange-data.com\/de\/produkt\/vorhersage-geopolitischer-risiken\/","og_site_name":"Exchange Data International","article_modified_time":"2025-08-14T09:56:03+00:00","twitter_card":"summary_large_image","twitter_site":"@ExchangeData","twitter_misc":{"Gesch\u00e4tzte Lesezeit":"1\u00a0Minute"},"schema":{"@context":"https:\/\/schema.org","@graph":[{"@type":"WebPage","@id":"https:\/\/www.exchange-data.com\/de\/produkt\/vorhersage-geopolitischer-risiken\/","url":"https:\/\/www.exchange-data.com\/de\/produkt\/vorhersage-geopolitischer-risiken\/","name":"Geopolitische Risiko-Prognosen | Exchange Data International","isPartOf":{"@id":"https:\/\/www.exchange-data.com\/de\/#website"},"datePublished":"2023-01-04T14:41:49+00:00","dateModified":"2025-08-14T09:56:03+00:00","description":"Nutzen Sie ICRG f\u00fcr die pr\u00e4zise Prognose geopolitischer Risiken in 141 L\u00e4ndern \u2013 mit \u00fcber 2 Mio. Datenpunkten, monatlichen Updates und validierten Risikomodellen.","breadcrumb":{"@id":"https:\/\/www.exchange-data.com\/de\/produkt\/vorhersage-geopolitischer-risiken\/#breadcrumb"},"inLanguage":"de","potentialAction":[{"@type":"ReadAction","target":["https:\/\/www.exchange-data.com\/de\/produkt\/vorhersage-geopolitischer-risiken\/"]}]},{"@type":"BreadcrumbList","@id":"https:\/\/www.exchange-data.com\/de\/produkt\/vorhersage-geopolitischer-risiken\/#breadcrumb","itemListElement":[{"@type":"ListItem","position":1,"name":"Home","item":"https:\/\/www.exchange-data.com\/de\/startseite\/"},{"@type":"ListItem","position":2,"name":"Geopolitische Risiko-Prognosen"}]},{"@type":"WebSite","@id":"https:\/\/www.exchange-data.com\/de\/#website","url":"https:\/\/www.exchange-data.com\/de\/","name":"Exchange Data International","description":"Doing data differently","publisher":{"@id":"https:\/\/www.exchange-data.com\/de\/#organization"},"potentialAction":[{"@type":"SearchAction","target":{"@type":"EntryPoint","urlTemplate":"https:\/\/www.exchange-data.com\/de\/?s={search_term_string}"},"query-input":{"@type":"PropertyValueSpecification","valueRequired":true,"valueName":"search_term_string"}}],"inLanguage":"de"},{"@type":"Organization","@id":"https:\/\/www.exchange-data.com\/de\/#organization","name":"Exchange Data International","url":"https:\/\/www.exchange-data.com\/de\/","logo":{"@type":"ImageObject","inLanguage":"de","@id":"https:\/\/www.exchange-data.com\/de\/#\/schema\/logo\/image\/","url":"https:\/\/www.exchange-data.com\/wp-content\/uploads\/2019\/03\/logo3.png","contentUrl":"https:\/\/www.exchange-data.com\/wp-content\/uploads\/2019\/03\/logo3.png","width":200,"height":80,"caption":"Exchange Data International"},"image":{"@id":"https:\/\/www.exchange-data.com\/de\/#\/schema\/logo\/image\/"},"sameAs":["https:\/\/x.com\/ExchangeData","https:\/\/www.linkedin.com\/company\/exchange-data-international\/?viewAsMember=true","https:\/\/www.youtube.com\/channel\/UC5D1OpUb22YZANRLD_Ktcgg?view_as=subscriber"]}]}},"_links":{"self":[{"href":"https:\/\/www.exchange-data.com\/de\/wp-json\/wp\/v2\/product\/35667","targetHints":{"allow":["GET"]}}],"collection":[{"href":"https:\/\/www.exchange-data.com\/de\/wp-json\/wp\/v2\/product"}],"about":[{"href":"https:\/\/www.exchange-data.com\/de\/wp-json\/wp\/v2\/types\/product"}],"wp:attachment":[{"href":"https:\/\/www.exchange-data.com\/de\/wp-json\/wp\/v2\/media?parent=35667"}],"wp:term":[{"taxonomy":"country","embeddable":true,"href":"https:\/\/www.exchange-data.com\/de\/wp-json\/wp\/v2\/country?post=35667"},{"taxonomy":"product_category","embeddable":true,"href":"https:\/\/www.exchange-data.com\/de\/wp-json\/wp\/v2\/product_category?post=35667"}],"curies":[{"name":"wp","href":"https:\/\/api.w.org\/{rel}","templated":true}]}}