{"id":35668,"date":"2022-10-05T14:39:44","date_gmt":"2022-10-05T13:39:44","guid":{"rendered":"https:\/\/www.exchange-data.com\/product\/globale-ueberwachung-von-sanktionen\/"},"modified":"2025-09-02T08:14:09","modified_gmt":"2025-09-02T07:14:09","slug":"globale-sanktions-ueberwachung","status":"publish","type":"product","link":"https:\/\/www.exchange-data.com\/de\/produkt\/globale-sanktions-ueberwachung\/","title":{"rendered":"Globale Sanktions- \u00fcberwachung"},"content":{"rendered":"<p>&nbsp;<\/p>\n<h2>Unverzichtbare Ressource f\u00fcr die Sanktions\u00fcberwachung<\/h2>\n<p>&nbsp;<\/p>\n<p><span style=\"font-weight: 400;\">Investmentfirmen m\u00fcssen sich in einem dynamischen Sanktionsumfeld sicher und regelkonform bewegen. BigTXN bietet eine spezialisierte Datenl\u00f6sung, mit der neue und bestehende handelbare Finanzinstrumente kontinuierlich und auf Basis mehrerer Sanktionslisten \u00fcberpr\u00fcft werden k\u00f6nnen. <\/span><\/p>\n<p><span style=\"font-weight: 400;\">Wir identifizieren sanktionierte und sanktionsrelevante Unternehmen sowie deren verkn\u00fcpfte Instrumente \u2013 sowohl explizit als auch implizit betroffen. Aktuell erfassen wir \u00fcber 700 Unternehmen weltweit und \u00fcberwachen t\u00e4glich die Websites von mehr als 20 f\u00fchrenden Sanktionsbeh\u00f6rden. <\/span><\/p>\n<p><span style=\"font-weight: 400;\">Unsere t\u00e4glich aktualisierte Sanctioned Instrument Masterfile (SIM) erf\u00fcllt und \u00fcbertrifft die hohen Anforderungen auf der Buy- und Sell-Side \u2013 unter anderem f\u00fcr folgende Anwendungsf\u00e4lle:<\/span><\/p>\n<ul>\n<li><span style=\"font-weight: 400;\">\u00dcberpr\u00fcfung von Gegenparteirisiken<\/span><\/li>\n<li><span style=\"font-weight: 400;\">\u00dcberwachung von ETF-Baskets<\/span><\/li>\n<li><span style=\"font-weight: 400;\">Index-Zul\u00e4ssigkeitspr\u00fcfung<\/span><\/li>\n<li><span style=\"font-weight: 400;\">Pre-Trade-Compliance<\/span><\/li>\n<li><span style=\"font-weight: 400;\">Portfoliokontrolle<\/span><\/li>\n<li><span style=\"font-weight: 400;\">Post-Trade-Audits<\/span><\/li>\n<li><span style=\"font-weight: 400;\">Screening sanktionierter Wertpapiere<\/span><\/li>\n<li><span style=\"font-weight: 400;\">\u00dcberpr\u00fcfung von Handelsbeschr\u00e4nkungslisten<\/span><\/li>\n<li><span style=\"font-weight: 400;\">Monitoring des investierbaren Universums<\/span><\/li>\n<\/ul>\n<p>&nbsp;<\/p>\n<h3>Pr\u00e4zise Identifikation und effizientes Matching<\/h3>\n<p>&nbsp;<\/p>\n<p><span style=\"font-weight: 400;\">BigTXN setzt einen propriet\u00e4ren, leistungsstarken Matching-Algorithmus ein, der speziell f\u00fcr komplexe Datenabgleiche im gro\u00dfen Ma\u00dfstab entwickelt wurde.<\/span><\/p>\n<ul>\n<li>Effizienz <span style=\"font-weight: 400;\">Die Sanktions\u00fcberwachung erfordert den Abgleich tausender Wertpapiere mit umfangreichen Sanktionsdatenbanken. Unser System erm\u00f6glicht schnelle und effiziente Pr\u00fcfungen, wodurch Analysezeiten deutlich reduziert werden. <\/span><\/li>\n<li>Genauigkeit:<span style=\"font-weight: 400;\"> H\u00f6chste Trefferqualit\u00e4t ist entscheidend, da Fehlzuordnungen gravierende regulatorische Folgen haben k\u00f6nnen. Wir kombinieren automatisierte Verfahren mit manueller Pr\u00fcfung, um falsch-positive oder falsch-negative Ergebnisse zu minimieren. <\/span><\/li>\n<li>Geschwindigkeit<span style=\"font-weight: 400;\"> Sanktionsvorgaben \u00e4ndern sich h\u00e4ufig und kurzfristig. Unsere L\u00f6sung hilft Unternehmen, \u00c4nderungen fr\u00fchzeitig zu erkennen und stets regelkonform zu handeln.  <\/span><\/li>\n<\/ul>\n","protected":false},"featured_media":0,"template":"","country":[],"product_category":[3167,3175],"class_list":["post-35668","product","type-product","status-publish","hentry","product_category-produkte-und-services","product_category-spezialisierte-angebote-de","no-post-thumbnail"],"acf":[],"yoast_head":"<!-- This site is optimized with the Yoast SEO Premium plugin v26.0 (Yoast SEO v26.0) - https:\/\/yoast.com\/wordpress\/plugins\/seo\/ -->\n<title>Globale Sanktions- \u00fcberwachung | Exchange Data International<\/title>\n<meta name=\"description\" content=\"BigTXN bietet eine hochpr\u00e4zise L\u00f6sung zur Sanktions\u00fcberwachung von Wertpapieren \u2013 t\u00e4glich aktualisiert, regulatorisch konform und effizient f\u00fcr Buy- und Sell-Side.\" \/>\n<meta name=\"robots\" content=\"index, follow, max-snippet:-1, max-image-preview:large, max-video-preview:-1\" \/>\n<link rel=\"canonical\" href=\"https:\/\/www.exchange-data.com\/de\/produkt\/globale-sanktions-ueberwachung\/\" \/>\n<meta property=\"og:locale\" content=\"de_DE\" \/>\n<meta property=\"og:type\" content=\"article\" \/>\n<meta property=\"og:title\" content=\"Globale Sanktions- \u00fcberwachung | Exchange Data International\" \/>\n<meta property=\"og:description\" content=\"BigTXN bietet eine hochpr\u00e4zise L\u00f6sung zur Sanktions\u00fcberwachung von Wertpapieren \u2013 t\u00e4glich aktualisiert, regulatorisch konform und effizient f\u00fcr Buy- und Sell-Side.\" \/>\n<meta property=\"og:url\" content=\"https:\/\/www.exchange-data.com\/de\/produkt\/globale-sanktions-ueberwachung\/\" \/>\n<meta property=\"og:site_name\" content=\"Exchange Data International\" \/>\n<meta property=\"article:modified_time\" content=\"2025-09-02T07:14:09+00:00\" \/>\n<meta name=\"twitter:card\" content=\"summary_large_image\" \/>\n<meta name=\"twitter:site\" content=\"@ExchangeData\" \/>\n<meta name=\"twitter:label1\" content=\"Gesch\u00e4tzte Lesezeit\" \/>\n\t<meta name=\"twitter:data1\" content=\"1\u00a0Minute\" \/>\n<script type=\"application\/ld+json\" class=\"yoast-schema-graph\">{\"@context\":\"https:\/\/schema.org\",\"@graph\":[{\"@type\":\"WebPage\",\"@id\":\"https:\/\/www.exchange-data.com\/de\/produkt\/globale-sanktions-ueberwachung\/\",\"url\":\"https:\/\/www.exchange-data.com\/de\/produkt\/globale-sanktions-ueberwachung\/\",\"name\":\"Globale Sanktions- \u00fcberwachung | Exchange Data International\",\"isPartOf\":{\"@id\":\"https:\/\/www.exchange-data.com\/de\/#website\"},\"datePublished\":\"2022-10-05T13:39:44+00:00\",\"dateModified\":\"2025-09-02T07:14:09+00:00\",\"description\":\"BigTXN bietet eine hochpr\u00e4zise L\u00f6sung zur Sanktions\u00fcberwachung von Wertpapieren \u2013 t\u00e4glich aktualisiert, regulatorisch konform und effizient f\u00fcr Buy- und Sell-Side.\",\"breadcrumb\":{\"@id\":\"https:\/\/www.exchange-data.com\/de\/produkt\/globale-sanktions-ueberwachung\/#breadcrumb\"},\"inLanguage\":\"de\",\"potentialAction\":[{\"@type\":\"ReadAction\",\"target\":[\"https:\/\/www.exchange-data.com\/de\/produkt\/globale-sanktions-ueberwachung\/\"]}]},{\"@type\":\"BreadcrumbList\",\"@id\":\"https:\/\/www.exchange-data.com\/de\/produkt\/globale-sanktions-ueberwachung\/#breadcrumb\",\"itemListElement\":[{\"@type\":\"ListItem\",\"position\":1,\"name\":\"Home\",\"item\":\"https:\/\/www.exchange-data.com\/de\/startseite\/\"},{\"@type\":\"ListItem\",\"position\":2,\"name\":\"Globale Sanktions- \u00fcberwachung\"}]},{\"@type\":\"WebSite\",\"@id\":\"https:\/\/www.exchange-data.com\/de\/#website\",\"url\":\"https:\/\/www.exchange-data.com\/de\/\",\"name\":\"Exchange Data International\",\"description\":\"Doing data differently\",\"publisher\":{\"@id\":\"https:\/\/www.exchange-data.com\/de\/#organization\"},\"potentialAction\":[{\"@type\":\"SearchAction\",\"target\":{\"@type\":\"EntryPoint\",\"urlTemplate\":\"https:\/\/www.exchange-data.com\/de\/?s={search_term_string}\"},\"query-input\":{\"@type\":\"PropertyValueSpecification\",\"valueRequired\":true,\"valueName\":\"search_term_string\"}}],\"inLanguage\":\"de\"},{\"@type\":\"Organization\",\"@id\":\"https:\/\/www.exchange-data.com\/de\/#organization\",\"name\":\"Exchange Data International\",\"url\":\"https:\/\/www.exchange-data.com\/de\/\",\"logo\":{\"@type\":\"ImageObject\",\"inLanguage\":\"de\",\"@id\":\"https:\/\/www.exchange-data.com\/de\/#\/schema\/logo\/image\/\",\"url\":\"https:\/\/www.exchange-data.com\/wp-content\/uploads\/2019\/03\/logo3.png\",\"contentUrl\":\"https:\/\/www.exchange-data.com\/wp-content\/uploads\/2019\/03\/logo3.png\",\"width\":200,\"height\":80,\"caption\":\"Exchange Data International\"},\"image\":{\"@id\":\"https:\/\/www.exchange-data.com\/de\/#\/schema\/logo\/image\/\"},\"sameAs\":[\"https:\/\/x.com\/ExchangeData\",\"https:\/\/www.linkedin.com\/company\/exchange-data-international\/?viewAsMember=true\",\"https:\/\/www.youtube.com\/channel\/UC5D1OpUb22YZANRLD_Ktcgg?view_as=subscriber\"]}]}<\/script>\n<!-- \/ Yoast SEO Premium plugin. -->","yoast_head_json":{"title":"Globale Sanktions- \u00fcberwachung | Exchange Data International","description":"BigTXN bietet eine hochpr\u00e4zise L\u00f6sung zur Sanktions\u00fcberwachung von Wertpapieren \u2013 t\u00e4glich aktualisiert, regulatorisch konform und effizient f\u00fcr Buy- und Sell-Side.","robots":{"index":"index","follow":"follow","max-snippet":"max-snippet:-1","max-image-preview":"max-image-preview:large","max-video-preview":"max-video-preview:-1"},"canonical":"https:\/\/www.exchange-data.com\/de\/produkt\/globale-sanktions-ueberwachung\/","og_locale":"de_DE","og_type":"article","og_title":"Globale Sanktions- \u00fcberwachung | Exchange Data International","og_description":"BigTXN bietet eine hochpr\u00e4zise L\u00f6sung zur Sanktions\u00fcberwachung von Wertpapieren \u2013 t\u00e4glich aktualisiert, regulatorisch konform und effizient f\u00fcr Buy- und Sell-Side.","og_url":"https:\/\/www.exchange-data.com\/de\/produkt\/globale-sanktions-ueberwachung\/","og_site_name":"Exchange Data International","article_modified_time":"2025-09-02T07:14:09+00:00","twitter_card":"summary_large_image","twitter_site":"@ExchangeData","twitter_misc":{"Gesch\u00e4tzte Lesezeit":"1\u00a0Minute"},"schema":{"@context":"https:\/\/schema.org","@graph":[{"@type":"WebPage","@id":"https:\/\/www.exchange-data.com\/de\/produkt\/globale-sanktions-ueberwachung\/","url":"https:\/\/www.exchange-data.com\/de\/produkt\/globale-sanktions-ueberwachung\/","name":"Globale Sanktions- \u00fcberwachung | Exchange Data International","isPartOf":{"@id":"https:\/\/www.exchange-data.com\/de\/#website"},"datePublished":"2022-10-05T13:39:44+00:00","dateModified":"2025-09-02T07:14:09+00:00","description":"BigTXN bietet eine hochpr\u00e4zise L\u00f6sung zur Sanktions\u00fcberwachung von Wertpapieren \u2013 t\u00e4glich aktualisiert, regulatorisch konform und effizient f\u00fcr Buy- und Sell-Side.","breadcrumb":{"@id":"https:\/\/www.exchange-data.com\/de\/produkt\/globale-sanktions-ueberwachung\/#breadcrumb"},"inLanguage":"de","potentialAction":[{"@type":"ReadAction","target":["https:\/\/www.exchange-data.com\/de\/produkt\/globale-sanktions-ueberwachung\/"]}]},{"@type":"BreadcrumbList","@id":"https:\/\/www.exchange-data.com\/de\/produkt\/globale-sanktions-ueberwachung\/#breadcrumb","itemListElement":[{"@type":"ListItem","position":1,"name":"Home","item":"https:\/\/www.exchange-data.com\/de\/startseite\/"},{"@type":"ListItem","position":2,"name":"Globale Sanktions- \u00fcberwachung"}]},{"@type":"WebSite","@id":"https:\/\/www.exchange-data.com\/de\/#website","url":"https:\/\/www.exchange-data.com\/de\/","name":"Exchange Data International","description":"Doing data differently","publisher":{"@id":"https:\/\/www.exchange-data.com\/de\/#organization"},"potentialAction":[{"@type":"SearchAction","target":{"@type":"EntryPoint","urlTemplate":"https:\/\/www.exchange-data.com\/de\/?s={search_term_string}"},"query-input":{"@type":"PropertyValueSpecification","valueRequired":true,"valueName":"search_term_string"}}],"inLanguage":"de"},{"@type":"Organization","@id":"https:\/\/www.exchange-data.com\/de\/#organization","name":"Exchange Data International","url":"https:\/\/www.exchange-data.com\/de\/","logo":{"@type":"ImageObject","inLanguage":"de","@id":"https:\/\/www.exchange-data.com\/de\/#\/schema\/logo\/image\/","url":"https:\/\/www.exchange-data.com\/wp-content\/uploads\/2019\/03\/logo3.png","contentUrl":"https:\/\/www.exchange-data.com\/wp-content\/uploads\/2019\/03\/logo3.png","width":200,"height":80,"caption":"Exchange Data International"},"image":{"@id":"https:\/\/www.exchange-data.com\/de\/#\/schema\/logo\/image\/"},"sameAs":["https:\/\/x.com\/ExchangeData","https:\/\/www.linkedin.com\/company\/exchange-data-international\/?viewAsMember=true","https:\/\/www.youtube.com\/channel\/UC5D1OpUb22YZANRLD_Ktcgg?view_as=subscriber"]}]}},"_links":{"self":[{"href":"https:\/\/www.exchange-data.com\/de\/wp-json\/wp\/v2\/product\/35668","targetHints":{"allow":["GET"]}}],"collection":[{"href":"https:\/\/www.exchange-data.com\/de\/wp-json\/wp\/v2\/product"}],"about":[{"href":"https:\/\/www.exchange-data.com\/de\/wp-json\/wp\/v2\/types\/product"}],"wp:attachment":[{"href":"https:\/\/www.exchange-data.com\/de\/wp-json\/wp\/v2\/media?parent=35668"}],"wp:term":[{"taxonomy":"country","embeddable":true,"href":"https:\/\/www.exchange-data.com\/de\/wp-json\/wp\/v2\/country?post=35668"},{"taxonomy":"product_category","embeddable":true,"href":"https:\/\/www.exchange-data.com\/de\/wp-json\/wp\/v2\/product_category?post=35668"}],"curies":[{"name":"wp","href":"https:\/\/api.w.org\/{rel}","templated":true}]}}