{"id":35669,"date":"2022-05-27T15:38:46","date_gmt":"2022-05-27T14:38:46","guid":{"rendered":"https:\/\/www.exchange-data.com\/product\/nicht-us-investmentfonds\/"},"modified":"2025-08-14T11:55:52","modified_gmt":"2025-08-14T10:55:52","slug":"nicht-us-investmentfonds","status":"publish","type":"product","link":"https:\/\/www.exchange-data.com\/de\/produkt\/nicht-us-investmentfonds\/","title":{"rendered":"Nicht-US-Investmentfonds"},"content":{"rendered":"<p><span style=\"font-weight: 400;\">Die globale Investmentfondsbranche hat ein gesch\u00e4tztes Volumen von rund 114 Billionen US-Dollar.<\/span><\/p>\n<p><span style=\"font-weight: 400;\">Der Anteil der finanziellen Verm\u00f6genswerte, die \u00fcber Fonds gehalten werden, w\u00e4chst stetig \u2013 insbesondere in Schwellenl\u00e4ndern.<\/span><\/p>\n<p><span style=\"font-weight: 400;\">Bis vor Kurzem stellte EDI ausschlie\u00dflich Informationen zu geschlossenen Fonds und ETFs bereit, die b\u00f6rsengehandelt sind. 2021 wurde das Angebot mit der Einf\u00fchrung eines neuen Services erweitert, der nun auch offene Fonds abdeckt (weitere Informationen finden Sie im Bereich \u201eMutual Funds\u201c). <\/span><\/p>\n<h2>Fondsabdeckung<\/h2>\n<p><span style=\"font-weight: 400;\">Der Service deckt offene Fonds aus Gro\u00dfbritannien, Irland und Luxemburg ab \u2013 weitere M\u00e4rkte folgen.<\/span><\/p>\n<p><span style=\"font-weight: 400;\">Derzeit umfasst unser aktives Universum rund 96.000 Fondsanteilsklassen, aufgeteilt in:<\/span><\/p>\n<ol>\n<li><span style=\"font-weight: 400;\">16.000 britische Fonds<\/span><\/li>\n<li><span style=\"font-weight: 400;\">30.000 irische Fonds<\/span><\/li>\n<li><span style=\"font-weight: 400;\">50.000 Luxemburgische Fonds<\/span><\/li>\n<\/ol>\n<p><span style=\"font-weight: 400;\">Dar\u00fcber hinaus bietet EDI \u00dcbersetzungsdienste f\u00fcr die Schweiz, \u00d6sterreich, Frankreich und Belgien sowie weitere europ\u00e4ische M\u00e4rkte auf Anfrage. Wenn Sie ein paneurop\u00e4isches Portfolio verwalten, erhalten Sie mit unseren Daten \u00fcber internationale Fonds eine verl\u00e4ssliche L\u00f6sung. <\/span><\/p>\n<h3>Referenzdaten<\/h3>\n<p><b>P\u00fcnktliche Bereitstellung direkt von der Quelle<\/b><\/p>\n<p><span style=\"font-weight: 400;\">Ein spezialisiertes Team erfasst und verarbeitet t\u00e4glich Daten zu 139.000 Fonds \u2013 in direkter Zusammenarbeit mit \u00fcber 400 Fondsmanagern und unterst\u00fctzt durch Drittanbieter. So ist eine zuverl\u00e4ssige und zeitnahe Lieferung aller relevanten Fondsdaten gew\u00e4hrleistet. Eine vollst\u00e4ndige \u00dcbersicht aller Datenfelder finden Sie in der untenstehenden Tabelle. <\/span><\/p>\n<h3>Kapitalma\u00dfnahmen (Corporate Actions)<\/h3>\n<p><span style=\"font-weight: 400;\">Kombinieren Sie unsere Referenzdaten mit dem EDI-Kapitalma\u00dfnahmen-Service und profitieren Sie von einer umfassenden Abdeckung aller offenen Fonds. Der Service umfasst Kapitalma\u00dfnahmen sowie die Aufschl\u00fcsselung von Ertragskomponenten \u2013 etwa Dividenden, Zinsen und Immobilienertr\u00e4ge, sofern zutreffend. <\/span><\/p>\n<p><b>Nutzen Sie unseren umfassenden Kapitalma\u00dfnahmen-Service<\/b><\/p>\n<p><span style=\"font-weight: 400;\">Das Vers\u00e4umnis einer Kapitalma\u00dfnahme kann f\u00fcr ein Finanzunternehmen Verluste in Millionenh\u00f6he und erheblichen Reputationsschaden bedeuten. Mit dem EDI-Service f\u00fcr Kapitalma\u00dfnahmen zu Fonds sind Sie umfassend abgesichert \u2013 und behalten den \u00dcberblick \u00fcber alle relevanten Ereignisse. <\/span><\/p>\n<p><b>Standardisierte Datenfeeds f\u00fcr unternehmensweite L\u00f6sungen<\/b><\/p>\n<p><span style=\"font-weight: 400;\">Unser Fondsdaten-Service liefert entscheidende Informationen zu Dividenden und Kapitalma\u00dfnahmen. Kapitalma\u00dfnahmen sind oft komplex und fristgebunden \u2013 und entscheidend f\u00fcr Front-, Middle- und Backoffice-Prozesse. Mit unseren standardisierten Feeds sorgen Sie f\u00fcr eine strukturierte Weiterleitung der Ereignisse in nachgelagerte Risikomodelle und Handelsstrategien.  <\/span><\/p>\n<p><b>Exakte Steuerberechnung auf Basis unserer Daten \u00fcber internationale Fonds<\/b><\/p>\n<p><span style=\"font-weight: 400;\">Anleger und ihre Vertreter k\u00f6nnen auf Grundlage der aufgeschl\u00fcsselten Ertragsstr\u00f6me aus dem EDI-Kapitalma\u00dfnahmen-Feed die steuerliche Belastung pr\u00e4zise berechnen.<\/span><\/p>\n","protected":false},"featured_media":34737,"template":"","country":[],"product_category":[3174,3167],"class_list":["post-35669","product","type-product","status-publish","has-post-thumbnail","hentry","product_category-investment-funds-edi-de-edi-products-services-de","product_category-produkte-und-services"],"acf":[],"yoast_head":"<!-- This site is optimized with the Yoast SEO Premium plugin v27.5 (Yoast SEO v27.5) - https:\/\/yoast.com\/product\/yoast-seo-premium-wordpress\/ -->\n<title>Nicht-US-Investmentfonds Daten | Exchange Data International<\/title>\n<meta name=\"description\" content=\"Erhalten Sie strukturierte Daten \u00fcber internationale Fonds inklusive Kapitalma\u00dfnahmen, Steuerinformationen und Echtzeitdaten f\u00fcr \u00fcber 139.000 Fonds in Gro\u00dfbritannien, Irland und Luxemburg.\" \/>\n<meta name=\"robots\" content=\"index, follow, max-snippet:-1, max-image-preview:large, max-video-preview:-1\" \/>\n<link rel=\"canonical\" href=\"https:\/\/www.exchange-data.com\/de\/produkt\/nicht-us-investmentfonds\/\" \/>\n<meta property=\"og:locale\" content=\"de_DE\" \/>\n<meta property=\"og:type\" content=\"article\" \/>\n<meta property=\"og:title\" content=\"Nicht-US-Investmentfonds | Exchange Data International\" \/>\n<meta property=\"og:description\" content=\"Erhalten Sie strukturierte Daten \u00fcber internationale Fonds inklusive Kapitalma\u00dfnahmen, Steuerinformationen und Echtzeitdaten f\u00fcr \u00fcber 139.000 Fonds in Gro\u00dfbritannien, Irland und Luxemburg.\" \/>\n<meta property=\"og:url\" content=\"https:\/\/www.exchange-data.com\/de\/produkt\/nicht-us-investmentfonds\/\" \/>\n<meta property=\"og:site_name\" content=\"Exchange Data International\" \/>\n<meta property=\"article:modified_time\" content=\"2025-08-14T10:55:52+00:00\" \/>\n<meta property=\"og:image\" content=\"https:\/\/www.exchange-data.com\/wp-content\/uploads\/2022\/04\/EDI-Default-Image-1200x630-1.png\" \/>\n\t<meta property=\"og:image:width\" content=\"1200\" \/>\n\t<meta property=\"og:image:height\" content=\"630\" \/>\n\t<meta property=\"og:image:type\" content=\"image\/png\" \/>\n<meta name=\"twitter:card\" content=\"summary_large_image\" \/>\n<meta name=\"twitter:site\" content=\"@ExchangeData\" \/>\n<meta name=\"twitter:label1\" content=\"Gesch\u00e4tzte Lesezeit\" \/>\n\t<meta name=\"twitter:data1\" content=\"2\u00a0Minuten\" \/>\n<script type=\"application\/ld+json\" class=\"yoast-schema-graph\">{\"@context\":\"https:\\\/\\\/schema.org\",\"@graph\":[{\"@type\":\"WebPage\",\"@id\":\"https:\\\/\\\/www.exchange-data.com\\\/de\\\/produkt\\\/nicht-us-investmentfonds\\\/\",\"url\":\"https:\\\/\\\/www.exchange-data.com\\\/de\\\/produkt\\\/nicht-us-investmentfonds\\\/\",\"name\":\"Nicht-US-Investmentfonds Daten | Exchange Data International\",\"isPartOf\":{\"@id\":\"https:\\\/\\\/www.exchange-data.com\\\/de\\\/#website\"},\"primaryImageOfPage\":{\"@id\":\"https:\\\/\\\/www.exchange-data.com\\\/de\\\/produkt\\\/nicht-us-investmentfonds\\\/#primaryimage\"},\"image\":{\"@id\":\"https:\\\/\\\/www.exchange-data.com\\\/de\\\/produkt\\\/nicht-us-investmentfonds\\\/#primaryimage\"},\"thumbnailUrl\":\"https:\\\/\\\/www.exchange-data.com\\\/wp-content\\\/uploads\\\/2022\\\/04\\\/EDI-Default-Image-1200x630-1.png\",\"datePublished\":\"2022-05-27T14:38:46+00:00\",\"dateModified\":\"2025-08-14T10:55:52+00:00\",\"description\":\"Erhalten Sie strukturierte Daten \u00fcber internationale Fonds inklusive Kapitalma\u00dfnahmen, Steuerinformationen und Echtzeitdaten f\u00fcr \u00fcber 139.000 Fonds in Gro\u00dfbritannien, Irland und Luxemburg.\",\"breadcrumb\":{\"@id\":\"https:\\\/\\\/www.exchange-data.com\\\/de\\\/produkt\\\/nicht-us-investmentfonds\\\/#breadcrumb\"},\"inLanguage\":\"de\",\"potentialAction\":[{\"@type\":\"ReadAction\",\"target\":[\"https:\\\/\\\/www.exchange-data.com\\\/de\\\/produkt\\\/nicht-us-investmentfonds\\\/\"]}]},{\"@type\":\"ImageObject\",\"inLanguage\":\"de\",\"@id\":\"https:\\\/\\\/www.exchange-data.com\\\/de\\\/produkt\\\/nicht-us-investmentfonds\\\/#primaryimage\",\"url\":\"https:\\\/\\\/www.exchange-data.com\\\/wp-content\\\/uploads\\\/2022\\\/04\\\/EDI-Default-Image-1200x630-1.png\",\"contentUrl\":\"https:\\\/\\\/www.exchange-data.com\\\/wp-content\\\/uploads\\\/2022\\\/04\\\/EDI-Default-Image-1200x630-1.png\",\"width\":1200,\"height\":630},{\"@type\":\"BreadcrumbList\",\"@id\":\"https:\\\/\\\/www.exchange-data.com\\\/de\\\/produkt\\\/nicht-us-investmentfonds\\\/#breadcrumb\",\"itemListElement\":[{\"@type\":\"ListItem\",\"position\":1,\"name\":\"Home\",\"item\":\"https:\\\/\\\/www.exchange-data.com\\\/de\\\/startseite\\\/\"},{\"@type\":\"ListItem\",\"position\":2,\"name\":\"Nicht-US-Investmentfonds\"}]},{\"@type\":\"WebSite\",\"@id\":\"https:\\\/\\\/www.exchange-data.com\\\/de\\\/#website\",\"url\":\"https:\\\/\\\/www.exchange-data.com\\\/de\\\/\",\"name\":\"Exchange Data International\",\"description\":\"Doing data differently\",\"publisher\":{\"@id\":\"https:\\\/\\\/www.exchange-data.com\\\/de\\\/#organization\"},\"potentialAction\":[{\"@type\":\"SearchAction\",\"target\":{\"@type\":\"EntryPoint\",\"urlTemplate\":\"https:\\\/\\\/www.exchange-data.com\\\/de\\\/?s={search_term_string}\"},\"query-input\":{\"@type\":\"PropertyValueSpecification\",\"valueRequired\":true,\"valueName\":\"search_term_string\"}}],\"inLanguage\":\"de\"},{\"@type\":\"Organization\",\"@id\":\"https:\\\/\\\/www.exchange-data.com\\\/de\\\/#organization\",\"name\":\"Exchange Data International\",\"url\":\"https:\\\/\\\/www.exchange-data.com\\\/de\\\/\",\"logo\":{\"@type\":\"ImageObject\",\"inLanguage\":\"de\",\"@id\":\"https:\\\/\\\/www.exchange-data.com\\\/de\\\/#\\\/schema\\\/logo\\\/image\\\/\",\"url\":\"https:\\\/\\\/www.exchange-data.com\\\/wp-content\\\/uploads\\\/2019\\\/03\\\/logo3.png\",\"contentUrl\":\"https:\\\/\\\/www.exchange-data.com\\\/wp-content\\\/uploads\\\/2019\\\/03\\\/logo3.png\",\"width\":200,\"height\":80,\"caption\":\"Exchange Data International\"},\"image\":{\"@id\":\"https:\\\/\\\/www.exchange-data.com\\\/de\\\/#\\\/schema\\\/logo\\\/image\\\/\"},\"sameAs\":[\"https:\\\/\\\/x.com\\\/ExchangeData\",\"https:\\\/\\\/www.linkedin.com\\\/company\\\/exchange-data-international\\\/?viewAsMember=true\",\"https:\\\/\\\/www.youtube.com\\\/channel\\\/UC5D1OpUb22YZANRLD_Ktcgg?view_as=subscriber\"]}]}<\/script>\n<!-- \/ Yoast SEO Premium plugin. -->","yoast_head_json":{"title":"Nicht-US-Investmentfonds Daten | Exchange Data International","description":"Erhalten Sie strukturierte Daten \u00fcber internationale Fonds inklusive Kapitalma\u00dfnahmen, Steuerinformationen und Echtzeitdaten f\u00fcr \u00fcber 139.000 Fonds in Gro\u00dfbritannien, Irland und Luxemburg.","robots":{"index":"index","follow":"follow","max-snippet":"max-snippet:-1","max-image-preview":"max-image-preview:large","max-video-preview":"max-video-preview:-1"},"canonical":"https:\/\/www.exchange-data.com\/de\/produkt\/nicht-us-investmentfonds\/","og_locale":"de_DE","og_type":"article","og_title":"Nicht-US-Investmentfonds | Exchange Data International","og_description":"Erhalten Sie strukturierte Daten \u00fcber internationale Fonds inklusive Kapitalma\u00dfnahmen, Steuerinformationen und Echtzeitdaten f\u00fcr \u00fcber 139.000 Fonds in Gro\u00dfbritannien, Irland und Luxemburg.","og_url":"https:\/\/www.exchange-data.com\/de\/produkt\/nicht-us-investmentfonds\/","og_site_name":"Exchange Data International","article_modified_time":"2025-08-14T10:55:52+00:00","og_image":[{"width":1200,"height":630,"url":"https:\/\/www.exchange-data.com\/wp-content\/uploads\/2022\/04\/EDI-Default-Image-1200x630-1.png","type":"image\/png"}],"twitter_card":"summary_large_image","twitter_site":"@ExchangeData","twitter_misc":{"Gesch\u00e4tzte Lesezeit":"2\u00a0Minuten"},"schema":{"@context":"https:\/\/schema.org","@graph":[{"@type":"WebPage","@id":"https:\/\/www.exchange-data.com\/de\/produkt\/nicht-us-investmentfonds\/","url":"https:\/\/www.exchange-data.com\/de\/produkt\/nicht-us-investmentfonds\/","name":"Nicht-US-Investmentfonds Daten | Exchange Data International","isPartOf":{"@id":"https:\/\/www.exchange-data.com\/de\/#website"},"primaryImageOfPage":{"@id":"https:\/\/www.exchange-data.com\/de\/produkt\/nicht-us-investmentfonds\/#primaryimage"},"image":{"@id":"https:\/\/www.exchange-data.com\/de\/produkt\/nicht-us-investmentfonds\/#primaryimage"},"thumbnailUrl":"https:\/\/www.exchange-data.com\/wp-content\/uploads\/2022\/04\/EDI-Default-Image-1200x630-1.png","datePublished":"2022-05-27T14:38:46+00:00","dateModified":"2025-08-14T10:55:52+00:00","description":"Erhalten Sie strukturierte Daten \u00fcber internationale Fonds inklusive Kapitalma\u00dfnahmen, Steuerinformationen und Echtzeitdaten f\u00fcr \u00fcber 139.000 Fonds in Gro\u00dfbritannien, Irland und Luxemburg.","breadcrumb":{"@id":"https:\/\/www.exchange-data.com\/de\/produkt\/nicht-us-investmentfonds\/#breadcrumb"},"inLanguage":"de","potentialAction":[{"@type":"ReadAction","target":["https:\/\/www.exchange-data.com\/de\/produkt\/nicht-us-investmentfonds\/"]}]},{"@type":"ImageObject","inLanguage":"de","@id":"https:\/\/www.exchange-data.com\/de\/produkt\/nicht-us-investmentfonds\/#primaryimage","url":"https:\/\/www.exchange-data.com\/wp-content\/uploads\/2022\/04\/EDI-Default-Image-1200x630-1.png","contentUrl":"https:\/\/www.exchange-data.com\/wp-content\/uploads\/2022\/04\/EDI-Default-Image-1200x630-1.png","width":1200,"height":630},{"@type":"BreadcrumbList","@id":"https:\/\/www.exchange-data.com\/de\/produkt\/nicht-us-investmentfonds\/#breadcrumb","itemListElement":[{"@type":"ListItem","position":1,"name":"Home","item":"https:\/\/www.exchange-data.com\/de\/startseite\/"},{"@type":"ListItem","position":2,"name":"Nicht-US-Investmentfonds"}]},{"@type":"WebSite","@id":"https:\/\/www.exchange-data.com\/de\/#website","url":"https:\/\/www.exchange-data.com\/de\/","name":"Exchange Data International","description":"Doing data differently","publisher":{"@id":"https:\/\/www.exchange-data.com\/de\/#organization"},"potentialAction":[{"@type":"SearchAction","target":{"@type":"EntryPoint","urlTemplate":"https:\/\/www.exchange-data.com\/de\/?s={search_term_string}"},"query-input":{"@type":"PropertyValueSpecification","valueRequired":true,"valueName":"search_term_string"}}],"inLanguage":"de"},{"@type":"Organization","@id":"https:\/\/www.exchange-data.com\/de\/#organization","name":"Exchange Data International","url":"https:\/\/www.exchange-data.com\/de\/","logo":{"@type":"ImageObject","inLanguage":"de","@id":"https:\/\/www.exchange-data.com\/de\/#\/schema\/logo\/image\/","url":"https:\/\/www.exchange-data.com\/wp-content\/uploads\/2019\/03\/logo3.png","contentUrl":"https:\/\/www.exchange-data.com\/wp-content\/uploads\/2019\/03\/logo3.png","width":200,"height":80,"caption":"Exchange Data International"},"image":{"@id":"https:\/\/www.exchange-data.com\/de\/#\/schema\/logo\/image\/"},"sameAs":["https:\/\/x.com\/ExchangeData","https:\/\/www.linkedin.com\/company\/exchange-data-international\/?viewAsMember=true","https:\/\/www.youtube.com\/channel\/UC5D1OpUb22YZANRLD_Ktcgg?view_as=subscriber"]}]}},"_links":{"self":[{"href":"https:\/\/www.exchange-data.com\/de\/wp-json\/wp\/v2\/product\/35669","targetHints":{"allow":["GET"]}}],"collection":[{"href":"https:\/\/www.exchange-data.com\/de\/wp-json\/wp\/v2\/product"}],"about":[{"href":"https:\/\/www.exchange-data.com\/de\/wp-json\/wp\/v2\/types\/product"}],"wp:featuredmedia":[{"embeddable":true,"href":"https:\/\/www.exchange-data.com\/de\/wp-json\/wp\/v2\/media\/34737"}],"wp:attachment":[{"href":"https:\/\/www.exchange-data.com\/de\/wp-json\/wp\/v2\/media?parent=35669"}],"wp:term":[{"taxonomy":"country","embeddable":true,"href":"https:\/\/www.exchange-data.com\/de\/wp-json\/wp\/v2\/country?post=35669"},{"taxonomy":"product_category","embeddable":true,"href":"https:\/\/www.exchange-data.com\/de\/wp-json\/wp\/v2\/product_category?post=35669"}],"curies":[{"name":"wp","href":"https:\/\/api.w.org\/{rel}","templated":true}]}}