{"id":35671,"date":"2022-01-25T11:34:43","date_gmt":"2022-01-25T10:34:43","guid":{"rendered":"https:\/\/www.exchange-data.com\/product\/anleihe-schlusskurse\/"},"modified":"2025-08-12T13:14:16","modified_gmt":"2025-08-12T12:14:16","slug":"anleihe-schlusskurse","status":"publish","type":"product","link":"https:\/\/www.exchange-data.com\/de\/produkt\/anleihe-schlusskurse\/","title":{"rendered":"Schlusskurse von Anleihen"},"content":{"rendered":"<p><span style=\"font-weight: 400;\">Der Schlusskurs gilt als die aktuellste und standardisierte Bewertung eines Wertpapiers, bis der Handel am n\u00e4chsten B\u00f6rsentag wieder aufgenommen wird. Schlusskurse von Anleihen werden in der gesamten Finanzbranche f\u00fcr Portfoliobewertungen, Indexberechnungen, technische Analysen und Benchmarking eingesetzt. <\/span><\/p>\n<p><span style=\"font-weight: 400;\">Mit dem weltweiten End-of-Day-Pricing-Service von EDI k\u00f6nnen Banken, Broker und Handelsh\u00e4user Schlusskurse von Anleihen aus 106 B\u00f6rsen weltweit \u00fcber eine zentrale Quelle beziehen. Die gelieferten Datenfelder umfassen: lokalen Code oder Ticker, ISIN, W\u00e4hrung, Preisdatum, Er\u00f6ffnungs-, Hoch-, Tief- und Schlusskurs, Geld- und Briefkurse sowie das gehandelte Volumen. F\u00fcr die Londoner B\u00f6rse wird zus\u00e4tzlich der Mittelwertkurs (\u201eMid Price\u201c) bereitgestellt. <\/span><\/p>\n<p><span style=\"font-weight: 400;\">Der Schlusskurs-Feed besteht aus t\u00e4glichen Preisdateien f\u00fcr die Regionen EMEA (Europa, Naher Osten, Afrika), Asien\/Pazifik und Amerika. Da rund um die Uhr gro\u00dfe Mengen an Schlusskursdaten generiert werden, verarbeitet EDI die Dateien unmittelbar nach Verf\u00fcgbarkeit je Markt. Nutzer haben au\u00dferdem jederzeit Zugriff auf Daten eines rollierenden 10-Tage-Zeitraums \u00fcber eine browserbasierte Oberfl\u00e4che.  <\/span><\/p>\n<p><span style=\"font-weight: 400;\">Dank des <a href=\"https:\/\/www.exchange-data.com\/de\/product\/daten-zur-preisgestaltung-am-tagesende\/\">weltweiten End-of-Day-Pricing-Services<\/a> erhalten Finanzinstitute schnellen Zugang zu pr\u00e4zisen Schlusskursdaten. Dies erm\u00f6glicht eine zeitnahe Mark-to-Market-Bewertung sowie eine effiziente Abwicklung von Transaktionen. Zudem lassen sich die Daten kosteneffizient in Websites und Drittanwendungen integrieren. <\/span><\/p>\n","protected":false},"featured_media":0,"template":"","country":[],"product_category":[3173,3190,3167],"class_list":["post-35671","product","type-product","status-publish","hentry","product_category-daten-zur-preisgestaltung-de","product_category-festverzinsliche-daten","product_category-produkte-und-services","no-post-thumbnail"],"acf":[],"yoast_head":"<!-- This site is optimized with the Yoast SEO Premium plugin v26.0 (Yoast SEO v26.0) - https:\/\/yoast.com\/wordpress\/plugins\/seo\/ -->\n<title>Schlusskurse von Anleihen Dienstleistungen | Exchange Data International<\/title>\n<meta name=\"description\" content=\"Greifen Sie auf pr\u00e4zise Schlusskurse von Anleihen aus 106 B\u00f6rsen weltweit zu \u2013 f\u00fcr Bewertungen, Analysen und effizientes Transaktions-Reporting.\" \/>\n<meta name=\"robots\" content=\"index, follow, max-snippet:-1, max-image-preview:large, max-video-preview:-1\" \/>\n<link rel=\"canonical\" href=\"https:\/\/www.exchange-data.com\/de\/produkt\/anleihe-schlusskurse\/\" \/>\n<meta property=\"og:locale\" content=\"de_DE\" \/>\n<meta property=\"og:type\" content=\"article\" \/>\n<meta property=\"og:title\" content=\"Schlusskurse von Anleihen | Exchange Data International\" \/>\n<meta property=\"og:description\" content=\"Greifen Sie auf pr\u00e4zise Schlusskurse von Anleihen aus 106 B\u00f6rsen weltweit zu \u2013 f\u00fcr Bewertungen, Analysen und effizientes Transaktions-Reporting.\" \/>\n<meta property=\"og:url\" content=\"https:\/\/www.exchange-data.com\/de\/produkt\/anleihe-schlusskurse\/\" \/>\n<meta property=\"og:site_name\" content=\"Exchange Data International\" \/>\n<meta property=\"article:modified_time\" content=\"2025-08-12T12:14:16+00:00\" \/>\n<meta name=\"twitter:card\" content=\"summary_large_image\" \/>\n<meta name=\"twitter:site\" content=\"@ExchangeData\" \/>\n<meta name=\"twitter:label1\" content=\"Gesch\u00e4tzte Lesezeit\" \/>\n\t<meta name=\"twitter:data1\" content=\"1\u00a0Minute\" \/>\n<script type=\"application\/ld+json\" class=\"yoast-schema-graph\">{\"@context\":\"https:\/\/schema.org\",\"@graph\":[{\"@type\":\"WebPage\",\"@id\":\"https:\/\/www.exchange-data.com\/de\/produkt\/anleihe-schlusskurse\/\",\"url\":\"https:\/\/www.exchange-data.com\/de\/produkt\/anleihe-schlusskurse\/\",\"name\":\"Schlusskurse von Anleihen Dienstleistungen | Exchange Data International\",\"isPartOf\":{\"@id\":\"https:\/\/www.exchange-data.com\/de\/#website\"},\"datePublished\":\"2022-01-25T10:34:43+00:00\",\"dateModified\":\"2025-08-12T12:14:16+00:00\",\"description\":\"Greifen Sie auf pr\u00e4zise Schlusskurse von Anleihen aus 106 B\u00f6rsen weltweit zu \u2013 f\u00fcr Bewertungen, Analysen und effizientes Transaktions-Reporting.\",\"breadcrumb\":{\"@id\":\"https:\/\/www.exchange-data.com\/de\/produkt\/anleihe-schlusskurse\/#breadcrumb\"},\"inLanguage\":\"de\",\"potentialAction\":[{\"@type\":\"ReadAction\",\"target\":[\"https:\/\/www.exchange-data.com\/de\/produkt\/anleihe-schlusskurse\/\"]}]},{\"@type\":\"BreadcrumbList\",\"@id\":\"https:\/\/www.exchange-data.com\/de\/produkt\/anleihe-schlusskurse\/#breadcrumb\",\"itemListElement\":[{\"@type\":\"ListItem\",\"position\":1,\"name\":\"Home\",\"item\":\"https:\/\/www.exchange-data.com\/de\/startseite\/\"},{\"@type\":\"ListItem\",\"position\":2,\"name\":\"Schlusskurse von Anleihen\"}]},{\"@type\":\"WebSite\",\"@id\":\"https:\/\/www.exchange-data.com\/de\/#website\",\"url\":\"https:\/\/www.exchange-data.com\/de\/\",\"name\":\"Exchange Data International\",\"description\":\"Doing data differently\",\"publisher\":{\"@id\":\"https:\/\/www.exchange-data.com\/de\/#organization\"},\"potentialAction\":[{\"@type\":\"SearchAction\",\"target\":{\"@type\":\"EntryPoint\",\"urlTemplate\":\"https:\/\/www.exchange-data.com\/de\/?s={search_term_string}\"},\"query-input\":{\"@type\":\"PropertyValueSpecification\",\"valueRequired\":true,\"valueName\":\"search_term_string\"}}],\"inLanguage\":\"de\"},{\"@type\":\"Organization\",\"@id\":\"https:\/\/www.exchange-data.com\/de\/#organization\",\"name\":\"Exchange Data International\",\"url\":\"https:\/\/www.exchange-data.com\/de\/\",\"logo\":{\"@type\":\"ImageObject\",\"inLanguage\":\"de\",\"@id\":\"https:\/\/www.exchange-data.com\/de\/#\/schema\/logo\/image\/\",\"url\":\"https:\/\/www.exchange-data.com\/wp-content\/uploads\/2019\/03\/logo3.png\",\"contentUrl\":\"https:\/\/www.exchange-data.com\/wp-content\/uploads\/2019\/03\/logo3.png\",\"width\":200,\"height\":80,\"caption\":\"Exchange Data International\"},\"image\":{\"@id\":\"https:\/\/www.exchange-data.com\/de\/#\/schema\/logo\/image\/\"},\"sameAs\":[\"https:\/\/x.com\/ExchangeData\",\"https:\/\/www.linkedin.com\/company\/exchange-data-international\/?viewAsMember=true\",\"https:\/\/www.youtube.com\/channel\/UC5D1OpUb22YZANRLD_Ktcgg?view_as=subscriber\"]}]}<\/script>\n<!-- \/ Yoast SEO Premium plugin. -->","yoast_head_json":{"title":"Schlusskurse von Anleihen Dienstleistungen | Exchange Data International","description":"Greifen Sie auf pr\u00e4zise Schlusskurse von Anleihen aus 106 B\u00f6rsen weltweit zu \u2013 f\u00fcr Bewertungen, Analysen und effizientes Transaktions-Reporting.","robots":{"index":"index","follow":"follow","max-snippet":"max-snippet:-1","max-image-preview":"max-image-preview:large","max-video-preview":"max-video-preview:-1"},"canonical":"https:\/\/www.exchange-data.com\/de\/produkt\/anleihe-schlusskurse\/","og_locale":"de_DE","og_type":"article","og_title":"Schlusskurse von Anleihen | Exchange Data International","og_description":"Greifen Sie auf pr\u00e4zise Schlusskurse von Anleihen aus 106 B\u00f6rsen weltweit zu \u2013 f\u00fcr Bewertungen, Analysen und effizientes Transaktions-Reporting.","og_url":"https:\/\/www.exchange-data.com\/de\/produkt\/anleihe-schlusskurse\/","og_site_name":"Exchange Data International","article_modified_time":"2025-08-12T12:14:16+00:00","twitter_card":"summary_large_image","twitter_site":"@ExchangeData","twitter_misc":{"Gesch\u00e4tzte Lesezeit":"1\u00a0Minute"},"schema":{"@context":"https:\/\/schema.org","@graph":[{"@type":"WebPage","@id":"https:\/\/www.exchange-data.com\/de\/produkt\/anleihe-schlusskurse\/","url":"https:\/\/www.exchange-data.com\/de\/produkt\/anleihe-schlusskurse\/","name":"Schlusskurse von Anleihen Dienstleistungen | Exchange Data International","isPartOf":{"@id":"https:\/\/www.exchange-data.com\/de\/#website"},"datePublished":"2022-01-25T10:34:43+00:00","dateModified":"2025-08-12T12:14:16+00:00","description":"Greifen Sie auf pr\u00e4zise Schlusskurse von Anleihen aus 106 B\u00f6rsen weltweit zu \u2013 f\u00fcr Bewertungen, Analysen und effizientes Transaktions-Reporting.","breadcrumb":{"@id":"https:\/\/www.exchange-data.com\/de\/produkt\/anleihe-schlusskurse\/#breadcrumb"},"inLanguage":"de","potentialAction":[{"@type":"ReadAction","target":["https:\/\/www.exchange-data.com\/de\/produkt\/anleihe-schlusskurse\/"]}]},{"@type":"BreadcrumbList","@id":"https:\/\/www.exchange-data.com\/de\/produkt\/anleihe-schlusskurse\/#breadcrumb","itemListElement":[{"@type":"ListItem","position":1,"name":"Home","item":"https:\/\/www.exchange-data.com\/de\/startseite\/"},{"@type":"ListItem","position":2,"name":"Schlusskurse von Anleihen"}]},{"@type":"WebSite","@id":"https:\/\/www.exchange-data.com\/de\/#website","url":"https:\/\/www.exchange-data.com\/de\/","name":"Exchange Data International","description":"Doing data differently","publisher":{"@id":"https:\/\/www.exchange-data.com\/de\/#organization"},"potentialAction":[{"@type":"SearchAction","target":{"@type":"EntryPoint","urlTemplate":"https:\/\/www.exchange-data.com\/de\/?s={search_term_string}"},"query-input":{"@type":"PropertyValueSpecification","valueRequired":true,"valueName":"search_term_string"}}],"inLanguage":"de"},{"@type":"Organization","@id":"https:\/\/www.exchange-data.com\/de\/#organization","name":"Exchange Data International","url":"https:\/\/www.exchange-data.com\/de\/","logo":{"@type":"ImageObject","inLanguage":"de","@id":"https:\/\/www.exchange-data.com\/de\/#\/schema\/logo\/image\/","url":"https:\/\/www.exchange-data.com\/wp-content\/uploads\/2019\/03\/logo3.png","contentUrl":"https:\/\/www.exchange-data.com\/wp-content\/uploads\/2019\/03\/logo3.png","width":200,"height":80,"caption":"Exchange Data International"},"image":{"@id":"https:\/\/www.exchange-data.com\/de\/#\/schema\/logo\/image\/"},"sameAs":["https:\/\/x.com\/ExchangeData","https:\/\/www.linkedin.com\/company\/exchange-data-international\/?viewAsMember=true","https:\/\/www.youtube.com\/channel\/UC5D1OpUb22YZANRLD_Ktcgg?view_as=subscriber"]}]}},"_links":{"self":[{"href":"https:\/\/www.exchange-data.com\/de\/wp-json\/wp\/v2\/product\/35671","targetHints":{"allow":["GET"]}}],"collection":[{"href":"https:\/\/www.exchange-data.com\/de\/wp-json\/wp\/v2\/product"}],"about":[{"href":"https:\/\/www.exchange-data.com\/de\/wp-json\/wp\/v2\/types\/product"}],"wp:attachment":[{"href":"https:\/\/www.exchange-data.com\/de\/wp-json\/wp\/v2\/media?parent=35671"}],"wp:term":[{"taxonomy":"country","embeddable":true,"href":"https:\/\/www.exchange-data.com\/de\/wp-json\/wp\/v2\/country?post=35671"},{"taxonomy":"product_category","embeddable":true,"href":"https:\/\/www.exchange-data.com\/de\/wp-json\/wp\/v2\/product_category?post=35671"}],"curies":[{"name":"wp","href":"https:\/\/api.w.org\/{rel}","templated":true}]}}