{"id":35672,"date":"2022-01-20T14:50:04","date_gmt":"2022-01-20T13:50:04","guid":{"rendered":"https:\/\/www.exchange-data.com\/product\/lesbare-corporate-action-notices\/"},"modified":"2025-09-02T08:29:19","modified_gmt":"2025-09-02T07:29:19","slug":"lesbare-corporate-action-notices","status":"publish","type":"product","link":"https:\/\/www.exchange-data.com\/de\/produkt\/lesbare-corporate-action-notices\/","title":{"rendered":"Lesbare Mitteilungen zu Kapitalma\u00dfnahmen"},"content":{"rendered":"<p>&nbsp;<\/p>\n<h2>Engagement f\u00fcr die Ver\u00e4nderung der Art und Weise, wie die Branche mit Corporate Actions-Daten umgeht<\/h2>\n<p>&nbsp;<\/p>\n<p><span style=\"font-weight: 400;\">Mit dem RCAN-Produkt (\u201eReadable Corporate Action Notice\u201c) setzt EDI neue Ma\u00dfst\u00e4be, wie Finanzprofis Mitteilungen zu Kapitalma\u00dfnahmen lesen und verarbeiten. RCAN stellt s\u00e4mtliche Datenpunkte eines typischen Kapitalma\u00dfnahmen-Feeds (z.\u202fB. Microsoft Excel, CSV oder XML) in einem leicht lesbaren Format bereit \u2013 \u00e4hnlich einem Newsticker.<\/span><\/p>\n<p><span style=\"font-weight: 400;\">Im Gegensatz zu herk\u00f6mmlichen Datenfeeds, bei denen die Informationen aufwendig in der Kundendatenbank verkn\u00fcpft werden m\u00fcssen, ist RCAN eine vollst\u00e4ndige Mitteilung: Alle relevanten Informationen sind konsolidiert und logisch gegliedert.<\/span><\/p>\n<p><a href=\"https:\/\/www.exchange-data.com\/corporate-actions-guide-everything-you-need-to-know\/?utm_source=EDI&#038;utm_medium=Product_RCAN\"><img decoding=\"async\" src=\"https:\/\/www.exchange-data.com\/wp-content\/uploads\/2019\/03\/ProductPage_CAGuide_V2.png\" align=\"right\"><\/a><\/p>\n<p>&nbsp;<\/p>\n<h3>Kapitalma\u00dfnahmen lesen wie eine Nachricht<\/h3>\n<p>&nbsp;<\/p>\n<p><span style=\"font-weight: 400;\">RCAN geht \u00fcber herk\u00f6mmliche Formate hinaus und bietet Funktionen f\u00fcr Change Management, Querverweise auf verwandte Mitteilungen sowie zus\u00e4tzliche Datenpunkte, die in der zugrunde liegenden Datenbank nicht enthalten sind. Die Struktur ist klar und logisch: Sie beginnt mit \u201eREFERENCE DATA\u201c, gefolgt von \u201eEVENT DATA\u201c sowie \u2013 falls zutreffend \u2013 \u201eRELATED EVENTS\u201c und \u201ePAYMENT OPTIONS\u201c.  <\/span><\/p>\n<p><span style=\"font-weight: 400;\">Wenn das Ereignis vermerkt wurde, schlie\u00dft die Mitteilung mit einem Abschnitt \u201eDOCUMENT NOTES\u201c, der in der Regel den urspr\u00fcnglichen Text des Quelldokuments enth\u00e4lt, auf dem die EDI-Ereignisdaten basieren.<\/span><\/p>\n<p>&nbsp;<\/p>\n<h4>Vorteile von RCAN auf einen Blick:<\/h4>\n<p>&nbsp;<\/p>\n<ul>\n<li><span style=\"font-weight: 400;\">Intraday-Meldungen zu vier festgelegten Zeiten t\u00e4glich \u2013 in der gleichen Frequenz wie klassische Kapitalma\u00dfnahmen-Feeds.Alle wichtigen Informationen in einem lesbaren Dokument \u2013 ideal f\u00fcr fundierte Entscheidungen. <\/span><\/li>\n<li><span style=\"font-weight: 400;\">Front- und Middle-Office erhalten direkten Einblick in aktuelle Werte \u2013 f\u00fcr mehr Effizienz und geringeres Fehlerrisiko.<\/span><\/li>\n<li><span style=\"font-weight: 400;\">Alle relevanten Informationen in einem Dokument: Kein manuelles Aggregieren in internen Datenbanken mehr n\u00f6tig.<\/span><\/li>\n<li><span style=\"font-weight: 400;\">Integration zus\u00e4tzlicher Daten aus internen und externen Quellen, inklusive L\u00f6schungen, \u00c4nderungsverl\u00e4ufen, Links zu verwandten Mitteilungen sowie Referenz- und Ereignisdaten.<\/span><\/li>\n<\/ul>\n","protected":false},"featured_media":0,"template":"","country":[],"product_category":[3191,3167],"class_list":["post-35672","product","type-product","status-publish","hentry","product_category-equity-corporate-actions","product_category-produkte-und-services","no-post-thumbnail"],"acf":[],"yoast_head":"<!-- This site is optimized with the Yoast SEO Premium plugin v26.0 (Yoast SEO v26.0) - https:\/\/yoast.com\/wordpress\/plugins\/seo\/ -->\n<title>Lesbare Mitteilungen zu Kapitalma\u00dfnahmen Dienstleistungen | Exchange Data International<\/title>\n<meta name=\"description\" content=\"RCAN vereinfacht Mitteilungen zu Kapitalma\u00dfnahmen durch lesbare Dokumente mit allen relevanten Datenpunkten \u2013 inklusive \u00c4nderungsverl\u00e4ufen und Zusatzinformationen.\" \/>\n<meta name=\"robots\" content=\"index, follow, max-snippet:-1, max-image-preview:large, max-video-preview:-1\" \/>\n<link rel=\"canonical\" href=\"https:\/\/www.exchange-data.com\/de\/produkt\/lesbare-corporate-action-notices\/\" \/>\n<meta property=\"og:locale\" content=\"de_DE\" \/>\n<meta property=\"og:type\" content=\"article\" \/>\n<meta property=\"og:title\" content=\"Lesbare Mitteilungen zu Kapitalma\u00dfnahmen | Exchange Data International\" \/>\n<meta property=\"og:description\" content=\"RCAN vereinfacht Mitteilungen zu Kapitalma\u00dfnahmen durch lesbare Dokumente mit allen relevanten Datenpunkten \u2013 inklusive \u00c4nderungsverl\u00e4ufen und Zusatzinformationen.\" \/>\n<meta property=\"og:url\" content=\"https:\/\/www.exchange-data.com\/de\/produkt\/lesbare-corporate-action-notices\/\" \/>\n<meta property=\"og:site_name\" content=\"Exchange Data International\" \/>\n<meta property=\"article:modified_time\" content=\"2025-09-02T07:29:19+00:00\" \/>\n<meta property=\"og:image\" content=\"https:\/\/www.exchange-data.com\/wp-content\/uploads\/2019\/03\/ProductPage_CAGuide_V2.png\" \/>\n<meta name=\"twitter:card\" content=\"summary_large_image\" \/>\n<meta name=\"twitter:site\" content=\"@ExchangeData\" \/>\n<meta name=\"twitter:label1\" content=\"Gesch\u00e4tzte Lesezeit\" \/>\n\t<meta name=\"twitter:data1\" content=\"2\u00a0Minuten\" \/>\n<script type=\"application\/ld+json\" class=\"yoast-schema-graph\">{\"@context\":\"https:\/\/schema.org\",\"@graph\":[{\"@type\":\"WebPage\",\"@id\":\"https:\/\/www.exchange-data.com\/de\/produkt\/lesbare-corporate-action-notices\/\",\"url\":\"https:\/\/www.exchange-data.com\/de\/produkt\/lesbare-corporate-action-notices\/\",\"name\":\"Lesbare Mitteilungen zu Kapitalma\u00dfnahmen Dienstleistungen | Exchange Data International\",\"isPartOf\":{\"@id\":\"https:\/\/www.exchange-data.com\/de\/#website\"},\"primaryImageOfPage\":{\"@id\":\"https:\/\/www.exchange-data.com\/de\/produkt\/lesbare-corporate-action-notices\/#primaryimage\"},\"image\":{\"@id\":\"https:\/\/www.exchange-data.com\/de\/produkt\/lesbare-corporate-action-notices\/#primaryimage\"},\"thumbnailUrl\":\"https:\/\/www.exchange-data.com\/wp-content\/uploads\/2019\/03\/ProductPage_CAGuide_V2.png\",\"datePublished\":\"2022-01-20T13:50:04+00:00\",\"dateModified\":\"2025-09-02T07:29:19+00:00\",\"description\":\"RCAN vereinfacht Mitteilungen zu Kapitalma\u00dfnahmen durch lesbare Dokumente mit allen relevanten Datenpunkten \u2013 inklusive \u00c4nderungsverl\u00e4ufen und Zusatzinformationen.\",\"breadcrumb\":{\"@id\":\"https:\/\/www.exchange-data.com\/de\/produkt\/lesbare-corporate-action-notices\/#breadcrumb\"},\"inLanguage\":\"de\",\"potentialAction\":[{\"@type\":\"ReadAction\",\"target\":[\"https:\/\/www.exchange-data.com\/de\/produkt\/lesbare-corporate-action-notices\/\"]}]},{\"@type\":\"ImageObject\",\"inLanguage\":\"de\",\"@id\":\"https:\/\/www.exchange-data.com\/de\/produkt\/lesbare-corporate-action-notices\/#primaryimage\",\"url\":\"https:\/\/www.exchange-data.com\/wp-content\/uploads\/2019\/03\/ProductPage_CAGuide_V2.png\",\"contentUrl\":\"https:\/\/www.exchange-data.com\/wp-content\/uploads\/2019\/03\/ProductPage_CAGuide_V2.png\"},{\"@type\":\"BreadcrumbList\",\"@id\":\"https:\/\/www.exchange-data.com\/de\/produkt\/lesbare-corporate-action-notices\/#breadcrumb\",\"itemListElement\":[{\"@type\":\"ListItem\",\"position\":1,\"name\":\"Home\",\"item\":\"https:\/\/www.exchange-data.com\/de\/startseite\/\"},{\"@type\":\"ListItem\",\"position\":2,\"name\":\"Lesbare Mitteilungen zu Kapitalma\u00dfnahmen\"}]},{\"@type\":\"WebSite\",\"@id\":\"https:\/\/www.exchange-data.com\/de\/#website\",\"url\":\"https:\/\/www.exchange-data.com\/de\/\",\"name\":\"Exchange Data International\",\"description\":\"Doing data differently\",\"publisher\":{\"@id\":\"https:\/\/www.exchange-data.com\/de\/#organization\"},\"potentialAction\":[{\"@type\":\"SearchAction\",\"target\":{\"@type\":\"EntryPoint\",\"urlTemplate\":\"https:\/\/www.exchange-data.com\/de\/?s={search_term_string}\"},\"query-input\":{\"@type\":\"PropertyValueSpecification\",\"valueRequired\":true,\"valueName\":\"search_term_string\"}}],\"inLanguage\":\"de\"},{\"@type\":\"Organization\",\"@id\":\"https:\/\/www.exchange-data.com\/de\/#organization\",\"name\":\"Exchange Data International\",\"url\":\"https:\/\/www.exchange-data.com\/de\/\",\"logo\":{\"@type\":\"ImageObject\",\"inLanguage\":\"de\",\"@id\":\"https:\/\/www.exchange-data.com\/de\/#\/schema\/logo\/image\/\",\"url\":\"https:\/\/www.exchange-data.com\/wp-content\/uploads\/2019\/03\/logo3.png\",\"contentUrl\":\"https:\/\/www.exchange-data.com\/wp-content\/uploads\/2019\/03\/logo3.png\",\"width\":200,\"height\":80,\"caption\":\"Exchange Data International\"},\"image\":{\"@id\":\"https:\/\/www.exchange-data.com\/de\/#\/schema\/logo\/image\/\"},\"sameAs\":[\"https:\/\/x.com\/ExchangeData\",\"https:\/\/www.linkedin.com\/company\/exchange-data-international\/?viewAsMember=true\",\"https:\/\/www.youtube.com\/channel\/UC5D1OpUb22YZANRLD_Ktcgg?view_as=subscriber\"]}]}<\/script>\n<!-- \/ Yoast SEO Premium plugin. -->","yoast_head_json":{"title":"Lesbare Mitteilungen zu Kapitalma\u00dfnahmen Dienstleistungen | Exchange Data International","description":"RCAN vereinfacht Mitteilungen zu Kapitalma\u00dfnahmen durch lesbare Dokumente mit allen relevanten Datenpunkten \u2013 inklusive \u00c4nderungsverl\u00e4ufen und Zusatzinformationen.","robots":{"index":"index","follow":"follow","max-snippet":"max-snippet:-1","max-image-preview":"max-image-preview:large","max-video-preview":"max-video-preview:-1"},"canonical":"https:\/\/www.exchange-data.com\/de\/produkt\/lesbare-corporate-action-notices\/","og_locale":"de_DE","og_type":"article","og_title":"Lesbare Mitteilungen zu Kapitalma\u00dfnahmen | Exchange Data International","og_description":"RCAN vereinfacht Mitteilungen zu Kapitalma\u00dfnahmen durch lesbare Dokumente mit allen relevanten Datenpunkten \u2013 inklusive \u00c4nderungsverl\u00e4ufen und Zusatzinformationen.","og_url":"https:\/\/www.exchange-data.com\/de\/produkt\/lesbare-corporate-action-notices\/","og_site_name":"Exchange Data International","article_modified_time":"2025-09-02T07:29:19+00:00","og_image":[{"url":"https:\/\/www.exchange-data.com\/wp-content\/uploads\/2019\/03\/ProductPage_CAGuide_V2.png","type":"","width":"","height":""}],"twitter_card":"summary_large_image","twitter_site":"@ExchangeData","twitter_misc":{"Gesch\u00e4tzte Lesezeit":"2\u00a0Minuten"},"schema":{"@context":"https:\/\/schema.org","@graph":[{"@type":"WebPage","@id":"https:\/\/www.exchange-data.com\/de\/produkt\/lesbare-corporate-action-notices\/","url":"https:\/\/www.exchange-data.com\/de\/produkt\/lesbare-corporate-action-notices\/","name":"Lesbare Mitteilungen zu Kapitalma\u00dfnahmen Dienstleistungen | Exchange Data International","isPartOf":{"@id":"https:\/\/www.exchange-data.com\/de\/#website"},"primaryImageOfPage":{"@id":"https:\/\/www.exchange-data.com\/de\/produkt\/lesbare-corporate-action-notices\/#primaryimage"},"image":{"@id":"https:\/\/www.exchange-data.com\/de\/produkt\/lesbare-corporate-action-notices\/#primaryimage"},"thumbnailUrl":"https:\/\/www.exchange-data.com\/wp-content\/uploads\/2019\/03\/ProductPage_CAGuide_V2.png","datePublished":"2022-01-20T13:50:04+00:00","dateModified":"2025-09-02T07:29:19+00:00","description":"RCAN vereinfacht Mitteilungen zu Kapitalma\u00dfnahmen durch lesbare Dokumente mit allen relevanten Datenpunkten \u2013 inklusive \u00c4nderungsverl\u00e4ufen und Zusatzinformationen.","breadcrumb":{"@id":"https:\/\/www.exchange-data.com\/de\/produkt\/lesbare-corporate-action-notices\/#breadcrumb"},"inLanguage":"de","potentialAction":[{"@type":"ReadAction","target":["https:\/\/www.exchange-data.com\/de\/produkt\/lesbare-corporate-action-notices\/"]}]},{"@type":"ImageObject","inLanguage":"de","@id":"https:\/\/www.exchange-data.com\/de\/produkt\/lesbare-corporate-action-notices\/#primaryimage","url":"https:\/\/www.exchange-data.com\/wp-content\/uploads\/2019\/03\/ProductPage_CAGuide_V2.png","contentUrl":"https:\/\/www.exchange-data.com\/wp-content\/uploads\/2019\/03\/ProductPage_CAGuide_V2.png"},{"@type":"BreadcrumbList","@id":"https:\/\/www.exchange-data.com\/de\/produkt\/lesbare-corporate-action-notices\/#breadcrumb","itemListElement":[{"@type":"ListItem","position":1,"name":"Home","item":"https:\/\/www.exchange-data.com\/de\/startseite\/"},{"@type":"ListItem","position":2,"name":"Lesbare Mitteilungen zu Kapitalma\u00dfnahmen"}]},{"@type":"WebSite","@id":"https:\/\/www.exchange-data.com\/de\/#website","url":"https:\/\/www.exchange-data.com\/de\/","name":"Exchange Data International","description":"Doing data differently","publisher":{"@id":"https:\/\/www.exchange-data.com\/de\/#organization"},"potentialAction":[{"@type":"SearchAction","target":{"@type":"EntryPoint","urlTemplate":"https:\/\/www.exchange-data.com\/de\/?s={search_term_string}"},"query-input":{"@type":"PropertyValueSpecification","valueRequired":true,"valueName":"search_term_string"}}],"inLanguage":"de"},{"@type":"Organization","@id":"https:\/\/www.exchange-data.com\/de\/#organization","name":"Exchange Data International","url":"https:\/\/www.exchange-data.com\/de\/","logo":{"@type":"ImageObject","inLanguage":"de","@id":"https:\/\/www.exchange-data.com\/de\/#\/schema\/logo\/image\/","url":"https:\/\/www.exchange-data.com\/wp-content\/uploads\/2019\/03\/logo3.png","contentUrl":"https:\/\/www.exchange-data.com\/wp-content\/uploads\/2019\/03\/logo3.png","width":200,"height":80,"caption":"Exchange Data International"},"image":{"@id":"https:\/\/www.exchange-data.com\/de\/#\/schema\/logo\/image\/"},"sameAs":["https:\/\/x.com\/ExchangeData","https:\/\/www.linkedin.com\/company\/exchange-data-international\/?viewAsMember=true","https:\/\/www.youtube.com\/channel\/UC5D1OpUb22YZANRLD_Ktcgg?view_as=subscriber"]}]}},"_links":{"self":[{"href":"https:\/\/www.exchange-data.com\/de\/wp-json\/wp\/v2\/product\/35672","targetHints":{"allow":["GET"]}}],"collection":[{"href":"https:\/\/www.exchange-data.com\/de\/wp-json\/wp\/v2\/product"}],"about":[{"href":"https:\/\/www.exchange-data.com\/de\/wp-json\/wp\/v2\/types\/product"}],"wp:attachment":[{"href":"https:\/\/www.exchange-data.com\/de\/wp-json\/wp\/v2\/media?parent=35672"}],"wp:term":[{"taxonomy":"country","embeddable":true,"href":"https:\/\/www.exchange-data.com\/de\/wp-json\/wp\/v2\/country?post=35672"},{"taxonomy":"product_category","embeddable":true,"href":"https:\/\/www.exchange-data.com\/de\/wp-json\/wp\/v2\/product_category?post=35672"}],"curies":[{"name":"wp","href":"https:\/\/api.w.org\/{rel}","templated":true}]}}