{"id":35674,"date":"2021-09-24T16:10:42","date_gmt":"2021-09-24T15:10:42","guid":{"rendered":"https:\/\/www.exchange-data.com\/product\/real-estate-investment-trust\/"},"modified":"2025-08-12T11:15:03","modified_gmt":"2025-08-12T10:15:03","slug":"real-estate-investment-trust","status":"publish","type":"product","link":"https:\/\/www.exchange-data.com\/de\/produkt\/real-estate-investment-trust\/","title":{"rendered":"Real Estate Investment Trust"},"content":{"rendered":"<p>Bereitgestellt in Partnerschaft mit Securities Quote Xchange (SQX) bietet der REIT-Bewertungsservice Asset Managern eine verl\u00e4ssliche, unabh\u00e4ngige Quelle, um den zeitintensiven Aufwand f\u00fcr Nachverfolgung, Informationsbeschaffung, Nachbereitung und SEC-Filings bei privaten, nicht b\u00f6rsennotierten, b\u00f6rsennotierten REITs sowie geschlossenen Fonds zu reduzieren. SQX kennt die regulatorischen Rahmenbedingungen und die unterschiedlichen Bewertungsmethoden, die bei der Preisermittlung von REITs zum Einsatz kommen. Dieser zus\u00e4tzliche Schutz erm\u00f6glicht es den Kunden, sich auf andere strategische Bereiche ihres Unternehmens zu konzentrieren.Als ausgewiesene Spezialisten f\u00fcr die Erhebung und Verbreitung von schwer bewertbaren Wertpapierkursen ist SQX f\u00fcr seinen schnellen und pers\u00f6nlichen Kundenservice bekannt \u2013 und hebt sich damit in Genauigkeit, Kosten und Service deutlich vom Wettbewerb ab.   <\/p>\n<h3>Kernfunktionen<\/h3>\n<ul>\n<li><strong>Transparent<\/strong> \u2013 Alle relevanten Quellen und Bewertungsmethoden, die zur Preisbestimmung einer Position verwendet wurden, sind einsehbar und pr\u00fcfbar.<\/li>\n<li><strong>Regelkonform <\/strong>\u2013 Unsere Daten entsprechen den Bewertungsrichtlinien der FINRA-Regeln 2231 und 2111.<\/li>\n<li><strong>Vollst\u00e4ndig <\/strong>\u2013 Wir liefern Preise f\u00fcr private, nicht b\u00f6rsennotierte und b\u00f6rsennotierte REITs, BDCs, Equity REITs sowie weitere Intervall- und geschlossene Fonds.<\/li>\n<li><strong>Individuell anpassbar<\/strong> \u2013 Kundenberichte k\u00f6nnen in Format, Inhalt und \u00dcbertragungsweg flexibel angepasst werden.<\/li>\n<\/ul>\n<h3>Abgedeckte REITs<\/h3>\n<ul>\n<li><strong>Private REITs<\/strong> \u2013 Diese werden ausschlie\u00dflich an institutionelle Investoren verkauft und unterscheiden sich dadurch grundlegend.<\/li>\n<li><strong>Nicht b\u00f6rsennotierte, \u00f6ffentlich zug\u00e4ngliche REITs <\/strong>\u2013 Diese sind nicht an nationalen B\u00f6rsen gelistet und dadurch weniger liquide, bieten jedoch eine stabilere Wertentwicklung mit geringeren Marktschwankungen. <\/li>\n<li><strong>B\u00f6rsennotierte REITs <\/strong>\u2013 Diese Anteile werden an nationalen B\u00f6rsen gehandelt und k\u00f6nnen von Privatanlegern gekauft und verkauft werden.<\/li>\n<\/ul>\n","protected":false},"featured_media":34599,"template":"","country":[],"product_category":[3174,3167],"class_list":["post-35674","product","type-product","status-publish","has-post-thumbnail","hentry","product_category-investment-funds-edi-de-edi-products-services-de","product_category-produkte-und-services"],"acf":[],"yoast_head":"<!-- This site is optimized with the Yoast SEO Premium plugin v26.0 (Yoast SEO v26.0) - https:\/\/yoast.com\/wordpress\/plugins\/seo\/ -->\n<title>Real Estate Investment Trust Dienstleistungen | Exchange Data International<\/title>\n<meta name=\"description\" content=\"Verlassen Sie sich auf pr\u00e4zise, regelkonforme REIT-Daten f\u00fcr private, \u00f6ffentlich nicht gehandelte und b\u00f6rsennotierte Fonds \u2013 bereitgestellt in Partnerschaft mit SQX.\" \/>\n<meta name=\"robots\" content=\"index, follow, max-snippet:-1, max-image-preview:large, max-video-preview:-1\" \/>\n<link rel=\"canonical\" href=\"https:\/\/www.exchange-data.com\/de\/produkt\/real-estate-investment-trust\/\" \/>\n<meta property=\"og:locale\" content=\"de_DE\" \/>\n<meta property=\"og:type\" content=\"article\" \/>\n<meta property=\"og:title\" content=\"Real Estate Investment Trust (REIT) - EDI\" \/>\n<meta property=\"og:description\" content=\"Der REIT-Preisservice bietet Verm\u00f6gensverwaltern eine vertrauensw\u00fcrdige Drittquelle, die ihnen die zeitaufw\u00e4ndige Nachverfolgung, Ermittlung, Nachbereitung und SEC-Analyse f\u00fcr private, nicht b\u00f6rsennotierte und \u00f6ffentliche REITs sowie geschlossene Fonds abnimmt.\" \/>\n<meta property=\"og:url\" content=\"https:\/\/www.exchange-data.com\/de\/produkt\/real-estate-investment-trust\/\" \/>\n<meta property=\"og:site_name\" content=\"Exchange Data International\" \/>\n<meta property=\"article:modified_time\" content=\"2025-08-12T10:15:03+00:00\" \/>\n<meta property=\"og:image\" content=\"https:\/\/www.exchange-data.com\/wp-content\/uploads\/2021\/09\/pexels-timur-saglambilek-87223-700x400px.jpg\" \/>\n<meta name=\"twitter:card\" content=\"summary_large_image\" \/>\n<meta name=\"twitter:title\" content=\"Real Estate Investment Trust (REIT) - EDI\" \/>\n<meta name=\"twitter:description\" content=\"Der REIT-Preisservice bietet Verm\u00f6gensverwaltern eine vertrauensw\u00fcrdige Drittquelle, die ihnen die zeitaufw\u00e4ndige Nachverfolgung, Ermittlung, Nachbereitung und SEC-Analyse f\u00fcr private, nicht b\u00f6rsennotierte und \u00f6ffentliche REITs sowie geschlossene Fonds abnimmt.\" \/>\n<meta name=\"twitter:image\" content=\"https:\/\/www.exchange-data.com\/wp-content\/uploads\/2021\/09\/pexels-timur-saglambilek-87223-700x400px.jpg\" \/>\n<meta name=\"twitter:site\" content=\"@ExchangeData\" \/>\n<meta name=\"twitter:label1\" content=\"Gesch\u00e4tzte Lesezeit\" \/>\n\t<meta name=\"twitter:data1\" content=\"1\u00a0Minute\" \/>\n<script type=\"application\/ld+json\" class=\"yoast-schema-graph\">{\"@context\":\"https:\/\/schema.org\",\"@graph\":[{\"@type\":\"WebPage\",\"@id\":\"https:\/\/www.exchange-data.com\/de\/produkt\/real-estate-investment-trust\/\",\"url\":\"https:\/\/www.exchange-data.com\/de\/produkt\/real-estate-investment-trust\/\",\"name\":\"Real Estate Investment Trust Dienstleistungen | Exchange Data International\",\"isPartOf\":{\"@id\":\"https:\/\/www.exchange-data.com\/de\/#website\"},\"primaryImageOfPage\":{\"@id\":\"https:\/\/www.exchange-data.com\/de\/produkt\/real-estate-investment-trust\/#primaryimage\"},\"image\":{\"@id\":\"https:\/\/www.exchange-data.com\/de\/produkt\/real-estate-investment-trust\/#primaryimage\"},\"thumbnailUrl\":\"https:\/\/www.exchange-data.com\/wp-content\/uploads\/2021\/09\/pexels-timur-saglambilek-87223-700x400px.jpg\",\"datePublished\":\"2021-09-24T15:10:42+00:00\",\"dateModified\":\"2025-08-12T10:15:03+00:00\",\"description\":\"Verlassen Sie sich auf pr\u00e4zise, regelkonforme REIT-Daten f\u00fcr private, \u00f6ffentlich nicht gehandelte und b\u00f6rsennotierte Fonds \u2013 bereitgestellt in Partnerschaft mit SQX.\",\"breadcrumb\":{\"@id\":\"https:\/\/www.exchange-data.com\/de\/produkt\/real-estate-investment-trust\/#breadcrumb\"},\"inLanguage\":\"de\",\"potentialAction\":[{\"@type\":\"ReadAction\",\"target\":[\"https:\/\/www.exchange-data.com\/de\/produkt\/real-estate-investment-trust\/\"]}]},{\"@type\":\"ImageObject\",\"inLanguage\":\"de\",\"@id\":\"https:\/\/www.exchange-data.com\/de\/produkt\/real-estate-investment-trust\/#primaryimage\",\"url\":\"https:\/\/www.exchange-data.com\/wp-content\/uploads\/2021\/09\/pexels-timur-saglambilek-87223-700x400px.jpg\",\"contentUrl\":\"https:\/\/www.exchange-data.com\/wp-content\/uploads\/2021\/09\/pexels-timur-saglambilek-87223-700x400px.jpg\",\"width\":700,\"height\":400},{\"@type\":\"BreadcrumbList\",\"@id\":\"https:\/\/www.exchange-data.com\/de\/produkt\/real-estate-investment-trust\/#breadcrumb\",\"itemListElement\":[{\"@type\":\"ListItem\",\"position\":1,\"name\":\"Home\",\"item\":\"https:\/\/www.exchange-data.com\/de\/startseite\/\"},{\"@type\":\"ListItem\",\"position\":2,\"name\":\"Real Estate Investment Trust\"}]},{\"@type\":\"WebSite\",\"@id\":\"https:\/\/www.exchange-data.com\/de\/#website\",\"url\":\"https:\/\/www.exchange-data.com\/de\/\",\"name\":\"Exchange Data International\",\"description\":\"Doing data differently\",\"publisher\":{\"@id\":\"https:\/\/www.exchange-data.com\/de\/#organization\"},\"potentialAction\":[{\"@type\":\"SearchAction\",\"target\":{\"@type\":\"EntryPoint\",\"urlTemplate\":\"https:\/\/www.exchange-data.com\/de\/?s={search_term_string}\"},\"query-input\":{\"@type\":\"PropertyValueSpecification\",\"valueRequired\":true,\"valueName\":\"search_term_string\"}}],\"inLanguage\":\"de\"},{\"@type\":\"Organization\",\"@id\":\"https:\/\/www.exchange-data.com\/de\/#organization\",\"name\":\"Exchange Data International\",\"url\":\"https:\/\/www.exchange-data.com\/de\/\",\"logo\":{\"@type\":\"ImageObject\",\"inLanguage\":\"de\",\"@id\":\"https:\/\/www.exchange-data.com\/de\/#\/schema\/logo\/image\/\",\"url\":\"https:\/\/www.exchange-data.com\/wp-content\/uploads\/2019\/03\/logo3.png\",\"contentUrl\":\"https:\/\/www.exchange-data.com\/wp-content\/uploads\/2019\/03\/logo3.png\",\"width\":200,\"height\":80,\"caption\":\"Exchange Data International\"},\"image\":{\"@id\":\"https:\/\/www.exchange-data.com\/de\/#\/schema\/logo\/image\/\"},\"sameAs\":[\"https:\/\/x.com\/ExchangeData\",\"https:\/\/www.linkedin.com\/company\/exchange-data-international\/?viewAsMember=true\",\"https:\/\/www.youtube.com\/channel\/UC5D1OpUb22YZANRLD_Ktcgg?view_as=subscriber\"]}]}<\/script>\n<!-- \/ Yoast SEO Premium plugin. -->","yoast_head_json":{"title":"Real Estate Investment Trust Dienstleistungen | Exchange Data International","description":"Verlassen Sie sich auf pr\u00e4zise, regelkonforme REIT-Daten f\u00fcr private, \u00f6ffentlich nicht gehandelte und b\u00f6rsennotierte Fonds \u2013 bereitgestellt in Partnerschaft mit SQX.","robots":{"index":"index","follow":"follow","max-snippet":"max-snippet:-1","max-image-preview":"max-image-preview:large","max-video-preview":"max-video-preview:-1"},"canonical":"https:\/\/www.exchange-data.com\/de\/produkt\/real-estate-investment-trust\/","og_locale":"de_DE","og_type":"article","og_title":"Real Estate Investment Trust (REIT) - EDI","og_description":"Der REIT-Preisservice bietet Verm\u00f6gensverwaltern eine vertrauensw\u00fcrdige Drittquelle, die ihnen die zeitaufw\u00e4ndige Nachverfolgung, Ermittlung, Nachbereitung und SEC-Analyse f\u00fcr private, nicht b\u00f6rsennotierte und \u00f6ffentliche REITs sowie geschlossene Fonds abnimmt.","og_url":"https:\/\/www.exchange-data.com\/de\/produkt\/real-estate-investment-trust\/","og_site_name":"Exchange Data International","article_modified_time":"2025-08-12T10:15:03+00:00","og_image":[{"url":"https:\/\/www.exchange-data.com\/wp-content\/uploads\/2021\/09\/pexels-timur-saglambilek-87223-700x400px.jpg","type":"","width":"","height":""}],"twitter_card":"summary_large_image","twitter_title":"Real Estate Investment Trust (REIT) - EDI","twitter_description":"Der REIT-Preisservice bietet Verm\u00f6gensverwaltern eine vertrauensw\u00fcrdige Drittquelle, die ihnen die zeitaufw\u00e4ndige Nachverfolgung, Ermittlung, Nachbereitung und SEC-Analyse f\u00fcr private, nicht b\u00f6rsennotierte und \u00f6ffentliche REITs sowie geschlossene Fonds abnimmt.","twitter_image":"https:\/\/www.exchange-data.com\/wp-content\/uploads\/2021\/09\/pexels-timur-saglambilek-87223-700x400px.jpg","twitter_site":"@ExchangeData","twitter_misc":{"Gesch\u00e4tzte Lesezeit":"1\u00a0Minute"},"schema":{"@context":"https:\/\/schema.org","@graph":[{"@type":"WebPage","@id":"https:\/\/www.exchange-data.com\/de\/produkt\/real-estate-investment-trust\/","url":"https:\/\/www.exchange-data.com\/de\/produkt\/real-estate-investment-trust\/","name":"Real Estate Investment Trust Dienstleistungen | Exchange Data International","isPartOf":{"@id":"https:\/\/www.exchange-data.com\/de\/#website"},"primaryImageOfPage":{"@id":"https:\/\/www.exchange-data.com\/de\/produkt\/real-estate-investment-trust\/#primaryimage"},"image":{"@id":"https:\/\/www.exchange-data.com\/de\/produkt\/real-estate-investment-trust\/#primaryimage"},"thumbnailUrl":"https:\/\/www.exchange-data.com\/wp-content\/uploads\/2021\/09\/pexels-timur-saglambilek-87223-700x400px.jpg","datePublished":"2021-09-24T15:10:42+00:00","dateModified":"2025-08-12T10:15:03+00:00","description":"Verlassen Sie sich auf pr\u00e4zise, regelkonforme REIT-Daten f\u00fcr private, \u00f6ffentlich nicht gehandelte und b\u00f6rsennotierte Fonds \u2013 bereitgestellt in Partnerschaft mit SQX.","breadcrumb":{"@id":"https:\/\/www.exchange-data.com\/de\/produkt\/real-estate-investment-trust\/#breadcrumb"},"inLanguage":"de","potentialAction":[{"@type":"ReadAction","target":["https:\/\/www.exchange-data.com\/de\/produkt\/real-estate-investment-trust\/"]}]},{"@type":"ImageObject","inLanguage":"de","@id":"https:\/\/www.exchange-data.com\/de\/produkt\/real-estate-investment-trust\/#primaryimage","url":"https:\/\/www.exchange-data.com\/wp-content\/uploads\/2021\/09\/pexels-timur-saglambilek-87223-700x400px.jpg","contentUrl":"https:\/\/www.exchange-data.com\/wp-content\/uploads\/2021\/09\/pexels-timur-saglambilek-87223-700x400px.jpg","width":700,"height":400},{"@type":"BreadcrumbList","@id":"https:\/\/www.exchange-data.com\/de\/produkt\/real-estate-investment-trust\/#breadcrumb","itemListElement":[{"@type":"ListItem","position":1,"name":"Home","item":"https:\/\/www.exchange-data.com\/de\/startseite\/"},{"@type":"ListItem","position":2,"name":"Real Estate Investment Trust"}]},{"@type":"WebSite","@id":"https:\/\/www.exchange-data.com\/de\/#website","url":"https:\/\/www.exchange-data.com\/de\/","name":"Exchange Data International","description":"Doing data differently","publisher":{"@id":"https:\/\/www.exchange-data.com\/de\/#organization"},"potentialAction":[{"@type":"SearchAction","target":{"@type":"EntryPoint","urlTemplate":"https:\/\/www.exchange-data.com\/de\/?s={search_term_string}"},"query-input":{"@type":"PropertyValueSpecification","valueRequired":true,"valueName":"search_term_string"}}],"inLanguage":"de"},{"@type":"Organization","@id":"https:\/\/www.exchange-data.com\/de\/#organization","name":"Exchange Data International","url":"https:\/\/www.exchange-data.com\/de\/","logo":{"@type":"ImageObject","inLanguage":"de","@id":"https:\/\/www.exchange-data.com\/de\/#\/schema\/logo\/image\/","url":"https:\/\/www.exchange-data.com\/wp-content\/uploads\/2019\/03\/logo3.png","contentUrl":"https:\/\/www.exchange-data.com\/wp-content\/uploads\/2019\/03\/logo3.png","width":200,"height":80,"caption":"Exchange Data International"},"image":{"@id":"https:\/\/www.exchange-data.com\/de\/#\/schema\/logo\/image\/"},"sameAs":["https:\/\/x.com\/ExchangeData","https:\/\/www.linkedin.com\/company\/exchange-data-international\/?viewAsMember=true","https:\/\/www.youtube.com\/channel\/UC5D1OpUb22YZANRLD_Ktcgg?view_as=subscriber"]}]}},"_links":{"self":[{"href":"https:\/\/www.exchange-data.com\/de\/wp-json\/wp\/v2\/product\/35674","targetHints":{"allow":["GET"]}}],"collection":[{"href":"https:\/\/www.exchange-data.com\/de\/wp-json\/wp\/v2\/product"}],"about":[{"href":"https:\/\/www.exchange-data.com\/de\/wp-json\/wp\/v2\/types\/product"}],"wp:featuredmedia":[{"embeddable":true,"href":"https:\/\/www.exchange-data.com\/de\/wp-json\/wp\/v2\/media\/34599"}],"wp:attachment":[{"href":"https:\/\/www.exchange-data.com\/de\/wp-json\/wp\/v2\/media?parent=35674"}],"wp:term":[{"taxonomy":"country","embeddable":true,"href":"https:\/\/www.exchange-data.com\/de\/wp-json\/wp\/v2\/country?post=35674"},{"taxonomy":"product_category","embeddable":true,"href":"https:\/\/www.exchange-data.com\/de\/wp-json\/wp\/v2\/product_category?post=35674"}],"curies":[{"name":"wp","href":"https:\/\/api.w.org\/{rel}","templated":true}]}}