{"id":35675,"date":"2021-08-24T13:15:11","date_gmt":"2021-08-24T12:15:11","guid":{"rendered":"https:\/\/www.exchange-data.com\/product\/referenz-und-zinssaetze-und-renditekurve\/"},"modified":"2026-01-24T18:11:23","modified_gmt":"2026-01-24T17:11:23","slug":"referenz-und-zinssaetze-und-renditekurve","status":"publish","type":"product","link":"https:\/\/www.exchange-data.com\/de\/produkt\/referenz-und-zinssaetze-und-renditekurve\/","title":{"rendered":"Referenz- &amp; Zinss\u00e4tze sowie Zinsstrukturkurven"},"content":{"rendered":"<h4>Tagesaktuelle Referenz- und Zinss\u00e4tze f\u00fcr fundierte Finanzentscheidungen<\/h4>\n<p><span style=\"font-weight: 400;\">Der <strong>Referenzzinss\u00e4tze-Service<\/strong> bietet pr\u00e4zise und aktuelle Daten zu <strong>924<\/strong> Interbank- und Benchmark-Zinss\u00e4tzen in <strong>90<\/strong> W\u00e4hrungen, einschlie\u00dflich Euro Legacy. Die historische Datenabdeckung reicht bis ins Jahr <strong>2010<\/strong> zur\u00fcck. Diese Daten k\u00f6nnen verwendet werden, um weitere Zinss\u00e4tze sowie Zinsstrukturkurvendaten f\u00fcr Finanzinstrumente zu ermitteln. <\/span><\/p>\n<p><span style=\"font-weight: 400;\">Zu den g\u00e4ngigsten Referenzs\u00e4tzen z\u00e4hlen die Fed Funds Rates, Interbank Offered Rates, der Prime Rate sowie die Renditen benchmarkbasierter US-Staatsanleihen \u2013 essenziell f\u00fcr verschiedenste Transaktionstypen.<\/span><\/p>\n<p><span style=\"font-weight: 400;\">Die Daten stammen aus einer Vielzahl verl\u00e4sslicher Quellen \u2013 darunter Banken, B\u00f6rsen und Finanzaufsichtsbeh\u00f6rden.<\/span><\/p>\n<p><span style=\"font-weight: 400;\">Der <strong>Yield Curve Service<\/strong> liefert Zinsstrukturkurven f\u00fcr unterschiedliche Szenarien \u2013 darunter IBOR-Discounting, OIS-Discounting und die Nutzung risikofreier Zinss\u00e4tze (RFR).<br \/>Die Daten umfassen u.\u202fa.:<br \/>Gebots- und Briefkurse f\u00fcr globale Zinsswaps und Basisswaps<br \/>Abgeleitete Nullkupon-Renditen und Abzinsungsfaktoren <br \/>Volatilit\u00e4ten f\u00fcr Zinscaps\/-floors und Swaptions <\/span><\/p>\n","protected":false},"featured_media":34153,"template":"","country":[],"product_category":[3173,3167],"class_list":["post-35675","product","type-product","status-publish","has-post-thumbnail","hentry","product_category-daten-zur-preisgestaltung-de","product_category-produkte-und-services"],"acf":[],"yoast_head":"<!-- This site is optimized with the Yoast SEO Premium plugin v26.0 (Yoast SEO v26.0) - https:\/\/yoast.com\/wordpress\/plugins\/seo\/ -->\n<title>Referenz- &amp; Zinss\u00e4tze sowie Zinsstrukturkurven | Exchange Data International<\/title>\n<meta name=\"description\" content=\"T\u00e4gliche Zinsstrukturkurvendaten &amp; 924 Referenzzinss\u00e4tze in 90 W\u00e4hrungen \u2013 inklusive historischer Daten, IBOR\/OIS-Szenarien &amp; Swap-Volatilit\u00e4ten \u2013 ideal f\u00fcr pr\u00e4zise Zinsberechnungen.\" \/>\n<meta name=\"robots\" content=\"index, follow, max-snippet:-1, max-image-preview:large, max-video-preview:-1\" \/>\n<link rel=\"canonical\" href=\"https:\/\/www.exchange-data.com\/de\/produkt\/referenz-und-zinssaetze-und-renditekurve\/\" \/>\n<meta property=\"og:locale\" content=\"de_DE\" \/>\n<meta property=\"og:type\" content=\"article\" \/>\n<meta property=\"og:title\" content=\"Referenz- &amp; Zinss\u00e4tze sowie Zinsstrukturkurven | Exchange Data International\" \/>\n<meta property=\"og:description\" content=\"T\u00e4gliche Zinsstrukturkurvendaten &amp; 924 Referenzzinss\u00e4tze in 90 W\u00e4hrungen \u2013 inklusive historischer Daten, IBOR\/OIS-Szenarien &amp; Swap-Volatilit\u00e4ten \u2013 ideal f\u00fcr pr\u00e4zise Zinsberechnungen.\" \/>\n<meta property=\"og:url\" content=\"https:\/\/www.exchange-data.com\/de\/produkt\/referenz-und-zinssaetze-und-renditekurve\/\" \/>\n<meta property=\"og:site_name\" content=\"Exchange Data International\" \/>\n<meta property=\"article:modified_time\" content=\"2026-01-24T17:11:23+00:00\" \/>\n<meta property=\"og:image\" content=\"https:\/\/www.exchange-data.com\/wp-content\/uploads\/2015\/09\/EDI-Post-Featured-Image-700x400-1.png\" \/>\n\t<meta property=\"og:image:width\" content=\"700\" \/>\n\t<meta property=\"og:image:height\" content=\"400\" \/>\n\t<meta property=\"og:image:type\" content=\"image\/png\" \/>\n<meta name=\"twitter:card\" content=\"summary_large_image\" \/>\n<meta name=\"twitter:site\" content=\"@ExchangeData\" \/>\n<meta name=\"twitter:label1\" content=\"Gesch\u00e4tzte Lesezeit\" \/>\n\t<meta name=\"twitter:data1\" content=\"1\u00a0Minute\" \/>\n<script type=\"application\/ld+json\" class=\"yoast-schema-graph\">{\"@context\":\"https:\/\/schema.org\",\"@graph\":[{\"@type\":\"WebPage\",\"@id\":\"https:\/\/www.exchange-data.com\/de\/produkt\/referenz-und-zinssaetze-und-renditekurve\/\",\"url\":\"https:\/\/www.exchange-data.com\/de\/produkt\/referenz-und-zinssaetze-und-renditekurve\/\",\"name\":\"Referenz- &amp; Zinss\u00e4tze sowie Zinsstrukturkurven | Exchange Data International\",\"isPartOf\":{\"@id\":\"https:\/\/www.exchange-data.com\/de\/#website\"},\"primaryImageOfPage\":{\"@id\":\"https:\/\/www.exchange-data.com\/de\/produkt\/referenz-und-zinssaetze-und-renditekurve\/#primaryimage\"},\"image\":{\"@id\":\"https:\/\/www.exchange-data.com\/de\/produkt\/referenz-und-zinssaetze-und-renditekurve\/#primaryimage\"},\"thumbnailUrl\":\"https:\/\/www.exchange-data.com\/wp-content\/uploads\/2015\/09\/EDI-Post-Featured-Image-700x400-1.png\",\"datePublished\":\"2021-08-24T12:15:11+00:00\",\"dateModified\":\"2026-01-24T17:11:23+00:00\",\"description\":\"T\u00e4gliche Zinsstrukturkurvendaten & 924 Referenzzinss\u00e4tze in 90 W\u00e4hrungen \u2013 inklusive historischer Daten, IBOR\/OIS-Szenarien & Swap-Volatilit\u00e4ten \u2013 ideal f\u00fcr pr\u00e4zise Zinsberechnungen.\",\"breadcrumb\":{\"@id\":\"https:\/\/www.exchange-data.com\/de\/produkt\/referenz-und-zinssaetze-und-renditekurve\/#breadcrumb\"},\"inLanguage\":\"de\",\"potentialAction\":[{\"@type\":\"ReadAction\",\"target\":[\"https:\/\/www.exchange-data.com\/de\/produkt\/referenz-und-zinssaetze-und-renditekurve\/\"]}]},{\"@type\":\"ImageObject\",\"inLanguage\":\"de\",\"@id\":\"https:\/\/www.exchange-data.com\/de\/produkt\/referenz-und-zinssaetze-und-renditekurve\/#primaryimage\",\"url\":\"https:\/\/www.exchange-data.com\/wp-content\/uploads\/2015\/09\/EDI-Post-Featured-Image-700x400-1.png\",\"contentUrl\":\"https:\/\/www.exchange-data.com\/wp-content\/uploads\/2015\/09\/EDI-Post-Featured-Image-700x400-1.png\",\"width\":700,\"height\":400,\"caption\":\"Exchange Data International\"},{\"@type\":\"BreadcrumbList\",\"@id\":\"https:\/\/www.exchange-data.com\/de\/produkt\/referenz-und-zinssaetze-und-renditekurve\/#breadcrumb\",\"itemListElement\":[{\"@type\":\"ListItem\",\"position\":1,\"name\":\"Home\",\"item\":\"https:\/\/www.exchange-data.com\/de\/startseite\/\"},{\"@type\":\"ListItem\",\"position\":2,\"name\":\"Referenz- &amp; Zinss\u00e4tze sowie Zinsstrukturkurven\"}]},{\"@type\":\"WebSite\",\"@id\":\"https:\/\/www.exchange-data.com\/de\/#website\",\"url\":\"https:\/\/www.exchange-data.com\/de\/\",\"name\":\"Exchange Data International\",\"description\":\"Doing data differently\",\"publisher\":{\"@id\":\"https:\/\/www.exchange-data.com\/de\/#organization\"},\"potentialAction\":[{\"@type\":\"SearchAction\",\"target\":{\"@type\":\"EntryPoint\",\"urlTemplate\":\"https:\/\/www.exchange-data.com\/de\/?s={search_term_string}\"},\"query-input\":{\"@type\":\"PropertyValueSpecification\",\"valueRequired\":true,\"valueName\":\"search_term_string\"}}],\"inLanguage\":\"de\"},{\"@type\":\"Organization\",\"@id\":\"https:\/\/www.exchange-data.com\/de\/#organization\",\"name\":\"Exchange Data International\",\"url\":\"https:\/\/www.exchange-data.com\/de\/\",\"logo\":{\"@type\":\"ImageObject\",\"inLanguage\":\"de\",\"@id\":\"https:\/\/www.exchange-data.com\/de\/#\/schema\/logo\/image\/\",\"url\":\"https:\/\/www.exchange-data.com\/wp-content\/uploads\/2019\/03\/logo3.png\",\"contentUrl\":\"https:\/\/www.exchange-data.com\/wp-content\/uploads\/2019\/03\/logo3.png\",\"width\":200,\"height\":80,\"caption\":\"Exchange Data International\"},\"image\":{\"@id\":\"https:\/\/www.exchange-data.com\/de\/#\/schema\/logo\/image\/\"},\"sameAs\":[\"https:\/\/x.com\/ExchangeData\",\"https:\/\/www.linkedin.com\/company\/exchange-data-international\/?viewAsMember=true\",\"https:\/\/www.youtube.com\/channel\/UC5D1OpUb22YZANRLD_Ktcgg?view_as=subscriber\"]}]}<\/script>\n<!-- \/ Yoast SEO Premium plugin. -->","yoast_head_json":{"title":"Referenz- &amp; Zinss\u00e4tze sowie Zinsstrukturkurven | Exchange Data International","description":"T\u00e4gliche Zinsstrukturkurvendaten & 924 Referenzzinss\u00e4tze in 90 W\u00e4hrungen \u2013 inklusive historischer Daten, IBOR\/OIS-Szenarien & Swap-Volatilit\u00e4ten \u2013 ideal f\u00fcr pr\u00e4zise Zinsberechnungen.","robots":{"index":"index","follow":"follow","max-snippet":"max-snippet:-1","max-image-preview":"max-image-preview:large","max-video-preview":"max-video-preview:-1"},"canonical":"https:\/\/www.exchange-data.com\/de\/produkt\/referenz-und-zinssaetze-und-renditekurve\/","og_locale":"de_DE","og_type":"article","og_title":"Referenz- &amp; Zinss\u00e4tze sowie Zinsstrukturkurven | Exchange Data International","og_description":"T\u00e4gliche Zinsstrukturkurvendaten & 924 Referenzzinss\u00e4tze in 90 W\u00e4hrungen \u2013 inklusive historischer Daten, IBOR\/OIS-Szenarien & Swap-Volatilit\u00e4ten \u2013 ideal f\u00fcr pr\u00e4zise Zinsberechnungen.","og_url":"https:\/\/www.exchange-data.com\/de\/produkt\/referenz-und-zinssaetze-und-renditekurve\/","og_site_name":"Exchange Data International","article_modified_time":"2026-01-24T17:11:23+00:00","og_image":[{"width":700,"height":400,"url":"https:\/\/www.exchange-data.com\/wp-content\/uploads\/2015\/09\/EDI-Post-Featured-Image-700x400-1.png","type":"image\/png"}],"twitter_card":"summary_large_image","twitter_site":"@ExchangeData","twitter_misc":{"Gesch\u00e4tzte Lesezeit":"1\u00a0Minute"},"schema":{"@context":"https:\/\/schema.org","@graph":[{"@type":"WebPage","@id":"https:\/\/www.exchange-data.com\/de\/produkt\/referenz-und-zinssaetze-und-renditekurve\/","url":"https:\/\/www.exchange-data.com\/de\/produkt\/referenz-und-zinssaetze-und-renditekurve\/","name":"Referenz- &amp; Zinss\u00e4tze sowie Zinsstrukturkurven | Exchange Data International","isPartOf":{"@id":"https:\/\/www.exchange-data.com\/de\/#website"},"primaryImageOfPage":{"@id":"https:\/\/www.exchange-data.com\/de\/produkt\/referenz-und-zinssaetze-und-renditekurve\/#primaryimage"},"image":{"@id":"https:\/\/www.exchange-data.com\/de\/produkt\/referenz-und-zinssaetze-und-renditekurve\/#primaryimage"},"thumbnailUrl":"https:\/\/www.exchange-data.com\/wp-content\/uploads\/2015\/09\/EDI-Post-Featured-Image-700x400-1.png","datePublished":"2021-08-24T12:15:11+00:00","dateModified":"2026-01-24T17:11:23+00:00","description":"T\u00e4gliche Zinsstrukturkurvendaten & 924 Referenzzinss\u00e4tze in 90 W\u00e4hrungen \u2013 inklusive historischer Daten, IBOR\/OIS-Szenarien & Swap-Volatilit\u00e4ten \u2013 ideal f\u00fcr pr\u00e4zise Zinsberechnungen.","breadcrumb":{"@id":"https:\/\/www.exchange-data.com\/de\/produkt\/referenz-und-zinssaetze-und-renditekurve\/#breadcrumb"},"inLanguage":"de","potentialAction":[{"@type":"ReadAction","target":["https:\/\/www.exchange-data.com\/de\/produkt\/referenz-und-zinssaetze-und-renditekurve\/"]}]},{"@type":"ImageObject","inLanguage":"de","@id":"https:\/\/www.exchange-data.com\/de\/produkt\/referenz-und-zinssaetze-und-renditekurve\/#primaryimage","url":"https:\/\/www.exchange-data.com\/wp-content\/uploads\/2015\/09\/EDI-Post-Featured-Image-700x400-1.png","contentUrl":"https:\/\/www.exchange-data.com\/wp-content\/uploads\/2015\/09\/EDI-Post-Featured-Image-700x400-1.png","width":700,"height":400,"caption":"Exchange Data International"},{"@type":"BreadcrumbList","@id":"https:\/\/www.exchange-data.com\/de\/produkt\/referenz-und-zinssaetze-und-renditekurve\/#breadcrumb","itemListElement":[{"@type":"ListItem","position":1,"name":"Home","item":"https:\/\/www.exchange-data.com\/de\/startseite\/"},{"@type":"ListItem","position":2,"name":"Referenz- &amp; Zinss\u00e4tze sowie Zinsstrukturkurven"}]},{"@type":"WebSite","@id":"https:\/\/www.exchange-data.com\/de\/#website","url":"https:\/\/www.exchange-data.com\/de\/","name":"Exchange Data International","description":"Doing data differently","publisher":{"@id":"https:\/\/www.exchange-data.com\/de\/#organization"},"potentialAction":[{"@type":"SearchAction","target":{"@type":"EntryPoint","urlTemplate":"https:\/\/www.exchange-data.com\/de\/?s={search_term_string}"},"query-input":{"@type":"PropertyValueSpecification","valueRequired":true,"valueName":"search_term_string"}}],"inLanguage":"de"},{"@type":"Organization","@id":"https:\/\/www.exchange-data.com\/de\/#organization","name":"Exchange Data International","url":"https:\/\/www.exchange-data.com\/de\/","logo":{"@type":"ImageObject","inLanguage":"de","@id":"https:\/\/www.exchange-data.com\/de\/#\/schema\/logo\/image\/","url":"https:\/\/www.exchange-data.com\/wp-content\/uploads\/2019\/03\/logo3.png","contentUrl":"https:\/\/www.exchange-data.com\/wp-content\/uploads\/2019\/03\/logo3.png","width":200,"height":80,"caption":"Exchange Data International"},"image":{"@id":"https:\/\/www.exchange-data.com\/de\/#\/schema\/logo\/image\/"},"sameAs":["https:\/\/x.com\/ExchangeData","https:\/\/www.linkedin.com\/company\/exchange-data-international\/?viewAsMember=true","https:\/\/www.youtube.com\/channel\/UC5D1OpUb22YZANRLD_Ktcgg?view_as=subscriber"]}]}},"_links":{"self":[{"href":"https:\/\/www.exchange-data.com\/de\/wp-json\/wp\/v2\/product\/35675","targetHints":{"allow":["GET"]}}],"collection":[{"href":"https:\/\/www.exchange-data.com\/de\/wp-json\/wp\/v2\/product"}],"about":[{"href":"https:\/\/www.exchange-data.com\/de\/wp-json\/wp\/v2\/types\/product"}],"wp:featuredmedia":[{"embeddable":true,"href":"https:\/\/www.exchange-data.com\/de\/wp-json\/wp\/v2\/media\/34153"}],"wp:attachment":[{"href":"https:\/\/www.exchange-data.com\/de\/wp-json\/wp\/v2\/media?parent=35675"}],"wp:term":[{"taxonomy":"country","embeddable":true,"href":"https:\/\/www.exchange-data.com\/de\/wp-json\/wp\/v2\/country?post=35675"},{"taxonomy":"product_category","embeddable":true,"href":"https:\/\/www.exchange-data.com\/de\/wp-json\/wp\/v2\/product_category?post=35675"}],"curies":[{"name":"wp","href":"https:\/\/api.w.org\/{rel}","templated":true}]}}