{"id":35676,"date":"2021-03-22T14:20:57","date_gmt":"2021-03-22T13:20:57","guid":{"rendered":"https:\/\/www.exchange-data.com\/product\/wirtschaftsdaten-beratungsdienst\/"},"modified":"2025-05-14T08:16:30","modified_gmt":"2025-05-14T07:16:30","slug":"wirtschaftsdaten-beratungsdienst","status":"publish","type":"product","link":"https:\/\/www.exchange-data.com\/de\/produkt\/wirtschaftsdaten-beratungsdienst\/","title":{"rendered":"Wirtschaftsdaten-Beratungsdienst"},"content":{"rendered":"<h3>  Gr\u00fcndliche Kenntnis der verschiedenen globalen M\u00e4rkte mit mehr als 20 Jahren Erfahrung in M\u00e4rkten auf dem ganzen Kontinent und einem Netz von Kontakten in den meisten wichtigen St\u00e4dten.<\/h3>\n<p><span style=\"font-weight: 400;\">In vielen Situationen haben Unternehmen Schwierigkeiten, die Daten in ein verwertbares Format zu bringen, weil es an Ressourcen, Zeit und Verst\u00e4ndnis mangelt. Der Beratungsdienst ist in der Lage, Daten zu recherchieren, zu sammeln, zu analysieren und dar\u00fcber zu berichten, die f\u00fcr die Probleml\u00f6sung und Entscheidungsfindung n\u00fctzlich sein k\u00f6nnen. <\/span><\/p>\n<p><span style=\"font-weight: 400;\">Die Wirtschaftswissenschaften sind die Disziplin der Wirtschaft und pr\u00e4gen die Welt, in der wir jeden Tag leben. In der heutigen Welt gibt es eine Reihe verschiedener Plattformen, die Wirtschaftsdaten bereitstellen. Makro\u00f6konomische Daten sind von entscheidender Bedeutung f\u00fcr das Verst\u00e4ndnis der aktuellen wirtschaftlichen Bedingungen und die Vorhersage k\u00fcnftiger Trends f\u00fcr ein Land, eine Region oder einen Sektor. Sie sind ein unverzichtbares Instrument f\u00fcr politische Entscheidungstr\u00e4ger, um eine makro\u00f6konomische \u00dcberwachung durchzuf\u00fchren, und f\u00fcr Analysten oder Fondsmanager, um den Gegenwind zu erkennen, dem Branchen oder Unternehmen ausgesetzt sind, und gleichzeitig wertvolle Chancen f\u00fcr ihre Kunden zu erkennen. Man kann jedoch \u00fcber die besten Daten der Welt verf\u00fcgen, wenn man nicht wei\u00df, wie man sie zu seinem Vorteil nutzen oder interpretieren kann, sind sie wertlos.    <\/span><\/p>\n<h5>EDI sammelt alle Daten, \u00fcbersetzt die Dokumente, wo es n\u00f6tig ist, und &#8211; was noch wichtiger ist &#8211; stellt alles in einem standardisierten Format zusammen, um den Kunden einen direkten Zugang zu den ben\u00f6tigten Daten zu erm\u00f6glichen. Die von Experten f\u00fcr Schwellenl\u00e4nder- und globale Marktdaten zusammengestellten Informationen k\u00f6nnen f\u00fcr Folgendes genutzt werden: <\/h5>\n<ul>\n<li><span style=\"font-weight: 400;\">Forschung und Analytik<\/span><\/li>\n<li><span style=\"font-weight: 400;\">Meinungsf\u00fchrerschaft und Meinung<\/span><\/li>\n<li><span style=\"font-weight: 400;\">Risikobewertung<\/span><\/li>\n<li><span style=\"font-weight: 400;\">Sorgfaltspflicht<\/span><\/li>\n<li><span style=\"font-weight: 400;\">Strategie und Aufbau von Kapazit\u00e4ten<\/span><\/li>\n<li><span style=\"font-weight: 400;\">Gemeinsame und aufsuchende Projekte<\/span><\/li>\n<li><span style=\"font-weight: 400;\">Fondsverwaltung<\/span><\/li>\n<li><span style=\"font-weight: 400;\">Kommerzielle Investitionen<\/span><\/li>\n<\/ul>\n<p><span style=\"font-weight: 400;\">Im Rahmen unserer zahlreichen Datenl\u00f6sungen k\u00f6nnen wir Sie bei der Durchf\u00fchrung von Forschungsarbeiten und der Sammlung von Informationen zu einem bestimmten Thema, einer Branche oder einem Markt unterst\u00fctzen. Wir sind in der Lage, Daten zu sammeln, zu analysieren und Berichte zu erstellen, die zur Probleml\u00f6sung und Entscheidungsfindung genutzt werden k\u00f6nnen. Wir sammeln die Daten nicht nur in einem brauchbaren Format, sondern k\u00f6nnen die Ergebnisse auch logisch und anschaulich aufbereiten.  <\/span><\/p>\n<div style=\"border: 1px; border-style: solid; border-color: #E6353B; text-align: left; padding: 10px 10px 30px 10px;\"><img decoding=\"async\" src=\"https:\/\/www.exchange-data.com\/wp-content\/uploads\/2021\/01\/E-Gouws-Colour2.jpg\" alt=\"Ilze Gouws, Leiterin der Wirtschaftsabteilung bei EDI\" width=\"15%\" align=\"left\" hspace=\"10\"><span style=\"font-weight: 400;\">Ilze Gouws ist die Leiterin des Bereichs Wirtschaftsdaten bei EDI. Sie verf\u00fcgt \u00fcber mehr als 20 Jahre Erfahrung im Bereich Wirtschaftsdaten und arbeitet leidenschaftlich gern mit Kunden zusammen, um ihnen Datenl\u00f6sungen anzubieten, die am besten zu ihrem Gesch\u00e4ft passen. <\/span><br \/>\n<span style=\"font-weight: 400;\">Kontaktieren Sie Ilze \u00fcber <a href=\"mailto:i.gouws@exchange-data.com\">i.gouws@exchange-data.com<\/a> oder rufen Sie an <a href=\"tel:+27%20(0)%2082%20782%203750\"> unter +27 (0) 82 782 3750<\/a><\/span><\/div>\n","protected":false},"featured_media":34153,"template":"","country":[2006],"product_category":[3167,3168],"class_list":["post-35676","product","type-product","status-publish","has-post-thumbnail","hentry","product_category-produkte-und-services","product_category-economic-data-edi-de"],"acf":[],"yoast_head":"<!-- This site is optimized with the Yoast SEO Premium plugin v26.0 (Yoast SEO v26.0) - https:\/\/yoast.com\/wordpress\/plugins\/seo\/ -->\n<title>Wirtschaftsdaten-Beratungsdienst | Exchange Data International<\/title>\n<meta name=\"description\" content=\"Nutzen Sie die fachkundigen Beratungsdienste f\u00fcr Wirtschaftsdaten von Exchange Data International, um Erkenntnisse zu gewinnen, die Entscheidungsfindung zu unterst\u00fctzen und das Unternehmenswachstum voranzutreiben.\" \/>\n<meta name=\"robots\" content=\"index, follow, max-snippet:-1, max-image-preview:large, max-video-preview:-1\" \/>\n<link rel=\"canonical\" href=\"https:\/\/www.exchange-data.com\/de\/produkt\/wirtschaftsdaten-beratungsdienst\/\" \/>\n<meta property=\"og:locale\" content=\"de_DE\" \/>\n<meta property=\"og:type\" content=\"article\" \/>\n<meta property=\"og:title\" content=\"Wirtschaftsdaten-Beratungsdienst | Exchange Data International\" \/>\n<meta property=\"og:description\" content=\"Nutzen Sie die fachkundigen Beratungsdienste f\u00fcr Wirtschaftsdaten von Exchange Data International, um Erkenntnisse zu gewinnen, die Entscheidungsfindung zu unterst\u00fctzen und das Unternehmenswachstum voranzutreiben.\" \/>\n<meta property=\"og:url\" content=\"https:\/\/www.exchange-data.com\/de\/produkt\/wirtschaftsdaten-beratungsdienst\/\" \/>\n<meta property=\"og:site_name\" content=\"Exchange Data International\" \/>\n<meta property=\"article:modified_time\" content=\"2025-05-14T07:16:30+00:00\" \/>\n<meta property=\"og:image\" content=\"https:\/\/www.exchange-data.com\/wp-content\/uploads\/2015\/09\/EDI-Post-Featured-Image-700x400-1.png\" \/>\n\t<meta property=\"og:image:width\" content=\"700\" \/>\n\t<meta property=\"og:image:height\" content=\"400\" \/>\n\t<meta property=\"og:image:type\" content=\"image\/png\" \/>\n<meta name=\"twitter:card\" content=\"summary_large_image\" \/>\n<meta name=\"twitter:site\" content=\"@ExchangeData\" \/>\n<meta name=\"twitter:label1\" content=\"Gesch\u00e4tzte Lesezeit\" \/>\n\t<meta name=\"twitter:data1\" content=\"2\u00a0Minuten\" \/>\n<script type=\"application\/ld+json\" class=\"yoast-schema-graph\">{\"@context\":\"https:\/\/schema.org\",\"@graph\":[{\"@type\":\"WebPage\",\"@id\":\"https:\/\/www.exchange-data.com\/de\/produkt\/wirtschaftsdaten-beratungsdienst\/\",\"url\":\"https:\/\/www.exchange-data.com\/de\/produkt\/wirtschaftsdaten-beratungsdienst\/\",\"name\":\"Wirtschaftsdaten-Beratungsdienst | Exchange Data International\",\"isPartOf\":{\"@id\":\"https:\/\/www.exchange-data.com\/de\/#website\"},\"primaryImageOfPage\":{\"@id\":\"https:\/\/www.exchange-data.com\/de\/produkt\/wirtschaftsdaten-beratungsdienst\/#primaryimage\"},\"image\":{\"@id\":\"https:\/\/www.exchange-data.com\/de\/produkt\/wirtschaftsdaten-beratungsdienst\/#primaryimage\"},\"thumbnailUrl\":\"https:\/\/www.exchange-data.com\/wp-content\/uploads\/2015\/09\/EDI-Post-Featured-Image-700x400-1.png\",\"datePublished\":\"2021-03-22T13:20:57+00:00\",\"dateModified\":\"2025-05-14T07:16:30+00:00\",\"description\":\"Nutzen Sie die fachkundigen Beratungsdienste f\u00fcr Wirtschaftsdaten von Exchange Data International, um Erkenntnisse zu gewinnen, die Entscheidungsfindung zu unterst\u00fctzen und das Unternehmenswachstum voranzutreiben.\",\"breadcrumb\":{\"@id\":\"https:\/\/www.exchange-data.com\/de\/produkt\/wirtschaftsdaten-beratungsdienst\/#breadcrumb\"},\"inLanguage\":\"de\",\"potentialAction\":[{\"@type\":\"ReadAction\",\"target\":[\"https:\/\/www.exchange-data.com\/de\/produkt\/wirtschaftsdaten-beratungsdienst\/\"]}]},{\"@type\":\"ImageObject\",\"inLanguage\":\"de\",\"@id\":\"https:\/\/www.exchange-data.com\/de\/produkt\/wirtschaftsdaten-beratungsdienst\/#primaryimage\",\"url\":\"https:\/\/www.exchange-data.com\/wp-content\/uploads\/2015\/09\/EDI-Post-Featured-Image-700x400-1.png\",\"contentUrl\":\"https:\/\/www.exchange-data.com\/wp-content\/uploads\/2015\/09\/EDI-Post-Featured-Image-700x400-1.png\",\"width\":700,\"height\":400,\"caption\":\"Exchange Data International\"},{\"@type\":\"BreadcrumbList\",\"@id\":\"https:\/\/www.exchange-data.com\/de\/produkt\/wirtschaftsdaten-beratungsdienst\/#breadcrumb\",\"itemListElement\":[{\"@type\":\"ListItem\",\"position\":1,\"name\":\"Home\",\"item\":\"https:\/\/www.exchange-data.com\/de\/startseite\/\"},{\"@type\":\"ListItem\",\"position\":2,\"name\":\"Wirtschaftsdaten-Beratungsdienst\"}]},{\"@type\":\"WebSite\",\"@id\":\"https:\/\/www.exchange-data.com\/de\/#website\",\"url\":\"https:\/\/www.exchange-data.com\/de\/\",\"name\":\"Exchange Data International\",\"description\":\"Doing data differently\",\"publisher\":{\"@id\":\"https:\/\/www.exchange-data.com\/de\/#organization\"},\"potentialAction\":[{\"@type\":\"SearchAction\",\"target\":{\"@type\":\"EntryPoint\",\"urlTemplate\":\"https:\/\/www.exchange-data.com\/de\/?s={search_term_string}\"},\"query-input\":{\"@type\":\"PropertyValueSpecification\",\"valueRequired\":true,\"valueName\":\"search_term_string\"}}],\"inLanguage\":\"de\"},{\"@type\":\"Organization\",\"@id\":\"https:\/\/www.exchange-data.com\/de\/#organization\",\"name\":\"Exchange Data International\",\"url\":\"https:\/\/www.exchange-data.com\/de\/\",\"logo\":{\"@type\":\"ImageObject\",\"inLanguage\":\"de\",\"@id\":\"https:\/\/www.exchange-data.com\/de\/#\/schema\/logo\/image\/\",\"url\":\"https:\/\/www.exchange-data.com\/wp-content\/uploads\/2019\/03\/logo3.png\",\"contentUrl\":\"https:\/\/www.exchange-data.com\/wp-content\/uploads\/2019\/03\/logo3.png\",\"width\":200,\"height\":80,\"caption\":\"Exchange Data International\"},\"image\":{\"@id\":\"https:\/\/www.exchange-data.com\/de\/#\/schema\/logo\/image\/\"},\"sameAs\":[\"https:\/\/x.com\/ExchangeData\",\"https:\/\/www.linkedin.com\/company\/exchange-data-international\/?viewAsMember=true\",\"https:\/\/www.youtube.com\/channel\/UC5D1OpUb22YZANRLD_Ktcgg?view_as=subscriber\"]}]}<\/script>\n<!-- \/ Yoast SEO Premium plugin. -->","yoast_head_json":{"title":"Wirtschaftsdaten-Beratungsdienst | Exchange Data International","description":"Nutzen Sie die fachkundigen Beratungsdienste f\u00fcr Wirtschaftsdaten von Exchange Data International, um Erkenntnisse zu gewinnen, die Entscheidungsfindung zu unterst\u00fctzen und das Unternehmenswachstum voranzutreiben.","robots":{"index":"index","follow":"follow","max-snippet":"max-snippet:-1","max-image-preview":"max-image-preview:large","max-video-preview":"max-video-preview:-1"},"canonical":"https:\/\/www.exchange-data.com\/de\/produkt\/wirtschaftsdaten-beratungsdienst\/","og_locale":"de_DE","og_type":"article","og_title":"Wirtschaftsdaten-Beratungsdienst | Exchange Data International","og_description":"Nutzen Sie die fachkundigen Beratungsdienste f\u00fcr Wirtschaftsdaten von Exchange Data International, um Erkenntnisse zu gewinnen, die Entscheidungsfindung zu unterst\u00fctzen und das Unternehmenswachstum voranzutreiben.","og_url":"https:\/\/www.exchange-data.com\/de\/produkt\/wirtschaftsdaten-beratungsdienst\/","og_site_name":"Exchange Data International","article_modified_time":"2025-05-14T07:16:30+00:00","og_image":[{"width":700,"height":400,"url":"https:\/\/www.exchange-data.com\/wp-content\/uploads\/2015\/09\/EDI-Post-Featured-Image-700x400-1.png","type":"image\/png"}],"twitter_card":"summary_large_image","twitter_site":"@ExchangeData","twitter_misc":{"Gesch\u00e4tzte Lesezeit":"2\u00a0Minuten"},"schema":{"@context":"https:\/\/schema.org","@graph":[{"@type":"WebPage","@id":"https:\/\/www.exchange-data.com\/de\/produkt\/wirtschaftsdaten-beratungsdienst\/","url":"https:\/\/www.exchange-data.com\/de\/produkt\/wirtschaftsdaten-beratungsdienst\/","name":"Wirtschaftsdaten-Beratungsdienst | Exchange Data International","isPartOf":{"@id":"https:\/\/www.exchange-data.com\/de\/#website"},"primaryImageOfPage":{"@id":"https:\/\/www.exchange-data.com\/de\/produkt\/wirtschaftsdaten-beratungsdienst\/#primaryimage"},"image":{"@id":"https:\/\/www.exchange-data.com\/de\/produkt\/wirtschaftsdaten-beratungsdienst\/#primaryimage"},"thumbnailUrl":"https:\/\/www.exchange-data.com\/wp-content\/uploads\/2015\/09\/EDI-Post-Featured-Image-700x400-1.png","datePublished":"2021-03-22T13:20:57+00:00","dateModified":"2025-05-14T07:16:30+00:00","description":"Nutzen Sie die fachkundigen Beratungsdienste f\u00fcr Wirtschaftsdaten von Exchange Data International, um Erkenntnisse zu gewinnen, die Entscheidungsfindung zu unterst\u00fctzen und das Unternehmenswachstum voranzutreiben.","breadcrumb":{"@id":"https:\/\/www.exchange-data.com\/de\/produkt\/wirtschaftsdaten-beratungsdienst\/#breadcrumb"},"inLanguage":"de","potentialAction":[{"@type":"ReadAction","target":["https:\/\/www.exchange-data.com\/de\/produkt\/wirtschaftsdaten-beratungsdienst\/"]}]},{"@type":"ImageObject","inLanguage":"de","@id":"https:\/\/www.exchange-data.com\/de\/produkt\/wirtschaftsdaten-beratungsdienst\/#primaryimage","url":"https:\/\/www.exchange-data.com\/wp-content\/uploads\/2015\/09\/EDI-Post-Featured-Image-700x400-1.png","contentUrl":"https:\/\/www.exchange-data.com\/wp-content\/uploads\/2015\/09\/EDI-Post-Featured-Image-700x400-1.png","width":700,"height":400,"caption":"Exchange Data International"},{"@type":"BreadcrumbList","@id":"https:\/\/www.exchange-data.com\/de\/produkt\/wirtschaftsdaten-beratungsdienst\/#breadcrumb","itemListElement":[{"@type":"ListItem","position":1,"name":"Home","item":"https:\/\/www.exchange-data.com\/de\/startseite\/"},{"@type":"ListItem","position":2,"name":"Wirtschaftsdaten-Beratungsdienst"}]},{"@type":"WebSite","@id":"https:\/\/www.exchange-data.com\/de\/#website","url":"https:\/\/www.exchange-data.com\/de\/","name":"Exchange Data International","description":"Doing data differently","publisher":{"@id":"https:\/\/www.exchange-data.com\/de\/#organization"},"potentialAction":[{"@type":"SearchAction","target":{"@type":"EntryPoint","urlTemplate":"https:\/\/www.exchange-data.com\/de\/?s={search_term_string}"},"query-input":{"@type":"PropertyValueSpecification","valueRequired":true,"valueName":"search_term_string"}}],"inLanguage":"de"},{"@type":"Organization","@id":"https:\/\/www.exchange-data.com\/de\/#organization","name":"Exchange Data International","url":"https:\/\/www.exchange-data.com\/de\/","logo":{"@type":"ImageObject","inLanguage":"de","@id":"https:\/\/www.exchange-data.com\/de\/#\/schema\/logo\/image\/","url":"https:\/\/www.exchange-data.com\/wp-content\/uploads\/2019\/03\/logo3.png","contentUrl":"https:\/\/www.exchange-data.com\/wp-content\/uploads\/2019\/03\/logo3.png","width":200,"height":80,"caption":"Exchange Data International"},"image":{"@id":"https:\/\/www.exchange-data.com\/de\/#\/schema\/logo\/image\/"},"sameAs":["https:\/\/x.com\/ExchangeData","https:\/\/www.linkedin.com\/company\/exchange-data-international\/?viewAsMember=true","https:\/\/www.youtube.com\/channel\/UC5D1OpUb22YZANRLD_Ktcgg?view_as=subscriber"]}]}},"_links":{"self":[{"href":"https:\/\/www.exchange-data.com\/de\/wp-json\/wp\/v2\/product\/35676","targetHints":{"allow":["GET"]}}],"collection":[{"href":"https:\/\/www.exchange-data.com\/de\/wp-json\/wp\/v2\/product"}],"about":[{"href":"https:\/\/www.exchange-data.com\/de\/wp-json\/wp\/v2\/types\/product"}],"wp:featuredmedia":[{"embeddable":true,"href":"https:\/\/www.exchange-data.com\/de\/wp-json\/wp\/v2\/media\/34153"}],"wp:attachment":[{"href":"https:\/\/www.exchange-data.com\/de\/wp-json\/wp\/v2\/media?parent=35676"}],"wp:term":[{"taxonomy":"country","embeddable":true,"href":"https:\/\/www.exchange-data.com\/de\/wp-json\/wp\/v2\/country?post=35676"},{"taxonomy":"product_category","embeddable":true,"href":"https:\/\/www.exchange-data.com\/de\/wp-json\/wp\/v2\/product_category?post=35676"}],"curies":[{"name":"wp","href":"https:\/\/api.w.org\/{rel}","templated":true}]}}