{"id":35677,"date":"2020-12-16T10:37:41","date_gmt":"2020-12-16T09:37:41","guid":{"rendered":"https:\/\/www.exchange-data.com\/product\/umgliederung-der-us-dividende\/"},"modified":"2025-09-02T10:11:56","modified_gmt":"2025-09-02T09:11:56","slug":"us-dividenden-klassifizerung","status":"publish","type":"product","link":"https:\/\/www.exchange-data.com\/de\/produkt\/us-dividenden-klassifizerung\/","title":{"rendered":"US-Dividenden- klassifizerung"},"content":{"rendered":"<p><span style=\"font-weight: 400;\">Der US-Service zur Neuzuordnung von Dividenden kann zur Erstellung von 1099-Formularen f\u00fcr Ihre Kunden genutzt werden \u2013 entweder als sekund\u00e4re Validierungsquelle neben Ihrem Hauptdatenanbieter oder als Recherchetool f\u00fcr Ihr Kundenserviceteam zur Bearbeitung von Anlegeranfragen.<\/span><\/p>\n<p><span style=\"font-weight: 400;\">Die gelieferten Dateien enthalten zahlreiche Felder mit Wertpapier-Stammdaten, die sich nahtlos in Ihren Security Master integrieren lassen \u2013 darunter Emittentenname, Herkunftsland, mehrere Wertpapierkennnummern, CFI- und CIK-Codes, Branchenklassifikationen (SIC, NAICS), Wertpapierart, Beschreibung und Ticker-Symbol.<\/span><\/p>\n<p><span style=\"font-weight: 400;\">Zus\u00e4tzlich beinhalten die Dateien die einkommensspezifischen Klassifizierungen, die f\u00fcr eine korrekte und zeitgerechte steuerliche Erfassung jeder Dividendenzahlung erforderlich sind. Dazu geh\u00f6rt z.\u202fB. die NRA-befreite Dividende \u2013 ein Betrag pro Aktie, der von der US-Quellensteuer auf Dividenden- und Zinsertr\u00e4ge befreit ist und f\u00fcr ausl\u00e4ndische Anleger (Einzelpersonen, Unternehmen, Fonds, Nachl\u00e4sse) gilt, etwa bei US-Investmentfonds. <\/span><\/p>\n<p><span style=\"font-weight: 400;\">Webportal \u2013 Unser webbasiertes Tool enth\u00e4lt denselben Datensatz mit umfangreichen Such- und Downloadfunktionen: <br \/>Standardsuche mit verschiedenen Identifikatoren oder Namensfragmenten <br \/>Individuelle Suche nach Datum (Ank\u00fcndigung, Ex-Tag, Stichtag usw.) <br \/>Ergebnisse anzeigen und herunterladen<br \/>Datenfelder individuell anpassen <br \/>Downloads auf Abruf oder automatisiert \u2013 intraday oder zum Tagesende \u2013 f\u00fcr das gesamte Universum oder Ihr Portfolio <\/span><\/p>\n","protected":false},"featured_media":34153,"template":"","country":[],"product_category":[3174,3167],"class_list":["post-35677","product","type-product","status-publish","has-post-thumbnail","hentry","product_category-investment-funds-edi-de-edi-products-services-de","product_category-produkte-und-services"],"acf":[],"yoast_head":"<!-- This site is optimized with the Yoast SEO Premium plugin v26.0 (Yoast SEO v26.0) - https:\/\/yoast.com\/wordpress\/plugins\/seo\/ -->\n<title>US Dividend Reclassification Services | Exchange Data International<\/title>\n<meta name=\"description\" content=\"Nutzen Sie die Neuzuordnung von Dividenden zur Steuerberichterstattung, Validierung von 1099-Daten und f\u00fcr pr\u00e4zise Fondsanalysen \u2013 inklusive Webzugang mit flexiblen Suchfunktionen.\" \/>\n<meta name=\"robots\" content=\"index, follow, max-snippet:-1, max-image-preview:large, max-video-preview:-1\" \/>\n<link rel=\"canonical\" href=\"https:\/\/www.exchange-data.com\/de\/produkt\/us-dividenden-klassifizerung\/\" \/>\n<meta property=\"og:locale\" content=\"de_DE\" \/>\n<meta property=\"og:type\" content=\"article\" \/>\n<meta property=\"og:title\" content=\"Umgliederung der US-Dividende\" \/>\n<meta property=\"og:description\" content=\"Der US Dividend Reclassification Service kann zur Erstellung von 1099s f\u00fcr Ihre Kunden, als sekund\u00e4re Quelle zur Validierung Ihres prim\u00e4ren Anbieters oder als Hilfsmittel f\u00fcr Ihre Kundenbetreuungsgruppe zur Untersuchung von Kundenanfragen verwendet werden.\" \/>\n<meta property=\"og:url\" content=\"https:\/\/www.exchange-data.com\/de\/produkt\/us-dividenden-klassifizerung\/\" \/>\n<meta property=\"og:site_name\" content=\"Exchange Data International\" \/>\n<meta property=\"article:modified_time\" content=\"2025-09-02T09:11:56+00:00\" \/>\n<meta property=\"og:image\" content=\"https:\/\/www.exchange-data.com\/wp-content\/uploads\/2015\/09\/EDI-Post-Featured-Image-700x400-1.png\" \/>\n<meta name=\"twitter:card\" content=\"summary_large_image\" \/>\n<meta name=\"twitter:title\" content=\"Umgliederung der US-Dividende\" \/>\n<meta name=\"twitter:description\" content=\"Der US Dividend Reclassification Service kann zur Erstellung von 1099s f\u00fcr Ihre Kunden, als sekund\u00e4re Quelle zur Validierung Ihres prim\u00e4ren Anbieters oder als Hilfsmittel f\u00fcr Ihre Kundenbetreuungsgruppe zur Untersuchung von Kundenanfragen verwendet werden.\" \/>\n<meta name=\"twitter:image\" content=\"https:\/\/www.exchange-data.com\/wp-content\/uploads\/2015\/09\/EDI-Post-Featured-Image-700x400-1.png\" \/>\n<meta name=\"twitter:site\" content=\"@ExchangeData\" \/>\n<meta name=\"twitter:label1\" content=\"Gesch\u00e4tzte Lesezeit\" \/>\n\t<meta name=\"twitter:data1\" content=\"1\u00a0Minute\" \/>\n<script type=\"application\/ld+json\" class=\"yoast-schema-graph\">{\"@context\":\"https:\/\/schema.org\",\"@graph\":[{\"@type\":\"WebPage\",\"@id\":\"https:\/\/www.exchange-data.com\/de\/produkt\/us-dividenden-klassifizerung\/\",\"url\":\"https:\/\/www.exchange-data.com\/de\/produkt\/us-dividenden-klassifizerung\/\",\"name\":\"US Dividend Reclassification Services | Exchange Data International\",\"isPartOf\":{\"@id\":\"https:\/\/www.exchange-data.com\/de\/#website\"},\"primaryImageOfPage\":{\"@id\":\"https:\/\/www.exchange-data.com\/de\/produkt\/us-dividenden-klassifizerung\/#primaryimage\"},\"image\":{\"@id\":\"https:\/\/www.exchange-data.com\/de\/produkt\/us-dividenden-klassifizerung\/#primaryimage\"},\"thumbnailUrl\":\"https:\/\/www.exchange-data.com\/wp-content\/uploads\/2015\/09\/EDI-Post-Featured-Image-700x400-1.png\",\"datePublished\":\"2020-12-16T09:37:41+00:00\",\"dateModified\":\"2025-09-02T09:11:56+00:00\",\"description\":\"Nutzen Sie die Neuzuordnung von Dividenden zur Steuerberichterstattung, Validierung von 1099-Daten und f\u00fcr pr\u00e4zise Fondsanalysen \u2013 inklusive Webzugang mit flexiblen Suchfunktionen.\",\"breadcrumb\":{\"@id\":\"https:\/\/www.exchange-data.com\/de\/produkt\/us-dividenden-klassifizerung\/#breadcrumb\"},\"inLanguage\":\"de\",\"potentialAction\":[{\"@type\":\"ReadAction\",\"target\":[\"https:\/\/www.exchange-data.com\/de\/produkt\/us-dividenden-klassifizerung\/\"]}]},{\"@type\":\"ImageObject\",\"inLanguage\":\"de\",\"@id\":\"https:\/\/www.exchange-data.com\/de\/produkt\/us-dividenden-klassifizerung\/#primaryimage\",\"url\":\"https:\/\/www.exchange-data.com\/wp-content\/uploads\/2015\/09\/EDI-Post-Featured-Image-700x400-1.png\",\"contentUrl\":\"https:\/\/www.exchange-data.com\/wp-content\/uploads\/2015\/09\/EDI-Post-Featured-Image-700x400-1.png\",\"width\":700,\"height\":400,\"caption\":\"Exchange Data International\"},{\"@type\":\"BreadcrumbList\",\"@id\":\"https:\/\/www.exchange-data.com\/de\/produkt\/us-dividenden-klassifizerung\/#breadcrumb\",\"itemListElement\":[{\"@type\":\"ListItem\",\"position\":1,\"name\":\"Home\",\"item\":\"https:\/\/www.exchange-data.com\/de\/startseite\/\"},{\"@type\":\"ListItem\",\"position\":2,\"name\":\"US-Dividenden- klassifizerung\"}]},{\"@type\":\"WebSite\",\"@id\":\"https:\/\/www.exchange-data.com\/de\/#website\",\"url\":\"https:\/\/www.exchange-data.com\/de\/\",\"name\":\"Exchange Data International\",\"description\":\"Doing data differently\",\"publisher\":{\"@id\":\"https:\/\/www.exchange-data.com\/de\/#organization\"},\"potentialAction\":[{\"@type\":\"SearchAction\",\"target\":{\"@type\":\"EntryPoint\",\"urlTemplate\":\"https:\/\/www.exchange-data.com\/de\/?s={search_term_string}\"},\"query-input\":{\"@type\":\"PropertyValueSpecification\",\"valueRequired\":true,\"valueName\":\"search_term_string\"}}],\"inLanguage\":\"de\"},{\"@type\":\"Organization\",\"@id\":\"https:\/\/www.exchange-data.com\/de\/#organization\",\"name\":\"Exchange Data International\",\"url\":\"https:\/\/www.exchange-data.com\/de\/\",\"logo\":{\"@type\":\"ImageObject\",\"inLanguage\":\"de\",\"@id\":\"https:\/\/www.exchange-data.com\/de\/#\/schema\/logo\/image\/\",\"url\":\"https:\/\/www.exchange-data.com\/wp-content\/uploads\/2019\/03\/logo3.png\",\"contentUrl\":\"https:\/\/www.exchange-data.com\/wp-content\/uploads\/2019\/03\/logo3.png\",\"width\":200,\"height\":80,\"caption\":\"Exchange Data International\"},\"image\":{\"@id\":\"https:\/\/www.exchange-data.com\/de\/#\/schema\/logo\/image\/\"},\"sameAs\":[\"https:\/\/x.com\/ExchangeData\",\"https:\/\/www.linkedin.com\/company\/exchange-data-international\/?viewAsMember=true\",\"https:\/\/www.youtube.com\/channel\/UC5D1OpUb22YZANRLD_Ktcgg?view_as=subscriber\"]}]}<\/script>\n<!-- \/ Yoast SEO Premium plugin. -->","yoast_head_json":{"title":"US Dividend Reclassification Services | Exchange Data International","description":"Nutzen Sie die Neuzuordnung von Dividenden zur Steuerberichterstattung, Validierung von 1099-Daten und f\u00fcr pr\u00e4zise Fondsanalysen \u2013 inklusive Webzugang mit flexiblen Suchfunktionen.","robots":{"index":"index","follow":"follow","max-snippet":"max-snippet:-1","max-image-preview":"max-image-preview:large","max-video-preview":"max-video-preview:-1"},"canonical":"https:\/\/www.exchange-data.com\/de\/produkt\/us-dividenden-klassifizerung\/","og_locale":"de_DE","og_type":"article","og_title":"Umgliederung der US-Dividende","og_description":"Der US Dividend Reclassification Service kann zur Erstellung von 1099s f\u00fcr Ihre Kunden, als sekund\u00e4re Quelle zur Validierung Ihres prim\u00e4ren Anbieters oder als Hilfsmittel f\u00fcr Ihre Kundenbetreuungsgruppe zur Untersuchung von Kundenanfragen verwendet werden.","og_url":"https:\/\/www.exchange-data.com\/de\/produkt\/us-dividenden-klassifizerung\/","og_site_name":"Exchange Data International","article_modified_time":"2025-09-02T09:11:56+00:00","og_image":[{"url":"https:\/\/www.exchange-data.com\/wp-content\/uploads\/2015\/09\/EDI-Post-Featured-Image-700x400-1.png","type":"","width":"","height":""}],"twitter_card":"summary_large_image","twitter_title":"Umgliederung der US-Dividende","twitter_description":"Der US Dividend Reclassification Service kann zur Erstellung von 1099s f\u00fcr Ihre Kunden, als sekund\u00e4re Quelle zur Validierung Ihres prim\u00e4ren Anbieters oder als Hilfsmittel f\u00fcr Ihre Kundenbetreuungsgruppe zur Untersuchung von Kundenanfragen verwendet werden.","twitter_image":"https:\/\/www.exchange-data.com\/wp-content\/uploads\/2015\/09\/EDI-Post-Featured-Image-700x400-1.png","twitter_site":"@ExchangeData","twitter_misc":{"Gesch\u00e4tzte Lesezeit":"1\u00a0Minute"},"schema":{"@context":"https:\/\/schema.org","@graph":[{"@type":"WebPage","@id":"https:\/\/www.exchange-data.com\/de\/produkt\/us-dividenden-klassifizerung\/","url":"https:\/\/www.exchange-data.com\/de\/produkt\/us-dividenden-klassifizerung\/","name":"US Dividend Reclassification Services | Exchange Data International","isPartOf":{"@id":"https:\/\/www.exchange-data.com\/de\/#website"},"primaryImageOfPage":{"@id":"https:\/\/www.exchange-data.com\/de\/produkt\/us-dividenden-klassifizerung\/#primaryimage"},"image":{"@id":"https:\/\/www.exchange-data.com\/de\/produkt\/us-dividenden-klassifizerung\/#primaryimage"},"thumbnailUrl":"https:\/\/www.exchange-data.com\/wp-content\/uploads\/2015\/09\/EDI-Post-Featured-Image-700x400-1.png","datePublished":"2020-12-16T09:37:41+00:00","dateModified":"2025-09-02T09:11:56+00:00","description":"Nutzen Sie die Neuzuordnung von Dividenden zur Steuerberichterstattung, Validierung von 1099-Daten und f\u00fcr pr\u00e4zise Fondsanalysen \u2013 inklusive Webzugang mit flexiblen Suchfunktionen.","breadcrumb":{"@id":"https:\/\/www.exchange-data.com\/de\/produkt\/us-dividenden-klassifizerung\/#breadcrumb"},"inLanguage":"de","potentialAction":[{"@type":"ReadAction","target":["https:\/\/www.exchange-data.com\/de\/produkt\/us-dividenden-klassifizerung\/"]}]},{"@type":"ImageObject","inLanguage":"de","@id":"https:\/\/www.exchange-data.com\/de\/produkt\/us-dividenden-klassifizerung\/#primaryimage","url":"https:\/\/www.exchange-data.com\/wp-content\/uploads\/2015\/09\/EDI-Post-Featured-Image-700x400-1.png","contentUrl":"https:\/\/www.exchange-data.com\/wp-content\/uploads\/2015\/09\/EDI-Post-Featured-Image-700x400-1.png","width":700,"height":400,"caption":"Exchange Data International"},{"@type":"BreadcrumbList","@id":"https:\/\/www.exchange-data.com\/de\/produkt\/us-dividenden-klassifizerung\/#breadcrumb","itemListElement":[{"@type":"ListItem","position":1,"name":"Home","item":"https:\/\/www.exchange-data.com\/de\/startseite\/"},{"@type":"ListItem","position":2,"name":"US-Dividenden- klassifizerung"}]},{"@type":"WebSite","@id":"https:\/\/www.exchange-data.com\/de\/#website","url":"https:\/\/www.exchange-data.com\/de\/","name":"Exchange Data International","description":"Doing data differently","publisher":{"@id":"https:\/\/www.exchange-data.com\/de\/#organization"},"potentialAction":[{"@type":"SearchAction","target":{"@type":"EntryPoint","urlTemplate":"https:\/\/www.exchange-data.com\/de\/?s={search_term_string}"},"query-input":{"@type":"PropertyValueSpecification","valueRequired":true,"valueName":"search_term_string"}}],"inLanguage":"de"},{"@type":"Organization","@id":"https:\/\/www.exchange-data.com\/de\/#organization","name":"Exchange Data International","url":"https:\/\/www.exchange-data.com\/de\/","logo":{"@type":"ImageObject","inLanguage":"de","@id":"https:\/\/www.exchange-data.com\/de\/#\/schema\/logo\/image\/","url":"https:\/\/www.exchange-data.com\/wp-content\/uploads\/2019\/03\/logo3.png","contentUrl":"https:\/\/www.exchange-data.com\/wp-content\/uploads\/2019\/03\/logo3.png","width":200,"height":80,"caption":"Exchange Data International"},"image":{"@id":"https:\/\/www.exchange-data.com\/de\/#\/schema\/logo\/image\/"},"sameAs":["https:\/\/x.com\/ExchangeData","https:\/\/www.linkedin.com\/company\/exchange-data-international\/?viewAsMember=true","https:\/\/www.youtube.com\/channel\/UC5D1OpUb22YZANRLD_Ktcgg?view_as=subscriber"]}]}},"_links":{"self":[{"href":"https:\/\/www.exchange-data.com\/de\/wp-json\/wp\/v2\/product\/35677","targetHints":{"allow":["GET"]}}],"collection":[{"href":"https:\/\/www.exchange-data.com\/de\/wp-json\/wp\/v2\/product"}],"about":[{"href":"https:\/\/www.exchange-data.com\/de\/wp-json\/wp\/v2\/types\/product"}],"wp:featuredmedia":[{"embeddable":true,"href":"https:\/\/www.exchange-data.com\/de\/wp-json\/wp\/v2\/media\/34153"}],"wp:attachment":[{"href":"https:\/\/www.exchange-data.com\/de\/wp-json\/wp\/v2\/media?parent=35677"}],"wp:term":[{"taxonomy":"country","embeddable":true,"href":"https:\/\/www.exchange-data.com\/de\/wp-json\/wp\/v2\/country?post=35677"},{"taxonomy":"product_category","embeddable":true,"href":"https:\/\/www.exchange-data.com\/de\/wp-json\/wp\/v2\/product_category?post=35677"}],"curies":[{"name":"wp","href":"https:\/\/api.w.org\/{rel}","templated":true}]}}