{"id":35678,"date":"2020-11-30T17:10:48","date_gmt":"2020-11-30T16:10:48","guid":{"rendered":"https:\/\/www.exchange-data.com\/product\/offshore-meldefonds\/"},"modified":"2025-09-02T09:39:02","modified_gmt":"2025-09-02T08:39:02","slug":"offshore-meldefonds","status":"publish","type":"product","link":"https:\/\/www.exchange-data.com\/de\/produkt\/offshore-meldefonds\/","title":{"rendered":"Offshore Reporting Funds"},"content":{"rendered":"<p><span style=\"font-weight: 400;\">Der Offshore Fonds Meldeservice ist eine Partnerschaft zwischen Exchange Data International (EDI) und Financial Software Limited (FSL).<\/span><\/p>\n<p><span style=\"font-weight: 400;\">Dieser Service liefert Ihnen alle erforderlichen steuerrelevanten Berichtselemente f\u00fcr Offshore-Fonds, die:<\/span><\/p>\n<ul>\n<li><span style=\"font-weight: 400;\">einfach zu nutzen sind,<\/span><\/li>\n<li><span style=\"font-weight: 400;\">in flexiblen Formaten bereitgestellt werden,<\/span><\/li>\n<li><span style=\"font-weight: 400;\">durch einen Validierungsprozess gepr\u00fcft und somit verl\u00e4sslich sind.<\/span><\/li>\n<\/ul>\n<h4>Warum ist dieser Service notwendig?<\/h4>\n<p><span style=\"font-weight: 400;\">Die britische Steuerbeh\u00f6rde HMRC geht verst\u00e4rkt gegen Steuervermeidung bei Offshore-Fonds vor \u2013 es ist gesetzlich vorgeschrieben, alle Offshore-Transaktionen zu melden. Mit dem Offshore Fonds Meldeservice verwandeln Sie den aufwendigen und fehleranf\u00e4lligen Prozess der Fondsermittlung und Steuerpflichtbestimmung in einen einfachen und strukturierten Ablauf. Dies schafft Mehrwert f\u00fcr Ihre Kunden und reduziert das Risiko der non-Compliance deutlich.  <\/span><\/p>\n<h4>Fondsabdeckung:<\/h4>\n<ul>\n<li><span style=\"font-weight: 400;\">Die gr\u00f6\u00dfte propriet\u00e4re Datenbank mit Fondsmanager-Informationen \u2013 auch zu Nischen-Hedgefonds<\/span><\/li>\n<li><span style=\"font-weight: 400;\">Identifikation konstanter NAV-Fonds zur Sicherstellung vollst\u00e4ndiger Daten<\/span><\/li>\n<li><span style=\"font-weight: 400;\">Erweiterte Berichte zu \u201eTransparent Funds\u201c zur Aufwertung Ihres Kundenangebots<\/span><\/li>\n<li><span style=\"font-weight: 400;\">Laufende \u00dcberwachung des Reporting-Fund-Status durch unser spezialisiertes Team<\/span><\/li>\n<li><span style=\"font-weight: 400;\">Historische Datenberichte verf\u00fcgbar<\/span><\/li>\n<\/ul>\n<h4>Methodik:<\/h4>\n<p><span style=\"font-weight: 400;\">Unser Service \u00fcberwindet typische H\u00fcrden bei der Datensammlung aus unterschiedlichen Quellen und bietet eine HMRC-konforme W\u00e4hrungsumrechnung, die Zeit und Aufwand spart. Der Service adressiert folgende Herausforderungen: <\/span><\/p>\n<ul>\n<li><span style=\"font-weight: 400;\">Fehlende oder falsche Kennungen \u2013 z.\u202fB. unvollst\u00e4ndige oder zu lange ISINs, \u00e4hnliche Fondsnamen <\/span><\/li>\n<li><span style=\"font-weight: 400;\">Zeitintensive Webrecherchen \u2013 insbesondere bei kleinen oder spezialisierten Fonds mit unvollst\u00e4ndigen Websites <\/span><\/li>\n<li><span style=\"font-weight: 400;\">Fehlende historische Informationen \u2013 z.\u202fB. durch Namens- oder Administratorwechsel <\/span><\/li>\n<li><span style=\"font-weight: 400;\">Schwieriger Zugang zu Berichten \u2013 meist kein eigener Bereich f\u00fcr Reporting-Fonds auf den Websites<\/span><\/li>\n<li><span style=\"font-weight: 400;\">Unklare Berichts-W\u00e4hrung \u2013 Unterscheidung zwischen Anteilsklassen- und Basisw\u00e4hrung oft nicht eindeutig<\/span><\/li>\n<li><span style=\"font-weight: 400;\">Schwierige Identifizierung von Anteilsklassen \u2013 Risiko falscher Zahlen oder zus\u00e4tzlicher Aufwand durch direkte Kontaktaufnahme mit dem Fondsmanager<\/span><\/li>\n<\/ul>\n<p><span style=\"font-weight: 400;\">Unser engagiertes Data-Analysis-Team steht Ihnen bei Fragen zur Seite und sorgt daf\u00fcr, dass Sie die n\u00f6tige Sicherheit in der steuerlichen Behandlung Ihrer Offshore-Fonds erhalten.<\/span><\/p>\n","protected":false},"featured_media":34153,"template":"","country":[],"product_category":[3174,3167,3169],"class_list":["post-35678","product","type-product","status-publish","has-post-thumbnail","hentry","product_category-investment-funds-edi-de-edi-products-services-de","product_category-produkte-und-services","product_category-steuerliche-daten-de-edi-products-services-de"],"acf":[],"yoast_head":"<!-- This site is optimized with the Yoast SEO Premium plugin v26.0 (Yoast SEO v26.0) - https:\/\/yoast.com\/wordpress\/plugins\/seo\/ -->\n<title>Offshore-Meldefondsdienst | Exchange Data International<\/title>\n<meta name=\"description\" content=\"Nutzen Sie den Offshore Fonds Meldeservice von EDI &amp; FSL f\u00fcr vollst\u00e4ndige, gepr\u00fcfte Steuerdaten \u2013 f\u00fcr effiziente Prozesse und reduzierte Compliance-Risiken.\" \/>\n<meta name=\"robots\" content=\"index, follow, max-snippet:-1, max-image-preview:large, max-video-preview:-1\" \/>\n<link rel=\"canonical\" href=\"https:\/\/www.exchange-data.com\/de\/produkt\/offshore-meldefonds\/\" \/>\n<meta property=\"og:locale\" content=\"de_DE\" \/>\n<meta property=\"og:type\" content=\"article\" \/>\n<meta property=\"og:title\" content=\"Offshore-Meldefonds\" \/>\n<meta property=\"og:description\" content=\"Der Offshore Reporting Funds Service ist eine Partnerschaft zwischen Exchange Data International (EDI) und Financial Software Limited (FSL). Der Offshore Reporting Funds Service bietet Ihnen die erforderlichen Offshore-Fonds-Steuerberichtselemente, die einfach zu verwenden sind, in anpassbaren Formaten bereitgestellt werden und durch einen Validierungsprozess bereitgestellt werden, der genaue Daten gew\u00e4hrleistet.\" \/>\n<meta property=\"og:url\" content=\"https:\/\/www.exchange-data.com\/de\/produkt\/offshore-meldefonds\/\" \/>\n<meta property=\"og:site_name\" content=\"Exchange Data International\" \/>\n<meta property=\"article:modified_time\" content=\"2025-09-02T08:39:02+00:00\" \/>\n<meta property=\"og:image\" content=\"https:\/\/www.exchange-data.com\/wp-content\/uploads\/2015\/09\/EDI-Post-Featured-Image-700x400-1.png\" \/>\n<meta name=\"twitter:card\" content=\"summary_large_image\" \/>\n<meta name=\"twitter:title\" content=\"Offshore-Meldefonds\" \/>\n<meta name=\"twitter:description\" content=\"Der Offshore Reporting Funds Service ist eine Partnerschaft zwischen Exchange Data International (EDI) und Financial Software Limited (FSL). Der Offshore Reporting Funds Service bietet Ihnen die erforderlichen Offshore-Fonds-Steuerberichtselemente, die einfach zu verwenden sind, in anpassbaren Formaten bereitgestellt werden und durch einen Validierungsprozess bereitgestellt werden, der genaue Daten gew\u00e4hrleistet.\" \/>\n<meta name=\"twitter:image\" content=\"https:\/\/www.exchange-data.com\/wp-content\/uploads\/2015\/09\/EDI-Post-Featured-Image-700x400-1.png\" \/>\n<meta name=\"twitter:site\" content=\"@ExchangeData\" \/>\n<meta name=\"twitter:label1\" content=\"Gesch\u00e4tzte Lesezeit\" \/>\n\t<meta name=\"twitter:data1\" content=\"1\u00a0Minute\" \/>\n<script type=\"application\/ld+json\" class=\"yoast-schema-graph\">{\"@context\":\"https:\/\/schema.org\",\"@graph\":[{\"@type\":\"WebPage\",\"@id\":\"https:\/\/www.exchange-data.com\/de\/produkt\/offshore-meldefonds\/\",\"url\":\"https:\/\/www.exchange-data.com\/de\/produkt\/offshore-meldefonds\/\",\"name\":\"Offshore-Meldefondsdienst | Exchange Data International\",\"isPartOf\":{\"@id\":\"https:\/\/www.exchange-data.com\/de\/#website\"},\"primaryImageOfPage\":{\"@id\":\"https:\/\/www.exchange-data.com\/de\/produkt\/offshore-meldefonds\/#primaryimage\"},\"image\":{\"@id\":\"https:\/\/www.exchange-data.com\/de\/produkt\/offshore-meldefonds\/#primaryimage\"},\"thumbnailUrl\":\"https:\/\/www.exchange-data.com\/wp-content\/uploads\/2015\/09\/EDI-Post-Featured-Image-700x400-1.png\",\"datePublished\":\"2020-11-30T16:10:48+00:00\",\"dateModified\":\"2025-09-02T08:39:02+00:00\",\"description\":\"Nutzen Sie den Offshore Fonds Meldeservice von EDI & FSL f\u00fcr vollst\u00e4ndige, gepr\u00fcfte Steuerdaten \u2013 f\u00fcr effiziente Prozesse und reduzierte Compliance-Risiken.\",\"breadcrumb\":{\"@id\":\"https:\/\/www.exchange-data.com\/de\/produkt\/offshore-meldefonds\/#breadcrumb\"},\"inLanguage\":\"de\",\"potentialAction\":[{\"@type\":\"ReadAction\",\"target\":[\"https:\/\/www.exchange-data.com\/de\/produkt\/offshore-meldefonds\/\"]}]},{\"@type\":\"ImageObject\",\"inLanguage\":\"de\",\"@id\":\"https:\/\/www.exchange-data.com\/de\/produkt\/offshore-meldefonds\/#primaryimage\",\"url\":\"https:\/\/www.exchange-data.com\/wp-content\/uploads\/2015\/09\/EDI-Post-Featured-Image-700x400-1.png\",\"contentUrl\":\"https:\/\/www.exchange-data.com\/wp-content\/uploads\/2015\/09\/EDI-Post-Featured-Image-700x400-1.png\",\"width\":700,\"height\":400,\"caption\":\"Exchange Data International\"},{\"@type\":\"BreadcrumbList\",\"@id\":\"https:\/\/www.exchange-data.com\/de\/produkt\/offshore-meldefonds\/#breadcrumb\",\"itemListElement\":[{\"@type\":\"ListItem\",\"position\":1,\"name\":\"Home\",\"item\":\"https:\/\/www.exchange-data.com\/de\/startseite\/\"},{\"@type\":\"ListItem\",\"position\":2,\"name\":\"Offshore Reporting Funds\"}]},{\"@type\":\"WebSite\",\"@id\":\"https:\/\/www.exchange-data.com\/de\/#website\",\"url\":\"https:\/\/www.exchange-data.com\/de\/\",\"name\":\"Exchange Data International\",\"description\":\"Doing data differently\",\"publisher\":{\"@id\":\"https:\/\/www.exchange-data.com\/de\/#organization\"},\"potentialAction\":[{\"@type\":\"SearchAction\",\"target\":{\"@type\":\"EntryPoint\",\"urlTemplate\":\"https:\/\/www.exchange-data.com\/de\/?s={search_term_string}\"},\"query-input\":{\"@type\":\"PropertyValueSpecification\",\"valueRequired\":true,\"valueName\":\"search_term_string\"}}],\"inLanguage\":\"de\"},{\"@type\":\"Organization\",\"@id\":\"https:\/\/www.exchange-data.com\/de\/#organization\",\"name\":\"Exchange Data International\",\"url\":\"https:\/\/www.exchange-data.com\/de\/\",\"logo\":{\"@type\":\"ImageObject\",\"inLanguage\":\"de\",\"@id\":\"https:\/\/www.exchange-data.com\/de\/#\/schema\/logo\/image\/\",\"url\":\"https:\/\/www.exchange-data.com\/wp-content\/uploads\/2019\/03\/logo3.png\",\"contentUrl\":\"https:\/\/www.exchange-data.com\/wp-content\/uploads\/2019\/03\/logo3.png\",\"width\":200,\"height\":80,\"caption\":\"Exchange Data International\"},\"image\":{\"@id\":\"https:\/\/www.exchange-data.com\/de\/#\/schema\/logo\/image\/\"},\"sameAs\":[\"https:\/\/x.com\/ExchangeData\",\"https:\/\/www.linkedin.com\/company\/exchange-data-international\/?viewAsMember=true\",\"https:\/\/www.youtube.com\/channel\/UC5D1OpUb22YZANRLD_Ktcgg?view_as=subscriber\"]}]}<\/script>\n<!-- \/ Yoast SEO Premium plugin. -->","yoast_head_json":{"title":"Offshore-Meldefondsdienst | Exchange Data International","description":"Nutzen Sie den Offshore Fonds Meldeservice von EDI & FSL f\u00fcr vollst\u00e4ndige, gepr\u00fcfte Steuerdaten \u2013 f\u00fcr effiziente Prozesse und reduzierte Compliance-Risiken.","robots":{"index":"index","follow":"follow","max-snippet":"max-snippet:-1","max-image-preview":"max-image-preview:large","max-video-preview":"max-video-preview:-1"},"canonical":"https:\/\/www.exchange-data.com\/de\/produkt\/offshore-meldefonds\/","og_locale":"de_DE","og_type":"article","og_title":"Offshore-Meldefonds","og_description":"Der Offshore Reporting Funds Service ist eine Partnerschaft zwischen Exchange Data International (EDI) und Financial Software Limited (FSL). Der Offshore Reporting Funds Service bietet Ihnen die erforderlichen Offshore-Fonds-Steuerberichtselemente, die einfach zu verwenden sind, in anpassbaren Formaten bereitgestellt werden und durch einen Validierungsprozess bereitgestellt werden, der genaue Daten gew\u00e4hrleistet.","og_url":"https:\/\/www.exchange-data.com\/de\/produkt\/offshore-meldefonds\/","og_site_name":"Exchange Data International","article_modified_time":"2025-09-02T08:39:02+00:00","og_image":[{"url":"https:\/\/www.exchange-data.com\/wp-content\/uploads\/2015\/09\/EDI-Post-Featured-Image-700x400-1.png","type":"","width":"","height":""}],"twitter_card":"summary_large_image","twitter_title":"Offshore-Meldefonds","twitter_description":"Der Offshore Reporting Funds Service ist eine Partnerschaft zwischen Exchange Data International (EDI) und Financial Software Limited (FSL). Der Offshore Reporting Funds Service bietet Ihnen die erforderlichen Offshore-Fonds-Steuerberichtselemente, die einfach zu verwenden sind, in anpassbaren Formaten bereitgestellt werden und durch einen Validierungsprozess bereitgestellt werden, der genaue Daten gew\u00e4hrleistet.","twitter_image":"https:\/\/www.exchange-data.com\/wp-content\/uploads\/2015\/09\/EDI-Post-Featured-Image-700x400-1.png","twitter_site":"@ExchangeData","twitter_misc":{"Gesch\u00e4tzte Lesezeit":"1\u00a0Minute"},"schema":{"@context":"https:\/\/schema.org","@graph":[{"@type":"WebPage","@id":"https:\/\/www.exchange-data.com\/de\/produkt\/offshore-meldefonds\/","url":"https:\/\/www.exchange-data.com\/de\/produkt\/offshore-meldefonds\/","name":"Offshore-Meldefondsdienst | Exchange Data International","isPartOf":{"@id":"https:\/\/www.exchange-data.com\/de\/#website"},"primaryImageOfPage":{"@id":"https:\/\/www.exchange-data.com\/de\/produkt\/offshore-meldefonds\/#primaryimage"},"image":{"@id":"https:\/\/www.exchange-data.com\/de\/produkt\/offshore-meldefonds\/#primaryimage"},"thumbnailUrl":"https:\/\/www.exchange-data.com\/wp-content\/uploads\/2015\/09\/EDI-Post-Featured-Image-700x400-1.png","datePublished":"2020-11-30T16:10:48+00:00","dateModified":"2025-09-02T08:39:02+00:00","description":"Nutzen Sie den Offshore Fonds Meldeservice von EDI & FSL f\u00fcr vollst\u00e4ndige, gepr\u00fcfte Steuerdaten \u2013 f\u00fcr effiziente Prozesse und reduzierte Compliance-Risiken.","breadcrumb":{"@id":"https:\/\/www.exchange-data.com\/de\/produkt\/offshore-meldefonds\/#breadcrumb"},"inLanguage":"de","potentialAction":[{"@type":"ReadAction","target":["https:\/\/www.exchange-data.com\/de\/produkt\/offshore-meldefonds\/"]}]},{"@type":"ImageObject","inLanguage":"de","@id":"https:\/\/www.exchange-data.com\/de\/produkt\/offshore-meldefonds\/#primaryimage","url":"https:\/\/www.exchange-data.com\/wp-content\/uploads\/2015\/09\/EDI-Post-Featured-Image-700x400-1.png","contentUrl":"https:\/\/www.exchange-data.com\/wp-content\/uploads\/2015\/09\/EDI-Post-Featured-Image-700x400-1.png","width":700,"height":400,"caption":"Exchange Data International"},{"@type":"BreadcrumbList","@id":"https:\/\/www.exchange-data.com\/de\/produkt\/offshore-meldefonds\/#breadcrumb","itemListElement":[{"@type":"ListItem","position":1,"name":"Home","item":"https:\/\/www.exchange-data.com\/de\/startseite\/"},{"@type":"ListItem","position":2,"name":"Offshore Reporting Funds"}]},{"@type":"WebSite","@id":"https:\/\/www.exchange-data.com\/de\/#website","url":"https:\/\/www.exchange-data.com\/de\/","name":"Exchange Data International","description":"Doing data differently","publisher":{"@id":"https:\/\/www.exchange-data.com\/de\/#organization"},"potentialAction":[{"@type":"SearchAction","target":{"@type":"EntryPoint","urlTemplate":"https:\/\/www.exchange-data.com\/de\/?s={search_term_string}"},"query-input":{"@type":"PropertyValueSpecification","valueRequired":true,"valueName":"search_term_string"}}],"inLanguage":"de"},{"@type":"Organization","@id":"https:\/\/www.exchange-data.com\/de\/#organization","name":"Exchange Data International","url":"https:\/\/www.exchange-data.com\/de\/","logo":{"@type":"ImageObject","inLanguage":"de","@id":"https:\/\/www.exchange-data.com\/de\/#\/schema\/logo\/image\/","url":"https:\/\/www.exchange-data.com\/wp-content\/uploads\/2019\/03\/logo3.png","contentUrl":"https:\/\/www.exchange-data.com\/wp-content\/uploads\/2019\/03\/logo3.png","width":200,"height":80,"caption":"Exchange Data International"},"image":{"@id":"https:\/\/www.exchange-data.com\/de\/#\/schema\/logo\/image\/"},"sameAs":["https:\/\/x.com\/ExchangeData","https:\/\/www.linkedin.com\/company\/exchange-data-international\/?viewAsMember=true","https:\/\/www.youtube.com\/channel\/UC5D1OpUb22YZANRLD_Ktcgg?view_as=subscriber"]}]}},"_links":{"self":[{"href":"https:\/\/www.exchange-data.com\/de\/wp-json\/wp\/v2\/product\/35678","targetHints":{"allow":["GET"]}}],"collection":[{"href":"https:\/\/www.exchange-data.com\/de\/wp-json\/wp\/v2\/product"}],"about":[{"href":"https:\/\/www.exchange-data.com\/de\/wp-json\/wp\/v2\/types\/product"}],"wp:featuredmedia":[{"embeddable":true,"href":"https:\/\/www.exchange-data.com\/de\/wp-json\/wp\/v2\/media\/34153"}],"wp:attachment":[{"href":"https:\/\/www.exchange-data.com\/de\/wp-json\/wp\/v2\/media?parent=35678"}],"wp:term":[{"taxonomy":"country","embeddable":true,"href":"https:\/\/www.exchange-data.com\/de\/wp-json\/wp\/v2\/country?post=35678"},{"taxonomy":"product_category","embeddable":true,"href":"https:\/\/www.exchange-data.com\/de\/wp-json\/wp\/v2\/product_category?post=35678"}],"curies":[{"name":"wp","href":"https:\/\/api.w.org\/{rel}","templated":true}]}}