{"id":35680,"date":"2020-10-09T08:40:04","date_gmt":"2020-10-09T07:40:04","guid":{"rendered":"https:\/\/www.exchange-data.com\/product\/preisgestaltung-von-kommunalanleihen\/"},"modified":"2026-02-27T14:33:00","modified_gmt":"2026-02-27T13:33:00","slug":"preisgestaltung-von-kommunalanleihen","status":"publish","type":"product","link":"https:\/\/www.exchange-data.com\/de\/produkt\/preisgestaltung-von-kommunalanleihen\/","title":{"rendered":"Preise f\u00fcr US-Kommunalanleihen"},"content":{"rendered":"<p><span style=\"font-weight: 400;\">Der Service liefert t\u00e4gliche End-of-Day-Preisdaten f\u00fcr ausgew\u00e4hlte Anleihen oder f\u00fcr die gesamte Datenbank mit 1,25 Millionen US-Kommunalanleihen. Zus\u00e4tzlich zu den aktuellen Daten stellt EDI einen historischen Datenbestand von acht Jahren zur Verf\u00fcgung. <\/span><\/p>\n<p><span style=\"font-weight: 400;\">Im Vergleich zu traditionellen Methoden wie Bootstrapping, Interpolation oder Matrix Pricing bietet dieser Ansatz marktnahe Bewertungen \u2013 und reduziert so Bewertungsrisiken sp\u00fcrbar.<\/span><\/p>\n<p>Der Service wurde speziell f\u00fcr den Mid-Market- und Regionalh\u00e4ndler-Sektor entwickelt und bietet:<\/p>\n<ul>\n<li><span style=\"font-weight: 400;\">Transparenz hinsichtlich der verwendeten Methoden und zugrunde liegenden Daten<\/span><\/li>\n<li><span style=\"font-weight: 400;\">M\u00f6glichkeit f\u00fcr Kunden und Partner, im Entwicklungsprozess Feedback zu geben<\/span><\/li>\n<li><span style=\"font-weight: 400;\">Entwicklung von Fachleuten mit fundierter Expertise im jeweiligen Marktsegment<\/span><\/li>\n<li><span style=\"font-weight: 400;\">Eine Preisstruktur, die sich am Budget regionaler Finanzdienstleister orientiert<\/span><\/li>\n<\/ul>\n<p>&nbsp;<\/p>\n<p>&nbsp;<\/p>\n","protected":false},"featured_media":34153,"template":"","country":[],"product_category":[3190,3167],"class_list":["post-35680","product","type-product","status-publish","has-post-thumbnail","hentry","product_category-festverzinsliche-daten","product_category-produkte-und-services"],"acf":[],"yoast_head":"<!-- This site is optimized with the Yoast SEO Premium plugin v26.0 (Yoast SEO v26.0) - https:\/\/yoast.com\/wordpress\/plugins\/seo\/ -->\n<title>Anleihe Tagesendkurse | Exchange Data International<\/title>\n<meta name=\"description\" content=\"Erhalten Sie t\u00e4gliche Preisdaten f\u00fcr Kommunalanleihen inklusive 8 Jahre Historie. Marktnahe Bewertungen f\u00fcr 1,25 Mio. US-Anleihen \u2013 ideal f\u00fcr regionale H\u00e4ndler.\" \/>\n<meta name=\"robots\" content=\"index, follow, max-snippet:-1, max-image-preview:large, max-video-preview:-1\" \/>\n<link rel=\"canonical\" href=\"https:\/\/www.exchange-data.com\/de\/produkt\/preisgestaltung-von-kommunalanleihen\/\" \/>\n<meta property=\"og:locale\" content=\"de_DE\" \/>\n<meta property=\"og:type\" content=\"article\" \/>\n<meta property=\"og:title\" content=\"Preisgestaltung von Kommunalanleihen\" \/>\n<meta property=\"og:description\" content=\"Der Service bietet t\u00e4gliche Tagesschlusskurse f\u00fcr ausgew\u00e4hlte Anleihen oder die gesamte Datenbank mit 1,25 Millionen US-Kommunalanleihen. Neben den t\u00e4glichen Daten liefert EDI auch historische Daten aus 8 Jahren. Die Methode reduziert das Risiko, indem sie marktgerechtere Bewertungen liefert als herk\u00f6mmliche Methoden (wie Bootstrapping, Interpolation und Matrixpreise). Entwickelt f\u00fcr das mittlere Marktsegment, regionale H\u00e4ndler und Kunden werden mit:\" \/>\n<meta property=\"og:url\" content=\"https:\/\/www.exchange-data.com\/de\/produkt\/preisgestaltung-von-kommunalanleihen\/\" \/>\n<meta property=\"og:site_name\" content=\"Exchange Data International\" \/>\n<meta property=\"article:modified_time\" content=\"2026-02-27T13:33:00+00:00\" \/>\n<meta property=\"og:image\" content=\"https:\/\/www.exchange-data.com\/wp-content\/uploads\/2015\/09\/EDI-Post-Featured-Image-700x400-1.png\" \/>\n<meta name=\"twitter:card\" content=\"summary_large_image\" \/>\n<meta name=\"twitter:title\" content=\"Preisgestaltung von Kommunalanleihen\" \/>\n<meta name=\"twitter:description\" content=\"Der Service bietet t\u00e4gliche Tagesschlusskurse f\u00fcr ausgew\u00e4hlte Anleihen oder die gesamte Datenbank mit 1,25 Millionen US-Kommunalanleihen. Neben den t\u00e4glichen Daten liefert EDI auch historische Daten aus 8 Jahren. Die Methode reduziert das Risiko, indem sie marktgerechtere Bewertungen liefert als herk\u00f6mmliche Methoden (wie Bootstrapping, Interpolation und Matrixpreise). Entwickelt f\u00fcr das mittlere Marktsegment, regionale H\u00e4ndler und Kunden werden mit:\" \/>\n<meta name=\"twitter:image\" content=\"https:\/\/www.exchange-data.com\/wp-content\/uploads\/2015\/09\/EDI-Post-Featured-Image-700x400-1.png\" \/>\n<meta name=\"twitter:site\" content=\"@ExchangeData\" \/>\n<meta name=\"twitter:label1\" content=\"Gesch\u00e4tzte Lesezeit\" \/>\n\t<meta name=\"twitter:data1\" content=\"1\u00a0Minute\" \/>\n<script type=\"application\/ld+json\" class=\"yoast-schema-graph\">{\"@context\":\"https:\/\/schema.org\",\"@graph\":[{\"@type\":\"WebPage\",\"@id\":\"https:\/\/www.exchange-data.com\/de\/produkt\/preisgestaltung-von-kommunalanleihen\/\",\"url\":\"https:\/\/www.exchange-data.com\/de\/produkt\/preisgestaltung-von-kommunalanleihen\/\",\"name\":\"Anleihe Tagesendkurse | Exchange Data International\",\"isPartOf\":{\"@id\":\"https:\/\/www.exchange-data.com\/de\/#website\"},\"primaryImageOfPage\":{\"@id\":\"https:\/\/www.exchange-data.com\/de\/produkt\/preisgestaltung-von-kommunalanleihen\/#primaryimage\"},\"image\":{\"@id\":\"https:\/\/www.exchange-data.com\/de\/produkt\/preisgestaltung-von-kommunalanleihen\/#primaryimage\"},\"thumbnailUrl\":\"https:\/\/www.exchange-data.com\/wp-content\/uploads\/2015\/09\/EDI-Post-Featured-Image-700x400-1.png\",\"datePublished\":\"2020-10-09T07:40:04+00:00\",\"dateModified\":\"2026-02-27T13:33:00+00:00\",\"description\":\"Erhalten Sie t\u00e4gliche Preisdaten f\u00fcr Kommunalanleihen inklusive 8 Jahre Historie. Marktnahe Bewertungen f\u00fcr 1,25 Mio. US-Anleihen \u2013 ideal f\u00fcr regionale H\u00e4ndler.\",\"breadcrumb\":{\"@id\":\"https:\/\/www.exchange-data.com\/de\/produkt\/preisgestaltung-von-kommunalanleihen\/#breadcrumb\"},\"inLanguage\":\"de\",\"potentialAction\":[{\"@type\":\"ReadAction\",\"target\":[\"https:\/\/www.exchange-data.com\/de\/produkt\/preisgestaltung-von-kommunalanleihen\/\"]}]},{\"@type\":\"ImageObject\",\"inLanguage\":\"de\",\"@id\":\"https:\/\/www.exchange-data.com\/de\/produkt\/preisgestaltung-von-kommunalanleihen\/#primaryimage\",\"url\":\"https:\/\/www.exchange-data.com\/wp-content\/uploads\/2015\/09\/EDI-Post-Featured-Image-700x400-1.png\",\"contentUrl\":\"https:\/\/www.exchange-data.com\/wp-content\/uploads\/2015\/09\/EDI-Post-Featured-Image-700x400-1.png\",\"width\":700,\"height\":400,\"caption\":\"Exchange Data International\"},{\"@type\":\"BreadcrumbList\",\"@id\":\"https:\/\/www.exchange-data.com\/de\/produkt\/preisgestaltung-von-kommunalanleihen\/#breadcrumb\",\"itemListElement\":[{\"@type\":\"ListItem\",\"position\":1,\"name\":\"Home\",\"item\":\"https:\/\/www.exchange-data.com\/de\/startseite\/\"},{\"@type\":\"ListItem\",\"position\":2,\"name\":\"Preise f\u00fcr US-Kommunalanleihen\"}]},{\"@type\":\"WebSite\",\"@id\":\"https:\/\/www.exchange-data.com\/de\/#website\",\"url\":\"https:\/\/www.exchange-data.com\/de\/\",\"name\":\"Exchange Data International\",\"description\":\"Doing data differently\",\"publisher\":{\"@id\":\"https:\/\/www.exchange-data.com\/de\/#organization\"},\"potentialAction\":[{\"@type\":\"SearchAction\",\"target\":{\"@type\":\"EntryPoint\",\"urlTemplate\":\"https:\/\/www.exchange-data.com\/de\/?s={search_term_string}\"},\"query-input\":{\"@type\":\"PropertyValueSpecification\",\"valueRequired\":true,\"valueName\":\"search_term_string\"}}],\"inLanguage\":\"de\"},{\"@type\":\"Organization\",\"@id\":\"https:\/\/www.exchange-data.com\/de\/#organization\",\"name\":\"Exchange Data International\",\"url\":\"https:\/\/www.exchange-data.com\/de\/\",\"logo\":{\"@type\":\"ImageObject\",\"inLanguage\":\"de\",\"@id\":\"https:\/\/www.exchange-data.com\/de\/#\/schema\/logo\/image\/\",\"url\":\"https:\/\/www.exchange-data.com\/wp-content\/uploads\/2019\/03\/logo3.png\",\"contentUrl\":\"https:\/\/www.exchange-data.com\/wp-content\/uploads\/2019\/03\/logo3.png\",\"width\":200,\"height\":80,\"caption\":\"Exchange Data International\"},\"image\":{\"@id\":\"https:\/\/www.exchange-data.com\/de\/#\/schema\/logo\/image\/\"},\"sameAs\":[\"https:\/\/x.com\/ExchangeData\",\"https:\/\/www.linkedin.com\/company\/exchange-data-international\/?viewAsMember=true\",\"https:\/\/www.youtube.com\/channel\/UC5D1OpUb22YZANRLD_Ktcgg?view_as=subscriber\"]}]}<\/script>\n<!-- \/ Yoast SEO Premium plugin. -->","yoast_head_json":{"title":"Anleihe Tagesendkurse | Exchange Data International","description":"Erhalten Sie t\u00e4gliche Preisdaten f\u00fcr Kommunalanleihen inklusive 8 Jahre Historie. Marktnahe Bewertungen f\u00fcr 1,25 Mio. US-Anleihen \u2013 ideal f\u00fcr regionale H\u00e4ndler.","robots":{"index":"index","follow":"follow","max-snippet":"max-snippet:-1","max-image-preview":"max-image-preview:large","max-video-preview":"max-video-preview:-1"},"canonical":"https:\/\/www.exchange-data.com\/de\/produkt\/preisgestaltung-von-kommunalanleihen\/","og_locale":"de_DE","og_type":"article","og_title":"Preisgestaltung von Kommunalanleihen","og_description":"Der Service bietet t\u00e4gliche Tagesschlusskurse f\u00fcr ausgew\u00e4hlte Anleihen oder die gesamte Datenbank mit 1,25 Millionen US-Kommunalanleihen. Neben den t\u00e4glichen Daten liefert EDI auch historische Daten aus 8 Jahren. Die Methode reduziert das Risiko, indem sie marktgerechtere Bewertungen liefert als herk\u00f6mmliche Methoden (wie Bootstrapping, Interpolation und Matrixpreise). Entwickelt f\u00fcr das mittlere Marktsegment, regionale H\u00e4ndler und Kunden werden mit:","og_url":"https:\/\/www.exchange-data.com\/de\/produkt\/preisgestaltung-von-kommunalanleihen\/","og_site_name":"Exchange Data International","article_modified_time":"2026-02-27T13:33:00+00:00","og_image":[{"url":"https:\/\/www.exchange-data.com\/wp-content\/uploads\/2015\/09\/EDI-Post-Featured-Image-700x400-1.png","type":"","width":"","height":""}],"twitter_card":"summary_large_image","twitter_title":"Preisgestaltung von Kommunalanleihen","twitter_description":"Der Service bietet t\u00e4gliche Tagesschlusskurse f\u00fcr ausgew\u00e4hlte Anleihen oder die gesamte Datenbank mit 1,25 Millionen US-Kommunalanleihen. Neben den t\u00e4glichen Daten liefert EDI auch historische Daten aus 8 Jahren. Die Methode reduziert das Risiko, indem sie marktgerechtere Bewertungen liefert als herk\u00f6mmliche Methoden (wie Bootstrapping, Interpolation und Matrixpreise). Entwickelt f\u00fcr das mittlere Marktsegment, regionale H\u00e4ndler und Kunden werden mit:","twitter_image":"https:\/\/www.exchange-data.com\/wp-content\/uploads\/2015\/09\/EDI-Post-Featured-Image-700x400-1.png","twitter_site":"@ExchangeData","twitter_misc":{"Gesch\u00e4tzte Lesezeit":"1\u00a0Minute"},"schema":{"@context":"https:\/\/schema.org","@graph":[{"@type":"WebPage","@id":"https:\/\/www.exchange-data.com\/de\/produkt\/preisgestaltung-von-kommunalanleihen\/","url":"https:\/\/www.exchange-data.com\/de\/produkt\/preisgestaltung-von-kommunalanleihen\/","name":"Anleihe Tagesendkurse | Exchange Data International","isPartOf":{"@id":"https:\/\/www.exchange-data.com\/de\/#website"},"primaryImageOfPage":{"@id":"https:\/\/www.exchange-data.com\/de\/produkt\/preisgestaltung-von-kommunalanleihen\/#primaryimage"},"image":{"@id":"https:\/\/www.exchange-data.com\/de\/produkt\/preisgestaltung-von-kommunalanleihen\/#primaryimage"},"thumbnailUrl":"https:\/\/www.exchange-data.com\/wp-content\/uploads\/2015\/09\/EDI-Post-Featured-Image-700x400-1.png","datePublished":"2020-10-09T07:40:04+00:00","dateModified":"2026-02-27T13:33:00+00:00","description":"Erhalten Sie t\u00e4gliche Preisdaten f\u00fcr Kommunalanleihen inklusive 8 Jahre Historie. Marktnahe Bewertungen f\u00fcr 1,25 Mio. US-Anleihen \u2013 ideal f\u00fcr regionale H\u00e4ndler.","breadcrumb":{"@id":"https:\/\/www.exchange-data.com\/de\/produkt\/preisgestaltung-von-kommunalanleihen\/#breadcrumb"},"inLanguage":"de","potentialAction":[{"@type":"ReadAction","target":["https:\/\/www.exchange-data.com\/de\/produkt\/preisgestaltung-von-kommunalanleihen\/"]}]},{"@type":"ImageObject","inLanguage":"de","@id":"https:\/\/www.exchange-data.com\/de\/produkt\/preisgestaltung-von-kommunalanleihen\/#primaryimage","url":"https:\/\/www.exchange-data.com\/wp-content\/uploads\/2015\/09\/EDI-Post-Featured-Image-700x400-1.png","contentUrl":"https:\/\/www.exchange-data.com\/wp-content\/uploads\/2015\/09\/EDI-Post-Featured-Image-700x400-1.png","width":700,"height":400,"caption":"Exchange Data International"},{"@type":"BreadcrumbList","@id":"https:\/\/www.exchange-data.com\/de\/produkt\/preisgestaltung-von-kommunalanleihen\/#breadcrumb","itemListElement":[{"@type":"ListItem","position":1,"name":"Home","item":"https:\/\/www.exchange-data.com\/de\/startseite\/"},{"@type":"ListItem","position":2,"name":"Preise f\u00fcr US-Kommunalanleihen"}]},{"@type":"WebSite","@id":"https:\/\/www.exchange-data.com\/de\/#website","url":"https:\/\/www.exchange-data.com\/de\/","name":"Exchange Data International","description":"Doing data differently","publisher":{"@id":"https:\/\/www.exchange-data.com\/de\/#organization"},"potentialAction":[{"@type":"SearchAction","target":{"@type":"EntryPoint","urlTemplate":"https:\/\/www.exchange-data.com\/de\/?s={search_term_string}"},"query-input":{"@type":"PropertyValueSpecification","valueRequired":true,"valueName":"search_term_string"}}],"inLanguage":"de"},{"@type":"Organization","@id":"https:\/\/www.exchange-data.com\/de\/#organization","name":"Exchange Data International","url":"https:\/\/www.exchange-data.com\/de\/","logo":{"@type":"ImageObject","inLanguage":"de","@id":"https:\/\/www.exchange-data.com\/de\/#\/schema\/logo\/image\/","url":"https:\/\/www.exchange-data.com\/wp-content\/uploads\/2019\/03\/logo3.png","contentUrl":"https:\/\/www.exchange-data.com\/wp-content\/uploads\/2019\/03\/logo3.png","width":200,"height":80,"caption":"Exchange Data International"},"image":{"@id":"https:\/\/www.exchange-data.com\/de\/#\/schema\/logo\/image\/"},"sameAs":["https:\/\/x.com\/ExchangeData","https:\/\/www.linkedin.com\/company\/exchange-data-international\/?viewAsMember=true","https:\/\/www.youtube.com\/channel\/UC5D1OpUb22YZANRLD_Ktcgg?view_as=subscriber"]}]}},"_links":{"self":[{"href":"https:\/\/www.exchange-data.com\/de\/wp-json\/wp\/v2\/product\/35680","targetHints":{"allow":["GET"]}}],"collection":[{"href":"https:\/\/www.exchange-data.com\/de\/wp-json\/wp\/v2\/product"}],"about":[{"href":"https:\/\/www.exchange-data.com\/de\/wp-json\/wp\/v2\/types\/product"}],"wp:featuredmedia":[{"embeddable":true,"href":"https:\/\/www.exchange-data.com\/de\/wp-json\/wp\/v2\/media\/34153"}],"wp:attachment":[{"href":"https:\/\/www.exchange-data.com\/de\/wp-json\/wp\/v2\/media?parent=35680"}],"wp:term":[{"taxonomy":"country","embeddable":true,"href":"https:\/\/www.exchange-data.com\/de\/wp-json\/wp\/v2\/country?post=35680"},{"taxonomy":"product_category","embeddable":true,"href":"https:\/\/www.exchange-data.com\/de\/wp-json\/wp\/v2\/product_category?post=35680"}],"curies":[{"name":"wp","href":"https:\/\/api.w.org\/{rel}","templated":true}]}}