{"id":35681,"date":"2020-07-22T13:30:36","date_gmt":"2020-07-22T12:30:36","guid":{"rendered":"https:\/\/www.exchange-data.com\/product\/unit-investment-trusts\/"},"modified":"2025-08-12T11:34:36","modified_gmt":"2025-08-12T10:34:36","slug":"unit-investment-trusts","status":"publish","type":"product","link":"https:\/\/www.exchange-data.com\/de\/produkt\/unit-investment-trusts\/","title":{"rendered":"Unit Investment Trusts"},"content":{"rendered":"<p><span style=\"font-weight: 400;\">Ein <strong>Unit Investment Trust<\/strong> (UIT) ist eine <strong>Anlagegesellschaft,<\/strong> die ein festgelegtes Portfolio \u2013 meist bestehend aus Aktien und Anleihen \u2013 in Form von r\u00fccknehmbaren <strong>Anteilen<\/strong> f\u00fcr<strong> einen<\/strong> definierten Zeitraum anbietet. Ziel dieser Struktur ist es, Kapitalzuwachs und\/oder <strong>Dividendenertr\u00e4ge<\/strong> zu erzielen. Wir erfassen s\u00e4mtliche in den USA emittierten Treuhandfonds und stellen umfassende Referenz- sowie Kapitalma\u00dfnahmendaten zur Verf\u00fcgung.  <\/span><\/p>\n<h5>Verf\u00fcgbare Felder f\u00fcr Referenzdaten von UITs<\/h5>\n<table>\n<tbody>\n<tr>\n<td>\n<ul>\n<li>UIT-ID<\/li>\n<li>Aktionskennzeichen<\/li>\n<li>Zeitpunkt der Aktion<\/li>\n<li>ISIN<\/li>\n<li>US-Code<\/li>\n<li>Lokaler Code<\/li>\n<li>SEDOL<\/li>\n<li>B\u00f6rsenkennzeichen<\/li>\n<li>Name des Emittenten<\/li>\n<\/ul>\n<\/td>\n<td>\n<ul>\n<li>Name des Trusts<\/li>\n<li>Name des Wertpapiers<\/li>\n<li>Beschreibung des Wertpapiers<\/li>\n<li>Einlage-Datum<\/li>\n<li>F\u00e4lligkeitsdatum<\/li>\n<li>Aussch\u00fcttungstermin<\/li>\n<li>Aussch\u00fcttungsfrequenz<\/li>\n<li>Steuerklasse<\/li>\n<\/ul>\n<\/td>\n<\/tr>\n<\/tbody>\n<\/table>\n<h5>Verf\u00fcgbare Felder f\u00fcr Kapitalma\u00dfnahmen von UITs<\/h5>\n<table>\n<tbody>\n<tr>\n<td>\n<ul>\n<li>UIT-ID<\/li>\n<li>Aktionskennzeichen<\/li>\n<li>Zeitpunkt der Aktion<\/li>\n<li>ISIN<\/li>\n<li>US-Code<\/li>\n<li>Lokaler Code<\/li>\n<li>SEDOL<\/li>\n<li>B\u00f6rsenkennzeichen<\/li>\n<li>Name des Emittenten<\/li>\n<li>Name des Trusts<\/li>\n<\/ul>\n<\/td>\n<td>\n<ul>\n<li>Name des Wertpapiers<\/li>\n<li>Beschreibung des Wertpapiers<\/li>\n<li>Einlage-Datum<\/li>\n<li>F\u00e4lligkeitsdatum<\/li>\n<li>Aussch\u00fcttungsdaten<\/li>\n<li>Aussch\u00fcttungsfrequenz<\/li>\n<li>Steuerklasse<\/li>\n<li>Ex-Dividenden-Datum<\/li>\n<li>Stichtag<\/li>\n<li>Zahltag<\/li>\n<\/ul>\n<\/td>\n<td>\n<ul>\n<li>W\u00e4hrungscode<\/li>\n<li>Bruttodividende<\/li>\n<li>Nettodividende<\/li>\n<li>Ank\u00fcndigungsdatum<\/li>\n<li>Vormerkungskennzeichen<\/li>\n<li>Null-Dividende<\/li>\n<li>Ungef\u00e4hre Dividendenkennzeichnung<\/li>\n<li>Zahlungs-ID<\/li>\n<\/ul>\n<\/td>\n<\/tr>\n<\/tbody>\n<\/table>\n<p>&nbsp;<\/p>\n","protected":false},"featured_media":34153,"template":"","country":[],"product_category":[3174,3167],"class_list":["post-35681","product","type-product","status-publish","has-post-thumbnail","hentry","product_category-investment-funds-edi-de-edi-products-services-de","product_category-produkte-und-services"],"acf":[],"yoast_head":"<!-- This site is optimized with the Yoast SEO Premium plugin v26.0 (Yoast SEO v26.0) - https:\/\/yoast.com\/wordpress\/plugins\/seo\/ -->\n<title>Unit Investment Trusts (UIT) Daten | Exchange Data International<\/title>\n<meta name=\"description\" content=\"Erhalten Sie strukturierte Daten zu Treuhandfonds in den USA \u2013 inklusive Referenz- und Kapitalma\u00dfnahmendaten f\u00fcr alle Unit Investment Trusts. Ideal f\u00fcr steuerliche und regulatorische Analysen.\" \/>\n<meta name=\"robots\" content=\"index, follow, max-snippet:-1, max-image-preview:large, max-video-preview:-1\" \/>\n<link rel=\"canonical\" href=\"https:\/\/www.exchange-data.com\/de\/produkt\/unit-investment-trusts\/\" \/>\n<meta property=\"og:locale\" content=\"de_DE\" \/>\n<meta property=\"og:type\" content=\"article\" \/>\n<meta property=\"og:title\" content=\"Unit Investment Trust\" \/>\n<meta property=\"og:description\" content=\"Ein Unit Investment Trust (UIT) ist eine Investmentgesellschaft, die Anlegern f\u00fcr einen bestimmten Zeitraum ein festes Portfolio, in der Regel aus Aktien und Anleihen, als r\u00fcckzahlbare Anteile anbietet. Er ist darauf ausgelegt, Kapitalzuwachs und\/oder Dividendenertr\u00e4ge zu erzielen. Wir decken alle in den Vereinigten Staaten ausgegebenen Unit Investment Trusts ab.\" \/>\n<meta property=\"og:url\" content=\"https:\/\/www.exchange-data.com\/de\/produkt\/unit-investment-trusts\/\" \/>\n<meta property=\"og:site_name\" content=\"Exchange Data International\" \/>\n<meta property=\"article:modified_time\" content=\"2025-08-12T10:34:36+00:00\" \/>\n<meta property=\"og:image\" content=\"https:\/\/www.exchange-data.com\/wp-content\/uploads\/2015\/09\/EDI-Post-Featured-Image-700x400-1.png\" \/>\n<meta name=\"twitter:card\" content=\"summary_large_image\" \/>\n<meta name=\"twitter:title\" content=\"Unit Investment Trust\" \/>\n<meta name=\"twitter:description\" content=\"Ein Unit Investment Trust (UIT) ist eine Investmentgesellschaft, die Anlegern f\u00fcr einen bestimmten Zeitraum ein festes Portfolio, in der Regel aus Aktien und Anleihen, als r\u00fcckzahlbare Anteile anbietet. Er ist darauf ausgelegt, Kapitalzuwachs und\/oder Dividendenertr\u00e4ge zu erzielen. Wir decken alle in den Vereinigten Staaten ausgegebenen Unit Investment Trusts ab.\" \/>\n<meta name=\"twitter:image\" content=\"https:\/\/www.exchange-data.com\/wp-content\/uploads\/2015\/09\/EDI-Post-Featured-Image-700x400-1.png\" \/>\n<meta name=\"twitter:site\" content=\"@ExchangeData\" \/>\n<meta name=\"twitter:label1\" content=\"Gesch\u00e4tzte Lesezeit\" \/>\n\t<meta name=\"twitter:data1\" content=\"1\u00a0Minute\" \/>\n<script type=\"application\/ld+json\" class=\"yoast-schema-graph\">{\"@context\":\"https:\/\/schema.org\",\"@graph\":[{\"@type\":\"WebPage\",\"@id\":\"https:\/\/www.exchange-data.com\/de\/produkt\/unit-investment-trusts\/\",\"url\":\"https:\/\/www.exchange-data.com\/de\/produkt\/unit-investment-trusts\/\",\"name\":\"Unit Investment Trusts (UIT) Daten | Exchange Data International\",\"isPartOf\":{\"@id\":\"https:\/\/www.exchange-data.com\/de\/#website\"},\"primaryImageOfPage\":{\"@id\":\"https:\/\/www.exchange-data.com\/de\/produkt\/unit-investment-trusts\/#primaryimage\"},\"image\":{\"@id\":\"https:\/\/www.exchange-data.com\/de\/produkt\/unit-investment-trusts\/#primaryimage\"},\"thumbnailUrl\":\"https:\/\/www.exchange-data.com\/wp-content\/uploads\/2015\/09\/EDI-Post-Featured-Image-700x400-1.png\",\"datePublished\":\"2020-07-22T12:30:36+00:00\",\"dateModified\":\"2025-08-12T10:34:36+00:00\",\"description\":\"Erhalten Sie strukturierte Daten zu Treuhandfonds in den USA \u2013 inklusive Referenz- und Kapitalma\u00dfnahmendaten f\u00fcr alle Unit Investment Trusts. Ideal f\u00fcr steuerliche und regulatorische Analysen.\",\"breadcrumb\":{\"@id\":\"https:\/\/www.exchange-data.com\/de\/produkt\/unit-investment-trusts\/#breadcrumb\"},\"inLanguage\":\"de\",\"potentialAction\":[{\"@type\":\"ReadAction\",\"target\":[\"https:\/\/www.exchange-data.com\/de\/produkt\/unit-investment-trusts\/\"]}]},{\"@type\":\"ImageObject\",\"inLanguage\":\"de\",\"@id\":\"https:\/\/www.exchange-data.com\/de\/produkt\/unit-investment-trusts\/#primaryimage\",\"url\":\"https:\/\/www.exchange-data.com\/wp-content\/uploads\/2015\/09\/EDI-Post-Featured-Image-700x400-1.png\",\"contentUrl\":\"https:\/\/www.exchange-data.com\/wp-content\/uploads\/2015\/09\/EDI-Post-Featured-Image-700x400-1.png\",\"width\":700,\"height\":400,\"caption\":\"Exchange Data International\"},{\"@type\":\"BreadcrumbList\",\"@id\":\"https:\/\/www.exchange-data.com\/de\/produkt\/unit-investment-trusts\/#breadcrumb\",\"itemListElement\":[{\"@type\":\"ListItem\",\"position\":1,\"name\":\"Home\",\"item\":\"https:\/\/www.exchange-data.com\/de\/startseite\/\"},{\"@type\":\"ListItem\",\"position\":2,\"name\":\"Unit Investment Trusts\"}]},{\"@type\":\"WebSite\",\"@id\":\"https:\/\/www.exchange-data.com\/de\/#website\",\"url\":\"https:\/\/www.exchange-data.com\/de\/\",\"name\":\"Exchange Data International\",\"description\":\"Doing data differently\",\"publisher\":{\"@id\":\"https:\/\/www.exchange-data.com\/de\/#organization\"},\"potentialAction\":[{\"@type\":\"SearchAction\",\"target\":{\"@type\":\"EntryPoint\",\"urlTemplate\":\"https:\/\/www.exchange-data.com\/de\/?s={search_term_string}\"},\"query-input\":{\"@type\":\"PropertyValueSpecification\",\"valueRequired\":true,\"valueName\":\"search_term_string\"}}],\"inLanguage\":\"de\"},{\"@type\":\"Organization\",\"@id\":\"https:\/\/www.exchange-data.com\/de\/#organization\",\"name\":\"Exchange Data International\",\"url\":\"https:\/\/www.exchange-data.com\/de\/\",\"logo\":{\"@type\":\"ImageObject\",\"inLanguage\":\"de\",\"@id\":\"https:\/\/www.exchange-data.com\/de\/#\/schema\/logo\/image\/\",\"url\":\"https:\/\/www.exchange-data.com\/wp-content\/uploads\/2019\/03\/logo3.png\",\"contentUrl\":\"https:\/\/www.exchange-data.com\/wp-content\/uploads\/2019\/03\/logo3.png\",\"width\":200,\"height\":80,\"caption\":\"Exchange Data International\"},\"image\":{\"@id\":\"https:\/\/www.exchange-data.com\/de\/#\/schema\/logo\/image\/\"},\"sameAs\":[\"https:\/\/x.com\/ExchangeData\",\"https:\/\/www.linkedin.com\/company\/exchange-data-international\/?viewAsMember=true\",\"https:\/\/www.youtube.com\/channel\/UC5D1OpUb22YZANRLD_Ktcgg?view_as=subscriber\"]}]}<\/script>\n<!-- \/ Yoast SEO Premium plugin. -->","yoast_head_json":{"title":"Unit Investment Trusts (UIT) Daten | Exchange Data International","description":"Erhalten Sie strukturierte Daten zu Treuhandfonds in den USA \u2013 inklusive Referenz- und Kapitalma\u00dfnahmendaten f\u00fcr alle Unit Investment Trusts. Ideal f\u00fcr steuerliche und regulatorische Analysen.","robots":{"index":"index","follow":"follow","max-snippet":"max-snippet:-1","max-image-preview":"max-image-preview:large","max-video-preview":"max-video-preview:-1"},"canonical":"https:\/\/www.exchange-data.com\/de\/produkt\/unit-investment-trusts\/","og_locale":"de_DE","og_type":"article","og_title":"Unit Investment Trust","og_description":"Ein Unit Investment Trust (UIT) ist eine Investmentgesellschaft, die Anlegern f\u00fcr einen bestimmten Zeitraum ein festes Portfolio, in der Regel aus Aktien und Anleihen, als r\u00fcckzahlbare Anteile anbietet. Er ist darauf ausgelegt, Kapitalzuwachs und\/oder Dividendenertr\u00e4ge zu erzielen. Wir decken alle in den Vereinigten Staaten ausgegebenen Unit Investment Trusts ab.","og_url":"https:\/\/www.exchange-data.com\/de\/produkt\/unit-investment-trusts\/","og_site_name":"Exchange Data International","article_modified_time":"2025-08-12T10:34:36+00:00","og_image":[{"url":"https:\/\/www.exchange-data.com\/wp-content\/uploads\/2015\/09\/EDI-Post-Featured-Image-700x400-1.png","type":"","width":"","height":""}],"twitter_card":"summary_large_image","twitter_title":"Unit Investment Trust","twitter_description":"Ein Unit Investment Trust (UIT) ist eine Investmentgesellschaft, die Anlegern f\u00fcr einen bestimmten Zeitraum ein festes Portfolio, in der Regel aus Aktien und Anleihen, als r\u00fcckzahlbare Anteile anbietet. Er ist darauf ausgelegt, Kapitalzuwachs und\/oder Dividendenertr\u00e4ge zu erzielen. Wir decken alle in den Vereinigten Staaten ausgegebenen Unit Investment Trusts ab.","twitter_image":"https:\/\/www.exchange-data.com\/wp-content\/uploads\/2015\/09\/EDI-Post-Featured-Image-700x400-1.png","twitter_site":"@ExchangeData","twitter_misc":{"Gesch\u00e4tzte Lesezeit":"1\u00a0Minute"},"schema":{"@context":"https:\/\/schema.org","@graph":[{"@type":"WebPage","@id":"https:\/\/www.exchange-data.com\/de\/produkt\/unit-investment-trusts\/","url":"https:\/\/www.exchange-data.com\/de\/produkt\/unit-investment-trusts\/","name":"Unit Investment Trusts (UIT) Daten | Exchange Data International","isPartOf":{"@id":"https:\/\/www.exchange-data.com\/de\/#website"},"primaryImageOfPage":{"@id":"https:\/\/www.exchange-data.com\/de\/produkt\/unit-investment-trusts\/#primaryimage"},"image":{"@id":"https:\/\/www.exchange-data.com\/de\/produkt\/unit-investment-trusts\/#primaryimage"},"thumbnailUrl":"https:\/\/www.exchange-data.com\/wp-content\/uploads\/2015\/09\/EDI-Post-Featured-Image-700x400-1.png","datePublished":"2020-07-22T12:30:36+00:00","dateModified":"2025-08-12T10:34:36+00:00","description":"Erhalten Sie strukturierte Daten zu Treuhandfonds in den USA \u2013 inklusive Referenz- und Kapitalma\u00dfnahmendaten f\u00fcr alle Unit Investment Trusts. Ideal f\u00fcr steuerliche und regulatorische Analysen.","breadcrumb":{"@id":"https:\/\/www.exchange-data.com\/de\/produkt\/unit-investment-trusts\/#breadcrumb"},"inLanguage":"de","potentialAction":[{"@type":"ReadAction","target":["https:\/\/www.exchange-data.com\/de\/produkt\/unit-investment-trusts\/"]}]},{"@type":"ImageObject","inLanguage":"de","@id":"https:\/\/www.exchange-data.com\/de\/produkt\/unit-investment-trusts\/#primaryimage","url":"https:\/\/www.exchange-data.com\/wp-content\/uploads\/2015\/09\/EDI-Post-Featured-Image-700x400-1.png","contentUrl":"https:\/\/www.exchange-data.com\/wp-content\/uploads\/2015\/09\/EDI-Post-Featured-Image-700x400-1.png","width":700,"height":400,"caption":"Exchange Data International"},{"@type":"BreadcrumbList","@id":"https:\/\/www.exchange-data.com\/de\/produkt\/unit-investment-trusts\/#breadcrumb","itemListElement":[{"@type":"ListItem","position":1,"name":"Home","item":"https:\/\/www.exchange-data.com\/de\/startseite\/"},{"@type":"ListItem","position":2,"name":"Unit Investment Trusts"}]},{"@type":"WebSite","@id":"https:\/\/www.exchange-data.com\/de\/#website","url":"https:\/\/www.exchange-data.com\/de\/","name":"Exchange Data International","description":"Doing data differently","publisher":{"@id":"https:\/\/www.exchange-data.com\/de\/#organization"},"potentialAction":[{"@type":"SearchAction","target":{"@type":"EntryPoint","urlTemplate":"https:\/\/www.exchange-data.com\/de\/?s={search_term_string}"},"query-input":{"@type":"PropertyValueSpecification","valueRequired":true,"valueName":"search_term_string"}}],"inLanguage":"de"},{"@type":"Organization","@id":"https:\/\/www.exchange-data.com\/de\/#organization","name":"Exchange Data International","url":"https:\/\/www.exchange-data.com\/de\/","logo":{"@type":"ImageObject","inLanguage":"de","@id":"https:\/\/www.exchange-data.com\/de\/#\/schema\/logo\/image\/","url":"https:\/\/www.exchange-data.com\/wp-content\/uploads\/2019\/03\/logo3.png","contentUrl":"https:\/\/www.exchange-data.com\/wp-content\/uploads\/2019\/03\/logo3.png","width":200,"height":80,"caption":"Exchange Data International"},"image":{"@id":"https:\/\/www.exchange-data.com\/de\/#\/schema\/logo\/image\/"},"sameAs":["https:\/\/x.com\/ExchangeData","https:\/\/www.linkedin.com\/company\/exchange-data-international\/?viewAsMember=true","https:\/\/www.youtube.com\/channel\/UC5D1OpUb22YZANRLD_Ktcgg?view_as=subscriber"]}]}},"_links":{"self":[{"href":"https:\/\/www.exchange-data.com\/de\/wp-json\/wp\/v2\/product\/35681","targetHints":{"allow":["GET"]}}],"collection":[{"href":"https:\/\/www.exchange-data.com\/de\/wp-json\/wp\/v2\/product"}],"about":[{"href":"https:\/\/www.exchange-data.com\/de\/wp-json\/wp\/v2\/types\/product"}],"wp:featuredmedia":[{"embeddable":true,"href":"https:\/\/www.exchange-data.com\/de\/wp-json\/wp\/v2\/media\/34153"}],"wp:attachment":[{"href":"https:\/\/www.exchange-data.com\/de\/wp-json\/wp\/v2\/media?parent=35681"}],"wp:term":[{"taxonomy":"country","embeddable":true,"href":"https:\/\/www.exchange-data.com\/de\/wp-json\/wp\/v2\/country?post=35681"},{"taxonomy":"product_category","embeddable":true,"href":"https:\/\/www.exchange-data.com\/de\/wp-json\/wp\/v2\/product_category?post=35681"}],"curies":[{"name":"wp","href":"https:\/\/api.w.org\/{rel}","templated":true}]}}