{"id":35682,"date":"2020-07-14T11:10:07","date_gmt":"2020-07-14T10:10:07","guid":{"rendered":"https:\/\/www.exchange-data.com\/product\/maklerangebote-fuer-strukturierte-schuldverschreibungen\/"},"modified":"2025-08-12T13:23:22","modified_gmt":"2025-08-12T12:23:22","slug":"maklerangebote-fuer-strukturierte-schuldverschreibungen","status":"publish","type":"product","link":"https:\/\/www.exchange-data.com\/de\/produkt\/maklerangebote-fuer-strukturierte-schuldverschreibungen\/","title":{"rendered":"Brokerkurse f\u00fcr strukturierte Anleihen"},"content":{"rendered":"<p><span style=\"font-weight: 500;\">SQX geh\u00f6rt zu den wenigen Anbietern, die sich auf die Erhebung und Verbreitung von End-of-Day-Preisen f\u00fcr strukturierte Anleihen auf Brokerbasis spezialisiert haben.<\/span><\/p>\n<p><b>Funktionen im \u00dcberblick:<\/b><\/p>\n<p><span style=\"font-weight: 500;\">Umfassend: Abdeckung aller wichtigen US- und europ\u00e4ischen Emittenten<\/span><\/p>\n<p><span style=\"font-weight: 500;\">Individuell anpassbar: Struktur und Format gem\u00e4\u00df Ihren Vorgaben<\/span><\/p>\n<p><span style=\"font-weight: 500;\">Kosteneffizient: Sparen Sie Zeit und Ressourcen \u2013 wir \u00fcbernehmen die Datenbeschaffung<\/span><\/p>\n<div>Leistungsmerkmale:<\/div>\n<ul>\n<li>T\u00e4gliche Updates direkt von den H\u00e4ndlern<\/li>\n<li>Preise f\u00fcr \u00fcber 45.000 strukturierte Produkte mit Broker-Quotierung<\/li>\n<li>Komplette Universumsdatei oder Auswahl individueller Wertpapiere<\/li>\n<li>Alle Wertpapiere verf\u00fcgen \u00fcber Standard-IDs<\/li>\n<li>Keine manuelle Kurserfassung oder Dateneingabe \u2013 dadurch geringeres Betriebsrisiko und erhebliche Zeitersparnis<\/li>\n<\/ul>\n<p>Der Service steht \u00fcber FIX API oder intraday via SFTP zur Verf\u00fcgung und kann exakt nach Ihren Anforderungen strukturiert und formatiert werden.<\/p>\n<p><span style=\"font-weight: 400;\">Erfahren Sie mehr \u00fcber diese Partnerschaft in unserer <a href=\"https:\/\/www.exchange-data.com\/exchange-data-international-edi-partners-with-securities-quote-xchange-sqx-to-offer-structured-note-pricing\/\">Pressemitteilung<\/a>. <\/span><\/p>\n","protected":false},"featured_media":34153,"template":"","country":[],"product_category":[3173,3167],"class_list":["post-35682","product","type-product","status-publish","has-post-thumbnail","hentry","product_category-daten-zur-preisgestaltung-de","product_category-produkte-und-services"],"acf":[],"yoast_head":"<!-- This site is optimized with the Yoast SEO Premium plugin v26.0 (Yoast SEO v26.0) - https:\/\/yoast.com\/wordpress\/plugins\/seo\/ -->\n<title>Brokerkurse f\u00fcr strukturierte Anleihen | Exchange Data International<\/title>\n<meta name=\"description\" content=\"SQX liefert t\u00e4glich \u00fcber 45.000 Preise von strukturierten Produkten \u2013 direkt von Brokern, individuell formatiert &amp; betriebsrisikofrei \u00fcber FIX API oder SFTP abrufbar.\" \/>\n<meta name=\"robots\" content=\"index, follow, max-snippet:-1, max-image-preview:large, max-video-preview:-1\" \/>\n<link rel=\"canonical\" href=\"https:\/\/www.exchange-data.com\/de\/produkt\/maklerangebote-fuer-strukturierte-schuldverschreibungen\/\" \/>\n<meta property=\"og:locale\" content=\"de_DE\" \/>\n<meta property=\"og:type\" content=\"article\" \/>\n<meta property=\"og:title\" content=\"Maklerangebote f\u00fcr strukturierte Schuldverschreibungen\" \/>\n<meta property=\"og:description\" content=\"Structured Note Broker Quotes ist eine Partnerschaft mit Securities Quote Xchange (SQX). SQX geh\u00f6rt zu den wenigen Unternehmen, die sich auf die Erfassung und Verteilung von Tagesendkursen f\u00fcr strukturierte Anleihen spezialisiert haben, die von Maklern notiert werden. Zu den Merkmalen geh\u00f6ren: Umfassende Abdeckung US-amerikanischer und europ\u00e4ischer Emittenten, anpassbare Aufbereitung und Formatierung nach Ihren Vorgaben, kosteneffiziente Zeit- und Geldersparnis, indem Sie uns die Arbeit \u00fcberlassen\" \/>\n<meta property=\"og:url\" content=\"https:\/\/www.exchange-data.com\/de\/produkt\/maklerangebote-fuer-strukturierte-schuldverschreibungen\/\" \/>\n<meta property=\"og:site_name\" content=\"Exchange Data International\" \/>\n<meta property=\"article:modified_time\" content=\"2025-08-12T12:23:22+00:00\" \/>\n<meta property=\"og:image\" content=\"https:\/\/www.exchange-data.com\/wp-content\/uploads\/2020\/07\/joshua-ness-9iqqFZ7OuwY-unsplash-e1613436683328.jpg\" \/>\n<meta name=\"twitter:card\" content=\"summary_large_image\" \/>\n<meta name=\"twitter:title\" content=\"Maklerangebote f\u00fcr strukturierte Schuldverschreibungen\" \/>\n<meta name=\"twitter:description\" content=\"Structured Note Broker Quotes ist eine Partnerschaft mit Securities Quote Xchange (SQX). SQX geh\u00f6rt zu den wenigen Unternehmen, die sich auf die Erfassung und Verteilung von Tagesendkursen f\u00fcr strukturierte Anleihen spezialisiert haben, die von Maklern notiert werden. Zu den Merkmalen geh\u00f6ren: Umfassende Abdeckung US-amerikanischer und europ\u00e4ischer Emittenten, anpassbare Aufbereitung und Formatierung nach Ihren Vorgaben, kosteneffiziente Zeit- und Geldersparnis, indem Sie uns die Arbeit \u00fcberlassen\" \/>\n<meta name=\"twitter:image\" content=\"https:\/\/www.exchange-data.com\/wp-content\/uploads\/2020\/07\/joshua-ness-9iqqFZ7OuwY-unsplash-e1613436683328.jpg\" \/>\n<meta name=\"twitter:site\" content=\"@ExchangeData\" \/>\n<meta name=\"twitter:label1\" content=\"Gesch\u00e4tzte Lesezeit\" \/>\n\t<meta name=\"twitter:data1\" content=\"1\u00a0Minute\" \/>\n<script type=\"application\/ld+json\" class=\"yoast-schema-graph\">{\"@context\":\"https:\/\/schema.org\",\"@graph\":[{\"@type\":\"WebPage\",\"@id\":\"https:\/\/www.exchange-data.com\/de\/produkt\/maklerangebote-fuer-strukturierte-schuldverschreibungen\/\",\"url\":\"https:\/\/www.exchange-data.com\/de\/produkt\/maklerangebote-fuer-strukturierte-schuldverschreibungen\/\",\"name\":\"Brokerkurse f\u00fcr strukturierte Anleihen | Exchange Data International\",\"isPartOf\":{\"@id\":\"https:\/\/www.exchange-data.com\/de\/#website\"},\"primaryImageOfPage\":{\"@id\":\"https:\/\/www.exchange-data.com\/de\/produkt\/maklerangebote-fuer-strukturierte-schuldverschreibungen\/#primaryimage\"},\"image\":{\"@id\":\"https:\/\/www.exchange-data.com\/de\/produkt\/maklerangebote-fuer-strukturierte-schuldverschreibungen\/#primaryimage\"},\"thumbnailUrl\":\"https:\/\/www.exchange-data.com\/wp-content\/uploads\/2015\/09\/EDI-Post-Featured-Image-700x400-1.png\",\"datePublished\":\"2020-07-14T10:10:07+00:00\",\"dateModified\":\"2025-08-12T12:23:22+00:00\",\"description\":\"SQX liefert t\u00e4glich \u00fcber 45.000 Preise von strukturierten Produkten \u2013 direkt von Brokern, individuell formatiert & betriebsrisikofrei \u00fcber FIX API oder SFTP abrufbar.\",\"breadcrumb\":{\"@id\":\"https:\/\/www.exchange-data.com\/de\/produkt\/maklerangebote-fuer-strukturierte-schuldverschreibungen\/#breadcrumb\"},\"inLanguage\":\"de\",\"potentialAction\":[{\"@type\":\"ReadAction\",\"target\":[\"https:\/\/www.exchange-data.com\/de\/produkt\/maklerangebote-fuer-strukturierte-schuldverschreibungen\/\"]}]},{\"@type\":\"ImageObject\",\"inLanguage\":\"de\",\"@id\":\"https:\/\/www.exchange-data.com\/de\/produkt\/maklerangebote-fuer-strukturierte-schuldverschreibungen\/#primaryimage\",\"url\":\"https:\/\/www.exchange-data.com\/wp-content\/uploads\/2015\/09\/EDI-Post-Featured-Image-700x400-1.png\",\"contentUrl\":\"https:\/\/www.exchange-data.com\/wp-content\/uploads\/2015\/09\/EDI-Post-Featured-Image-700x400-1.png\",\"width\":700,\"height\":400,\"caption\":\"Exchange Data International\"},{\"@type\":\"BreadcrumbList\",\"@id\":\"https:\/\/www.exchange-data.com\/de\/produkt\/maklerangebote-fuer-strukturierte-schuldverschreibungen\/#breadcrumb\",\"itemListElement\":[{\"@type\":\"ListItem\",\"position\":1,\"name\":\"Home\",\"item\":\"https:\/\/www.exchange-data.com\/de\/startseite\/\"},{\"@type\":\"ListItem\",\"position\":2,\"name\":\"Brokerkurse f\u00fcr strukturierte Anleihen\"}]},{\"@type\":\"WebSite\",\"@id\":\"https:\/\/www.exchange-data.com\/de\/#website\",\"url\":\"https:\/\/www.exchange-data.com\/de\/\",\"name\":\"Exchange Data International\",\"description\":\"Doing data differently\",\"publisher\":{\"@id\":\"https:\/\/www.exchange-data.com\/de\/#organization\"},\"potentialAction\":[{\"@type\":\"SearchAction\",\"target\":{\"@type\":\"EntryPoint\",\"urlTemplate\":\"https:\/\/www.exchange-data.com\/de\/?s={search_term_string}\"},\"query-input\":{\"@type\":\"PropertyValueSpecification\",\"valueRequired\":true,\"valueName\":\"search_term_string\"}}],\"inLanguage\":\"de\"},{\"@type\":\"Organization\",\"@id\":\"https:\/\/www.exchange-data.com\/de\/#organization\",\"name\":\"Exchange Data International\",\"url\":\"https:\/\/www.exchange-data.com\/de\/\",\"logo\":{\"@type\":\"ImageObject\",\"inLanguage\":\"de\",\"@id\":\"https:\/\/www.exchange-data.com\/de\/#\/schema\/logo\/image\/\",\"url\":\"https:\/\/www.exchange-data.com\/wp-content\/uploads\/2019\/03\/logo3.png\",\"contentUrl\":\"https:\/\/www.exchange-data.com\/wp-content\/uploads\/2019\/03\/logo3.png\",\"width\":200,\"height\":80,\"caption\":\"Exchange Data International\"},\"image\":{\"@id\":\"https:\/\/www.exchange-data.com\/de\/#\/schema\/logo\/image\/\"},\"sameAs\":[\"https:\/\/x.com\/ExchangeData\",\"https:\/\/www.linkedin.com\/company\/exchange-data-international\/?viewAsMember=true\",\"https:\/\/www.youtube.com\/channel\/UC5D1OpUb22YZANRLD_Ktcgg?view_as=subscriber\"]}]}<\/script>\n<!-- \/ Yoast SEO Premium plugin. -->","yoast_head_json":{"title":"Brokerkurse f\u00fcr strukturierte Anleihen | Exchange Data International","description":"SQX liefert t\u00e4glich \u00fcber 45.000 Preise von strukturierten Produkten \u2013 direkt von Brokern, individuell formatiert & betriebsrisikofrei \u00fcber FIX API oder SFTP abrufbar.","robots":{"index":"index","follow":"follow","max-snippet":"max-snippet:-1","max-image-preview":"max-image-preview:large","max-video-preview":"max-video-preview:-1"},"canonical":"https:\/\/www.exchange-data.com\/de\/produkt\/maklerangebote-fuer-strukturierte-schuldverschreibungen\/","og_locale":"de_DE","og_type":"article","og_title":"Maklerangebote f\u00fcr strukturierte Schuldverschreibungen","og_description":"Structured Note Broker Quotes ist eine Partnerschaft mit Securities Quote Xchange (SQX). SQX geh\u00f6rt zu den wenigen Unternehmen, die sich auf die Erfassung und Verteilung von Tagesendkursen f\u00fcr strukturierte Anleihen spezialisiert haben, die von Maklern notiert werden. Zu den Merkmalen geh\u00f6ren: Umfassende Abdeckung US-amerikanischer und europ\u00e4ischer Emittenten, anpassbare Aufbereitung und Formatierung nach Ihren Vorgaben, kosteneffiziente Zeit- und Geldersparnis, indem Sie uns die Arbeit \u00fcberlassen","og_url":"https:\/\/www.exchange-data.com\/de\/produkt\/maklerangebote-fuer-strukturierte-schuldverschreibungen\/","og_site_name":"Exchange Data International","article_modified_time":"2025-08-12T12:23:22+00:00","og_image":[{"url":"https:\/\/www.exchange-data.com\/wp-content\/uploads\/2020\/07\/joshua-ness-9iqqFZ7OuwY-unsplash-e1613436683328.jpg","type":"","width":"","height":""}],"twitter_card":"summary_large_image","twitter_title":"Maklerangebote f\u00fcr strukturierte Schuldverschreibungen","twitter_description":"Structured Note Broker Quotes ist eine Partnerschaft mit Securities Quote Xchange (SQX). SQX geh\u00f6rt zu den wenigen Unternehmen, die sich auf die Erfassung und Verteilung von Tagesendkursen f\u00fcr strukturierte Anleihen spezialisiert haben, die von Maklern notiert werden. Zu den Merkmalen geh\u00f6ren: Umfassende Abdeckung US-amerikanischer und europ\u00e4ischer Emittenten, anpassbare Aufbereitung und Formatierung nach Ihren Vorgaben, kosteneffiziente Zeit- und Geldersparnis, indem Sie uns die Arbeit \u00fcberlassen","twitter_image":"https:\/\/www.exchange-data.com\/wp-content\/uploads\/2020\/07\/joshua-ness-9iqqFZ7OuwY-unsplash-e1613436683328.jpg","twitter_site":"@ExchangeData","twitter_misc":{"Gesch\u00e4tzte Lesezeit":"1\u00a0Minute"},"schema":{"@context":"https:\/\/schema.org","@graph":[{"@type":"WebPage","@id":"https:\/\/www.exchange-data.com\/de\/produkt\/maklerangebote-fuer-strukturierte-schuldverschreibungen\/","url":"https:\/\/www.exchange-data.com\/de\/produkt\/maklerangebote-fuer-strukturierte-schuldverschreibungen\/","name":"Brokerkurse f\u00fcr strukturierte Anleihen | Exchange Data International","isPartOf":{"@id":"https:\/\/www.exchange-data.com\/de\/#website"},"primaryImageOfPage":{"@id":"https:\/\/www.exchange-data.com\/de\/produkt\/maklerangebote-fuer-strukturierte-schuldverschreibungen\/#primaryimage"},"image":{"@id":"https:\/\/www.exchange-data.com\/de\/produkt\/maklerangebote-fuer-strukturierte-schuldverschreibungen\/#primaryimage"},"thumbnailUrl":"https:\/\/www.exchange-data.com\/wp-content\/uploads\/2015\/09\/EDI-Post-Featured-Image-700x400-1.png","datePublished":"2020-07-14T10:10:07+00:00","dateModified":"2025-08-12T12:23:22+00:00","description":"SQX liefert t\u00e4glich \u00fcber 45.000 Preise von strukturierten Produkten \u2013 direkt von Brokern, individuell formatiert & betriebsrisikofrei \u00fcber FIX API oder SFTP abrufbar.","breadcrumb":{"@id":"https:\/\/www.exchange-data.com\/de\/produkt\/maklerangebote-fuer-strukturierte-schuldverschreibungen\/#breadcrumb"},"inLanguage":"de","potentialAction":[{"@type":"ReadAction","target":["https:\/\/www.exchange-data.com\/de\/produkt\/maklerangebote-fuer-strukturierte-schuldverschreibungen\/"]}]},{"@type":"ImageObject","inLanguage":"de","@id":"https:\/\/www.exchange-data.com\/de\/produkt\/maklerangebote-fuer-strukturierte-schuldverschreibungen\/#primaryimage","url":"https:\/\/www.exchange-data.com\/wp-content\/uploads\/2015\/09\/EDI-Post-Featured-Image-700x400-1.png","contentUrl":"https:\/\/www.exchange-data.com\/wp-content\/uploads\/2015\/09\/EDI-Post-Featured-Image-700x400-1.png","width":700,"height":400,"caption":"Exchange Data International"},{"@type":"BreadcrumbList","@id":"https:\/\/www.exchange-data.com\/de\/produkt\/maklerangebote-fuer-strukturierte-schuldverschreibungen\/#breadcrumb","itemListElement":[{"@type":"ListItem","position":1,"name":"Home","item":"https:\/\/www.exchange-data.com\/de\/startseite\/"},{"@type":"ListItem","position":2,"name":"Brokerkurse f\u00fcr strukturierte Anleihen"}]},{"@type":"WebSite","@id":"https:\/\/www.exchange-data.com\/de\/#website","url":"https:\/\/www.exchange-data.com\/de\/","name":"Exchange Data International","description":"Doing data differently","publisher":{"@id":"https:\/\/www.exchange-data.com\/de\/#organization"},"potentialAction":[{"@type":"SearchAction","target":{"@type":"EntryPoint","urlTemplate":"https:\/\/www.exchange-data.com\/de\/?s={search_term_string}"},"query-input":{"@type":"PropertyValueSpecification","valueRequired":true,"valueName":"search_term_string"}}],"inLanguage":"de"},{"@type":"Organization","@id":"https:\/\/www.exchange-data.com\/de\/#organization","name":"Exchange Data International","url":"https:\/\/www.exchange-data.com\/de\/","logo":{"@type":"ImageObject","inLanguage":"de","@id":"https:\/\/www.exchange-data.com\/de\/#\/schema\/logo\/image\/","url":"https:\/\/www.exchange-data.com\/wp-content\/uploads\/2019\/03\/logo3.png","contentUrl":"https:\/\/www.exchange-data.com\/wp-content\/uploads\/2019\/03\/logo3.png","width":200,"height":80,"caption":"Exchange Data International"},"image":{"@id":"https:\/\/www.exchange-data.com\/de\/#\/schema\/logo\/image\/"},"sameAs":["https:\/\/x.com\/ExchangeData","https:\/\/www.linkedin.com\/company\/exchange-data-international\/?viewAsMember=true","https:\/\/www.youtube.com\/channel\/UC5D1OpUb22YZANRLD_Ktcgg?view_as=subscriber"]}]}},"_links":{"self":[{"href":"https:\/\/www.exchange-data.com\/de\/wp-json\/wp\/v2\/product\/35682","targetHints":{"allow":["GET"]}}],"collection":[{"href":"https:\/\/www.exchange-data.com\/de\/wp-json\/wp\/v2\/product"}],"about":[{"href":"https:\/\/www.exchange-data.com\/de\/wp-json\/wp\/v2\/types\/product"}],"wp:featuredmedia":[{"embeddable":true,"href":"https:\/\/www.exchange-data.com\/de\/wp-json\/wp\/v2\/media\/34153"}],"wp:attachment":[{"href":"https:\/\/www.exchange-data.com\/de\/wp-json\/wp\/v2\/media?parent=35682"}],"wp:term":[{"taxonomy":"country","embeddable":true,"href":"https:\/\/www.exchange-data.com\/de\/wp-json\/wp\/v2\/country?post=35682"},{"taxonomy":"product_category","embeddable":true,"href":"https:\/\/www.exchange-data.com\/de\/wp-json\/wp\/v2\/product_category?post=35682"}],"curies":[{"name":"wp","href":"https:\/\/api.w.org\/{rel}","templated":true}]}}