{"id":35683,"date":"2020-05-19T09:21:28","date_gmt":"2020-05-19T08:21:28","guid":{"rendered":"https:\/\/www.exchange-data.com\/product\/nettoinventarwerte-von-investmentfonds\/"},"modified":"2025-08-14T11:53:57","modified_gmt":"2025-08-14T10:53:57","slug":"nettoinventarwerte-von-investmentfonds","status":"publish","type":"product","link":"https:\/\/www.exchange-data.com\/de\/produkt\/nettoinventarwerte-von-investmentfonds\/","title":{"rendered":"Investmentfonds \u2013 Nettoinventarwerte (NAVs)"},"content":{"rendered":"<p><span style=\"font-weight: 400;\">Der Service f\u00fcr Nettoinventarwerte von Investmentfonds (NAVs) bietet Finanzinstituten eine ma\u00dfgeschneiderte Datenbank mit pr\u00e4zisen Fonds-NAV-Daten. Die Investmentfondsbranche hat weltweit ein gesch\u00e4tztes Volumen von rund 100 Billionen US-Dollar. Der Anteil finanzieller Verm\u00f6genswerte, die \u00fcber Fonds gehalten werden, w\u00e4chst kontinuierlich \u2013 insbesondere in aufstrebenden M\u00e4rkten.  <\/span><\/p>\n<p>Typische Zielgruppen f\u00fcr Fonds-NAV-Daten sind unter anderem:<\/p>\n<ul>\n<li>Wirtschaftspr\u00fcfungsgesellschaften<\/li>\n<li>Anbieter von Backoffice-Systemen<\/li>\n<li>Datenanbieter<\/li>\n<li>Family Offices<\/li>\n<li>Fondsanalyseunternehmen<\/li>\n<li>Fondsplattformen<\/li>\n<li>Unabh\u00e4ngige Bewertungsdienste<\/li>\n<li>Indexanbieter<\/li>\n<li>Risikomanager<\/li>\n<li>Softwareanbieter<\/li>\n<li>B\u00f6rsenmakler<\/li>\n<li>Verm\u00f6gensverwalter<\/li>\n<\/ul>\n<p>&nbsp;<\/p>\n","protected":false},"featured_media":34737,"template":"","country":[1983,2254,1955,2092,2006,1969,1887],"product_category":[3174,3167],"class_list":["post-35683","product","type-product","status-publish","has-post-thumbnail","hentry","product_category-investment-funds-edi-de-edi-products-services-de","product_category-produkte-und-services"],"acf":[],"yoast_head":"<!-- This site is optimized with the Yoast SEO Premium plugin v26.0 (Yoast SEO v26.0) - https:\/\/yoast.com\/wordpress\/plugins\/seo\/ -->\n<title>Service f\u00fcr den Nettoinventarwert von Investmentfonds (NAVs) | Exchange Data International<\/title>\n<meta name=\"description\" content=\"Greifen Sie auf pr\u00e4zise Fonds-NAV-Daten zu \u2013 mit einer ma\u00dfgeschneiderten Datenbank f\u00fcr Investmentfonds. Ideal f\u00fcr Wirtschaftspr\u00fcfer, Verm\u00f6gensverwalter und Datenanbieter.\" \/>\n<meta name=\"robots\" content=\"index, follow, max-snippet:-1, max-image-preview:large, max-video-preview:-1\" \/>\n<link rel=\"canonical\" href=\"https:\/\/www.exchange-data.com\/de\/produkt\/nettoinventarwerte-von-investmentfonds\/\" \/>\n<meta property=\"og:locale\" content=\"de_DE\" \/>\n<meta property=\"og:type\" content=\"article\" \/>\n<meta property=\"og:title\" content=\"Nettoinventarwerte von Investmentfonds\" \/>\n<meta property=\"og:description\" content=\"Der Investmentfonds-Nettoinventarwert-Service (NAV), der Finanzinstituten eine ma\u00dfgeschneiderte Datenbank f\u00fcr den Nettoinventarwert zur Verf\u00fcgung stellen soll. Der Wert der Investmentfondsindustrie wird weltweit auf rund 100 Billionen Dollar gesch\u00e4tzt. Der Anteil des Finanzverm\u00f6gens, der \u00fcber Investmentfonds gehalten wird, ist stetig gewachsen und nimmt insbesondere in den Schwellenl\u00e4ndern weiter zu.\" \/>\n<meta property=\"og:url\" content=\"https:\/\/www.exchange-data.com\/de\/produkt\/nettoinventarwerte-von-investmentfonds\/\" \/>\n<meta property=\"og:site_name\" content=\"Exchange Data International\" \/>\n<meta property=\"article:modified_time\" content=\"2025-08-14T10:53:57+00:00\" \/>\n<meta property=\"og:image\" content=\"https:\/\/www.exchange-data.com\/wp-content\/uploads\/2020\/05\/Investment-Fund-NAVs-1200-x-627-18-1024x535.png\" \/>\n<meta name=\"twitter:card\" content=\"summary_large_image\" \/>\n<meta name=\"twitter:title\" content=\"Nettoinventarwerte von Investmentfonds\" \/>\n<meta name=\"twitter:description\" content=\"Der Investmentfonds-Nettoinventarwert-Service (NAV), der Finanzinstituten eine ma\u00dfgeschneiderte Datenbank f\u00fcr den Nettoinventarwert zur Verf\u00fcgung stellen soll. Der Wert der Investmentfondsindustrie wird weltweit auf rund 100 Billionen Dollar gesch\u00e4tzt. Der Anteil des Finanzverm\u00f6gens, der \u00fcber Investmentfonds gehalten wird, ist stetig gewachsen und nimmt insbesondere in den Schwellenl\u00e4ndern weiter zu.\" \/>\n<meta name=\"twitter:image\" content=\"https:\/\/www.exchange-data.com\/wp-content\/uploads\/2020\/05\/Investment-Fund-NAVs-1200-x-627-18-1024x535.png\" \/>\n<meta name=\"twitter:site\" content=\"@ExchangeData\" \/>\n<meta name=\"twitter:label1\" content=\"Gesch\u00e4tzte Lesezeit\" \/>\n\t<meta name=\"twitter:data1\" content=\"1\u00a0Minute\" \/>\n<script type=\"application\/ld+json\" class=\"yoast-schema-graph\">{\"@context\":\"https:\/\/schema.org\",\"@graph\":[{\"@type\":\"WebPage\",\"@id\":\"https:\/\/www.exchange-data.com\/de\/produkt\/nettoinventarwerte-von-investmentfonds\/\",\"url\":\"https:\/\/www.exchange-data.com\/de\/produkt\/nettoinventarwerte-von-investmentfonds\/\",\"name\":\"Service f\u00fcr den Nettoinventarwert von Investmentfonds (NAVs) | Exchange Data International\",\"isPartOf\":{\"@id\":\"https:\/\/www.exchange-data.com\/de\/#website\"},\"primaryImageOfPage\":{\"@id\":\"https:\/\/www.exchange-data.com\/de\/produkt\/nettoinventarwerte-von-investmentfonds\/#primaryimage\"},\"image\":{\"@id\":\"https:\/\/www.exchange-data.com\/de\/produkt\/nettoinventarwerte-von-investmentfonds\/#primaryimage\"},\"thumbnailUrl\":\"https:\/\/www.exchange-data.com\/wp-content\/uploads\/2022\/04\/EDI-Default-Image-1200x630-1.png\",\"datePublished\":\"2020-05-19T08:21:28+00:00\",\"dateModified\":\"2025-08-14T10:53:57+00:00\",\"description\":\"Greifen Sie auf pr\u00e4zise Fonds-NAV-Daten zu \u2013 mit einer ma\u00dfgeschneiderten Datenbank f\u00fcr Investmentfonds. Ideal f\u00fcr Wirtschaftspr\u00fcfer, Verm\u00f6gensverwalter und Datenanbieter.\",\"breadcrumb\":{\"@id\":\"https:\/\/www.exchange-data.com\/de\/produkt\/nettoinventarwerte-von-investmentfonds\/#breadcrumb\"},\"inLanguage\":\"de\",\"potentialAction\":[{\"@type\":\"ReadAction\",\"target\":[\"https:\/\/www.exchange-data.com\/de\/produkt\/nettoinventarwerte-von-investmentfonds\/\"]}]},{\"@type\":\"ImageObject\",\"inLanguage\":\"de\",\"@id\":\"https:\/\/www.exchange-data.com\/de\/produkt\/nettoinventarwerte-von-investmentfonds\/#primaryimage\",\"url\":\"https:\/\/www.exchange-data.com\/wp-content\/uploads\/2022\/04\/EDI-Default-Image-1200x630-1.png\",\"contentUrl\":\"https:\/\/www.exchange-data.com\/wp-content\/uploads\/2022\/04\/EDI-Default-Image-1200x630-1.png\",\"width\":1200,\"height\":630},{\"@type\":\"BreadcrumbList\",\"@id\":\"https:\/\/www.exchange-data.com\/de\/produkt\/nettoinventarwerte-von-investmentfonds\/#breadcrumb\",\"itemListElement\":[{\"@type\":\"ListItem\",\"position\":1,\"name\":\"Home\",\"item\":\"https:\/\/www.exchange-data.com\/de\/startseite\/\"},{\"@type\":\"ListItem\",\"position\":2,\"name\":\"Investmentfonds \u2013 Nettoinventarwerte (NAVs)\"}]},{\"@type\":\"WebSite\",\"@id\":\"https:\/\/www.exchange-data.com\/de\/#website\",\"url\":\"https:\/\/www.exchange-data.com\/de\/\",\"name\":\"Exchange Data International\",\"description\":\"Doing data differently\",\"publisher\":{\"@id\":\"https:\/\/www.exchange-data.com\/de\/#organization\"},\"potentialAction\":[{\"@type\":\"SearchAction\",\"target\":{\"@type\":\"EntryPoint\",\"urlTemplate\":\"https:\/\/www.exchange-data.com\/de\/?s={search_term_string}\"},\"query-input\":{\"@type\":\"PropertyValueSpecification\",\"valueRequired\":true,\"valueName\":\"search_term_string\"}}],\"inLanguage\":\"de\"},{\"@type\":\"Organization\",\"@id\":\"https:\/\/www.exchange-data.com\/de\/#organization\",\"name\":\"Exchange Data International\",\"url\":\"https:\/\/www.exchange-data.com\/de\/\",\"logo\":{\"@type\":\"ImageObject\",\"inLanguage\":\"de\",\"@id\":\"https:\/\/www.exchange-data.com\/de\/#\/schema\/logo\/image\/\",\"url\":\"https:\/\/www.exchange-data.com\/wp-content\/uploads\/2019\/03\/logo3.png\",\"contentUrl\":\"https:\/\/www.exchange-data.com\/wp-content\/uploads\/2019\/03\/logo3.png\",\"width\":200,\"height\":80,\"caption\":\"Exchange Data International\"},\"image\":{\"@id\":\"https:\/\/www.exchange-data.com\/de\/#\/schema\/logo\/image\/\"},\"sameAs\":[\"https:\/\/x.com\/ExchangeData\",\"https:\/\/www.linkedin.com\/company\/exchange-data-international\/?viewAsMember=true\",\"https:\/\/www.youtube.com\/channel\/UC5D1OpUb22YZANRLD_Ktcgg?view_as=subscriber\"]}]}<\/script>\n<!-- \/ Yoast SEO Premium plugin. -->","yoast_head_json":{"title":"Service f\u00fcr den Nettoinventarwert von Investmentfonds (NAVs) | Exchange Data International","description":"Greifen Sie auf pr\u00e4zise Fonds-NAV-Daten zu \u2013 mit einer ma\u00dfgeschneiderten Datenbank f\u00fcr Investmentfonds. Ideal f\u00fcr Wirtschaftspr\u00fcfer, Verm\u00f6gensverwalter und Datenanbieter.","robots":{"index":"index","follow":"follow","max-snippet":"max-snippet:-1","max-image-preview":"max-image-preview:large","max-video-preview":"max-video-preview:-1"},"canonical":"https:\/\/www.exchange-data.com\/de\/produkt\/nettoinventarwerte-von-investmentfonds\/","og_locale":"de_DE","og_type":"article","og_title":"Nettoinventarwerte von Investmentfonds","og_description":"Der Investmentfonds-Nettoinventarwert-Service (NAV), der Finanzinstituten eine ma\u00dfgeschneiderte Datenbank f\u00fcr den Nettoinventarwert zur Verf\u00fcgung stellen soll. Der Wert der Investmentfondsindustrie wird weltweit auf rund 100 Billionen Dollar gesch\u00e4tzt. Der Anteil des Finanzverm\u00f6gens, der \u00fcber Investmentfonds gehalten wird, ist stetig gewachsen und nimmt insbesondere in den Schwellenl\u00e4ndern weiter zu.","og_url":"https:\/\/www.exchange-data.com\/de\/produkt\/nettoinventarwerte-von-investmentfonds\/","og_site_name":"Exchange Data International","article_modified_time":"2025-08-14T10:53:57+00:00","og_image":[{"url":"https:\/\/www.exchange-data.com\/wp-content\/uploads\/2020\/05\/Investment-Fund-NAVs-1200-x-627-18-1024x535.png","type":"","width":"","height":""}],"twitter_card":"summary_large_image","twitter_title":"Nettoinventarwerte von Investmentfonds","twitter_description":"Der Investmentfonds-Nettoinventarwert-Service (NAV), der Finanzinstituten eine ma\u00dfgeschneiderte Datenbank f\u00fcr den Nettoinventarwert zur Verf\u00fcgung stellen soll. Der Wert der Investmentfondsindustrie wird weltweit auf rund 100 Billionen Dollar gesch\u00e4tzt. Der Anteil des Finanzverm\u00f6gens, der \u00fcber Investmentfonds gehalten wird, ist stetig gewachsen und nimmt insbesondere in den Schwellenl\u00e4ndern weiter zu.","twitter_image":"https:\/\/www.exchange-data.com\/wp-content\/uploads\/2020\/05\/Investment-Fund-NAVs-1200-x-627-18-1024x535.png","twitter_site":"@ExchangeData","twitter_misc":{"Gesch\u00e4tzte Lesezeit":"1\u00a0Minute"},"schema":{"@context":"https:\/\/schema.org","@graph":[{"@type":"WebPage","@id":"https:\/\/www.exchange-data.com\/de\/produkt\/nettoinventarwerte-von-investmentfonds\/","url":"https:\/\/www.exchange-data.com\/de\/produkt\/nettoinventarwerte-von-investmentfonds\/","name":"Service f\u00fcr den Nettoinventarwert von Investmentfonds (NAVs) | Exchange Data International","isPartOf":{"@id":"https:\/\/www.exchange-data.com\/de\/#website"},"primaryImageOfPage":{"@id":"https:\/\/www.exchange-data.com\/de\/produkt\/nettoinventarwerte-von-investmentfonds\/#primaryimage"},"image":{"@id":"https:\/\/www.exchange-data.com\/de\/produkt\/nettoinventarwerte-von-investmentfonds\/#primaryimage"},"thumbnailUrl":"https:\/\/www.exchange-data.com\/wp-content\/uploads\/2022\/04\/EDI-Default-Image-1200x630-1.png","datePublished":"2020-05-19T08:21:28+00:00","dateModified":"2025-08-14T10:53:57+00:00","description":"Greifen Sie auf pr\u00e4zise Fonds-NAV-Daten zu \u2013 mit einer ma\u00dfgeschneiderten Datenbank f\u00fcr Investmentfonds. Ideal f\u00fcr Wirtschaftspr\u00fcfer, Verm\u00f6gensverwalter und Datenanbieter.","breadcrumb":{"@id":"https:\/\/www.exchange-data.com\/de\/produkt\/nettoinventarwerte-von-investmentfonds\/#breadcrumb"},"inLanguage":"de","potentialAction":[{"@type":"ReadAction","target":["https:\/\/www.exchange-data.com\/de\/produkt\/nettoinventarwerte-von-investmentfonds\/"]}]},{"@type":"ImageObject","inLanguage":"de","@id":"https:\/\/www.exchange-data.com\/de\/produkt\/nettoinventarwerte-von-investmentfonds\/#primaryimage","url":"https:\/\/www.exchange-data.com\/wp-content\/uploads\/2022\/04\/EDI-Default-Image-1200x630-1.png","contentUrl":"https:\/\/www.exchange-data.com\/wp-content\/uploads\/2022\/04\/EDI-Default-Image-1200x630-1.png","width":1200,"height":630},{"@type":"BreadcrumbList","@id":"https:\/\/www.exchange-data.com\/de\/produkt\/nettoinventarwerte-von-investmentfonds\/#breadcrumb","itemListElement":[{"@type":"ListItem","position":1,"name":"Home","item":"https:\/\/www.exchange-data.com\/de\/startseite\/"},{"@type":"ListItem","position":2,"name":"Investmentfonds \u2013 Nettoinventarwerte (NAVs)"}]},{"@type":"WebSite","@id":"https:\/\/www.exchange-data.com\/de\/#website","url":"https:\/\/www.exchange-data.com\/de\/","name":"Exchange Data International","description":"Doing data differently","publisher":{"@id":"https:\/\/www.exchange-data.com\/de\/#organization"},"potentialAction":[{"@type":"SearchAction","target":{"@type":"EntryPoint","urlTemplate":"https:\/\/www.exchange-data.com\/de\/?s={search_term_string}"},"query-input":{"@type":"PropertyValueSpecification","valueRequired":true,"valueName":"search_term_string"}}],"inLanguage":"de"},{"@type":"Organization","@id":"https:\/\/www.exchange-data.com\/de\/#organization","name":"Exchange Data International","url":"https:\/\/www.exchange-data.com\/de\/","logo":{"@type":"ImageObject","inLanguage":"de","@id":"https:\/\/www.exchange-data.com\/de\/#\/schema\/logo\/image\/","url":"https:\/\/www.exchange-data.com\/wp-content\/uploads\/2019\/03\/logo3.png","contentUrl":"https:\/\/www.exchange-data.com\/wp-content\/uploads\/2019\/03\/logo3.png","width":200,"height":80,"caption":"Exchange Data International"},"image":{"@id":"https:\/\/www.exchange-data.com\/de\/#\/schema\/logo\/image\/"},"sameAs":["https:\/\/x.com\/ExchangeData","https:\/\/www.linkedin.com\/company\/exchange-data-international\/?viewAsMember=true","https:\/\/www.youtube.com\/channel\/UC5D1OpUb22YZANRLD_Ktcgg?view_as=subscriber"]}]}},"_links":{"self":[{"href":"https:\/\/www.exchange-data.com\/de\/wp-json\/wp\/v2\/product\/35683","targetHints":{"allow":["GET"]}}],"collection":[{"href":"https:\/\/www.exchange-data.com\/de\/wp-json\/wp\/v2\/product"}],"about":[{"href":"https:\/\/www.exchange-data.com\/de\/wp-json\/wp\/v2\/types\/product"}],"wp:featuredmedia":[{"embeddable":true,"href":"https:\/\/www.exchange-data.com\/de\/wp-json\/wp\/v2\/media\/34737"}],"wp:attachment":[{"href":"https:\/\/www.exchange-data.com\/de\/wp-json\/wp\/v2\/media?parent=35683"}],"wp:term":[{"taxonomy":"country","embeddable":true,"href":"https:\/\/www.exchange-data.com\/de\/wp-json\/wp\/v2\/country?post=35683"},{"taxonomy":"product_category","embeddable":true,"href":"https:\/\/www.exchange-data.com\/de\/wp-json\/wp\/v2\/product_category?post=35683"}],"curies":[{"name":"wp","href":"https:\/\/api.w.org\/{rel}","templated":true}]}}