{"id":35684,"date":"2020-04-07T09:50:58","date_gmt":"2020-04-07T08:50:58","guid":{"rendered":"https:\/\/www.exchange-data.com\/product\/us-aktien-historische-referenzdienste\/"},"modified":"2025-08-08T12:31:17","modified_gmt":"2025-08-08T11:31:17","slug":"us-aktien-historische-referenzdienste","status":"publish","type":"product","link":"https:\/\/www.exchange-data.com\/de\/produkt\/us-aktien-historische-referenzdienste\/","title":{"rendered":"Historische Referenzdaten f\u00fcr US-Aktien"},"content":{"rendered":"<p>&nbsp;<\/p>\n<h2>Einfacher Zugang zu umfassenden historischen Aktieninformationen<\/h2>\n<p>&nbsp;<\/p>\n<p><span style=\"font-weight: 400;\">Nutzen Sie den vollst\u00e4ndigen Datenservice von EDI in Zusammenarbeit mit Financial Information Incorporated (FII) f\u00fcr US- und kanadische Wertpapiere, die an US-Wertpapierb\u00f6rsen notiert sind. Der Service deckt \u00fcber 25.000 aktive, 125.000 obsolet gewordene und insgesamt mehr als 2,5\u202fMillionen verfolgte Wertpapiere ab.<\/span><\/p>\n<ul>\n<li><b>Securities Reference Service (SRS):<\/b> <span style=\"font-weight: 400;\">Abonnenten erhalten rund um die Uhr Zugriff auf detaillierte Informationen zu aktiven Aktienwerten sowie das gedruckte Jahresverzeichnis von FII. <\/span><\/li>\n<li><b> Active Stock Guide Service:<\/b> <span style=\"font-weight: 400;\">Umfasst 50.000 US-amerikanische und kanadische Wertpapiere, einschlie\u00dflich Offshore-Unternehmen. Enthalten sind u.\u202fa. Angaben zum Emittenten, Wertpapierbeschreibung, CUSIP\u00a9 oder CINS\u00a9, Ort der Gr\u00fcndung, Nennwert, Transferstellen (inkl. historischer Verweise), \u00dcbertragungsgeb\u00fchren, Dividendenzahlstellen, Konsortialf\u00fchrer, Schutzmechanismen (\u201ePoison Pills\u201c) sowie eine \u00dcbersicht \u00fcber Kapitalma\u00dfnahmen und Aktiendividenden.<\/span><\/li>\n<li><b>Obsolete Stock Guide Service:<\/b> <span style=\"font-weight: 400;\"> Mehr als 100.000 historische Wertpapiere \u2013 teilweise bis ins sp\u00e4te 19. <\/span><span style=\"font-weight: 400;\"><span style=\"font-weight: 400;\">Jahrhundert \u2013 mit Informationen zu Insolvenzen, Liquidationen, Fusionen, Umstrukturierungen, Namens\u00e4nderungen und als wertlos eingestuften Aktien. <\/span><\/span><span style=\"font-weight: 400;\">Einschlie\u00dflich vollst\u00e4ndiger Historie von Kapital\u00e4nderungen und Dividenden f\u00fcr nicht mehr aktive Titel<\/span>.<\/li>\n<\/ul>\n<p><b>End-of-Life File (ELF) Service:<\/b><\/p>\n<p><span style=\"font-weight: 400;\">ELF erm\u00f6glicht es den Abonnenten, die Richtigkeit ihres Security Master File f\u00fcr nordamerikanische Aktien zu \u00fcberpr\u00fcfen. ELF ist jetzt in den Security Reference Service (SRS) integriert, und die Abonnenten haben rund um die Uhr Zugang zu den Referenz- und historischen Datenbanken von FII.   <\/span><span style=\"font-weight: 400;\">ELF hilft Ihnen, die Genauigkeit Ihrer Security Master File f\u00fcr nordamerikanische Aktien zu verifizieren. Enthalten sind Klassifizierungen wie: Worthless &amp; Equity Unlikely; Non-Transferable; Cashed Out; Identity Change \u2013 No Exchange; SEC Registration Revoked, and Company Terminating Registration<\/span><\/p>\n","protected":false},"featured_media":34153,"template":"","country":[1983,1887],"product_category":[3191,3167,3166],"class_list":["post-35684","product","type-product","status-publish","has-post-thumbnail","hentry","product_category-equity-corporate-actions","product_category-produkte-und-services","product_category-referenzdaten-de-edi-products-services-de"],"acf":[],"yoast_head":"<!-- This site is optimized with the Yoast SEO Premium plugin v26.0 (Yoast SEO v26.0) - https:\/\/yoast.com\/wordpress\/plugins\/seo\/ -->\n<title>Historische Referenzdaten \u2013 Umfassende US-Daten f\u00fcr aktive &amp; obsolet gewordene Aktien | Exchange Data International<\/title>\n<meta name=\"description\" content=\"Profitieren Sie von historischen Referenzdaten f\u00fcr US-Aktien \u2013 mit Daten zu 2,5\u202fMio. Titeln inklusive Kapitalma\u00dfnahmen, Insolvenzen und Unternehmenshistorien.\" \/>\n<meta name=\"robots\" content=\"index, follow, max-snippet:-1, max-image-preview:large, max-video-preview:-1\" \/>\n<link rel=\"canonical\" href=\"https:\/\/www.exchange-data.com\/de\/produkt\/us-aktien-historische-referenzdienste\/\" \/>\n<meta property=\"og:locale\" content=\"de_DE\" \/>\n<meta property=\"og:type\" content=\"article\" \/>\n<meta property=\"og:title\" content=\"US-Aktien Historische Referenzdienste\" \/>\n<meta property=\"og:description\" content=\"In Zusammenarbeit mit Financial Information Incorporated (FII). Nutzen Sie die Berichte des Financial Stock Guide Service, der f\u00fcr US-amerikanische und kanadische Wertpapiere, die an US-B\u00f6rsen notiert sind, 25.000 aktive Wertpapiere, 125.000 veraltete Wertpapiere, 2.500.000 nachverfolgbare Wertpapiere und mehr zur Verf\u00fcgung steht, um einen einfachen Zugang zu unserem vollst\u00e4ndigen historischen Datenservice zu erhalten.\" \/>\n<meta property=\"og:url\" content=\"https:\/\/www.exchange-data.com\/de\/produkt\/us-aktien-historische-referenzdienste\/\" \/>\n<meta property=\"og:site_name\" content=\"Exchange Data International\" \/>\n<meta property=\"article:modified_time\" content=\"2025-08-08T11:31:17+00:00\" \/>\n<meta property=\"og:image\" content=\"https:\/\/www.exchange-data.com\/wp-content\/uploads\/2015\/09\/EDI-Post-Featured-Image-700x400-1.png\" \/>\n<meta name=\"twitter:card\" content=\"summary_large_image\" \/>\n<meta name=\"twitter:title\" content=\"US-Aktien Historische Referenzdienste\" \/>\n<meta name=\"twitter:description\" content=\"In Zusammenarbeit mit Financial Information Incorporated (FII). Nutzen Sie die Berichte des Financial Stock Guide Service, der f\u00fcr US-amerikanische und kanadische Wertpapiere, die an US-B\u00f6rsen notiert sind, 25.000 aktive Wertpapiere, 125.000 veraltete Wertpapiere, 2.500.000 nachverfolgbare Wertpapiere und mehr zur Verf\u00fcgung steht, um einen einfachen Zugang zu unserem vollst\u00e4ndigen historischen Datenservice zu erhalten.\" \/>\n<meta name=\"twitter:image\" content=\"https:\/\/www.exchange-data.com\/wp-content\/uploads\/2015\/09\/EDI-Post-Featured-Image-700x400-1.png\" \/>\n<meta name=\"twitter:site\" content=\"@ExchangeData\" \/>\n<meta name=\"twitter:label1\" content=\"Gesch\u00e4tzte Lesezeit\" \/>\n\t<meta name=\"twitter:data1\" content=\"1\u00a0Minute\" \/>\n<script type=\"application\/ld+json\" class=\"yoast-schema-graph\">{\"@context\":\"https:\/\/schema.org\",\"@graph\":[{\"@type\":\"WebPage\",\"@id\":\"https:\/\/www.exchange-data.com\/de\/produkt\/us-aktien-historische-referenzdienste\/\",\"url\":\"https:\/\/www.exchange-data.com\/de\/produkt\/us-aktien-historische-referenzdienste\/\",\"name\":\"Historische Referenzdaten \u2013 Umfassende US-Daten f\u00fcr aktive & obsolet gewordene Aktien | Exchange Data International\",\"isPartOf\":{\"@id\":\"https:\/\/www.exchange-data.com\/de\/#website\"},\"primaryImageOfPage\":{\"@id\":\"https:\/\/www.exchange-data.com\/de\/produkt\/us-aktien-historische-referenzdienste\/#primaryimage\"},\"image\":{\"@id\":\"https:\/\/www.exchange-data.com\/de\/produkt\/us-aktien-historische-referenzdienste\/#primaryimage\"},\"thumbnailUrl\":\"https:\/\/www.exchange-data.com\/wp-content\/uploads\/2015\/09\/EDI-Post-Featured-Image-700x400-1.png\",\"datePublished\":\"2020-04-07T08:50:58+00:00\",\"dateModified\":\"2025-08-08T11:31:17+00:00\",\"description\":\"Profitieren Sie von historischen Referenzdaten f\u00fcr US-Aktien \u2013 mit Daten zu 2,5\u202fMio. Titeln inklusive Kapitalma\u00dfnahmen, Insolvenzen und Unternehmenshistorien.\",\"breadcrumb\":{\"@id\":\"https:\/\/www.exchange-data.com\/de\/produkt\/us-aktien-historische-referenzdienste\/#breadcrumb\"},\"inLanguage\":\"de\",\"potentialAction\":[{\"@type\":\"ReadAction\",\"target\":[\"https:\/\/www.exchange-data.com\/de\/produkt\/us-aktien-historische-referenzdienste\/\"]}]},{\"@type\":\"ImageObject\",\"inLanguage\":\"de\",\"@id\":\"https:\/\/www.exchange-data.com\/de\/produkt\/us-aktien-historische-referenzdienste\/#primaryimage\",\"url\":\"https:\/\/www.exchange-data.com\/wp-content\/uploads\/2015\/09\/EDI-Post-Featured-Image-700x400-1.png\",\"contentUrl\":\"https:\/\/www.exchange-data.com\/wp-content\/uploads\/2015\/09\/EDI-Post-Featured-Image-700x400-1.png\",\"width\":700,\"height\":400,\"caption\":\"Exchange Data International\"},{\"@type\":\"BreadcrumbList\",\"@id\":\"https:\/\/www.exchange-data.com\/de\/produkt\/us-aktien-historische-referenzdienste\/#breadcrumb\",\"itemListElement\":[{\"@type\":\"ListItem\",\"position\":1,\"name\":\"Home\",\"item\":\"https:\/\/www.exchange-data.com\/de\/startseite\/\"},{\"@type\":\"ListItem\",\"position\":2,\"name\":\"Historische Referenzdaten f\u00fcr US-Aktien\"}]},{\"@type\":\"WebSite\",\"@id\":\"https:\/\/www.exchange-data.com\/de\/#website\",\"url\":\"https:\/\/www.exchange-data.com\/de\/\",\"name\":\"Exchange Data International\",\"description\":\"Doing data differently\",\"publisher\":{\"@id\":\"https:\/\/www.exchange-data.com\/de\/#organization\"},\"potentialAction\":[{\"@type\":\"SearchAction\",\"target\":{\"@type\":\"EntryPoint\",\"urlTemplate\":\"https:\/\/www.exchange-data.com\/de\/?s={search_term_string}\"},\"query-input\":{\"@type\":\"PropertyValueSpecification\",\"valueRequired\":true,\"valueName\":\"search_term_string\"}}],\"inLanguage\":\"de\"},{\"@type\":\"Organization\",\"@id\":\"https:\/\/www.exchange-data.com\/de\/#organization\",\"name\":\"Exchange Data International\",\"url\":\"https:\/\/www.exchange-data.com\/de\/\",\"logo\":{\"@type\":\"ImageObject\",\"inLanguage\":\"de\",\"@id\":\"https:\/\/www.exchange-data.com\/de\/#\/schema\/logo\/image\/\",\"url\":\"https:\/\/www.exchange-data.com\/wp-content\/uploads\/2019\/03\/logo3.png\",\"contentUrl\":\"https:\/\/www.exchange-data.com\/wp-content\/uploads\/2019\/03\/logo3.png\",\"width\":200,\"height\":80,\"caption\":\"Exchange Data International\"},\"image\":{\"@id\":\"https:\/\/www.exchange-data.com\/de\/#\/schema\/logo\/image\/\"},\"sameAs\":[\"https:\/\/x.com\/ExchangeData\",\"https:\/\/www.linkedin.com\/company\/exchange-data-international\/?viewAsMember=true\",\"https:\/\/www.youtube.com\/channel\/UC5D1OpUb22YZANRLD_Ktcgg?view_as=subscriber\"]}]}<\/script>\n<!-- \/ Yoast SEO Premium plugin. -->","yoast_head_json":{"title":"Historische Referenzdaten \u2013 Umfassende US-Daten f\u00fcr aktive & obsolet gewordene Aktien | Exchange Data International","description":"Profitieren Sie von historischen Referenzdaten f\u00fcr US-Aktien \u2013 mit Daten zu 2,5\u202fMio. Titeln inklusive Kapitalma\u00dfnahmen, Insolvenzen und Unternehmenshistorien.","robots":{"index":"index","follow":"follow","max-snippet":"max-snippet:-1","max-image-preview":"max-image-preview:large","max-video-preview":"max-video-preview:-1"},"canonical":"https:\/\/www.exchange-data.com\/de\/produkt\/us-aktien-historische-referenzdienste\/","og_locale":"de_DE","og_type":"article","og_title":"US-Aktien Historische Referenzdienste","og_description":"In Zusammenarbeit mit Financial Information Incorporated (FII). Nutzen Sie die Berichte des Financial Stock Guide Service, der f\u00fcr US-amerikanische und kanadische Wertpapiere, die an US-B\u00f6rsen notiert sind, 25.000 aktive Wertpapiere, 125.000 veraltete Wertpapiere, 2.500.000 nachverfolgbare Wertpapiere und mehr zur Verf\u00fcgung steht, um einen einfachen Zugang zu unserem vollst\u00e4ndigen historischen Datenservice zu erhalten.","og_url":"https:\/\/www.exchange-data.com\/de\/produkt\/us-aktien-historische-referenzdienste\/","og_site_name":"Exchange Data International","article_modified_time":"2025-08-08T11:31:17+00:00","og_image":[{"url":"https:\/\/www.exchange-data.com\/wp-content\/uploads\/2015\/09\/EDI-Post-Featured-Image-700x400-1.png","type":"","width":"","height":""}],"twitter_card":"summary_large_image","twitter_title":"US-Aktien Historische Referenzdienste","twitter_description":"In Zusammenarbeit mit Financial Information Incorporated (FII). Nutzen Sie die Berichte des Financial Stock Guide Service, der f\u00fcr US-amerikanische und kanadische Wertpapiere, die an US-B\u00f6rsen notiert sind, 25.000 aktive Wertpapiere, 125.000 veraltete Wertpapiere, 2.500.000 nachverfolgbare Wertpapiere und mehr zur Verf\u00fcgung steht, um einen einfachen Zugang zu unserem vollst\u00e4ndigen historischen Datenservice zu erhalten.","twitter_image":"https:\/\/www.exchange-data.com\/wp-content\/uploads\/2015\/09\/EDI-Post-Featured-Image-700x400-1.png","twitter_site":"@ExchangeData","twitter_misc":{"Gesch\u00e4tzte Lesezeit":"1\u00a0Minute"},"schema":{"@context":"https:\/\/schema.org","@graph":[{"@type":"WebPage","@id":"https:\/\/www.exchange-data.com\/de\/produkt\/us-aktien-historische-referenzdienste\/","url":"https:\/\/www.exchange-data.com\/de\/produkt\/us-aktien-historische-referenzdienste\/","name":"Historische Referenzdaten \u2013 Umfassende US-Daten f\u00fcr aktive & obsolet gewordene Aktien | Exchange Data International","isPartOf":{"@id":"https:\/\/www.exchange-data.com\/de\/#website"},"primaryImageOfPage":{"@id":"https:\/\/www.exchange-data.com\/de\/produkt\/us-aktien-historische-referenzdienste\/#primaryimage"},"image":{"@id":"https:\/\/www.exchange-data.com\/de\/produkt\/us-aktien-historische-referenzdienste\/#primaryimage"},"thumbnailUrl":"https:\/\/www.exchange-data.com\/wp-content\/uploads\/2015\/09\/EDI-Post-Featured-Image-700x400-1.png","datePublished":"2020-04-07T08:50:58+00:00","dateModified":"2025-08-08T11:31:17+00:00","description":"Profitieren Sie von historischen Referenzdaten f\u00fcr US-Aktien \u2013 mit Daten zu 2,5\u202fMio. Titeln inklusive Kapitalma\u00dfnahmen, Insolvenzen und Unternehmenshistorien.","breadcrumb":{"@id":"https:\/\/www.exchange-data.com\/de\/produkt\/us-aktien-historische-referenzdienste\/#breadcrumb"},"inLanguage":"de","potentialAction":[{"@type":"ReadAction","target":["https:\/\/www.exchange-data.com\/de\/produkt\/us-aktien-historische-referenzdienste\/"]}]},{"@type":"ImageObject","inLanguage":"de","@id":"https:\/\/www.exchange-data.com\/de\/produkt\/us-aktien-historische-referenzdienste\/#primaryimage","url":"https:\/\/www.exchange-data.com\/wp-content\/uploads\/2015\/09\/EDI-Post-Featured-Image-700x400-1.png","contentUrl":"https:\/\/www.exchange-data.com\/wp-content\/uploads\/2015\/09\/EDI-Post-Featured-Image-700x400-1.png","width":700,"height":400,"caption":"Exchange Data International"},{"@type":"BreadcrumbList","@id":"https:\/\/www.exchange-data.com\/de\/produkt\/us-aktien-historische-referenzdienste\/#breadcrumb","itemListElement":[{"@type":"ListItem","position":1,"name":"Home","item":"https:\/\/www.exchange-data.com\/de\/startseite\/"},{"@type":"ListItem","position":2,"name":"Historische Referenzdaten f\u00fcr US-Aktien"}]},{"@type":"WebSite","@id":"https:\/\/www.exchange-data.com\/de\/#website","url":"https:\/\/www.exchange-data.com\/de\/","name":"Exchange Data International","description":"Doing data differently","publisher":{"@id":"https:\/\/www.exchange-data.com\/de\/#organization"},"potentialAction":[{"@type":"SearchAction","target":{"@type":"EntryPoint","urlTemplate":"https:\/\/www.exchange-data.com\/de\/?s={search_term_string}"},"query-input":{"@type":"PropertyValueSpecification","valueRequired":true,"valueName":"search_term_string"}}],"inLanguage":"de"},{"@type":"Organization","@id":"https:\/\/www.exchange-data.com\/de\/#organization","name":"Exchange Data International","url":"https:\/\/www.exchange-data.com\/de\/","logo":{"@type":"ImageObject","inLanguage":"de","@id":"https:\/\/www.exchange-data.com\/de\/#\/schema\/logo\/image\/","url":"https:\/\/www.exchange-data.com\/wp-content\/uploads\/2019\/03\/logo3.png","contentUrl":"https:\/\/www.exchange-data.com\/wp-content\/uploads\/2019\/03\/logo3.png","width":200,"height":80,"caption":"Exchange Data International"},"image":{"@id":"https:\/\/www.exchange-data.com\/de\/#\/schema\/logo\/image\/"},"sameAs":["https:\/\/x.com\/ExchangeData","https:\/\/www.linkedin.com\/company\/exchange-data-international\/?viewAsMember=true","https:\/\/www.youtube.com\/channel\/UC5D1OpUb22YZANRLD_Ktcgg?view_as=subscriber"]}]}},"_links":{"self":[{"href":"https:\/\/www.exchange-data.com\/de\/wp-json\/wp\/v2\/product\/35684","targetHints":{"allow":["GET"]}}],"collection":[{"href":"https:\/\/www.exchange-data.com\/de\/wp-json\/wp\/v2\/product"}],"about":[{"href":"https:\/\/www.exchange-data.com\/de\/wp-json\/wp\/v2\/types\/product"}],"wp:featuredmedia":[{"embeddable":true,"href":"https:\/\/www.exchange-data.com\/de\/wp-json\/wp\/v2\/media\/34153"}],"wp:attachment":[{"href":"https:\/\/www.exchange-data.com\/de\/wp-json\/wp\/v2\/media?parent=35684"}],"wp:term":[{"taxonomy":"country","embeddable":true,"href":"https:\/\/www.exchange-data.com\/de\/wp-json\/wp\/v2\/country?post=35684"},{"taxonomy":"product_category","embeddable":true,"href":"https:\/\/www.exchange-data.com\/de\/wp-json\/wp\/v2\/product_category?post=35684"}],"curies":[{"name":"wp","href":"https:\/\/api.w.org\/{rel}","templated":true}]}}