{"id":35685,"date":"2019-11-12T13:34:10","date_gmt":"2019-11-12T12:34:10","guid":{"rendered":"https:\/\/www.exchange-data.com\/product\/beschraenkungen-fuer-auslaendisches-wohneigentum\/"},"modified":"2025-08-12T13:21:05","modified_gmt":"2025-08-12T12:21:05","slug":"beschraenkungen-fuer-auslaendisches-wohneigentum","status":"publish","type":"product","link":"https:\/\/www.exchange-data.com\/de\/produkt\/beschraenkungen-fuer-auslaendisches-wohneigentum\/","title":{"rendered":"Beschr\u00e4nkungen f\u00fcr ausl\u00e4ndische Beteiligungen"},"content":{"rendered":"<p><span style=\"font-weight: 400;\">Der Dienst &#8222;Foreign Ownership Limitations&#8220; informiert Anleger dar\u00fcber, ob ein ausl\u00e4ndisches Unternehmen oder eine Privatperson die H\u00f6chstgrenzen f\u00fcr ausl\u00e4ndischen Aktienbesitz \u00fcberschritten hat. Der Dienst deckt 71 B\u00f6rsen in 59 L\u00e4ndern ab und bietet Zugang zu 42 Datenfeldern. Die Daten k\u00f6nnen in bereits bestehende Systeme eingespeist werden, so dass diese genau berechnen k\u00f6nnen, ob Transaktionen gegen die Beschr\u00e4nkungen f\u00fcr ausl\u00e4ndischen Aktienbesitz versto\u00dfen.  <\/span><\/p>\n<p><span style=\"font-weight: 400;\"><a href=\"https:\/\/www.exchange-data.com\/wp-content\/uploads\/2019\/11\/FOL_Data_Sample.png\" target=\"_blank\" rel=\"noopener\">Datenbeispiel ansehen&gt;&gt;<\/a><\/span><\/p>\n<p><span style=\"font-weight: 400;\">Der Service wird auch von Indexanbietern genutzt, um den \u201eFree Float\u201c zu bestimmen, und kann flexibel an individuelle Kundenbed\u00fcrfnisse angepasst werden \u2013 unter anderem durch:<\/span><\/p>\n<ul>\n<li><span style=\"font-weight: 400;\">Flexible Datenlieferformate zur Erg\u00e4nzung bestehender Infrastrukturen<\/span><\/li>\n<li><span style=\"font-weight: 400;\">Anpassbare Datenfeeds auf L\u00e4nder- oder Portfolioebene<\/span><\/li>\n<li><span style=\"font-weight: 400;\">Auswahl aus einer Vielzahl an verf\u00fcgbaren Datenfeldern<\/span><\/li>\n<\/ul>\n<h4>Begriffserkl\u00e4rungen:<\/h4>\n<table width=\"100%\">\n<tbody>\n<tr>\n<td><strong>Ausl\u00e4ndischer Investor:<\/strong><\/td>\n<td><span style=\"font-weight: 400;\">Eine Organisation oder Einzelperson, die in einem Land investiert, in dem sie weder ans\u00e4ssig noch registriert ist<\/span><\/td>\n<\/tr>\n<tr>\n<td><strong>Gesamtanzahl der von Ausl\u00e4ndern gehaltenen Aktien:<\/strong><\/td>\n<td><span style=\"font-weight: 400;\">Gibt an, wie viele Aktien eines Unternehmens sich direkt im Besitz ausl\u00e4ndischer Anleger befinden <\/span><\/td>\n<\/tr>\n<tr>\n<td><strong>Direktes Beteiligungsverh\u00e4ltnis:<\/strong><\/td>\n<td><span style=\"font-weight: 400;\">Das Verh\u00e4ltnis zwischen der Anzahl von Ausl\u00e4ndern gehaltenen Aktien und der Gesamtzahl der ausgegebenen Aktien eines Unternehmens <\/span><\/td>\n<\/tr>\n<tr>\n<td><strong>Obergrenze f\u00fcr ausl\u00e4ndische Beteiligung:<\/strong><\/td>\n<td><span style=\"font-weight: 400;\">Der maximal zul\u00e4ssige Beteiligungsanteil, den ausl\u00e4ndische Investoren laut gesetzlicher Vorgaben halten d\u00fcrfen <\/span><\/td>\n<\/tr>\n<\/tbody>\n<\/table>\n","protected":false},"featured_media":34153,"template":"","country":[1985,1936,2106,2022,1882,2003,2133,1980,1868,1908,1972,1977,2045,2020,2028,1956,2005,2070,2018,1880,2094,1968,1994,2097,1974,2064,1960,2078,1970,1966,1891,2009,2109,1979,1987,1913,1932,1857,1901,1915,1895,2145,1874,2105,1950,2068,1903,2095,1910,1984,1990,2083],"product_category":[3167,3166],"class_list":["post-35685","product","type-product","status-publish","has-post-thumbnail","hentry","product_category-produkte-und-services","product_category-referenzdaten-de-edi-products-services-de"],"acf":[],"yoast_head":"<!-- This site is optimized with the Yoast SEO Premium plugin v26.0 (Yoast SEO v26.0) - https:\/\/yoast.com\/wordpress\/plugins\/seo\/ -->\n<title>Beschr\u00e4nkungen f\u00fcr ausl\u00e4ndisches Eigentum Datendienste | Exchange Data International<\/title>\n<meta name=\"description\" content=\"\u00dcberwachen Sie Ausl\u00e4nderbeteiligungsgrenzen mit aktuellen Daten aus 59 L\u00e4ndern \u2013 ideal zur Integration in bestehende Systeme f\u00fcr Compliance und Indexberechnung.\" \/>\n<meta name=\"robots\" content=\"index, follow, max-snippet:-1, max-image-preview:large, max-video-preview:-1\" \/>\n<link rel=\"canonical\" href=\"https:\/\/www.exchange-data.com\/de\/produkt\/beschraenkungen-fuer-auslaendisches-wohneigentum\/\" \/>\n<meta property=\"og:locale\" content=\"de_DE\" \/>\n<meta property=\"og:type\" content=\"article\" \/>\n<meta property=\"og:title\" content=\"EDI - Beschr\u00e4nkungen f\u00fcr ausl\u00e4ndisches Wohneigentum\" \/>\n<meta property=\"og:description\" content=\"Der Dienst &quot;Foreign Ownership Limitations&quot; informiert die Verbraucher dar\u00fcber, ob ein ausl\u00e4ndisches Unternehmen oder eine ausl\u00e4ndische Einzelperson die H\u00f6chstgrenzen f\u00fcr den Aktienbesitz \u00fcberschritten hat.\" \/>\n<meta property=\"og:url\" content=\"https:\/\/www.exchange-data.com\/de\/produkt\/beschraenkungen-fuer-auslaendisches-wohneigentum\/\" \/>\n<meta property=\"og:site_name\" content=\"Exchange Data International\" \/>\n<meta property=\"article:modified_time\" content=\"2025-08-12T12:21:05+00:00\" \/>\n<meta property=\"og:image\" content=\"https:\/\/www.exchange-data.com\/wp-content\/uploads\/2021\/06\/FOL_featurer-image-700x400-1.png\" \/>\n<meta name=\"twitter:card\" content=\"summary_large_image\" \/>\n<meta name=\"twitter:title\" content=\"EDI - Beschr\u00e4nkungen f\u00fcr ausl\u00e4ndisches Wohneigentum\" \/>\n<meta name=\"twitter:description\" content=\"Der Dienst &quot;Foreign Ownership Limitations&quot; informiert die Verbraucher dar\u00fcber, ob ein ausl\u00e4ndisches Unternehmen oder eine ausl\u00e4ndische Einzelperson die H\u00f6chstgrenzen f\u00fcr den Aktienbesitz \u00fcberschritten hat.\" \/>\n<meta name=\"twitter:image\" content=\"https:\/\/www.exchange-data.com\/wp-content\/uploads\/2021\/06\/FOL_featurer-image-700x400-1.png\" \/>\n<meta name=\"twitter:site\" content=\"@ExchangeData\" \/>\n<meta name=\"twitter:label1\" content=\"Gesch\u00e4tzte Lesezeit\" \/>\n\t<meta name=\"twitter:data1\" content=\"1\u00a0Minute\" \/>\n<script type=\"application\/ld+json\" class=\"yoast-schema-graph\">{\"@context\":\"https:\/\/schema.org\",\"@graph\":[{\"@type\":\"WebPage\",\"@id\":\"https:\/\/www.exchange-data.com\/de\/produkt\/beschraenkungen-fuer-auslaendisches-wohneigentum\/\",\"url\":\"https:\/\/www.exchange-data.com\/de\/produkt\/beschraenkungen-fuer-auslaendisches-wohneigentum\/\",\"name\":\"Beschr\u00e4nkungen f\u00fcr ausl\u00e4ndisches Eigentum Datendienste | Exchange Data International\",\"isPartOf\":{\"@id\":\"https:\/\/www.exchange-data.com\/de\/#website\"},\"primaryImageOfPage\":{\"@id\":\"https:\/\/www.exchange-data.com\/de\/produkt\/beschraenkungen-fuer-auslaendisches-wohneigentum\/#primaryimage\"},\"image\":{\"@id\":\"https:\/\/www.exchange-data.com\/de\/produkt\/beschraenkungen-fuer-auslaendisches-wohneigentum\/#primaryimage\"},\"thumbnailUrl\":\"https:\/\/www.exchange-data.com\/wp-content\/uploads\/2015\/09\/EDI-Post-Featured-Image-700x400-1.png\",\"datePublished\":\"2019-11-12T12:34:10+00:00\",\"dateModified\":\"2025-08-12T12:21:05+00:00\",\"description\":\"\u00dcberwachen Sie Ausl\u00e4nderbeteiligungsgrenzen mit aktuellen Daten aus 59 L\u00e4ndern \u2013 ideal zur Integration in bestehende Systeme f\u00fcr Compliance und Indexberechnung.\",\"breadcrumb\":{\"@id\":\"https:\/\/www.exchange-data.com\/de\/produkt\/beschraenkungen-fuer-auslaendisches-wohneigentum\/#breadcrumb\"},\"inLanguage\":\"de\",\"potentialAction\":[{\"@type\":\"ReadAction\",\"target\":[\"https:\/\/www.exchange-data.com\/de\/produkt\/beschraenkungen-fuer-auslaendisches-wohneigentum\/\"]}]},{\"@type\":\"ImageObject\",\"inLanguage\":\"de\",\"@id\":\"https:\/\/www.exchange-data.com\/de\/produkt\/beschraenkungen-fuer-auslaendisches-wohneigentum\/#primaryimage\",\"url\":\"https:\/\/www.exchange-data.com\/wp-content\/uploads\/2015\/09\/EDI-Post-Featured-Image-700x400-1.png\",\"contentUrl\":\"https:\/\/www.exchange-data.com\/wp-content\/uploads\/2015\/09\/EDI-Post-Featured-Image-700x400-1.png\",\"width\":700,\"height\":400,\"caption\":\"Exchange Data International\"},{\"@type\":\"BreadcrumbList\",\"@id\":\"https:\/\/www.exchange-data.com\/de\/produkt\/beschraenkungen-fuer-auslaendisches-wohneigentum\/#breadcrumb\",\"itemListElement\":[{\"@type\":\"ListItem\",\"position\":1,\"name\":\"Home\",\"item\":\"https:\/\/www.exchange-data.com\/de\/startseite\/\"},{\"@type\":\"ListItem\",\"position\":2,\"name\":\"Beschr\u00e4nkungen f\u00fcr ausl\u00e4ndische Beteiligungen\"}]},{\"@type\":\"WebSite\",\"@id\":\"https:\/\/www.exchange-data.com\/de\/#website\",\"url\":\"https:\/\/www.exchange-data.com\/de\/\",\"name\":\"Exchange Data International\",\"description\":\"Doing data differently\",\"publisher\":{\"@id\":\"https:\/\/www.exchange-data.com\/de\/#organization\"},\"potentialAction\":[{\"@type\":\"SearchAction\",\"target\":{\"@type\":\"EntryPoint\",\"urlTemplate\":\"https:\/\/www.exchange-data.com\/de\/?s={search_term_string}\"},\"query-input\":{\"@type\":\"PropertyValueSpecification\",\"valueRequired\":true,\"valueName\":\"search_term_string\"}}],\"inLanguage\":\"de\"},{\"@type\":\"Organization\",\"@id\":\"https:\/\/www.exchange-data.com\/de\/#organization\",\"name\":\"Exchange Data International\",\"url\":\"https:\/\/www.exchange-data.com\/de\/\",\"logo\":{\"@type\":\"ImageObject\",\"inLanguage\":\"de\",\"@id\":\"https:\/\/www.exchange-data.com\/de\/#\/schema\/logo\/image\/\",\"url\":\"https:\/\/www.exchange-data.com\/wp-content\/uploads\/2019\/03\/logo3.png\",\"contentUrl\":\"https:\/\/www.exchange-data.com\/wp-content\/uploads\/2019\/03\/logo3.png\",\"width\":200,\"height\":80,\"caption\":\"Exchange Data International\"},\"image\":{\"@id\":\"https:\/\/www.exchange-data.com\/de\/#\/schema\/logo\/image\/\"},\"sameAs\":[\"https:\/\/x.com\/ExchangeData\",\"https:\/\/www.linkedin.com\/company\/exchange-data-international\/?viewAsMember=true\",\"https:\/\/www.youtube.com\/channel\/UC5D1OpUb22YZANRLD_Ktcgg?view_as=subscriber\"]}]}<\/script>\n<!-- \/ Yoast SEO Premium plugin. -->","yoast_head_json":{"title":"Beschr\u00e4nkungen f\u00fcr ausl\u00e4ndisches Eigentum Datendienste | Exchange Data International","description":"\u00dcberwachen Sie Ausl\u00e4nderbeteiligungsgrenzen mit aktuellen Daten aus 59 L\u00e4ndern \u2013 ideal zur Integration in bestehende Systeme f\u00fcr Compliance und Indexberechnung.","robots":{"index":"index","follow":"follow","max-snippet":"max-snippet:-1","max-image-preview":"max-image-preview:large","max-video-preview":"max-video-preview:-1"},"canonical":"https:\/\/www.exchange-data.com\/de\/produkt\/beschraenkungen-fuer-auslaendisches-wohneigentum\/","og_locale":"de_DE","og_type":"article","og_title":"EDI - Beschr\u00e4nkungen f\u00fcr ausl\u00e4ndisches Wohneigentum","og_description":"Der Dienst \"Foreign Ownership Limitations\" informiert die Verbraucher dar\u00fcber, ob ein ausl\u00e4ndisches Unternehmen oder eine ausl\u00e4ndische Einzelperson die H\u00f6chstgrenzen f\u00fcr den Aktienbesitz \u00fcberschritten hat.","og_url":"https:\/\/www.exchange-data.com\/de\/produkt\/beschraenkungen-fuer-auslaendisches-wohneigentum\/","og_site_name":"Exchange Data International","article_modified_time":"2025-08-12T12:21:05+00:00","og_image":[{"url":"https:\/\/www.exchange-data.com\/wp-content\/uploads\/2021\/06\/FOL_featurer-image-700x400-1.png","type":"","width":"","height":""}],"twitter_card":"summary_large_image","twitter_title":"EDI - Beschr\u00e4nkungen f\u00fcr ausl\u00e4ndisches Wohneigentum","twitter_description":"Der Dienst \"Foreign Ownership Limitations\" informiert die Verbraucher dar\u00fcber, ob ein ausl\u00e4ndisches Unternehmen oder eine ausl\u00e4ndische Einzelperson die H\u00f6chstgrenzen f\u00fcr den Aktienbesitz \u00fcberschritten hat.","twitter_image":"https:\/\/www.exchange-data.com\/wp-content\/uploads\/2021\/06\/FOL_featurer-image-700x400-1.png","twitter_site":"@ExchangeData","twitter_misc":{"Gesch\u00e4tzte Lesezeit":"1\u00a0Minute"},"schema":{"@context":"https:\/\/schema.org","@graph":[{"@type":"WebPage","@id":"https:\/\/www.exchange-data.com\/de\/produkt\/beschraenkungen-fuer-auslaendisches-wohneigentum\/","url":"https:\/\/www.exchange-data.com\/de\/produkt\/beschraenkungen-fuer-auslaendisches-wohneigentum\/","name":"Beschr\u00e4nkungen f\u00fcr ausl\u00e4ndisches Eigentum Datendienste | Exchange Data International","isPartOf":{"@id":"https:\/\/www.exchange-data.com\/de\/#website"},"primaryImageOfPage":{"@id":"https:\/\/www.exchange-data.com\/de\/produkt\/beschraenkungen-fuer-auslaendisches-wohneigentum\/#primaryimage"},"image":{"@id":"https:\/\/www.exchange-data.com\/de\/produkt\/beschraenkungen-fuer-auslaendisches-wohneigentum\/#primaryimage"},"thumbnailUrl":"https:\/\/www.exchange-data.com\/wp-content\/uploads\/2015\/09\/EDI-Post-Featured-Image-700x400-1.png","datePublished":"2019-11-12T12:34:10+00:00","dateModified":"2025-08-12T12:21:05+00:00","description":"\u00dcberwachen Sie Ausl\u00e4nderbeteiligungsgrenzen mit aktuellen Daten aus 59 L\u00e4ndern \u2013 ideal zur Integration in bestehende Systeme f\u00fcr Compliance und Indexberechnung.","breadcrumb":{"@id":"https:\/\/www.exchange-data.com\/de\/produkt\/beschraenkungen-fuer-auslaendisches-wohneigentum\/#breadcrumb"},"inLanguage":"de","potentialAction":[{"@type":"ReadAction","target":["https:\/\/www.exchange-data.com\/de\/produkt\/beschraenkungen-fuer-auslaendisches-wohneigentum\/"]}]},{"@type":"ImageObject","inLanguage":"de","@id":"https:\/\/www.exchange-data.com\/de\/produkt\/beschraenkungen-fuer-auslaendisches-wohneigentum\/#primaryimage","url":"https:\/\/www.exchange-data.com\/wp-content\/uploads\/2015\/09\/EDI-Post-Featured-Image-700x400-1.png","contentUrl":"https:\/\/www.exchange-data.com\/wp-content\/uploads\/2015\/09\/EDI-Post-Featured-Image-700x400-1.png","width":700,"height":400,"caption":"Exchange Data International"},{"@type":"BreadcrumbList","@id":"https:\/\/www.exchange-data.com\/de\/produkt\/beschraenkungen-fuer-auslaendisches-wohneigentum\/#breadcrumb","itemListElement":[{"@type":"ListItem","position":1,"name":"Home","item":"https:\/\/www.exchange-data.com\/de\/startseite\/"},{"@type":"ListItem","position":2,"name":"Beschr\u00e4nkungen f\u00fcr ausl\u00e4ndische Beteiligungen"}]},{"@type":"WebSite","@id":"https:\/\/www.exchange-data.com\/de\/#website","url":"https:\/\/www.exchange-data.com\/de\/","name":"Exchange Data International","description":"Doing data differently","publisher":{"@id":"https:\/\/www.exchange-data.com\/de\/#organization"},"potentialAction":[{"@type":"SearchAction","target":{"@type":"EntryPoint","urlTemplate":"https:\/\/www.exchange-data.com\/de\/?s={search_term_string}"},"query-input":{"@type":"PropertyValueSpecification","valueRequired":true,"valueName":"search_term_string"}}],"inLanguage":"de"},{"@type":"Organization","@id":"https:\/\/www.exchange-data.com\/de\/#organization","name":"Exchange Data International","url":"https:\/\/www.exchange-data.com\/de\/","logo":{"@type":"ImageObject","inLanguage":"de","@id":"https:\/\/www.exchange-data.com\/de\/#\/schema\/logo\/image\/","url":"https:\/\/www.exchange-data.com\/wp-content\/uploads\/2019\/03\/logo3.png","contentUrl":"https:\/\/www.exchange-data.com\/wp-content\/uploads\/2019\/03\/logo3.png","width":200,"height":80,"caption":"Exchange Data International"},"image":{"@id":"https:\/\/www.exchange-data.com\/de\/#\/schema\/logo\/image\/"},"sameAs":["https:\/\/x.com\/ExchangeData","https:\/\/www.linkedin.com\/company\/exchange-data-international\/?viewAsMember=true","https:\/\/www.youtube.com\/channel\/UC5D1OpUb22YZANRLD_Ktcgg?view_as=subscriber"]}]}},"_links":{"self":[{"href":"https:\/\/www.exchange-data.com\/de\/wp-json\/wp\/v2\/product\/35685","targetHints":{"allow":["GET"]}}],"collection":[{"href":"https:\/\/www.exchange-data.com\/de\/wp-json\/wp\/v2\/product"}],"about":[{"href":"https:\/\/www.exchange-data.com\/de\/wp-json\/wp\/v2\/types\/product"}],"wp:featuredmedia":[{"embeddable":true,"href":"https:\/\/www.exchange-data.com\/de\/wp-json\/wp\/v2\/media\/34153"}],"wp:attachment":[{"href":"https:\/\/www.exchange-data.com\/de\/wp-json\/wp\/v2\/media?parent=35685"}],"wp:term":[{"taxonomy":"country","embeddable":true,"href":"https:\/\/www.exchange-data.com\/de\/wp-json\/wp\/v2\/country?post=35685"},{"taxonomy":"product_category","embeddable":true,"href":"https:\/\/www.exchange-data.com\/de\/wp-json\/wp\/v2\/product_category?post=35685"}],"curies":[{"name":"wp","href":"https:\/\/api.w.org\/{rel}","templated":true}]}}