{"id":35686,"date":"2019-10-09T14:45:28","date_gmt":"2019-10-09T13:45:28","guid":{"rendered":"https:\/\/www.exchange-data.com\/product\/medaillon-signatur-garantie\/"},"modified":"2025-08-19T12:31:40","modified_gmt":"2025-08-19T11:31:40","slug":"medaillon-signatur-garantie","status":"publish","type":"product","link":"https:\/\/www.exchange-data.com\/de\/produkt\/medaillon-signatur-garantie\/","title":{"rendered":"Medaillon-Signatur-Garantie"},"content":{"rendered":"<p><strong>EDI unterst\u00fctzt Sie gemeinsam mit dem Partnerunternehmen <a href=\"https:\/\/www.exchange-data.com\/partners\/\">Share Data<\/a> beim Verkauf oder der \u00dcbertragung von US-amerikanischen und kanadischen Aktien oder Fondsanteilen.<\/strong><\/p>\n<p><span style=\"font-weight: 400;\">Die Medallion Signature Guarantee ist ein spezieller Sicherheitsstempel, der mit einem Barcode und einer besonderen Tinte versehen ist. Diese Merkmale werden von nordamerikanischen Transferstellen \u00fcberpr\u00fcft \u2013 abh\u00e4ngig vom Wert des jeweiligen Verm\u00f6genswerts, sei es in Form von Aktien, Fonds oder anderen Wertpapieren. Wenn Sie ein Nachlassverfahren mit Verm\u00f6genswerten in den USA oder Kanada abwickeln oder anderweitig f\u00fcr die \u00dcbertragung nordamerikanischer Wertpapiere verantwortlich sind, wird in der Regel eine Medallion Signature Guarantee (auch als Medallion-Stempel oder -Unterschrift bezeichnet) verlangt. <\/span><\/p>\n<p><span style=\"font-weight: 400;\">In den USA und Kanada ist dieser Stempel gesetzlich vorgeschrieben, wenn es um die \u00dcbertragung von Wertpapieren und Aktien geht. Er sch\u00fctzt vor gef\u00e4lschten Unterschriften und reduziert so das Risiko von Haftung und Verlust.<\/span><\/p>\n<p>F\u00fcr den Verkauf oder die \u00dcbertragung <strong>kanadischer und\/oder US-amerikanischer<\/strong> Wertpapiere sind folgende Schritte notwendig:<\/p>\n<ul>\n<li><strong>Ihre Unterschrift muss gegen\u00fcber<\/strong> der Transferstelle \u201egarantiert\u201c werden. Dies erfolgt \u00fcber einen <strong>Medallion Signature Guarantee Stamp. <\/strong> <\/li>\n<li><strong>Sie m\u00fcssen ein Aktien\u00fcbertragungsformular <\/strong>(\u201eForm\u201c) oder ein gleichwertiges Dokument unterzeichnen.<\/li>\n<\/ul>\n<p>Medallion Signature Guarantee Programme werden betrieben von:<\/p>\n<ul>\n<li>Mitgliedern des Securities Transfer Agents Medallion Program (STAMP)<\/li>\n<li>Dem Stock Exchange Medallion Program (SEMP), dessen Teilnehmer in der Regel Mitglieder regionaler US- und kanadischer B\u00f6rsen sind<\/li>\n<li>Dem Medallion Signature Program (MSP) f\u00fcr Mitglieder der New York Stock Exchange<\/li>\n<\/ul>\n<p>Der EDI-Partner Share Data ist Mitglied von <strong>STAMP<\/strong> und somit autorisiert, im Namen von Banken, Anw\u00e4lten, B\u00f6rsenmaklern, Steuerberatern und Privatpersonen zu handeln, um:<\/p>\n<ul>\n<li><strong>Medallion Signature Guarantee Stempel<\/strong> in Ihrem Namen zu beschaffen<\/li>\n<li>In den meisten F\u00e4llen eine taggleiche <strong>Bearbeitung des Antrags<\/strong> zu erm\u00f6glichen<\/li>\n<\/ul>\n<p>Besuchen Sie die Website von <a href=\"http:\/\/www.sharedata.co.uk\">Share Data<\/a>, um mehr zu erfahren und herauszufinden, wie Sie einen Medallion Guarantee Stamp erhalten k\u00f6nnen. Alternativ erreichen Sie uns per E-Mail unter <a href=\"mailto:admin@sharedata.co.uk\">admin@sharedata.co.uk <\/a>oder telefonisch unter <a href=\"tel:+44140327117\">+44 1403 27117<\/a>. <\/p>\n<h6>F\u00fcr den Erhalt eines Medallion Guarantee Stempels zum Verkauf oder zur \u00dcbertragung von US- oder kanadischen Aktien ist keine Vollmacht erforderlich \u2013 Share Data Ltd verf\u00fcgt \u00fcber einen eigenen Medallion-Stempel.<\/h6>\n<p>&nbsp;<\/p>\n","protected":false},"featured_media":33913,"template":"","country":[],"product_category":[3167,3175],"class_list":["post-35686","product","type-product","status-publish","has-post-thumbnail","hentry","product_category-produkte-und-services","product_category-spezialisierte-angebote-de"],"acf":[],"yoast_head":"<!-- This site is optimized with the Yoast SEO Premium plugin v26.0 (Yoast SEO v26.0) - https:\/\/yoast.com\/wordpress\/plugins\/seo\/ -->\n<title>Medaillon-Signatur-Garantie | Exchange Data International<\/title>\n<meta name=\"description\" content=\"Ben\u00f6tigen Sie eine Medaillon-Unterschriftsgarantie f\u00fcr US-amerikanische oder kanadische Aktien? EDI und Share Data bieten schnellen, autorisierten Support f\u00fcr sichere Transfers und Verk\u00e4ufe.\" \/>\n<meta name=\"robots\" content=\"index, follow, max-snippet:-1, max-image-preview:large, max-video-preview:-1\" \/>\n<link rel=\"canonical\" href=\"https:\/\/www.exchange-data.com\/de\/produkt\/medaillon-signatur-garantie\/\" \/>\n<meta property=\"og:locale\" content=\"de_DE\" \/>\n<meta property=\"og:type\" content=\"article\" \/>\n<meta property=\"og:title\" content=\"Medaillon-Signatur-Garantie\" \/>\n<meta property=\"og:description\" content=\"\u00dcber seinen Partner Share Data kann EDI Ihnen bei der \u00dcbertragung und dem Verkauf von US-amerikanischen und kanadischen Aktien oder Fonds helfen. Die Medallion-Signaturgarantie ist ein spezieller Stempel, der durch einen Strichcode und eine spezielle Tinte authentifiziert wird, die von den kanadischen und US-amerikanischen Transferagenten auf der Grundlage des Werts des Verm\u00f6genswerts, seien es Aktien oder Verm\u00f6genswerte, \u00fcberpr\u00fcft wird. Wenn Sie f\u00fcr die Abwicklung eines Nachlasses mit kanadischem oder US-amerikanischem Verm\u00f6gen zust\u00e4ndig sind oder eine andere \u00dcbertragung von nordamerikanischen Aktien oder Wertpapieren betreuen, werden Sie in der Regel aufgefordert, eine Medallion-Unterschriftsgarantie (auch Medallion-Garantie, Unterschrift oder Stempel genannt) vorzulegen.\" \/>\n<meta property=\"og:url\" content=\"https:\/\/www.exchange-data.com\/de\/produkt\/medaillon-signatur-garantie\/\" \/>\n<meta property=\"og:site_name\" content=\"Exchange Data International\" \/>\n<meta property=\"article:modified_time\" content=\"2025-08-19T11:31:40+00:00\" \/>\n<meta property=\"og:image\" content=\"https:\/\/www.exchange-data.com\/wp-content\/uploads\/2015\/09\/EDI-Post-Featured-Image-700x400-1.png\" \/>\n<meta name=\"twitter:card\" content=\"summary_large_image\" \/>\n<meta name=\"twitter:title\" content=\"Medaillon-Signatur-Garantie\" \/>\n<meta name=\"twitter:description\" content=\"\u00dcber seinen Partner Share Data kann EDI Ihnen bei der \u00dcbertragung und dem Verkauf von US-amerikanischen und kanadischen Aktien oder Fonds helfen. Die Medallion-Signaturgarantie ist ein spezieller Stempel, der durch einen Strichcode und eine spezielle Tinte authentifiziert wird, die von den kanadischen und US-amerikanischen Transferagenten auf der Grundlage des Werts des Verm\u00f6genswerts, seien es Aktien oder Verm\u00f6genswerte, \u00fcberpr\u00fcft wird. Wenn Sie f\u00fcr die Abwicklung eines Nachlasses mit kanadischem oder US-amerikanischem Verm\u00f6gen zust\u00e4ndig sind oder eine andere \u00dcbertragung von nordamerikanischen Aktien oder Wertpapieren betreuen, werden Sie in der Regel aufgefordert, eine Medallion-Unterschriftsgarantie (auch Medallion-Garantie, Unterschrift oder Stempel genannt) vorzulegen.\" \/>\n<meta name=\"twitter:image\" content=\"https:\/\/www.exchange-data.com\/wp-content\/uploads\/2015\/09\/EDI-Post-Featured-Image-700x400-1.png\" \/>\n<meta name=\"twitter:site\" content=\"@ExchangeData\" \/>\n<meta name=\"twitter:label1\" content=\"Gesch\u00e4tzte Lesezeit\" \/>\n\t<meta name=\"twitter:data1\" content=\"2\u00a0Minuten\" \/>\n<script type=\"application\/ld+json\" class=\"yoast-schema-graph\">{\"@context\":\"https:\/\/schema.org\",\"@graph\":[{\"@type\":\"WebPage\",\"@id\":\"https:\/\/www.exchange-data.com\/de\/produkt\/medaillon-signatur-garantie\/\",\"url\":\"https:\/\/www.exchange-data.com\/de\/produkt\/medaillon-signatur-garantie\/\",\"name\":\"Medaillon-Signatur-Garantie | Exchange Data International\",\"isPartOf\":{\"@id\":\"https:\/\/www.exchange-data.com\/de\/#website\"},\"primaryImageOfPage\":{\"@id\":\"https:\/\/www.exchange-data.com\/de\/produkt\/medaillon-signatur-garantie\/#primaryimage\"},\"image\":{\"@id\":\"https:\/\/www.exchange-data.com\/de\/produkt\/medaillon-signatur-garantie\/#primaryimage\"},\"thumbnailUrl\":\"https:\/\/www.exchange-data.com\/wp-content\/uploads\/2019\/10\/Medallion-stamp10022016cropped-pdf.jpg\",\"datePublished\":\"2019-10-09T13:45:28+00:00\",\"dateModified\":\"2025-08-19T11:31:40+00:00\",\"description\":\"Ben\u00f6tigen Sie eine Medaillon-Unterschriftsgarantie f\u00fcr US-amerikanische oder kanadische Aktien? EDI und Share Data bieten schnellen, autorisierten Support f\u00fcr sichere Transfers und Verk\u00e4ufe.\",\"breadcrumb\":{\"@id\":\"https:\/\/www.exchange-data.com\/de\/produkt\/medaillon-signatur-garantie\/#breadcrumb\"},\"inLanguage\":\"de\",\"potentialAction\":[{\"@type\":\"ReadAction\",\"target\":[\"https:\/\/www.exchange-data.com\/de\/produkt\/medaillon-signatur-garantie\/\"]}]},{\"@type\":\"ImageObject\",\"inLanguage\":\"de\",\"@id\":\"https:\/\/www.exchange-data.com\/de\/produkt\/medaillon-signatur-garantie\/#primaryimage\",\"url\":\"https:\/\/www.exchange-data.com\/wp-content\/uploads\/2019\/10\/Medallion-stamp10022016cropped-pdf.jpg\",\"contentUrl\":\"https:\/\/www.exchange-data.com\/wp-content\/uploads\/2019\/10\/Medallion-stamp10022016cropped-pdf.jpg\"},{\"@type\":\"BreadcrumbList\",\"@id\":\"https:\/\/www.exchange-data.com\/de\/produkt\/medaillon-signatur-garantie\/#breadcrumb\",\"itemListElement\":[{\"@type\":\"ListItem\",\"position\":1,\"name\":\"Home\",\"item\":\"https:\/\/www.exchange-data.com\/de\/startseite\/\"},{\"@type\":\"ListItem\",\"position\":2,\"name\":\"Medaillon-Signatur-Garantie\"}]},{\"@type\":\"WebSite\",\"@id\":\"https:\/\/www.exchange-data.com\/de\/#website\",\"url\":\"https:\/\/www.exchange-data.com\/de\/\",\"name\":\"Exchange Data International\",\"description\":\"Doing data differently\",\"publisher\":{\"@id\":\"https:\/\/www.exchange-data.com\/de\/#organization\"},\"potentialAction\":[{\"@type\":\"SearchAction\",\"target\":{\"@type\":\"EntryPoint\",\"urlTemplate\":\"https:\/\/www.exchange-data.com\/de\/?s={search_term_string}\"},\"query-input\":{\"@type\":\"PropertyValueSpecification\",\"valueRequired\":true,\"valueName\":\"search_term_string\"}}],\"inLanguage\":\"de\"},{\"@type\":\"Organization\",\"@id\":\"https:\/\/www.exchange-data.com\/de\/#organization\",\"name\":\"Exchange Data International\",\"url\":\"https:\/\/www.exchange-data.com\/de\/\",\"logo\":{\"@type\":\"ImageObject\",\"inLanguage\":\"de\",\"@id\":\"https:\/\/www.exchange-data.com\/de\/#\/schema\/logo\/image\/\",\"url\":\"https:\/\/www.exchange-data.com\/wp-content\/uploads\/2019\/03\/logo3.png\",\"contentUrl\":\"https:\/\/www.exchange-data.com\/wp-content\/uploads\/2019\/03\/logo3.png\",\"width\":200,\"height\":80,\"caption\":\"Exchange Data International\"},\"image\":{\"@id\":\"https:\/\/www.exchange-data.com\/de\/#\/schema\/logo\/image\/\"},\"sameAs\":[\"https:\/\/x.com\/ExchangeData\",\"https:\/\/www.linkedin.com\/company\/exchange-data-international\/?viewAsMember=true\",\"https:\/\/www.youtube.com\/channel\/UC5D1OpUb22YZANRLD_Ktcgg?view_as=subscriber\"]}]}<\/script>\n<!-- \/ Yoast SEO Premium plugin. -->","yoast_head_json":{"title":"Medaillon-Signatur-Garantie | Exchange Data International","description":"Ben\u00f6tigen Sie eine Medaillon-Unterschriftsgarantie f\u00fcr US-amerikanische oder kanadische Aktien? EDI und Share Data bieten schnellen, autorisierten Support f\u00fcr sichere Transfers und Verk\u00e4ufe.","robots":{"index":"index","follow":"follow","max-snippet":"max-snippet:-1","max-image-preview":"max-image-preview:large","max-video-preview":"max-video-preview:-1"},"canonical":"https:\/\/www.exchange-data.com\/de\/produkt\/medaillon-signatur-garantie\/","og_locale":"de_DE","og_type":"article","og_title":"Medaillon-Signatur-Garantie","og_description":"\u00dcber seinen Partner Share Data kann EDI Ihnen bei der \u00dcbertragung und dem Verkauf von US-amerikanischen und kanadischen Aktien oder Fonds helfen. Die Medallion-Signaturgarantie ist ein spezieller Stempel, der durch einen Strichcode und eine spezielle Tinte authentifiziert wird, die von den kanadischen und US-amerikanischen Transferagenten auf der Grundlage des Werts des Verm\u00f6genswerts, seien es Aktien oder Verm\u00f6genswerte, \u00fcberpr\u00fcft wird. Wenn Sie f\u00fcr die Abwicklung eines Nachlasses mit kanadischem oder US-amerikanischem Verm\u00f6gen zust\u00e4ndig sind oder eine andere \u00dcbertragung von nordamerikanischen Aktien oder Wertpapieren betreuen, werden Sie in der Regel aufgefordert, eine Medallion-Unterschriftsgarantie (auch Medallion-Garantie, Unterschrift oder Stempel genannt) vorzulegen.","og_url":"https:\/\/www.exchange-data.com\/de\/produkt\/medaillon-signatur-garantie\/","og_site_name":"Exchange Data International","article_modified_time":"2025-08-19T11:31:40+00:00","og_image":[{"url":"https:\/\/www.exchange-data.com\/wp-content\/uploads\/2015\/09\/EDI-Post-Featured-Image-700x400-1.png","type":"","width":"","height":""}],"twitter_card":"summary_large_image","twitter_title":"Medaillon-Signatur-Garantie","twitter_description":"\u00dcber seinen Partner Share Data kann EDI Ihnen bei der \u00dcbertragung und dem Verkauf von US-amerikanischen und kanadischen Aktien oder Fonds helfen. Die Medallion-Signaturgarantie ist ein spezieller Stempel, der durch einen Strichcode und eine spezielle Tinte authentifiziert wird, die von den kanadischen und US-amerikanischen Transferagenten auf der Grundlage des Werts des Verm\u00f6genswerts, seien es Aktien oder Verm\u00f6genswerte, \u00fcberpr\u00fcft wird. Wenn Sie f\u00fcr die Abwicklung eines Nachlasses mit kanadischem oder US-amerikanischem Verm\u00f6gen zust\u00e4ndig sind oder eine andere \u00dcbertragung von nordamerikanischen Aktien oder Wertpapieren betreuen, werden Sie in der Regel aufgefordert, eine Medallion-Unterschriftsgarantie (auch Medallion-Garantie, Unterschrift oder Stempel genannt) vorzulegen.","twitter_image":"https:\/\/www.exchange-data.com\/wp-content\/uploads\/2015\/09\/EDI-Post-Featured-Image-700x400-1.png","twitter_site":"@ExchangeData","twitter_misc":{"Gesch\u00e4tzte Lesezeit":"2\u00a0Minuten"},"schema":{"@context":"https:\/\/schema.org","@graph":[{"@type":"WebPage","@id":"https:\/\/www.exchange-data.com\/de\/produkt\/medaillon-signatur-garantie\/","url":"https:\/\/www.exchange-data.com\/de\/produkt\/medaillon-signatur-garantie\/","name":"Medaillon-Signatur-Garantie | Exchange Data International","isPartOf":{"@id":"https:\/\/www.exchange-data.com\/de\/#website"},"primaryImageOfPage":{"@id":"https:\/\/www.exchange-data.com\/de\/produkt\/medaillon-signatur-garantie\/#primaryimage"},"image":{"@id":"https:\/\/www.exchange-data.com\/de\/produkt\/medaillon-signatur-garantie\/#primaryimage"},"thumbnailUrl":"https:\/\/www.exchange-data.com\/wp-content\/uploads\/2019\/10\/Medallion-stamp10022016cropped-pdf.jpg","datePublished":"2019-10-09T13:45:28+00:00","dateModified":"2025-08-19T11:31:40+00:00","description":"Ben\u00f6tigen Sie eine Medaillon-Unterschriftsgarantie f\u00fcr US-amerikanische oder kanadische Aktien? EDI und Share Data bieten schnellen, autorisierten Support f\u00fcr sichere Transfers und Verk\u00e4ufe.","breadcrumb":{"@id":"https:\/\/www.exchange-data.com\/de\/produkt\/medaillon-signatur-garantie\/#breadcrumb"},"inLanguage":"de","potentialAction":[{"@type":"ReadAction","target":["https:\/\/www.exchange-data.com\/de\/produkt\/medaillon-signatur-garantie\/"]}]},{"@type":"ImageObject","inLanguage":"de","@id":"https:\/\/www.exchange-data.com\/de\/produkt\/medaillon-signatur-garantie\/#primaryimage","url":"https:\/\/www.exchange-data.com\/wp-content\/uploads\/2019\/10\/Medallion-stamp10022016cropped-pdf.jpg","contentUrl":"https:\/\/www.exchange-data.com\/wp-content\/uploads\/2019\/10\/Medallion-stamp10022016cropped-pdf.jpg"},{"@type":"BreadcrumbList","@id":"https:\/\/www.exchange-data.com\/de\/produkt\/medaillon-signatur-garantie\/#breadcrumb","itemListElement":[{"@type":"ListItem","position":1,"name":"Home","item":"https:\/\/www.exchange-data.com\/de\/startseite\/"},{"@type":"ListItem","position":2,"name":"Medaillon-Signatur-Garantie"}]},{"@type":"WebSite","@id":"https:\/\/www.exchange-data.com\/de\/#website","url":"https:\/\/www.exchange-data.com\/de\/","name":"Exchange Data International","description":"Doing data differently","publisher":{"@id":"https:\/\/www.exchange-data.com\/de\/#organization"},"potentialAction":[{"@type":"SearchAction","target":{"@type":"EntryPoint","urlTemplate":"https:\/\/www.exchange-data.com\/de\/?s={search_term_string}"},"query-input":{"@type":"PropertyValueSpecification","valueRequired":true,"valueName":"search_term_string"}}],"inLanguage":"de"},{"@type":"Organization","@id":"https:\/\/www.exchange-data.com\/de\/#organization","name":"Exchange Data International","url":"https:\/\/www.exchange-data.com\/de\/","logo":{"@type":"ImageObject","inLanguage":"de","@id":"https:\/\/www.exchange-data.com\/de\/#\/schema\/logo\/image\/","url":"https:\/\/www.exchange-data.com\/wp-content\/uploads\/2019\/03\/logo3.png","contentUrl":"https:\/\/www.exchange-data.com\/wp-content\/uploads\/2019\/03\/logo3.png","width":200,"height":80,"caption":"Exchange Data International"},"image":{"@id":"https:\/\/www.exchange-data.com\/de\/#\/schema\/logo\/image\/"},"sameAs":["https:\/\/x.com\/ExchangeData","https:\/\/www.linkedin.com\/company\/exchange-data-international\/?viewAsMember=true","https:\/\/www.youtube.com\/channel\/UC5D1OpUb22YZANRLD_Ktcgg?view_as=subscriber"]}]}},"_links":{"self":[{"href":"https:\/\/www.exchange-data.com\/de\/wp-json\/wp\/v2\/product\/35686","targetHints":{"allow":["GET"]}}],"collection":[{"href":"https:\/\/www.exchange-data.com\/de\/wp-json\/wp\/v2\/product"}],"about":[{"href":"https:\/\/www.exchange-data.com\/de\/wp-json\/wp\/v2\/types\/product"}],"wp:featuredmedia":[{"embeddable":true,"href":"https:\/\/www.exchange-data.com\/de\/wp-json\/wp\/v2\/media\/33913"}],"wp:attachment":[{"href":"https:\/\/www.exchange-data.com\/de\/wp-json\/wp\/v2\/media?parent=35686"}],"wp:term":[{"taxonomy":"country","embeddable":true,"href":"https:\/\/www.exchange-data.com\/de\/wp-json\/wp\/v2\/country?post=35686"},{"taxonomy":"product_category","embeddable":true,"href":"https:\/\/www.exchange-data.com\/de\/wp-json\/wp\/v2\/product_category?post=35686"}],"curies":[{"name":"wp","href":"https:\/\/api.w.org\/{rel}","templated":true}]}}