{"id":35687,"date":"2019-03-31T18:39:28","date_gmt":"2019-03-31T17:39:28","guid":{"rendered":"https:\/\/www.exchange-data.com\/product\/weltweite-ausschuettungen\/"},"modified":"2025-08-08T12:46:25","modified_gmt":"2025-08-08T11:46:25","slug":"weltweite-ausschuettungen","status":"publish","type":"product","link":"https:\/\/www.exchange-data.com\/de\/produkt\/weltweite-ausschuettungen\/","title":{"rendered":"Weltweite Dividenden"},"content":{"rendered":"<p><span style=\"font-weight: 400;\">Nutzen Sie unseren weltweiten Dividenden-Datenservice, um stets aktuelle und detaillierte Informationen zu allen neuen Dividendenank\u00fcndigungen, sowie zu \u00c4nderungen bestehender Eintr\u00e4ge zu erhalten. Der Service deckt weltweite Aktienm\u00e4rkte und \u00fcber <strong><em>29.000 US-Mutual Funds ab<\/em><\/strong>. <\/span><\/p>\n<p>&nbsp;<\/p>\n<h2>Unser Service f\u00fcr globale Dividenden-Daten bietet Ihnen:<\/h2>\n<p>&nbsp;<\/p>\n<ul>\n<li><span style=\"font-weight: 400;\">Zugriff auf Dividendenmeldungen von \u00fcber 150 B\u00f6rsen weltweit<\/span><\/li>\n<li><span style=\"font-weight: 400;\">Detaillierte Angaben zu Bar- und Aktiendividenden \u2013 inklusive Record Date, Ex-Date, Zahltag sowie Brutto- und Nettobetr\u00e4gen<\/span><\/li>\n<li><span style=\"font-weight: 400;\">Informationen zu allen W\u00e4hrungen, in denen Dividenden ausgesch\u00fcttet werden k\u00f6nnen<\/span><\/li>\n<li><span style=\"font-weight: 400;\">Die M\u00f6glichkeit, auch bei komplexer werdenden Aussch\u00fcttungsprofilen den \u00dcberblick zu behalten<\/span><\/li>\n<\/ul>\n<p><span style=\"font-weight: 400;\">Dar\u00fcber hinaus bieten wir mit <a href=\"https:\/\/www.exchange-data.com\/de\/product\/dividendenprognose\/\">Woodseer Dividend Forecasting<\/a> eine Prognosel\u00f6sung, die tagesaktuelle Angaben zu Auszahlungsterminen und Betr\u00e4gen von Tausenden Wertpapieren \u00fcber mehr als 1.000 Indizes in \u00fcber 100 L\u00e4ndern liefert.<\/span><\/p>\n","protected":false},"featured_media":34153,"template":"","country":[2368,1985,2108,2081,1936,2035,2188,2013,1933,2106,2031,2087,2112,2113,2021,2022,1971,1897,2016,2017,2184,2362,1997,1991,1992,2027,1882,2039,1951,1952,1919,2283,2025,2026,1896,1927,1928,2103,2086,2003,1964,1862,2036,1981,1982,1983,2275,2057,1999,2085,1916,1917,2046,1961,2023,1923,1980,1957,1958,1868,1885,2079,1883,1884,2074,1908,1912,1978,1972,1977,2052,1942,2044,2045,1904,1905,2377,2114,2020,2028,1956,2005,2187,2070,1949,2072,2176,2258,2069,2018,1858,1879,1880,2012,1975,1944,1945,2065,2094,1860,1968,1993,2364,2365,1994,1861,2010,2002,2096,2097,2371,2100,1925,1926,1955,2062,2229,2056,1855,1854,1988,2090,2091,1909,2007,1935,1973,1974,1863,2282,1875,2222,2064,1876,1959,1960,1937,1938,2078,2077,2058,1996,2049,2000,1866,1970,1954,2092,2093,1965,1966,1891,1889,1890,1920,1921,1871,1872,1940,1870,2204,1878,1877,1852,1853,2084,1930,2076,2009,2098,1864,2014,2015,2059,2115,2001,2109,1979,2073,2011,1987,1913,1886,1906,1934,2107,2040,2041,2019,1932,1856,2200,2037,2038,2024,1900,2066,1888,1939,1857,2008,1901,1922,2050,2051,2053,2054,1892,1893,2343,2048,2071,1915,1914,2060,2004,2075,1894,1895,1943,1989,1963,1929,2186,2110,2111,1962,1873,1874,1881,2029,2030,2361,1931,2363,1924,2104,2105,1995,2102,1865,2006,1950,1869,1948,2366,1867,2331,2088,1941,2068,2089,1986,1918,1907,1903,1902,2095,1911,2370,2101,2063,2067,2047,1910,1984,2043,2042,1990,2083,2082,2055,2033,2034,2192,2249,1898,1899,1976,1969,1887,2180,2152,2369,2185,1998,2032,1967,2061,1859,2099,2080,1953,2367,1946,1947],"product_category":[3191,3167],"class_list":["post-35687","product","type-product","status-publish","has-post-thumbnail","hentry","product_category-equity-corporate-actions","product_category-produkte-und-services"],"acf":[],"yoast_head":"<!-- This site is optimized with the Yoast SEO Premium plugin v27.4 (Yoast SEO v27.4) - https:\/\/yoast.com\/product\/yoast-seo-premium-wordpress\/ -->\n<title>Globale Dividenden-Daten \u2013 Aktuelle Aussch\u00fcttungen weltweit im Blick | Exchange Data International<\/title>\n<meta name=\"description\" content=\"Erhalten Sie umfassende Globale Dividenden-Daten \u2013 inklusive Ank\u00fcndigungen, Ex-Dates und Aussch\u00fcttungsbetr\u00e4gen f\u00fcr Aktien und Fonds weltweit.\" \/>\n<meta name=\"robots\" content=\"index, follow, max-snippet:-1, max-image-preview:large, max-video-preview:-1\" \/>\n<link rel=\"canonical\" href=\"https:\/\/www.exchange-data.com\/de\/produkt\/weltweite-ausschuettungen\/\" \/>\n<meta property=\"og:locale\" content=\"de_DE\" \/>\n<meta property=\"og:type\" content=\"article\" \/>\n<meta property=\"og:title\" content=\"Weltweite Aussch\u00fcttungen\" \/>\n<meta property=\"og:description\" content=\"Nutzen Sie den weltweiten Dividendendatenservice, um aktuelle und detaillierte Informationen \u00fcber alle neuen Dividendenank\u00fcndigungen sowie Aktualisierungen bestehender Datens\u00e4tze zu erhalten. Der Service deckt weltweite Aktien und mehr als 29.000 US-Investmentfonds ab. Unser weltweiter Dividendendatenservice bietet Ihnen Zugang zu weltweiten Dividendenank\u00fcndigungen von mehr als 150 B\u00f6rsen, detaillierte Informationen zu Bar- und Aktiendividenden, einschlie\u00dflich Aufzeichnungs-, Zahlungs- und Ex-Datum. Brutto- und Nettobetr\u00e4ge, Angaben zu allen W\u00e4hrungen, in denen eine Dividende gezahlt werden kann, und die M\u00f6glichkeit, mit der wachsenden Zahl von Aussch\u00fcttungen mit komplexeren Profilen Schritt zu halten.\" \/>\n<meta property=\"og:url\" content=\"https:\/\/www.exchange-data.com\/de\/produkt\/weltweite-ausschuettungen\/\" \/>\n<meta property=\"og:site_name\" content=\"Exchange Data International\" \/>\n<meta property=\"article:modified_time\" content=\"2025-08-08T11:46:25+00:00\" \/>\n<meta property=\"og:image\" content=\"https:\/\/www.exchange-data.com\/wp-content\/uploads\/2015\/09\/EDI-Post-Featured-Image-700x400-1.png\" \/>\n<meta name=\"twitter:card\" content=\"summary_large_image\" \/>\n<meta name=\"twitter:title\" content=\"Weltweite Aussch\u00fcttungen\" \/>\n<meta name=\"twitter:description\" content=\"Nutzen Sie den weltweiten Dividendendatenservice, um aktuelle und detaillierte Informationen \u00fcber alle neuen Dividendenank\u00fcndigungen sowie Aktualisierungen bestehender Datens\u00e4tze zu erhalten. Der Service deckt weltweite Aktien und mehr als 29.000 US-Investmentfonds ab. Unser weltweiter Dividendendatenservice bietet Ihnen Zugang zu weltweiten Dividendenank\u00fcndigungen von mehr als 150 B\u00f6rsen, detaillierte Informationen zu Bar- und Aktiendividenden, einschlie\u00dflich Aufzeichnungs-, Zahlungs- und Ex-Datum. Brutto- und Nettobetr\u00e4ge, Angaben zu allen W\u00e4hrungen, in denen eine Dividende gezahlt werden kann, und die M\u00f6glichkeit, mit der wachsenden Zahl von Aussch\u00fcttungen mit komplexeren Profilen Schritt zu halten.\" \/>\n<meta name=\"twitter:image\" content=\"https:\/\/www.exchange-data.com\/wp-content\/uploads\/2015\/09\/EDI-Post-Featured-Image-700x400-1.png\" \/>\n<meta name=\"twitter:site\" content=\"@ExchangeData\" \/>\n<meta name=\"twitter:label1\" content=\"Gesch\u00e4tzte Lesezeit\" \/>\n\t<meta name=\"twitter:data1\" content=\"1\u00a0Minute\" \/>\n<script type=\"application\/ld+json\" class=\"yoast-schema-graph\">{\"@context\":\"https:\\\/\\\/schema.org\",\"@graph\":[{\"@type\":\"WebPage\",\"@id\":\"https:\\\/\\\/www.exchange-data.com\\\/de\\\/produkt\\\/weltweite-ausschuettungen\\\/\",\"url\":\"https:\\\/\\\/www.exchange-data.com\\\/de\\\/produkt\\\/weltweite-ausschuettungen\\\/\",\"name\":\"Globale Dividenden-Daten \u2013 Aktuelle Aussch\u00fcttungen weltweit im Blick | Exchange Data International\",\"isPartOf\":{\"@id\":\"https:\\\/\\\/www.exchange-data.com\\\/de\\\/#website\"},\"primaryImageOfPage\":{\"@id\":\"https:\\\/\\\/www.exchange-data.com\\\/de\\\/produkt\\\/weltweite-ausschuettungen\\\/#primaryimage\"},\"image\":{\"@id\":\"https:\\\/\\\/www.exchange-data.com\\\/de\\\/produkt\\\/weltweite-ausschuettungen\\\/#primaryimage\"},\"thumbnailUrl\":\"https:\\\/\\\/www.exchange-data.com\\\/wp-content\\\/uploads\\\/2015\\\/09\\\/EDI-Post-Featured-Image-700x400-1.png\",\"datePublished\":\"2019-03-31T17:39:28+00:00\",\"dateModified\":\"2025-08-08T11:46:25+00:00\",\"description\":\"Erhalten Sie umfassende Globale Dividenden-Daten \u2013 inklusive Ank\u00fcndigungen, Ex-Dates und Aussch\u00fcttungsbetr\u00e4gen f\u00fcr Aktien und Fonds weltweit.\",\"breadcrumb\":{\"@id\":\"https:\\\/\\\/www.exchange-data.com\\\/de\\\/produkt\\\/weltweite-ausschuettungen\\\/#breadcrumb\"},\"inLanguage\":\"de\",\"potentialAction\":[{\"@type\":\"ReadAction\",\"target\":[\"https:\\\/\\\/www.exchange-data.com\\\/de\\\/produkt\\\/weltweite-ausschuettungen\\\/\"]}]},{\"@type\":\"ImageObject\",\"inLanguage\":\"de\",\"@id\":\"https:\\\/\\\/www.exchange-data.com\\\/de\\\/produkt\\\/weltweite-ausschuettungen\\\/#primaryimage\",\"url\":\"https:\\\/\\\/www.exchange-data.com\\\/wp-content\\\/uploads\\\/2015\\\/09\\\/EDI-Post-Featured-Image-700x400-1.png\",\"contentUrl\":\"https:\\\/\\\/www.exchange-data.com\\\/wp-content\\\/uploads\\\/2015\\\/09\\\/EDI-Post-Featured-Image-700x400-1.png\",\"width\":700,\"height\":400,\"caption\":\"Exchange Data International\"},{\"@type\":\"BreadcrumbList\",\"@id\":\"https:\\\/\\\/www.exchange-data.com\\\/de\\\/produkt\\\/weltweite-ausschuettungen\\\/#breadcrumb\",\"itemListElement\":[{\"@type\":\"ListItem\",\"position\":1,\"name\":\"Home\",\"item\":\"https:\\\/\\\/www.exchange-data.com\\\/de\\\/startseite\\\/\"},{\"@type\":\"ListItem\",\"position\":2,\"name\":\"Weltweite Dividenden\"}]},{\"@type\":\"WebSite\",\"@id\":\"https:\\\/\\\/www.exchange-data.com\\\/de\\\/#website\",\"url\":\"https:\\\/\\\/www.exchange-data.com\\\/de\\\/\",\"name\":\"Exchange Data International\",\"description\":\"Doing data differently\",\"publisher\":{\"@id\":\"https:\\\/\\\/www.exchange-data.com\\\/de\\\/#organization\"},\"potentialAction\":[{\"@type\":\"SearchAction\",\"target\":{\"@type\":\"EntryPoint\",\"urlTemplate\":\"https:\\\/\\\/www.exchange-data.com\\\/de\\\/?s={search_term_string}\"},\"query-input\":{\"@type\":\"PropertyValueSpecification\",\"valueRequired\":true,\"valueName\":\"search_term_string\"}}],\"inLanguage\":\"de\"},{\"@type\":\"Organization\",\"@id\":\"https:\\\/\\\/www.exchange-data.com\\\/de\\\/#organization\",\"name\":\"Exchange Data International\",\"url\":\"https:\\\/\\\/www.exchange-data.com\\\/de\\\/\",\"logo\":{\"@type\":\"ImageObject\",\"inLanguage\":\"de\",\"@id\":\"https:\\\/\\\/www.exchange-data.com\\\/de\\\/#\\\/schema\\\/logo\\\/image\\\/\",\"url\":\"https:\\\/\\\/www.exchange-data.com\\\/wp-content\\\/uploads\\\/2019\\\/03\\\/logo3.png\",\"contentUrl\":\"https:\\\/\\\/www.exchange-data.com\\\/wp-content\\\/uploads\\\/2019\\\/03\\\/logo3.png\",\"width\":200,\"height\":80,\"caption\":\"Exchange Data International\"},\"image\":{\"@id\":\"https:\\\/\\\/www.exchange-data.com\\\/de\\\/#\\\/schema\\\/logo\\\/image\\\/\"},\"sameAs\":[\"https:\\\/\\\/x.com\\\/ExchangeData\",\"https:\\\/\\\/www.linkedin.com\\\/company\\\/exchange-data-international\\\/?viewAsMember=true\",\"https:\\\/\\\/www.youtube.com\\\/channel\\\/UC5D1OpUb22YZANRLD_Ktcgg?view_as=subscriber\"]}]}<\/script>\n<!-- \/ Yoast SEO Premium plugin. -->","yoast_head_json":{"title":"Globale Dividenden-Daten \u2013 Aktuelle Aussch\u00fcttungen weltweit im Blick | Exchange Data International","description":"Erhalten Sie umfassende Globale Dividenden-Daten \u2013 inklusive Ank\u00fcndigungen, Ex-Dates und Aussch\u00fcttungsbetr\u00e4gen f\u00fcr Aktien und Fonds weltweit.","robots":{"index":"index","follow":"follow","max-snippet":"max-snippet:-1","max-image-preview":"max-image-preview:large","max-video-preview":"max-video-preview:-1"},"canonical":"https:\/\/www.exchange-data.com\/de\/produkt\/weltweite-ausschuettungen\/","og_locale":"de_DE","og_type":"article","og_title":"Weltweite Aussch\u00fcttungen","og_description":"Nutzen Sie den weltweiten Dividendendatenservice, um aktuelle und detaillierte Informationen \u00fcber alle neuen Dividendenank\u00fcndigungen sowie Aktualisierungen bestehender Datens\u00e4tze zu erhalten. Der Service deckt weltweite Aktien und mehr als 29.000 US-Investmentfonds ab. Unser weltweiter Dividendendatenservice bietet Ihnen Zugang zu weltweiten Dividendenank\u00fcndigungen von mehr als 150 B\u00f6rsen, detaillierte Informationen zu Bar- und Aktiendividenden, einschlie\u00dflich Aufzeichnungs-, Zahlungs- und Ex-Datum. Brutto- und Nettobetr\u00e4ge, Angaben zu allen W\u00e4hrungen, in denen eine Dividende gezahlt werden kann, und die M\u00f6glichkeit, mit der wachsenden Zahl von Aussch\u00fcttungen mit komplexeren Profilen Schritt zu halten.","og_url":"https:\/\/www.exchange-data.com\/de\/produkt\/weltweite-ausschuettungen\/","og_site_name":"Exchange Data International","article_modified_time":"2025-08-08T11:46:25+00:00","og_image":[{"url":"https:\/\/www.exchange-data.com\/wp-content\/uploads\/2015\/09\/EDI-Post-Featured-Image-700x400-1.png","type":"","width":"","height":""}],"twitter_card":"summary_large_image","twitter_title":"Weltweite Aussch\u00fcttungen","twitter_description":"Nutzen Sie den weltweiten Dividendendatenservice, um aktuelle und detaillierte Informationen \u00fcber alle neuen Dividendenank\u00fcndigungen sowie Aktualisierungen bestehender Datens\u00e4tze zu erhalten. Der Service deckt weltweite Aktien und mehr als 29.000 US-Investmentfonds ab. Unser weltweiter Dividendendatenservice bietet Ihnen Zugang zu weltweiten Dividendenank\u00fcndigungen von mehr als 150 B\u00f6rsen, detaillierte Informationen zu Bar- und Aktiendividenden, einschlie\u00dflich Aufzeichnungs-, Zahlungs- und Ex-Datum. Brutto- und Nettobetr\u00e4ge, Angaben zu allen W\u00e4hrungen, in denen eine Dividende gezahlt werden kann, und die M\u00f6glichkeit, mit der wachsenden Zahl von Aussch\u00fcttungen mit komplexeren Profilen Schritt zu halten.","twitter_image":"https:\/\/www.exchange-data.com\/wp-content\/uploads\/2015\/09\/EDI-Post-Featured-Image-700x400-1.png","twitter_site":"@ExchangeData","twitter_misc":{"Gesch\u00e4tzte Lesezeit":"1\u00a0Minute"},"schema":{"@context":"https:\/\/schema.org","@graph":[{"@type":"WebPage","@id":"https:\/\/www.exchange-data.com\/de\/produkt\/weltweite-ausschuettungen\/","url":"https:\/\/www.exchange-data.com\/de\/produkt\/weltweite-ausschuettungen\/","name":"Globale Dividenden-Daten \u2013 Aktuelle Aussch\u00fcttungen weltweit im Blick | Exchange Data International","isPartOf":{"@id":"https:\/\/www.exchange-data.com\/de\/#website"},"primaryImageOfPage":{"@id":"https:\/\/www.exchange-data.com\/de\/produkt\/weltweite-ausschuettungen\/#primaryimage"},"image":{"@id":"https:\/\/www.exchange-data.com\/de\/produkt\/weltweite-ausschuettungen\/#primaryimage"},"thumbnailUrl":"https:\/\/www.exchange-data.com\/wp-content\/uploads\/2015\/09\/EDI-Post-Featured-Image-700x400-1.png","datePublished":"2019-03-31T17:39:28+00:00","dateModified":"2025-08-08T11:46:25+00:00","description":"Erhalten Sie umfassende Globale Dividenden-Daten \u2013 inklusive Ank\u00fcndigungen, Ex-Dates und Aussch\u00fcttungsbetr\u00e4gen f\u00fcr Aktien und Fonds weltweit.","breadcrumb":{"@id":"https:\/\/www.exchange-data.com\/de\/produkt\/weltweite-ausschuettungen\/#breadcrumb"},"inLanguage":"de","potentialAction":[{"@type":"ReadAction","target":["https:\/\/www.exchange-data.com\/de\/produkt\/weltweite-ausschuettungen\/"]}]},{"@type":"ImageObject","inLanguage":"de","@id":"https:\/\/www.exchange-data.com\/de\/produkt\/weltweite-ausschuettungen\/#primaryimage","url":"https:\/\/www.exchange-data.com\/wp-content\/uploads\/2015\/09\/EDI-Post-Featured-Image-700x400-1.png","contentUrl":"https:\/\/www.exchange-data.com\/wp-content\/uploads\/2015\/09\/EDI-Post-Featured-Image-700x400-1.png","width":700,"height":400,"caption":"Exchange Data International"},{"@type":"BreadcrumbList","@id":"https:\/\/www.exchange-data.com\/de\/produkt\/weltweite-ausschuettungen\/#breadcrumb","itemListElement":[{"@type":"ListItem","position":1,"name":"Home","item":"https:\/\/www.exchange-data.com\/de\/startseite\/"},{"@type":"ListItem","position":2,"name":"Weltweite Dividenden"}]},{"@type":"WebSite","@id":"https:\/\/www.exchange-data.com\/de\/#website","url":"https:\/\/www.exchange-data.com\/de\/","name":"Exchange Data International","description":"Doing data differently","publisher":{"@id":"https:\/\/www.exchange-data.com\/de\/#organization"},"potentialAction":[{"@type":"SearchAction","target":{"@type":"EntryPoint","urlTemplate":"https:\/\/www.exchange-data.com\/de\/?s={search_term_string}"},"query-input":{"@type":"PropertyValueSpecification","valueRequired":true,"valueName":"search_term_string"}}],"inLanguage":"de"},{"@type":"Organization","@id":"https:\/\/www.exchange-data.com\/de\/#organization","name":"Exchange Data International","url":"https:\/\/www.exchange-data.com\/de\/","logo":{"@type":"ImageObject","inLanguage":"de","@id":"https:\/\/www.exchange-data.com\/de\/#\/schema\/logo\/image\/","url":"https:\/\/www.exchange-data.com\/wp-content\/uploads\/2019\/03\/logo3.png","contentUrl":"https:\/\/www.exchange-data.com\/wp-content\/uploads\/2019\/03\/logo3.png","width":200,"height":80,"caption":"Exchange Data International"},"image":{"@id":"https:\/\/www.exchange-data.com\/de\/#\/schema\/logo\/image\/"},"sameAs":["https:\/\/x.com\/ExchangeData","https:\/\/www.linkedin.com\/company\/exchange-data-international\/?viewAsMember=true","https:\/\/www.youtube.com\/channel\/UC5D1OpUb22YZANRLD_Ktcgg?view_as=subscriber"]}]}},"_links":{"self":[{"href":"https:\/\/www.exchange-data.com\/de\/wp-json\/wp\/v2\/product\/35687","targetHints":{"allow":["GET"]}}],"collection":[{"href":"https:\/\/www.exchange-data.com\/de\/wp-json\/wp\/v2\/product"}],"about":[{"href":"https:\/\/www.exchange-data.com\/de\/wp-json\/wp\/v2\/types\/product"}],"wp:featuredmedia":[{"embeddable":true,"href":"https:\/\/www.exchange-data.com\/de\/wp-json\/wp\/v2\/media\/34153"}],"wp:attachment":[{"href":"https:\/\/www.exchange-data.com\/de\/wp-json\/wp\/v2\/media?parent=35687"}],"wp:term":[{"taxonomy":"country","embeddable":true,"href":"https:\/\/www.exchange-data.com\/de\/wp-json\/wp\/v2\/country?post=35687"},{"taxonomy":"product_category","embeddable":true,"href":"https:\/\/www.exchange-data.com\/de\/wp-json\/wp\/v2\/product_category?post=35687"}],"curies":[{"name":"wp","href":"https:\/\/api.w.org\/{rel}","templated":true}]}}