{"id":35688,"date":"2019-04-02T10:37:37","date_gmt":"2019-04-02T09:37:37","guid":{"rendered":"https:\/\/www.exchange-data.com\/product\/weltweite-equity-corporate-actions\/"},"modified":"2025-08-08T12:41:36","modified_gmt":"2025-08-08T11:41:36","slug":"weltweite-equity-corporate-actions","status":"publish","type":"product","link":"https:\/\/www.exchange-data.com\/de\/produkt\/weltweite-equity-corporate-actions\/","title":{"rendered":"Weltweite Aktienbezogene Kapitalma\u00dfnahmen"},"content":{"rendered":"<p><a href=\"https:\/\/www.exchange-data.com\/exchange-data-international-awarded-best-corporate-actions-provider\/\"><img loading=\"lazy\" decoding=\"async\" class=\" alignnone size-medium wp-image-31686\" src=\"https:\/\/www.exchange-data.com\/wp-content\/uploads\/2019\/04\/EDI-wins-DMI-award-for-third-consecutive-year-3.png\" alt=\"Banner hebt hervor, dass EDI bereits das dritte Jahr in Folge den DMI-Preis erh\u00e4lt.\" width=\"700\" height=\"100\"><\/a><\/p>\n<h2>Effizientes Management von Kapitalma\u00dfnahmen-Daten<\/h2>\n<p>&nbsp;<\/p>\n<p><span style=\"font-weight: 400;\">In der heutigen datengetriebenen Finanzwelt kann das Management der stetig wachsenden Kapitalma\u00dfnahmen-Datenflut schnell zur Herausforderung werden. Mit Exchange Data International (EDI) an Ihrer Seite optimieren Sie nicht nur diesen Prozess, sondern verwandeln ihn in einen strategischen Wettbewerbsvorteil. <\/span><\/p>\n<h3>Unser Angebot:<\/h3>\n<p>&nbsp;<\/p>\n<ul>\n<li><span style=\"font-weight: 400;\"><strong>Weltweite Abdeckung: <\/strong>Greifen Sie auf Kapitalma\u00dfnahmen-Daten von \u00fcber 150 B\u00f6rsen weltweit sowie auf Informationen zu mehr als 31.000 US-Mutual Funds zu.<\/span><\/li>\n<li><span style=\"font-weight: 400;\"><strong>Detaillierte Einblicke: <\/strong>Erhalten Sie fundierte Ank\u00fcndigungen zu verschiedenen Ereignistypen \u2013 darunter Dividenden, \u00dcbernahmen und Aktiensplits.<\/span><\/li>\n<\/ul>\n<h4>Schnellere Entscheidungen treffen<\/h4>\n<p align=\"justify\"><span style=\"font-weight: 400;\">Behalten Sie Kapitalma\u00dfnahmen im Blick, die Entscheidungen Ihrer Kunden oder Ihres Unternehmens beeinflussen k\u00f6nnten. Mit unserem Datenservice f\u00fcr Globale Kapitalma\u00dfnahmen profitieren Sie von: <\/span><\/p>\n<ul>\n<li><span style=\"font-weight: 400;\"><strong>Individuell anpassbaren Daten: <\/strong>Filtern Sie gezielt nach Region, Finanzinstrument oder Ereignisart \u2013 exakt abgestimmt auf Ihre Anforderungen.<\/span><\/li>\n<li><span style=\"font-weight: 400;\"><strong>Verbesserte Datenverifizierung: <\/strong>Gleichen Sie Ihre Datens\u00e4tze effizient mit Hilfe unserer vier globalen Finanzinstrumentenkennungen ab.<\/span><\/li>\n<\/ul>\n<p><a href=\"https:\/\/www.exchange-data.com\/de\/akademische-einrichtungen\/\"><img loading=\"lazy\" decoding=\"async\" class=\"alignleft size-full wp-image-33544\" src=\"https:\/\/www.exchange-data.com\/wp-content\/uploads\/2019\/01\/Banner-Option-4.png\" alt=\"\" width=\"700\" height=\"100\" srcset=\"https:\/\/www.exchange-data.com\/wp-content\/uploads\/2019\/01\/Banner-Option-4.png 700w, https:\/\/www.exchange-data.com\/wp-content\/uploads\/2019\/01\/Banner-Option-4-300x43.png 300w, https:\/\/www.exchange-data.com\/wp-content\/uploads\/2019\/01\/Banner-Option-4-100x14.png 100w\" sizes=\"auto, (max-width: 700px) 100vw, 700px\" \/><\/a><br \/>\n&nbsp;<br \/>\n&nbsp;<\/p>\n<h5>Kapitalma\u00dfnahmen-Alert-Dateien<\/h5>\n<p><span style=\"font-weight: 400;\">Wir kennen die Herausforderungen der Finanzdienstleistungsbranche. Daher bieten wir Ihnen individuell konfigurierbare Alert-Dateien zu bevorstehenden Stichtagen und Ex-Termine. <\/span><\/p>\n<p><strong>Ihre Vorteile:<\/strong><\/p>\n<ul>\n<li><span style=\"font-weight: 400;\"><strong>Jedes Feld anfordern: <\/strong>Zugriff auf Ex-Date, Record Date, Pay Date, Effective Date und alle weiteren Felder aus dem EDI-Kapitalma\u00dfnahmen-Feed.<\/span><\/li>\n<li><span style=\"font-weight: 400;\"><strong>Flexibler Zeitraum: <\/strong>Alerts bis zu 30 Tage im Voraus \u2013 so sind Sie immer rechtzeitig informiert.<\/span><\/li>\n<li><span style=\"font-weight: 400;\"><strong>P\u00fcnktliche Erinnerungen: <\/strong>Mehrfache Benachrichtigungen, bevor Termine in Kraft treten \u2013 damit Sie nichts verpassen.<\/span><\/li>\n<\/ul>\n<h6>Datenverf\u00fcgbarkeit<\/h6>\n<p><span style=\"font-weight: 400;\">Bei EDI hat die zeitnahe Bereitstellung von Daten oberste Priorit\u00e4t. Unsere Securities Reference Files und Equity Corporate Actions Files werden t\u00e4glich viermal aktualisiert \u2013 und zwar zu folgenden Zeiten (Zeitzone GMT):  <\/span><\/p>\n<ul>\n<li><span style=\"font-weight: 400;\">0 Inkrement &#8212; zwischen 04.00 und 05.00<\/span><\/li>\n<li><span style=\"font-weight: 400;\">1 Inkrement &#8211; zwischen 09.00 und 10.00 Uhr<\/span><\/li>\n<li><span style=\"font-weight: 400;\">2 Inkrement &#8211; zwischen 14.00 und 15.00 Uhr<\/span><\/li>\n<li><span style=\"font-weight: 400;\">3 Inkrement &#8211; zwischen 19.00 und 20.00 Uhr<\/span><\/li>\n<\/ul>\n<p><span style=\"font-weight: 400;\">Nutzen Sie unsere zuverl\u00e4ssigen und umfassenden L\u00f6sungen, um Ihre Globale Kapitalma\u00dfnahmen-Daten aktiv zu steuern. Treffen Sie fundierte Entscheidungen, reduzieren Sie operationelle Risiken und verschaffen Sie sich einen Vorsprung im Finanzsektor. <\/span><\/p>\n<p>&nbsp;<\/p>\n","protected":false},"featured_media":34153,"template":"","country":[2368,1985,2108,2081,1936,2035,2188,2013,1933,2106,2031,2087,2112,2113,2021,2022,1971,1897,2016,2017,2362,1997,1991,1992,2027,1882,2039,1951,1952,2283,2025,2026,1896,1927,1928,2103,2086,2003,1964,1862,2036,1981,1982,1983,2275,2057,1999,2085,2046,1961,2023,1923,1980,1957,1958,1868,1885,2079,1883,1884,2074,1908,1912,1978,1972,1977,2052,1942,2044,2045,1904,1905,2377,2114,2020,2028,1956,2005,2187,2070,1949,2072,2176,2258,2069,2018,1858,1879,1880,2012,1975,1944,1945,2065,2094,1860,1968,1993,2364,2365,1994,1861,2010,2002,2096,2097,2371,2100,1925,1926,1955,2062,2229,2056,1855,1854,1988,2090,2091,1909,2007,1935,1973,1974,1863,2282,1875,2222,2064,1876,1959,1960,1937,1938,2078,2077,2058,1996,2049,2000,1866,1970,1954,2092,2093,1965,1966,1891,1889,1890,1920,1921,1871,1872,1940,1870,2204,1878,1877,1852,1853,2084,1930,2076,2009,2098,1864,2014,2015,2059,2115,2001,2109,1979,2073,2011,1987,1886,1906,1934,2107,2040,2041,2019,1932,1856,2200,2037,2038,2024,1900,2066,1888,1939,1857,2008,1901,1922,2050,2051,2053,2054,1892,1893,2343,2048,2071,2060,2004,2075,1894,1895,1943,1989,1963,1929,2186,2110,2111,1962,1873,1874,1881,2029,2030,2361,1931,2363,1924,2104,2105,1995,2102,1865,2006,1950,1869,1948,2366,1867,2331,2088,1941,2068,2089,1986,1918,1907,1903,1902,2095,1911,2370,2101,2063,2067,2047,1910,1984,2043,2042,1990,2083,2082,2055,2033,2034,2192,2249,1898,1899,1976,1969,1887,2180,2152,2369,2185,1998,2032,1967,2061,1859,2099,2080,1953,1946,1947],"product_category":[3191,3167],"class_list":["post-35688","product","type-product","status-publish","has-post-thumbnail","hentry","product_category-equity-corporate-actions","product_category-produkte-und-services"],"acf":[],"yoast_head":"<!-- This site is optimized with the Yoast SEO Premium plugin v26.0 (Yoast SEO v26.0) - https:\/\/yoast.com\/wordpress\/plugins\/seo\/ -->\n<title>Globale Kapitalma\u00dfnahmen effizient verwalten \u2013 EDI L\u00f6sungen f\u00fcr Finanzprofis | Exchange Data International<\/title>\n<meta name=\"description\" content=\"Optimieren Sie das Management Ihrer globalen Kapitalma\u00dfnahmen mit EDI \u2013 umfassende Daten, flexible Alerts &amp; tagesaktuelle Updates f\u00fcr fundierte Finanzentscheidungen.\" \/>\n<meta name=\"robots\" content=\"index, follow, max-snippet:-1, max-image-preview:large, max-video-preview:-1\" \/>\n<link rel=\"canonical\" href=\"https:\/\/www.exchange-data.com\/de\/produkt\/weltweite-equity-corporate-actions\/\" \/>\n<meta property=\"og:locale\" content=\"de_DE\" \/>\n<meta property=\"og:type\" content=\"article\" \/>\n<meta property=\"og:title\" content=\"Weltweite Equity Corporate Actions\" \/>\n<meta property=\"og:description\" content=\"Beherrschen Sie die Risiken und Kosten, die mit der schieren Menge der t\u00e4glich anfallenden Corporate Actions-Daten verbunden sind. Greifen Sie direkt auf Daten zu Kapitalma\u00dfnahmen zu und erhalten Sie umfassende Informationen zu allen Kapitalma\u00dfnahmen, die sich auf globale Aktien von \u00fcber 150 B\u00f6rsen weltweit auswirken, sowie Daten f\u00fcr mehr als 31.000 US-Investmentfonds, detaillierte Ank\u00fcndigungen zu vielen Ereignistypen, einschlie\u00dflich Dividenden, \u00dcbernahmen und Aktiensplits, so dass Sie effizient den \u00dcberblick \u00fcber Kapitalma\u00dfnahmen behalten k\u00f6nnen, die sich auf die Entscheidungsfindung Ihrer Kunden oder Ihre eigene auswirken k\u00f6nnen.\" \/>\n<meta property=\"og:url\" content=\"https:\/\/www.exchange-data.com\/de\/produkt\/weltweite-equity-corporate-actions\/\" \/>\n<meta property=\"og:site_name\" content=\"Exchange Data International\" \/>\n<meta property=\"article:modified_time\" content=\"2025-08-08T11:41:36+00:00\" \/>\n<meta property=\"og:image\" content=\"https:\/\/www.exchange-data.com\/wp-content\/uploads\/2015\/09\/EDI-Post-Featured-Image-700x400-1.png\" \/>\n<meta name=\"twitter:card\" content=\"summary_large_image\" \/>\n<meta name=\"twitter:title\" content=\"Weltweite Equity Corporate Actions\" \/>\n<meta name=\"twitter:description\" content=\"Beherrschen Sie die Risiken und Kosten, die mit der schieren Menge der t\u00e4glich anfallenden Corporate Actions-Daten verbunden sind. Greifen Sie direkt auf Daten zu Kapitalma\u00dfnahmen zu und erhalten Sie umfassende Informationen zu allen Kapitalma\u00dfnahmen, die sich auf globale Aktien von \u00fcber 150 B\u00f6rsen weltweit auswirken, sowie Daten f\u00fcr mehr als 31.000 US-Investmentfonds, detaillierte Ank\u00fcndigungen zu vielen Ereignistypen, einschlie\u00dflich Dividenden, \u00dcbernahmen und Aktiensplits, so dass Sie effizient den \u00dcberblick \u00fcber Kapitalma\u00dfnahmen behalten k\u00f6nnen, die sich auf die Entscheidungsfindung Ihrer Kunden oder Ihre eigene auswirken k\u00f6nnen.\" \/>\n<meta name=\"twitter:image\" content=\"https:\/\/www.exchange-data.com\/wp-content\/uploads\/2015\/09\/EDI-Post-Featured-Image-700x400-1.png\" \/>\n<meta name=\"twitter:site\" content=\"@ExchangeData\" \/>\n<meta name=\"twitter:label1\" content=\"Gesch\u00e4tzte Lesezeit\" \/>\n\t<meta name=\"twitter:data1\" content=\"3\u00a0Minuten\" \/>\n<script type=\"application\/ld+json\" class=\"yoast-schema-graph\">{\"@context\":\"https:\/\/schema.org\",\"@graph\":[{\"@type\":\"WebPage\",\"@id\":\"https:\/\/www.exchange-data.com\/de\/produkt\/weltweite-equity-corporate-actions\/\",\"url\":\"https:\/\/www.exchange-data.com\/de\/produkt\/weltweite-equity-corporate-actions\/\",\"name\":\"Globale Kapitalma\u00dfnahmen effizient verwalten \u2013 EDI L\u00f6sungen f\u00fcr Finanzprofis | Exchange Data International\",\"isPartOf\":{\"@id\":\"https:\/\/www.exchange-data.com\/de\/#website\"},\"primaryImageOfPage\":{\"@id\":\"https:\/\/www.exchange-data.com\/de\/produkt\/weltweite-equity-corporate-actions\/#primaryimage\"},\"image\":{\"@id\":\"https:\/\/www.exchange-data.com\/de\/produkt\/weltweite-equity-corporate-actions\/#primaryimage\"},\"thumbnailUrl\":\"https:\/\/www.exchange-data.com\/wp-content\/uploads\/2015\/09\/EDI-Post-Featured-Image-700x400-1.png\",\"datePublished\":\"2019-04-02T09:37:37+00:00\",\"dateModified\":\"2025-08-08T11:41:36+00:00\",\"description\":\"Optimieren Sie das Management Ihrer globalen Kapitalma\u00dfnahmen mit EDI \u2013 umfassende Daten, flexible Alerts & tagesaktuelle Updates f\u00fcr fundierte Finanzentscheidungen.\",\"breadcrumb\":{\"@id\":\"https:\/\/www.exchange-data.com\/de\/produkt\/weltweite-equity-corporate-actions\/#breadcrumb\"},\"inLanguage\":\"de\",\"potentialAction\":[{\"@type\":\"ReadAction\",\"target\":[\"https:\/\/www.exchange-data.com\/de\/produkt\/weltweite-equity-corporate-actions\/\"]}]},{\"@type\":\"ImageObject\",\"inLanguage\":\"de\",\"@id\":\"https:\/\/www.exchange-data.com\/de\/produkt\/weltweite-equity-corporate-actions\/#primaryimage\",\"url\":\"https:\/\/www.exchange-data.com\/wp-content\/uploads\/2015\/09\/EDI-Post-Featured-Image-700x400-1.png\",\"contentUrl\":\"https:\/\/www.exchange-data.com\/wp-content\/uploads\/2015\/09\/EDI-Post-Featured-Image-700x400-1.png\",\"width\":700,\"height\":400,\"caption\":\"Exchange Data International\"},{\"@type\":\"BreadcrumbList\",\"@id\":\"https:\/\/www.exchange-data.com\/de\/produkt\/weltweite-equity-corporate-actions\/#breadcrumb\",\"itemListElement\":[{\"@type\":\"ListItem\",\"position\":1,\"name\":\"Home\",\"item\":\"https:\/\/www.exchange-data.com\/de\/startseite\/\"},{\"@type\":\"ListItem\",\"position\":2,\"name\":\"Weltweite Aktienbezogene Kapitalma\u00dfnahmen\"}]},{\"@type\":\"WebSite\",\"@id\":\"https:\/\/www.exchange-data.com\/de\/#website\",\"url\":\"https:\/\/www.exchange-data.com\/de\/\",\"name\":\"Exchange Data International\",\"description\":\"Doing data differently\",\"publisher\":{\"@id\":\"https:\/\/www.exchange-data.com\/de\/#organization\"},\"potentialAction\":[{\"@type\":\"SearchAction\",\"target\":{\"@type\":\"EntryPoint\",\"urlTemplate\":\"https:\/\/www.exchange-data.com\/de\/?s={search_term_string}\"},\"query-input\":{\"@type\":\"PropertyValueSpecification\",\"valueRequired\":true,\"valueName\":\"search_term_string\"}}],\"inLanguage\":\"de\"},{\"@type\":\"Organization\",\"@id\":\"https:\/\/www.exchange-data.com\/de\/#organization\",\"name\":\"Exchange Data International\",\"url\":\"https:\/\/www.exchange-data.com\/de\/\",\"logo\":{\"@type\":\"ImageObject\",\"inLanguage\":\"de\",\"@id\":\"https:\/\/www.exchange-data.com\/de\/#\/schema\/logo\/image\/\",\"url\":\"https:\/\/www.exchange-data.com\/wp-content\/uploads\/2019\/03\/logo3.png\",\"contentUrl\":\"https:\/\/www.exchange-data.com\/wp-content\/uploads\/2019\/03\/logo3.png\",\"width\":200,\"height\":80,\"caption\":\"Exchange Data International\"},\"image\":{\"@id\":\"https:\/\/www.exchange-data.com\/de\/#\/schema\/logo\/image\/\"},\"sameAs\":[\"https:\/\/x.com\/ExchangeData\",\"https:\/\/www.linkedin.com\/company\/exchange-data-international\/?viewAsMember=true\",\"https:\/\/www.youtube.com\/channel\/UC5D1OpUb22YZANRLD_Ktcgg?view_as=subscriber\"]}]}<\/script>\n<!-- \/ Yoast SEO Premium plugin. -->","yoast_head_json":{"title":"Globale Kapitalma\u00dfnahmen effizient verwalten \u2013 EDI L\u00f6sungen f\u00fcr Finanzprofis | Exchange Data International","description":"Optimieren Sie das Management Ihrer globalen Kapitalma\u00dfnahmen mit EDI \u2013 umfassende Daten, flexible Alerts & tagesaktuelle Updates f\u00fcr fundierte Finanzentscheidungen.","robots":{"index":"index","follow":"follow","max-snippet":"max-snippet:-1","max-image-preview":"max-image-preview:large","max-video-preview":"max-video-preview:-1"},"canonical":"https:\/\/www.exchange-data.com\/de\/produkt\/weltweite-equity-corporate-actions\/","og_locale":"de_DE","og_type":"article","og_title":"Weltweite Equity Corporate Actions","og_description":"Beherrschen Sie die Risiken und Kosten, die mit der schieren Menge der t\u00e4glich anfallenden Corporate Actions-Daten verbunden sind. Greifen Sie direkt auf Daten zu Kapitalma\u00dfnahmen zu und erhalten Sie umfassende Informationen zu allen Kapitalma\u00dfnahmen, die sich auf globale Aktien von \u00fcber 150 B\u00f6rsen weltweit auswirken, sowie Daten f\u00fcr mehr als 31.000 US-Investmentfonds, detaillierte Ank\u00fcndigungen zu vielen Ereignistypen, einschlie\u00dflich Dividenden, \u00dcbernahmen und Aktiensplits, so dass Sie effizient den \u00dcberblick \u00fcber Kapitalma\u00dfnahmen behalten k\u00f6nnen, die sich auf die Entscheidungsfindung Ihrer Kunden oder Ihre eigene auswirken k\u00f6nnen.","og_url":"https:\/\/www.exchange-data.com\/de\/produkt\/weltweite-equity-corporate-actions\/","og_site_name":"Exchange Data International","article_modified_time":"2025-08-08T11:41:36+00:00","og_image":[{"url":"https:\/\/www.exchange-data.com\/wp-content\/uploads\/2015\/09\/EDI-Post-Featured-Image-700x400-1.png","type":"","width":"","height":""}],"twitter_card":"summary_large_image","twitter_title":"Weltweite Equity Corporate Actions","twitter_description":"Beherrschen Sie die Risiken und Kosten, die mit der schieren Menge der t\u00e4glich anfallenden Corporate Actions-Daten verbunden sind. Greifen Sie direkt auf Daten zu Kapitalma\u00dfnahmen zu und erhalten Sie umfassende Informationen zu allen Kapitalma\u00dfnahmen, die sich auf globale Aktien von \u00fcber 150 B\u00f6rsen weltweit auswirken, sowie Daten f\u00fcr mehr als 31.000 US-Investmentfonds, detaillierte Ank\u00fcndigungen zu vielen Ereignistypen, einschlie\u00dflich Dividenden, \u00dcbernahmen und Aktiensplits, so dass Sie effizient den \u00dcberblick \u00fcber Kapitalma\u00dfnahmen behalten k\u00f6nnen, die sich auf die Entscheidungsfindung Ihrer Kunden oder Ihre eigene auswirken k\u00f6nnen.","twitter_image":"https:\/\/www.exchange-data.com\/wp-content\/uploads\/2015\/09\/EDI-Post-Featured-Image-700x400-1.png","twitter_site":"@ExchangeData","twitter_misc":{"Gesch\u00e4tzte Lesezeit":"3\u00a0Minuten"},"schema":{"@context":"https:\/\/schema.org","@graph":[{"@type":"WebPage","@id":"https:\/\/www.exchange-data.com\/de\/produkt\/weltweite-equity-corporate-actions\/","url":"https:\/\/www.exchange-data.com\/de\/produkt\/weltweite-equity-corporate-actions\/","name":"Globale Kapitalma\u00dfnahmen effizient verwalten \u2013 EDI L\u00f6sungen f\u00fcr Finanzprofis | Exchange Data International","isPartOf":{"@id":"https:\/\/www.exchange-data.com\/de\/#website"},"primaryImageOfPage":{"@id":"https:\/\/www.exchange-data.com\/de\/produkt\/weltweite-equity-corporate-actions\/#primaryimage"},"image":{"@id":"https:\/\/www.exchange-data.com\/de\/produkt\/weltweite-equity-corporate-actions\/#primaryimage"},"thumbnailUrl":"https:\/\/www.exchange-data.com\/wp-content\/uploads\/2015\/09\/EDI-Post-Featured-Image-700x400-1.png","datePublished":"2019-04-02T09:37:37+00:00","dateModified":"2025-08-08T11:41:36+00:00","description":"Optimieren Sie das Management Ihrer globalen Kapitalma\u00dfnahmen mit EDI \u2013 umfassende Daten, flexible Alerts & tagesaktuelle Updates f\u00fcr fundierte Finanzentscheidungen.","breadcrumb":{"@id":"https:\/\/www.exchange-data.com\/de\/produkt\/weltweite-equity-corporate-actions\/#breadcrumb"},"inLanguage":"de","potentialAction":[{"@type":"ReadAction","target":["https:\/\/www.exchange-data.com\/de\/produkt\/weltweite-equity-corporate-actions\/"]}]},{"@type":"ImageObject","inLanguage":"de","@id":"https:\/\/www.exchange-data.com\/de\/produkt\/weltweite-equity-corporate-actions\/#primaryimage","url":"https:\/\/www.exchange-data.com\/wp-content\/uploads\/2015\/09\/EDI-Post-Featured-Image-700x400-1.png","contentUrl":"https:\/\/www.exchange-data.com\/wp-content\/uploads\/2015\/09\/EDI-Post-Featured-Image-700x400-1.png","width":700,"height":400,"caption":"Exchange Data International"},{"@type":"BreadcrumbList","@id":"https:\/\/www.exchange-data.com\/de\/produkt\/weltweite-equity-corporate-actions\/#breadcrumb","itemListElement":[{"@type":"ListItem","position":1,"name":"Home","item":"https:\/\/www.exchange-data.com\/de\/startseite\/"},{"@type":"ListItem","position":2,"name":"Weltweite Aktienbezogene Kapitalma\u00dfnahmen"}]},{"@type":"WebSite","@id":"https:\/\/www.exchange-data.com\/de\/#website","url":"https:\/\/www.exchange-data.com\/de\/","name":"Exchange Data International","description":"Doing data differently","publisher":{"@id":"https:\/\/www.exchange-data.com\/de\/#organization"},"potentialAction":[{"@type":"SearchAction","target":{"@type":"EntryPoint","urlTemplate":"https:\/\/www.exchange-data.com\/de\/?s={search_term_string}"},"query-input":{"@type":"PropertyValueSpecification","valueRequired":true,"valueName":"search_term_string"}}],"inLanguage":"de"},{"@type":"Organization","@id":"https:\/\/www.exchange-data.com\/de\/#organization","name":"Exchange Data International","url":"https:\/\/www.exchange-data.com\/de\/","logo":{"@type":"ImageObject","inLanguage":"de","@id":"https:\/\/www.exchange-data.com\/de\/#\/schema\/logo\/image\/","url":"https:\/\/www.exchange-data.com\/wp-content\/uploads\/2019\/03\/logo3.png","contentUrl":"https:\/\/www.exchange-data.com\/wp-content\/uploads\/2019\/03\/logo3.png","width":200,"height":80,"caption":"Exchange Data International"},"image":{"@id":"https:\/\/www.exchange-data.com\/de\/#\/schema\/logo\/image\/"},"sameAs":["https:\/\/x.com\/ExchangeData","https:\/\/www.linkedin.com\/company\/exchange-data-international\/?viewAsMember=true","https:\/\/www.youtube.com\/channel\/UC5D1OpUb22YZANRLD_Ktcgg?view_as=subscriber"]}]}},"_links":{"self":[{"href":"https:\/\/www.exchange-data.com\/de\/wp-json\/wp\/v2\/product\/35688","targetHints":{"allow":["GET"]}}],"collection":[{"href":"https:\/\/www.exchange-data.com\/de\/wp-json\/wp\/v2\/product"}],"about":[{"href":"https:\/\/www.exchange-data.com\/de\/wp-json\/wp\/v2\/types\/product"}],"wp:featuredmedia":[{"embeddable":true,"href":"https:\/\/www.exchange-data.com\/de\/wp-json\/wp\/v2\/media\/34153"}],"wp:attachment":[{"href":"https:\/\/www.exchange-data.com\/de\/wp-json\/wp\/v2\/media?parent=35688"}],"wp:term":[{"taxonomy":"country","embeddable":true,"href":"https:\/\/www.exchange-data.com\/de\/wp-json\/wp\/v2\/country?post=35688"},{"taxonomy":"product_category","embeddable":true,"href":"https:\/\/www.exchange-data.com\/de\/wp-json\/wp\/v2\/product_category?post=35688"}],"curies":[{"name":"wp","href":"https:\/\/api.w.org\/{rel}","templated":true}]}}