{"id":35745,"date":"2019-03-30T20:37:07","date_gmt":"2019-03-30T19:37:07","guid":{"rendered":"https:\/\/www.exchange-data.com\/product\/wertpapier-referenzdatei\/"},"modified":"2025-08-14T12:03:38","modified_gmt":"2025-08-14T11:03:38","slug":"wertpapier-referenzdatei","status":"publish","type":"product","link":"https:\/\/www.exchange-data.com\/de\/produkt\/wertpapier-referenzdatei\/","title":{"rendered":"Wertpapier-Referenzdatei"},"content":{"rendered":"<p>&nbsp;<\/p>\n<h2>Optimierung Ihres Wertpapierstammdaten-Managements<\/h2>\n<p>&nbsp;<\/p>\n<p><span style=\"font-weight: 400;\">In der sich stetig wandelnden Finanzwelt sind Compliance und die Kontrolle operationeller Risiken entscheidend. Unsere umfassende L\u00f6sung f\u00fcr Wertpapierstammdaten unterst\u00fctzt Sie dabei, diesen Herausforderungen effektiv zu begegnen. Mit Zugriff auf sorgf\u00e4ltig gepflegte Daten zu \u00fcber 1.300.000 gelisteten und nicht gelisteten Finanzinstrumenten treffen Sie fundierte Entscheidungen f\u00fcr Ihren nachhaltigen Erfolg.  <\/span><\/p>\n<p align=\"justify\"><span style=\"font-weight: 400;\">Unsere Datenbank umfasst ein breites Spektrum an Finanzinstrumenten:<\/span><\/p>\n<p>&nbsp;<\/p>\n<table>\n<tbody>\n<tr>\n<td width=\"50%\">\n<ul>\n<li><span style=\"font-weight: 400;\">Zertifikate<\/span><\/li>\n<li><span style=\"font-weight: 400;\">Aktien<\/span><\/li>\n<li><span style=\"font-weight: 400;\">Exchange Traded Funds (ETFs)<\/span><\/li>\n<\/ul>\n<\/td>\n<td width=\"50%\">\n<ul>\n<li><span style=\"font-weight: 400;\">Schuldverschreibungen<\/span><\/li>\n<li><span style=\"font-weight: 400;\">Indizes<\/span><\/li>\n<li><span style=\"font-weight: 400;\">Investmentfonds<\/span><\/li>\n<li><span style=\"font-weight: 400;\">Optionsscheine<\/span><\/li>\n<\/ul>\n<\/td>\n<\/tr>\n<\/tbody>\n<\/table>\n<h3>Individuelle Datenauswahl<\/h3>\n<p align=\"justify\"><span style=\"font-weight: 400;\">Mit unserem leistungsstarken Suchwerkzeug k\u00f6nnen Sie gezielt Informationen aus \u00fcber 40 Datenfeldern ausw\u00e4hlen \u2013 darunter: <\/span><\/p>\n<p>&nbsp;<\/p>\n<table>\n<tbody>\n<tr>\n<td width=\"50%\">\n<ul>\n<li><span style=\"font-weight: 400;\">US Local Code<\/span><\/li>\n<li><span style=\"font-weight: 400;\">ISIN<\/span><\/li>\n<li><span style=\"font-weight: 400;\">SEDOL<sup><small>TM*<\/small><\/sup><\/span><\/li>\n<li><span style=\"font-weight: 400;\">Ticker<\/span><\/li>\n<li><span style=\"font-weight: 400;\">Emittentenname<\/span><\/li>\n<\/ul>\n<\/td>\n<td width=\"50%\">\n<ul>\n<li><span style=\"font-weight: 400;\">Registrierungsland<\/span><\/li>\n<li><span style=\"font-weight: 400;\">CFI-Code<\/span><\/li>\n<li><span style=\"font-weight: 400;\">Branchenklassifikation<\/span><\/li>\n<li><span style=\"font-weight: 400;\">Wertpapierklasse<\/span><\/li>\n<\/ul>\n<\/td>\n<\/tr>\n<\/tbody>\n<\/table>\n<p><span style=\"font-weight: 400;\">(*Eingetragenes Warenzeichen der London Stock Exchange)<\/span><\/p>\n<h4>Sichere Datenabgleiche mit FIGI<\/h4>\n<p><span style=\"font-weight: 400;\">Unsere Financial Instrument Global Identifiers (FIGIs) erm\u00f6glichen reibungslose Querverweise zu anderen Datenquellen. Dank der Bereitstellung in verschiedenen Formaten gew\u00e4hrleisten sie Konsistenz und Genauigkeit \u00fcber alle Systeme hinweg: <\/span><\/p>\n<ul>\n<li><span style=\"font-weight: 400;\">FIGI (Einzelwert)<\/span><\/li>\n<li><span style=\"font-weight: 400;\">FIGI Composite (mehrere Handelspl\u00e4tze)<\/span><\/li>\n<li><span style=\"font-weight: 400;\">FIGI mit Ticker + B\u00f6rsencode (Composite Level)<\/span><\/li>\n<li><span style=\"font-weight: 400;\">FIGI mit Ticker + B\u00f6rsencode (oder Exchange-Level)<\/span><\/li>\n<\/ul>\n<h4>Branchenklassifikation und Analyse<\/h4>\n<p align=\"justify\"><span style=\"font-weight: 400;\">Kombinieren Sie unsere Wertpapierstammdaten mit GICS-Codes, um pr\u00e4zise Portfoliostrategien umzusetzen, Sektoren zu analysieren und regionale sowie globale Trends zu erkennen. <\/span><\/p>\n<h4>Einfache Identifikatoren-Recherche<\/h4>\n<p><span style=\"font-weight: 400;\">Greifen Sie auf aktuelle Stammdaten zu gehandelten, kodierten und auslaufenden Wertpapieren der London Stock Exchange zu \u2013 inklusive Namens\u00e4nderungen, Neuzug\u00e4ngen und L\u00f6schungen. Halten Sie Ihre Portfolios m\u00fchelos aktuell. <\/span><\/p>\n<h5>Direkt von der London Stock Exchange<\/h5>\n<p><span style=\"font-weight: 400;\">Unsere Daten stammen direkt von der LSE und sind \u00fcber die benutzerfreundliche Plattform Codefile (CFW) zug\u00e4nglich. <\/span><\/p>\n<h6>Point in Time File (PIT)<\/h6>\n<p><span style=\"font-weight: 400;\">Der PIT_SRF-Feed von EDI bietet detaillierte historische Informationen zu \u00c4nderungen in der Wertpapierkodierung und weiteren Referenzpunkten seit Januar 2005 \u2013 jede \u00c4nderung ist datiert und r\u00fcckverfolgbar. <\/span><\/p>\n<p><strong>Mehr Kontext mit PIT_EVT<\/strong><\/p>\n<p><span style=\"font-weight: 400;\">Die PIT_EVT-Erweiterung integriert Ereignisse aus dem EDI-Kapitalma\u00dfnahmenservice und erkl\u00e4rt, warum \u00c4nderungen an den Stammdaten vorgenommen wurden. <\/span><\/p>\n<p><strong>POINT-IN-TIME-FEEDS:<\/strong><\/p>\n<ul>\n<li style=\"list-style-type: none;\">\n<ul>\n<li><span style=\"font-weight: 400;\"><strong>PIT_SRF<\/strong>: Zeitreihen zu \u00c4nderungen auf Listing-Ebene mit Start- und Enddatum<\/span><\/li>\n<li><span style=\"font-weight: 400;\"><strong>PIT_EVT:<\/strong> Kapitalma\u00dfnahmenereignisse, die \u00c4nderungen im PIT_SRF begr\u00fcnden <\/span><\/li>\n<\/ul>\n<\/li>\n<\/ul>\n<p><span style=\"font-weight: 400;\">Unsere L\u00f6sung f\u00fcr Wertpapierstammdaten liefert Ihnen Klarheit in einem komplexen Marktumfeld \u2013 f\u00fcr mehr Einblick, weniger Risiko und bessere Entscheidungen.  <\/span><\/p>\n","protected":false},"featured_media":34153,"template":"","country":[],"product_category":[3167,3166],"class_list":["post-35745","product","type-product","status-publish","has-post-thumbnail","hentry","product_category-produkte-und-services","product_category-referenzdaten-de-edi-products-services-de"],"acf":[],"yoast_head":"<!-- This site is optimized with the Yoast SEO Premium plugin v26.0 (Yoast SEO v26.0) - https:\/\/yoast.com\/wordpress\/plugins\/seo\/ -->\n<title>Wertpapier-Referenzdaten | Exchange Data International<\/title>\n<meta name=\"description\" content=\"Nutzen Sie hochwertige Wertpapierstammdaten f\u00fcr regulatorische Sicherheit, fundierte Analysen und effektives Portfolio-Management \u2013 mit Daten direkt von der London Stock Exchange.\" \/>\n<meta name=\"robots\" content=\"index, follow, max-snippet:-1, max-image-preview:large, max-video-preview:-1\" \/>\n<link rel=\"canonical\" href=\"https:\/\/www.exchange-data.com\/de\/produkt\/wertpapier-referenzdatei\/\" \/>\n<meta property=\"og:locale\" content=\"de_DE\" \/>\n<meta property=\"og:type\" content=\"article\" \/>\n<meta property=\"og:title\" content=\"Wertpapier-Referenzdatei\" \/>\n<meta property=\"og:description\" content=\"Verwalten Sie Compliance- und Betriebsrisiken mit hochwertigen Wertpapierreferenzdaten. Greifen Sie auf dynamisch aktualisierte und detaillierte Informationen zu \u00fcber 1.300.000 b\u00f6rsennotierten und nicht b\u00f6rsennotierten Wertpapieren zu, darunter Zertifikate, Aktien, b\u00f6rsengehandelte Fonds (ETFs), Schuldtitel, Indizes, Investmentfonds und Optionsscheine.\" \/>\n<meta property=\"og:url\" content=\"https:\/\/www.exchange-data.com\/de\/produkt\/wertpapier-referenzdatei\/\" \/>\n<meta property=\"og:site_name\" content=\"Exchange Data International\" \/>\n<meta property=\"article:modified_time\" content=\"2025-08-14T11:03:38+00:00\" \/>\n<meta property=\"og:image\" content=\"https:\/\/www.exchange-data.com\/wp-content\/uploads\/2015\/09\/EDI-Post-Featured-Image-700x400-1.png\" \/>\n<meta name=\"twitter:card\" content=\"summary_large_image\" \/>\n<meta name=\"twitter:title\" content=\"Wertpapier-Referenzdatei\" \/>\n<meta name=\"twitter:description\" content=\"Verwalten Sie Compliance- und Betriebsrisiken mit hochwertigen Wertpapierreferenzdaten. Greifen Sie auf dynamisch aktualisierte und detaillierte Informationen zu \u00fcber 1.300.000 b\u00f6rsennotierten und nicht b\u00f6rsennotierten Wertpapieren zu, darunter Zertifikate, Aktien, b\u00f6rsengehandelte Fonds (ETFs), Schuldtitel, Indizes, Investmentfonds und Optionsscheine.\" \/>\n<meta name=\"twitter:image\" content=\"https:\/\/www.exchange-data.com\/wp-content\/uploads\/2015\/09\/EDI-Post-Featured-Image-700x400-1.png\" \/>\n<meta name=\"twitter:site\" content=\"@ExchangeData\" \/>\n<meta name=\"twitter:label1\" content=\"Gesch\u00e4tzte Lesezeit\" \/>\n\t<meta name=\"twitter:data1\" content=\"2\u00a0Minuten\" \/>\n<script type=\"application\/ld+json\" class=\"yoast-schema-graph\">{\"@context\":\"https:\/\/schema.org\",\"@graph\":[{\"@type\":\"WebPage\",\"@id\":\"https:\/\/www.exchange-data.com\/de\/produkt\/wertpapier-referenzdatei\/\",\"url\":\"https:\/\/www.exchange-data.com\/de\/produkt\/wertpapier-referenzdatei\/\",\"name\":\"Wertpapier-Referenzdaten | Exchange Data International\",\"isPartOf\":{\"@id\":\"https:\/\/www.exchange-data.com\/de\/#website\"},\"primaryImageOfPage\":{\"@id\":\"https:\/\/www.exchange-data.com\/de\/produkt\/wertpapier-referenzdatei\/#primaryimage\"},\"image\":{\"@id\":\"https:\/\/www.exchange-data.com\/de\/produkt\/wertpapier-referenzdatei\/#primaryimage\"},\"thumbnailUrl\":\"https:\/\/www.exchange-data.com\/wp-content\/uploads\/2015\/09\/EDI-Post-Featured-Image-700x400-1.png\",\"datePublished\":\"2019-03-30T19:37:07+00:00\",\"dateModified\":\"2025-08-14T11:03:38+00:00\",\"description\":\"Nutzen Sie hochwertige Wertpapierstammdaten f\u00fcr regulatorische Sicherheit, fundierte Analysen und effektives Portfolio-Management \u2013 mit Daten direkt von der London Stock Exchange.\",\"breadcrumb\":{\"@id\":\"https:\/\/www.exchange-data.com\/de\/produkt\/wertpapier-referenzdatei\/#breadcrumb\"},\"inLanguage\":\"de\",\"potentialAction\":[{\"@type\":\"ReadAction\",\"target\":[\"https:\/\/www.exchange-data.com\/de\/produkt\/wertpapier-referenzdatei\/\"]}]},{\"@type\":\"ImageObject\",\"inLanguage\":\"de\",\"@id\":\"https:\/\/www.exchange-data.com\/de\/produkt\/wertpapier-referenzdatei\/#primaryimage\",\"url\":\"https:\/\/www.exchange-data.com\/wp-content\/uploads\/2015\/09\/EDI-Post-Featured-Image-700x400-1.png\",\"contentUrl\":\"https:\/\/www.exchange-data.com\/wp-content\/uploads\/2015\/09\/EDI-Post-Featured-Image-700x400-1.png\",\"width\":700,\"height\":400,\"caption\":\"Exchange Data International\"},{\"@type\":\"BreadcrumbList\",\"@id\":\"https:\/\/www.exchange-data.com\/de\/produkt\/wertpapier-referenzdatei\/#breadcrumb\",\"itemListElement\":[{\"@type\":\"ListItem\",\"position\":1,\"name\":\"Home\",\"item\":\"https:\/\/www.exchange-data.com\/de\/startseite\/\"},{\"@type\":\"ListItem\",\"position\":2,\"name\":\"Wertpapier-Referenzdatei\"}]},{\"@type\":\"WebSite\",\"@id\":\"https:\/\/www.exchange-data.com\/de\/#website\",\"url\":\"https:\/\/www.exchange-data.com\/de\/\",\"name\":\"Exchange Data International\",\"description\":\"Doing data differently\",\"publisher\":{\"@id\":\"https:\/\/www.exchange-data.com\/de\/#organization\"},\"potentialAction\":[{\"@type\":\"SearchAction\",\"target\":{\"@type\":\"EntryPoint\",\"urlTemplate\":\"https:\/\/www.exchange-data.com\/de\/?s={search_term_string}\"},\"query-input\":{\"@type\":\"PropertyValueSpecification\",\"valueRequired\":true,\"valueName\":\"search_term_string\"}}],\"inLanguage\":\"de\"},{\"@type\":\"Organization\",\"@id\":\"https:\/\/www.exchange-data.com\/de\/#organization\",\"name\":\"Exchange Data International\",\"url\":\"https:\/\/www.exchange-data.com\/de\/\",\"logo\":{\"@type\":\"ImageObject\",\"inLanguage\":\"de\",\"@id\":\"https:\/\/www.exchange-data.com\/de\/#\/schema\/logo\/image\/\",\"url\":\"https:\/\/www.exchange-data.com\/wp-content\/uploads\/2019\/03\/logo3.png\",\"contentUrl\":\"https:\/\/www.exchange-data.com\/wp-content\/uploads\/2019\/03\/logo3.png\",\"width\":200,\"height\":80,\"caption\":\"Exchange Data International\"},\"image\":{\"@id\":\"https:\/\/www.exchange-data.com\/de\/#\/schema\/logo\/image\/\"},\"sameAs\":[\"https:\/\/x.com\/ExchangeData\",\"https:\/\/www.linkedin.com\/company\/exchange-data-international\/?viewAsMember=true\",\"https:\/\/www.youtube.com\/channel\/UC5D1OpUb22YZANRLD_Ktcgg?view_as=subscriber\"]}]}<\/script>\n<!-- \/ Yoast SEO Premium plugin. -->","yoast_head_json":{"title":"Wertpapier-Referenzdaten | Exchange Data International","description":"Nutzen Sie hochwertige Wertpapierstammdaten f\u00fcr regulatorische Sicherheit, fundierte Analysen und effektives Portfolio-Management \u2013 mit Daten direkt von der London Stock Exchange.","robots":{"index":"index","follow":"follow","max-snippet":"max-snippet:-1","max-image-preview":"max-image-preview:large","max-video-preview":"max-video-preview:-1"},"canonical":"https:\/\/www.exchange-data.com\/de\/produkt\/wertpapier-referenzdatei\/","og_locale":"de_DE","og_type":"article","og_title":"Wertpapier-Referenzdatei","og_description":"Verwalten Sie Compliance- und Betriebsrisiken mit hochwertigen Wertpapierreferenzdaten. Greifen Sie auf dynamisch aktualisierte und detaillierte Informationen zu \u00fcber 1.300.000 b\u00f6rsennotierten und nicht b\u00f6rsennotierten Wertpapieren zu, darunter Zertifikate, Aktien, b\u00f6rsengehandelte Fonds (ETFs), Schuldtitel, Indizes, Investmentfonds und Optionsscheine.","og_url":"https:\/\/www.exchange-data.com\/de\/produkt\/wertpapier-referenzdatei\/","og_site_name":"Exchange Data International","article_modified_time":"2025-08-14T11:03:38+00:00","og_image":[{"url":"https:\/\/www.exchange-data.com\/wp-content\/uploads\/2015\/09\/EDI-Post-Featured-Image-700x400-1.png","type":"","width":"","height":""}],"twitter_card":"summary_large_image","twitter_title":"Wertpapier-Referenzdatei","twitter_description":"Verwalten Sie Compliance- und Betriebsrisiken mit hochwertigen Wertpapierreferenzdaten. Greifen Sie auf dynamisch aktualisierte und detaillierte Informationen zu \u00fcber 1.300.000 b\u00f6rsennotierten und nicht b\u00f6rsennotierten Wertpapieren zu, darunter Zertifikate, Aktien, b\u00f6rsengehandelte Fonds (ETFs), Schuldtitel, Indizes, Investmentfonds und Optionsscheine.","twitter_image":"https:\/\/www.exchange-data.com\/wp-content\/uploads\/2015\/09\/EDI-Post-Featured-Image-700x400-1.png","twitter_site":"@ExchangeData","twitter_misc":{"Gesch\u00e4tzte Lesezeit":"2\u00a0Minuten"},"schema":{"@context":"https:\/\/schema.org","@graph":[{"@type":"WebPage","@id":"https:\/\/www.exchange-data.com\/de\/produkt\/wertpapier-referenzdatei\/","url":"https:\/\/www.exchange-data.com\/de\/produkt\/wertpapier-referenzdatei\/","name":"Wertpapier-Referenzdaten | Exchange Data International","isPartOf":{"@id":"https:\/\/www.exchange-data.com\/de\/#website"},"primaryImageOfPage":{"@id":"https:\/\/www.exchange-data.com\/de\/produkt\/wertpapier-referenzdatei\/#primaryimage"},"image":{"@id":"https:\/\/www.exchange-data.com\/de\/produkt\/wertpapier-referenzdatei\/#primaryimage"},"thumbnailUrl":"https:\/\/www.exchange-data.com\/wp-content\/uploads\/2015\/09\/EDI-Post-Featured-Image-700x400-1.png","datePublished":"2019-03-30T19:37:07+00:00","dateModified":"2025-08-14T11:03:38+00:00","description":"Nutzen Sie hochwertige Wertpapierstammdaten f\u00fcr regulatorische Sicherheit, fundierte Analysen und effektives Portfolio-Management \u2013 mit Daten direkt von der London Stock Exchange.","breadcrumb":{"@id":"https:\/\/www.exchange-data.com\/de\/produkt\/wertpapier-referenzdatei\/#breadcrumb"},"inLanguage":"de","potentialAction":[{"@type":"ReadAction","target":["https:\/\/www.exchange-data.com\/de\/produkt\/wertpapier-referenzdatei\/"]}]},{"@type":"ImageObject","inLanguage":"de","@id":"https:\/\/www.exchange-data.com\/de\/produkt\/wertpapier-referenzdatei\/#primaryimage","url":"https:\/\/www.exchange-data.com\/wp-content\/uploads\/2015\/09\/EDI-Post-Featured-Image-700x400-1.png","contentUrl":"https:\/\/www.exchange-data.com\/wp-content\/uploads\/2015\/09\/EDI-Post-Featured-Image-700x400-1.png","width":700,"height":400,"caption":"Exchange Data International"},{"@type":"BreadcrumbList","@id":"https:\/\/www.exchange-data.com\/de\/produkt\/wertpapier-referenzdatei\/#breadcrumb","itemListElement":[{"@type":"ListItem","position":1,"name":"Home","item":"https:\/\/www.exchange-data.com\/de\/startseite\/"},{"@type":"ListItem","position":2,"name":"Wertpapier-Referenzdatei"}]},{"@type":"WebSite","@id":"https:\/\/www.exchange-data.com\/de\/#website","url":"https:\/\/www.exchange-data.com\/de\/","name":"Exchange Data International","description":"Doing data differently","publisher":{"@id":"https:\/\/www.exchange-data.com\/de\/#organization"},"potentialAction":[{"@type":"SearchAction","target":{"@type":"EntryPoint","urlTemplate":"https:\/\/www.exchange-data.com\/de\/?s={search_term_string}"},"query-input":{"@type":"PropertyValueSpecification","valueRequired":true,"valueName":"search_term_string"}}],"inLanguage":"de"},{"@type":"Organization","@id":"https:\/\/www.exchange-data.com\/de\/#organization","name":"Exchange Data International","url":"https:\/\/www.exchange-data.com\/de\/","logo":{"@type":"ImageObject","inLanguage":"de","@id":"https:\/\/www.exchange-data.com\/de\/#\/schema\/logo\/image\/","url":"https:\/\/www.exchange-data.com\/wp-content\/uploads\/2019\/03\/logo3.png","contentUrl":"https:\/\/www.exchange-data.com\/wp-content\/uploads\/2019\/03\/logo3.png","width":200,"height":80,"caption":"Exchange Data International"},"image":{"@id":"https:\/\/www.exchange-data.com\/de\/#\/schema\/logo\/image\/"},"sameAs":["https:\/\/x.com\/ExchangeData","https:\/\/www.linkedin.com\/company\/exchange-data-international\/?viewAsMember=true","https:\/\/www.youtube.com\/channel\/UC5D1OpUb22YZANRLD_Ktcgg?view_as=subscriber"]}]}},"_links":{"self":[{"href":"https:\/\/www.exchange-data.com\/de\/wp-json\/wp\/v2\/product\/35745","targetHints":{"allow":["GET"]}}],"collection":[{"href":"https:\/\/www.exchange-data.com\/de\/wp-json\/wp\/v2\/product"}],"about":[{"href":"https:\/\/www.exchange-data.com\/de\/wp-json\/wp\/v2\/types\/product"}],"wp:featuredmedia":[{"embeddable":true,"href":"https:\/\/www.exchange-data.com\/de\/wp-json\/wp\/v2\/media\/34153"}],"wp:attachment":[{"href":"https:\/\/www.exchange-data.com\/de\/wp-json\/wp\/v2\/media?parent=35745"}],"wp:term":[{"taxonomy":"country","embeddable":true,"href":"https:\/\/www.exchange-data.com\/de\/wp-json\/wp\/v2\/country?post=35745"},{"taxonomy":"product_category","embeddable":true,"href":"https:\/\/www.exchange-data.com\/de\/wp-json\/wp\/v2\/product_category?post=35745"}],"curies":[{"name":"wp","href":"https:\/\/api.w.org\/{rel}","templated":true}]}}