{"id":35747,"date":"2019-03-30T04:40:11","date_gmt":"2019-03-30T03:40:11","guid":{"rendered":"https:\/\/www.exchange-data.com\/product\/weltweit-ausstehende-aktien\/"},"modified":"2025-08-08T12:54:43","modified_gmt":"2025-08-08T11:54:43","slug":"weltweit-ausstehende-aktien","status":"publish","type":"product","link":"https:\/\/www.exchange-data.com\/de\/produkt\/weltweit-ausstehende-aktien\/","title":{"rendered":"Weltweit ausstehende Aktien"},"content":{"rendered":"<p><span style=\"font-weight: 400;\">Die Anzahl der emittierten Aktien \u2013 in der Unternehmensbilanz unter dem Posten \u201eGezeichnetes Kapital\u201c aufgef\u00fchrt \u2013 ist eine zentrale Kennzahl zur Berechnung von Marktkapitalisierung, Gewinn je Aktie (EPS) sowie Beteiligungsquoten f\u00fcr regulatorische Meldepflichten.<\/span><\/p>\n<p><span style=\"font-weight: 400;\">Der weltweite Service zu emittierten Aktien von EDI liefert aktuelle Zahlen aus \u00fcber 100 L\u00e4ndern und unterst\u00fctzt Unternehmen dabei, ihre Kennzahlen effizient und regelkonform zu berechnen \u2013 sei es f\u00fcr B\u00f6rsenanforderungen oder Portfolio-Obergrenzen.<\/span><\/p>\n<h2>Der Service umfasst zwei Datens\u00e4tze:<\/h2>\n<ul>\n<li class=\"p1\"><strong>Offiziell gemeldete emittierte Aktien<\/strong><\/li>\n<li class=\"p1\"><strong>Tagesaktuell angepasste emittierte Aktien<\/strong><\/li>\n<\/ul>\n<p>&nbsp;<\/p>\n<h3>Offiziell gemeldete emittierte Aktien<\/h3>\n<p><span style=\"font-weight: 400;\">EDI erfasst offizielle Zahlen direkt von B\u00f6rsen und Unternehmenswebseiten und stellt diese zeitnah bereit, sobald sie von den offiziellen Quellen ver\u00f6ffentlicht werden. Die Aktualisierungsh\u00e4ufigkeit variiert je nach Markt \u2013 von t\u00e4glich bis j\u00e4hrlich. <\/span><\/p>\n<h4>Tagesaktuelle Anpassungen f\u00fcr pr\u00e4zisere Berechnungen<\/h4>\n<p><span style=\"font-weight: 400;\">Da sich zwischen offiziellen Ver\u00f6ffentlichungen oft Kapitalma\u00dfnahmen ereignen, die die Anzahl der ausstehenden Aktien beeinflussen, bietet EDI zus\u00e4tzlich tagesaktuell angepasste Datenfeeds.<\/span><\/p>\n<h5>Folgende Ereignisse werden bei der Anpassung ber\u00fccksichtigt:<\/h5>\n<div style=\"float: left; width: 33%;\">\n<ul>\n<li><span style=\"font-weight: 400;\">Bonus<\/span><\/li>\n<li><span style=\"font-weight: 400;\">Bezugsrechte<\/span><\/li>\n<li><span style=\"font-weight: 400;\">Aktienr\u00fcckk\u00e4ufe<\/span><\/li>\n<li><span style=\"font-weight: 400;\">Kapitalherabsetzungen<\/span><\/li>\n<\/ul>\n<\/div>\n<div style=\"float: left; width: 33%;\">\n<ul class=\"Evnt2 \">\n<li><span style=\"font-weight: 400;\">Konsolidierung<\/span><\/li>\n<li><span style=\"font-weight: 400;\">Umwandlungen<\/span><\/li>\n<li><span style=\"font-weight: 400;\">Abspaltung<\/span><\/li>\n<li><span style=\"font-weight: 400;\">Divestment<\/span><\/li>\n<\/ul>\n<\/div>\n<div style=\"float: right; width: 33%;\">\n<ul class=\"Evnt2 \">\n<li><span style=\"font-weight: 400;\">Anspruchsberechtigung<\/span><\/li>\n<li><span style=\"font-weight: 400;\">Einl\u00f6sungen<\/span><\/li>\n<li><span style=\"font-weight: 400;\">Rechte<\/span><\/li>\n<li><span style=\"font-weight: 400;\">Unterabteilung<\/span><\/li>\n<\/ul>\n<\/div>\n","protected":false},"featured_media":34153,"template":"","country":[2368,1985,2108,2081,1936,2035,2188,2013,1933,2106,2031,2087,2112,2113,2021,2022,1971,1897,2016,2017,2184,2362,1997,1991,1992,2027,1882,2039,1951,1952,1919,2144,2283,2025,2026,1896,1927,1928,2103,2086,2003,1964,1862,2036,1981,1982,1983,2057,1999,2085,1916,1917,2046,1961,2023,1923,1980,1957,1958,1868,1885,2079,2372,1883,1884,2074,1908,1912,1978,1972,1977,2052,2373,1942,2044,2045,1904,1905,2377,2114,2020,2028,1956,2005,2187,2070,1949,2072,2176,2258,2069,2018,2136,2137,1858,1879,1880,2012,1975,2065,2094,1860,1968,1993,2364,2365,1994,1861,2010,2002,2096,2097,2371,2100,1925,1926,1955,2062,2056,1855,1854,1988,2090,2091,1909,2007,1935,1973,1974,1863,1875,2222,2064,1876,1959,1960,2078,2077,2058,1996,2049,2000,1866,1970,1954,2092,2093,1965,1966,1891,1889,1890,1920,1921,1871,1872,1940,1870,2204,1878,1877,2147,2148,1852,1853,2149,2150,2084,1930,2076,2009,2098,1864,2014,2015,2059,2115,2001,2109,1979,2073,2011,1987,1913,1886,1934,2107,2040,2041,2019,1932,1856,2200,2037,2038,2024,1900,2066,1888,1939,1857,2008,1901,1922,2050,2051,2053,2054,1892,1893,2343,2048,2071,1915,1914,2060,2004,2075,1894,1895,1943,1989,1963,2145,1929,2186,1962,2374,1873,1874,1881,2029,2030,2361,1931,2363,1924,2104,2105,1995,2102,1865,2006,1950,1869,1948,2366,1867,2331,2088,1941,2068,2089,2124,2125,1986,1918,1907,1903,1902,2095,1911,2370,2101,2063,2067,2047,1910,1984,2043,2042,1990,2083,2082,2055,2033,2034,1898,1899,1976,1969,1887,2180,2152,2369,2185,1998,2032,1967,2061,1859,2099,2080,1953,2367,1946,1947],"product_category":[3191,3167],"class_list":["post-35747","product","type-product","status-publish","has-post-thumbnail","hentry","product_category-equity-corporate-actions","product_category-produkte-und-services"],"acf":[],"yoast_head":"<!-- This site is optimized with the Yoast SEO Premium plugin v26.0 (Yoast SEO v26.0) - https:\/\/yoast.com\/wordpress\/plugins\/seo\/ -->\n<title>Weltweit ausstehende Aktien Daten | Exchange Data International<\/title>\n<meta name=\"description\" content=\"Berechnen Sie Beteiligungsquoten und Kapitalisierungswerte zuverl\u00e4ssig mit globalen Daten zu emittierten Aktien \u2013 tagesaktuell angepasst und offiziell gemeldet.\" \/>\n<meta name=\"robots\" content=\"index, follow, max-snippet:-1, max-image-preview:large, max-video-preview:-1\" \/>\n<link rel=\"canonical\" href=\"https:\/\/www.exchange-data.com\/de\/produkt\/weltweit-ausstehende-aktien\/\" \/>\n<meta property=\"og:locale\" content=\"de_DE\" \/>\n<meta property=\"og:type\" content=\"article\" \/>\n<meta property=\"og:title\" content=\"Weltweit ausstehende Aktien\" \/>\n<meta property=\"og:description\" content=\"Die Anzahl der im Umlauf befindlichen Aktien, die in der Unternehmensbilanz unter der Rubrik &quot;Grundkapital&quot; ausgewiesen wird, dient zur Berechnung von Schl\u00fcsselkennzahlen wie Marktkapitalisierung, Gewinn pro Aktie (EPS) und Aktienanteilen f\u00fcr die aufsichtsrechtliche Berichterstattung. Der EDI-Service &quot;Worldwide Shares Outstanding&quot; umfasst zwei Datens\u00e4tze: &quot;Official Shares Outstanding&quot; und &quot;Daily-Adjusted Shares Outstanding&quot;. Der Service &quot;Worldwide Shares Outstanding&quot; liefert aktuelle Zahlen aus \u00fcber 100 L\u00e4ndern weltweit und erm\u00f6glicht es den Unternehmen, effizient Zahlen zu berechnen, um B\u00f6rsenvorschriften oder Portfoliobest\u00e4nde einzuhalten.\" \/>\n<meta property=\"og:url\" content=\"https:\/\/www.exchange-data.com\/de\/produkt\/weltweit-ausstehende-aktien\/\" \/>\n<meta property=\"og:site_name\" content=\"Exchange Data International\" \/>\n<meta property=\"article:modified_time\" content=\"2025-08-08T11:54:43+00:00\" \/>\n<meta property=\"og:image\" content=\"https:\/\/www.exchange-data.com\/wp-content\/uploads\/2015\/09\/EDI-Post-Featured-Image-700x400-1.png\" \/>\n<meta name=\"twitter:card\" content=\"summary_large_image\" \/>\n<meta name=\"twitter:title\" content=\"Weltweit ausstehende Aktien\" \/>\n<meta name=\"twitter:description\" content=\"Die Anzahl der im Umlauf befindlichen Aktien, die in der Unternehmensbilanz unter der Rubrik &quot;Grundkapital&quot; ausgewiesen wird, dient zur Berechnung von Schl\u00fcsselkennzahlen wie Marktkapitalisierung, Gewinn pro Aktie (EPS) und Aktienanteilen f\u00fcr die aufsichtsrechtliche Berichterstattung. Der EDI-Service &quot;Worldwide Shares Outstanding&quot; umfasst zwei Datens\u00e4tze: &quot;Official Shares Outstanding&quot; und &quot;Daily-Adjusted Shares Outstanding&quot;. Der Service &quot;Worldwide Shares Outstanding&quot; liefert aktuelle Zahlen aus \u00fcber 100 L\u00e4ndern weltweit und erm\u00f6glicht es den Unternehmen, effizient Zahlen zu berechnen, um B\u00f6rsenvorschriften oder Portfoliobest\u00e4nde einzuhalten.\" \/>\n<meta name=\"twitter:image\" content=\"https:\/\/www.exchange-data.com\/wp-content\/uploads\/2015\/09\/EDI-Post-Featured-Image-700x400-1.png\" \/>\n<meta name=\"twitter:site\" content=\"@ExchangeData\" \/>\n<meta name=\"twitter:label1\" content=\"Gesch\u00e4tzte Lesezeit\" \/>\n\t<meta name=\"twitter:data1\" content=\"2\u00a0Minuten\" \/>\n<script type=\"application\/ld+json\" class=\"yoast-schema-graph\">{\"@context\":\"https:\/\/schema.org\",\"@graph\":[{\"@type\":\"WebPage\",\"@id\":\"https:\/\/www.exchange-data.com\/de\/produkt\/weltweit-ausstehende-aktien\/\",\"url\":\"https:\/\/www.exchange-data.com\/de\/produkt\/weltweit-ausstehende-aktien\/\",\"name\":\"Weltweit ausstehende Aktien Daten | Exchange Data International\",\"isPartOf\":{\"@id\":\"https:\/\/www.exchange-data.com\/de\/#website\"},\"primaryImageOfPage\":{\"@id\":\"https:\/\/www.exchange-data.com\/de\/produkt\/weltweit-ausstehende-aktien\/#primaryimage\"},\"image\":{\"@id\":\"https:\/\/www.exchange-data.com\/de\/produkt\/weltweit-ausstehende-aktien\/#primaryimage\"},\"thumbnailUrl\":\"https:\/\/www.exchange-data.com\/wp-content\/uploads\/2015\/09\/EDI-Post-Featured-Image-700x400-1.png\",\"datePublished\":\"2019-03-30T03:40:11+00:00\",\"dateModified\":\"2025-08-08T11:54:43+00:00\",\"description\":\"Berechnen Sie Beteiligungsquoten und Kapitalisierungswerte zuverl\u00e4ssig mit globalen Daten zu emittierten Aktien \u2013 tagesaktuell angepasst und offiziell gemeldet.\",\"breadcrumb\":{\"@id\":\"https:\/\/www.exchange-data.com\/de\/produkt\/weltweit-ausstehende-aktien\/#breadcrumb\"},\"inLanguage\":\"de\",\"potentialAction\":[{\"@type\":\"ReadAction\",\"target\":[\"https:\/\/www.exchange-data.com\/de\/produkt\/weltweit-ausstehende-aktien\/\"]}]},{\"@type\":\"ImageObject\",\"inLanguage\":\"de\",\"@id\":\"https:\/\/www.exchange-data.com\/de\/produkt\/weltweit-ausstehende-aktien\/#primaryimage\",\"url\":\"https:\/\/www.exchange-data.com\/wp-content\/uploads\/2015\/09\/EDI-Post-Featured-Image-700x400-1.png\",\"contentUrl\":\"https:\/\/www.exchange-data.com\/wp-content\/uploads\/2015\/09\/EDI-Post-Featured-Image-700x400-1.png\",\"width\":700,\"height\":400,\"caption\":\"Exchange Data International\"},{\"@type\":\"BreadcrumbList\",\"@id\":\"https:\/\/www.exchange-data.com\/de\/produkt\/weltweit-ausstehende-aktien\/#breadcrumb\",\"itemListElement\":[{\"@type\":\"ListItem\",\"position\":1,\"name\":\"Home\",\"item\":\"https:\/\/www.exchange-data.com\/de\/startseite\/\"},{\"@type\":\"ListItem\",\"position\":2,\"name\":\"Weltweit ausstehende Aktien\"}]},{\"@type\":\"WebSite\",\"@id\":\"https:\/\/www.exchange-data.com\/de\/#website\",\"url\":\"https:\/\/www.exchange-data.com\/de\/\",\"name\":\"Exchange Data International\",\"description\":\"Doing data differently\",\"publisher\":{\"@id\":\"https:\/\/www.exchange-data.com\/de\/#organization\"},\"potentialAction\":[{\"@type\":\"SearchAction\",\"target\":{\"@type\":\"EntryPoint\",\"urlTemplate\":\"https:\/\/www.exchange-data.com\/de\/?s={search_term_string}\"},\"query-input\":{\"@type\":\"PropertyValueSpecification\",\"valueRequired\":true,\"valueName\":\"search_term_string\"}}],\"inLanguage\":\"de\"},{\"@type\":\"Organization\",\"@id\":\"https:\/\/www.exchange-data.com\/de\/#organization\",\"name\":\"Exchange Data International\",\"url\":\"https:\/\/www.exchange-data.com\/de\/\",\"logo\":{\"@type\":\"ImageObject\",\"inLanguage\":\"de\",\"@id\":\"https:\/\/www.exchange-data.com\/de\/#\/schema\/logo\/image\/\",\"url\":\"https:\/\/www.exchange-data.com\/wp-content\/uploads\/2019\/03\/logo3.png\",\"contentUrl\":\"https:\/\/www.exchange-data.com\/wp-content\/uploads\/2019\/03\/logo3.png\",\"width\":200,\"height\":80,\"caption\":\"Exchange Data International\"},\"image\":{\"@id\":\"https:\/\/www.exchange-data.com\/de\/#\/schema\/logo\/image\/\"},\"sameAs\":[\"https:\/\/x.com\/ExchangeData\",\"https:\/\/www.linkedin.com\/company\/exchange-data-international\/?viewAsMember=true\",\"https:\/\/www.youtube.com\/channel\/UC5D1OpUb22YZANRLD_Ktcgg?view_as=subscriber\"]}]}<\/script>\n<!-- \/ Yoast SEO Premium plugin. -->","yoast_head_json":{"title":"Weltweit ausstehende Aktien Daten | Exchange Data International","description":"Berechnen Sie Beteiligungsquoten und Kapitalisierungswerte zuverl\u00e4ssig mit globalen Daten zu emittierten Aktien \u2013 tagesaktuell angepasst und offiziell gemeldet.","robots":{"index":"index","follow":"follow","max-snippet":"max-snippet:-1","max-image-preview":"max-image-preview:large","max-video-preview":"max-video-preview:-1"},"canonical":"https:\/\/www.exchange-data.com\/de\/produkt\/weltweit-ausstehende-aktien\/","og_locale":"de_DE","og_type":"article","og_title":"Weltweit ausstehende Aktien","og_description":"Die Anzahl der im Umlauf befindlichen Aktien, die in der Unternehmensbilanz unter der Rubrik \"Grundkapital\" ausgewiesen wird, dient zur Berechnung von Schl\u00fcsselkennzahlen wie Marktkapitalisierung, Gewinn pro Aktie (EPS) und Aktienanteilen f\u00fcr die aufsichtsrechtliche Berichterstattung. Der EDI-Service \"Worldwide Shares Outstanding\" umfasst zwei Datens\u00e4tze: \"Official Shares Outstanding\" und \"Daily-Adjusted Shares Outstanding\". Der Service \"Worldwide Shares Outstanding\" liefert aktuelle Zahlen aus \u00fcber 100 L\u00e4ndern weltweit und erm\u00f6glicht es den Unternehmen, effizient Zahlen zu berechnen, um B\u00f6rsenvorschriften oder Portfoliobest\u00e4nde einzuhalten.","og_url":"https:\/\/www.exchange-data.com\/de\/produkt\/weltweit-ausstehende-aktien\/","og_site_name":"Exchange Data International","article_modified_time":"2025-08-08T11:54:43+00:00","og_image":[{"url":"https:\/\/www.exchange-data.com\/wp-content\/uploads\/2015\/09\/EDI-Post-Featured-Image-700x400-1.png","type":"","width":"","height":""}],"twitter_card":"summary_large_image","twitter_title":"Weltweit ausstehende Aktien","twitter_description":"Die Anzahl der im Umlauf befindlichen Aktien, die in der Unternehmensbilanz unter der Rubrik \"Grundkapital\" ausgewiesen wird, dient zur Berechnung von Schl\u00fcsselkennzahlen wie Marktkapitalisierung, Gewinn pro Aktie (EPS) und Aktienanteilen f\u00fcr die aufsichtsrechtliche Berichterstattung. Der EDI-Service \"Worldwide Shares Outstanding\" umfasst zwei Datens\u00e4tze: \"Official Shares Outstanding\" und \"Daily-Adjusted Shares Outstanding\". Der Service \"Worldwide Shares Outstanding\" liefert aktuelle Zahlen aus \u00fcber 100 L\u00e4ndern weltweit und erm\u00f6glicht es den Unternehmen, effizient Zahlen zu berechnen, um B\u00f6rsenvorschriften oder Portfoliobest\u00e4nde einzuhalten.","twitter_image":"https:\/\/www.exchange-data.com\/wp-content\/uploads\/2015\/09\/EDI-Post-Featured-Image-700x400-1.png","twitter_site":"@ExchangeData","twitter_misc":{"Gesch\u00e4tzte Lesezeit":"2\u00a0Minuten"},"schema":{"@context":"https:\/\/schema.org","@graph":[{"@type":"WebPage","@id":"https:\/\/www.exchange-data.com\/de\/produkt\/weltweit-ausstehende-aktien\/","url":"https:\/\/www.exchange-data.com\/de\/produkt\/weltweit-ausstehende-aktien\/","name":"Weltweit ausstehende Aktien Daten | Exchange Data International","isPartOf":{"@id":"https:\/\/www.exchange-data.com\/de\/#website"},"primaryImageOfPage":{"@id":"https:\/\/www.exchange-data.com\/de\/produkt\/weltweit-ausstehende-aktien\/#primaryimage"},"image":{"@id":"https:\/\/www.exchange-data.com\/de\/produkt\/weltweit-ausstehende-aktien\/#primaryimage"},"thumbnailUrl":"https:\/\/www.exchange-data.com\/wp-content\/uploads\/2015\/09\/EDI-Post-Featured-Image-700x400-1.png","datePublished":"2019-03-30T03:40:11+00:00","dateModified":"2025-08-08T11:54:43+00:00","description":"Berechnen Sie Beteiligungsquoten und Kapitalisierungswerte zuverl\u00e4ssig mit globalen Daten zu emittierten Aktien \u2013 tagesaktuell angepasst und offiziell gemeldet.","breadcrumb":{"@id":"https:\/\/www.exchange-data.com\/de\/produkt\/weltweit-ausstehende-aktien\/#breadcrumb"},"inLanguage":"de","potentialAction":[{"@type":"ReadAction","target":["https:\/\/www.exchange-data.com\/de\/produkt\/weltweit-ausstehende-aktien\/"]}]},{"@type":"ImageObject","inLanguage":"de","@id":"https:\/\/www.exchange-data.com\/de\/produkt\/weltweit-ausstehende-aktien\/#primaryimage","url":"https:\/\/www.exchange-data.com\/wp-content\/uploads\/2015\/09\/EDI-Post-Featured-Image-700x400-1.png","contentUrl":"https:\/\/www.exchange-data.com\/wp-content\/uploads\/2015\/09\/EDI-Post-Featured-Image-700x400-1.png","width":700,"height":400,"caption":"Exchange Data International"},{"@type":"BreadcrumbList","@id":"https:\/\/www.exchange-data.com\/de\/produkt\/weltweit-ausstehende-aktien\/#breadcrumb","itemListElement":[{"@type":"ListItem","position":1,"name":"Home","item":"https:\/\/www.exchange-data.com\/de\/startseite\/"},{"@type":"ListItem","position":2,"name":"Weltweit ausstehende Aktien"}]},{"@type":"WebSite","@id":"https:\/\/www.exchange-data.com\/de\/#website","url":"https:\/\/www.exchange-data.com\/de\/","name":"Exchange Data International","description":"Doing data differently","publisher":{"@id":"https:\/\/www.exchange-data.com\/de\/#organization"},"potentialAction":[{"@type":"SearchAction","target":{"@type":"EntryPoint","urlTemplate":"https:\/\/www.exchange-data.com\/de\/?s={search_term_string}"},"query-input":{"@type":"PropertyValueSpecification","valueRequired":true,"valueName":"search_term_string"}}],"inLanguage":"de"},{"@type":"Organization","@id":"https:\/\/www.exchange-data.com\/de\/#organization","name":"Exchange Data International","url":"https:\/\/www.exchange-data.com\/de\/","logo":{"@type":"ImageObject","inLanguage":"de","@id":"https:\/\/www.exchange-data.com\/de\/#\/schema\/logo\/image\/","url":"https:\/\/www.exchange-data.com\/wp-content\/uploads\/2019\/03\/logo3.png","contentUrl":"https:\/\/www.exchange-data.com\/wp-content\/uploads\/2019\/03\/logo3.png","width":200,"height":80,"caption":"Exchange Data International"},"image":{"@id":"https:\/\/www.exchange-data.com\/de\/#\/schema\/logo\/image\/"},"sameAs":["https:\/\/x.com\/ExchangeData","https:\/\/www.linkedin.com\/company\/exchange-data-international\/?viewAsMember=true","https:\/\/www.youtube.com\/channel\/UC5D1OpUb22YZANRLD_Ktcgg?view_as=subscriber"]}]}},"_links":{"self":[{"href":"https:\/\/www.exchange-data.com\/de\/wp-json\/wp\/v2\/product\/35747","targetHints":{"allow":["GET"]}}],"collection":[{"href":"https:\/\/www.exchange-data.com\/de\/wp-json\/wp\/v2\/product"}],"about":[{"href":"https:\/\/www.exchange-data.com\/de\/wp-json\/wp\/v2\/types\/product"}],"wp:featuredmedia":[{"embeddable":true,"href":"https:\/\/www.exchange-data.com\/de\/wp-json\/wp\/v2\/media\/34153"}],"wp:attachment":[{"href":"https:\/\/www.exchange-data.com\/de\/wp-json\/wp\/v2\/media?parent=35747"}],"wp:term":[{"taxonomy":"country","embeddable":true,"href":"https:\/\/www.exchange-data.com\/de\/wp-json\/wp\/v2\/country?post=35747"},{"taxonomy":"product_category","embeddable":true,"href":"https:\/\/www.exchange-data.com\/de\/wp-json\/wp\/v2\/product_category?post=35747"}],"curies":[{"name":"wp","href":"https:\/\/api.w.org\/{rel}","templated":true}]}}