{"id":35749,"date":"2019-03-29T17:36:44","date_gmt":"2019-03-29T16:36:44","guid":{"rendered":"https:\/\/www.exchange-data.com\/product\/derivactions\/"},"modified":"2025-08-07T13:46:41","modified_gmt":"2025-08-07T12:46:41","slug":"derivactions","status":"publish","type":"product","link":"https:\/\/www.exchange-data.com\/de\/produkt\/derivactions\/","title":{"rendered":"DerivActions"},"content":{"rendered":"<h4>Behalten Sie Unternehmensereignisse, die Futures- und Optionskontrakte betreffen, effizient im Blick.<\/h4>\n<p align=\"justify\"><span style=\"font-weight: 400;\">DerivActions stellt detaillierte Informationen zu Exchange Adjustment Notices in einem standardisierten, maschinenlesbaren Format bereit \u2013 inklusive Verlinkung zur Original-Mitteilung der B\u00f6rse, sofern verf\u00fcgbar.<\/span><\/p>\n<p>&nbsp;<\/p>\n<p align=\"justify\">Dar\u00fcber hinaus generiert DerivActions zwei Feeds, die durch Unternehmensereignisse der zugrunde liegenden Wertpapiere ausgel\u00f6st werden:<\/p>\n<ul>\n<li><b>Corporate Action Alert Feed<\/b> \u2013 Eine Liste aller Emittenten mit Instrumenten, die mit dem betroffenen Basiswert verkn\u00fcpft sind.<\/li>\n<li><b>Derivative Series &amp; Trading Lines <\/b>\u2013 Eine \u00dcbersicht aller Derivatinstrumente, die auf die betroffene Aktie lauten.<\/li>\n<\/ul>\n<p align=\"justify\"><span style=\"font-weight: 400;\">DerivActions ist direkt mit unserem <a href=\"https:\/\/www.exchange-data.com\/product\/worldwide-corporate-actions-data-wca\/\">globalen Corporate-Actions-Dienst<\/a> verkn\u00fcpft und deckt daher s\u00e4mtliche Arten von Unternehmensereignissen ab \u2013 auch solche, die Auswirkungen auf Leerverkaufspositionen haben k\u00f6nnen.<\/span><\/p>\n<p align=\"justify\"><span style=\"font-weight: 400;\">Kunden k\u00f6nnen entweder das vollst\u00e4ndige Universum abonnieren oder die Feeds gezielt auf B\u00f6rsenebene, Root Codes oder bestimmte Basiswerte zuschneiden. Dies erleichtert insbesondere das Monitoring von potenziellen Risiken rund um Leerverkaufspositionen.<\/span><\/p>\n<p>&nbsp;<\/p>\n","protected":false},"featured_media":34153,"template":"","country":[],"product_category":[3170,3167],"class_list":["post-35749","product","type-product","status-publish","has-post-thumbnail","hentry","product_category-derivative-data-short-interest-data-de","product_category-produkte-und-services"],"acf":[],"yoast_head":"<!-- This site is optimized with the Yoast SEO Premium plugin v26.0 (Yoast SEO v26.0) - https:\/\/yoast.com\/wordpress\/plugins\/seo\/ -->\n<title>Unternehmensereignisse &amp; Leerverkaufspositionen effizient \u00fcberwachen | Exchange Data International<\/title>\n<meta name=\"description\" content=\"Mit DerivActions behalten Sie alle Unternehmensma\u00dfnahmen im Blick \u2013 mit Fokus auf Derivate, Handelslinien und Leerverkaufspositionen. Standardisierte Feeds f\u00fcr maximale Effizienz.\" \/>\n<meta name=\"robots\" content=\"index, follow, max-snippet:-1, max-image-preview:large, max-video-preview:-1\" \/>\n<link rel=\"canonical\" href=\"https:\/\/www.exchange-data.com\/de\/produkt\/derivactions\/\" \/>\n<meta property=\"og:locale\" content=\"de_DE\" \/>\n<meta property=\"og:type\" content=\"article\" \/>\n<meta property=\"og:title\" content=\"DerivActions\" \/>\n<meta property=\"og:description\" content=\"DerivActions liefert detaillierte Informationen \u00fcber B\u00f6rsenanpassungsmitteilungen in einem standardisierten, maschinenlesbaren Format mit einem Link zur urspr\u00fcnglichen B\u00f6rsenmitteilung, sofern vorhanden. Dar\u00fcber hinaus generiert DerivActions 2 Feeds, die durch Unternehmensma\u00dfnahmen in Bezug auf das zugrunde liegende Wertpapier ausgel\u00f6st werden.\" \/>\n<meta property=\"og:url\" content=\"https:\/\/www.exchange-data.com\/de\/produkt\/derivactions\/\" \/>\n<meta property=\"og:site_name\" content=\"Exchange Data International\" \/>\n<meta property=\"article:modified_time\" content=\"2025-08-07T12:46:41+00:00\" \/>\n<meta property=\"og:image\" content=\"https:\/\/www.exchange-data.com\/wp-content\/uploads\/2015\/09\/EDI-Post-Featured-Image-700x400-1.png\" \/>\n<meta name=\"twitter:card\" content=\"summary_large_image\" \/>\n<meta name=\"twitter:title\" content=\"DerivActions\" \/>\n<meta name=\"twitter:description\" content=\"DerivActions liefert detaillierte Informationen \u00fcber B\u00f6rsenanpassungsmitteilungen in einem standardisierten, maschinenlesbaren Format mit einem Link zur urspr\u00fcnglichen B\u00f6rsenmitteilung, sofern vorhanden. Dar\u00fcber hinaus generiert DerivActions 2 Feeds, die durch Unternehmensma\u00dfnahmen in Bezug auf das zugrunde liegende Wertpapier ausgel\u00f6st werden.\" \/>\n<meta name=\"twitter:image\" content=\"https:\/\/www.exchange-data.com\/wp-content\/uploads\/2015\/09\/EDI-Post-Featured-Image-700x400-1.png\" \/>\n<meta name=\"twitter:site\" content=\"@ExchangeData\" \/>\n<meta name=\"twitter:label1\" content=\"Gesch\u00e4tzte Lesezeit\" \/>\n\t<meta name=\"twitter:data1\" content=\"1\u00a0Minute\" \/>\n<script type=\"application\/ld+json\" class=\"yoast-schema-graph\">{\"@context\":\"https:\/\/schema.org\",\"@graph\":[{\"@type\":\"WebPage\",\"@id\":\"https:\/\/www.exchange-data.com\/de\/produkt\/derivactions\/\",\"url\":\"https:\/\/www.exchange-data.com\/de\/produkt\/derivactions\/\",\"name\":\"Unternehmensereignisse & Leerverkaufspositionen effizient \u00fcberwachen | Exchange Data International\",\"isPartOf\":{\"@id\":\"https:\/\/www.exchange-data.com\/de\/#website\"},\"primaryImageOfPage\":{\"@id\":\"https:\/\/www.exchange-data.com\/de\/produkt\/derivactions\/#primaryimage\"},\"image\":{\"@id\":\"https:\/\/www.exchange-data.com\/de\/produkt\/derivactions\/#primaryimage\"},\"thumbnailUrl\":\"https:\/\/www.exchange-data.com\/wp-content\/uploads\/2015\/09\/EDI-Post-Featured-Image-700x400-1.png\",\"datePublished\":\"2019-03-29T16:36:44+00:00\",\"dateModified\":\"2025-08-07T12:46:41+00:00\",\"description\":\"Mit DerivActions behalten Sie alle Unternehmensma\u00dfnahmen im Blick \u2013 mit Fokus auf Derivate, Handelslinien und Leerverkaufspositionen. Standardisierte Feeds f\u00fcr maximale Effizienz.\",\"breadcrumb\":{\"@id\":\"https:\/\/www.exchange-data.com\/de\/produkt\/derivactions\/#breadcrumb\"},\"inLanguage\":\"de\",\"potentialAction\":[{\"@type\":\"ReadAction\",\"target\":[\"https:\/\/www.exchange-data.com\/de\/produkt\/derivactions\/\"]}]},{\"@type\":\"ImageObject\",\"inLanguage\":\"de\",\"@id\":\"https:\/\/www.exchange-data.com\/de\/produkt\/derivactions\/#primaryimage\",\"url\":\"https:\/\/www.exchange-data.com\/wp-content\/uploads\/2015\/09\/EDI-Post-Featured-Image-700x400-1.png\",\"contentUrl\":\"https:\/\/www.exchange-data.com\/wp-content\/uploads\/2015\/09\/EDI-Post-Featured-Image-700x400-1.png\",\"width\":700,\"height\":400,\"caption\":\"Exchange Data International\"},{\"@type\":\"BreadcrumbList\",\"@id\":\"https:\/\/www.exchange-data.com\/de\/produkt\/derivactions\/#breadcrumb\",\"itemListElement\":[{\"@type\":\"ListItem\",\"position\":1,\"name\":\"Home\",\"item\":\"https:\/\/www.exchange-data.com\/de\/startseite\/\"},{\"@type\":\"ListItem\",\"position\":2,\"name\":\"DerivActions\"}]},{\"@type\":\"WebSite\",\"@id\":\"https:\/\/www.exchange-data.com\/de\/#website\",\"url\":\"https:\/\/www.exchange-data.com\/de\/\",\"name\":\"Exchange Data International\",\"description\":\"Doing data differently\",\"publisher\":{\"@id\":\"https:\/\/www.exchange-data.com\/de\/#organization\"},\"potentialAction\":[{\"@type\":\"SearchAction\",\"target\":{\"@type\":\"EntryPoint\",\"urlTemplate\":\"https:\/\/www.exchange-data.com\/de\/?s={search_term_string}\"},\"query-input\":{\"@type\":\"PropertyValueSpecification\",\"valueRequired\":true,\"valueName\":\"search_term_string\"}}],\"inLanguage\":\"de\"},{\"@type\":\"Organization\",\"@id\":\"https:\/\/www.exchange-data.com\/de\/#organization\",\"name\":\"Exchange Data International\",\"url\":\"https:\/\/www.exchange-data.com\/de\/\",\"logo\":{\"@type\":\"ImageObject\",\"inLanguage\":\"de\",\"@id\":\"https:\/\/www.exchange-data.com\/de\/#\/schema\/logo\/image\/\",\"url\":\"https:\/\/www.exchange-data.com\/wp-content\/uploads\/2019\/03\/logo3.png\",\"contentUrl\":\"https:\/\/www.exchange-data.com\/wp-content\/uploads\/2019\/03\/logo3.png\",\"width\":200,\"height\":80,\"caption\":\"Exchange Data International\"},\"image\":{\"@id\":\"https:\/\/www.exchange-data.com\/de\/#\/schema\/logo\/image\/\"},\"sameAs\":[\"https:\/\/x.com\/ExchangeData\",\"https:\/\/www.linkedin.com\/company\/exchange-data-international\/?viewAsMember=true\",\"https:\/\/www.youtube.com\/channel\/UC5D1OpUb22YZANRLD_Ktcgg?view_as=subscriber\"]}]}<\/script>\n<!-- \/ Yoast SEO Premium plugin. -->","yoast_head_json":{"title":"Unternehmensereignisse & Leerverkaufspositionen effizient \u00fcberwachen | Exchange Data International","description":"Mit DerivActions behalten Sie alle Unternehmensma\u00dfnahmen im Blick \u2013 mit Fokus auf Derivate, Handelslinien und Leerverkaufspositionen. Standardisierte Feeds f\u00fcr maximale Effizienz.","robots":{"index":"index","follow":"follow","max-snippet":"max-snippet:-1","max-image-preview":"max-image-preview:large","max-video-preview":"max-video-preview:-1"},"canonical":"https:\/\/www.exchange-data.com\/de\/produkt\/derivactions\/","og_locale":"de_DE","og_type":"article","og_title":"DerivActions","og_description":"DerivActions liefert detaillierte Informationen \u00fcber B\u00f6rsenanpassungsmitteilungen in einem standardisierten, maschinenlesbaren Format mit einem Link zur urspr\u00fcnglichen B\u00f6rsenmitteilung, sofern vorhanden. Dar\u00fcber hinaus generiert DerivActions 2 Feeds, die durch Unternehmensma\u00dfnahmen in Bezug auf das zugrunde liegende Wertpapier ausgel\u00f6st werden.","og_url":"https:\/\/www.exchange-data.com\/de\/produkt\/derivactions\/","og_site_name":"Exchange Data International","article_modified_time":"2025-08-07T12:46:41+00:00","og_image":[{"url":"https:\/\/www.exchange-data.com\/wp-content\/uploads\/2015\/09\/EDI-Post-Featured-Image-700x400-1.png","type":"","width":"","height":""}],"twitter_card":"summary_large_image","twitter_title":"DerivActions","twitter_description":"DerivActions liefert detaillierte Informationen \u00fcber B\u00f6rsenanpassungsmitteilungen in einem standardisierten, maschinenlesbaren Format mit einem Link zur urspr\u00fcnglichen B\u00f6rsenmitteilung, sofern vorhanden. Dar\u00fcber hinaus generiert DerivActions 2 Feeds, die durch Unternehmensma\u00dfnahmen in Bezug auf das zugrunde liegende Wertpapier ausgel\u00f6st werden.","twitter_image":"https:\/\/www.exchange-data.com\/wp-content\/uploads\/2015\/09\/EDI-Post-Featured-Image-700x400-1.png","twitter_site":"@ExchangeData","twitter_misc":{"Gesch\u00e4tzte Lesezeit":"1\u00a0Minute"},"schema":{"@context":"https:\/\/schema.org","@graph":[{"@type":"WebPage","@id":"https:\/\/www.exchange-data.com\/de\/produkt\/derivactions\/","url":"https:\/\/www.exchange-data.com\/de\/produkt\/derivactions\/","name":"Unternehmensereignisse & Leerverkaufspositionen effizient \u00fcberwachen | Exchange Data International","isPartOf":{"@id":"https:\/\/www.exchange-data.com\/de\/#website"},"primaryImageOfPage":{"@id":"https:\/\/www.exchange-data.com\/de\/produkt\/derivactions\/#primaryimage"},"image":{"@id":"https:\/\/www.exchange-data.com\/de\/produkt\/derivactions\/#primaryimage"},"thumbnailUrl":"https:\/\/www.exchange-data.com\/wp-content\/uploads\/2015\/09\/EDI-Post-Featured-Image-700x400-1.png","datePublished":"2019-03-29T16:36:44+00:00","dateModified":"2025-08-07T12:46:41+00:00","description":"Mit DerivActions behalten Sie alle Unternehmensma\u00dfnahmen im Blick \u2013 mit Fokus auf Derivate, Handelslinien und Leerverkaufspositionen. Standardisierte Feeds f\u00fcr maximale Effizienz.","breadcrumb":{"@id":"https:\/\/www.exchange-data.com\/de\/produkt\/derivactions\/#breadcrumb"},"inLanguage":"de","potentialAction":[{"@type":"ReadAction","target":["https:\/\/www.exchange-data.com\/de\/produkt\/derivactions\/"]}]},{"@type":"ImageObject","inLanguage":"de","@id":"https:\/\/www.exchange-data.com\/de\/produkt\/derivactions\/#primaryimage","url":"https:\/\/www.exchange-data.com\/wp-content\/uploads\/2015\/09\/EDI-Post-Featured-Image-700x400-1.png","contentUrl":"https:\/\/www.exchange-data.com\/wp-content\/uploads\/2015\/09\/EDI-Post-Featured-Image-700x400-1.png","width":700,"height":400,"caption":"Exchange Data International"},{"@type":"BreadcrumbList","@id":"https:\/\/www.exchange-data.com\/de\/produkt\/derivactions\/#breadcrumb","itemListElement":[{"@type":"ListItem","position":1,"name":"Home","item":"https:\/\/www.exchange-data.com\/de\/startseite\/"},{"@type":"ListItem","position":2,"name":"DerivActions"}]},{"@type":"WebSite","@id":"https:\/\/www.exchange-data.com\/de\/#website","url":"https:\/\/www.exchange-data.com\/de\/","name":"Exchange Data International","description":"Doing data differently","publisher":{"@id":"https:\/\/www.exchange-data.com\/de\/#organization"},"potentialAction":[{"@type":"SearchAction","target":{"@type":"EntryPoint","urlTemplate":"https:\/\/www.exchange-data.com\/de\/?s={search_term_string}"},"query-input":{"@type":"PropertyValueSpecification","valueRequired":true,"valueName":"search_term_string"}}],"inLanguage":"de"},{"@type":"Organization","@id":"https:\/\/www.exchange-data.com\/de\/#organization","name":"Exchange Data International","url":"https:\/\/www.exchange-data.com\/de\/","logo":{"@type":"ImageObject","inLanguage":"de","@id":"https:\/\/www.exchange-data.com\/de\/#\/schema\/logo\/image\/","url":"https:\/\/www.exchange-data.com\/wp-content\/uploads\/2019\/03\/logo3.png","contentUrl":"https:\/\/www.exchange-data.com\/wp-content\/uploads\/2019\/03\/logo3.png","width":200,"height":80,"caption":"Exchange Data International"},"image":{"@id":"https:\/\/www.exchange-data.com\/de\/#\/schema\/logo\/image\/"},"sameAs":["https:\/\/x.com\/ExchangeData","https:\/\/www.linkedin.com\/company\/exchange-data-international\/?viewAsMember=true","https:\/\/www.youtube.com\/channel\/UC5D1OpUb22YZANRLD_Ktcgg?view_as=subscriber"]}]}},"_links":{"self":[{"href":"https:\/\/www.exchange-data.com\/de\/wp-json\/wp\/v2\/product\/35749","targetHints":{"allow":["GET"]}}],"collection":[{"href":"https:\/\/www.exchange-data.com\/de\/wp-json\/wp\/v2\/product"}],"about":[{"href":"https:\/\/www.exchange-data.com\/de\/wp-json\/wp\/v2\/types\/product"}],"wp:featuredmedia":[{"embeddable":true,"href":"https:\/\/www.exchange-data.com\/de\/wp-json\/wp\/v2\/media\/34153"}],"wp:attachment":[{"href":"https:\/\/www.exchange-data.com\/de\/wp-json\/wp\/v2\/media?parent=35749"}],"wp:term":[{"taxonomy":"country","embeddable":true,"href":"https:\/\/www.exchange-data.com\/de\/wp-json\/wp\/v2\/country?post=35749"},{"taxonomy":"product_category","embeddable":true,"href":"https:\/\/www.exchange-data.com\/de\/wp-json\/wp\/v2\/product_category?post=35749"}],"curies":[{"name":"wp","href":"https:\/\/api.w.org\/{rel}","templated":true}]}}