{"id":35750,"date":"2019-03-29T17:31:59","date_gmt":"2019-03-29T16:31:59","guid":{"rendered":"https:\/\/www.exchange-data.com\/product\/weltmarkt-und-feiertage\/"},"modified":"2025-08-14T12:05:41","modified_gmt":"2025-08-14T11:05:41","slug":"weltmarkt-und-feiertage","status":"publish","type":"product","link":"https:\/\/www.exchange-data.com\/de\/produkt\/weltmarkt-und-feiertage\/","title":{"rendered":"Globale Markt- und Feiertage"},"content":{"rendered":"<h2>Profitieren Sie von pr\u00e4zisen und aktuellen Daten zu globalen Markt- und Feiertagen<\/h2>\n<p><span style=\"font-weight: 400;\">Der Service f\u00fcr globale Markt- und Feiertage ist in f\u00fcnf Module unterteilt und liefert zuverl\u00e4ssige Informationen zu Feiertagsregelungen, die Finanzinstitute betreffen \u2013 darunter B\u00f6rsen und Handelspl\u00e4tze, Clearingstellen, Banken, Bankclearing sowie Devisenh\u00e4ndler. Auch Uhrzeiten sind enthalten.<\/span><\/p>\n<p><span style=\"font-weight: 400;\">Zus\u00e4tzlich bietet der Service Informationen zu Feiertagen auf nationaler, regionaler, kommunaler und lokaler Ebene \u2013 einschlie\u00dflich Kategorien wie Staat, Bezirk oder Stadt.<\/span><\/p>\n<p><span style=\"font-weight: 400;\">Dank detaillierter Hinweise zu Abwicklung und Institution k\u00f6nnen Unternehmen automatisch den n\u00e4chsten Handelstag nach einem Feiertag bestimmen.<\/span><\/p>\n<p><span style=\"font-weight: 400;\">Abonnenten des Online-Dienstes k\u00f6nnen die B\u00f6rsenfeiertage des aktuellen Monats bequem einsehen und t\u00e4gliche E-Mail-Benachrichtigungen mit aktuellen \u00c4nderungen einrichten.<\/span><\/p>\n<p><span style=\"font-weight: 400;\">Mit diesem Service ersetzt EDI zeitaufwendige manuelle Prozesse zur Erfassung von Feiertagsdaten durch eine elektronische und effiziente L\u00f6sung \u2013 ideal zur Planung und Steuerung internationaler Marktaktivit\u00e4ten im Hinblick auf B\u00f6rsenfeiertage und deren Auswirkungen.<\/span><\/p>\n","protected":false},"featured_media":34153,"template":"","country":[2368,2108,2081,2138,2139,1936,2035,2122,2143,2013,1933,2106,2031,2087,2112,2113,2021,2022,2016,2017,1997,1991,1992,2027,1951,1952,1919,2144,2283,2025,2026,1896,1927,1928,2103,2086,2003,1862,2036,2132,2133,2118,1983,2057,2116,2117,1999,2085,1916,1917,2046,1961,2023,1923,1868,2079,2372,2074,1912,2128,2129,2119,2052,2373,2131,1942,2114,2020,2028,2005,2070,2259,2260,1949,2072,2258,2069,2018,2136,2137,1858,1879,1880,2348,2349,2012,2375,1944,1945,2065,2094,1860,1993,1994,1861,2010,2002,2096,2097,2100,1925,1926,2062,2056,1855,1854,1988,2090,2091,1909,2007,1935,1863,2288,1875,2064,1876,1937,1938,2078,2077,2058,1996,2126,2127,2049,2000,1866,1954,2092,2093,1920,1921,1871,1872,1940,1870,1878,1877,2147,2148,1852,1853,2149,2150,2141,2084,1930,2134,2135,2076,2009,2098,2146,1864,2014,2015,2059,2115,2001,2109,2073,2011,1987,2123,1913,2376,1934,2107,2040,2041,2019,1932,1856,2200,2037,2038,2024,1939,1857,2008,1922,2050,2051,2053,2054,2142,2048,2071,1915,1914,2060,2004,2075,1943,1989,1963,2262,2145,1929,2186,2110,2193,2111,2374,1873,1874,2029,2030,1931,1924,2104,2105,1995,2102,1865,2006,1950,1869,1948,1867,2130,2331,2088,1941,2068,2089,2124,2125,1986,1918,1902,2095,1911,2101,2063,2067,2047,1910,2043,2042,1990,2083,2082,2055,2033,2034,1898,1976,1969,1887,2140,2185,1998,2032,1967,2061,1859,2099,2080,1953,2367,1946,1947],"product_category":[3167,3166],"class_list":["post-35750","product","type-product","status-publish","has-post-thumbnail","hentry","product_category-produkte-und-services","product_category-referenzdaten-de-edi-products-services-de"],"acf":[],"yoast_head":"<!-- This site is optimized with the Yoast SEO Premium plugin v26.0 (Yoast SEO v26.0) - https:\/\/yoast.com\/wordpress\/plugins\/seo\/ -->\n<title>Globale Markt- und Feiertage Daten | Exchange Data International<\/title>\n<meta name=\"description\" content=\"Aktuelle Daten zu B\u00f6rsenfeiertagen und Bankfeiertagen weltweit \u2013 f\u00fcr Clearing, Handel, W\u00e4hrungen und mehr. Jetzt effizient und automatisch mit EDI verwalten.\" \/>\n<meta name=\"robots\" content=\"index, follow, max-snippet:-1, max-image-preview:large, max-video-preview:-1\" \/>\n<link rel=\"canonical\" href=\"https:\/\/www.exchange-data.com\/de\/produkt\/weltmarkt-und-feiertage\/\" \/>\n<meta property=\"og:locale\" content=\"de_DE\" \/>\n<meta property=\"og:type\" content=\"article\" \/>\n<meta property=\"og:title\" content=\"Feiertage und Uhrzeiten f\u00fcr den Weltmarkt\" \/>\n<meta property=\"og:description\" content=\"Der Service &quot;Global Market Holidays and Timings&quot; ist in 5 Produkte unterteilt und bietet genaue Informationen \u00fcber Feiertage, die Finanzinstitutionen wie B\u00f6rsen, Banken, Abwickler und Devisenh\u00e4ndler betreffen. Mit Hilfe der detaillierten Abwicklungs- und Institutionshinweise k\u00f6nnen Firmen automatisch den n\u00e4chsten Handelstag nach einem institutionellen Feiertag berechnen. Die Abonnenten des Online-Dienstes k\u00f6nnen die Feiertage f\u00fcr den laufenden Monat leicht einsehen und t\u00e4gliche E-Mail-Benachrichtigungen einrichten, um aktuelle Informationen zu erhalten. Mit diesem Angebot erm\u00f6glicht EDI den Marktteilnehmern, veraltete, manuelle und zeitaufw\u00e4ndige Datenerfassungsprozesse durch eine elektronische Alternative zu ersetzen.\" \/>\n<meta property=\"og:url\" content=\"https:\/\/www.exchange-data.com\/de\/produkt\/weltmarkt-und-feiertage\/\" \/>\n<meta property=\"og:site_name\" content=\"Exchange Data International\" \/>\n<meta property=\"article:modified_time\" content=\"2025-08-14T11:05:41+00:00\" \/>\n<meta property=\"og:image\" content=\"https:\/\/www.exchange-data.com\/wp-content\/uploads\/2015\/09\/EDI-Post-Featured-Image-700x400-1.png\" \/>\n<meta name=\"twitter:card\" content=\"summary_large_image\" \/>\n<meta name=\"twitter:title\" content=\"Feiertage und Uhrzeiten f\u00fcr den Weltmarkt\" \/>\n<meta name=\"twitter:description\" content=\"Der Service &quot;Global Market Holidays and Timings&quot; ist in 5 Produkte unterteilt und bietet genaue Informationen \u00fcber Feiertage, die Finanzinstitutionen wie B\u00f6rsen, Banken, Abwickler und Devisenh\u00e4ndler betreffen. Mit Hilfe der detaillierten Abwicklungs- und Institutionshinweise k\u00f6nnen Firmen automatisch den n\u00e4chsten Handelstag nach einem institutionellen Feiertag berechnen. Die Abonnenten des Online-Dienstes k\u00f6nnen die Feiertage f\u00fcr den laufenden Monat leicht einsehen und t\u00e4gliche E-Mail-Benachrichtigungen einrichten, um aktuelle Informationen zu erhalten. Mit diesem Angebot erm\u00f6glicht EDI den Marktteilnehmern, veraltete, manuelle und zeitaufw\u00e4ndige Datenerfassungsprozesse durch eine elektronische Alternative zu ersetzen.\" \/>\n<meta name=\"twitter:image\" content=\"https:\/\/www.exchange-data.com\/wp-content\/uploads\/2015\/09\/EDI-Post-Featured-Image-700x400-1.png\" \/>\n<meta name=\"twitter:site\" content=\"@ExchangeData\" \/>\n<meta name=\"twitter:label1\" content=\"Gesch\u00e4tzte Lesezeit\" \/>\n\t<meta name=\"twitter:data1\" content=\"1\u00a0Minute\" \/>\n<script type=\"application\/ld+json\" class=\"yoast-schema-graph\">{\"@context\":\"https:\/\/schema.org\",\"@graph\":[{\"@type\":\"WebPage\",\"@id\":\"https:\/\/www.exchange-data.com\/de\/produkt\/weltmarkt-und-feiertage\/\",\"url\":\"https:\/\/www.exchange-data.com\/de\/produkt\/weltmarkt-und-feiertage\/\",\"name\":\"Globale Markt- und Feiertage Daten | Exchange Data International\",\"isPartOf\":{\"@id\":\"https:\/\/www.exchange-data.com\/de\/#website\"},\"primaryImageOfPage\":{\"@id\":\"https:\/\/www.exchange-data.com\/de\/produkt\/weltmarkt-und-feiertage\/#primaryimage\"},\"image\":{\"@id\":\"https:\/\/www.exchange-data.com\/de\/produkt\/weltmarkt-und-feiertage\/#primaryimage\"},\"thumbnailUrl\":\"https:\/\/www.exchange-data.com\/wp-content\/uploads\/2015\/09\/EDI-Post-Featured-Image-700x400-1.png\",\"datePublished\":\"2019-03-29T16:31:59+00:00\",\"dateModified\":\"2025-08-14T11:05:41+00:00\",\"description\":\"Aktuelle Daten zu B\u00f6rsenfeiertagen und Bankfeiertagen weltweit \u2013 f\u00fcr Clearing, Handel, W\u00e4hrungen und mehr. Jetzt effizient und automatisch mit EDI verwalten.\",\"breadcrumb\":{\"@id\":\"https:\/\/www.exchange-data.com\/de\/produkt\/weltmarkt-und-feiertage\/#breadcrumb\"},\"inLanguage\":\"de\",\"potentialAction\":[{\"@type\":\"ReadAction\",\"target\":[\"https:\/\/www.exchange-data.com\/de\/produkt\/weltmarkt-und-feiertage\/\"]}]},{\"@type\":\"ImageObject\",\"inLanguage\":\"de\",\"@id\":\"https:\/\/www.exchange-data.com\/de\/produkt\/weltmarkt-und-feiertage\/#primaryimage\",\"url\":\"https:\/\/www.exchange-data.com\/wp-content\/uploads\/2015\/09\/EDI-Post-Featured-Image-700x400-1.png\",\"contentUrl\":\"https:\/\/www.exchange-data.com\/wp-content\/uploads\/2015\/09\/EDI-Post-Featured-Image-700x400-1.png\",\"width\":700,\"height\":400,\"caption\":\"Exchange Data International\"},{\"@type\":\"BreadcrumbList\",\"@id\":\"https:\/\/www.exchange-data.com\/de\/produkt\/weltmarkt-und-feiertage\/#breadcrumb\",\"itemListElement\":[{\"@type\":\"ListItem\",\"position\":1,\"name\":\"Home\",\"item\":\"https:\/\/www.exchange-data.com\/de\/startseite\/\"},{\"@type\":\"ListItem\",\"position\":2,\"name\":\"Globale Markt- und Feiertage\"}]},{\"@type\":\"WebSite\",\"@id\":\"https:\/\/www.exchange-data.com\/de\/#website\",\"url\":\"https:\/\/www.exchange-data.com\/de\/\",\"name\":\"Exchange Data International\",\"description\":\"Doing data differently\",\"publisher\":{\"@id\":\"https:\/\/www.exchange-data.com\/de\/#organization\"},\"potentialAction\":[{\"@type\":\"SearchAction\",\"target\":{\"@type\":\"EntryPoint\",\"urlTemplate\":\"https:\/\/www.exchange-data.com\/de\/?s={search_term_string}\"},\"query-input\":{\"@type\":\"PropertyValueSpecification\",\"valueRequired\":true,\"valueName\":\"search_term_string\"}}],\"inLanguage\":\"de\"},{\"@type\":\"Organization\",\"@id\":\"https:\/\/www.exchange-data.com\/de\/#organization\",\"name\":\"Exchange Data International\",\"url\":\"https:\/\/www.exchange-data.com\/de\/\",\"logo\":{\"@type\":\"ImageObject\",\"inLanguage\":\"de\",\"@id\":\"https:\/\/www.exchange-data.com\/de\/#\/schema\/logo\/image\/\",\"url\":\"https:\/\/www.exchange-data.com\/wp-content\/uploads\/2019\/03\/logo3.png\",\"contentUrl\":\"https:\/\/www.exchange-data.com\/wp-content\/uploads\/2019\/03\/logo3.png\",\"width\":200,\"height\":80,\"caption\":\"Exchange Data International\"},\"image\":{\"@id\":\"https:\/\/www.exchange-data.com\/de\/#\/schema\/logo\/image\/\"},\"sameAs\":[\"https:\/\/x.com\/ExchangeData\",\"https:\/\/www.linkedin.com\/company\/exchange-data-international\/?viewAsMember=true\",\"https:\/\/www.youtube.com\/channel\/UC5D1OpUb22YZANRLD_Ktcgg?view_as=subscriber\"]}]}<\/script>\n<!-- \/ Yoast SEO Premium plugin. -->","yoast_head_json":{"title":"Globale Markt- und Feiertage Daten | Exchange Data International","description":"Aktuelle Daten zu B\u00f6rsenfeiertagen und Bankfeiertagen weltweit \u2013 f\u00fcr Clearing, Handel, W\u00e4hrungen und mehr. Jetzt effizient und automatisch mit EDI verwalten.","robots":{"index":"index","follow":"follow","max-snippet":"max-snippet:-1","max-image-preview":"max-image-preview:large","max-video-preview":"max-video-preview:-1"},"canonical":"https:\/\/www.exchange-data.com\/de\/produkt\/weltmarkt-und-feiertage\/","og_locale":"de_DE","og_type":"article","og_title":"Feiertage und Uhrzeiten f\u00fcr den Weltmarkt","og_description":"Der Service \"Global Market Holidays and Timings\" ist in 5 Produkte unterteilt und bietet genaue Informationen \u00fcber Feiertage, die Finanzinstitutionen wie B\u00f6rsen, Banken, Abwickler und Devisenh\u00e4ndler betreffen. Mit Hilfe der detaillierten Abwicklungs- und Institutionshinweise k\u00f6nnen Firmen automatisch den n\u00e4chsten Handelstag nach einem institutionellen Feiertag berechnen. Die Abonnenten des Online-Dienstes k\u00f6nnen die Feiertage f\u00fcr den laufenden Monat leicht einsehen und t\u00e4gliche E-Mail-Benachrichtigungen einrichten, um aktuelle Informationen zu erhalten. Mit diesem Angebot erm\u00f6glicht EDI den Marktteilnehmern, veraltete, manuelle und zeitaufw\u00e4ndige Datenerfassungsprozesse durch eine elektronische Alternative zu ersetzen.","og_url":"https:\/\/www.exchange-data.com\/de\/produkt\/weltmarkt-und-feiertage\/","og_site_name":"Exchange Data International","article_modified_time":"2025-08-14T11:05:41+00:00","og_image":[{"url":"https:\/\/www.exchange-data.com\/wp-content\/uploads\/2015\/09\/EDI-Post-Featured-Image-700x400-1.png","type":"","width":"","height":""}],"twitter_card":"summary_large_image","twitter_title":"Feiertage und Uhrzeiten f\u00fcr den Weltmarkt","twitter_description":"Der Service \"Global Market Holidays and Timings\" ist in 5 Produkte unterteilt und bietet genaue Informationen \u00fcber Feiertage, die Finanzinstitutionen wie B\u00f6rsen, Banken, Abwickler und Devisenh\u00e4ndler betreffen. Mit Hilfe der detaillierten Abwicklungs- und Institutionshinweise k\u00f6nnen Firmen automatisch den n\u00e4chsten Handelstag nach einem institutionellen Feiertag berechnen. Die Abonnenten des Online-Dienstes k\u00f6nnen die Feiertage f\u00fcr den laufenden Monat leicht einsehen und t\u00e4gliche E-Mail-Benachrichtigungen einrichten, um aktuelle Informationen zu erhalten. Mit diesem Angebot erm\u00f6glicht EDI den Marktteilnehmern, veraltete, manuelle und zeitaufw\u00e4ndige Datenerfassungsprozesse durch eine elektronische Alternative zu ersetzen.","twitter_image":"https:\/\/www.exchange-data.com\/wp-content\/uploads\/2015\/09\/EDI-Post-Featured-Image-700x400-1.png","twitter_site":"@ExchangeData","twitter_misc":{"Gesch\u00e4tzte Lesezeit":"1\u00a0Minute"},"schema":{"@context":"https:\/\/schema.org","@graph":[{"@type":"WebPage","@id":"https:\/\/www.exchange-data.com\/de\/produkt\/weltmarkt-und-feiertage\/","url":"https:\/\/www.exchange-data.com\/de\/produkt\/weltmarkt-und-feiertage\/","name":"Globale Markt- und Feiertage Daten | Exchange Data International","isPartOf":{"@id":"https:\/\/www.exchange-data.com\/de\/#website"},"primaryImageOfPage":{"@id":"https:\/\/www.exchange-data.com\/de\/produkt\/weltmarkt-und-feiertage\/#primaryimage"},"image":{"@id":"https:\/\/www.exchange-data.com\/de\/produkt\/weltmarkt-und-feiertage\/#primaryimage"},"thumbnailUrl":"https:\/\/www.exchange-data.com\/wp-content\/uploads\/2015\/09\/EDI-Post-Featured-Image-700x400-1.png","datePublished":"2019-03-29T16:31:59+00:00","dateModified":"2025-08-14T11:05:41+00:00","description":"Aktuelle Daten zu B\u00f6rsenfeiertagen und Bankfeiertagen weltweit \u2013 f\u00fcr Clearing, Handel, W\u00e4hrungen und mehr. Jetzt effizient und automatisch mit EDI verwalten.","breadcrumb":{"@id":"https:\/\/www.exchange-data.com\/de\/produkt\/weltmarkt-und-feiertage\/#breadcrumb"},"inLanguage":"de","potentialAction":[{"@type":"ReadAction","target":["https:\/\/www.exchange-data.com\/de\/produkt\/weltmarkt-und-feiertage\/"]}]},{"@type":"ImageObject","inLanguage":"de","@id":"https:\/\/www.exchange-data.com\/de\/produkt\/weltmarkt-und-feiertage\/#primaryimage","url":"https:\/\/www.exchange-data.com\/wp-content\/uploads\/2015\/09\/EDI-Post-Featured-Image-700x400-1.png","contentUrl":"https:\/\/www.exchange-data.com\/wp-content\/uploads\/2015\/09\/EDI-Post-Featured-Image-700x400-1.png","width":700,"height":400,"caption":"Exchange Data International"},{"@type":"BreadcrumbList","@id":"https:\/\/www.exchange-data.com\/de\/produkt\/weltmarkt-und-feiertage\/#breadcrumb","itemListElement":[{"@type":"ListItem","position":1,"name":"Home","item":"https:\/\/www.exchange-data.com\/de\/startseite\/"},{"@type":"ListItem","position":2,"name":"Globale Markt- und Feiertage"}]},{"@type":"WebSite","@id":"https:\/\/www.exchange-data.com\/de\/#website","url":"https:\/\/www.exchange-data.com\/de\/","name":"Exchange Data International","description":"Doing data differently","publisher":{"@id":"https:\/\/www.exchange-data.com\/de\/#organization"},"potentialAction":[{"@type":"SearchAction","target":{"@type":"EntryPoint","urlTemplate":"https:\/\/www.exchange-data.com\/de\/?s={search_term_string}"},"query-input":{"@type":"PropertyValueSpecification","valueRequired":true,"valueName":"search_term_string"}}],"inLanguage":"de"},{"@type":"Organization","@id":"https:\/\/www.exchange-data.com\/de\/#organization","name":"Exchange Data International","url":"https:\/\/www.exchange-data.com\/de\/","logo":{"@type":"ImageObject","inLanguage":"de","@id":"https:\/\/www.exchange-data.com\/de\/#\/schema\/logo\/image\/","url":"https:\/\/www.exchange-data.com\/wp-content\/uploads\/2019\/03\/logo3.png","contentUrl":"https:\/\/www.exchange-data.com\/wp-content\/uploads\/2019\/03\/logo3.png","width":200,"height":80,"caption":"Exchange Data International"},"image":{"@id":"https:\/\/www.exchange-data.com\/de\/#\/schema\/logo\/image\/"},"sameAs":["https:\/\/x.com\/ExchangeData","https:\/\/www.linkedin.com\/company\/exchange-data-international\/?viewAsMember=true","https:\/\/www.youtube.com\/channel\/UC5D1OpUb22YZANRLD_Ktcgg?view_as=subscriber"]}]}},"_links":{"self":[{"href":"https:\/\/www.exchange-data.com\/de\/wp-json\/wp\/v2\/product\/35750","targetHints":{"allow":["GET"]}}],"collection":[{"href":"https:\/\/www.exchange-data.com\/de\/wp-json\/wp\/v2\/product"}],"about":[{"href":"https:\/\/www.exchange-data.com\/de\/wp-json\/wp\/v2\/types\/product"}],"wp:featuredmedia":[{"embeddable":true,"href":"https:\/\/www.exchange-data.com\/de\/wp-json\/wp\/v2\/media\/34153"}],"wp:attachment":[{"href":"https:\/\/www.exchange-data.com\/de\/wp-json\/wp\/v2\/media?parent=35750"}],"wp:term":[{"taxonomy":"country","embeddable":true,"href":"https:\/\/www.exchange-data.com\/de\/wp-json\/wp\/v2\/country?post=35750"},{"taxonomy":"product_category","embeddable":true,"href":"https:\/\/www.exchange-data.com\/de\/wp-json\/wp\/v2\/product_category?post=35750"}],"curies":[{"name":"wp","href":"https:\/\/api.w.org\/{rel}","templated":true}]}}